{"id":21551,"date":"2016-06-07T14:54:16","date_gmt":"2016-06-07T12:54:16","guid":{"rendered":"https:\/\/ajatutaja.com\/izdelek\/nastavek-peach-za-cupholder-in-parasol\/"},"modified":"2026-03-04T19:35:30","modified_gmt":"2026-03-04T18:35:30","slug":"nastavek-peach-za-cupholder-in-parasol","status":"publish","type":"product","link":"https:\/\/ajatutaja.com\/hr\/proizvod\/nastavek-peach-za-cupholder-in-parasol\/","title":{"rendered":"Nastavek Peach za Cupholder in Parasol"},"content":{"rendered":"<p>[vc_row][vc_column][vc_column_text]iCandy Peach nastavek omogo\u010da namestitev sen\u010dnika in dr\u017eala za stekleni\u010dke na ogrodje vozi\u010dka Peach.[\/vc_column_text][\/vc_column][\/vc_row]<\/p>\n","protected":false},"excerpt":{"rendered":"<p style=\"text-align: justify\">iCandy Clip omogo\u010da namestitev dr\u017eala za pija\u010do Cupholder in sen\u010dnika iCandy Parasol na ogrodje vozi\u010dka iCandy Peach z enim samim klikom.<\/p>\n","protected":false},"featured_media":21552,"template":"","meta":[],"pwb-brand":[2377,2374],"product_brand":[],"product_cat":[2370,2360],"product_tag":[4181,4183],"class_list":{"0":"post-21551","1":"product","2":"type-product","3":"status-publish","4":"has-post-thumbnail","6":"pwb-brand-icandy","7":"pwb-brand-vozicki","8":"product_cat-dodatna-oprema-vozicki","9":"product_cat-vozicki","10":"product_tag-icandy","11":"product_tag-icandy-new-peach","13":"first","14":"onbackorder","15":"taxable","16":"shipping-taxable","17":"purchasable","18":"product-type-simple","19":"add-to-wishlist-before_image"},"yoast_head":"<!-- This site is optimized with the Yoast SEO plugin v27.3 - https:\/\/yoast.com\/product\/yoast-seo-wordpress\/ -->\n<title>Nastavek Peach za Cupholder in Parasol | Ajatutaja<\/title>\n<meta name=\"description\" content=\"iCandy Clip omogo\u010da namestitev dr\u017eala za pija\u010do Cupholder in sen\u010dnika iCandy Parasol na ogrodje vozi\u010dka iCandy Peach z enim samim klikom.\" \/>\n<meta name=\"robots\" content=\"index, follow, max-snippet:-1, max-image-preview:large, max-video-preview:-1\" \/>\n<link rel=\"canonical\" href=\"https:\/\/ajatutaja.com\/izdelek\/nastavek-peach-za-cupholder-in-parasol\/\" \/>\n<meta property=\"og:locale\" content=\"hr_HR\" \/>\n<meta property=\"og:type\" content=\"article\" \/>\n<meta property=\"og:title\" content=\"Nastavek Peach za Cupholder in Parasol | Ajatutaja\" \/>\n<meta property=\"og:description\" content=\"iCandy Clip omogo\u010da namestitev dr\u017eala za pija\u010do Cupholder in sen\u010dnika iCandy Parasol na ogrodje vozi\u010dka iCandy Peach z enim samim klikom.\" \/>\n<meta property=\"og:url\" content=\"https:\/\/ajatutaja.com\/izdelek\/nastavek-peach-za-cupholder-in-parasol\/\" \/>\n<meta property=\"og:site_name\" content=\"Ajatutaja\" \/>\n<meta property=\"article:modified_time\" content=\"2026-03-04T18:35:30+00:00\" \/>\n<meta property=\"og:image\" content=\"https:\/\/ajatutaja.com\/wp-content\/uploads\/2021\/11\/Clip_icandy.png\" \/>\n\t<meta property=\"og:image:width\" content=\"435\" \/>\n\t<meta property=\"og:image:height\" content=\"435\" \/>\n\t<meta property=\"og:image:type\" content=\"image\/png\" \/>\n<meta name=\"twitter:card\" content=\"summary_large_image\" \/>\n<script type=\"application\/ld+json\" class=\"yoast-schema-graph\">{\"@context\":\"https:\\\/\\\/schema.org\",\"@graph\":[{\"@type\":\"WebPage\",\"@id\":\"https:\\\/\\\/ajatutaja.com\\\/izdelek\\\/nastavek-peach-za-cupholder-in-parasol\\\/\",\"url\":\"https:\\\/\\\/ajatutaja.com\\\/izdelek\\\/nastavek-peach-za-cupholder-in-parasol\\\/\",\"name\":\"Nastavek Peach za Cupholder in Parasol | Ajatutaja\",\"isPartOf\":{\"@id\":\"https:\\\/\\\/ajatutaja.com\\\/#website\"},\"primaryImageOfPage\":{\"@id\":\"https:\\\/\\\/ajatutaja.com\\\/izdelek\\\/nastavek-peach-za-cupholder-in-parasol\\\/#primaryimage\"},\"image\":{\"@id\":\"https:\\\/\\\/ajatutaja.com\\\/izdelek\\\/nastavek-peach-za-cupholder-in-parasol\\\/#primaryimage\"},\"thumbnailUrl\":\"https:\\\/\\\/ajatutaja.com\\\/wp-content\\\/uploads\\\/2021\\\/11\\\/Clip_icandy.png\",\"datePublished\":\"2016-06-07T12:54:16+00:00\",\"dateModified\":\"2026-03-04T18:35:30+00:00\",\"description\":\"iCandy Clip omogo\u010da namestitev dr\u017eala za pija\u010do Cupholder in sen\u010dnika iCandy Parasol na ogrodje vozi\u010dka iCandy Peach z enim samim klikom.\",\"breadcrumb\":{\"@id\":\"https:\\\/\\\/ajatutaja.com\\\/izdelek\\\/nastavek-peach-za-cupholder-in-parasol\\\/#breadcrumb\"},\"inLanguage\":\"hr\",\"potentialAction\":[{\"@type\":\"ReadAction\",\"target\":[\"https:\\\/\\\/ajatutaja.com\\\/izdelek\\\/nastavek-peach-za-cupholder-in-parasol\\\/\"]}]},{\"@type\":\"ImageObject\",\"inLanguage\":\"hr\",\"@id\":\"https:\\\/\\\/ajatutaja.com\\\/izdelek\\\/nastavek-peach-za-cupholder-in-parasol\\\/#primaryimage\",\"url\":\"https:\\\/\\\/ajatutaja.com\\\/wp-content\\\/uploads\\\/2021\\\/11\\\/Clip_icandy.png\",\"contentUrl\":\"https:\\\/\\\/ajatutaja.com\\\/wp-content\\\/uploads\\\/2021\\\/11\\\/Clip_icandy.png\",\"width\":435,\"height\":435},{\"@type\":\"BreadcrumbList\",\"@id\":\"https:\\\/\\\/ajatutaja.com\\\/izdelek\\\/nastavek-peach-za-cupholder-in-parasol\\\/#breadcrumb\",\"itemListElement\":[{\"@type\":\"ListItem\",\"position\":1,\"name\":\"Home\",\"item\":\"https:\\\/\\\/ajatutaja.com\\\/hr\\\/\"},{\"@type\":\"ListItem\",\"position\":2,\"name\":\"Trgovina\",\"item\":\"https:\\\/\\\/ajatutaja.com\\\/hr\\\/trgovina\\\/\"},{\"@type\":\"ListItem\",\"position\":3,\"name\":\"Nastavek Peach za Cupholder in Parasol\"}]},{\"@type\":\"WebSite\",\"@id\":\"https:\\\/\\\/ajatutaja.com\\\/#website\",\"url\":\"https:\\\/\\\/ajatutaja.com\\\/\",\"name\":\"Ajatutaja\",\"description\":\"Otro\u0161ka spletna trgovina AJATUTAJA\",\"publisher\":{\"@id\":\"https:\\\/\\\/ajatutaja.com\\\/#organization\"},\"potentialAction\":[{\"@type\":\"SearchAction\",\"target\":{\"@type\":\"EntryPoint\",\"urlTemplate\":\"https:\\\/\\\/ajatutaja.com\\\/?s={search_term_string}\"},\"query-input\":{\"@type\":\"PropertyValueSpecification\",\"valueRequired\":true,\"valueName\":\"search_term_string\"}}],\"inLanguage\":\"hr\"},{\"@type\":\"Organization\",\"@id\":\"https:\\\/\\\/ajatutaja.com\\\/#organization\",\"name\":\"Ajatutaja\",\"url\":\"https:\\\/\\\/ajatutaja.com\\\/\",\"logo\":{\"@type\":\"ImageObject\",\"inLanguage\":\"hr\",\"@id\":\"https:\\\/\\\/ajatutaja.com\\\/#\\\/schema\\\/logo\\\/image\\\/\",\"url\":\"https:\\\/\\\/ajatutaja.com\\\/wp-content\\\/uploads\\\/2021\\\/10\\\/logo.png\",\"contentUrl\":\"https:\\\/\\\/ajatutaja.com\\\/wp-content\\\/uploads\\\/2021\\\/10\\\/logo.png\",\"width\":555,\"height\":150,\"caption\":\"Ajatutaja\"},\"image\":{\"@id\":\"https:\\\/\\\/ajatutaja.com\\\/#\\\/schema\\\/logo\\\/image\\\/\"}}]}<\/script>\n<!-- \/ Yoast SEO plugin. -->","yoast_head_json":{"title":"Nastavek Peach za Cupholder in Parasol | Ajatutaja","description":"iCandy Clip omogo\u010da namestitev dr\u017eala za pija\u010do Cupholder in sen\u010dnika iCandy Parasol na ogrodje vozi\u010dka iCandy Peach z enim samim klikom.","robots":{"index":"index","follow":"follow","max-snippet":"max-snippet:-1","max-image-preview":"max-image-preview:large","max-video-preview":"max-video-preview:-1"},"canonical":"https:\/\/ajatutaja.com\/izdelek\/nastavek-peach-za-cupholder-in-parasol\/","og_locale":"hr_HR","og_type":"article","og_title":"Nastavek Peach za Cupholder in Parasol | Ajatutaja","og_description":"iCandy Clip omogo\u010da namestitev dr\u017eala za pija\u010do Cupholder in sen\u010dnika iCandy Parasol na ogrodje vozi\u010dka iCandy Peach z enim samim klikom.","og_url":"https:\/\/ajatutaja.com\/izdelek\/nastavek-peach-za-cupholder-in-parasol\/","og_site_name":"Ajatutaja","article_modified_time":"2026-03-04T18:35:30+00:00","og_image":[{"width":435,"height":435,"url":"https:\/\/ajatutaja.com\/wp-content\/uploads\/2021\/11\/Clip_icandy.png","type":"image\/png"}],"twitter_card":"summary_large_image","schema":{"@context":"https:\/\/schema.org","@graph":[{"@type":"WebPage","@id":"https:\/\/ajatutaja.com\/izdelek\/nastavek-peach-za-cupholder-in-parasol\/","url":"https:\/\/ajatutaja.com\/izdelek\/nastavek-peach-za-cupholder-in-parasol\/","name":"Nastavek Peach za Cupholder in Parasol | Ajatutaja","isPartOf":{"@id":"https:\/\/ajatutaja.com\/#website"},"primaryImageOfPage":{"@id":"https:\/\/ajatutaja.com\/izdelek\/nastavek-peach-za-cupholder-in-parasol\/#primaryimage"},"image":{"@id":"https:\/\/ajatutaja.com\/izdelek\/nastavek-peach-za-cupholder-in-parasol\/#primaryimage"},"thumbnailUrl":"https:\/\/ajatutaja.com\/wp-content\/uploads\/2021\/11\/Clip_icandy.png","datePublished":"2016-06-07T12:54:16+00:00","dateModified":"2026-03-04T18:35:30+00:00","description":"iCandy Clip omogo\u010da namestitev dr\u017eala za pija\u010do Cupholder in sen\u010dnika iCandy Parasol na ogrodje vozi\u010dka iCandy Peach z enim samim klikom.","breadcrumb":{"@id":"https:\/\/ajatutaja.com\/izdelek\/nastavek-peach-za-cupholder-in-parasol\/#breadcrumb"},"inLanguage":"hr","potentialAction":[{"@type":"ReadAction","target":["https:\/\/ajatutaja.com\/izdelek\/nastavek-peach-za-cupholder-in-parasol\/"]}]},{"@type":"ImageObject","inLanguage":"hr","@id":"https:\/\/ajatutaja.com\/izdelek\/nastavek-peach-za-cupholder-in-parasol\/#primaryimage","url":"https:\/\/ajatutaja.com\/wp-content\/uploads\/2021\/11\/Clip_icandy.png","contentUrl":"https:\/\/ajatutaja.com\/wp-content\/uploads\/2021\/11\/Clip_icandy.png","width":435,"height":435},{"@type":"BreadcrumbList","@id":"https:\/\/ajatutaja.com\/izdelek\/nastavek-peach-za-cupholder-in-parasol\/#breadcrumb","itemListElement":[{"@type":"ListItem","position":1,"name":"Home","item":"https:\/\/ajatutaja.com\/hr\/"},{"@type":"ListItem","position":2,"name":"Trgovina","item":"https:\/\/ajatutaja.com\/hr\/trgovina\/"},{"@type":"ListItem","position":3,"name":"Nastavek Peach za Cupholder in Parasol"}]},{"@type":"WebSite","@id":"https:\/\/ajatutaja.com\/#website","url":"https:\/\/ajatutaja.com\/","name":"Ajatutaja","description":"Otro\u0161ka spletna trgovina AJATUTAJA","publisher":{"@id":"https:\/\/ajatutaja.com\/#organization"},"potentialAction":[{"@type":"SearchAction","target":{"@type":"EntryPoint","urlTemplate":"https:\/\/ajatutaja.com\/?s={search_term_string}"},"query-input":{"@type":"PropertyValueSpecification","valueRequired":true,"valueName":"search_term_string"}}],"inLanguage":"hr"},{"@type":"Organization","@id":"https:\/\/ajatutaja.com\/#organization","name":"Ajatutaja","url":"https:\/\/ajatutaja.com\/","logo":{"@type":"ImageObject","inLanguage":"hr","@id":"https:\/\/ajatutaja.com\/#\/schema\/logo\/image\/","url":"https:\/\/ajatutaja.com\/wp-content\/uploads\/2021\/10\/logo.png","contentUrl":"https:\/\/ajatutaja.com\/wp-content\/uploads\/2021\/10\/logo.png","width":555,"height":150,"caption":"Ajatutaja"},"image":{"@id":"https:\/\/ajatutaja.com\/#\/schema\/logo\/image\/"}}]}},"brands":[{"id":2377,"name":"ICandy","slug":"icandy"},{"id":2374,"name":"Vozi\u010dki","slug":"vozicki"}],"_links":{"self":[{"href":"https:\/\/ajatutaja.com\/hr\/wp-json\/wp\/v2\/product\/21551","targetHints":{"allow":["GET"]}}],"collection":[{"href":"https:\/\/ajatutaja.com\/hr\/wp-json\/wp\/v2\/product"}],"about":[{"href":"https:\/\/ajatutaja.com\/hr\/wp-json\/wp\/v2\/types\/product"}],"wp:featuredmedia":[{"embeddable":true,"href":"https:\/\/ajatutaja.com\/hr\/wp-json\/wp\/v2\/media\/21552"}],"wp:attachment":[{"href":"https:\/\/ajatutaja.com\/hr\/wp-json\/wp\/v2\/media?parent=21551"}],"wp:term":[{"taxonomy":"pwb-brand","embeddable":true,"href":"https:\/\/ajatutaja.com\/hr\/wp-json\/wp\/v2\/pwb-brand?post=21551"},{"taxonomy":"product_brand","embeddable":true,"href":"https:\/\/ajatutaja.com\/hr\/wp-json\/wp\/v2\/product_brand?post=21551"},{"taxonomy":"product_cat","embeddable":true,"href":"https:\/\/ajatutaja.com\/hr\/wp-json\/wp\/v2\/product_cat?post=21551"},{"taxonomy":"product_tag","embeddable":true,"href":"https:\/\/ajatutaja.com\/hr\/wp-json\/wp\/v2\/product_tag?post=21551"}],"curies":[{"name":"wp","href":"https:\/\/api.w.org\/{rel}","templated":true}]}}