{"id":21499,"date":"2016-04-22T11:59:19","date_gmt":"2016-04-22T09:59:19","guid":{"rendered":"https:\/\/ajatutaja.com\/izdelek\/nosecniski-pas-babybelt-anita\/"},"modified":"2025-09-08T12:06:24","modified_gmt":"2025-09-08T10:06:24","slug":"nosecniski-pas-babybelt-anita","status":"publish","type":"product","link":"https:\/\/ajatutaja.com\/hr\/proizvod\/nosecniski-pas-babybelt-anita\/","title":{"rendered":"Nose\u010dni\u0161ki pas BabyBelt Anita"},"content":{"rendered":"<p>[vc_row][vc_column][vc_column_text]<\/p>\n<p style=\"text-align: justify\">Nose\u010dni\u0161ki pas BabyBelt je edinstveno zasnovan tako, da bistveno zmanj\u0161a bole\u010dine v hrbtu in nudi suport spodnjemu delu nose\u010dni\u0161kega trebu\u0161\u010dka. Posebno primeren za nose\u010dnice, ki imajo stoje\u010de delo!<\/p>\n<p>[\/vc_column_text][\/vc_column][\/vc_row]<\/p>\n","protected":false},"excerpt":{"rendered":"<div id=\"product-name\">\n<p>Nose\u010dni\u0161ki pas BabyBelt Anita je na voljo v treh barvah in ima naslednje lastnosti:<\/p>\n<\/div>\n<div id=\"top-properties\">\n<ul>\n<li>ob\u010dutno zmanj\u0161a bole\u010dine v hrbtu in kri\u017eu<\/li>\n<li>omili ob\u010dutek pritiska navzdol, ki je posledica te\u017ee otroka<\/li>\n<li>je izredno raztegljiv in zra\u010den v predelu trebu\u0161\u010dka<\/li>\n<li>je enostaven za uporabo.<\/li>\n<\/ul>\n<p><em><strong>Na\u0161 nasvet:\u00a0<\/strong> glede na raztegljivost izdelka izberite manj\u0161o \u0161tevilko od obi\u010dajne konfekcijske \u0161tevilke.<\/em><\/p>\n<\/div>\n<div id=\"top-properties\"><\/div>\n","protected":false},"featured_media":21500,"template":"","meta":[],"pwb-brand":[2272,2267],"product_brand":[],"product_cat":[2258,2250],"product_tag":[4027],"class_list":{"0":"post-21499","1":"product","2":"type-product","3":"status-publish","4":"has-post-thumbnail","6":"pwb-brand-anita-maternity","7":"pwb-brand-nosecnost","8":"product_cat-nosecnisko-spodnje-perilo","9":"product_cat-nosecnost","10":"product_tag-anita-maternity","12":"first","13":"instock","14":"taxable","15":"shipping-taxable","16":"purchasable","17":"product-type-variable","18":"add-to-wishlist-before_image"},"yoast_head":"<!-- This site is optimized with the Yoast SEO plugin v27.3 - https:\/\/yoast.com\/product\/yoast-seo-wordpress\/ -->\n<title>Nose\u010dni\u0161ki pas BabyBelt Anita | Ajatutaja<\/title>\n<meta name=\"description\" content=\"Nose\u010dni\u0161ki pas BabyBelt je edinstveno zasnovan tako, da bistveno zmanj\u0161a bole\u010dine v hrbtu in nudi suport spodnjemu delu nose\u010dni\u0161kega trebu\u0161\u010dka.\u00a0\" \/>\n<meta name=\"robots\" content=\"index, follow, max-snippet:-1, max-image-preview:large, max-video-preview:-1\" \/>\n<link rel=\"canonical\" href=\"https:\/\/ajatutaja.com\/izdelek\/nosecniski-pas-babybelt-anita\/\" \/>\n<meta property=\"og:locale\" content=\"hr_HR\" \/>\n<meta property=\"og:type\" content=\"article\" \/>\n<meta property=\"og:title\" content=\"Nose\u010dni\u0161ki pas BabyBelt Anita | Ajatutaja\" \/>\n<meta property=\"og:description\" content=\"Nose\u010dni\u0161ki pas BabyBelt je edinstveno zasnovan tako, da bistveno zmanj\u0161a bole\u010dine v hrbtu in nudi suport spodnjemu delu nose\u010dni\u0161kega trebu\u0161\u010dka.\u00a0\" \/>\n<meta property=\"og:url\" content=\"https:\/\/ajatutaja.com\/izdelek\/nosecniski-pas-babybelt-anita\/\" \/>\n<meta property=\"og:site_name\" content=\"Ajatutaja\" \/>\n<meta property=\"article:modified_time\" content=\"2025-09-08T10:06:24+00:00\" \/>\n<meta property=\"og:image\" content=\"https:\/\/ajatutaja.com\/wp-content\/uploads\/2021\/11\/Babybelt_crn.jpg\" \/>\n\t<meta property=\"og:image:width\" content=\"400\" \/>\n\t<meta property=\"og:image:height\" content=\"510\" \/>\n\t<meta property=\"og:image:type\" content=\"image\/jpeg\" \/>\n<meta name=\"twitter:card\" content=\"summary_large_image\" \/>\n<script type=\"application\/ld+json\" class=\"yoast-schema-graph\">{\"@context\":\"https:\\\/\\\/schema.org\",\"@graph\":[{\"@type\":\"WebPage\",\"@id\":\"https:\\\/\\\/ajatutaja.com\\\/izdelek\\\/nosecniski-pas-babybelt-anita\\\/\",\"url\":\"https:\\\/\\\/ajatutaja.com\\\/izdelek\\\/nosecniski-pas-babybelt-anita\\\/\",\"name\":\"Nose\u010dni\u0161ki pas BabyBelt Anita | Ajatutaja\",\"isPartOf\":{\"@id\":\"https:\\\/\\\/ajatutaja.com\\\/#website\"},\"primaryImageOfPage\":{\"@id\":\"https:\\\/\\\/ajatutaja.com\\\/izdelek\\\/nosecniski-pas-babybelt-anita\\\/#primaryimage\"},\"image\":{\"@id\":\"https:\\\/\\\/ajatutaja.com\\\/izdelek\\\/nosecniski-pas-babybelt-anita\\\/#primaryimage\"},\"thumbnailUrl\":\"https:\\\/\\\/ajatutaja.com\\\/wp-content\\\/uploads\\\/2021\\\/11\\\/Babybelt_crn.jpg\",\"datePublished\":\"2016-04-22T09:59:19+00:00\",\"dateModified\":\"2025-09-08T10:06:24+00:00\",\"description\":\"Nose\u010dni\u0161ki pas BabyBelt je edinstveno zasnovan tako, da bistveno zmanj\u0161a bole\u010dine v hrbtu in nudi suport spodnjemu delu nose\u010dni\u0161kega trebu\u0161\u010dka.\u00a0\",\"breadcrumb\":{\"@id\":\"https:\\\/\\\/ajatutaja.com\\\/izdelek\\\/nosecniski-pas-babybelt-anita\\\/#breadcrumb\"},\"inLanguage\":\"hr\",\"potentialAction\":[{\"@type\":\"ReadAction\",\"target\":[\"https:\\\/\\\/ajatutaja.com\\\/izdelek\\\/nosecniski-pas-babybelt-anita\\\/\"]}]},{\"@type\":\"ImageObject\",\"inLanguage\":\"hr\",\"@id\":\"https:\\\/\\\/ajatutaja.com\\\/izdelek\\\/nosecniski-pas-babybelt-anita\\\/#primaryimage\",\"url\":\"https:\\\/\\\/ajatutaja.com\\\/wp-content\\\/uploads\\\/2021\\\/11\\\/Babybelt_crn.jpg\",\"contentUrl\":\"https:\\\/\\\/ajatutaja.com\\\/wp-content\\\/uploads\\\/2021\\\/11\\\/Babybelt_crn.jpg\",\"width\":400,\"height\":510},{\"@type\":\"BreadcrumbList\",\"@id\":\"https:\\\/\\\/ajatutaja.com\\\/izdelek\\\/nosecniski-pas-babybelt-anita\\\/#breadcrumb\",\"itemListElement\":[{\"@type\":\"ListItem\",\"position\":1,\"name\":\"Home\",\"item\":\"https:\\\/\\\/ajatutaja.com\\\/hr\\\/\"},{\"@type\":\"ListItem\",\"position\":2,\"name\":\"Trgovina\",\"item\":\"https:\\\/\\\/ajatutaja.com\\\/hr\\\/trgovina\\\/\"},{\"@type\":\"ListItem\",\"position\":3,\"name\":\"Nose\u010dni\u0161ki pas BabyBelt Anita\"}]},{\"@type\":\"WebSite\",\"@id\":\"https:\\\/\\\/ajatutaja.com\\\/#website\",\"url\":\"https:\\\/\\\/ajatutaja.com\\\/\",\"name\":\"Ajatutaja\",\"description\":\"Otro\u0161ka spletna trgovina AJATUTAJA\",\"publisher\":{\"@id\":\"https:\\\/\\\/ajatutaja.com\\\/#organization\"},\"potentialAction\":[{\"@type\":\"SearchAction\",\"target\":{\"@type\":\"EntryPoint\",\"urlTemplate\":\"https:\\\/\\\/ajatutaja.com\\\/?s={search_term_string}\"},\"query-input\":{\"@type\":\"PropertyValueSpecification\",\"valueRequired\":true,\"valueName\":\"search_term_string\"}}],\"inLanguage\":\"hr\"},{\"@type\":\"Organization\",\"@id\":\"https:\\\/\\\/ajatutaja.com\\\/#organization\",\"name\":\"Ajatutaja\",\"url\":\"https:\\\/\\\/ajatutaja.com\\\/\",\"logo\":{\"@type\":\"ImageObject\",\"inLanguage\":\"hr\",\"@id\":\"https:\\\/\\\/ajatutaja.com\\\/#\\\/schema\\\/logo\\\/image\\\/\",\"url\":\"https:\\\/\\\/ajatutaja.com\\\/wp-content\\\/uploads\\\/2021\\\/10\\\/logo.png\",\"contentUrl\":\"https:\\\/\\\/ajatutaja.com\\\/wp-content\\\/uploads\\\/2021\\\/10\\\/logo.png\",\"width\":555,\"height\":150,\"caption\":\"Ajatutaja\"},\"image\":{\"@id\":\"https:\\\/\\\/ajatutaja.com\\\/#\\\/schema\\\/logo\\\/image\\\/\"}}]}<\/script>\n<!-- \/ Yoast SEO plugin. -->","yoast_head_json":{"title":"Nose\u010dni\u0161ki pas BabyBelt Anita | Ajatutaja","description":"Nose\u010dni\u0161ki pas BabyBelt je edinstveno zasnovan tako, da bistveno zmanj\u0161a bole\u010dine v hrbtu in nudi suport spodnjemu delu nose\u010dni\u0161kega trebu\u0161\u010dka.\u00a0","robots":{"index":"index","follow":"follow","max-snippet":"max-snippet:-1","max-image-preview":"max-image-preview:large","max-video-preview":"max-video-preview:-1"},"canonical":"https:\/\/ajatutaja.com\/izdelek\/nosecniski-pas-babybelt-anita\/","og_locale":"hr_HR","og_type":"article","og_title":"Nose\u010dni\u0161ki pas BabyBelt Anita | Ajatutaja","og_description":"Nose\u010dni\u0161ki pas BabyBelt je edinstveno zasnovan tako, da bistveno zmanj\u0161a bole\u010dine v hrbtu in nudi suport spodnjemu delu nose\u010dni\u0161kega trebu\u0161\u010dka.\u00a0","og_url":"https:\/\/ajatutaja.com\/izdelek\/nosecniski-pas-babybelt-anita\/","og_site_name":"Ajatutaja","article_modified_time":"2025-09-08T10:06:24+00:00","og_image":[{"width":400,"height":510,"url":"https:\/\/ajatutaja.com\/wp-content\/uploads\/2021\/11\/Babybelt_crn.jpg","type":"image\/jpeg"}],"twitter_card":"summary_large_image","schema":{"@context":"https:\/\/schema.org","@graph":[{"@type":"WebPage","@id":"https:\/\/ajatutaja.com\/izdelek\/nosecniski-pas-babybelt-anita\/","url":"https:\/\/ajatutaja.com\/izdelek\/nosecniski-pas-babybelt-anita\/","name":"Nose\u010dni\u0161ki pas BabyBelt Anita | Ajatutaja","isPartOf":{"@id":"https:\/\/ajatutaja.com\/#website"},"primaryImageOfPage":{"@id":"https:\/\/ajatutaja.com\/izdelek\/nosecniski-pas-babybelt-anita\/#primaryimage"},"image":{"@id":"https:\/\/ajatutaja.com\/izdelek\/nosecniski-pas-babybelt-anita\/#primaryimage"},"thumbnailUrl":"https:\/\/ajatutaja.com\/wp-content\/uploads\/2021\/11\/Babybelt_crn.jpg","datePublished":"2016-04-22T09:59:19+00:00","dateModified":"2025-09-08T10:06:24+00:00","description":"Nose\u010dni\u0161ki pas BabyBelt je edinstveno zasnovan tako, da bistveno zmanj\u0161a bole\u010dine v hrbtu in nudi suport spodnjemu delu nose\u010dni\u0161kega trebu\u0161\u010dka.\u00a0","breadcrumb":{"@id":"https:\/\/ajatutaja.com\/izdelek\/nosecniski-pas-babybelt-anita\/#breadcrumb"},"inLanguage":"hr","potentialAction":[{"@type":"ReadAction","target":["https:\/\/ajatutaja.com\/izdelek\/nosecniski-pas-babybelt-anita\/"]}]},{"@type":"ImageObject","inLanguage":"hr","@id":"https:\/\/ajatutaja.com\/izdelek\/nosecniski-pas-babybelt-anita\/#primaryimage","url":"https:\/\/ajatutaja.com\/wp-content\/uploads\/2021\/11\/Babybelt_crn.jpg","contentUrl":"https:\/\/ajatutaja.com\/wp-content\/uploads\/2021\/11\/Babybelt_crn.jpg","width":400,"height":510},{"@type":"BreadcrumbList","@id":"https:\/\/ajatutaja.com\/izdelek\/nosecniski-pas-babybelt-anita\/#breadcrumb","itemListElement":[{"@type":"ListItem","position":1,"name":"Home","item":"https:\/\/ajatutaja.com\/hr\/"},{"@type":"ListItem","position":2,"name":"Trgovina","item":"https:\/\/ajatutaja.com\/hr\/trgovina\/"},{"@type":"ListItem","position":3,"name":"Nose\u010dni\u0161ki pas BabyBelt Anita"}]},{"@type":"WebSite","@id":"https:\/\/ajatutaja.com\/#website","url":"https:\/\/ajatutaja.com\/","name":"Ajatutaja","description":"Otro\u0161ka spletna trgovina AJATUTAJA","publisher":{"@id":"https:\/\/ajatutaja.com\/#organization"},"potentialAction":[{"@type":"SearchAction","target":{"@type":"EntryPoint","urlTemplate":"https:\/\/ajatutaja.com\/?s={search_term_string}"},"query-input":{"@type":"PropertyValueSpecification","valueRequired":true,"valueName":"search_term_string"}}],"inLanguage":"hr"},{"@type":"Organization","@id":"https:\/\/ajatutaja.com\/#organization","name":"Ajatutaja","url":"https:\/\/ajatutaja.com\/","logo":{"@type":"ImageObject","inLanguage":"hr","@id":"https:\/\/ajatutaja.com\/#\/schema\/logo\/image\/","url":"https:\/\/ajatutaja.com\/wp-content\/uploads\/2021\/10\/logo.png","contentUrl":"https:\/\/ajatutaja.com\/wp-content\/uploads\/2021\/10\/logo.png","width":555,"height":150,"caption":"Ajatutaja"},"image":{"@id":"https:\/\/ajatutaja.com\/#\/schema\/logo\/image\/"}}]}},"brands":[{"id":2272,"name":"Anita Maternity","slug":"anita-maternity"},{"id":2267,"name":"Nose\u010dnost","slug":"nosecnost"}],"_links":{"self":[{"href":"https:\/\/ajatutaja.com\/hr\/wp-json\/wp\/v2\/product\/21499","targetHints":{"allow":["GET"]}}],"collection":[{"href":"https:\/\/ajatutaja.com\/hr\/wp-json\/wp\/v2\/product"}],"about":[{"href":"https:\/\/ajatutaja.com\/hr\/wp-json\/wp\/v2\/types\/product"}],"wp:featuredmedia":[{"embeddable":true,"href":"https:\/\/ajatutaja.com\/hr\/wp-json\/wp\/v2\/media\/21500"}],"wp:attachment":[{"href":"https:\/\/ajatutaja.com\/hr\/wp-json\/wp\/v2\/media?parent=21499"}],"wp:term":[{"taxonomy":"pwb-brand","embeddable":true,"href":"https:\/\/ajatutaja.com\/hr\/wp-json\/wp\/v2\/pwb-brand?post=21499"},{"taxonomy":"product_brand","embeddable":true,"href":"https:\/\/ajatutaja.com\/hr\/wp-json\/wp\/v2\/product_brand?post=21499"},{"taxonomy":"product_cat","embeddable":true,"href":"https:\/\/ajatutaja.com\/hr\/wp-json\/wp\/v2\/product_cat?post=21499"},{"taxonomy":"product_tag","embeddable":true,"href":"https:\/\/ajatutaja.com\/hr\/wp-json\/wp\/v2\/product_tag?post=21499"}],"curies":[{"name":"wp","href":"https:\/\/api.w.org\/{rel}","templated":true}]}}