{"id":21487,"date":"2016-04-22T09:22:27","date_gmt":"2016-04-22T07:22:27","guid":{"rendered":"https:\/\/ajatutaja.com\/izdelek\/poporodni-steznik-za-trebuh-iz-organskega-bombaza-crna\/"},"modified":"2026-03-12T15:34:18","modified_gmt":"2026-03-12T14:34:18","slug":"poporodni-steznik-za-trebuh-iz-organskega-bombaza-crna","status":"publish","type":"product","link":"https:\/\/ajatutaja.com\/hr\/proizvod\/poporodni-steznik-za-trebuh-iz-organskega-bombaza-crna\/","title":{"rendered":"Poporodni steznik za trebuh iz organskega bomba\u017ea &#8211; Black"},"content":{"rendered":"<p>[vc_row][vc_column][vc_column_text]<\/p>\n<div id=\"product-name\">\n<p>Carriwell steznik za trebuh iz organskega bomba\u017ea v ko\u017eni barvi ima naslednje lastnosti:<\/p>\n<\/div>\n<div id=\"top-properties\">\n<ul>\n<li>mehek iz zra\u010den organski bomba\u017e<\/li>\n<li>idealen za no\u0161enje po carskem rezu<\/li>\n<li>prilagodljiv in udoben<\/li>\n<li>na voljo v dveh barvah (ko\u017ena in \u010drna)<\/li>\n<\/ul>\n<\/div>\n<p><strong>Zna\u010dilnosti:<\/strong><\/p>\n<p>&#8211; pomaga izravnati trebuh inponovno oblikovati pas<br \/>\n&#8211; nudi podporo in udobje po carskem rezu<br \/>\n&#8211; z zategovanjem zmanj\u0161uje strije in stisne spro\u0161\u010deno ko\u017eo<br \/>\n&#8211; pomaga izbolj\u0161ati dr\u017eo ko stojite, med sedenjem in predvsem med dojenjem<\/p>\n<p style=\"text-align: center\"><em><span style=\"color: #808080\">Surovinska sestava: 60% poliester, 40% guma\/elastika in 100% organski bomba\u017e- jersey<\/span><\/em><\/p>\n<p>[\/vc_column_text][\/vc_column][\/vc_row]<\/p>\n","protected":false},"excerpt":{"rendered":"<p>Poporodni steznik iz organskega bomba\u017ea Carriwell je idealen za no\u0161enje po carskem rezu, \u0161irok pas za trebuh na je\u017eka, pa zagotovi maksimalno prilagodljivost in udobje.<\/p>\n","protected":false},"featured_media":21246,"template":"","meta":[],"pwb-brand":[2296,2268],"product_brand":[],"product_cat":[2286],"product_tag":[4100,4101],"class_list":{"0":"post-21487","1":"product","2":"type-product","3":"status-publish","4":"has-post-thumbnail","6":"pwb-brand-carriwell-dojenje","7":"pwb-brand-dojenje","8":"product_cat-oblikovanje-postave","9":"product_tag-carriwell","10":"product_tag-steznik","12":"first","13":"instock","14":"taxable","15":"shipping-taxable","16":"purchasable","17":"product-type-variable","18":"add-to-wishlist-before_image"},"yoast_head":"<!-- This site is optimized with the Yoast SEO plugin v27.3 - https:\/\/yoast.com\/product\/yoast-seo-wordpress\/ -->\n<title>Poporodni steznik za trebuh iz organskega bomba\u017ea - Black | Ajatutaja<\/title>\n<meta name=\"description\" content=\"Poporodni steznik iz organskega bomba\u017ea Carriwell je idealen za no\u0161enje po carskem rezu, \u0161irok pas za trebuh na je\u017eka, pa zagotovi maksimalno prilagodljivost in udobje.\" \/>\n<meta name=\"robots\" content=\"index, follow, max-snippet:-1, max-image-preview:large, max-video-preview:-1\" \/>\n<link rel=\"canonical\" href=\"https:\/\/ajatutaja.com\/izdelek\/poporodni-steznik-za-trebuh-iz-organskega-bombaza-crna\/\" \/>\n<meta property=\"og:locale\" content=\"hr_HR\" \/>\n<meta property=\"og:type\" content=\"article\" \/>\n<meta property=\"og:title\" content=\"Poporodni steznik za trebuh iz organskega bomba\u017ea - Black | Ajatutaja\" \/>\n<meta property=\"og:description\" content=\"Poporodni steznik iz organskega bomba\u017ea Carriwell je idealen za no\u0161enje po carskem rezu, \u0161irok pas za trebuh na je\u017eka, pa zagotovi maksimalno prilagodljivost in udobje.\" \/>\n<meta property=\"og:url\" content=\"https:\/\/ajatutaja.com\/izdelek\/poporodni-steznik-za-trebuh-iz-organskega-bombaza-crna\/\" \/>\n<meta property=\"og:site_name\" content=\"Ajatutaja\" \/>\n<meta property=\"article:modified_time\" content=\"2026-03-12T14:34:18+00:00\" \/>\n<meta property=\"og:image\" content=\"https:\/\/ajatutaja.com\/wp-content\/uploads\/2021\/11\/Carriwell-poporodni-pas-crna.jpg\" \/>\n\t<meta property=\"og:image:width\" content=\"500\" \/>\n\t<meta property=\"og:image:height\" content=\"500\" \/>\n\t<meta property=\"og:image:type\" content=\"image\/jpeg\" \/>\n<meta name=\"twitter:card\" content=\"summary_large_image\" \/>\n<meta name=\"twitter:label1\" content=\"Procijenjeno vrijeme \u010ditanja\" \/>\n\t<meta name=\"twitter:data1\" content=\"1 minuta\" \/>\n<script type=\"application\/ld+json\" class=\"yoast-schema-graph\">{\"@context\":\"https:\\\/\\\/schema.org\",\"@graph\":[{\"@type\":\"WebPage\",\"@id\":\"https:\\\/\\\/ajatutaja.com\\\/izdelek\\\/poporodni-steznik-za-trebuh-iz-organskega-bombaza-crna\\\/\",\"url\":\"https:\\\/\\\/ajatutaja.com\\\/izdelek\\\/poporodni-steznik-za-trebuh-iz-organskega-bombaza-crna\\\/\",\"name\":\"Poporodni steznik za trebuh iz organskega bomba\u017ea - Black | Ajatutaja\",\"isPartOf\":{\"@id\":\"https:\\\/\\\/ajatutaja.com\\\/#website\"},\"primaryImageOfPage\":{\"@id\":\"https:\\\/\\\/ajatutaja.com\\\/izdelek\\\/poporodni-steznik-za-trebuh-iz-organskega-bombaza-crna\\\/#primaryimage\"},\"image\":{\"@id\":\"https:\\\/\\\/ajatutaja.com\\\/izdelek\\\/poporodni-steznik-za-trebuh-iz-organskega-bombaza-crna\\\/#primaryimage\"},\"thumbnailUrl\":\"https:\\\/\\\/ajatutaja.com\\\/wp-content\\\/uploads\\\/2021\\\/11\\\/Carriwell-poporodni-pas-crna.jpg\",\"datePublished\":\"2016-04-22T07:22:27+00:00\",\"dateModified\":\"2026-03-12T14:34:18+00:00\",\"description\":\"Poporodni steznik iz organskega bomba\u017ea Carriwell je idealen za no\u0161enje po carskem rezu, \u0161irok pas za trebuh na je\u017eka, pa zagotovi maksimalno prilagodljivost in udobje.\",\"breadcrumb\":{\"@id\":\"https:\\\/\\\/ajatutaja.com\\\/izdelek\\\/poporodni-steznik-za-trebuh-iz-organskega-bombaza-crna\\\/#breadcrumb\"},\"inLanguage\":\"hr\",\"potentialAction\":[{\"@type\":\"ReadAction\",\"target\":[\"https:\\\/\\\/ajatutaja.com\\\/izdelek\\\/poporodni-steznik-za-trebuh-iz-organskega-bombaza-crna\\\/\"]}]},{\"@type\":\"ImageObject\",\"inLanguage\":\"hr\",\"@id\":\"https:\\\/\\\/ajatutaja.com\\\/izdelek\\\/poporodni-steznik-za-trebuh-iz-organskega-bombaza-crna\\\/#primaryimage\",\"url\":\"https:\\\/\\\/ajatutaja.com\\\/wp-content\\\/uploads\\\/2021\\\/11\\\/Carriwell-poporodni-pas-crna.jpg\",\"contentUrl\":\"https:\\\/\\\/ajatutaja.com\\\/wp-content\\\/uploads\\\/2021\\\/11\\\/Carriwell-poporodni-pas-crna.jpg\",\"width\":500,\"height\":500},{\"@type\":\"BreadcrumbList\",\"@id\":\"https:\\\/\\\/ajatutaja.com\\\/izdelek\\\/poporodni-steznik-za-trebuh-iz-organskega-bombaza-crna\\\/#breadcrumb\",\"itemListElement\":[{\"@type\":\"ListItem\",\"position\":1,\"name\":\"Home\",\"item\":\"https:\\\/\\\/ajatutaja.com\\\/hr\\\/\"},{\"@type\":\"ListItem\",\"position\":2,\"name\":\"Trgovina\",\"item\":\"https:\\\/\\\/ajatutaja.com\\\/hr\\\/trgovina\\\/\"},{\"@type\":\"ListItem\",\"position\":3,\"name\":\"Poporodni steznik za trebuh iz organskega bomba\u017ea &#8211; Black\"}]},{\"@type\":\"WebSite\",\"@id\":\"https:\\\/\\\/ajatutaja.com\\\/#website\",\"url\":\"https:\\\/\\\/ajatutaja.com\\\/\",\"name\":\"Ajatutaja\",\"description\":\"Otro\u0161ka spletna trgovina AJATUTAJA\",\"publisher\":{\"@id\":\"https:\\\/\\\/ajatutaja.com\\\/#organization\"},\"potentialAction\":[{\"@type\":\"SearchAction\",\"target\":{\"@type\":\"EntryPoint\",\"urlTemplate\":\"https:\\\/\\\/ajatutaja.com\\\/?s={search_term_string}\"},\"query-input\":{\"@type\":\"PropertyValueSpecification\",\"valueRequired\":true,\"valueName\":\"search_term_string\"}}],\"inLanguage\":\"hr\"},{\"@type\":\"Organization\",\"@id\":\"https:\\\/\\\/ajatutaja.com\\\/#organization\",\"name\":\"Ajatutaja\",\"url\":\"https:\\\/\\\/ajatutaja.com\\\/\",\"logo\":{\"@type\":\"ImageObject\",\"inLanguage\":\"hr\",\"@id\":\"https:\\\/\\\/ajatutaja.com\\\/#\\\/schema\\\/logo\\\/image\\\/\",\"url\":\"https:\\\/\\\/ajatutaja.com\\\/wp-content\\\/uploads\\\/2021\\\/10\\\/logo.png\",\"contentUrl\":\"https:\\\/\\\/ajatutaja.com\\\/wp-content\\\/uploads\\\/2021\\\/10\\\/logo.png\",\"width\":555,\"height\":150,\"caption\":\"Ajatutaja\"},\"image\":{\"@id\":\"https:\\\/\\\/ajatutaja.com\\\/#\\\/schema\\\/logo\\\/image\\\/\"}}]}<\/script>\n<!-- \/ Yoast SEO plugin. -->","yoast_head_json":{"title":"Poporodni steznik za trebuh iz organskega bomba\u017ea - Black | Ajatutaja","description":"Poporodni steznik iz organskega bomba\u017ea Carriwell je idealen za no\u0161enje po carskem rezu, \u0161irok pas za trebuh na je\u017eka, pa zagotovi maksimalno prilagodljivost in udobje.","robots":{"index":"index","follow":"follow","max-snippet":"max-snippet:-1","max-image-preview":"max-image-preview:large","max-video-preview":"max-video-preview:-1"},"canonical":"https:\/\/ajatutaja.com\/izdelek\/poporodni-steznik-za-trebuh-iz-organskega-bombaza-crna\/","og_locale":"hr_HR","og_type":"article","og_title":"Poporodni steznik za trebuh iz organskega bomba\u017ea - Black | Ajatutaja","og_description":"Poporodni steznik iz organskega bomba\u017ea Carriwell je idealen za no\u0161enje po carskem rezu, \u0161irok pas za trebuh na je\u017eka, pa zagotovi maksimalno prilagodljivost in udobje.","og_url":"https:\/\/ajatutaja.com\/izdelek\/poporodni-steznik-za-trebuh-iz-organskega-bombaza-crna\/","og_site_name":"Ajatutaja","article_modified_time":"2026-03-12T14:34:18+00:00","og_image":[{"width":500,"height":500,"url":"https:\/\/ajatutaja.com\/wp-content\/uploads\/2021\/11\/Carriwell-poporodni-pas-crna.jpg","type":"image\/jpeg"}],"twitter_card":"summary_large_image","twitter_misc":{"Procijenjeno vrijeme \u010ditanja":"1 minuta"},"schema":{"@context":"https:\/\/schema.org","@graph":[{"@type":"WebPage","@id":"https:\/\/ajatutaja.com\/izdelek\/poporodni-steznik-za-trebuh-iz-organskega-bombaza-crna\/","url":"https:\/\/ajatutaja.com\/izdelek\/poporodni-steznik-za-trebuh-iz-organskega-bombaza-crna\/","name":"Poporodni steznik za trebuh iz organskega bomba\u017ea - Black | Ajatutaja","isPartOf":{"@id":"https:\/\/ajatutaja.com\/#website"},"primaryImageOfPage":{"@id":"https:\/\/ajatutaja.com\/izdelek\/poporodni-steznik-za-trebuh-iz-organskega-bombaza-crna\/#primaryimage"},"image":{"@id":"https:\/\/ajatutaja.com\/izdelek\/poporodni-steznik-za-trebuh-iz-organskega-bombaza-crna\/#primaryimage"},"thumbnailUrl":"https:\/\/ajatutaja.com\/wp-content\/uploads\/2021\/11\/Carriwell-poporodni-pas-crna.jpg","datePublished":"2016-04-22T07:22:27+00:00","dateModified":"2026-03-12T14:34:18+00:00","description":"Poporodni steznik iz organskega bomba\u017ea Carriwell je idealen za no\u0161enje po carskem rezu, \u0161irok pas za trebuh na je\u017eka, pa zagotovi maksimalno prilagodljivost in udobje.","breadcrumb":{"@id":"https:\/\/ajatutaja.com\/izdelek\/poporodni-steznik-za-trebuh-iz-organskega-bombaza-crna\/#breadcrumb"},"inLanguage":"hr","potentialAction":[{"@type":"ReadAction","target":["https:\/\/ajatutaja.com\/izdelek\/poporodni-steznik-za-trebuh-iz-organskega-bombaza-crna\/"]}]},{"@type":"ImageObject","inLanguage":"hr","@id":"https:\/\/ajatutaja.com\/izdelek\/poporodni-steznik-za-trebuh-iz-organskega-bombaza-crna\/#primaryimage","url":"https:\/\/ajatutaja.com\/wp-content\/uploads\/2021\/11\/Carriwell-poporodni-pas-crna.jpg","contentUrl":"https:\/\/ajatutaja.com\/wp-content\/uploads\/2021\/11\/Carriwell-poporodni-pas-crna.jpg","width":500,"height":500},{"@type":"BreadcrumbList","@id":"https:\/\/ajatutaja.com\/izdelek\/poporodni-steznik-za-trebuh-iz-organskega-bombaza-crna\/#breadcrumb","itemListElement":[{"@type":"ListItem","position":1,"name":"Home","item":"https:\/\/ajatutaja.com\/hr\/"},{"@type":"ListItem","position":2,"name":"Trgovina","item":"https:\/\/ajatutaja.com\/hr\/trgovina\/"},{"@type":"ListItem","position":3,"name":"Poporodni steznik za trebuh iz organskega bomba\u017ea &#8211; Black"}]},{"@type":"WebSite","@id":"https:\/\/ajatutaja.com\/#website","url":"https:\/\/ajatutaja.com\/","name":"Ajatutaja","description":"Otro\u0161ka spletna trgovina AJATUTAJA","publisher":{"@id":"https:\/\/ajatutaja.com\/#organization"},"potentialAction":[{"@type":"SearchAction","target":{"@type":"EntryPoint","urlTemplate":"https:\/\/ajatutaja.com\/?s={search_term_string}"},"query-input":{"@type":"PropertyValueSpecification","valueRequired":true,"valueName":"search_term_string"}}],"inLanguage":"hr"},{"@type":"Organization","@id":"https:\/\/ajatutaja.com\/#organization","name":"Ajatutaja","url":"https:\/\/ajatutaja.com\/","logo":{"@type":"ImageObject","inLanguage":"hr","@id":"https:\/\/ajatutaja.com\/#\/schema\/logo\/image\/","url":"https:\/\/ajatutaja.com\/wp-content\/uploads\/2021\/10\/logo.png","contentUrl":"https:\/\/ajatutaja.com\/wp-content\/uploads\/2021\/10\/logo.png","width":555,"height":150,"caption":"Ajatutaja"},"image":{"@id":"https:\/\/ajatutaja.com\/#\/schema\/logo\/image\/"}}]}},"brands":[{"id":2296,"name":"Carriwell","slug":"carriwell-dojenje"},{"id":2268,"name":"Dojenje","slug":"dojenje"}],"_links":{"self":[{"href":"https:\/\/ajatutaja.com\/hr\/wp-json\/wp\/v2\/product\/21487","targetHints":{"allow":["GET"]}}],"collection":[{"href":"https:\/\/ajatutaja.com\/hr\/wp-json\/wp\/v2\/product"}],"about":[{"href":"https:\/\/ajatutaja.com\/hr\/wp-json\/wp\/v2\/types\/product"}],"wp:featuredmedia":[{"embeddable":true,"href":"https:\/\/ajatutaja.com\/hr\/wp-json\/wp\/v2\/media\/21246"}],"wp:attachment":[{"href":"https:\/\/ajatutaja.com\/hr\/wp-json\/wp\/v2\/media?parent=21487"}],"wp:term":[{"taxonomy":"pwb-brand","embeddable":true,"href":"https:\/\/ajatutaja.com\/hr\/wp-json\/wp\/v2\/pwb-brand?post=21487"},{"taxonomy":"product_brand","embeddable":true,"href":"https:\/\/ajatutaja.com\/hr\/wp-json\/wp\/v2\/product_brand?post=21487"},{"taxonomy":"product_cat","embeddable":true,"href":"https:\/\/ajatutaja.com\/hr\/wp-json\/wp\/v2\/product_cat?post=21487"},{"taxonomy":"product_tag","embeddable":true,"href":"https:\/\/ajatutaja.com\/hr\/wp-json\/wp\/v2\/product_tag?post=21487"}],"curies":[{"name":"wp","href":"https:\/\/api.w.org\/{rel}","templated":true}]}}