{"id":21472,"date":"2016-06-03T08:03:27","date_gmt":"2016-06-03T06:03:27","guid":{"rendered":"https:\/\/ajatutaja.com\/izdelek\/podlozeni-nedrcek-za-dojenje-s-kostjo-anita-5010-crna\/"},"modified":"2023-03-21T09:37:52","modified_gmt":"2023-03-21T08:37:52","slug":"podlozeni-nedrcek-za-dojenje-s-kostjo-anita-5010-crna","status":"publish","type":"product","link":"https:\/\/ajatutaja.com\/hr\/proizvod\/podlozeni-nedrcek-za-dojenje-s-kostjo-anita-5010-crna\/","title":{"rendered":"Podlo\u017eeni nedr\u010dek za dojenje s kostjo Anita 5010 &#8211; Black"},"content":{"rendered":"<h3>Podlo\u017eeni nedr\u010dek za dojenje s kostjo Anita Maternity 5010 ima naslednje lastnosti:<\/h3>\n<ul>\n<li>mehke penaste in oblikovane ko\u0161arice<\/li>\n<li>maksimalna opora prsim s kostjo<\/li>\n<li>na voljo do velikosti 95 in ko\u0161arice I<\/li>\n<li>nedr\u010dek je iz zra\u010dnih mikrovlaken<\/li>\n<li>predel okoli prsi in zadnji del so narejeni iz zelo pro\u017ene, mehke tkanine<\/li>\n<li>Surovinska sestava: 47% poliester, 37% nylon, 16% elastan<\/li>\n<li>Vzdr\u017eevanje:<\/li>\n<\/ul>\n<p style=\"text-align: left\"><a href=\"https:\/\/ajatutaja.com\/wp-content\/uploads\/2015\/09\/VZDRZEVANJE1.png\"><img loading=\"lazy\" decoding=\"async\" class=\"size-full wp-image-8366 alignleft\" src=\"https:\/\/ajatutaja.com\/wp-content\/uploads\/2015\/09\/VZDRZEVANJE1.png\" alt=\"VZDRZEVANJE\" width=\"167\" height=\"22\" \/><\/a><\/p>\n","protected":false},"excerpt":{"rendered":"<div style=\"text-align: justify\">Najnovej\u0161i model nedr\u010dkov za dojenje blagovne znamke Anita Maternity 5010 v \u010drni barvi, nudi maksimalno oporo prsim v \u010dasu dojenja, saj je s kostjo.<\/div>\n<div style=\"text-align: justify\">\n<div style=\"text-align: justify\">Podlo\u017eeni ko\u0161arici nedr\u010dka za dojenje 5010 so izredno lahke in zra\u010dne, kar omogo\u010da izjemno udobje. \u010ceznje ni videti blazinic za dojenje. Ve\u010dje ko\u0161arice so dodatno oja\u010dane a \u0161e vedno zra\u010dne. Oblikovane ko\u0161arice pripomorejo k bolj\u0161i opori in lep\u0161emu videzu. Primeren tudi za ve\u010dje prsi, saj ima v tem primeru tudi oja\u010dane naramnice.<\/div>\n<\/div>\n","protected":false},"featured_media":21473,"template":"","meta":[],"pwb-brand":[2295,2268],"product_brand":[],"product_cat":[2265,2283,2289,2292,2291],"product_tag":[4520,4027],"class_list":{"0":"post-21472","1":"product","2":"type-product","3":"status-publish","4":"has-post-thumbnail","6":"pwb-brand-anita-maternity-dojenje","7":"pwb-brand-dojenje","8":"product_cat-dojenje","9":"product_cat-modrci-za-dojenje","10":"product_cat-nedrcki-za-dojenje-s-kostjo","11":"product_cat-nedrcki-za-vecje-prsi","12":"product_cat-podlozeni-nedrcki-za-dojenje","13":"product_tag-anita-5010","14":"product_tag-anita-maternity","16":"first","17":"instock","18":"taxable","19":"shipping-taxable","20":"purchasable","21":"product-type-variable","22":"add-to-wishlist-before_image"},"yoast_head":"<!-- This site is optimized with the Yoast SEO plugin v27.3 - https:\/\/yoast.com\/product\/yoast-seo-wordpress\/ -->\n<title>Podlo\u017eeni nedr\u010dek za dojenje s kostjo Anita 5010 - Black | Ajatutaja<\/title>\n<meta name=\"description\" content=\"Podlo\u017eeni nedr\u010dek za dojenje s kostjo Anita Maternity 5010 nudi izredno oporo. Notranjost ko\u0161arice je zra\u010dna. Primeren tudi za ve\u010dje prsi.\" \/>\n<meta name=\"robots\" content=\"index, follow, max-snippet:-1, max-image-preview:large, max-video-preview:-1\" \/>\n<link rel=\"canonical\" href=\"https:\/\/ajatutaja.com\/izdelek\/podlozeni-nedrcek-za-dojenje-s-kostjo-anita-5010-crna\/\" \/>\n<meta property=\"og:locale\" content=\"hr_HR\" \/>\n<meta property=\"og:type\" content=\"article\" \/>\n<meta property=\"og:title\" content=\"Podlo\u017eeni nedr\u010dek za dojenje s kostjo Anita 5010 - Black | Ajatutaja\" \/>\n<meta property=\"og:description\" content=\"Podlo\u017eeni nedr\u010dek za dojenje s kostjo Anita Maternity 5010 nudi izredno oporo. Notranjost ko\u0161arice je zra\u010dna. Primeren tudi za ve\u010dje prsi.\" \/>\n<meta property=\"og:url\" content=\"https:\/\/ajatutaja.com\/izdelek\/podlozeni-nedrcek-za-dojenje-s-kostjo-anita-5010-crna\/\" \/>\n<meta property=\"og:site_name\" content=\"Ajatutaja\" \/>\n<meta property=\"article:modified_time\" content=\"2023-03-21T08:37:52+00:00\" \/>\n<meta property=\"og:image\" content=\"https:\/\/ajatutaja.com\/wp-content\/uploads\/2021\/11\/Podlozeni-nedrcek-za-dojenje-s-kostjo-velike-stevilke-5010-001_01-e1610874705862.jpg\" \/>\n\t<meta property=\"og:image:width\" content=\"700\" \/>\n\t<meta property=\"og:image:height\" content=\"700\" \/>\n\t<meta property=\"og:image:type\" content=\"image\/jpeg\" \/>\n<meta name=\"twitter:card\" content=\"summary_large_image\" \/>\n<script type=\"application\/ld+json\" class=\"yoast-schema-graph\">{\"@context\":\"https:\\\/\\\/schema.org\",\"@graph\":[{\"@type\":\"WebPage\",\"@id\":\"https:\\\/\\\/ajatutaja.com\\\/izdelek\\\/podlozeni-nedrcek-za-dojenje-s-kostjo-anita-5010-crna\\\/\",\"url\":\"https:\\\/\\\/ajatutaja.com\\\/izdelek\\\/podlozeni-nedrcek-za-dojenje-s-kostjo-anita-5010-crna\\\/\",\"name\":\"Podlo\u017eeni nedr\u010dek za dojenje s kostjo Anita 5010 - Black | Ajatutaja\",\"isPartOf\":{\"@id\":\"https:\\\/\\\/ajatutaja.com\\\/#website\"},\"primaryImageOfPage\":{\"@id\":\"https:\\\/\\\/ajatutaja.com\\\/izdelek\\\/podlozeni-nedrcek-za-dojenje-s-kostjo-anita-5010-crna\\\/#primaryimage\"},\"image\":{\"@id\":\"https:\\\/\\\/ajatutaja.com\\\/izdelek\\\/podlozeni-nedrcek-za-dojenje-s-kostjo-anita-5010-crna\\\/#primaryimage\"},\"thumbnailUrl\":\"https:\\\/\\\/ajatutaja.com\\\/wp-content\\\/uploads\\\/2021\\\/11\\\/Podlozeni-nedrcek-za-dojenje-s-kostjo-velike-stevilke-5010-001_01-e1610874705862.jpg\",\"datePublished\":\"2016-06-03T06:03:27+00:00\",\"dateModified\":\"2023-03-21T08:37:52+00:00\",\"description\":\"Podlo\u017eeni nedr\u010dek za dojenje s kostjo Anita Maternity 5010 nudi izredno oporo. Notranjost ko\u0161arice je zra\u010dna. Primeren tudi za ve\u010dje prsi.\",\"breadcrumb\":{\"@id\":\"https:\\\/\\\/ajatutaja.com\\\/izdelek\\\/podlozeni-nedrcek-za-dojenje-s-kostjo-anita-5010-crna\\\/#breadcrumb\"},\"inLanguage\":\"hr\",\"potentialAction\":[{\"@type\":\"ReadAction\",\"target\":[\"https:\\\/\\\/ajatutaja.com\\\/izdelek\\\/podlozeni-nedrcek-za-dojenje-s-kostjo-anita-5010-crna\\\/\"]}]},{\"@type\":\"ImageObject\",\"inLanguage\":\"hr\",\"@id\":\"https:\\\/\\\/ajatutaja.com\\\/izdelek\\\/podlozeni-nedrcek-za-dojenje-s-kostjo-anita-5010-crna\\\/#primaryimage\",\"url\":\"https:\\\/\\\/ajatutaja.com\\\/wp-content\\\/uploads\\\/2021\\\/11\\\/Podlozeni-nedrcek-za-dojenje-s-kostjo-velike-stevilke-5010-001_01-e1610874705862.jpg\",\"contentUrl\":\"https:\\\/\\\/ajatutaja.com\\\/wp-content\\\/uploads\\\/2021\\\/11\\\/Podlozeni-nedrcek-za-dojenje-s-kostjo-velike-stevilke-5010-001_01-e1610874705862.jpg\",\"width\":700,\"height\":700},{\"@type\":\"BreadcrumbList\",\"@id\":\"https:\\\/\\\/ajatutaja.com\\\/izdelek\\\/podlozeni-nedrcek-za-dojenje-s-kostjo-anita-5010-crna\\\/#breadcrumb\",\"itemListElement\":[{\"@type\":\"ListItem\",\"position\":1,\"name\":\"Home\",\"item\":\"https:\\\/\\\/ajatutaja.com\\\/hr\\\/\"},{\"@type\":\"ListItem\",\"position\":2,\"name\":\"Trgovina\",\"item\":\"https:\\\/\\\/ajatutaja.com\\\/hr\\\/trgovina\\\/\"},{\"@type\":\"ListItem\",\"position\":3,\"name\":\"Podlo\u017eeni nedr\u010dek za dojenje s kostjo Anita 5010 &#8211; Black\"}]},{\"@type\":\"WebSite\",\"@id\":\"https:\\\/\\\/ajatutaja.com\\\/#website\",\"url\":\"https:\\\/\\\/ajatutaja.com\\\/\",\"name\":\"Ajatutaja\",\"description\":\"Otro\u0161ka spletna trgovina AJATUTAJA\",\"publisher\":{\"@id\":\"https:\\\/\\\/ajatutaja.com\\\/#organization\"},\"potentialAction\":[{\"@type\":\"SearchAction\",\"target\":{\"@type\":\"EntryPoint\",\"urlTemplate\":\"https:\\\/\\\/ajatutaja.com\\\/?s={search_term_string}\"},\"query-input\":{\"@type\":\"PropertyValueSpecification\",\"valueRequired\":true,\"valueName\":\"search_term_string\"}}],\"inLanguage\":\"hr\"},{\"@type\":\"Organization\",\"@id\":\"https:\\\/\\\/ajatutaja.com\\\/#organization\",\"name\":\"Ajatutaja\",\"url\":\"https:\\\/\\\/ajatutaja.com\\\/\",\"logo\":{\"@type\":\"ImageObject\",\"inLanguage\":\"hr\",\"@id\":\"https:\\\/\\\/ajatutaja.com\\\/#\\\/schema\\\/logo\\\/image\\\/\",\"url\":\"https:\\\/\\\/ajatutaja.com\\\/wp-content\\\/uploads\\\/2021\\\/10\\\/logo.png\",\"contentUrl\":\"https:\\\/\\\/ajatutaja.com\\\/wp-content\\\/uploads\\\/2021\\\/10\\\/logo.png\",\"width\":555,\"height\":150,\"caption\":\"Ajatutaja\"},\"image\":{\"@id\":\"https:\\\/\\\/ajatutaja.com\\\/#\\\/schema\\\/logo\\\/image\\\/\"}}]}<\/script>\n<!-- \/ Yoast SEO plugin. -->","yoast_head_json":{"title":"Podlo\u017eeni nedr\u010dek za dojenje s kostjo Anita 5010 - Black | Ajatutaja","description":"Podlo\u017eeni nedr\u010dek za dojenje s kostjo Anita Maternity 5010 nudi izredno oporo. Notranjost ko\u0161arice je zra\u010dna. Primeren tudi za ve\u010dje prsi.","robots":{"index":"index","follow":"follow","max-snippet":"max-snippet:-1","max-image-preview":"max-image-preview:large","max-video-preview":"max-video-preview:-1"},"canonical":"https:\/\/ajatutaja.com\/izdelek\/podlozeni-nedrcek-za-dojenje-s-kostjo-anita-5010-crna\/","og_locale":"hr_HR","og_type":"article","og_title":"Podlo\u017eeni nedr\u010dek za dojenje s kostjo Anita 5010 - Black | Ajatutaja","og_description":"Podlo\u017eeni nedr\u010dek za dojenje s kostjo Anita Maternity 5010 nudi izredno oporo. Notranjost ko\u0161arice je zra\u010dna. Primeren tudi za ve\u010dje prsi.","og_url":"https:\/\/ajatutaja.com\/izdelek\/podlozeni-nedrcek-za-dojenje-s-kostjo-anita-5010-crna\/","og_site_name":"Ajatutaja","article_modified_time":"2023-03-21T08:37:52+00:00","og_image":[{"width":700,"height":700,"url":"https:\/\/ajatutaja.com\/wp-content\/uploads\/2021\/11\/Podlozeni-nedrcek-za-dojenje-s-kostjo-velike-stevilke-5010-001_01-e1610874705862.jpg","type":"image\/jpeg"}],"twitter_card":"summary_large_image","schema":{"@context":"https:\/\/schema.org","@graph":[{"@type":"WebPage","@id":"https:\/\/ajatutaja.com\/izdelek\/podlozeni-nedrcek-za-dojenje-s-kostjo-anita-5010-crna\/","url":"https:\/\/ajatutaja.com\/izdelek\/podlozeni-nedrcek-za-dojenje-s-kostjo-anita-5010-crna\/","name":"Podlo\u017eeni nedr\u010dek za dojenje s kostjo Anita 5010 - Black | Ajatutaja","isPartOf":{"@id":"https:\/\/ajatutaja.com\/#website"},"primaryImageOfPage":{"@id":"https:\/\/ajatutaja.com\/izdelek\/podlozeni-nedrcek-za-dojenje-s-kostjo-anita-5010-crna\/#primaryimage"},"image":{"@id":"https:\/\/ajatutaja.com\/izdelek\/podlozeni-nedrcek-za-dojenje-s-kostjo-anita-5010-crna\/#primaryimage"},"thumbnailUrl":"https:\/\/ajatutaja.com\/wp-content\/uploads\/2021\/11\/Podlozeni-nedrcek-za-dojenje-s-kostjo-velike-stevilke-5010-001_01-e1610874705862.jpg","datePublished":"2016-06-03T06:03:27+00:00","dateModified":"2023-03-21T08:37:52+00:00","description":"Podlo\u017eeni nedr\u010dek za dojenje s kostjo Anita Maternity 5010 nudi izredno oporo. Notranjost ko\u0161arice je zra\u010dna. Primeren tudi za ve\u010dje prsi.","breadcrumb":{"@id":"https:\/\/ajatutaja.com\/izdelek\/podlozeni-nedrcek-za-dojenje-s-kostjo-anita-5010-crna\/#breadcrumb"},"inLanguage":"hr","potentialAction":[{"@type":"ReadAction","target":["https:\/\/ajatutaja.com\/izdelek\/podlozeni-nedrcek-za-dojenje-s-kostjo-anita-5010-crna\/"]}]},{"@type":"ImageObject","inLanguage":"hr","@id":"https:\/\/ajatutaja.com\/izdelek\/podlozeni-nedrcek-za-dojenje-s-kostjo-anita-5010-crna\/#primaryimage","url":"https:\/\/ajatutaja.com\/wp-content\/uploads\/2021\/11\/Podlozeni-nedrcek-za-dojenje-s-kostjo-velike-stevilke-5010-001_01-e1610874705862.jpg","contentUrl":"https:\/\/ajatutaja.com\/wp-content\/uploads\/2021\/11\/Podlozeni-nedrcek-za-dojenje-s-kostjo-velike-stevilke-5010-001_01-e1610874705862.jpg","width":700,"height":700},{"@type":"BreadcrumbList","@id":"https:\/\/ajatutaja.com\/izdelek\/podlozeni-nedrcek-za-dojenje-s-kostjo-anita-5010-crna\/#breadcrumb","itemListElement":[{"@type":"ListItem","position":1,"name":"Home","item":"https:\/\/ajatutaja.com\/hr\/"},{"@type":"ListItem","position":2,"name":"Trgovina","item":"https:\/\/ajatutaja.com\/hr\/trgovina\/"},{"@type":"ListItem","position":3,"name":"Podlo\u017eeni nedr\u010dek za dojenje s kostjo Anita 5010 &#8211; Black"}]},{"@type":"WebSite","@id":"https:\/\/ajatutaja.com\/#website","url":"https:\/\/ajatutaja.com\/","name":"Ajatutaja","description":"Otro\u0161ka spletna trgovina AJATUTAJA","publisher":{"@id":"https:\/\/ajatutaja.com\/#organization"},"potentialAction":[{"@type":"SearchAction","target":{"@type":"EntryPoint","urlTemplate":"https:\/\/ajatutaja.com\/?s={search_term_string}"},"query-input":{"@type":"PropertyValueSpecification","valueRequired":true,"valueName":"search_term_string"}}],"inLanguage":"hr"},{"@type":"Organization","@id":"https:\/\/ajatutaja.com\/#organization","name":"Ajatutaja","url":"https:\/\/ajatutaja.com\/","logo":{"@type":"ImageObject","inLanguage":"hr","@id":"https:\/\/ajatutaja.com\/#\/schema\/logo\/image\/","url":"https:\/\/ajatutaja.com\/wp-content\/uploads\/2021\/10\/logo.png","contentUrl":"https:\/\/ajatutaja.com\/wp-content\/uploads\/2021\/10\/logo.png","width":555,"height":150,"caption":"Ajatutaja"},"image":{"@id":"https:\/\/ajatutaja.com\/#\/schema\/logo\/image\/"}}]}},"brands":[{"id":2295,"name":"Anita Maternity","slug":"anita-maternity-dojenje"},{"id":2268,"name":"Dojenje","slug":"dojenje"}],"_links":{"self":[{"href":"https:\/\/ajatutaja.com\/hr\/wp-json\/wp\/v2\/product\/21472","targetHints":{"allow":["GET"]}}],"collection":[{"href":"https:\/\/ajatutaja.com\/hr\/wp-json\/wp\/v2\/product"}],"about":[{"href":"https:\/\/ajatutaja.com\/hr\/wp-json\/wp\/v2\/types\/product"}],"wp:featuredmedia":[{"embeddable":true,"href":"https:\/\/ajatutaja.com\/hr\/wp-json\/wp\/v2\/media\/21473"}],"wp:attachment":[{"href":"https:\/\/ajatutaja.com\/hr\/wp-json\/wp\/v2\/media?parent=21472"}],"wp:term":[{"taxonomy":"pwb-brand","embeddable":true,"href":"https:\/\/ajatutaja.com\/hr\/wp-json\/wp\/v2\/pwb-brand?post=21472"},{"taxonomy":"product_brand","embeddable":true,"href":"https:\/\/ajatutaja.com\/hr\/wp-json\/wp\/v2\/product_brand?post=21472"},{"taxonomy":"product_cat","embeddable":true,"href":"https:\/\/ajatutaja.com\/hr\/wp-json\/wp\/v2\/product_cat?post=21472"},{"taxonomy":"product_tag","embeddable":true,"href":"https:\/\/ajatutaja.com\/hr\/wp-json\/wp\/v2\/product_tag?post=21472"}],"curies":[{"name":"wp","href":"https:\/\/api.w.org\/{rel}","templated":true}]}}