{"id":21405,"date":"2024-11-12T12:04:49","date_gmt":"2024-11-12T11:04:49","guid":{"rendered":"https:\/\/ajatutaja.com\/izdelek\/body-na-preklop-dolg-rokav-bela\/"},"modified":"2026-01-14T16:22:15","modified_gmt":"2026-01-14T15:22:15","slug":"bodi-na-preklop-dolg-rokav-bela","status":"publish","type":"product","link":"https:\/\/ajatutaja.com\/hr\/proizvod\/bodi-na-preklop-dolg-rokav-bela\/","title":{"rendered":"Bodi na preklop dolg rokav Clar &#8211; Bela (62)"},"content":{"rendered":"<p>[vc_row][vc_column][vc_column_text]<\/p>\n<p style=\"text-align: justify\">Bomba\u017eni bodi na preklop Clar z dolgimi rokavi v beli barvi. Bodi benkica ima pripenjanje s 3 stiska\u010di in mehko odpiranje.<\/p>\n<p style=\"text-align: center\"><span style=\"color: #808080\"><em>Surovinska sestava:<\/em><\/span><br \/>\n<span style=\"color: #808080\"><em>100% bomba\u017e<\/em><\/span><\/p>\n<p>\u00a0[\/vc_column_text][\/vc_column][\/vc_row]<\/p>\n","protected":false},"excerpt":{"rendered":"<p style=\"text-align: justify\">Bodi na preklop ali bodi benkica Clar v beli barvi je nepogre\u0161ljiv kos obla\u010dila za vsakega novorojen\u010dka. \u010cez zimo ga dojen\u010dku oble\u010demo kot spodnja maj\u010dka, v toplih mesecih pa je uporabna kot vrhnje obla\u010dilo.<\/p>\n","protected":false},"featured_media":71498,"template":"","meta":[],"pwb-brand":[2701,2696],"product_brand":[],"product_cat":[2609,2682,2685],"product_tag":[4078,4306,4307],"class_list":{"0":"post-21405","1":"product","2":"type-product","3":"status-publish","4":"has-post-thumbnail","6":"pwb-brand-clar","7":"pwb-brand-moda","8":"product_cat-moda","9":"product_cat-oblacila-za-novorojencka","10":"product_cat-otroski-bodi","11":"product_tag-clar","12":"product_tag-kaj-potrebujem-za-novorojencka","13":"product_tag-slovenski-proizvod","15":"first","16":"instock","17":"taxable","18":"shipping-taxable","19":"purchasable","20":"product-type-variable","21":"add-to-wishlist-before_image"},"yoast_head":"<!-- This site is optimized with the Yoast SEO plugin v27.3 - https:\/\/yoast.com\/product\/yoast-seo-wordpress\/ -->\n<title>Bodi na preklop dolg rokav Clar - Bela (62) | Ajatutaja<\/title>\n<meta name=\"description\" content=\"Bodi na preklop ali bodi benkica Clar v beli barvi je nepogre\u0161ljiv kos obla\u010dila za vsakega novorojen\u010dka. \u010cez zimo ga dojen\u010dku oble\u010demo kot spodnja maj\u010dka, v toplih mesecih pa je uporabna kot vrhnje obla\u010dilo.\" \/>\n<meta name=\"robots\" content=\"index, follow, max-snippet:-1, max-image-preview:large, max-video-preview:-1\" \/>\n<link rel=\"canonical\" href=\"https:\/\/ajatutaja.com\/izdelek\/bodi-na-preklop-dolg-rokav-bela\/\" \/>\n<meta property=\"og:locale\" content=\"hr_HR\" \/>\n<meta property=\"og:type\" content=\"article\" \/>\n<meta property=\"og:title\" content=\"Bodi na preklop dolg rokav Clar - Bela (62) | Ajatutaja\" \/>\n<meta property=\"og:description\" content=\"Bodi na preklop ali bodi benkica Clar v beli barvi je nepogre\u0161ljiv kos obla\u010dila za vsakega novorojen\u010dka. \u010cez zimo ga dojen\u010dku oble\u010demo kot spodnja maj\u010dka, v toplih mesecih pa je uporabna kot vrhnje obla\u010dilo.\" \/>\n<meta property=\"og:url\" content=\"https:\/\/ajatutaja.com\/izdelek\/bodi-na-preklop-dolg-rokav-bela\/\" \/>\n<meta property=\"og:site_name\" content=\"Ajatutaja\" \/>\n<meta property=\"article:modified_time\" content=\"2026-01-14T15:22:15+00:00\" \/>\n<meta property=\"og:image\" content=\"https:\/\/ajatutaja.com\/wp-content\/uploads\/2015\/02\/Clar-bodi-na-preklop-bela-barva-1.jpg\" \/>\n\t<meta property=\"og:image:width\" content=\"1000\" \/>\n\t<meta property=\"og:image:height\" content=\"1000\" \/>\n\t<meta property=\"og:image:type\" content=\"image\/jpeg\" \/>\n<meta name=\"twitter:card\" content=\"summary_large_image\" \/>\n<script type=\"application\/ld+json\" class=\"yoast-schema-graph\">{\"@context\":\"https:\\\/\\\/schema.org\",\"@graph\":[{\"@type\":\"WebPage\",\"@id\":\"https:\\\/\\\/ajatutaja.com\\\/izdelek\\\/bodi-na-preklop-dolg-rokav-bela\\\/\",\"url\":\"https:\\\/\\\/ajatutaja.com\\\/izdelek\\\/bodi-na-preklop-dolg-rokav-bela\\\/\",\"name\":\"Bodi na preklop dolg rokav Clar - Bela (62) | Ajatutaja\",\"isPartOf\":{\"@id\":\"https:\\\/\\\/ajatutaja.com\\\/#website\"},\"primaryImageOfPage\":{\"@id\":\"https:\\\/\\\/ajatutaja.com\\\/izdelek\\\/bodi-na-preklop-dolg-rokav-bela\\\/#primaryimage\"},\"image\":{\"@id\":\"https:\\\/\\\/ajatutaja.com\\\/izdelek\\\/bodi-na-preklop-dolg-rokav-bela\\\/#primaryimage\"},\"thumbnailUrl\":\"https:\\\/\\\/ajatutaja.com\\\/wp-content\\\/uploads\\\/2015\\\/02\\\/Clar-bodi-na-preklop-bela-barva-1.jpg\",\"datePublished\":\"2024-11-12T11:04:49+00:00\",\"dateModified\":\"2026-01-14T15:22:15+00:00\",\"description\":\"Bodi na preklop ali bodi benkica Clar v beli barvi je nepogre\u0161ljiv kos obla\u010dila za vsakega novorojen\u010dka. \u010cez zimo ga dojen\u010dku oble\u010demo kot spodnja maj\u010dka, v toplih mesecih pa je uporabna kot vrhnje obla\u010dilo.\",\"breadcrumb\":{\"@id\":\"https:\\\/\\\/ajatutaja.com\\\/izdelek\\\/bodi-na-preklop-dolg-rokav-bela\\\/#breadcrumb\"},\"inLanguage\":\"hr\",\"potentialAction\":[{\"@type\":\"ReadAction\",\"target\":[\"https:\\\/\\\/ajatutaja.com\\\/izdelek\\\/bodi-na-preklop-dolg-rokav-bela\\\/\"]}]},{\"@type\":\"ImageObject\",\"inLanguage\":\"hr\",\"@id\":\"https:\\\/\\\/ajatutaja.com\\\/izdelek\\\/bodi-na-preklop-dolg-rokav-bela\\\/#primaryimage\",\"url\":\"https:\\\/\\\/ajatutaja.com\\\/wp-content\\\/uploads\\\/2015\\\/02\\\/Clar-bodi-na-preklop-bela-barva-1.jpg\",\"contentUrl\":\"https:\\\/\\\/ajatutaja.com\\\/wp-content\\\/uploads\\\/2015\\\/02\\\/Clar-bodi-na-preklop-bela-barva-1.jpg\",\"width\":1000,\"height\":1000},{\"@type\":\"BreadcrumbList\",\"@id\":\"https:\\\/\\\/ajatutaja.com\\\/izdelek\\\/bodi-na-preklop-dolg-rokav-bela\\\/#breadcrumb\",\"itemListElement\":[{\"@type\":\"ListItem\",\"position\":1,\"name\":\"Home\",\"item\":\"https:\\\/\\\/ajatutaja.com\\\/hr\\\/\"},{\"@type\":\"ListItem\",\"position\":2,\"name\":\"Trgovina\",\"item\":\"https:\\\/\\\/ajatutaja.com\\\/hr\\\/trgovina\\\/\"},{\"@type\":\"ListItem\",\"position\":3,\"name\":\"Bodi na preklop dolg rokav Clar &#8211; Bela (62)\"}]},{\"@type\":\"WebSite\",\"@id\":\"https:\\\/\\\/ajatutaja.com\\\/#website\",\"url\":\"https:\\\/\\\/ajatutaja.com\\\/\",\"name\":\"Ajatutaja\",\"description\":\"Otro\u0161ka spletna trgovina AJATUTAJA\",\"publisher\":{\"@id\":\"https:\\\/\\\/ajatutaja.com\\\/#organization\"},\"potentialAction\":[{\"@type\":\"SearchAction\",\"target\":{\"@type\":\"EntryPoint\",\"urlTemplate\":\"https:\\\/\\\/ajatutaja.com\\\/?s={search_term_string}\"},\"query-input\":{\"@type\":\"PropertyValueSpecification\",\"valueRequired\":true,\"valueName\":\"search_term_string\"}}],\"inLanguage\":\"hr\"},{\"@type\":\"Organization\",\"@id\":\"https:\\\/\\\/ajatutaja.com\\\/#organization\",\"name\":\"Ajatutaja\",\"url\":\"https:\\\/\\\/ajatutaja.com\\\/\",\"logo\":{\"@type\":\"ImageObject\",\"inLanguage\":\"hr\",\"@id\":\"https:\\\/\\\/ajatutaja.com\\\/#\\\/schema\\\/logo\\\/image\\\/\",\"url\":\"https:\\\/\\\/ajatutaja.com\\\/wp-content\\\/uploads\\\/2021\\\/10\\\/logo.png\",\"contentUrl\":\"https:\\\/\\\/ajatutaja.com\\\/wp-content\\\/uploads\\\/2021\\\/10\\\/logo.png\",\"width\":555,\"height\":150,\"caption\":\"Ajatutaja\"},\"image\":{\"@id\":\"https:\\\/\\\/ajatutaja.com\\\/#\\\/schema\\\/logo\\\/image\\\/\"}}]}<\/script>\n<!-- \/ Yoast SEO plugin. -->","yoast_head_json":{"title":"Bodi na preklop dolg rokav Clar - Bela (62) | Ajatutaja","description":"Bodi na preklop ali bodi benkica Clar v beli barvi je nepogre\u0161ljiv kos obla\u010dila za vsakega novorojen\u010dka. \u010cez zimo ga dojen\u010dku oble\u010demo kot spodnja maj\u010dka, v toplih mesecih pa je uporabna kot vrhnje obla\u010dilo.","robots":{"index":"index","follow":"follow","max-snippet":"max-snippet:-1","max-image-preview":"max-image-preview:large","max-video-preview":"max-video-preview:-1"},"canonical":"https:\/\/ajatutaja.com\/izdelek\/bodi-na-preklop-dolg-rokav-bela\/","og_locale":"hr_HR","og_type":"article","og_title":"Bodi na preklop dolg rokav Clar - Bela (62) | Ajatutaja","og_description":"Bodi na preklop ali bodi benkica Clar v beli barvi je nepogre\u0161ljiv kos obla\u010dila za vsakega novorojen\u010dka. \u010cez zimo ga dojen\u010dku oble\u010demo kot spodnja maj\u010dka, v toplih mesecih pa je uporabna kot vrhnje obla\u010dilo.","og_url":"https:\/\/ajatutaja.com\/izdelek\/bodi-na-preklop-dolg-rokav-bela\/","og_site_name":"Ajatutaja","article_modified_time":"2026-01-14T15:22:15+00:00","og_image":[{"width":1000,"height":1000,"url":"https:\/\/ajatutaja.com\/wp-content\/uploads\/2015\/02\/Clar-bodi-na-preklop-bela-barva-1.jpg","type":"image\/jpeg"}],"twitter_card":"summary_large_image","schema":{"@context":"https:\/\/schema.org","@graph":[{"@type":"WebPage","@id":"https:\/\/ajatutaja.com\/izdelek\/bodi-na-preklop-dolg-rokav-bela\/","url":"https:\/\/ajatutaja.com\/izdelek\/bodi-na-preklop-dolg-rokav-bela\/","name":"Bodi na preklop dolg rokav Clar - Bela (62) | Ajatutaja","isPartOf":{"@id":"https:\/\/ajatutaja.com\/#website"},"primaryImageOfPage":{"@id":"https:\/\/ajatutaja.com\/izdelek\/bodi-na-preklop-dolg-rokav-bela\/#primaryimage"},"image":{"@id":"https:\/\/ajatutaja.com\/izdelek\/bodi-na-preklop-dolg-rokav-bela\/#primaryimage"},"thumbnailUrl":"https:\/\/ajatutaja.com\/wp-content\/uploads\/2015\/02\/Clar-bodi-na-preklop-bela-barva-1.jpg","datePublished":"2024-11-12T11:04:49+00:00","dateModified":"2026-01-14T15:22:15+00:00","description":"Bodi na preklop ali bodi benkica Clar v beli barvi je nepogre\u0161ljiv kos obla\u010dila za vsakega novorojen\u010dka. \u010cez zimo ga dojen\u010dku oble\u010demo kot spodnja maj\u010dka, v toplih mesecih pa je uporabna kot vrhnje obla\u010dilo.","breadcrumb":{"@id":"https:\/\/ajatutaja.com\/izdelek\/bodi-na-preklop-dolg-rokav-bela\/#breadcrumb"},"inLanguage":"hr","potentialAction":[{"@type":"ReadAction","target":["https:\/\/ajatutaja.com\/izdelek\/bodi-na-preklop-dolg-rokav-bela\/"]}]},{"@type":"ImageObject","inLanguage":"hr","@id":"https:\/\/ajatutaja.com\/izdelek\/bodi-na-preklop-dolg-rokav-bela\/#primaryimage","url":"https:\/\/ajatutaja.com\/wp-content\/uploads\/2015\/02\/Clar-bodi-na-preklop-bela-barva-1.jpg","contentUrl":"https:\/\/ajatutaja.com\/wp-content\/uploads\/2015\/02\/Clar-bodi-na-preklop-bela-barva-1.jpg","width":1000,"height":1000},{"@type":"BreadcrumbList","@id":"https:\/\/ajatutaja.com\/izdelek\/bodi-na-preklop-dolg-rokav-bela\/#breadcrumb","itemListElement":[{"@type":"ListItem","position":1,"name":"Home","item":"https:\/\/ajatutaja.com\/hr\/"},{"@type":"ListItem","position":2,"name":"Trgovina","item":"https:\/\/ajatutaja.com\/hr\/trgovina\/"},{"@type":"ListItem","position":3,"name":"Bodi na preklop dolg rokav Clar &#8211; Bela (62)"}]},{"@type":"WebSite","@id":"https:\/\/ajatutaja.com\/#website","url":"https:\/\/ajatutaja.com\/","name":"Ajatutaja","description":"Otro\u0161ka spletna trgovina AJATUTAJA","publisher":{"@id":"https:\/\/ajatutaja.com\/#organization"},"potentialAction":[{"@type":"SearchAction","target":{"@type":"EntryPoint","urlTemplate":"https:\/\/ajatutaja.com\/?s={search_term_string}"},"query-input":{"@type":"PropertyValueSpecification","valueRequired":true,"valueName":"search_term_string"}}],"inLanguage":"hr"},{"@type":"Organization","@id":"https:\/\/ajatutaja.com\/#organization","name":"Ajatutaja","url":"https:\/\/ajatutaja.com\/","logo":{"@type":"ImageObject","inLanguage":"hr","@id":"https:\/\/ajatutaja.com\/#\/schema\/logo\/image\/","url":"https:\/\/ajatutaja.com\/wp-content\/uploads\/2021\/10\/logo.png","contentUrl":"https:\/\/ajatutaja.com\/wp-content\/uploads\/2021\/10\/logo.png","width":555,"height":150,"caption":"Ajatutaja"},"image":{"@id":"https:\/\/ajatutaja.com\/#\/schema\/logo\/image\/"}}]}},"brands":[{"id":2701,"name":"Clar","slug":"clar"},{"id":2696,"name":"Moda","slug":"moda"}],"_links":{"self":[{"href":"https:\/\/ajatutaja.com\/hr\/wp-json\/wp\/v2\/product\/21405","targetHints":{"allow":["GET"]}}],"collection":[{"href":"https:\/\/ajatutaja.com\/hr\/wp-json\/wp\/v2\/product"}],"about":[{"href":"https:\/\/ajatutaja.com\/hr\/wp-json\/wp\/v2\/types\/product"}],"wp:featuredmedia":[{"embeddable":true,"href":"https:\/\/ajatutaja.com\/hr\/wp-json\/wp\/v2\/media\/71498"}],"wp:attachment":[{"href":"https:\/\/ajatutaja.com\/hr\/wp-json\/wp\/v2\/media?parent=21405"}],"wp:term":[{"taxonomy":"pwb-brand","embeddable":true,"href":"https:\/\/ajatutaja.com\/hr\/wp-json\/wp\/v2\/pwb-brand?post=21405"},{"taxonomy":"product_brand","embeddable":true,"href":"https:\/\/ajatutaja.com\/hr\/wp-json\/wp\/v2\/product_brand?post=21405"},{"taxonomy":"product_cat","embeddable":true,"href":"https:\/\/ajatutaja.com\/hr\/wp-json\/wp\/v2\/product_cat?post=21405"},{"taxonomy":"product_tag","embeddable":true,"href":"https:\/\/ajatutaja.com\/hr\/wp-json\/wp\/v2\/product_tag?post=21405"}],"curies":[{"name":"wp","href":"https:\/\/api.w.org\/{rel}","templated":true}]}}