{"id":21392,"date":"2015-02-11T13:53:42","date_gmt":"2015-02-11T12:53:42","guid":{"rendered":"https:\/\/ajatutaja.com\/izdelek\/body-dolg-rokav-bamboo\/"},"modified":"2025-06-09T14:04:11","modified_gmt":"2025-06-09T12:04:11","slug":"body-dolg-rokav-bamboo","status":"publish","type":"product","link":"https:\/\/ajatutaja.com\/hr\/proizvod\/body-dolg-rokav-bamboo\/","title":{"rendered":"Bodi dolg rokav Clar &#8211; Bamboo"},"content":{"rendered":"<p>[vc_row][vc_column][vc_column_text]<\/p>\n<p style=\"text-align: justify\">Body Bamboo z dolgimi rokavi v naravni &#8211; smetana barvi je izredno pro\u017een material zaradi vsebnosti elastana. Bambus pletivo je izredno zra\u010dno in prijetno na ko\u017ei. Body bamboo ima\u00a0 pripenjanje s 3 stiska\u010di spodaj in mehko odpiranje z dvemi stiska\u010di na ramenih.<\/p>\n<p style=\"text-align: center\"><span style=\"color: #808080\"><em>Surovinska sestava:<\/em><\/span><br \/>\n<span style=\"color: #808080\"><em>92% bambus 8% elastan<\/em><\/span><\/p>\n<p>[\/vc_column_text][\/vc_column][\/vc_row]<\/p>\n","protected":false},"excerpt":{"rendered":"<p style=\"text-align: justify\">Body Bamboo z dolgimi rokavi je nepogre\u0161ljiv kos obla\u010dila za vsakega mal\u010dka in slu\u017ei kot spodna maj\u010dka. Va\u0161 otrok bo v bodiju bamboo sre\u010den, saj se med spanjem in igro ne bo toliko potil.\u00a0 Izdelki iz bambusovih pletiv namre\u010d dajejo prijeten ob\u010dutek hlajenja in udobja v vro\u010dini ter ob\u010dutek toplote v hladnem.<\/p>\n<p style=\"text-align: justify\">Zaradi teh lastnosti je Bamboo izredno primeren material za otro\u0161ka obla\u010dila, predvsem spodnje perilo, ki je v stalnem stiku s ko\u017eo.<\/p>\n","protected":false},"featured_media":25289,"template":"","meta":[],"pwb-brand":[2701,2696],"product_brand":[],"product_cat":[2609,2685],"product_tag":[4079,4078],"class_list":{"0":"post-21392","1":"product","2":"type-product","3":"status-publish","4":"has-post-thumbnail","6":"pwb-brand-clar","7":"pwb-brand-moda","8":"product_cat-moda","9":"product_cat-otroski-bodi","10":"product_tag-bamboo","11":"product_tag-clar","13":"first","14":"outofstock","15":"taxable","16":"shipping-taxable","17":"purchasable","18":"product-type-variable","19":"add-to-wishlist-before_image"},"yoast_head":"<!-- This site is optimized with the Yoast SEO plugin v27.3 - https:\/\/yoast.com\/product\/yoast-seo-wordpress\/ -->\n<title>Bodi dolg rokav Clar - Bamboo | Ajatutaja<\/title>\n<meta name=\"description\" content=\"Otro\u0161ki Body iz bambus pletiva je mehek iz zra\u010den. Bamboo ima naravne antibakterijske lastnosti. Izredno raztegljiv.\" \/>\n<meta name=\"robots\" content=\"index, follow, max-snippet:-1, max-image-preview:large, max-video-preview:-1\" \/>\n<link rel=\"canonical\" href=\"https:\/\/ajatutaja.com\/izdelek\/body-dolg-rokav-bamboo\/\" \/>\n<meta property=\"og:locale\" content=\"hr_HR\" \/>\n<meta property=\"og:type\" content=\"article\" \/>\n<meta property=\"og:title\" content=\"Bodi dolg rokav Clar - Bamboo | Ajatutaja\" \/>\n<meta property=\"og:description\" content=\"Otro\u0161ki Body iz bambus pletiva je mehek iz zra\u010den. Bamboo ima naravne antibakterijske lastnosti. Izredno raztegljiv.\" \/>\n<meta property=\"og:url\" content=\"https:\/\/ajatutaja.com\/izdelek\/body-dolg-rokav-bamboo\/\" \/>\n<meta property=\"og:site_name\" content=\"Ajatutaja\" \/>\n<meta property=\"article:modified_time\" content=\"2025-06-09T12:04:11+00:00\" \/>\n<meta property=\"og:image\" content=\"https:\/\/ajatutaja.com\/wp-content\/uploads\/2016\/02\/Bodi-bamboo-clar-dolg-rokav-ajatutaja-05210.jpg\" \/>\n\t<meta property=\"og:image:width\" content=\"1000\" \/>\n\t<meta property=\"og:image:height\" content=\"1280\" \/>\n\t<meta property=\"og:image:type\" content=\"image\/jpeg\" \/>\n<meta name=\"twitter:card\" content=\"summary_large_image\" \/>\n<meta name=\"twitter:label1\" content=\"Procijenjeno vrijeme \u010ditanja\" \/>\n\t<meta name=\"twitter:data1\" content=\"1 minuta\" \/>\n<script type=\"application\/ld+json\" class=\"yoast-schema-graph\">{\"@context\":\"https:\\\/\\\/schema.org\",\"@graph\":[{\"@type\":\"WebPage\",\"@id\":\"https:\\\/\\\/ajatutaja.com\\\/izdelek\\\/body-dolg-rokav-bamboo\\\/\",\"url\":\"https:\\\/\\\/ajatutaja.com\\\/izdelek\\\/body-dolg-rokav-bamboo\\\/\",\"name\":\"Bodi dolg rokav Clar - Bamboo | Ajatutaja\",\"isPartOf\":{\"@id\":\"https:\\\/\\\/ajatutaja.com\\\/#website\"},\"primaryImageOfPage\":{\"@id\":\"https:\\\/\\\/ajatutaja.com\\\/izdelek\\\/body-dolg-rokav-bamboo\\\/#primaryimage\"},\"image\":{\"@id\":\"https:\\\/\\\/ajatutaja.com\\\/izdelek\\\/body-dolg-rokav-bamboo\\\/#primaryimage\"},\"thumbnailUrl\":\"https:\\\/\\\/ajatutaja.com\\\/wp-content\\\/uploads\\\/2016\\\/02\\\/Bodi-bamboo-clar-dolg-rokav-ajatutaja-05210.jpg\",\"datePublished\":\"2015-02-11T12:53:42+00:00\",\"dateModified\":\"2025-06-09T12:04:11+00:00\",\"description\":\"Otro\u0161ki Body iz bambus pletiva je mehek iz zra\u010den. Bamboo ima naravne antibakterijske lastnosti. Izredno raztegljiv.\",\"breadcrumb\":{\"@id\":\"https:\\\/\\\/ajatutaja.com\\\/izdelek\\\/body-dolg-rokav-bamboo\\\/#breadcrumb\"},\"inLanguage\":\"hr\",\"potentialAction\":[{\"@type\":\"ReadAction\",\"target\":[\"https:\\\/\\\/ajatutaja.com\\\/izdelek\\\/body-dolg-rokav-bamboo\\\/\"]}]},{\"@type\":\"ImageObject\",\"inLanguage\":\"hr\",\"@id\":\"https:\\\/\\\/ajatutaja.com\\\/izdelek\\\/body-dolg-rokav-bamboo\\\/#primaryimage\",\"url\":\"https:\\\/\\\/ajatutaja.com\\\/wp-content\\\/uploads\\\/2016\\\/02\\\/Bodi-bamboo-clar-dolg-rokav-ajatutaja-05210.jpg\",\"contentUrl\":\"https:\\\/\\\/ajatutaja.com\\\/wp-content\\\/uploads\\\/2016\\\/02\\\/Bodi-bamboo-clar-dolg-rokav-ajatutaja-05210.jpg\",\"width\":1000,\"height\":1280},{\"@type\":\"BreadcrumbList\",\"@id\":\"https:\\\/\\\/ajatutaja.com\\\/izdelek\\\/body-dolg-rokav-bamboo\\\/#breadcrumb\",\"itemListElement\":[{\"@type\":\"ListItem\",\"position\":1,\"name\":\"Home\",\"item\":\"https:\\\/\\\/ajatutaja.com\\\/hr\\\/\"},{\"@type\":\"ListItem\",\"position\":2,\"name\":\"Trgovina\",\"item\":\"https:\\\/\\\/ajatutaja.com\\\/hr\\\/trgovina\\\/\"},{\"@type\":\"ListItem\",\"position\":3,\"name\":\"Bodi dolg rokav Clar &#8211; Bamboo\"}]},{\"@type\":\"WebSite\",\"@id\":\"https:\\\/\\\/ajatutaja.com\\\/#website\",\"url\":\"https:\\\/\\\/ajatutaja.com\\\/\",\"name\":\"Ajatutaja\",\"description\":\"Otro\u0161ka spletna trgovina AJATUTAJA\",\"publisher\":{\"@id\":\"https:\\\/\\\/ajatutaja.com\\\/#organization\"},\"potentialAction\":[{\"@type\":\"SearchAction\",\"target\":{\"@type\":\"EntryPoint\",\"urlTemplate\":\"https:\\\/\\\/ajatutaja.com\\\/?s={search_term_string}\"},\"query-input\":{\"@type\":\"PropertyValueSpecification\",\"valueRequired\":true,\"valueName\":\"search_term_string\"}}],\"inLanguage\":\"hr\"},{\"@type\":\"Organization\",\"@id\":\"https:\\\/\\\/ajatutaja.com\\\/#organization\",\"name\":\"Ajatutaja\",\"url\":\"https:\\\/\\\/ajatutaja.com\\\/\",\"logo\":{\"@type\":\"ImageObject\",\"inLanguage\":\"hr\",\"@id\":\"https:\\\/\\\/ajatutaja.com\\\/#\\\/schema\\\/logo\\\/image\\\/\",\"url\":\"https:\\\/\\\/ajatutaja.com\\\/wp-content\\\/uploads\\\/2021\\\/10\\\/logo.png\",\"contentUrl\":\"https:\\\/\\\/ajatutaja.com\\\/wp-content\\\/uploads\\\/2021\\\/10\\\/logo.png\",\"width\":555,\"height\":150,\"caption\":\"Ajatutaja\"},\"image\":{\"@id\":\"https:\\\/\\\/ajatutaja.com\\\/#\\\/schema\\\/logo\\\/image\\\/\"}}]}<\/script>\n<!-- \/ Yoast SEO plugin. -->","yoast_head_json":{"title":"Bodi dolg rokav Clar - Bamboo | Ajatutaja","description":"Otro\u0161ki Body iz bambus pletiva je mehek iz zra\u010den. Bamboo ima naravne antibakterijske lastnosti. Izredno raztegljiv.","robots":{"index":"index","follow":"follow","max-snippet":"max-snippet:-1","max-image-preview":"max-image-preview:large","max-video-preview":"max-video-preview:-1"},"canonical":"https:\/\/ajatutaja.com\/izdelek\/body-dolg-rokav-bamboo\/","og_locale":"hr_HR","og_type":"article","og_title":"Bodi dolg rokav Clar - Bamboo | Ajatutaja","og_description":"Otro\u0161ki Body iz bambus pletiva je mehek iz zra\u010den. Bamboo ima naravne antibakterijske lastnosti. Izredno raztegljiv.","og_url":"https:\/\/ajatutaja.com\/izdelek\/body-dolg-rokav-bamboo\/","og_site_name":"Ajatutaja","article_modified_time":"2025-06-09T12:04:11+00:00","og_image":[{"width":1000,"height":1280,"url":"https:\/\/ajatutaja.com\/wp-content\/uploads\/2016\/02\/Bodi-bamboo-clar-dolg-rokav-ajatutaja-05210.jpg","type":"image\/jpeg"}],"twitter_card":"summary_large_image","twitter_misc":{"Procijenjeno vrijeme \u010ditanja":"1 minuta"},"schema":{"@context":"https:\/\/schema.org","@graph":[{"@type":"WebPage","@id":"https:\/\/ajatutaja.com\/izdelek\/body-dolg-rokav-bamboo\/","url":"https:\/\/ajatutaja.com\/izdelek\/body-dolg-rokav-bamboo\/","name":"Bodi dolg rokav Clar - Bamboo | Ajatutaja","isPartOf":{"@id":"https:\/\/ajatutaja.com\/#website"},"primaryImageOfPage":{"@id":"https:\/\/ajatutaja.com\/izdelek\/body-dolg-rokav-bamboo\/#primaryimage"},"image":{"@id":"https:\/\/ajatutaja.com\/izdelek\/body-dolg-rokav-bamboo\/#primaryimage"},"thumbnailUrl":"https:\/\/ajatutaja.com\/wp-content\/uploads\/2016\/02\/Bodi-bamboo-clar-dolg-rokav-ajatutaja-05210.jpg","datePublished":"2015-02-11T12:53:42+00:00","dateModified":"2025-06-09T12:04:11+00:00","description":"Otro\u0161ki Body iz bambus pletiva je mehek iz zra\u010den. Bamboo ima naravne antibakterijske lastnosti. Izredno raztegljiv.","breadcrumb":{"@id":"https:\/\/ajatutaja.com\/izdelek\/body-dolg-rokav-bamboo\/#breadcrumb"},"inLanguage":"hr","potentialAction":[{"@type":"ReadAction","target":["https:\/\/ajatutaja.com\/izdelek\/body-dolg-rokav-bamboo\/"]}]},{"@type":"ImageObject","inLanguage":"hr","@id":"https:\/\/ajatutaja.com\/izdelek\/body-dolg-rokav-bamboo\/#primaryimage","url":"https:\/\/ajatutaja.com\/wp-content\/uploads\/2016\/02\/Bodi-bamboo-clar-dolg-rokav-ajatutaja-05210.jpg","contentUrl":"https:\/\/ajatutaja.com\/wp-content\/uploads\/2016\/02\/Bodi-bamboo-clar-dolg-rokav-ajatutaja-05210.jpg","width":1000,"height":1280},{"@type":"BreadcrumbList","@id":"https:\/\/ajatutaja.com\/izdelek\/body-dolg-rokav-bamboo\/#breadcrumb","itemListElement":[{"@type":"ListItem","position":1,"name":"Home","item":"https:\/\/ajatutaja.com\/hr\/"},{"@type":"ListItem","position":2,"name":"Trgovina","item":"https:\/\/ajatutaja.com\/hr\/trgovina\/"},{"@type":"ListItem","position":3,"name":"Bodi dolg rokav Clar &#8211; Bamboo"}]},{"@type":"WebSite","@id":"https:\/\/ajatutaja.com\/#website","url":"https:\/\/ajatutaja.com\/","name":"Ajatutaja","description":"Otro\u0161ka spletna trgovina AJATUTAJA","publisher":{"@id":"https:\/\/ajatutaja.com\/#organization"},"potentialAction":[{"@type":"SearchAction","target":{"@type":"EntryPoint","urlTemplate":"https:\/\/ajatutaja.com\/?s={search_term_string}"},"query-input":{"@type":"PropertyValueSpecification","valueRequired":true,"valueName":"search_term_string"}}],"inLanguage":"hr"},{"@type":"Organization","@id":"https:\/\/ajatutaja.com\/#organization","name":"Ajatutaja","url":"https:\/\/ajatutaja.com\/","logo":{"@type":"ImageObject","inLanguage":"hr","@id":"https:\/\/ajatutaja.com\/#\/schema\/logo\/image\/","url":"https:\/\/ajatutaja.com\/wp-content\/uploads\/2021\/10\/logo.png","contentUrl":"https:\/\/ajatutaja.com\/wp-content\/uploads\/2021\/10\/logo.png","width":555,"height":150,"caption":"Ajatutaja"},"image":{"@id":"https:\/\/ajatutaja.com\/#\/schema\/logo\/image\/"}}]}},"brands":[{"id":2701,"name":"Clar","slug":"clar"},{"id":2696,"name":"Moda","slug":"moda"}],"_links":{"self":[{"href":"https:\/\/ajatutaja.com\/hr\/wp-json\/wp\/v2\/product\/21392","targetHints":{"allow":["GET"]}}],"collection":[{"href":"https:\/\/ajatutaja.com\/hr\/wp-json\/wp\/v2\/product"}],"about":[{"href":"https:\/\/ajatutaja.com\/hr\/wp-json\/wp\/v2\/types\/product"}],"wp:featuredmedia":[{"embeddable":true,"href":"https:\/\/ajatutaja.com\/hr\/wp-json\/wp\/v2\/media\/25289"}],"wp:attachment":[{"href":"https:\/\/ajatutaja.com\/hr\/wp-json\/wp\/v2\/media?parent=21392"}],"wp:term":[{"taxonomy":"pwb-brand","embeddable":true,"href":"https:\/\/ajatutaja.com\/hr\/wp-json\/wp\/v2\/pwb-brand?post=21392"},{"taxonomy":"product_brand","embeddable":true,"href":"https:\/\/ajatutaja.com\/hr\/wp-json\/wp\/v2\/product_brand?post=21392"},{"taxonomy":"product_cat","embeddable":true,"href":"https:\/\/ajatutaja.com\/hr\/wp-json\/wp\/v2\/product_cat?post=21392"},{"taxonomy":"product_tag","embeddable":true,"href":"https:\/\/ajatutaja.com\/hr\/wp-json\/wp\/v2\/product_tag?post=21392"}],"curies":[{"name":"wp","href":"https:\/\/api.w.org\/{rel}","templated":true}]}}