{"id":21390,"date":"2016-02-11T13:26:26","date_gmt":"2016-02-11T12:26:26","guid":{"rendered":"https:\/\/ajatutaja.com\/izdelek\/body-brez-rokavov-bamboo\/"},"modified":"2024-12-11T08:14:27","modified_gmt":"2024-12-11T07:14:27","slug":"body-brez-rokavov-bamboo","status":"publish","type":"product","link":"https:\/\/ajatutaja.com\/hr\/proizvod\/body-brez-rokavov-bamboo\/","title":{"rendered":"Bodi brez rokavov Clar Bamboo"},"content":{"rendered":"<p>[vc_row][vc_column][vc_column_text]<\/p>\n<p style=\"text-align: justify\">Body Bamboo brez rokavov v naravni &#8211; smetana barvi je izredno pro\u017een material zaradi vsebnosti elastana. Bambus pletivo je izredno zra\u010dno in prijetno na ko\u017ei. Body bamboo ima\u00a0 pripenjanje s 3 stiska\u010di in mehko odpiranje.<\/p>\n<p style=\"text-align: center\"><span style=\"color: #808080\"><em>Surovinska sestava:<\/em><\/span><br \/>\n<span style=\"color: #808080\"><em>92% bambus 8% elastan<\/em><\/span><\/p>\n<p>[\/vc_column_text][\/vc_column][\/vc_row]<\/p>\n","protected":false},"excerpt":{"rendered":"<p style=\"text-align: justify\">Body Clar Bamboo brez rokavov je nepogre\u0161ljiv kos obla\u010dila za vsakega mal\u010dka in slu\u017ei kot spodna maj\u010dka. Va\u0161 otrok bo v bodiju bamboo sre\u010den, saj se med spanjem in igro ne bo toliko potil.\u00a0 Izdelki iz bambusovih pletiv namre\u010d dajejo prijeten ob\u010dutek hlajenja in udobja v vro\u010dini ter ob\u010dutek toplote v hladnem.<\/p>\n<p style=\"text-align: justify\">Zaradi teh lastnosti je Bamboo izredno primeren material za otro\u0161ka obla\u010dila, predvsem spodnje perilo, ki je v stalnem stiku s ko\u017eo.<\/p>\n<p style=\"text-align: justify\">\n","protected":false},"featured_media":33826,"template":"","meta":[],"pwb-brand":[2701,2696],"product_brand":[],"product_cat":[2609,2685],"product_tag":[4079,4078,4307],"class_list":{"0":"post-21390","1":"product","2":"type-product","3":"status-publish","4":"has-post-thumbnail","6":"pwb-brand-clar","7":"pwb-brand-moda","8":"product_cat-moda","9":"product_cat-otroski-bodi","10":"product_tag-bamboo","11":"product_tag-clar","12":"product_tag-slovenski-proizvod","14":"first","15":"instock","16":"taxable","17":"shipping-taxable","18":"purchasable","19":"product-type-variable","20":"add-to-wishlist-before_image"},"yoast_head":"<!-- This site is optimized with the Yoast SEO plugin v27.3 - https:\/\/yoast.com\/product\/yoast-seo-wordpress\/ -->\n<title>Bodi brez rokavov Clar Bamboo | Ajatutaja<\/title>\n<meta name=\"description\" content=\"Body na preklop iz bambus pletiva je mehek iz zra\u010den. Bamboo ima naravne antibakterijske lastnosti. Izredno raztegljiv.\" \/>\n<meta name=\"robots\" content=\"index, follow, max-snippet:-1, max-image-preview:large, max-video-preview:-1\" \/>\n<link rel=\"canonical\" href=\"https:\/\/ajatutaja.com\/izdelek\/body-brez-rokavov-bamboo\/\" \/>\n<meta property=\"og:locale\" content=\"hr_HR\" \/>\n<meta property=\"og:type\" content=\"article\" \/>\n<meta property=\"og:title\" content=\"Bodi brez rokavov Clar Bamboo | Ajatutaja\" \/>\n<meta property=\"og:description\" content=\"Body na preklop iz bambus pletiva je mehek iz zra\u010den. Bamboo ima naravne antibakterijske lastnosti. Izredno raztegljiv.\" \/>\n<meta property=\"og:url\" content=\"https:\/\/ajatutaja.com\/izdelek\/body-brez-rokavov-bamboo\/\" \/>\n<meta property=\"og:site_name\" content=\"Ajatutaja\" \/>\n<meta property=\"article:modified_time\" content=\"2024-12-11T07:14:27+00:00\" \/>\n<meta property=\"og:image\" content=\"https:\/\/ajatutaja.com\/wp-content\/uploads\/2016\/02\/05212-002-1000x1280-1.jpg\" \/>\n\t<meta property=\"og:image:width\" content=\"1000\" \/>\n\t<meta property=\"og:image:height\" content=\"1280\" \/>\n\t<meta property=\"og:image:type\" content=\"image\/jpeg\" \/>\n<meta name=\"twitter:card\" content=\"summary_large_image\" \/>\n<script type=\"application\/ld+json\" class=\"yoast-schema-graph\">{\"@context\":\"https:\\\/\\\/schema.org\",\"@graph\":[{\"@type\":\"WebPage\",\"@id\":\"https:\\\/\\\/ajatutaja.com\\\/izdelek\\\/body-brez-rokavov-bamboo\\\/\",\"url\":\"https:\\\/\\\/ajatutaja.com\\\/izdelek\\\/body-brez-rokavov-bamboo\\\/\",\"name\":\"Bodi brez rokavov Clar Bamboo | Ajatutaja\",\"isPartOf\":{\"@id\":\"https:\\\/\\\/ajatutaja.com\\\/#website\"},\"primaryImageOfPage\":{\"@id\":\"https:\\\/\\\/ajatutaja.com\\\/izdelek\\\/body-brez-rokavov-bamboo\\\/#primaryimage\"},\"image\":{\"@id\":\"https:\\\/\\\/ajatutaja.com\\\/izdelek\\\/body-brez-rokavov-bamboo\\\/#primaryimage\"},\"thumbnailUrl\":\"https:\\\/\\\/ajatutaja.com\\\/wp-content\\\/uploads\\\/2016\\\/02\\\/05212-002-1000x1280-1.jpg\",\"datePublished\":\"2016-02-11T12:26:26+00:00\",\"dateModified\":\"2024-12-11T07:14:27+00:00\",\"description\":\"Body na preklop iz bambus pletiva je mehek iz zra\u010den. Bamboo ima naravne antibakterijske lastnosti. Izredno raztegljiv.\",\"breadcrumb\":{\"@id\":\"https:\\\/\\\/ajatutaja.com\\\/izdelek\\\/body-brez-rokavov-bamboo\\\/#breadcrumb\"},\"inLanguage\":\"hr\",\"potentialAction\":[{\"@type\":\"ReadAction\",\"target\":[\"https:\\\/\\\/ajatutaja.com\\\/izdelek\\\/body-brez-rokavov-bamboo\\\/\"]}]},{\"@type\":\"ImageObject\",\"inLanguage\":\"hr\",\"@id\":\"https:\\\/\\\/ajatutaja.com\\\/izdelek\\\/body-brez-rokavov-bamboo\\\/#primaryimage\",\"url\":\"https:\\\/\\\/ajatutaja.com\\\/wp-content\\\/uploads\\\/2016\\\/02\\\/05212-002-1000x1280-1.jpg\",\"contentUrl\":\"https:\\\/\\\/ajatutaja.com\\\/wp-content\\\/uploads\\\/2016\\\/02\\\/05212-002-1000x1280-1.jpg\",\"width\":1000,\"height\":1280},{\"@type\":\"BreadcrumbList\",\"@id\":\"https:\\\/\\\/ajatutaja.com\\\/izdelek\\\/body-brez-rokavov-bamboo\\\/#breadcrumb\",\"itemListElement\":[{\"@type\":\"ListItem\",\"position\":1,\"name\":\"Home\",\"item\":\"https:\\\/\\\/ajatutaja.com\\\/hr\\\/\"},{\"@type\":\"ListItem\",\"position\":2,\"name\":\"Trgovina\",\"item\":\"https:\\\/\\\/ajatutaja.com\\\/hr\\\/trgovina\\\/\"},{\"@type\":\"ListItem\",\"position\":3,\"name\":\"Bodi brez rokavov Clar Bamboo\"}]},{\"@type\":\"WebSite\",\"@id\":\"https:\\\/\\\/ajatutaja.com\\\/#website\",\"url\":\"https:\\\/\\\/ajatutaja.com\\\/\",\"name\":\"Ajatutaja\",\"description\":\"Otro\u0161ka spletna trgovina AJATUTAJA\",\"publisher\":{\"@id\":\"https:\\\/\\\/ajatutaja.com\\\/#organization\"},\"potentialAction\":[{\"@type\":\"SearchAction\",\"target\":{\"@type\":\"EntryPoint\",\"urlTemplate\":\"https:\\\/\\\/ajatutaja.com\\\/?s={search_term_string}\"},\"query-input\":{\"@type\":\"PropertyValueSpecification\",\"valueRequired\":true,\"valueName\":\"search_term_string\"}}],\"inLanguage\":\"hr\"},{\"@type\":\"Organization\",\"@id\":\"https:\\\/\\\/ajatutaja.com\\\/#organization\",\"name\":\"Ajatutaja\",\"url\":\"https:\\\/\\\/ajatutaja.com\\\/\",\"logo\":{\"@type\":\"ImageObject\",\"inLanguage\":\"hr\",\"@id\":\"https:\\\/\\\/ajatutaja.com\\\/#\\\/schema\\\/logo\\\/image\\\/\",\"url\":\"https:\\\/\\\/ajatutaja.com\\\/wp-content\\\/uploads\\\/2021\\\/10\\\/logo.png\",\"contentUrl\":\"https:\\\/\\\/ajatutaja.com\\\/wp-content\\\/uploads\\\/2021\\\/10\\\/logo.png\",\"width\":555,\"height\":150,\"caption\":\"Ajatutaja\"},\"image\":{\"@id\":\"https:\\\/\\\/ajatutaja.com\\\/#\\\/schema\\\/logo\\\/image\\\/\"}}]}<\/script>\n<!-- \/ Yoast SEO plugin. -->","yoast_head_json":{"title":"Bodi brez rokavov Clar Bamboo | Ajatutaja","description":"Body na preklop iz bambus pletiva je mehek iz zra\u010den. Bamboo ima naravne antibakterijske lastnosti. Izredno raztegljiv.","robots":{"index":"index","follow":"follow","max-snippet":"max-snippet:-1","max-image-preview":"max-image-preview:large","max-video-preview":"max-video-preview:-1"},"canonical":"https:\/\/ajatutaja.com\/izdelek\/body-brez-rokavov-bamboo\/","og_locale":"hr_HR","og_type":"article","og_title":"Bodi brez rokavov Clar Bamboo | Ajatutaja","og_description":"Body na preklop iz bambus pletiva je mehek iz zra\u010den. Bamboo ima naravne antibakterijske lastnosti. Izredno raztegljiv.","og_url":"https:\/\/ajatutaja.com\/izdelek\/body-brez-rokavov-bamboo\/","og_site_name":"Ajatutaja","article_modified_time":"2024-12-11T07:14:27+00:00","og_image":[{"width":1000,"height":1280,"url":"https:\/\/ajatutaja.com\/wp-content\/uploads\/2016\/02\/05212-002-1000x1280-1.jpg","type":"image\/jpeg"}],"twitter_card":"summary_large_image","schema":{"@context":"https:\/\/schema.org","@graph":[{"@type":"WebPage","@id":"https:\/\/ajatutaja.com\/izdelek\/body-brez-rokavov-bamboo\/","url":"https:\/\/ajatutaja.com\/izdelek\/body-brez-rokavov-bamboo\/","name":"Bodi brez rokavov Clar Bamboo | Ajatutaja","isPartOf":{"@id":"https:\/\/ajatutaja.com\/#website"},"primaryImageOfPage":{"@id":"https:\/\/ajatutaja.com\/izdelek\/body-brez-rokavov-bamboo\/#primaryimage"},"image":{"@id":"https:\/\/ajatutaja.com\/izdelek\/body-brez-rokavov-bamboo\/#primaryimage"},"thumbnailUrl":"https:\/\/ajatutaja.com\/wp-content\/uploads\/2016\/02\/05212-002-1000x1280-1.jpg","datePublished":"2016-02-11T12:26:26+00:00","dateModified":"2024-12-11T07:14:27+00:00","description":"Body na preklop iz bambus pletiva je mehek iz zra\u010den. Bamboo ima naravne antibakterijske lastnosti. Izredno raztegljiv.","breadcrumb":{"@id":"https:\/\/ajatutaja.com\/izdelek\/body-brez-rokavov-bamboo\/#breadcrumb"},"inLanguage":"hr","potentialAction":[{"@type":"ReadAction","target":["https:\/\/ajatutaja.com\/izdelek\/body-brez-rokavov-bamboo\/"]}]},{"@type":"ImageObject","inLanguage":"hr","@id":"https:\/\/ajatutaja.com\/izdelek\/body-brez-rokavov-bamboo\/#primaryimage","url":"https:\/\/ajatutaja.com\/wp-content\/uploads\/2016\/02\/05212-002-1000x1280-1.jpg","contentUrl":"https:\/\/ajatutaja.com\/wp-content\/uploads\/2016\/02\/05212-002-1000x1280-1.jpg","width":1000,"height":1280},{"@type":"BreadcrumbList","@id":"https:\/\/ajatutaja.com\/izdelek\/body-brez-rokavov-bamboo\/#breadcrumb","itemListElement":[{"@type":"ListItem","position":1,"name":"Home","item":"https:\/\/ajatutaja.com\/hr\/"},{"@type":"ListItem","position":2,"name":"Trgovina","item":"https:\/\/ajatutaja.com\/hr\/trgovina\/"},{"@type":"ListItem","position":3,"name":"Bodi brez rokavov Clar Bamboo"}]},{"@type":"WebSite","@id":"https:\/\/ajatutaja.com\/#website","url":"https:\/\/ajatutaja.com\/","name":"Ajatutaja","description":"Otro\u0161ka spletna trgovina AJATUTAJA","publisher":{"@id":"https:\/\/ajatutaja.com\/#organization"},"potentialAction":[{"@type":"SearchAction","target":{"@type":"EntryPoint","urlTemplate":"https:\/\/ajatutaja.com\/?s={search_term_string}"},"query-input":{"@type":"PropertyValueSpecification","valueRequired":true,"valueName":"search_term_string"}}],"inLanguage":"hr"},{"@type":"Organization","@id":"https:\/\/ajatutaja.com\/#organization","name":"Ajatutaja","url":"https:\/\/ajatutaja.com\/","logo":{"@type":"ImageObject","inLanguage":"hr","@id":"https:\/\/ajatutaja.com\/#\/schema\/logo\/image\/","url":"https:\/\/ajatutaja.com\/wp-content\/uploads\/2021\/10\/logo.png","contentUrl":"https:\/\/ajatutaja.com\/wp-content\/uploads\/2021\/10\/logo.png","width":555,"height":150,"caption":"Ajatutaja"},"image":{"@id":"https:\/\/ajatutaja.com\/#\/schema\/logo\/image\/"}}]}},"brands":[{"id":2701,"name":"Clar","slug":"clar"},{"id":2696,"name":"Moda","slug":"moda"}],"_links":{"self":[{"href":"https:\/\/ajatutaja.com\/hr\/wp-json\/wp\/v2\/product\/21390","targetHints":{"allow":["GET"]}}],"collection":[{"href":"https:\/\/ajatutaja.com\/hr\/wp-json\/wp\/v2\/product"}],"about":[{"href":"https:\/\/ajatutaja.com\/hr\/wp-json\/wp\/v2\/types\/product"}],"wp:featuredmedia":[{"embeddable":true,"href":"https:\/\/ajatutaja.com\/hr\/wp-json\/wp\/v2\/media\/33826"}],"wp:attachment":[{"href":"https:\/\/ajatutaja.com\/hr\/wp-json\/wp\/v2\/media?parent=21390"}],"wp:term":[{"taxonomy":"pwb-brand","embeddable":true,"href":"https:\/\/ajatutaja.com\/hr\/wp-json\/wp\/v2\/pwb-brand?post=21390"},{"taxonomy":"product_brand","embeddable":true,"href":"https:\/\/ajatutaja.com\/hr\/wp-json\/wp\/v2\/product_brand?post=21390"},{"taxonomy":"product_cat","embeddable":true,"href":"https:\/\/ajatutaja.com\/hr\/wp-json\/wp\/v2\/product_cat?post=21390"},{"taxonomy":"product_tag","embeddable":true,"href":"https:\/\/ajatutaja.com\/hr\/wp-json\/wp\/v2\/product_tag?post=21390"}],"curies":[{"name":"wp","href":"https:\/\/api.w.org\/{rel}","templated":true}]}}