{"id":21337,"date":"2025-09-01T19:17:55","date_gmt":"2025-09-01T17:17:55","guid":{"rendered":"https:\/\/ajatutaja.com\/izdelek\/pajkice-za-nosecnice-popek-crne\/"},"modified":"2025-09-10T12:26:12","modified_gmt":"2025-09-10T10:26:12","slug":"pajkice-za-nosecnice-popek-crne","status":"publish","type":"product","link":"https:\/\/ajatutaja.com\/hr\/proizvod\/pajkice-za-nosecnice-popek-crne\/","title":{"rendered":"Pajkice za nose\u010dnice Popek &#8211; \u010crne"},"content":{"rendered":"<p>[vc_row][vc_column][vc_column_text]<\/p>\n<p style=\"text-align: justify\">Pajkice za nose\u010dnice Popek rastejo s tvojim trebu\u0161\u010dkom od za\u010detka do konca tvoje nose\u010dnosti. Enostavno jih morate imeti! Pajkice so primerne tako za v slu\u017ebo, kot za prosti \u010das. Elasti\u010dnost materiala omogo\u010da, da pajkice nosite tudi po porodu.<\/p>\n<p>Lastnosti:<\/p>\n<ul>\n<li>Zelo udobne in super elasti\u010dne<\/li>\n<li>Visoki pas v predelu trebu\u0161\u010dka se lahko zaviha navzdol, \u010de vam je vro\u010de<\/li>\n<li>Pajkice so na voljo v ve\u010d barvah in do velikosti 50.<\/li>\n<li>Surovinska sestava: 97%bomba\u017e; 3% elastan<\/li>\n<li>Izdelane v Sloveniji<\/li>\n<\/ul>\n<p>[\/vc_column_text][\/vc_column][\/vc_row]<\/p>\n","protected":false},"excerpt":{"rendered":"<p style=\"text-align: justify\">Pajkice za nose\u010dnice v \u010drni barvi so neverjetno raztegljive in udobne. Izdelane so iz kvalitetnega bomba\u017ea z elastanom. Predel okoli trebu\u0161\u010dka ne ti\u0161\u010di in ne ve\u017ee, na ledvenem delu pa je dodana elastika, ki se lepo prilega na kri\u017eu.<\/p>\n","protected":false},"featured_media":21338,"template":"","meta":[],"pwb-brand":[2267,2270],"product_brand":[],"product_cat":[2252,2250],"product_tag":[4098],"class_list":{"0":"post-21337","1":"product","2":"type-product","3":"status-publish","4":"has-post-thumbnail","6":"pwb-brand-nosecnost","7":"pwb-brand-popek","8":"product_cat-nosecniske-pajkice","9":"product_cat-nosecnost","10":"product_tag-popek","12":"first","13":"instock","14":"taxable","15":"shipping-taxable","16":"purchasable","17":"product-type-variable","18":"add-to-wishlist-before_image"},"yoast_head":"<!-- This site is optimized with the Yoast SEO plugin v27.3 - https:\/\/yoast.com\/product\/yoast-seo-wordpress\/ -->\n<title>Pajkice za nose\u010dnice Popek - \u010crne | Ajatutaja<\/title>\n<meta name=\"description\" content=\"Pajkice za nose\u010dnice Popek rastejo s tvojim trebu\u0161\u010dkom od za\u010detka do konca tvoje nose\u010dnosti. Enostavno jih morate imeti! Na voljo v 3 barvah do velikosti 50\" \/>\n<meta name=\"robots\" content=\"index, follow, max-snippet:-1, max-image-preview:large, max-video-preview:-1\" \/>\n<link rel=\"canonical\" href=\"https:\/\/ajatutaja.com\/izdelek\/pajkice-za-nosecnice-popek-crne\/\" \/>\n<meta property=\"og:locale\" content=\"hr_HR\" \/>\n<meta property=\"og:type\" content=\"article\" \/>\n<meta property=\"og:title\" content=\"Pajkice za nose\u010dnice Popek - \u010crne | Ajatutaja\" \/>\n<meta property=\"og:description\" content=\"Pajkice za nose\u010dnice Popek rastejo s tvojim trebu\u0161\u010dkom od za\u010detka do konca tvoje nose\u010dnosti. Enostavno jih morate imeti! Na voljo v 3 barvah do velikosti 50\" \/>\n<meta property=\"og:url\" content=\"https:\/\/ajatutaja.com\/izdelek\/pajkice-za-nosecnice-popek-crne\/\" \/>\n<meta property=\"og:site_name\" content=\"Ajatutaja\" \/>\n<meta property=\"article:modified_time\" content=\"2025-09-10T10:26:12+00:00\" \/>\n<meta property=\"og:image\" content=\"https:\/\/ajatutaja.com\/wp-content\/uploads\/2021\/11\/Pajkice-za-nosecnice-crne.jpg\" \/>\n\t<meta property=\"og:image:width\" content=\"500\" \/>\n\t<meta property=\"og:image:height\" content=\"755\" \/>\n\t<meta property=\"og:image:type\" content=\"image\/jpeg\" \/>\n<meta name=\"twitter:card\" content=\"summary_large_image\" \/>\n<script type=\"application\/ld+json\" class=\"yoast-schema-graph\">{\"@context\":\"https:\\\/\\\/schema.org\",\"@graph\":[{\"@type\":\"WebPage\",\"@id\":\"https:\\\/\\\/ajatutaja.com\\\/izdelek\\\/pajkice-za-nosecnice-popek-crne\\\/\",\"url\":\"https:\\\/\\\/ajatutaja.com\\\/izdelek\\\/pajkice-za-nosecnice-popek-crne\\\/\",\"name\":\"Pajkice za nose\u010dnice Popek - \u010crne | Ajatutaja\",\"isPartOf\":{\"@id\":\"https:\\\/\\\/ajatutaja.com\\\/#website\"},\"primaryImageOfPage\":{\"@id\":\"https:\\\/\\\/ajatutaja.com\\\/izdelek\\\/pajkice-za-nosecnice-popek-crne\\\/#primaryimage\"},\"image\":{\"@id\":\"https:\\\/\\\/ajatutaja.com\\\/izdelek\\\/pajkice-za-nosecnice-popek-crne\\\/#primaryimage\"},\"thumbnailUrl\":\"https:\\\/\\\/ajatutaja.com\\\/wp-content\\\/uploads\\\/2021\\\/11\\\/Pajkice-za-nosecnice-crne.jpg\",\"datePublished\":\"2025-09-01T17:17:55+00:00\",\"dateModified\":\"2025-09-10T10:26:12+00:00\",\"description\":\"Pajkice za nose\u010dnice Popek rastejo s tvojim trebu\u0161\u010dkom od za\u010detka do konca tvoje nose\u010dnosti. Enostavno jih morate imeti! Na voljo v 3 barvah do velikosti 50\",\"breadcrumb\":{\"@id\":\"https:\\\/\\\/ajatutaja.com\\\/izdelek\\\/pajkice-za-nosecnice-popek-crne\\\/#breadcrumb\"},\"inLanguage\":\"hr\",\"potentialAction\":[{\"@type\":\"ReadAction\",\"target\":[\"https:\\\/\\\/ajatutaja.com\\\/izdelek\\\/pajkice-za-nosecnice-popek-crne\\\/\"]}]},{\"@type\":\"ImageObject\",\"inLanguage\":\"hr\",\"@id\":\"https:\\\/\\\/ajatutaja.com\\\/izdelek\\\/pajkice-za-nosecnice-popek-crne\\\/#primaryimage\",\"url\":\"https:\\\/\\\/ajatutaja.com\\\/wp-content\\\/uploads\\\/2021\\\/11\\\/Pajkice-za-nosecnice-crne.jpg\",\"contentUrl\":\"https:\\\/\\\/ajatutaja.com\\\/wp-content\\\/uploads\\\/2021\\\/11\\\/Pajkice-za-nosecnice-crne.jpg\",\"width\":500,\"height\":755},{\"@type\":\"BreadcrumbList\",\"@id\":\"https:\\\/\\\/ajatutaja.com\\\/izdelek\\\/pajkice-za-nosecnice-popek-crne\\\/#breadcrumb\",\"itemListElement\":[{\"@type\":\"ListItem\",\"position\":1,\"name\":\"Home\",\"item\":\"https:\\\/\\\/ajatutaja.com\\\/hr\\\/\"},{\"@type\":\"ListItem\",\"position\":2,\"name\":\"Trgovina\",\"item\":\"https:\\\/\\\/ajatutaja.com\\\/hr\\\/trgovina\\\/\"},{\"@type\":\"ListItem\",\"position\":3,\"name\":\"Pajkice za nose\u010dnice Popek &#8211; \u010crne\"}]},{\"@type\":\"WebSite\",\"@id\":\"https:\\\/\\\/ajatutaja.com\\\/#website\",\"url\":\"https:\\\/\\\/ajatutaja.com\\\/\",\"name\":\"Ajatutaja\",\"description\":\"Otro\u0161ka spletna trgovina AJATUTAJA\",\"publisher\":{\"@id\":\"https:\\\/\\\/ajatutaja.com\\\/#organization\"},\"potentialAction\":[{\"@type\":\"SearchAction\",\"target\":{\"@type\":\"EntryPoint\",\"urlTemplate\":\"https:\\\/\\\/ajatutaja.com\\\/?s={search_term_string}\"},\"query-input\":{\"@type\":\"PropertyValueSpecification\",\"valueRequired\":true,\"valueName\":\"search_term_string\"}}],\"inLanguage\":\"hr\"},{\"@type\":\"Organization\",\"@id\":\"https:\\\/\\\/ajatutaja.com\\\/#organization\",\"name\":\"Ajatutaja\",\"url\":\"https:\\\/\\\/ajatutaja.com\\\/\",\"logo\":{\"@type\":\"ImageObject\",\"inLanguage\":\"hr\",\"@id\":\"https:\\\/\\\/ajatutaja.com\\\/#\\\/schema\\\/logo\\\/image\\\/\",\"url\":\"https:\\\/\\\/ajatutaja.com\\\/wp-content\\\/uploads\\\/2021\\\/10\\\/logo.png\",\"contentUrl\":\"https:\\\/\\\/ajatutaja.com\\\/wp-content\\\/uploads\\\/2021\\\/10\\\/logo.png\",\"width\":555,\"height\":150,\"caption\":\"Ajatutaja\"},\"image\":{\"@id\":\"https:\\\/\\\/ajatutaja.com\\\/#\\\/schema\\\/logo\\\/image\\\/\"}}]}<\/script>\n<!-- \/ Yoast SEO plugin. -->","yoast_head_json":{"title":"Pajkice za nose\u010dnice Popek - \u010crne | Ajatutaja","description":"Pajkice za nose\u010dnice Popek rastejo s tvojim trebu\u0161\u010dkom od za\u010detka do konca tvoje nose\u010dnosti. Enostavno jih morate imeti! Na voljo v 3 barvah do velikosti 50","robots":{"index":"index","follow":"follow","max-snippet":"max-snippet:-1","max-image-preview":"max-image-preview:large","max-video-preview":"max-video-preview:-1"},"canonical":"https:\/\/ajatutaja.com\/izdelek\/pajkice-za-nosecnice-popek-crne\/","og_locale":"hr_HR","og_type":"article","og_title":"Pajkice za nose\u010dnice Popek - \u010crne | Ajatutaja","og_description":"Pajkice za nose\u010dnice Popek rastejo s tvojim trebu\u0161\u010dkom od za\u010detka do konca tvoje nose\u010dnosti. Enostavno jih morate imeti! Na voljo v 3 barvah do velikosti 50","og_url":"https:\/\/ajatutaja.com\/izdelek\/pajkice-za-nosecnice-popek-crne\/","og_site_name":"Ajatutaja","article_modified_time":"2025-09-10T10:26:12+00:00","og_image":[{"width":500,"height":755,"url":"https:\/\/ajatutaja.com\/wp-content\/uploads\/2021\/11\/Pajkice-za-nosecnice-crne.jpg","type":"image\/jpeg"}],"twitter_card":"summary_large_image","schema":{"@context":"https:\/\/schema.org","@graph":[{"@type":"WebPage","@id":"https:\/\/ajatutaja.com\/izdelek\/pajkice-za-nosecnice-popek-crne\/","url":"https:\/\/ajatutaja.com\/izdelek\/pajkice-za-nosecnice-popek-crne\/","name":"Pajkice za nose\u010dnice Popek - \u010crne | Ajatutaja","isPartOf":{"@id":"https:\/\/ajatutaja.com\/#website"},"primaryImageOfPage":{"@id":"https:\/\/ajatutaja.com\/izdelek\/pajkice-za-nosecnice-popek-crne\/#primaryimage"},"image":{"@id":"https:\/\/ajatutaja.com\/izdelek\/pajkice-za-nosecnice-popek-crne\/#primaryimage"},"thumbnailUrl":"https:\/\/ajatutaja.com\/wp-content\/uploads\/2021\/11\/Pajkice-za-nosecnice-crne.jpg","datePublished":"2025-09-01T17:17:55+00:00","dateModified":"2025-09-10T10:26:12+00:00","description":"Pajkice za nose\u010dnice Popek rastejo s tvojim trebu\u0161\u010dkom od za\u010detka do konca tvoje nose\u010dnosti. Enostavno jih morate imeti! Na voljo v 3 barvah do velikosti 50","breadcrumb":{"@id":"https:\/\/ajatutaja.com\/izdelek\/pajkice-za-nosecnice-popek-crne\/#breadcrumb"},"inLanguage":"hr","potentialAction":[{"@type":"ReadAction","target":["https:\/\/ajatutaja.com\/izdelek\/pajkice-za-nosecnice-popek-crne\/"]}]},{"@type":"ImageObject","inLanguage":"hr","@id":"https:\/\/ajatutaja.com\/izdelek\/pajkice-za-nosecnice-popek-crne\/#primaryimage","url":"https:\/\/ajatutaja.com\/wp-content\/uploads\/2021\/11\/Pajkice-za-nosecnice-crne.jpg","contentUrl":"https:\/\/ajatutaja.com\/wp-content\/uploads\/2021\/11\/Pajkice-za-nosecnice-crne.jpg","width":500,"height":755},{"@type":"BreadcrumbList","@id":"https:\/\/ajatutaja.com\/izdelek\/pajkice-za-nosecnice-popek-crne\/#breadcrumb","itemListElement":[{"@type":"ListItem","position":1,"name":"Home","item":"https:\/\/ajatutaja.com\/hr\/"},{"@type":"ListItem","position":2,"name":"Trgovina","item":"https:\/\/ajatutaja.com\/hr\/trgovina\/"},{"@type":"ListItem","position":3,"name":"Pajkice za nose\u010dnice Popek &#8211; \u010crne"}]},{"@type":"WebSite","@id":"https:\/\/ajatutaja.com\/#website","url":"https:\/\/ajatutaja.com\/","name":"Ajatutaja","description":"Otro\u0161ka spletna trgovina AJATUTAJA","publisher":{"@id":"https:\/\/ajatutaja.com\/#organization"},"potentialAction":[{"@type":"SearchAction","target":{"@type":"EntryPoint","urlTemplate":"https:\/\/ajatutaja.com\/?s={search_term_string}"},"query-input":{"@type":"PropertyValueSpecification","valueRequired":true,"valueName":"search_term_string"}}],"inLanguage":"hr"},{"@type":"Organization","@id":"https:\/\/ajatutaja.com\/#organization","name":"Ajatutaja","url":"https:\/\/ajatutaja.com\/","logo":{"@type":"ImageObject","inLanguage":"hr","@id":"https:\/\/ajatutaja.com\/#\/schema\/logo\/image\/","url":"https:\/\/ajatutaja.com\/wp-content\/uploads\/2021\/10\/logo.png","contentUrl":"https:\/\/ajatutaja.com\/wp-content\/uploads\/2021\/10\/logo.png","width":555,"height":150,"caption":"Ajatutaja"},"image":{"@id":"https:\/\/ajatutaja.com\/#\/schema\/logo\/image\/"}}]}},"brands":[{"id":2267,"name":"Nose\u010dnost","slug":"nosecnost"},{"id":2270,"name":"Popek","slug":"popek"}],"_links":{"self":[{"href":"https:\/\/ajatutaja.com\/hr\/wp-json\/wp\/v2\/product\/21337","targetHints":{"allow":["GET"]}}],"collection":[{"href":"https:\/\/ajatutaja.com\/hr\/wp-json\/wp\/v2\/product"}],"about":[{"href":"https:\/\/ajatutaja.com\/hr\/wp-json\/wp\/v2\/types\/product"}],"wp:featuredmedia":[{"embeddable":true,"href":"https:\/\/ajatutaja.com\/hr\/wp-json\/wp\/v2\/media\/21338"}],"wp:attachment":[{"href":"https:\/\/ajatutaja.com\/hr\/wp-json\/wp\/v2\/media?parent=21337"}],"wp:term":[{"taxonomy":"pwb-brand","embeddable":true,"href":"https:\/\/ajatutaja.com\/hr\/wp-json\/wp\/v2\/pwb-brand?post=21337"},{"taxonomy":"product_brand","embeddable":true,"href":"https:\/\/ajatutaja.com\/hr\/wp-json\/wp\/v2\/product_brand?post=21337"},{"taxonomy":"product_cat","embeddable":true,"href":"https:\/\/ajatutaja.com\/hr\/wp-json\/wp\/v2\/product_cat?post=21337"},{"taxonomy":"product_tag","embeddable":true,"href":"https:\/\/ajatutaja.com\/hr\/wp-json\/wp\/v2\/product_tag?post=21337"}],"curies":[{"name":"wp","href":"https:\/\/api.w.org\/{rel}","templated":true}]}}