{"id":21205,"date":"2015-09-20T15:35:16","date_gmt":"2015-09-20T13:35:16","guid":{"rendered":"https:\/\/ajatutaja.com\/izdelek\/brezsivni-nedrcek-za-dojenje-in-cas-nosecnosti-organic-bela\/"},"modified":"2026-04-13T13:01:23","modified_gmt":"2026-04-13T11:01:23","slug":"brezsivni-nedrcek-za-dojenje-in-cas-nosecnosti-organic-bela","status":"publish","type":"product","link":"https:\/\/ajatutaja.com\/hr\/proizvod\/brezsivni-nedrcek-za-dojenje-in-cas-nosecnosti-organic-bela\/","title":{"rendered":"Brez\u0161ivni nedr\u010dek za dojenje in \u010das nose\u010dnosti Organic &#8211; White"},"content":{"rendered":"<p>[vc_row][vc_column][vc_column_text]Karakteristike modrca za dojenje Organic:<\/p>\n<ul>\n<li>odli\u010den za va\u0161e ob\u010dutljive in bole\u010de prsi, ter za ne\u017eno ko\u017eo dojen\u010dka<\/li>\n<li>zra\u010den organski bomba\u017e pove\u010da podporo ni udobje<\/li>\n<li>ustvari obliko va\u0161ih prsi in jih dvigne brez \u017ei\u010dne opore<\/li>\n<li>tkanina se prilega va\u0161emu spreminjajo\u010demu se telesu in prsim<\/li>\n<li>raztegljiva tkanina omogo\u010da \u0161irjene<\/li>\n<li>brez \u0161ivov, brez dra\u017eenja<\/li>\n<li>patentiran izdelek<\/li>\n<\/ul>\n<p><img loading=\"lazy\" decoding=\"async\" class=\"alignnone size-medium wp-image-21218\" src=\"https:\/\/ajatutaja.com\/wp-content\/uploads\/2021\/11\/organic-nedrek-dojenje-ilustracija-300x160.png\" alt=\"\" width=\"300\" height=\"160\" srcset=\"https:\/\/ajatutaja.com\/wp-content\/uploads\/2021\/11\/organic-nedrek-dojenje-ilustracija-300x160.png 300w, https:\/\/ajatutaja.com\/wp-content\/uploads\/2021\/11\/organic-nedrek-dojenje-ilustracija.png 500w\" sizes=\"auto, (max-width: 300px) 100vw, 300px\" \/><\/p>\n<p style=\"text-align: justify\">(1) \u0160iroke naramnice se odli\u010dno prilegajo in ne ti\u0161\u010dijo ramen<br \/>\n(2) Enostavno odpenjanje za la\u017eje dojenje<br \/>\n(3) Trojne zaponke na hrbtu za ve\u010djo podporo in udobje<br \/>\n(4) Prilo\u017een podalj\u0161ek v kolikor se vam bo obseg \u0161e pove\u010dal<\/p>\n<p style=\"text-align: center\">SUROVINSKA SESTAVA:<br \/>\n65% organski bomba\u017e, 28% poliamid, 7% elastan<\/p>\n<p>[\/vc_column_text][\/vc_column][\/vc_row]<\/p>\n","protected":false},"excerpt":{"rendered":"<p style=\"text-align: justify\">Brez\u0161ivni nedr\u010dek za dojenje in \u010das nose\u010dnosti Carriwell Organic je s \u010dipkasto aplikacijo nima \u0161ivov in \u017ei\u010dne opore pod prsmi. Zato je primeren za vsakodnevno no\u0161enje in tudi za spanje. Zra\u010den organski bomba\u017e\u00a0 z mikrovlakni pove\u010da podporo, udobje, oblikovanje in nadzor.<\/p>\n","protected":false},"featured_media":21159,"template":"","meta":[],"pwb-brand":[2296,2273,2268,2267],"product_brand":[],"product_cat":[2290,2293,2283,2258,2250],"product_tag":[4100],"class_list":{"0":"post-21205","1":"product","2":"type-product","3":"status-publish","4":"has-post-thumbnail","6":"pwb-brand-carriwell-dojenje","7":"pwb-brand-carriwell","8":"pwb-brand-dojenje","9":"pwb-brand-nosecnost","10":"product_cat-bombazni-nedrcki-za-dojenje","11":"product_cat-brezsivni-nedrcki-za-dojenje","12":"product_cat-modrci-za-dojenje","13":"product_cat-nosecnisko-spodnje-perilo","14":"product_cat-nosecnost","15":"product_tag-carriwell","17":"first","18":"instock","19":"taxable","20":"shipping-taxable","21":"purchasable","22":"product-type-variable","23":"add-to-wishlist-before_image"},"yoast_head":"<!-- This site is optimized with the Yoast SEO plugin v27.3 - https:\/\/yoast.com\/product\/yoast-seo-wordpress\/ -->\n<title>Brez\u0161ivni nedr\u010dek za dojenje in \u010das nose\u010dnosti Organic - White | Ajatutaja<\/title>\n<meta name=\"description\" content=\"Brez\u0161ivni nedr\u010dek za dojenje in \u010das nose\u010dnosti Carriwell Organic je primeren za vsakodnevno no\u0161enje in tudi za spanje. Na voljo v dveh barvah.\" \/>\n<meta name=\"robots\" content=\"index, follow, max-snippet:-1, max-image-preview:large, max-video-preview:-1\" \/>\n<link rel=\"canonical\" href=\"https:\/\/ajatutaja.com\/izdelek\/brezsivni-nedrcek-za-dojenje-in-cas-nosecnosti-organic-bela\/\" \/>\n<meta property=\"og:locale\" content=\"hr_HR\" \/>\n<meta property=\"og:type\" content=\"article\" \/>\n<meta property=\"og:title\" content=\"Brez\u0161ivni nedr\u010dek za dojenje in \u010das nose\u010dnosti Organic - White | Ajatutaja\" \/>\n<meta property=\"og:description\" content=\"Brez\u0161ivni nedr\u010dek za dojenje in \u010das nose\u010dnosti Carriwell Organic je primeren za vsakodnevno no\u0161enje in tudi za spanje. Na voljo v dveh barvah.\" \/>\n<meta property=\"og:url\" content=\"https:\/\/ajatutaja.com\/izdelek\/brezsivni-nedrcek-za-dojenje-in-cas-nosecnosti-organic-bela\/\" \/>\n<meta property=\"og:site_name\" content=\"Ajatutaja\" \/>\n<meta property=\"article:modified_time\" content=\"2026-04-13T11:01:23+00:00\" \/>\n<meta property=\"og:image\" content=\"https:\/\/ajatutaja.com\/wp-content\/uploads\/2021\/11\/Carriwell-Organic-Nursing-Bra-white.jpg\" \/>\n\t<meta property=\"og:image:width\" content=\"380\" \/>\n\t<meta property=\"og:image:height\" content=\"470\" \/>\n\t<meta property=\"og:image:type\" content=\"image\/jpeg\" \/>\n<meta name=\"twitter:card\" content=\"summary_large_image\" \/>\n<meta name=\"twitter:label1\" content=\"Procijenjeno vrijeme \u010ditanja\" \/>\n\t<meta name=\"twitter:data1\" content=\"1 minuta\" \/>\n<script type=\"application\/ld+json\" class=\"yoast-schema-graph\">{\"@context\":\"https:\\\/\\\/schema.org\",\"@graph\":[{\"@type\":\"WebPage\",\"@id\":\"https:\\\/\\\/ajatutaja.com\\\/izdelek\\\/brezsivni-nedrcek-za-dojenje-in-cas-nosecnosti-organic-bela\\\/\",\"url\":\"https:\\\/\\\/ajatutaja.com\\\/izdelek\\\/brezsivni-nedrcek-za-dojenje-in-cas-nosecnosti-organic-bela\\\/\",\"name\":\"Brez\u0161ivni nedr\u010dek za dojenje in \u010das nose\u010dnosti Organic - White | Ajatutaja\",\"isPartOf\":{\"@id\":\"https:\\\/\\\/ajatutaja.com\\\/#website\"},\"primaryImageOfPage\":{\"@id\":\"https:\\\/\\\/ajatutaja.com\\\/izdelek\\\/brezsivni-nedrcek-za-dojenje-in-cas-nosecnosti-organic-bela\\\/#primaryimage\"},\"image\":{\"@id\":\"https:\\\/\\\/ajatutaja.com\\\/izdelek\\\/brezsivni-nedrcek-za-dojenje-in-cas-nosecnosti-organic-bela\\\/#primaryimage\"},\"thumbnailUrl\":\"https:\\\/\\\/ajatutaja.com\\\/wp-content\\\/uploads\\\/2021\\\/11\\\/Carriwell-Organic-Nursing-Bra-white.jpg\",\"datePublished\":\"2015-09-20T13:35:16+00:00\",\"dateModified\":\"2026-04-13T11:01:23+00:00\",\"description\":\"Brez\u0161ivni nedr\u010dek za dojenje in \u010das nose\u010dnosti Carriwell Organic je primeren za vsakodnevno no\u0161enje in tudi za spanje. Na voljo v dveh barvah.\",\"breadcrumb\":{\"@id\":\"https:\\\/\\\/ajatutaja.com\\\/izdelek\\\/brezsivni-nedrcek-za-dojenje-in-cas-nosecnosti-organic-bela\\\/#breadcrumb\"},\"inLanguage\":\"hr\",\"potentialAction\":[{\"@type\":\"ReadAction\",\"target\":[\"https:\\\/\\\/ajatutaja.com\\\/izdelek\\\/brezsivni-nedrcek-za-dojenje-in-cas-nosecnosti-organic-bela\\\/\"]}]},{\"@type\":\"ImageObject\",\"inLanguage\":\"hr\",\"@id\":\"https:\\\/\\\/ajatutaja.com\\\/izdelek\\\/brezsivni-nedrcek-za-dojenje-in-cas-nosecnosti-organic-bela\\\/#primaryimage\",\"url\":\"https:\\\/\\\/ajatutaja.com\\\/wp-content\\\/uploads\\\/2021\\\/11\\\/Carriwell-Organic-Nursing-Bra-white.jpg\",\"contentUrl\":\"https:\\\/\\\/ajatutaja.com\\\/wp-content\\\/uploads\\\/2021\\\/11\\\/Carriwell-Organic-Nursing-Bra-white.jpg\",\"width\":380,\"height\":470},{\"@type\":\"BreadcrumbList\",\"@id\":\"https:\\\/\\\/ajatutaja.com\\\/izdelek\\\/brezsivni-nedrcek-za-dojenje-in-cas-nosecnosti-organic-bela\\\/#breadcrumb\",\"itemListElement\":[{\"@type\":\"ListItem\",\"position\":1,\"name\":\"Home\",\"item\":\"https:\\\/\\\/ajatutaja.com\\\/hr\\\/\"},{\"@type\":\"ListItem\",\"position\":2,\"name\":\"Trgovina\",\"item\":\"https:\\\/\\\/ajatutaja.com\\\/hr\\\/trgovina\\\/\"},{\"@type\":\"ListItem\",\"position\":3,\"name\":\"Brez\u0161ivni nedr\u010dek za dojenje in \u010das nose\u010dnosti Organic &#8211; White\"}]},{\"@type\":\"WebSite\",\"@id\":\"https:\\\/\\\/ajatutaja.com\\\/#website\",\"url\":\"https:\\\/\\\/ajatutaja.com\\\/\",\"name\":\"Ajatutaja\",\"description\":\"Otro\u0161ka spletna trgovina AJATUTAJA\",\"publisher\":{\"@id\":\"https:\\\/\\\/ajatutaja.com\\\/#organization\"},\"potentialAction\":[{\"@type\":\"SearchAction\",\"target\":{\"@type\":\"EntryPoint\",\"urlTemplate\":\"https:\\\/\\\/ajatutaja.com\\\/?s={search_term_string}\"},\"query-input\":{\"@type\":\"PropertyValueSpecification\",\"valueRequired\":true,\"valueName\":\"search_term_string\"}}],\"inLanguage\":\"hr\"},{\"@type\":\"Organization\",\"@id\":\"https:\\\/\\\/ajatutaja.com\\\/#organization\",\"name\":\"Ajatutaja\",\"url\":\"https:\\\/\\\/ajatutaja.com\\\/\",\"logo\":{\"@type\":\"ImageObject\",\"inLanguage\":\"hr\",\"@id\":\"https:\\\/\\\/ajatutaja.com\\\/#\\\/schema\\\/logo\\\/image\\\/\",\"url\":\"https:\\\/\\\/ajatutaja.com\\\/wp-content\\\/uploads\\\/2021\\\/10\\\/logo.png\",\"contentUrl\":\"https:\\\/\\\/ajatutaja.com\\\/wp-content\\\/uploads\\\/2021\\\/10\\\/logo.png\",\"width\":555,\"height\":150,\"caption\":\"Ajatutaja\"},\"image\":{\"@id\":\"https:\\\/\\\/ajatutaja.com\\\/#\\\/schema\\\/logo\\\/image\\\/\"}}]}<\/script>\n<!-- \/ Yoast SEO plugin. -->","yoast_head_json":{"title":"Brez\u0161ivni nedr\u010dek za dojenje in \u010das nose\u010dnosti Organic - White | Ajatutaja","description":"Brez\u0161ivni nedr\u010dek za dojenje in \u010das nose\u010dnosti Carriwell Organic je primeren za vsakodnevno no\u0161enje in tudi za spanje. Na voljo v dveh barvah.","robots":{"index":"index","follow":"follow","max-snippet":"max-snippet:-1","max-image-preview":"max-image-preview:large","max-video-preview":"max-video-preview:-1"},"canonical":"https:\/\/ajatutaja.com\/izdelek\/brezsivni-nedrcek-za-dojenje-in-cas-nosecnosti-organic-bela\/","og_locale":"hr_HR","og_type":"article","og_title":"Brez\u0161ivni nedr\u010dek za dojenje in \u010das nose\u010dnosti Organic - White | Ajatutaja","og_description":"Brez\u0161ivni nedr\u010dek za dojenje in \u010das nose\u010dnosti Carriwell Organic je primeren za vsakodnevno no\u0161enje in tudi za spanje. Na voljo v dveh barvah.","og_url":"https:\/\/ajatutaja.com\/izdelek\/brezsivni-nedrcek-za-dojenje-in-cas-nosecnosti-organic-bela\/","og_site_name":"Ajatutaja","article_modified_time":"2026-04-13T11:01:23+00:00","og_image":[{"width":380,"height":470,"url":"https:\/\/ajatutaja.com\/wp-content\/uploads\/2021\/11\/Carriwell-Organic-Nursing-Bra-white.jpg","type":"image\/jpeg"}],"twitter_card":"summary_large_image","twitter_misc":{"Procijenjeno vrijeme \u010ditanja":"1 minuta"},"schema":{"@context":"https:\/\/schema.org","@graph":[{"@type":"WebPage","@id":"https:\/\/ajatutaja.com\/izdelek\/brezsivni-nedrcek-za-dojenje-in-cas-nosecnosti-organic-bela\/","url":"https:\/\/ajatutaja.com\/izdelek\/brezsivni-nedrcek-za-dojenje-in-cas-nosecnosti-organic-bela\/","name":"Brez\u0161ivni nedr\u010dek za dojenje in \u010das nose\u010dnosti Organic - White | Ajatutaja","isPartOf":{"@id":"https:\/\/ajatutaja.com\/#website"},"primaryImageOfPage":{"@id":"https:\/\/ajatutaja.com\/izdelek\/brezsivni-nedrcek-za-dojenje-in-cas-nosecnosti-organic-bela\/#primaryimage"},"image":{"@id":"https:\/\/ajatutaja.com\/izdelek\/brezsivni-nedrcek-za-dojenje-in-cas-nosecnosti-organic-bela\/#primaryimage"},"thumbnailUrl":"https:\/\/ajatutaja.com\/wp-content\/uploads\/2021\/11\/Carriwell-Organic-Nursing-Bra-white.jpg","datePublished":"2015-09-20T13:35:16+00:00","dateModified":"2026-04-13T11:01:23+00:00","description":"Brez\u0161ivni nedr\u010dek za dojenje in \u010das nose\u010dnosti Carriwell Organic je primeren za vsakodnevno no\u0161enje in tudi za spanje. Na voljo v dveh barvah.","breadcrumb":{"@id":"https:\/\/ajatutaja.com\/izdelek\/brezsivni-nedrcek-za-dojenje-in-cas-nosecnosti-organic-bela\/#breadcrumb"},"inLanguage":"hr","potentialAction":[{"@type":"ReadAction","target":["https:\/\/ajatutaja.com\/izdelek\/brezsivni-nedrcek-za-dojenje-in-cas-nosecnosti-organic-bela\/"]}]},{"@type":"ImageObject","inLanguage":"hr","@id":"https:\/\/ajatutaja.com\/izdelek\/brezsivni-nedrcek-za-dojenje-in-cas-nosecnosti-organic-bela\/#primaryimage","url":"https:\/\/ajatutaja.com\/wp-content\/uploads\/2021\/11\/Carriwell-Organic-Nursing-Bra-white.jpg","contentUrl":"https:\/\/ajatutaja.com\/wp-content\/uploads\/2021\/11\/Carriwell-Organic-Nursing-Bra-white.jpg","width":380,"height":470},{"@type":"BreadcrumbList","@id":"https:\/\/ajatutaja.com\/izdelek\/brezsivni-nedrcek-za-dojenje-in-cas-nosecnosti-organic-bela\/#breadcrumb","itemListElement":[{"@type":"ListItem","position":1,"name":"Home","item":"https:\/\/ajatutaja.com\/hr\/"},{"@type":"ListItem","position":2,"name":"Trgovina","item":"https:\/\/ajatutaja.com\/hr\/trgovina\/"},{"@type":"ListItem","position":3,"name":"Brez\u0161ivni nedr\u010dek za dojenje in \u010das nose\u010dnosti Organic &#8211; White"}]},{"@type":"WebSite","@id":"https:\/\/ajatutaja.com\/#website","url":"https:\/\/ajatutaja.com\/","name":"Ajatutaja","description":"Otro\u0161ka spletna trgovina AJATUTAJA","publisher":{"@id":"https:\/\/ajatutaja.com\/#organization"},"potentialAction":[{"@type":"SearchAction","target":{"@type":"EntryPoint","urlTemplate":"https:\/\/ajatutaja.com\/?s={search_term_string}"},"query-input":{"@type":"PropertyValueSpecification","valueRequired":true,"valueName":"search_term_string"}}],"inLanguage":"hr"},{"@type":"Organization","@id":"https:\/\/ajatutaja.com\/#organization","name":"Ajatutaja","url":"https:\/\/ajatutaja.com\/","logo":{"@type":"ImageObject","inLanguage":"hr","@id":"https:\/\/ajatutaja.com\/#\/schema\/logo\/image\/","url":"https:\/\/ajatutaja.com\/wp-content\/uploads\/2021\/10\/logo.png","contentUrl":"https:\/\/ajatutaja.com\/wp-content\/uploads\/2021\/10\/logo.png","width":555,"height":150,"caption":"Ajatutaja"},"image":{"@id":"https:\/\/ajatutaja.com\/#\/schema\/logo\/image\/"}}]}},"brands":[{"id":2273,"name":"Carriwell","slug":"carriwell"},{"id":2296,"name":"Carriwell","slug":"carriwell-dojenje"},{"id":2268,"name":"Dojenje","slug":"dojenje"},{"id":2267,"name":"Nose\u010dnost","slug":"nosecnost"}],"_links":{"self":[{"href":"https:\/\/ajatutaja.com\/hr\/wp-json\/wp\/v2\/product\/21205","targetHints":{"allow":["GET"]}}],"collection":[{"href":"https:\/\/ajatutaja.com\/hr\/wp-json\/wp\/v2\/product"}],"about":[{"href":"https:\/\/ajatutaja.com\/hr\/wp-json\/wp\/v2\/types\/product"}],"wp:featuredmedia":[{"embeddable":true,"href":"https:\/\/ajatutaja.com\/hr\/wp-json\/wp\/v2\/media\/21159"}],"wp:attachment":[{"href":"https:\/\/ajatutaja.com\/hr\/wp-json\/wp\/v2\/media?parent=21205"}],"wp:term":[{"taxonomy":"pwb-brand","embeddable":true,"href":"https:\/\/ajatutaja.com\/hr\/wp-json\/wp\/v2\/pwb-brand?post=21205"},{"taxonomy":"product_brand","embeddable":true,"href":"https:\/\/ajatutaja.com\/hr\/wp-json\/wp\/v2\/product_brand?post=21205"},{"taxonomy":"product_cat","embeddable":true,"href":"https:\/\/ajatutaja.com\/hr\/wp-json\/wp\/v2\/product_cat?post=21205"},{"taxonomy":"product_tag","embeddable":true,"href":"https:\/\/ajatutaja.com\/hr\/wp-json\/wp\/v2\/product_tag?post=21205"}],"curies":[{"name":"wp","href":"https:\/\/api.w.org\/{rel}","templated":true}]}}