{"id":21196,"date":"2015-09-20T14:50:31","date_gmt":"2015-09-20T12:50:31","guid":{"rendered":"https:\/\/ajatutaja.com\/izdelek\/brezsivni-nedrcek-za-dojenje-in-cas-nosecnosti-carriwell-skin\/"},"modified":"2025-10-30T07:05:41","modified_gmt":"2025-10-30T06:05:41","slug":"brezsivni-nedrcek-za-dojenje-in-cas-nosecnosti-carriwell-skin","status":"publish","type":"product","link":"https:\/\/ajatutaja.com\/hr\/proizvod\/brezsivni-nedrcek-za-dojenje-in-cas-nosecnosti-carriwell-skin\/","title":{"rendered":"Brez\u0161ivni nedr\u010dek za dojenje in \u010das nose\u010dnosti Carriwell &#8211; Skin"},"content":{"rendered":"<p>[vc_row][vc_column][vc_column_text]<em>Izdelki Carriwell so na voljo tudi v trgovini Ajatutaja Koper. <\/em><\/p>\n<p>Karakteristike brez\u0161ivnega modrca Carriwell:<\/p>\n<ul>\n<li>na voljo v 3 barvah<\/li>\n<li>brez \u0161ivov in \u017ei\u010dne opore pod prsmi<\/li>\n<li>primeren za vsakodnevno no\u0161enje in tudi za spanje<\/li>\n<li>enostavno enoro\u010dno odpenjanje za la\u017eje dojenje<\/li>\n<li>prilagaja se va\u0161em telesu<\/li>\n<li>mehke in raztegljive ko\u0161arice za prsi, ki jih strokovnjaki za laktacijo priporo\u010dajo<\/li>\n<li>stranski neraztegljivi del za bolj\u0161o oporo<\/li>\n<li>brezpla\u010dni hrbtni podalj\u0161ek\u00a0 (3 zaponke na hrbtu) za ve\u010dje udobje in podporo<\/li>\n<li>idealen za no\u0161enje pod majico zaradi nevidnega, brez\u0161ivnega in diskretnega dizajna<\/li>\n<li>pod ko\u0161aricami je \u0161irok podporni pas, ki nadome\u0161\u010da \u017eico, ter ustvari obliko va\u0161ih prsi, jih dvigne in dr\u017ei pod nadzorom<\/li>\n<\/ul>\n<p style=\"text-align: center\">SUROVINSKA SESTAVA:<br \/>\n91% poliamid, 9% elastan<\/p>\n<p style=\"text-align: center\"><a href=\"https:\/\/ajatutaja.com\/wp-content\/uploads\/2015\/09\/VZDRZEVANJE1.png\"><img loading=\"lazy\" decoding=\"async\" class=\"alignnone size-full wp-image-8366\" src=\"https:\/\/ajatutaja.com\/wp-content\/uploads\/2015\/09\/VZDRZEVANJE1.png\" alt=\"VZDRZEVANJE\" width=\"167\" height=\"22\" \/><\/a><\/p>\n<p>[\/vc_column_text][\/vc_column][\/vc_row]<\/p>\n","protected":false},"excerpt":{"rendered":"<p style=\"text-align: justify\">Brez\u0161ivni nedr\u010dek za dojenje in \u010das nose\u010dnosti Carriwell v ko\u017eni barvi nima \u0161ivov in \u017ei\u010dne opore\u00a0pod prsmi, zato je primeren za vsakodnevno no\u0161enje in tudi za spanje. Idealen je za no\u0161enje pod tanko majico zaradi svojega nevidnega, brez\u0161ivnega in diskretnega dizajna. Svilnato mehka in zra\u010dna mikrovlakna se prilagajajo va\u0161em telesu. Nedr\u010dek je narejen brez notranje ko\u0161arice, kar vam omogo\u010da odkrivanje cele dojke in maksimalen stik va\u0161e ko\u017ee s ko\u017eo otroka.<\/p>\n","protected":false},"featured_media":21197,"template":"","meta":[],"pwb-brand":[2296,2268],"product_brand":[],"product_cat":[2258,2250],"product_tag":[4100],"class_list":{"0":"post-21196","1":"product","2":"type-product","3":"status-publish","4":"has-post-thumbnail","6":"pwb-brand-carriwell-dojenje","7":"pwb-brand-dojenje","8":"product_cat-nosecnisko-spodnje-perilo","9":"product_cat-nosecnost","10":"product_tag-carriwell","12":"first","13":"instock","14":"taxable","15":"shipping-taxable","16":"purchasable","17":"product-type-variable","18":"add-to-wishlist-before_image"},"yoast_head":"<!-- This site is optimized with the Yoast SEO plugin v27.3 - https:\/\/yoast.com\/product\/yoast-seo-wordpress\/ -->\n<title>Brez\u0161ivni nedr\u010dek za dojenje in \u010das nose\u010dnosti Carriwell - Skin | Ajatutaja<\/title>\n<meta name=\"description\" content=\"Brez\u0161ivni nedr\u010dek za dojenje in \u010das nose\u010dnosti Carriwell je primeren za vsakodnevno no\u0161enje in tudi za spanje. Na voljo v treh barvah.\" \/>\n<meta name=\"robots\" content=\"index, follow, max-snippet:-1, max-image-preview:large, max-video-preview:-1\" \/>\n<link rel=\"canonical\" href=\"https:\/\/ajatutaja.com\/izdelek\/brezsivni-nedrcek-za-dojenje-in-cas-nosecnosti-carriwell-skin\/\" \/>\n<meta property=\"og:locale\" content=\"hr_HR\" \/>\n<meta property=\"og:type\" content=\"article\" \/>\n<meta property=\"og:title\" content=\"Brez\u0161ivni nedr\u010dek za dojenje in \u010das nose\u010dnosti Carriwell - Skin | Ajatutaja\" \/>\n<meta property=\"og:description\" content=\"Brez\u0161ivni nedr\u010dek za dojenje in \u010das nose\u010dnosti Carriwell je primeren za vsakodnevno no\u0161enje in tudi za spanje. Na voljo v treh barvah.\" \/>\n<meta property=\"og:url\" content=\"https:\/\/ajatutaja.com\/izdelek\/brezsivni-nedrcek-za-dojenje-in-cas-nosecnosti-carriwell-skin\/\" \/>\n<meta property=\"og:site_name\" content=\"Ajatutaja\" \/>\n<meta property=\"article:modified_time\" content=\"2025-10-30T06:05:41+00:00\" \/>\n<meta property=\"og:image\" content=\"https:\/\/ajatutaja.com\/wp-content\/uploads\/2021\/11\/carriwell-soft-nursing-bra-3005-skin.jpg\" \/>\n\t<meta property=\"og:image:width\" content=\"500\" \/>\n\t<meta property=\"og:image:height\" content=\"698\" \/>\n\t<meta property=\"og:image:type\" content=\"image\/jpeg\" \/>\n<meta name=\"twitter:card\" content=\"summary_large_image\" \/>\n<meta name=\"twitter:label1\" content=\"Procijenjeno vrijeme \u010ditanja\" \/>\n\t<meta name=\"twitter:data1\" content=\"1 minuta\" \/>\n<script type=\"application\/ld+json\" class=\"yoast-schema-graph\">{\"@context\":\"https:\\\/\\\/schema.org\",\"@graph\":[{\"@type\":\"WebPage\",\"@id\":\"https:\\\/\\\/ajatutaja.com\\\/izdelek\\\/brezsivni-nedrcek-za-dojenje-in-cas-nosecnosti-carriwell-skin\\\/\",\"url\":\"https:\\\/\\\/ajatutaja.com\\\/izdelek\\\/brezsivni-nedrcek-za-dojenje-in-cas-nosecnosti-carriwell-skin\\\/\",\"name\":\"Brez\u0161ivni nedr\u010dek za dojenje in \u010das nose\u010dnosti Carriwell - Skin | Ajatutaja\",\"isPartOf\":{\"@id\":\"https:\\\/\\\/ajatutaja.com\\\/#website\"},\"primaryImageOfPage\":{\"@id\":\"https:\\\/\\\/ajatutaja.com\\\/izdelek\\\/brezsivni-nedrcek-za-dojenje-in-cas-nosecnosti-carriwell-skin\\\/#primaryimage\"},\"image\":{\"@id\":\"https:\\\/\\\/ajatutaja.com\\\/izdelek\\\/brezsivni-nedrcek-za-dojenje-in-cas-nosecnosti-carriwell-skin\\\/#primaryimage\"},\"thumbnailUrl\":\"https:\\\/\\\/ajatutaja.com\\\/wp-content\\\/uploads\\\/2021\\\/11\\\/carriwell-soft-nursing-bra-3005-skin.jpg\",\"datePublished\":\"2015-09-20T12:50:31+00:00\",\"dateModified\":\"2025-10-30T06:05:41+00:00\",\"description\":\"Brez\u0161ivni nedr\u010dek za dojenje in \u010das nose\u010dnosti Carriwell je primeren za vsakodnevno no\u0161enje in tudi za spanje. Na voljo v treh barvah.\",\"breadcrumb\":{\"@id\":\"https:\\\/\\\/ajatutaja.com\\\/izdelek\\\/brezsivni-nedrcek-za-dojenje-in-cas-nosecnosti-carriwell-skin\\\/#breadcrumb\"},\"inLanguage\":\"hr\",\"potentialAction\":[{\"@type\":\"ReadAction\",\"target\":[\"https:\\\/\\\/ajatutaja.com\\\/izdelek\\\/brezsivni-nedrcek-za-dojenje-in-cas-nosecnosti-carriwell-skin\\\/\"]}]},{\"@type\":\"ImageObject\",\"inLanguage\":\"hr\",\"@id\":\"https:\\\/\\\/ajatutaja.com\\\/izdelek\\\/brezsivni-nedrcek-za-dojenje-in-cas-nosecnosti-carriwell-skin\\\/#primaryimage\",\"url\":\"https:\\\/\\\/ajatutaja.com\\\/wp-content\\\/uploads\\\/2021\\\/11\\\/carriwell-soft-nursing-bra-3005-skin.jpg\",\"contentUrl\":\"https:\\\/\\\/ajatutaja.com\\\/wp-content\\\/uploads\\\/2021\\\/11\\\/carriwell-soft-nursing-bra-3005-skin.jpg\",\"width\":500,\"height\":698},{\"@type\":\"BreadcrumbList\",\"@id\":\"https:\\\/\\\/ajatutaja.com\\\/izdelek\\\/brezsivni-nedrcek-za-dojenje-in-cas-nosecnosti-carriwell-skin\\\/#breadcrumb\",\"itemListElement\":[{\"@type\":\"ListItem\",\"position\":1,\"name\":\"Home\",\"item\":\"https:\\\/\\\/ajatutaja.com\\\/hr\\\/\"},{\"@type\":\"ListItem\",\"position\":2,\"name\":\"Trgovina\",\"item\":\"https:\\\/\\\/ajatutaja.com\\\/hr\\\/trgovina\\\/\"},{\"@type\":\"ListItem\",\"position\":3,\"name\":\"Brez\u0161ivni nedr\u010dek za dojenje in \u010das nose\u010dnosti Carriwell &#8211; Skin\"}]},{\"@type\":\"WebSite\",\"@id\":\"https:\\\/\\\/ajatutaja.com\\\/#website\",\"url\":\"https:\\\/\\\/ajatutaja.com\\\/\",\"name\":\"Ajatutaja\",\"description\":\"Otro\u0161ka spletna trgovina AJATUTAJA\",\"publisher\":{\"@id\":\"https:\\\/\\\/ajatutaja.com\\\/#organization\"},\"potentialAction\":[{\"@type\":\"SearchAction\",\"target\":{\"@type\":\"EntryPoint\",\"urlTemplate\":\"https:\\\/\\\/ajatutaja.com\\\/?s={search_term_string}\"},\"query-input\":{\"@type\":\"PropertyValueSpecification\",\"valueRequired\":true,\"valueName\":\"search_term_string\"}}],\"inLanguage\":\"hr\"},{\"@type\":\"Organization\",\"@id\":\"https:\\\/\\\/ajatutaja.com\\\/#organization\",\"name\":\"Ajatutaja\",\"url\":\"https:\\\/\\\/ajatutaja.com\\\/\",\"logo\":{\"@type\":\"ImageObject\",\"inLanguage\":\"hr\",\"@id\":\"https:\\\/\\\/ajatutaja.com\\\/#\\\/schema\\\/logo\\\/image\\\/\",\"url\":\"https:\\\/\\\/ajatutaja.com\\\/wp-content\\\/uploads\\\/2021\\\/10\\\/logo.png\",\"contentUrl\":\"https:\\\/\\\/ajatutaja.com\\\/wp-content\\\/uploads\\\/2021\\\/10\\\/logo.png\",\"width\":555,\"height\":150,\"caption\":\"Ajatutaja\"},\"image\":{\"@id\":\"https:\\\/\\\/ajatutaja.com\\\/#\\\/schema\\\/logo\\\/image\\\/\"}}]}<\/script>\n<!-- \/ Yoast SEO plugin. -->","yoast_head_json":{"title":"Brez\u0161ivni nedr\u010dek za dojenje in \u010das nose\u010dnosti Carriwell - Skin | Ajatutaja","description":"Brez\u0161ivni nedr\u010dek za dojenje in \u010das nose\u010dnosti Carriwell je primeren za vsakodnevno no\u0161enje in tudi za spanje. Na voljo v treh barvah.","robots":{"index":"index","follow":"follow","max-snippet":"max-snippet:-1","max-image-preview":"max-image-preview:large","max-video-preview":"max-video-preview:-1"},"canonical":"https:\/\/ajatutaja.com\/izdelek\/brezsivni-nedrcek-za-dojenje-in-cas-nosecnosti-carriwell-skin\/","og_locale":"hr_HR","og_type":"article","og_title":"Brez\u0161ivni nedr\u010dek za dojenje in \u010das nose\u010dnosti Carriwell - Skin | Ajatutaja","og_description":"Brez\u0161ivni nedr\u010dek za dojenje in \u010das nose\u010dnosti Carriwell je primeren za vsakodnevno no\u0161enje in tudi za spanje. Na voljo v treh barvah.","og_url":"https:\/\/ajatutaja.com\/izdelek\/brezsivni-nedrcek-za-dojenje-in-cas-nosecnosti-carriwell-skin\/","og_site_name":"Ajatutaja","article_modified_time":"2025-10-30T06:05:41+00:00","og_image":[{"width":500,"height":698,"url":"https:\/\/ajatutaja.com\/wp-content\/uploads\/2021\/11\/carriwell-soft-nursing-bra-3005-skin.jpg","type":"image\/jpeg"}],"twitter_card":"summary_large_image","twitter_misc":{"Procijenjeno vrijeme \u010ditanja":"1 minuta"},"schema":{"@context":"https:\/\/schema.org","@graph":[{"@type":"WebPage","@id":"https:\/\/ajatutaja.com\/izdelek\/brezsivni-nedrcek-za-dojenje-in-cas-nosecnosti-carriwell-skin\/","url":"https:\/\/ajatutaja.com\/izdelek\/brezsivni-nedrcek-za-dojenje-in-cas-nosecnosti-carriwell-skin\/","name":"Brez\u0161ivni nedr\u010dek za dojenje in \u010das nose\u010dnosti Carriwell - Skin | Ajatutaja","isPartOf":{"@id":"https:\/\/ajatutaja.com\/#website"},"primaryImageOfPage":{"@id":"https:\/\/ajatutaja.com\/izdelek\/brezsivni-nedrcek-za-dojenje-in-cas-nosecnosti-carriwell-skin\/#primaryimage"},"image":{"@id":"https:\/\/ajatutaja.com\/izdelek\/brezsivni-nedrcek-za-dojenje-in-cas-nosecnosti-carriwell-skin\/#primaryimage"},"thumbnailUrl":"https:\/\/ajatutaja.com\/wp-content\/uploads\/2021\/11\/carriwell-soft-nursing-bra-3005-skin.jpg","datePublished":"2015-09-20T12:50:31+00:00","dateModified":"2025-10-30T06:05:41+00:00","description":"Brez\u0161ivni nedr\u010dek za dojenje in \u010das nose\u010dnosti Carriwell je primeren za vsakodnevno no\u0161enje in tudi za spanje. Na voljo v treh barvah.","breadcrumb":{"@id":"https:\/\/ajatutaja.com\/izdelek\/brezsivni-nedrcek-za-dojenje-in-cas-nosecnosti-carriwell-skin\/#breadcrumb"},"inLanguage":"hr","potentialAction":[{"@type":"ReadAction","target":["https:\/\/ajatutaja.com\/izdelek\/brezsivni-nedrcek-za-dojenje-in-cas-nosecnosti-carriwell-skin\/"]}]},{"@type":"ImageObject","inLanguage":"hr","@id":"https:\/\/ajatutaja.com\/izdelek\/brezsivni-nedrcek-za-dojenje-in-cas-nosecnosti-carriwell-skin\/#primaryimage","url":"https:\/\/ajatutaja.com\/wp-content\/uploads\/2021\/11\/carriwell-soft-nursing-bra-3005-skin.jpg","contentUrl":"https:\/\/ajatutaja.com\/wp-content\/uploads\/2021\/11\/carriwell-soft-nursing-bra-3005-skin.jpg","width":500,"height":698},{"@type":"BreadcrumbList","@id":"https:\/\/ajatutaja.com\/izdelek\/brezsivni-nedrcek-za-dojenje-in-cas-nosecnosti-carriwell-skin\/#breadcrumb","itemListElement":[{"@type":"ListItem","position":1,"name":"Home","item":"https:\/\/ajatutaja.com\/hr\/"},{"@type":"ListItem","position":2,"name":"Trgovina","item":"https:\/\/ajatutaja.com\/hr\/trgovina\/"},{"@type":"ListItem","position":3,"name":"Brez\u0161ivni nedr\u010dek za dojenje in \u010das nose\u010dnosti Carriwell &#8211; Skin"}]},{"@type":"WebSite","@id":"https:\/\/ajatutaja.com\/#website","url":"https:\/\/ajatutaja.com\/","name":"Ajatutaja","description":"Otro\u0161ka spletna trgovina AJATUTAJA","publisher":{"@id":"https:\/\/ajatutaja.com\/#organization"},"potentialAction":[{"@type":"SearchAction","target":{"@type":"EntryPoint","urlTemplate":"https:\/\/ajatutaja.com\/?s={search_term_string}"},"query-input":{"@type":"PropertyValueSpecification","valueRequired":true,"valueName":"search_term_string"}}],"inLanguage":"hr"},{"@type":"Organization","@id":"https:\/\/ajatutaja.com\/#organization","name":"Ajatutaja","url":"https:\/\/ajatutaja.com\/","logo":{"@type":"ImageObject","inLanguage":"hr","@id":"https:\/\/ajatutaja.com\/#\/schema\/logo\/image\/","url":"https:\/\/ajatutaja.com\/wp-content\/uploads\/2021\/10\/logo.png","contentUrl":"https:\/\/ajatutaja.com\/wp-content\/uploads\/2021\/10\/logo.png","width":555,"height":150,"caption":"Ajatutaja"},"image":{"@id":"https:\/\/ajatutaja.com\/#\/schema\/logo\/image\/"}}]}},"brands":[{"id":2296,"name":"Carriwell","slug":"carriwell-dojenje"},{"id":2268,"name":"Dojenje","slug":"dojenje"}],"_links":{"self":[{"href":"https:\/\/ajatutaja.com\/hr\/wp-json\/wp\/v2\/product\/21196","targetHints":{"allow":["GET"]}}],"collection":[{"href":"https:\/\/ajatutaja.com\/hr\/wp-json\/wp\/v2\/product"}],"about":[{"href":"https:\/\/ajatutaja.com\/hr\/wp-json\/wp\/v2\/types\/product"}],"wp:featuredmedia":[{"embeddable":true,"href":"https:\/\/ajatutaja.com\/hr\/wp-json\/wp\/v2\/media\/21197"}],"wp:attachment":[{"href":"https:\/\/ajatutaja.com\/hr\/wp-json\/wp\/v2\/media?parent=21196"}],"wp:term":[{"taxonomy":"pwb-brand","embeddable":true,"href":"https:\/\/ajatutaja.com\/hr\/wp-json\/wp\/v2\/pwb-brand?post=21196"},{"taxonomy":"product_brand","embeddable":true,"href":"https:\/\/ajatutaja.com\/hr\/wp-json\/wp\/v2\/product_brand?post=21196"},{"taxonomy":"product_cat","embeddable":true,"href":"https:\/\/ajatutaja.com\/hr\/wp-json\/wp\/v2\/product_cat?post=21196"},{"taxonomy":"product_tag","embeddable":true,"href":"https:\/\/ajatutaja.com\/hr\/wp-json\/wp\/v2\/product_tag?post=21196"}],"curies":[{"name":"wp","href":"https:\/\/api.w.org\/{rel}","templated":true}]}}