{"id":21184,"date":"2015-08-19T19:09:55","date_gmt":"2015-08-19T17:09:55","guid":{"rendered":"https:\/\/ajatutaja.com\/izdelek\/brezsivni-sportni-nedrcek-za-dojenje-anita-5075-722\/"},"modified":"2023-05-25T14:41:53","modified_gmt":"2023-05-25T12:41:53","slug":"brezsivni-sportni-nedrcek-za-dojenje-anita-5075-722","status":"publish","type":"product","link":"https:\/\/ajatutaja.com\/hr\/proizvod\/brezsivni-sportni-nedrcek-za-dojenje-anita-5075-722\/","title":{"rendered":"Brez\u0161ivni \u0161portni nedr\u010dek za dojenje Anita 5075 &#8211; Skin (70E)"},"content":{"rendered":"<p>[vc_row][vc_column][vc_column_text]Nedr\u010dek je narejen iz zra\u010dnih mikrovlaken in je brez\u0161iven s termi\u010dno oblikovano ko\u0161arico. Je zelo elasti\u010den, ko\u0161arica se lahko pove\u010da za eno velikost, zaradi kakovostnih mikrovlaken pa ohranja svojo obliko. Je mehek, gladek in ima rahel sijaj.<\/p>\n<p>Pri ko\u0161aricah je sponka za la\u017eje odpiranje in zapiranje samo z eno roko. Dodatno oja\u010dan s \u0161ivi na spodnjem delu in dodatno oporo, kar omogo\u010da prosto gibanje in fiksne dojke med telesno aktivnostjo. Obenem je tako mehek, zra\u010den in prijeten, da lahko z njim tudi spimo.<\/p>\n<p>Surovinska sestava: 80% poliamid, 20% elastan (Lycra), Mikrovlakna<\/p>\n<p>Vzdr\u017eevanje:<\/p>\n<p><a href=\"https:\/\/ajatutaja.com\/wp-content\/uploads\/2015\/09\/VZDRZEVANJE1.png\"><img loading=\"lazy\" decoding=\"async\" class=\"alignnone size-full wp-image-8366\" src=\"https:\/\/ajatutaja.com\/wp-content\/uploads\/2015\/09\/VZDRZEVANJE1.png\" alt=\"VZDRZEVANJE\" width=\"167\" height=\"22\" \/><\/a>[\/vc_column_text][\/vc_column][\/vc_row]<\/p>\n","protected":false},"excerpt":{"rendered":"<p style=\"text-align: justify\">Brez\u0161ivni \u0161portni nedr\u010dek za dojenje Anita 5075 je na voljo v treh barvah do ko\u0161arice 95E. Nedr\u010dki velikosti od 90 B dalje imajo \u0161ir\u0161e naramnice, za \u0161e ve\u010djo udobnost. Zadaj je sponka s tremi zaponkami, za prilagoditev \u0161irine.<\/p>\n","protected":false},"featured_media":21185,"template":"","meta":[],"pwb-brand":[2295,2268],"product_brand":[],"product_cat":[2293,2265,2283,2742],"product_tag":[4027],"class_list":{"0":"post-21184","1":"product","2":"type-product","3":"status-publish","4":"has-post-thumbnail","6":"pwb-brand-anita-maternity-dojenje","7":"pwb-brand-dojenje","8":"product_cat-brezsivni-nedrcki-za-dojenje","9":"product_cat-dojenje","10":"product_cat-modrci-za-dojenje","11":"product_cat-outlet","12":"product_tag-anita-maternity","14":"first","15":"instock","16":"sale","17":"taxable","18":"shipping-taxable","19":"purchasable","20":"product-type-variable","21":"add-to-wishlist-before_image"},"yoast_head":"<!-- This site is optimized with the Yoast SEO plugin v27.3 - https:\/\/yoast.com\/product\/yoast-seo-wordpress\/ -->\n<title>Brez\u0161ivni \u0161portni nedr\u010dek za dojenje Anita 5075 - Skin (70E) | Ajatutaja<\/title>\n<meta name=\"description\" content=\"Brez\u0161ivni \u0161portni nedr\u010dek za dojenje Anita 5075 je na voljo v treh barvah do ko\u0161arice 95E. Je zelo elasti\u010den, ko\u0161arica se lahko pove\u010da za eno velikost\" \/>\n<meta name=\"robots\" content=\"index, follow, max-snippet:-1, max-image-preview:large, max-video-preview:-1\" \/>\n<link rel=\"canonical\" href=\"https:\/\/ajatutaja.com\/izdelek\/brezsivni-sportni-nedrcek-za-dojenje-anita-5075-722\/\" \/>\n<meta property=\"og:locale\" content=\"hr_HR\" \/>\n<meta property=\"og:type\" content=\"article\" \/>\n<meta property=\"og:title\" content=\"Brez\u0161ivni \u0161portni nedr\u010dek za dojenje Anita 5075 - Skin (70E) | Ajatutaja\" \/>\n<meta property=\"og:description\" content=\"Brez\u0161ivni \u0161portni nedr\u010dek za dojenje Anita 5075 je na voljo v treh barvah do ko\u0161arice 95E. Je zelo elasti\u010den, ko\u0161arica se lahko pove\u010da za eno velikost\" \/>\n<meta property=\"og:url\" content=\"https:\/\/ajatutaja.com\/izdelek\/brezsivni-sportni-nedrcek-za-dojenje-anita-5075-722\/\" \/>\n<meta property=\"og:site_name\" content=\"Ajatutaja\" \/>\n<meta property=\"article:modified_time\" content=\"2023-05-25T12:41:53+00:00\" \/>\n<meta property=\"og:image\" content=\"https:\/\/ajatutaja.com\/wp-content\/uploads\/2021\/11\/Brezsivni_nedrcek_za_dojenje_5075_kozna_2.jpg\" \/>\n\t<meta property=\"og:image:width\" content=\"500\" \/>\n\t<meta property=\"og:image:height\" content=\"500\" \/>\n\t<meta property=\"og:image:type\" content=\"image\/jpeg\" \/>\n<meta name=\"twitter:card\" content=\"summary_large_image\" \/>\n<meta name=\"twitter:label1\" content=\"Procijenjeno vrijeme \u010ditanja\" \/>\n\t<meta name=\"twitter:data1\" content=\"1 minuta\" \/>\n<script type=\"application\/ld+json\" class=\"yoast-schema-graph\">{\"@context\":\"https:\\\/\\\/schema.org\",\"@graph\":[{\"@type\":\"WebPage\",\"@id\":\"https:\\\/\\\/ajatutaja.com\\\/izdelek\\\/brezsivni-sportni-nedrcek-za-dojenje-anita-5075-722\\\/\",\"url\":\"https:\\\/\\\/ajatutaja.com\\\/izdelek\\\/brezsivni-sportni-nedrcek-za-dojenje-anita-5075-722\\\/\",\"name\":\"Brez\u0161ivni \u0161portni nedr\u010dek za dojenje Anita 5075 - Skin (70E) | Ajatutaja\",\"isPartOf\":{\"@id\":\"https:\\\/\\\/ajatutaja.com\\\/#website\"},\"primaryImageOfPage\":{\"@id\":\"https:\\\/\\\/ajatutaja.com\\\/izdelek\\\/brezsivni-sportni-nedrcek-za-dojenje-anita-5075-722\\\/#primaryimage\"},\"image\":{\"@id\":\"https:\\\/\\\/ajatutaja.com\\\/izdelek\\\/brezsivni-sportni-nedrcek-za-dojenje-anita-5075-722\\\/#primaryimage\"},\"thumbnailUrl\":\"https:\\\/\\\/ajatutaja.com\\\/wp-content\\\/uploads\\\/2021\\\/11\\\/Brezsivni_nedrcek_za_dojenje_5075_kozna_2.jpg\",\"datePublished\":\"2015-08-19T17:09:55+00:00\",\"dateModified\":\"2023-05-25T12:41:53+00:00\",\"description\":\"Brez\u0161ivni \u0161portni nedr\u010dek za dojenje Anita 5075 je na voljo v treh barvah do ko\u0161arice 95E. Je zelo elasti\u010den, ko\u0161arica se lahko pove\u010da za eno velikost\",\"breadcrumb\":{\"@id\":\"https:\\\/\\\/ajatutaja.com\\\/izdelek\\\/brezsivni-sportni-nedrcek-za-dojenje-anita-5075-722\\\/#breadcrumb\"},\"inLanguage\":\"hr\",\"potentialAction\":[{\"@type\":\"ReadAction\",\"target\":[\"https:\\\/\\\/ajatutaja.com\\\/izdelek\\\/brezsivni-sportni-nedrcek-za-dojenje-anita-5075-722\\\/\"]}]},{\"@type\":\"ImageObject\",\"inLanguage\":\"hr\",\"@id\":\"https:\\\/\\\/ajatutaja.com\\\/izdelek\\\/brezsivni-sportni-nedrcek-za-dojenje-anita-5075-722\\\/#primaryimage\",\"url\":\"https:\\\/\\\/ajatutaja.com\\\/wp-content\\\/uploads\\\/2021\\\/11\\\/Brezsivni_nedrcek_za_dojenje_5075_kozna_2.jpg\",\"contentUrl\":\"https:\\\/\\\/ajatutaja.com\\\/wp-content\\\/uploads\\\/2021\\\/11\\\/Brezsivni_nedrcek_za_dojenje_5075_kozna_2.jpg\",\"width\":500,\"height\":500},{\"@type\":\"BreadcrumbList\",\"@id\":\"https:\\\/\\\/ajatutaja.com\\\/izdelek\\\/brezsivni-sportni-nedrcek-za-dojenje-anita-5075-722\\\/#breadcrumb\",\"itemListElement\":[{\"@type\":\"ListItem\",\"position\":1,\"name\":\"Home\",\"item\":\"https:\\\/\\\/ajatutaja.com\\\/hr\\\/\"},{\"@type\":\"ListItem\",\"position\":2,\"name\":\"Trgovina\",\"item\":\"https:\\\/\\\/ajatutaja.com\\\/hr\\\/trgovina\\\/\"},{\"@type\":\"ListItem\",\"position\":3,\"name\":\"Brez\u0161ivni \u0161portni nedr\u010dek za dojenje Anita 5075 &#8211; Skin (70E)\"}]},{\"@type\":\"WebSite\",\"@id\":\"https:\\\/\\\/ajatutaja.com\\\/#website\",\"url\":\"https:\\\/\\\/ajatutaja.com\\\/\",\"name\":\"Ajatutaja\",\"description\":\"Otro\u0161ka spletna trgovina AJATUTAJA\",\"publisher\":{\"@id\":\"https:\\\/\\\/ajatutaja.com\\\/#organization\"},\"potentialAction\":[{\"@type\":\"SearchAction\",\"target\":{\"@type\":\"EntryPoint\",\"urlTemplate\":\"https:\\\/\\\/ajatutaja.com\\\/?s={search_term_string}\"},\"query-input\":{\"@type\":\"PropertyValueSpecification\",\"valueRequired\":true,\"valueName\":\"search_term_string\"}}],\"inLanguage\":\"hr\"},{\"@type\":\"Organization\",\"@id\":\"https:\\\/\\\/ajatutaja.com\\\/#organization\",\"name\":\"Ajatutaja\",\"url\":\"https:\\\/\\\/ajatutaja.com\\\/\",\"logo\":{\"@type\":\"ImageObject\",\"inLanguage\":\"hr\",\"@id\":\"https:\\\/\\\/ajatutaja.com\\\/#\\\/schema\\\/logo\\\/image\\\/\",\"url\":\"https:\\\/\\\/ajatutaja.com\\\/wp-content\\\/uploads\\\/2021\\\/10\\\/logo.png\",\"contentUrl\":\"https:\\\/\\\/ajatutaja.com\\\/wp-content\\\/uploads\\\/2021\\\/10\\\/logo.png\",\"width\":555,\"height\":150,\"caption\":\"Ajatutaja\"},\"image\":{\"@id\":\"https:\\\/\\\/ajatutaja.com\\\/#\\\/schema\\\/logo\\\/image\\\/\"}}]}<\/script>\n<!-- \/ Yoast SEO plugin. -->","yoast_head_json":{"title":"Brez\u0161ivni \u0161portni nedr\u010dek za dojenje Anita 5075 - Skin (70E) | Ajatutaja","description":"Brez\u0161ivni \u0161portni nedr\u010dek za dojenje Anita 5075 je na voljo v treh barvah do ko\u0161arice 95E. Je zelo elasti\u010den, ko\u0161arica se lahko pove\u010da za eno velikost","robots":{"index":"index","follow":"follow","max-snippet":"max-snippet:-1","max-image-preview":"max-image-preview:large","max-video-preview":"max-video-preview:-1"},"canonical":"https:\/\/ajatutaja.com\/izdelek\/brezsivni-sportni-nedrcek-za-dojenje-anita-5075-722\/","og_locale":"hr_HR","og_type":"article","og_title":"Brez\u0161ivni \u0161portni nedr\u010dek za dojenje Anita 5075 - Skin (70E) | Ajatutaja","og_description":"Brez\u0161ivni \u0161portni nedr\u010dek za dojenje Anita 5075 je na voljo v treh barvah do ko\u0161arice 95E. Je zelo elasti\u010den, ko\u0161arica se lahko pove\u010da za eno velikost","og_url":"https:\/\/ajatutaja.com\/izdelek\/brezsivni-sportni-nedrcek-za-dojenje-anita-5075-722\/","og_site_name":"Ajatutaja","article_modified_time":"2023-05-25T12:41:53+00:00","og_image":[{"width":500,"height":500,"url":"https:\/\/ajatutaja.com\/wp-content\/uploads\/2021\/11\/Brezsivni_nedrcek_za_dojenje_5075_kozna_2.jpg","type":"image\/jpeg"}],"twitter_card":"summary_large_image","twitter_misc":{"Procijenjeno vrijeme \u010ditanja":"1 minuta"},"schema":{"@context":"https:\/\/schema.org","@graph":[{"@type":"WebPage","@id":"https:\/\/ajatutaja.com\/izdelek\/brezsivni-sportni-nedrcek-za-dojenje-anita-5075-722\/","url":"https:\/\/ajatutaja.com\/izdelek\/brezsivni-sportni-nedrcek-za-dojenje-anita-5075-722\/","name":"Brez\u0161ivni \u0161portni nedr\u010dek za dojenje Anita 5075 - Skin (70E) | Ajatutaja","isPartOf":{"@id":"https:\/\/ajatutaja.com\/#website"},"primaryImageOfPage":{"@id":"https:\/\/ajatutaja.com\/izdelek\/brezsivni-sportni-nedrcek-za-dojenje-anita-5075-722\/#primaryimage"},"image":{"@id":"https:\/\/ajatutaja.com\/izdelek\/brezsivni-sportni-nedrcek-za-dojenje-anita-5075-722\/#primaryimage"},"thumbnailUrl":"https:\/\/ajatutaja.com\/wp-content\/uploads\/2021\/11\/Brezsivni_nedrcek_za_dojenje_5075_kozna_2.jpg","datePublished":"2015-08-19T17:09:55+00:00","dateModified":"2023-05-25T12:41:53+00:00","description":"Brez\u0161ivni \u0161portni nedr\u010dek za dojenje Anita 5075 je na voljo v treh barvah do ko\u0161arice 95E. Je zelo elasti\u010den, ko\u0161arica se lahko pove\u010da za eno velikost","breadcrumb":{"@id":"https:\/\/ajatutaja.com\/izdelek\/brezsivni-sportni-nedrcek-za-dojenje-anita-5075-722\/#breadcrumb"},"inLanguage":"hr","potentialAction":[{"@type":"ReadAction","target":["https:\/\/ajatutaja.com\/izdelek\/brezsivni-sportni-nedrcek-za-dojenje-anita-5075-722\/"]}]},{"@type":"ImageObject","inLanguage":"hr","@id":"https:\/\/ajatutaja.com\/izdelek\/brezsivni-sportni-nedrcek-za-dojenje-anita-5075-722\/#primaryimage","url":"https:\/\/ajatutaja.com\/wp-content\/uploads\/2021\/11\/Brezsivni_nedrcek_za_dojenje_5075_kozna_2.jpg","contentUrl":"https:\/\/ajatutaja.com\/wp-content\/uploads\/2021\/11\/Brezsivni_nedrcek_za_dojenje_5075_kozna_2.jpg","width":500,"height":500},{"@type":"BreadcrumbList","@id":"https:\/\/ajatutaja.com\/izdelek\/brezsivni-sportni-nedrcek-za-dojenje-anita-5075-722\/#breadcrumb","itemListElement":[{"@type":"ListItem","position":1,"name":"Home","item":"https:\/\/ajatutaja.com\/hr\/"},{"@type":"ListItem","position":2,"name":"Trgovina","item":"https:\/\/ajatutaja.com\/hr\/trgovina\/"},{"@type":"ListItem","position":3,"name":"Brez\u0161ivni \u0161portni nedr\u010dek za dojenje Anita 5075 &#8211; Skin (70E)"}]},{"@type":"WebSite","@id":"https:\/\/ajatutaja.com\/#website","url":"https:\/\/ajatutaja.com\/","name":"Ajatutaja","description":"Otro\u0161ka spletna trgovina AJATUTAJA","publisher":{"@id":"https:\/\/ajatutaja.com\/#organization"},"potentialAction":[{"@type":"SearchAction","target":{"@type":"EntryPoint","urlTemplate":"https:\/\/ajatutaja.com\/?s={search_term_string}"},"query-input":{"@type":"PropertyValueSpecification","valueRequired":true,"valueName":"search_term_string"}}],"inLanguage":"hr"},{"@type":"Organization","@id":"https:\/\/ajatutaja.com\/#organization","name":"Ajatutaja","url":"https:\/\/ajatutaja.com\/","logo":{"@type":"ImageObject","inLanguage":"hr","@id":"https:\/\/ajatutaja.com\/#\/schema\/logo\/image\/","url":"https:\/\/ajatutaja.com\/wp-content\/uploads\/2021\/10\/logo.png","contentUrl":"https:\/\/ajatutaja.com\/wp-content\/uploads\/2021\/10\/logo.png","width":555,"height":150,"caption":"Ajatutaja"},"image":{"@id":"https:\/\/ajatutaja.com\/#\/schema\/logo\/image\/"}}]}},"brands":[{"id":2295,"name":"Anita Maternity","slug":"anita-maternity-dojenje"},{"id":2268,"name":"Dojenje","slug":"dojenje"}],"_links":{"self":[{"href":"https:\/\/ajatutaja.com\/hr\/wp-json\/wp\/v2\/product\/21184","targetHints":{"allow":["GET"]}}],"collection":[{"href":"https:\/\/ajatutaja.com\/hr\/wp-json\/wp\/v2\/product"}],"about":[{"href":"https:\/\/ajatutaja.com\/hr\/wp-json\/wp\/v2\/types\/product"}],"wp:featuredmedia":[{"embeddable":true,"href":"https:\/\/ajatutaja.com\/hr\/wp-json\/wp\/v2\/media\/21185"}],"wp:attachment":[{"href":"https:\/\/ajatutaja.com\/hr\/wp-json\/wp\/v2\/media?parent=21184"}],"wp:term":[{"taxonomy":"pwb-brand","embeddable":true,"href":"https:\/\/ajatutaja.com\/hr\/wp-json\/wp\/v2\/pwb-brand?post=21184"},{"taxonomy":"product_brand","embeddable":true,"href":"https:\/\/ajatutaja.com\/hr\/wp-json\/wp\/v2\/product_brand?post=21184"},{"taxonomy":"product_cat","embeddable":true,"href":"https:\/\/ajatutaja.com\/hr\/wp-json\/wp\/v2\/product_cat?post=21184"},{"taxonomy":"product_tag","embeddable":true,"href":"https:\/\/ajatutaja.com\/hr\/wp-json\/wp\/v2\/product_tag?post=21184"}],"curies":[{"name":"wp","href":"https:\/\/api.w.org\/{rel}","templated":true}]}}