{"id":21004,"date":"2021-09-19T18:16:40","date_gmt":"2021-09-19T16:16:40","guid":{"rendered":"https:\/\/ajatutaja.com\/izdelek\/otroski-deznik-stephen-joseph-magic-colour-dzungla\/"},"modified":"2025-05-20T11:15:27","modified_gmt":"2025-05-20T09:15:27","slug":"otroski-deznik-stephen-joseph-magic-colour-dzungla","status":"publish","type":"product","link":"https:\/\/ajatutaja.com\/hr\/proizvod\/otroski-deznik-stephen-joseph-magic-colour-dzungla\/","title":{"rendered":"Otro\u0161ki de\u017enik Stephen Joseph Magic Colour &#8211; D\u017eungla"},"content":{"rendered":"<p>Otro\u0161ki de\u017enik Stephen Joseph Magic Colour je ravno prave velikosti za pred\u0161olske otroke. Ni samo lep, je tudi izjemno prakti\u010den ter enostaven za uporabo, saj omogo\u010da enostavno odpiranje in zapiranje, brez nevarnosti, da bi se pri tem mal\u010dki u\u0161\u010dipnili prstke.<\/p>\n<h3>Lastnosti otro\u0161kega de\u017enika Stephen Joseph Magic colour:<\/h3>\n<ul>\n<li>Sestava 100% poliester.<\/li>\n<li>Enostavno zapiranje in odpiranje.<\/li>\n<li>Velikost odprtega de\u017enika (premer 56 cm x 68.5 cm).<\/li>\n<li>Dol\u017eina ro\u010daja 58 cm.<\/li>\n<\/ul>\n<p>De\u017enik se odlo\u010dno ujema ostalimi artikli proizvajalca Stephen Joseph: de\u017eni pla\u0161\u010dki in \u0161korenj\u010dki, nahrbtniki, fla\u0161ke,&#8230;<\/p>\n","protected":false},"excerpt":{"rendered":"<p>Barvno spreminjajo\u010di otro\u0161ki de\u017enik <strong>Stephen Joseph<\/strong> je prava \u010darovnija! <strong>Ob stiku z vodo bodo vsi motivi na de\u017eniku za\u017eiveli v novih, \u010dudovitih barvah<\/strong> in de\u017eevni dnevi bodo odslej \u0161e bolj zabavni in barviti.<\/p>\n<p>Ko pa se posu\u0161i, de\u017enik postane spet druga\u010den.<\/p>\n","protected":false},"featured_media":21005,"template":"","meta":[],"pwb-brand":[2696,2409,2437,2706],"product_brand":[],"product_cat":[2695,2609,2403,2361],"product_tag":[4038,4021,3980],"class_list":{"0":"post-21004","1":"product","2":"type-product","3":"status-publish","4":"has-post-thumbnail","6":"pwb-brand-moda","7":"pwb-brand-potepanje","8":"pwb-brand-stephen-joseph","9":"pwb-brand-stephen-joseph-moda","10":"product_cat-dezni-program","11":"product_cat-moda","12":"product_cat-otroski-dezniki","13":"product_cat-potepanje","14":"product_tag-dzungla","15":"product_tag-sj-dezniki","16":"product_tag-stephen-joseph","18":"first","19":"instock","20":"taxable","21":"shipping-taxable","22":"purchasable","23":"product-type-simple","24":"add-to-wishlist-before_image"},"yoast_head":"<!-- This site is optimized with the Yoast SEO plugin v27.3 - https:\/\/yoast.com\/product\/yoast-seo-wordpress\/ -->\n<title>Otro\u0161ki de\u017enik Stephen Joseph Magic Colour - D\u017eungla | Ajatutaja<\/title>\n<meta name=\"description\" content=\"Barvno spreminjajo\u010di de\u017enik Stephen Joseph je prava \u010darovnija! Ob stiku z vodo bodo vsi motivi na de\u017eniku za\u017eiveli v novih, \u010dudovitih barvah in de\u017eevni dnevi bodo odslej \u0161e bolj zabavni in barviti.\" \/>\n<meta name=\"robots\" content=\"index, follow, max-snippet:-1, max-image-preview:large, max-video-preview:-1\" \/>\n<link rel=\"canonical\" href=\"https:\/\/ajatutaja.com\/izdelek\/otroski-deznik-stephen-joseph-magic-colour-dzungla\/\" \/>\n<meta property=\"og:locale\" content=\"hr_HR\" \/>\n<meta property=\"og:type\" content=\"article\" \/>\n<meta property=\"og:title\" content=\"Otro\u0161ki de\u017enik Stephen Joseph Magic Colour - D\u017eungla | Ajatutaja\" \/>\n<meta property=\"og:description\" content=\"Barvno spreminjajo\u010di de\u017enik Stephen Joseph je prava \u010darovnija! Ob stiku z vodo bodo vsi motivi na de\u017eniku za\u017eiveli v novih, \u010dudovitih barvah in de\u017eevni dnevi bodo odslej \u0161e bolj zabavni in barviti.\" \/>\n<meta property=\"og:url\" content=\"https:\/\/ajatutaja.com\/izdelek\/otroski-deznik-stephen-joseph-magic-colour-dzungla\/\" \/>\n<meta property=\"og:site_name\" content=\"Ajatutaja\" \/>\n<meta property=\"article:modified_time\" content=\"2025-05-20T09:15:27+00:00\" \/>\n<meta property=\"og:image\" content=\"https:\/\/ajatutaja.com\/wp-content\/uploads\/2021\/11\/Barvno-spreminjajoc-deznik-stephenjoseph-dizungla-ajatutaja-SJ870734.jpg\" \/>\n\t<meta property=\"og:image:width\" content=\"800\" \/>\n\t<meta property=\"og:image:height\" content=\"800\" \/>\n\t<meta property=\"og:image:type\" content=\"image\/jpeg\" \/>\n<meta name=\"twitter:card\" content=\"summary_large_image\" \/>\n<script type=\"application\/ld+json\" class=\"yoast-schema-graph\">{\"@context\":\"https:\\\/\\\/schema.org\",\"@graph\":[{\"@type\":\"WebPage\",\"@id\":\"https:\\\/\\\/ajatutaja.com\\\/izdelek\\\/otroski-deznik-stephen-joseph-magic-colour-dzungla\\\/\",\"url\":\"https:\\\/\\\/ajatutaja.com\\\/izdelek\\\/otroski-deznik-stephen-joseph-magic-colour-dzungla\\\/\",\"name\":\"Otro\u0161ki de\u017enik Stephen Joseph Magic Colour - D\u017eungla | Ajatutaja\",\"isPartOf\":{\"@id\":\"https:\\\/\\\/ajatutaja.com\\\/#website\"},\"primaryImageOfPage\":{\"@id\":\"https:\\\/\\\/ajatutaja.com\\\/izdelek\\\/otroski-deznik-stephen-joseph-magic-colour-dzungla\\\/#primaryimage\"},\"image\":{\"@id\":\"https:\\\/\\\/ajatutaja.com\\\/izdelek\\\/otroski-deznik-stephen-joseph-magic-colour-dzungla\\\/#primaryimage\"},\"thumbnailUrl\":\"https:\\\/\\\/ajatutaja.com\\\/wp-content\\\/uploads\\\/2021\\\/11\\\/Barvno-spreminjajoc-deznik-stephenjoseph-dizungla-ajatutaja-SJ870734.jpg\",\"datePublished\":\"2021-09-19T16:16:40+00:00\",\"dateModified\":\"2025-05-20T09:15:27+00:00\",\"description\":\"Barvno spreminjajo\u010di de\u017enik Stephen Joseph je prava \u010darovnija! Ob stiku z vodo bodo vsi motivi na de\u017eniku za\u017eiveli v novih, \u010dudovitih barvah in de\u017eevni dnevi bodo odslej \u0161e bolj zabavni in barviti.\",\"breadcrumb\":{\"@id\":\"https:\\\/\\\/ajatutaja.com\\\/izdelek\\\/otroski-deznik-stephen-joseph-magic-colour-dzungla\\\/#breadcrumb\"},\"inLanguage\":\"hr\",\"potentialAction\":[{\"@type\":\"ReadAction\",\"target\":[\"https:\\\/\\\/ajatutaja.com\\\/izdelek\\\/otroski-deznik-stephen-joseph-magic-colour-dzungla\\\/\"]}]},{\"@type\":\"ImageObject\",\"inLanguage\":\"hr\",\"@id\":\"https:\\\/\\\/ajatutaja.com\\\/izdelek\\\/otroski-deznik-stephen-joseph-magic-colour-dzungla\\\/#primaryimage\",\"url\":\"https:\\\/\\\/ajatutaja.com\\\/wp-content\\\/uploads\\\/2021\\\/11\\\/Barvno-spreminjajoc-deznik-stephenjoseph-dizungla-ajatutaja-SJ870734.jpg\",\"contentUrl\":\"https:\\\/\\\/ajatutaja.com\\\/wp-content\\\/uploads\\\/2021\\\/11\\\/Barvno-spreminjajoc-deznik-stephenjoseph-dizungla-ajatutaja-SJ870734.jpg\",\"width\":800,\"height\":800},{\"@type\":\"BreadcrumbList\",\"@id\":\"https:\\\/\\\/ajatutaja.com\\\/izdelek\\\/otroski-deznik-stephen-joseph-magic-colour-dzungla\\\/#breadcrumb\",\"itemListElement\":[{\"@type\":\"ListItem\",\"position\":1,\"name\":\"Home\",\"item\":\"https:\\\/\\\/ajatutaja.com\\\/hr\\\/\"},{\"@type\":\"ListItem\",\"position\":2,\"name\":\"Trgovina\",\"item\":\"https:\\\/\\\/ajatutaja.com\\\/hr\\\/trgovina\\\/\"},{\"@type\":\"ListItem\",\"position\":3,\"name\":\"Otro\u0161ki de\u017enik Stephen Joseph Magic Colour &#8211; D\u017eungla\"}]},{\"@type\":\"WebSite\",\"@id\":\"https:\\\/\\\/ajatutaja.com\\\/#website\",\"url\":\"https:\\\/\\\/ajatutaja.com\\\/\",\"name\":\"Ajatutaja\",\"description\":\"Otro\u0161ka spletna trgovina AJATUTAJA\",\"publisher\":{\"@id\":\"https:\\\/\\\/ajatutaja.com\\\/#organization\"},\"potentialAction\":[{\"@type\":\"SearchAction\",\"target\":{\"@type\":\"EntryPoint\",\"urlTemplate\":\"https:\\\/\\\/ajatutaja.com\\\/?s={search_term_string}\"},\"query-input\":{\"@type\":\"PropertyValueSpecification\",\"valueRequired\":true,\"valueName\":\"search_term_string\"}}],\"inLanguage\":\"hr\"},{\"@type\":\"Organization\",\"@id\":\"https:\\\/\\\/ajatutaja.com\\\/#organization\",\"name\":\"Ajatutaja\",\"url\":\"https:\\\/\\\/ajatutaja.com\\\/\",\"logo\":{\"@type\":\"ImageObject\",\"inLanguage\":\"hr\",\"@id\":\"https:\\\/\\\/ajatutaja.com\\\/#\\\/schema\\\/logo\\\/image\\\/\",\"url\":\"https:\\\/\\\/ajatutaja.com\\\/wp-content\\\/uploads\\\/2021\\\/10\\\/logo.png\",\"contentUrl\":\"https:\\\/\\\/ajatutaja.com\\\/wp-content\\\/uploads\\\/2021\\\/10\\\/logo.png\",\"width\":555,\"height\":150,\"caption\":\"Ajatutaja\"},\"image\":{\"@id\":\"https:\\\/\\\/ajatutaja.com\\\/#\\\/schema\\\/logo\\\/image\\\/\"}}]}<\/script>\n<!-- \/ Yoast SEO plugin. -->","yoast_head_json":{"title":"Otro\u0161ki de\u017enik Stephen Joseph Magic Colour - D\u017eungla | Ajatutaja","description":"Barvno spreminjajo\u010di de\u017enik Stephen Joseph je prava \u010darovnija! Ob stiku z vodo bodo vsi motivi na de\u017eniku za\u017eiveli v novih, \u010dudovitih barvah in de\u017eevni dnevi bodo odslej \u0161e bolj zabavni in barviti.","robots":{"index":"index","follow":"follow","max-snippet":"max-snippet:-1","max-image-preview":"max-image-preview:large","max-video-preview":"max-video-preview:-1"},"canonical":"https:\/\/ajatutaja.com\/izdelek\/otroski-deznik-stephen-joseph-magic-colour-dzungla\/","og_locale":"hr_HR","og_type":"article","og_title":"Otro\u0161ki de\u017enik Stephen Joseph Magic Colour - D\u017eungla | Ajatutaja","og_description":"Barvno spreminjajo\u010di de\u017enik Stephen Joseph je prava \u010darovnija! Ob stiku z vodo bodo vsi motivi na de\u017eniku za\u017eiveli v novih, \u010dudovitih barvah in de\u017eevni dnevi bodo odslej \u0161e bolj zabavni in barviti.","og_url":"https:\/\/ajatutaja.com\/izdelek\/otroski-deznik-stephen-joseph-magic-colour-dzungla\/","og_site_name":"Ajatutaja","article_modified_time":"2025-05-20T09:15:27+00:00","og_image":[{"width":800,"height":800,"url":"https:\/\/ajatutaja.com\/wp-content\/uploads\/2021\/11\/Barvno-spreminjajoc-deznik-stephenjoseph-dizungla-ajatutaja-SJ870734.jpg","type":"image\/jpeg"}],"twitter_card":"summary_large_image","schema":{"@context":"https:\/\/schema.org","@graph":[{"@type":"WebPage","@id":"https:\/\/ajatutaja.com\/izdelek\/otroski-deznik-stephen-joseph-magic-colour-dzungla\/","url":"https:\/\/ajatutaja.com\/izdelek\/otroski-deznik-stephen-joseph-magic-colour-dzungla\/","name":"Otro\u0161ki de\u017enik Stephen Joseph Magic Colour - D\u017eungla | Ajatutaja","isPartOf":{"@id":"https:\/\/ajatutaja.com\/#website"},"primaryImageOfPage":{"@id":"https:\/\/ajatutaja.com\/izdelek\/otroski-deznik-stephen-joseph-magic-colour-dzungla\/#primaryimage"},"image":{"@id":"https:\/\/ajatutaja.com\/izdelek\/otroski-deznik-stephen-joseph-magic-colour-dzungla\/#primaryimage"},"thumbnailUrl":"https:\/\/ajatutaja.com\/wp-content\/uploads\/2021\/11\/Barvno-spreminjajoc-deznik-stephenjoseph-dizungla-ajatutaja-SJ870734.jpg","datePublished":"2021-09-19T16:16:40+00:00","dateModified":"2025-05-20T09:15:27+00:00","description":"Barvno spreminjajo\u010di de\u017enik Stephen Joseph je prava \u010darovnija! Ob stiku z vodo bodo vsi motivi na de\u017eniku za\u017eiveli v novih, \u010dudovitih barvah in de\u017eevni dnevi bodo odslej \u0161e bolj zabavni in barviti.","breadcrumb":{"@id":"https:\/\/ajatutaja.com\/izdelek\/otroski-deznik-stephen-joseph-magic-colour-dzungla\/#breadcrumb"},"inLanguage":"hr","potentialAction":[{"@type":"ReadAction","target":["https:\/\/ajatutaja.com\/izdelek\/otroski-deznik-stephen-joseph-magic-colour-dzungla\/"]}]},{"@type":"ImageObject","inLanguage":"hr","@id":"https:\/\/ajatutaja.com\/izdelek\/otroski-deznik-stephen-joseph-magic-colour-dzungla\/#primaryimage","url":"https:\/\/ajatutaja.com\/wp-content\/uploads\/2021\/11\/Barvno-spreminjajoc-deznik-stephenjoseph-dizungla-ajatutaja-SJ870734.jpg","contentUrl":"https:\/\/ajatutaja.com\/wp-content\/uploads\/2021\/11\/Barvno-spreminjajoc-deznik-stephenjoseph-dizungla-ajatutaja-SJ870734.jpg","width":800,"height":800},{"@type":"BreadcrumbList","@id":"https:\/\/ajatutaja.com\/izdelek\/otroski-deznik-stephen-joseph-magic-colour-dzungla\/#breadcrumb","itemListElement":[{"@type":"ListItem","position":1,"name":"Home","item":"https:\/\/ajatutaja.com\/hr\/"},{"@type":"ListItem","position":2,"name":"Trgovina","item":"https:\/\/ajatutaja.com\/hr\/trgovina\/"},{"@type":"ListItem","position":3,"name":"Otro\u0161ki de\u017enik Stephen Joseph Magic Colour &#8211; D\u017eungla"}]},{"@type":"WebSite","@id":"https:\/\/ajatutaja.com\/#website","url":"https:\/\/ajatutaja.com\/","name":"Ajatutaja","description":"Otro\u0161ka spletna trgovina AJATUTAJA","publisher":{"@id":"https:\/\/ajatutaja.com\/#organization"},"potentialAction":[{"@type":"SearchAction","target":{"@type":"EntryPoint","urlTemplate":"https:\/\/ajatutaja.com\/?s={search_term_string}"},"query-input":{"@type":"PropertyValueSpecification","valueRequired":true,"valueName":"search_term_string"}}],"inLanguage":"hr"},{"@type":"Organization","@id":"https:\/\/ajatutaja.com\/#organization","name":"Ajatutaja","url":"https:\/\/ajatutaja.com\/","logo":{"@type":"ImageObject","inLanguage":"hr","@id":"https:\/\/ajatutaja.com\/#\/schema\/logo\/image\/","url":"https:\/\/ajatutaja.com\/wp-content\/uploads\/2021\/10\/logo.png","contentUrl":"https:\/\/ajatutaja.com\/wp-content\/uploads\/2021\/10\/logo.png","width":555,"height":150,"caption":"Ajatutaja"},"image":{"@id":"https:\/\/ajatutaja.com\/#\/schema\/logo\/image\/"}}]}},"brands":[{"id":2696,"name":"Moda","slug":"moda"},{"id":2409,"name":"Potepanje","slug":"potepanje"},{"id":2437,"name":"Stephen Joseph","slug":"stephen-joseph"},{"id":2706,"name":"Stephen Joseph","slug":"stephen-joseph-moda"}],"_links":{"self":[{"href":"https:\/\/ajatutaja.com\/hr\/wp-json\/wp\/v2\/product\/21004","targetHints":{"allow":["GET"]}}],"collection":[{"href":"https:\/\/ajatutaja.com\/hr\/wp-json\/wp\/v2\/product"}],"about":[{"href":"https:\/\/ajatutaja.com\/hr\/wp-json\/wp\/v2\/types\/product"}],"wp:featuredmedia":[{"embeddable":true,"href":"https:\/\/ajatutaja.com\/hr\/wp-json\/wp\/v2\/media\/21005"}],"wp:attachment":[{"href":"https:\/\/ajatutaja.com\/hr\/wp-json\/wp\/v2\/media?parent=21004"}],"wp:term":[{"taxonomy":"pwb-brand","embeddable":true,"href":"https:\/\/ajatutaja.com\/hr\/wp-json\/wp\/v2\/pwb-brand?post=21004"},{"taxonomy":"product_brand","embeddable":true,"href":"https:\/\/ajatutaja.com\/hr\/wp-json\/wp\/v2\/product_brand?post=21004"},{"taxonomy":"product_cat","embeddable":true,"href":"https:\/\/ajatutaja.com\/hr\/wp-json\/wp\/v2\/product_cat?post=21004"},{"taxonomy":"product_tag","embeddable":true,"href":"https:\/\/ajatutaja.com\/hr\/wp-json\/wp\/v2\/product_tag?post=21004"}],"curies":[{"name":"wp","href":"https:\/\/api.w.org\/{rel}","templated":true}]}}