{"id":20781,"date":"2021-07-27T20:54:12","date_gmt":"2021-07-27T18:54:12","guid":{"rendered":"https:\/\/ajatutaja.com\/izdelek\/otroski-potovalni-kovcek-stephen-joseph-promet\/"},"modified":"2026-02-06T21:19:42","modified_gmt":"2026-02-06T20:19:42","slug":"otroski-potovalni-kovcek-stephen-joseph-promet","status":"publish","type":"product","link":"https:\/\/ajatutaja.com\/hr\/proizvod\/otroski-potovalni-kovcek-stephen-joseph-promet\/","title":{"rendered":"Otro\u0161ki potovalni kov\u010dek Stephen Joseph &#8211; Promet"},"content":{"rendered":"<p>Otro\u0161ki kov\u010dek Stephen Joseph je prikupen in prakti\u010den kov\u010dek na kolesih z nastavljivim ro\u010dajem.<\/p>\n<p>Omogo\u010dite va\u0161emu mal\u010dku \u0161e dodaten korak s samostojnosti s \u010disto svojim kov\u010dkom za potovanja. Le pri pakiranju potrebne opreme za na pot mu pa le prisko\u010dite na pomo\u010d. Ima ogromno \u017eepkov, kar daje kov\u010dku \u0161e dodatno uporabno vrednost.<\/p>\n<h3>Lastnosti potovalnega kov\u010dka Stephen Joseph:<\/h3>\n<ul>\n<li>Veliko razli\u010dnih \u017eepov za shranjevanje<\/li>\n<li>Enostavno zapiranje in odpiranje<\/li>\n<li>Nastavljiv ro\u010daj in kole\u0161\u010dka za udobno vo\u017enjo kov\u010dka<\/li>\n<li>Idealna velikost za male avanturiste<\/li>\n<li>Velikost cca: 37 cm x 46 cm x 17 cm.<\/li>\n<\/ul>\n<h4>S Stephen Joseph potovalnim programom bodo izleti in potovanja \u0161e bolj udobna, zabavna in barvita.<\/h4>\n","protected":false},"excerpt":{"rendered":"<p>Otro\u0161ki kov\u010dki Stephen Joseph so odli\u010dni, prakti\u010dni in dovolj prostorni za potovanja z avtom ali letalom. Z ljubkim dizajnom pa bodo zagotovo po\u017eeli ogromno pozornosti.<\/p>\n<p>&nbsp;<\/p>\n","protected":false},"featured_media":20771,"template":"","meta":[],"pwb-brand":[2409,2437],"product_brand":[],"product_cat":[2361,2402],"product_tag":[4041,3980],"class_list":{"0":"post-20781","1":"product","2":"type-product","3":"status-publish","4":"has-post-thumbnail","6":"pwb-brand-potepanje","7":"pwb-brand-stephen-joseph","8":"product_cat-potepanje","9":"product_cat-potovalni-kovcki","10":"product_tag-sj-potovalke","11":"product_tag-stephen-joseph","13":"first","14":"onbackorder","15":"taxable","16":"shipping-taxable","17":"purchasable","18":"product-type-simple","19":"add-to-wishlist-before_image"},"yoast_head":"<!-- This site is optimized with the Yoast SEO plugin v27.3 - https:\/\/yoast.com\/product\/yoast-seo-wordpress\/ -->\n<title>Otro\u0161ki potovalni kov\u010dek Stephen Joseph - Promet | Ajatutaja<\/title>\n<meta name=\"description\" content=\"Otro\u0161ki potovalni kov\u010dki Stephen Joseph so odli\u010dni, prakti\u010dni in dovolj prostorni za potovanja z avtom ali letalom.\" \/>\n<meta name=\"robots\" content=\"index, follow, max-snippet:-1, max-image-preview:large, max-video-preview:-1\" \/>\n<link rel=\"canonical\" href=\"https:\/\/ajatutaja.com\/izdelek\/otroski-potovalni-kovcek-stephen-joseph-promet\/\" \/>\n<meta property=\"og:locale\" content=\"hr_HR\" \/>\n<meta property=\"og:type\" content=\"article\" \/>\n<meta property=\"og:title\" content=\"Otro\u0161ki potovalni kov\u010dek Stephen Joseph - Promet | Ajatutaja\" \/>\n<meta property=\"og:description\" content=\"Otro\u0161ki potovalni kov\u010dki Stephen Joseph so odli\u010dni, prakti\u010dni in dovolj prostorni za potovanja z avtom ali letalom.\" \/>\n<meta property=\"og:url\" content=\"https:\/\/ajatutaja.com\/izdelek\/otroski-potovalni-kovcek-stephen-joseph-promet\/\" \/>\n<meta property=\"og:site_name\" content=\"Ajatutaja\" \/>\n<meta property=\"article:modified_time\" content=\"2026-02-06T20:19:42+00:00\" \/>\n<meta property=\"og:image\" content=\"https:\/\/ajatutaja.com\/wp-content\/uploads\/2021\/11\/Otroski-potovalni-kovcek-trolley-stephen-joseph-ajatutaja-SJ800181A-avto-00.jpg\" \/>\n\t<meta property=\"og:image:width\" content=\"800\" \/>\n\t<meta property=\"og:image:height\" content=\"800\" \/>\n\t<meta property=\"og:image:type\" content=\"image\/jpeg\" \/>\n<meta name=\"twitter:card\" content=\"summary_large_image\" \/>\n<meta name=\"twitter:label1\" content=\"Procijenjeno vrijeme \u010ditanja\" \/>\n\t<meta name=\"twitter:data1\" content=\"1 minuta\" \/>\n<script type=\"application\/ld+json\" class=\"yoast-schema-graph\">{\"@context\":\"https:\\\/\\\/schema.org\",\"@graph\":[{\"@type\":\"WebPage\",\"@id\":\"https:\\\/\\\/ajatutaja.com\\\/izdelek\\\/otroski-potovalni-kovcek-stephen-joseph-promet\\\/\",\"url\":\"https:\\\/\\\/ajatutaja.com\\\/izdelek\\\/otroski-potovalni-kovcek-stephen-joseph-promet\\\/\",\"name\":\"Otro\u0161ki potovalni kov\u010dek Stephen Joseph - Promet | Ajatutaja\",\"isPartOf\":{\"@id\":\"https:\\\/\\\/ajatutaja.com\\\/#website\"},\"primaryImageOfPage\":{\"@id\":\"https:\\\/\\\/ajatutaja.com\\\/izdelek\\\/otroski-potovalni-kovcek-stephen-joseph-promet\\\/#primaryimage\"},\"image\":{\"@id\":\"https:\\\/\\\/ajatutaja.com\\\/izdelek\\\/otroski-potovalni-kovcek-stephen-joseph-promet\\\/#primaryimage\"},\"thumbnailUrl\":\"https:\\\/\\\/ajatutaja.com\\\/wp-content\\\/uploads\\\/2021\\\/11\\\/Otroski-potovalni-kovcek-trolley-stephen-joseph-ajatutaja-SJ800181A-avto-00.jpg\",\"datePublished\":\"2021-07-27T18:54:12+00:00\",\"dateModified\":\"2026-02-06T20:19:42+00:00\",\"description\":\"Otro\u0161ki potovalni kov\u010dki Stephen Joseph so odli\u010dni, prakti\u010dni in dovolj prostorni za potovanja z avtom ali letalom.\",\"breadcrumb\":{\"@id\":\"https:\\\/\\\/ajatutaja.com\\\/izdelek\\\/otroski-potovalni-kovcek-stephen-joseph-promet\\\/#breadcrumb\"},\"inLanguage\":\"hr\",\"potentialAction\":[{\"@type\":\"ReadAction\",\"target\":[\"https:\\\/\\\/ajatutaja.com\\\/izdelek\\\/otroski-potovalni-kovcek-stephen-joseph-promet\\\/\"]}]},{\"@type\":\"ImageObject\",\"inLanguage\":\"hr\",\"@id\":\"https:\\\/\\\/ajatutaja.com\\\/izdelek\\\/otroski-potovalni-kovcek-stephen-joseph-promet\\\/#primaryimage\",\"url\":\"https:\\\/\\\/ajatutaja.com\\\/wp-content\\\/uploads\\\/2021\\\/11\\\/Otroski-potovalni-kovcek-trolley-stephen-joseph-ajatutaja-SJ800181A-avto-00.jpg\",\"contentUrl\":\"https:\\\/\\\/ajatutaja.com\\\/wp-content\\\/uploads\\\/2021\\\/11\\\/Otroski-potovalni-kovcek-trolley-stephen-joseph-ajatutaja-SJ800181A-avto-00.jpg\",\"width\":800,\"height\":800},{\"@type\":\"BreadcrumbList\",\"@id\":\"https:\\\/\\\/ajatutaja.com\\\/izdelek\\\/otroski-potovalni-kovcek-stephen-joseph-promet\\\/#breadcrumb\",\"itemListElement\":[{\"@type\":\"ListItem\",\"position\":1,\"name\":\"Home\",\"item\":\"https:\\\/\\\/ajatutaja.com\\\/hr\\\/\"},{\"@type\":\"ListItem\",\"position\":2,\"name\":\"Trgovina\",\"item\":\"https:\\\/\\\/ajatutaja.com\\\/hr\\\/trgovina\\\/\"},{\"@type\":\"ListItem\",\"position\":3,\"name\":\"Otro\u0161ki potovalni kov\u010dek Stephen Joseph &#8211; Promet\"}]},{\"@type\":\"WebSite\",\"@id\":\"https:\\\/\\\/ajatutaja.com\\\/#website\",\"url\":\"https:\\\/\\\/ajatutaja.com\\\/\",\"name\":\"Ajatutaja\",\"description\":\"Otro\u0161ka spletna trgovina AJATUTAJA\",\"publisher\":{\"@id\":\"https:\\\/\\\/ajatutaja.com\\\/#organization\"},\"potentialAction\":[{\"@type\":\"SearchAction\",\"target\":{\"@type\":\"EntryPoint\",\"urlTemplate\":\"https:\\\/\\\/ajatutaja.com\\\/?s={search_term_string}\"},\"query-input\":{\"@type\":\"PropertyValueSpecification\",\"valueRequired\":true,\"valueName\":\"search_term_string\"}}],\"inLanguage\":\"hr\"},{\"@type\":\"Organization\",\"@id\":\"https:\\\/\\\/ajatutaja.com\\\/#organization\",\"name\":\"Ajatutaja\",\"url\":\"https:\\\/\\\/ajatutaja.com\\\/\",\"logo\":{\"@type\":\"ImageObject\",\"inLanguage\":\"hr\",\"@id\":\"https:\\\/\\\/ajatutaja.com\\\/#\\\/schema\\\/logo\\\/image\\\/\",\"url\":\"https:\\\/\\\/ajatutaja.com\\\/wp-content\\\/uploads\\\/2021\\\/10\\\/logo.png\",\"contentUrl\":\"https:\\\/\\\/ajatutaja.com\\\/wp-content\\\/uploads\\\/2021\\\/10\\\/logo.png\",\"width\":555,\"height\":150,\"caption\":\"Ajatutaja\"},\"image\":{\"@id\":\"https:\\\/\\\/ajatutaja.com\\\/#\\\/schema\\\/logo\\\/image\\\/\"}}]}<\/script>\n<!-- \/ Yoast SEO plugin. -->","yoast_head_json":{"title":"Otro\u0161ki potovalni kov\u010dek Stephen Joseph - Promet | Ajatutaja","description":"Otro\u0161ki potovalni kov\u010dki Stephen Joseph so odli\u010dni, prakti\u010dni in dovolj prostorni za potovanja z avtom ali letalom.","robots":{"index":"index","follow":"follow","max-snippet":"max-snippet:-1","max-image-preview":"max-image-preview:large","max-video-preview":"max-video-preview:-1"},"canonical":"https:\/\/ajatutaja.com\/izdelek\/otroski-potovalni-kovcek-stephen-joseph-promet\/","og_locale":"hr_HR","og_type":"article","og_title":"Otro\u0161ki potovalni kov\u010dek Stephen Joseph - Promet | Ajatutaja","og_description":"Otro\u0161ki potovalni kov\u010dki Stephen Joseph so odli\u010dni, prakti\u010dni in dovolj prostorni za potovanja z avtom ali letalom.","og_url":"https:\/\/ajatutaja.com\/izdelek\/otroski-potovalni-kovcek-stephen-joseph-promet\/","og_site_name":"Ajatutaja","article_modified_time":"2026-02-06T20:19:42+00:00","og_image":[{"width":800,"height":800,"url":"https:\/\/ajatutaja.com\/wp-content\/uploads\/2021\/11\/Otroski-potovalni-kovcek-trolley-stephen-joseph-ajatutaja-SJ800181A-avto-00.jpg","type":"image\/jpeg"}],"twitter_card":"summary_large_image","twitter_misc":{"Procijenjeno vrijeme \u010ditanja":"1 minuta"},"schema":{"@context":"https:\/\/schema.org","@graph":[{"@type":"WebPage","@id":"https:\/\/ajatutaja.com\/izdelek\/otroski-potovalni-kovcek-stephen-joseph-promet\/","url":"https:\/\/ajatutaja.com\/izdelek\/otroski-potovalni-kovcek-stephen-joseph-promet\/","name":"Otro\u0161ki potovalni kov\u010dek Stephen Joseph - Promet | Ajatutaja","isPartOf":{"@id":"https:\/\/ajatutaja.com\/#website"},"primaryImageOfPage":{"@id":"https:\/\/ajatutaja.com\/izdelek\/otroski-potovalni-kovcek-stephen-joseph-promet\/#primaryimage"},"image":{"@id":"https:\/\/ajatutaja.com\/izdelek\/otroski-potovalni-kovcek-stephen-joseph-promet\/#primaryimage"},"thumbnailUrl":"https:\/\/ajatutaja.com\/wp-content\/uploads\/2021\/11\/Otroski-potovalni-kovcek-trolley-stephen-joseph-ajatutaja-SJ800181A-avto-00.jpg","datePublished":"2021-07-27T18:54:12+00:00","dateModified":"2026-02-06T20:19:42+00:00","description":"Otro\u0161ki potovalni kov\u010dki Stephen Joseph so odli\u010dni, prakti\u010dni in dovolj prostorni za potovanja z avtom ali letalom.","breadcrumb":{"@id":"https:\/\/ajatutaja.com\/izdelek\/otroski-potovalni-kovcek-stephen-joseph-promet\/#breadcrumb"},"inLanguage":"hr","potentialAction":[{"@type":"ReadAction","target":["https:\/\/ajatutaja.com\/izdelek\/otroski-potovalni-kovcek-stephen-joseph-promet\/"]}]},{"@type":"ImageObject","inLanguage":"hr","@id":"https:\/\/ajatutaja.com\/izdelek\/otroski-potovalni-kovcek-stephen-joseph-promet\/#primaryimage","url":"https:\/\/ajatutaja.com\/wp-content\/uploads\/2021\/11\/Otroski-potovalni-kovcek-trolley-stephen-joseph-ajatutaja-SJ800181A-avto-00.jpg","contentUrl":"https:\/\/ajatutaja.com\/wp-content\/uploads\/2021\/11\/Otroski-potovalni-kovcek-trolley-stephen-joseph-ajatutaja-SJ800181A-avto-00.jpg","width":800,"height":800},{"@type":"BreadcrumbList","@id":"https:\/\/ajatutaja.com\/izdelek\/otroski-potovalni-kovcek-stephen-joseph-promet\/#breadcrumb","itemListElement":[{"@type":"ListItem","position":1,"name":"Home","item":"https:\/\/ajatutaja.com\/hr\/"},{"@type":"ListItem","position":2,"name":"Trgovina","item":"https:\/\/ajatutaja.com\/hr\/trgovina\/"},{"@type":"ListItem","position":3,"name":"Otro\u0161ki potovalni kov\u010dek Stephen Joseph &#8211; Promet"}]},{"@type":"WebSite","@id":"https:\/\/ajatutaja.com\/#website","url":"https:\/\/ajatutaja.com\/","name":"Ajatutaja","description":"Otro\u0161ka spletna trgovina AJATUTAJA","publisher":{"@id":"https:\/\/ajatutaja.com\/#organization"},"potentialAction":[{"@type":"SearchAction","target":{"@type":"EntryPoint","urlTemplate":"https:\/\/ajatutaja.com\/?s={search_term_string}"},"query-input":{"@type":"PropertyValueSpecification","valueRequired":true,"valueName":"search_term_string"}}],"inLanguage":"hr"},{"@type":"Organization","@id":"https:\/\/ajatutaja.com\/#organization","name":"Ajatutaja","url":"https:\/\/ajatutaja.com\/","logo":{"@type":"ImageObject","inLanguage":"hr","@id":"https:\/\/ajatutaja.com\/#\/schema\/logo\/image\/","url":"https:\/\/ajatutaja.com\/wp-content\/uploads\/2021\/10\/logo.png","contentUrl":"https:\/\/ajatutaja.com\/wp-content\/uploads\/2021\/10\/logo.png","width":555,"height":150,"caption":"Ajatutaja"},"image":{"@id":"https:\/\/ajatutaja.com\/#\/schema\/logo\/image\/"}}]}},"brands":[{"id":2409,"name":"Potepanje","slug":"potepanje"},{"id":2437,"name":"Stephen Joseph","slug":"stephen-joseph"}],"_links":{"self":[{"href":"https:\/\/ajatutaja.com\/hr\/wp-json\/wp\/v2\/product\/20781","targetHints":{"allow":["GET"]}}],"collection":[{"href":"https:\/\/ajatutaja.com\/hr\/wp-json\/wp\/v2\/product"}],"about":[{"href":"https:\/\/ajatutaja.com\/hr\/wp-json\/wp\/v2\/types\/product"}],"wp:featuredmedia":[{"embeddable":true,"href":"https:\/\/ajatutaja.com\/hr\/wp-json\/wp\/v2\/media\/20771"}],"wp:attachment":[{"href":"https:\/\/ajatutaja.com\/hr\/wp-json\/wp\/v2\/media?parent=20781"}],"wp:term":[{"taxonomy":"pwb-brand","embeddable":true,"href":"https:\/\/ajatutaja.com\/hr\/wp-json\/wp\/v2\/pwb-brand?post=20781"},{"taxonomy":"product_brand","embeddable":true,"href":"https:\/\/ajatutaja.com\/hr\/wp-json\/wp\/v2\/product_brand?post=20781"},{"taxonomy":"product_cat","embeddable":true,"href":"https:\/\/ajatutaja.com\/hr\/wp-json\/wp\/v2\/product_cat?post=20781"},{"taxonomy":"product_tag","embeddable":true,"href":"https:\/\/ajatutaja.com\/hr\/wp-json\/wp\/v2\/product_tag?post=20781"}],"curies":[{"name":"wp","href":"https:\/\/api.w.org\/{rel}","templated":true}]}}