{"id":20605,"date":"2021-06-10T18:34:36","date_gmt":"2021-06-10T16:34:36","guid":{"rendered":"https:\/\/ajatutaja.com\/izdelek\/gel-po-piku-linea-mammababy-zenina-20ml\/"},"modified":"2026-03-04T19:29:59","modified_gmt":"2026-03-04T18:29:59","slug":"gel-po-piku-linea-mammababy-zenina-20ml","status":"publish","type":"product","link":"https:\/\/ajatutaja.com\/hr\/proizvod\/gel-po-piku-linea-mammababy-zenina-20ml\/","title":{"rendered":"Gel po piku Linea MammaBaby &#8211; Zenina 20ml"},"content":{"rendered":"<p><em>Izdelki Linea MammaBaby so na voljo tudi v trgovini Ajatutaja Koper.<\/em><\/p>\n<div class=\"product-content product-tab-1 product-content-current\">\n<p><strong>Lastnosti gela Zenina:<\/strong><\/p>\n<ul>\n<li>Nemastno<\/li>\n<li>Primerno za otroke<\/li>\n<li>Dermatolo\u0161ko preizku\u0161eno na ob\u010dutljivih ko\u017eah z eteri\u010dnimi olji in naravnimi di\u0161avami, brez: barvil, alkohola, PEG-a. Ne vsebuje AMMONIA.<\/li>\n<li>Vsaka proizvodna serija je testirana na nikelj *, krom *, kobalt * (* &lt;1 ppm)<\/li>\n<li>Izdelano v Italiji<\/li>\n<li>Pakiranje: 20 ml<\/li>\n<\/ul>\n<p><strong>Na\u010din uporabe:<\/strong>\u00a0Takoj po piku na prizadeto mesto nanesite majhno koli\u010dino izdelka. Ne\u017eno vtrite. Izdelek lahko ponovno uporabite po 3\/5 minutah<strong>.<\/strong><\/p>\n<p><strong>Sestavine (INCI):<\/strong>\u00a0AQUA, GLYCERIN, HYDROXYETHYLCELLULOSE, PROPYLENE GLYCOL, DISTARCH PHOSPHATE, POLYGLYCERYL-3 COCOATE, MENTHOL, ALOE BARBADENSIS LEAF JUICE, POLYGLYCERYL-4 CAPRATE, SODIUM BENZOATE, XANTHAN GUM, POTASSIUM SORBATE, TOCOPHERYL ACETATE, SODIUM HYDROXIDE, MELIA AZADIRACHTA SEED OIL, CYMBOPOGON NARDUS OIL, PELARGONIUM GRAVEOLENS FLOWER OIL, CITRONELLOL, GERANIOL, CHAMOMILLA RECUTITA OIL.<\/p>\n<p><strong>Proizvajalec:\u00a0<\/strong>Olcelli Farmaceutici srl, Giussano (MB), Italija<\/p>\n<div class=\"term-description\">\n<p><em>Linea MammaBaby izdelki so se razvili zaradi ljubezni do otrok ter prepri\u010danja, da je mal\u010dkom potrebno ponuditi le najbolj kakovostne kozmeti\u010dne proizvode. Izdelki so narejeni iz kakovostnih sestavin, ki va\u0161im otrokom zagotavljajo najbolj\u0161o za\u0161\u010dito. Celotna kolekcija priljubljenih izdelkov je izdelana v Italiji. Popolnoma vsi izdelki so biolo\u0161ko izdelani iz rastlinskih ekstraktov iz ekolo\u0161kih kmetij doma\u010dih kmetovalcev. Ta naravna kozmetika ne vsebuje barvil, parabenov, natrijevega sulfata ter drugih \u0161kodljivih snovi. Visoka kakovost izdelkov ter privla\u010dna in enostavna embala\u017ea bo vzbudila zanimanje ter veselje va\u0161ih malih son\u010dkov. Notranjost embala\u017ene \u0161katle nekaterih izdelkov je potiskana s pobarvanko, ki bo va\u0161ega mal\u010dka zagotovo z navdu\u0161enjem zaposlila.<\/em><\/p>\n<\/div>\n<p><em>\u00a0<\/em><\/p>\n<\/div>\n","protected":false},"excerpt":{"rendered":"<p><strong>Zenina<\/strong> je pomirjujo\u010d kremni<strong> gel za laj\u0161anje srbenja po piku \u017eu\u017eelke<\/strong>. Njegova formula z osve\u017eujo\u010dim in pomirjujo\u010dim delovanjem je namenjena, da\u00a0laj\u0161anje srbenja, ki ga povzro\u010dajo piki \u017eu\u017eelk (komarji, \u010debele) in dra\u017eilnih organizmov (koprive in meduze).<br \/>\nNa osnovi naravnih rastlinskih izvle\u010dkov takoj olaj\u0161a peko\u010d ob\u010dutek in srbenje\u00a0ter pomirja ko\u017eo. Primerno za katero koli vrsto ko\u017ee, tudi zelo ob\u010dutljivo otro\u0161ko ko\u017eo.<\/p>\n","protected":false},"featured_media":20606,"template":"","meta":[],"pwb-brand":[2672,2658],"product_brand":[],"product_cat":[2656,2655,2608],"product_tag":[4049],"class_list":{"0":"post-20605","1":"product","2":"type-product","3":"status-publish","4":"has-post-thumbnail","6":"pwb-brand-linea-mamma-baby-nega-in-kopanje","7":"pwb-brand-nega-in-kopanje","8":"product_cat-antirepelenti","9":"product_cat-kozmetika-za-otroke","10":"product_cat-nega-in-kopanje","11":"product_tag-linea-mammababy","13":"first","14":"outofstock","15":"taxable","16":"shipping-taxable","17":"purchasable","18":"product-type-simple","19":"add-to-wishlist-before_image"},"yoast_head":"<!-- This site is optimized with the Yoast SEO plugin v27.3 - https:\/\/yoast.com\/product\/yoast-seo-wordpress\/ -->\n<title>Gel po piku Linea MammaBaby - Zenina 20ml | Ajatutaja<\/title>\n<meta name=\"description\" content=\"Zenina je pomirjujo\u010d kremni gel za laj\u0161anje srbenja po piku \u017eu\u017eelke. Njegova formula z osve\u017eujo\u010dim in pomirjujo\u010dim delovanjem je namenjena, da laj\u0161anje srbenja, ki ga povzro\u010dajo piki \u017eu\u017eelk (komarji, \u010debele) in dra\u017eilnih organizmov (koprive in meduze).\" \/>\n<meta name=\"robots\" content=\"index, follow, max-snippet:-1, max-image-preview:large, max-video-preview:-1\" \/>\n<link rel=\"canonical\" href=\"https:\/\/ajatutaja.com\/izdelek\/gel-po-piku-linea-mammababy-zenina-20ml\/\" \/>\n<meta property=\"og:locale\" content=\"hr_HR\" \/>\n<meta property=\"og:type\" content=\"article\" \/>\n<meta property=\"og:title\" content=\"Gel po piku Linea MammaBaby - Zenina 20ml | Ajatutaja\" \/>\n<meta property=\"og:description\" content=\"Zenina je pomirjujo\u010d kremni gel za laj\u0161anje srbenja po piku \u017eu\u017eelke. Njegova formula z osve\u017eujo\u010dim in pomirjujo\u010dim delovanjem je namenjena, da laj\u0161anje srbenja, ki ga povzro\u010dajo piki \u017eu\u017eelk (komarji, \u010debele) in dra\u017eilnih organizmov (koprive in meduze).\" \/>\n<meta property=\"og:url\" content=\"https:\/\/ajatutaja.com\/izdelek\/gel-po-piku-linea-mammababy-zenina-20ml\/\" \/>\n<meta property=\"og:site_name\" content=\"Ajatutaja\" \/>\n<meta property=\"article:modified_time\" content=\"2026-03-04T18:29:59+00:00\" \/>\n<meta property=\"og:image\" content=\"https:\/\/ajatutaja.com\/wp-content\/uploads\/2021\/11\/linea-mammababy-post-zeta-baby-mazilo-po-piku-e1623350139864.jpeg\" \/>\n\t<meta property=\"og:image:width\" content=\"600\" \/>\n\t<meta property=\"og:image:height\" content=\"600\" \/>\n\t<meta property=\"og:image:type\" content=\"image\/jpeg\" \/>\n<meta name=\"twitter:card\" content=\"summary_large_image\" \/>\n<meta name=\"twitter:label1\" content=\"Procijenjeno vrijeme \u010ditanja\" \/>\n\t<meta name=\"twitter:data1\" content=\"1 minuta\" \/>\n<script type=\"application\/ld+json\" class=\"yoast-schema-graph\">{\"@context\":\"https:\\\/\\\/schema.org\",\"@graph\":[{\"@type\":\"WebPage\",\"@id\":\"https:\\\/\\\/ajatutaja.com\\\/izdelek\\\/gel-po-piku-linea-mammababy-zenina-20ml\\\/\",\"url\":\"https:\\\/\\\/ajatutaja.com\\\/izdelek\\\/gel-po-piku-linea-mammababy-zenina-20ml\\\/\",\"name\":\"Gel po piku Linea MammaBaby - Zenina 20ml | Ajatutaja\",\"isPartOf\":{\"@id\":\"https:\\\/\\\/ajatutaja.com\\\/#website\"},\"primaryImageOfPage\":{\"@id\":\"https:\\\/\\\/ajatutaja.com\\\/izdelek\\\/gel-po-piku-linea-mammababy-zenina-20ml\\\/#primaryimage\"},\"image\":{\"@id\":\"https:\\\/\\\/ajatutaja.com\\\/izdelek\\\/gel-po-piku-linea-mammababy-zenina-20ml\\\/#primaryimage\"},\"thumbnailUrl\":\"https:\\\/\\\/ajatutaja.com\\\/wp-content\\\/uploads\\\/2021\\\/11\\\/linea-mammababy-post-zeta-baby-mazilo-po-piku-e1623350139864.jpeg\",\"datePublished\":\"2021-06-10T16:34:36+00:00\",\"dateModified\":\"2026-03-04T18:29:59+00:00\",\"description\":\"Zenina je pomirjujo\u010d kremni gel za laj\u0161anje srbenja po piku \u017eu\u017eelke. Njegova formula z osve\u017eujo\u010dim in pomirjujo\u010dim delovanjem je namenjena, da laj\u0161anje srbenja, ki ga povzro\u010dajo piki \u017eu\u017eelk (komarji, \u010debele) in dra\u017eilnih organizmov (koprive in meduze).\",\"breadcrumb\":{\"@id\":\"https:\\\/\\\/ajatutaja.com\\\/izdelek\\\/gel-po-piku-linea-mammababy-zenina-20ml\\\/#breadcrumb\"},\"inLanguage\":\"hr\",\"potentialAction\":[{\"@type\":\"ReadAction\",\"target\":[\"https:\\\/\\\/ajatutaja.com\\\/izdelek\\\/gel-po-piku-linea-mammababy-zenina-20ml\\\/\"]}]},{\"@type\":\"ImageObject\",\"inLanguage\":\"hr\",\"@id\":\"https:\\\/\\\/ajatutaja.com\\\/izdelek\\\/gel-po-piku-linea-mammababy-zenina-20ml\\\/#primaryimage\",\"url\":\"https:\\\/\\\/ajatutaja.com\\\/wp-content\\\/uploads\\\/2021\\\/11\\\/linea-mammababy-post-zeta-baby-mazilo-po-piku-e1623350139864.jpeg\",\"contentUrl\":\"https:\\\/\\\/ajatutaja.com\\\/wp-content\\\/uploads\\\/2021\\\/11\\\/linea-mammababy-post-zeta-baby-mazilo-po-piku-e1623350139864.jpeg\",\"width\":600,\"height\":600},{\"@type\":\"BreadcrumbList\",\"@id\":\"https:\\\/\\\/ajatutaja.com\\\/izdelek\\\/gel-po-piku-linea-mammababy-zenina-20ml\\\/#breadcrumb\",\"itemListElement\":[{\"@type\":\"ListItem\",\"position\":1,\"name\":\"Home\",\"item\":\"https:\\\/\\\/ajatutaja.com\\\/hr\\\/\"},{\"@type\":\"ListItem\",\"position\":2,\"name\":\"Trgovina\",\"item\":\"https:\\\/\\\/ajatutaja.com\\\/hr\\\/trgovina\\\/\"},{\"@type\":\"ListItem\",\"position\":3,\"name\":\"Gel po piku Linea MammaBaby &#8211; Zenina 20ml\"}]},{\"@type\":\"WebSite\",\"@id\":\"https:\\\/\\\/ajatutaja.com\\\/#website\",\"url\":\"https:\\\/\\\/ajatutaja.com\\\/\",\"name\":\"Ajatutaja\",\"description\":\"Otro\u0161ka spletna trgovina AJATUTAJA\",\"publisher\":{\"@id\":\"https:\\\/\\\/ajatutaja.com\\\/#organization\"},\"potentialAction\":[{\"@type\":\"SearchAction\",\"target\":{\"@type\":\"EntryPoint\",\"urlTemplate\":\"https:\\\/\\\/ajatutaja.com\\\/?s={search_term_string}\"},\"query-input\":{\"@type\":\"PropertyValueSpecification\",\"valueRequired\":true,\"valueName\":\"search_term_string\"}}],\"inLanguage\":\"hr\"},{\"@type\":\"Organization\",\"@id\":\"https:\\\/\\\/ajatutaja.com\\\/#organization\",\"name\":\"Ajatutaja\",\"url\":\"https:\\\/\\\/ajatutaja.com\\\/\",\"logo\":{\"@type\":\"ImageObject\",\"inLanguage\":\"hr\",\"@id\":\"https:\\\/\\\/ajatutaja.com\\\/#\\\/schema\\\/logo\\\/image\\\/\",\"url\":\"https:\\\/\\\/ajatutaja.com\\\/wp-content\\\/uploads\\\/2021\\\/10\\\/logo.png\",\"contentUrl\":\"https:\\\/\\\/ajatutaja.com\\\/wp-content\\\/uploads\\\/2021\\\/10\\\/logo.png\",\"width\":555,\"height\":150,\"caption\":\"Ajatutaja\"},\"image\":{\"@id\":\"https:\\\/\\\/ajatutaja.com\\\/#\\\/schema\\\/logo\\\/image\\\/\"}}]}<\/script>\n<!-- \/ Yoast SEO plugin. -->","yoast_head_json":{"title":"Gel po piku Linea MammaBaby - Zenina 20ml | Ajatutaja","description":"Zenina je pomirjujo\u010d kremni gel za laj\u0161anje srbenja po piku \u017eu\u017eelke. Njegova formula z osve\u017eujo\u010dim in pomirjujo\u010dim delovanjem je namenjena, da laj\u0161anje srbenja, ki ga povzro\u010dajo piki \u017eu\u017eelk (komarji, \u010debele) in dra\u017eilnih organizmov (koprive in meduze).","robots":{"index":"index","follow":"follow","max-snippet":"max-snippet:-1","max-image-preview":"max-image-preview:large","max-video-preview":"max-video-preview:-1"},"canonical":"https:\/\/ajatutaja.com\/izdelek\/gel-po-piku-linea-mammababy-zenina-20ml\/","og_locale":"hr_HR","og_type":"article","og_title":"Gel po piku Linea MammaBaby - Zenina 20ml | Ajatutaja","og_description":"Zenina je pomirjujo\u010d kremni gel za laj\u0161anje srbenja po piku \u017eu\u017eelke. Njegova formula z osve\u017eujo\u010dim in pomirjujo\u010dim delovanjem je namenjena, da laj\u0161anje srbenja, ki ga povzro\u010dajo piki \u017eu\u017eelk (komarji, \u010debele) in dra\u017eilnih organizmov (koprive in meduze).","og_url":"https:\/\/ajatutaja.com\/izdelek\/gel-po-piku-linea-mammababy-zenina-20ml\/","og_site_name":"Ajatutaja","article_modified_time":"2026-03-04T18:29:59+00:00","og_image":[{"width":600,"height":600,"url":"https:\/\/ajatutaja.com\/wp-content\/uploads\/2021\/11\/linea-mammababy-post-zeta-baby-mazilo-po-piku-e1623350139864.jpeg","type":"image\/jpeg"}],"twitter_card":"summary_large_image","twitter_misc":{"Procijenjeno vrijeme \u010ditanja":"1 minuta"},"schema":{"@context":"https:\/\/schema.org","@graph":[{"@type":"WebPage","@id":"https:\/\/ajatutaja.com\/izdelek\/gel-po-piku-linea-mammababy-zenina-20ml\/","url":"https:\/\/ajatutaja.com\/izdelek\/gel-po-piku-linea-mammababy-zenina-20ml\/","name":"Gel po piku Linea MammaBaby - Zenina 20ml | Ajatutaja","isPartOf":{"@id":"https:\/\/ajatutaja.com\/#website"},"primaryImageOfPage":{"@id":"https:\/\/ajatutaja.com\/izdelek\/gel-po-piku-linea-mammababy-zenina-20ml\/#primaryimage"},"image":{"@id":"https:\/\/ajatutaja.com\/izdelek\/gel-po-piku-linea-mammababy-zenina-20ml\/#primaryimage"},"thumbnailUrl":"https:\/\/ajatutaja.com\/wp-content\/uploads\/2021\/11\/linea-mammababy-post-zeta-baby-mazilo-po-piku-e1623350139864.jpeg","datePublished":"2021-06-10T16:34:36+00:00","dateModified":"2026-03-04T18:29:59+00:00","description":"Zenina je pomirjujo\u010d kremni gel za laj\u0161anje srbenja po piku \u017eu\u017eelke. Njegova formula z osve\u017eujo\u010dim in pomirjujo\u010dim delovanjem je namenjena, da laj\u0161anje srbenja, ki ga povzro\u010dajo piki \u017eu\u017eelk (komarji, \u010debele) in dra\u017eilnih organizmov (koprive in meduze).","breadcrumb":{"@id":"https:\/\/ajatutaja.com\/izdelek\/gel-po-piku-linea-mammababy-zenina-20ml\/#breadcrumb"},"inLanguage":"hr","potentialAction":[{"@type":"ReadAction","target":["https:\/\/ajatutaja.com\/izdelek\/gel-po-piku-linea-mammababy-zenina-20ml\/"]}]},{"@type":"ImageObject","inLanguage":"hr","@id":"https:\/\/ajatutaja.com\/izdelek\/gel-po-piku-linea-mammababy-zenina-20ml\/#primaryimage","url":"https:\/\/ajatutaja.com\/wp-content\/uploads\/2021\/11\/linea-mammababy-post-zeta-baby-mazilo-po-piku-e1623350139864.jpeg","contentUrl":"https:\/\/ajatutaja.com\/wp-content\/uploads\/2021\/11\/linea-mammababy-post-zeta-baby-mazilo-po-piku-e1623350139864.jpeg","width":600,"height":600},{"@type":"BreadcrumbList","@id":"https:\/\/ajatutaja.com\/izdelek\/gel-po-piku-linea-mammababy-zenina-20ml\/#breadcrumb","itemListElement":[{"@type":"ListItem","position":1,"name":"Home","item":"https:\/\/ajatutaja.com\/hr\/"},{"@type":"ListItem","position":2,"name":"Trgovina","item":"https:\/\/ajatutaja.com\/hr\/trgovina\/"},{"@type":"ListItem","position":3,"name":"Gel po piku Linea MammaBaby &#8211; Zenina 20ml"}]},{"@type":"WebSite","@id":"https:\/\/ajatutaja.com\/#website","url":"https:\/\/ajatutaja.com\/","name":"Ajatutaja","description":"Otro\u0161ka spletna trgovina AJATUTAJA","publisher":{"@id":"https:\/\/ajatutaja.com\/#organization"},"potentialAction":[{"@type":"SearchAction","target":{"@type":"EntryPoint","urlTemplate":"https:\/\/ajatutaja.com\/?s={search_term_string}"},"query-input":{"@type":"PropertyValueSpecification","valueRequired":true,"valueName":"search_term_string"}}],"inLanguage":"hr"},{"@type":"Organization","@id":"https:\/\/ajatutaja.com\/#organization","name":"Ajatutaja","url":"https:\/\/ajatutaja.com\/","logo":{"@type":"ImageObject","inLanguage":"hr","@id":"https:\/\/ajatutaja.com\/#\/schema\/logo\/image\/","url":"https:\/\/ajatutaja.com\/wp-content\/uploads\/2021\/10\/logo.png","contentUrl":"https:\/\/ajatutaja.com\/wp-content\/uploads\/2021\/10\/logo.png","width":555,"height":150,"caption":"Ajatutaja"},"image":{"@id":"https:\/\/ajatutaja.com\/#\/schema\/logo\/image\/"}}]}},"brands":[{"id":2672,"name":"Linea Mamma Baby","slug":"linea-mamma-baby-nega-in-kopanje"},{"id":2658,"name":"Nega in kopanje","slug":"nega-in-kopanje"}],"_links":{"self":[{"href":"https:\/\/ajatutaja.com\/hr\/wp-json\/wp\/v2\/product\/20605","targetHints":{"allow":["GET"]}}],"collection":[{"href":"https:\/\/ajatutaja.com\/hr\/wp-json\/wp\/v2\/product"}],"about":[{"href":"https:\/\/ajatutaja.com\/hr\/wp-json\/wp\/v2\/types\/product"}],"wp:featuredmedia":[{"embeddable":true,"href":"https:\/\/ajatutaja.com\/hr\/wp-json\/wp\/v2\/media\/20606"}],"wp:attachment":[{"href":"https:\/\/ajatutaja.com\/hr\/wp-json\/wp\/v2\/media?parent=20605"}],"wp:term":[{"taxonomy":"pwb-brand","embeddable":true,"href":"https:\/\/ajatutaja.com\/hr\/wp-json\/wp\/v2\/pwb-brand?post=20605"},{"taxonomy":"product_brand","embeddable":true,"href":"https:\/\/ajatutaja.com\/hr\/wp-json\/wp\/v2\/product_brand?post=20605"},{"taxonomy":"product_cat","embeddable":true,"href":"https:\/\/ajatutaja.com\/hr\/wp-json\/wp\/v2\/product_cat?post=20605"},{"taxonomy":"product_tag","embeddable":true,"href":"https:\/\/ajatutaja.com\/hr\/wp-json\/wp\/v2\/product_tag?post=20605"}],"curies":[{"name":"wp","href":"https:\/\/api.w.org\/{rel}","templated":true}]}}