{"id":20602,"date":"2021-05-30T06:31:57","date_gmt":"2021-05-30T04:31:57","guid":{"rendered":"https:\/\/ajatutaja.com\/izdelek\/baby-nova-steklenicka-s-sirokim-grlom-230-ml-roza\/"},"modified":"2026-05-06T13:20:47","modified_gmt":"2026-05-06T11:20:47","slug":"baby-nova-steklenicka-s-sirokim-grlom-230-ml-roza","status":"publish","type":"product","link":"https:\/\/ajatutaja.com\/hr\/proizvod\/baby-nova-steklenicka-s-sirokim-grlom-230-ml-roza\/","title":{"rendered":"Baby Nova stekleni\u010dka s \u0161irokim grlom 230 ml &#8211; Roza"},"content":{"rendered":"<p style=\"text-align: justify\">Steklena fla\u0161ka &#8211; BabyMova stekleni\u010dka \u0161iroko grlo je modernega dizajna z lepimi motivi, primerna za hranjenje novorojen\u010dkov. Oblika pe\u0161\u010dene ure omogo\u010da odli\u010den oprijem stekeni\u010dke med hranjenjem, \u0161iroko dno stabilnost stekleni\u010dke na ravni podlagi, \u0161iroko grlo pa enostavno polnjenje in \u010di\u0161\u010denje.<\/p>\n<p>Stekleni\u010dki je prilo\u017een zelo mehak silikonski cucelj \u0161iroko grlo okrogle oblike za \u00a0mleko. Cucelj je univerzalne velikosti od 0-24 mesecev<\/p>\n<p style=\"text-align: justify\">Steklenice so odporne na kuhanje in \u010di\u0161\u010denje v pomivalnem stroju. Steklenice so zelo vzdr\u017eljive in ne absorbirajo vonja ali made\u017eev \u010daja\/mleka\/soka, seveda ob pravilnem vzdr\u017eevanju!<\/p>\n<p style=\"text-align: justify\">Stekleni\u010dke ne vsebujejo vsebuje BPA (Bisfenola-A) in ustrezajo Evropskemu standardu EN 14350. Proizvedeno v EU!<\/p>\n<h5>Anti-Colic &#8211; BPA free<\/h5>\n<p><span style=\"color: #999999\"><em><strong>O blagovni znamki BABY-NOVA<\/strong><\/em><\/span><\/p>\n<p style=\"text-align: justify\"><span style=\"color: #999999\"><em>Za izdelki BABY-NOVA stoji nem\u0161ko dru\u017einsko podjetje Novatex GmbH, ki v sodelovanju z zobozdravniki, ortodonti, znanstveniki in star\u0161i \u017ee ve\u010d kot 25 let raziskuje in razvija inovativne re\u0161itve za otro\u0161ko nego in hranjenje. V lasti imajo tovarno v mestu Langenstein v Nem\u010diji.<\/em><\/span><\/p>\n<p style=\"text-align: justify\"><span style=\"color: #999999\"><em>\u0160tevilni izdelki BABY-NOVA so prejemniki ocene \u201codli\u010dno\u201d (Sehr gut), ki jo podeljuje nem\u0161ka revija za potro\u0161nike <span lang=\"SL\"><span lang=\"SL\">\u00d6<\/span>KO<\/span> TEST, duda BABY-NOVA Dentistar pa je prva duda na svetu nagrajena s nazivom \u201czobom prijazna\u201d (Toothfriendly).<\/em><\/span><\/p>\n","protected":false},"excerpt":{"rendered":"<p style=\"text-align: justify\">Steklena fla\u0161ka 230 ml s \u0161irokim grlom BABY NOVA\u00a0 je v kompletu z zelo mehkim silikonskim cucljem okrogle oblike za \u00a0mleko. Cucelj je univerzalne velikosti od 0-24 mesecev.<\/p>\n","protected":false},"featured_media":16329,"template":"","meta":[],"pwb-brand":[2325,2269],"product_brand":[],"product_cat":[2307,2266],"product_tag":[3976],"class_list":{"0":"post-20602","1":"product","2":"type-product","3":"status-publish","4":"has-post-thumbnail","6":"pwb-brand-baby-nova-hranjenje","7":"pwb-brand-hranjenje","8":"product_cat-flaske-in-steklenicke","9":"product_cat-hranjenje","10":"product_tag-baby-nova","12":"first","13":"outofstock","14":"taxable","15":"shipping-taxable","16":"purchasable","17":"product-type-simple","18":"add-to-wishlist-before_image"},"yoast_head":"<!-- This site is optimized with the Yoast SEO plugin v27.3 - https:\/\/yoast.com\/product\/yoast-seo-wordpress\/ -->\n<title>Baby Nova stekleni\u010dka s \u0161irokim grlom 230 ml - Roza | Ajatutaja<\/title>\n<meta name=\"description\" content=\"Steklena fla\u0161ka 240 ml s \u0161irokim grlom BABY NOVA z zelo mehkim silikonskim cuceljem okrogle oblike za mleko univerzalne velikosti od 0-24 mesecev\" \/>\n<meta name=\"robots\" content=\"index, follow, max-snippet:-1, max-image-preview:large, max-video-preview:-1\" \/>\n<link rel=\"canonical\" href=\"https:\/\/ajatutaja.com\/izdelek\/baby-nova-steklenicka-s-sirokim-grlom-230-ml-roza\/\" \/>\n<meta property=\"og:locale\" content=\"hr_HR\" \/>\n<meta property=\"og:type\" content=\"article\" \/>\n<meta property=\"og:title\" content=\"Baby Nova stekleni\u010dka s \u0161irokim grlom 230 ml - Roza | Ajatutaja\" \/>\n<meta property=\"og:description\" content=\"Steklena fla\u0161ka 240 ml s \u0161irokim grlom BABY NOVA z zelo mehkim silikonskim cuceljem okrogle oblike za mleko univerzalne velikosti od 0-24 mesecev\" \/>\n<meta property=\"og:url\" content=\"https:\/\/ajatutaja.com\/izdelek\/baby-nova-steklenicka-s-sirokim-grlom-230-ml-roza\/\" \/>\n<meta property=\"og:site_name\" content=\"Ajatutaja\" \/>\n<meta property=\"article:modified_time\" content=\"2026-05-06T11:20:47+00:00\" \/>\n<meta property=\"og:image\" content=\"https:\/\/ajatutaja.com\/wp-content\/uploads\/2021\/11\/44240-1102_ml-e1622356350815.jpg\" \/>\n\t<meta property=\"og:image:width\" content=\"750\" \/>\n\t<meta property=\"og:image:height\" content=\"750\" \/>\n\t<meta property=\"og:image:type\" content=\"image\/jpeg\" \/>\n<meta name=\"twitter:card\" content=\"summary_large_image\" \/>\n<meta name=\"twitter:label1\" content=\"Procijenjeno vrijeme \u010ditanja\" \/>\n\t<meta name=\"twitter:data1\" content=\"1 minuta\" \/>\n<script type=\"application\/ld+json\" class=\"yoast-schema-graph\">{\"@context\":\"https:\\\/\\\/schema.org\",\"@graph\":[{\"@type\":\"WebPage\",\"@id\":\"https:\\\/\\\/ajatutaja.com\\\/izdelek\\\/baby-nova-steklenicka-s-sirokim-grlom-230-ml-roza\\\/\",\"url\":\"https:\\\/\\\/ajatutaja.com\\\/izdelek\\\/baby-nova-steklenicka-s-sirokim-grlom-230-ml-roza\\\/\",\"name\":\"Baby Nova stekleni\u010dka s \u0161irokim grlom 230 ml - Roza | Ajatutaja\",\"isPartOf\":{\"@id\":\"https:\\\/\\\/ajatutaja.com\\\/#website\"},\"primaryImageOfPage\":{\"@id\":\"https:\\\/\\\/ajatutaja.com\\\/izdelek\\\/baby-nova-steklenicka-s-sirokim-grlom-230-ml-roza\\\/#primaryimage\"},\"image\":{\"@id\":\"https:\\\/\\\/ajatutaja.com\\\/izdelek\\\/baby-nova-steklenicka-s-sirokim-grlom-230-ml-roza\\\/#primaryimage\"},\"thumbnailUrl\":\"https:\\\/\\\/ajatutaja.com\\\/wp-content\\\/uploads\\\/2021\\\/11\\\/44240-1102_ml-e1622356350815.jpg\",\"datePublished\":\"2021-05-30T04:31:57+00:00\",\"dateModified\":\"2026-05-06T11:20:47+00:00\",\"description\":\"Steklena fla\u0161ka 240 ml s \u0161irokim grlom BABY NOVA z zelo mehkim silikonskim cuceljem okrogle oblike za mleko univerzalne velikosti od 0-24 mesecev\",\"breadcrumb\":{\"@id\":\"https:\\\/\\\/ajatutaja.com\\\/izdelek\\\/baby-nova-steklenicka-s-sirokim-grlom-230-ml-roza\\\/#breadcrumb\"},\"inLanguage\":\"hr\",\"potentialAction\":[{\"@type\":\"ReadAction\",\"target\":[\"https:\\\/\\\/ajatutaja.com\\\/izdelek\\\/baby-nova-steklenicka-s-sirokim-grlom-230-ml-roza\\\/\"]}]},{\"@type\":\"ImageObject\",\"inLanguage\":\"hr\",\"@id\":\"https:\\\/\\\/ajatutaja.com\\\/izdelek\\\/baby-nova-steklenicka-s-sirokim-grlom-230-ml-roza\\\/#primaryimage\",\"url\":\"https:\\\/\\\/ajatutaja.com\\\/wp-content\\\/uploads\\\/2021\\\/11\\\/44240-1102_ml-e1622356350815.jpg\",\"contentUrl\":\"https:\\\/\\\/ajatutaja.com\\\/wp-content\\\/uploads\\\/2021\\\/11\\\/44240-1102_ml-e1622356350815.jpg\",\"width\":750,\"height\":750},{\"@type\":\"BreadcrumbList\",\"@id\":\"https:\\\/\\\/ajatutaja.com\\\/izdelek\\\/baby-nova-steklenicka-s-sirokim-grlom-230-ml-roza\\\/#breadcrumb\",\"itemListElement\":[{\"@type\":\"ListItem\",\"position\":1,\"name\":\"Home\",\"item\":\"https:\\\/\\\/ajatutaja.com\\\/hr\\\/\"},{\"@type\":\"ListItem\",\"position\":2,\"name\":\"Trgovina\",\"item\":\"https:\\\/\\\/ajatutaja.com\\\/hr\\\/trgovina\\\/\"},{\"@type\":\"ListItem\",\"position\":3,\"name\":\"Baby Nova stekleni\u010dka s \u0161irokim grlom 230 ml &#8211; Roza\"}]},{\"@type\":\"WebSite\",\"@id\":\"https:\\\/\\\/ajatutaja.com\\\/#website\",\"url\":\"https:\\\/\\\/ajatutaja.com\\\/\",\"name\":\"Ajatutaja\",\"description\":\"Otro\u0161ka spletna trgovina AJATUTAJA\",\"publisher\":{\"@id\":\"https:\\\/\\\/ajatutaja.com\\\/#organization\"},\"potentialAction\":[{\"@type\":\"SearchAction\",\"target\":{\"@type\":\"EntryPoint\",\"urlTemplate\":\"https:\\\/\\\/ajatutaja.com\\\/?s={search_term_string}\"},\"query-input\":{\"@type\":\"PropertyValueSpecification\",\"valueRequired\":true,\"valueName\":\"search_term_string\"}}],\"inLanguage\":\"hr\"},{\"@type\":\"Organization\",\"@id\":\"https:\\\/\\\/ajatutaja.com\\\/#organization\",\"name\":\"Ajatutaja\",\"url\":\"https:\\\/\\\/ajatutaja.com\\\/\",\"logo\":{\"@type\":\"ImageObject\",\"inLanguage\":\"hr\",\"@id\":\"https:\\\/\\\/ajatutaja.com\\\/#\\\/schema\\\/logo\\\/image\\\/\",\"url\":\"https:\\\/\\\/ajatutaja.com\\\/wp-content\\\/uploads\\\/2021\\\/10\\\/logo.png\",\"contentUrl\":\"https:\\\/\\\/ajatutaja.com\\\/wp-content\\\/uploads\\\/2021\\\/10\\\/logo.png\",\"width\":555,\"height\":150,\"caption\":\"Ajatutaja\"},\"image\":{\"@id\":\"https:\\\/\\\/ajatutaja.com\\\/#\\\/schema\\\/logo\\\/image\\\/\"}}]}<\/script>\n<!-- \/ Yoast SEO plugin. -->","yoast_head_json":{"title":"Baby Nova stekleni\u010dka s \u0161irokim grlom 230 ml - Roza | Ajatutaja","description":"Steklena fla\u0161ka 240 ml s \u0161irokim grlom BABY NOVA z zelo mehkim silikonskim cuceljem okrogle oblike za mleko univerzalne velikosti od 0-24 mesecev","robots":{"index":"index","follow":"follow","max-snippet":"max-snippet:-1","max-image-preview":"max-image-preview:large","max-video-preview":"max-video-preview:-1"},"canonical":"https:\/\/ajatutaja.com\/izdelek\/baby-nova-steklenicka-s-sirokim-grlom-230-ml-roza\/","og_locale":"hr_HR","og_type":"article","og_title":"Baby Nova stekleni\u010dka s \u0161irokim grlom 230 ml - Roza | Ajatutaja","og_description":"Steklena fla\u0161ka 240 ml s \u0161irokim grlom BABY NOVA z zelo mehkim silikonskim cuceljem okrogle oblike za mleko univerzalne velikosti od 0-24 mesecev","og_url":"https:\/\/ajatutaja.com\/izdelek\/baby-nova-steklenicka-s-sirokim-grlom-230-ml-roza\/","og_site_name":"Ajatutaja","article_modified_time":"2026-05-06T11:20:47+00:00","og_image":[{"width":750,"height":750,"url":"https:\/\/ajatutaja.com\/wp-content\/uploads\/2021\/11\/44240-1102_ml-e1622356350815.jpg","type":"image\/jpeg"}],"twitter_card":"summary_large_image","twitter_misc":{"Procijenjeno vrijeme \u010ditanja":"1 minuta"},"schema":{"@context":"https:\/\/schema.org","@graph":[{"@type":"WebPage","@id":"https:\/\/ajatutaja.com\/izdelek\/baby-nova-steklenicka-s-sirokim-grlom-230-ml-roza\/","url":"https:\/\/ajatutaja.com\/izdelek\/baby-nova-steklenicka-s-sirokim-grlom-230-ml-roza\/","name":"Baby Nova stekleni\u010dka s \u0161irokim grlom 230 ml - Roza | Ajatutaja","isPartOf":{"@id":"https:\/\/ajatutaja.com\/#website"},"primaryImageOfPage":{"@id":"https:\/\/ajatutaja.com\/izdelek\/baby-nova-steklenicka-s-sirokim-grlom-230-ml-roza\/#primaryimage"},"image":{"@id":"https:\/\/ajatutaja.com\/izdelek\/baby-nova-steklenicka-s-sirokim-grlom-230-ml-roza\/#primaryimage"},"thumbnailUrl":"https:\/\/ajatutaja.com\/wp-content\/uploads\/2021\/11\/44240-1102_ml-e1622356350815.jpg","datePublished":"2021-05-30T04:31:57+00:00","dateModified":"2026-05-06T11:20:47+00:00","description":"Steklena fla\u0161ka 240 ml s \u0161irokim grlom BABY NOVA z zelo mehkim silikonskim cuceljem okrogle oblike za mleko univerzalne velikosti od 0-24 mesecev","breadcrumb":{"@id":"https:\/\/ajatutaja.com\/izdelek\/baby-nova-steklenicka-s-sirokim-grlom-230-ml-roza\/#breadcrumb"},"inLanguage":"hr","potentialAction":[{"@type":"ReadAction","target":["https:\/\/ajatutaja.com\/izdelek\/baby-nova-steklenicka-s-sirokim-grlom-230-ml-roza\/"]}]},{"@type":"ImageObject","inLanguage":"hr","@id":"https:\/\/ajatutaja.com\/izdelek\/baby-nova-steklenicka-s-sirokim-grlom-230-ml-roza\/#primaryimage","url":"https:\/\/ajatutaja.com\/wp-content\/uploads\/2021\/11\/44240-1102_ml-e1622356350815.jpg","contentUrl":"https:\/\/ajatutaja.com\/wp-content\/uploads\/2021\/11\/44240-1102_ml-e1622356350815.jpg","width":750,"height":750},{"@type":"BreadcrumbList","@id":"https:\/\/ajatutaja.com\/izdelek\/baby-nova-steklenicka-s-sirokim-grlom-230-ml-roza\/#breadcrumb","itemListElement":[{"@type":"ListItem","position":1,"name":"Home","item":"https:\/\/ajatutaja.com\/hr\/"},{"@type":"ListItem","position":2,"name":"Trgovina","item":"https:\/\/ajatutaja.com\/hr\/trgovina\/"},{"@type":"ListItem","position":3,"name":"Baby Nova stekleni\u010dka s \u0161irokim grlom 230 ml &#8211; Roza"}]},{"@type":"WebSite","@id":"https:\/\/ajatutaja.com\/#website","url":"https:\/\/ajatutaja.com\/","name":"Ajatutaja","description":"Otro\u0161ka spletna trgovina AJATUTAJA","publisher":{"@id":"https:\/\/ajatutaja.com\/#organization"},"potentialAction":[{"@type":"SearchAction","target":{"@type":"EntryPoint","urlTemplate":"https:\/\/ajatutaja.com\/?s={search_term_string}"},"query-input":{"@type":"PropertyValueSpecification","valueRequired":true,"valueName":"search_term_string"}}],"inLanguage":"hr"},{"@type":"Organization","@id":"https:\/\/ajatutaja.com\/#organization","name":"Ajatutaja","url":"https:\/\/ajatutaja.com\/","logo":{"@type":"ImageObject","inLanguage":"hr","@id":"https:\/\/ajatutaja.com\/#\/schema\/logo\/image\/","url":"https:\/\/ajatutaja.com\/wp-content\/uploads\/2021\/10\/logo.png","contentUrl":"https:\/\/ajatutaja.com\/wp-content\/uploads\/2021\/10\/logo.png","width":555,"height":150,"caption":"Ajatutaja"},"image":{"@id":"https:\/\/ajatutaja.com\/#\/schema\/logo\/image\/"}}]}},"brands":[{"id":2325,"name":"Baby Nova","slug":"baby-nova-hranjenje"},{"id":2269,"name":"Hranjenje","slug":"hranjenje"}],"_links":{"self":[{"href":"https:\/\/ajatutaja.com\/hr\/wp-json\/wp\/v2\/product\/20602","targetHints":{"allow":["GET"]}}],"collection":[{"href":"https:\/\/ajatutaja.com\/hr\/wp-json\/wp\/v2\/product"}],"about":[{"href":"https:\/\/ajatutaja.com\/hr\/wp-json\/wp\/v2\/types\/product"}],"wp:featuredmedia":[{"embeddable":true,"href":"https:\/\/ajatutaja.com\/hr\/wp-json\/wp\/v2\/media\/16329"}],"wp:attachment":[{"href":"https:\/\/ajatutaja.com\/hr\/wp-json\/wp\/v2\/media?parent=20602"}],"wp:term":[{"taxonomy":"pwb-brand","embeddable":true,"href":"https:\/\/ajatutaja.com\/hr\/wp-json\/wp\/v2\/pwb-brand?post=20602"},{"taxonomy":"product_brand","embeddable":true,"href":"https:\/\/ajatutaja.com\/hr\/wp-json\/wp\/v2\/product_brand?post=20602"},{"taxonomy":"product_cat","embeddable":true,"href":"https:\/\/ajatutaja.com\/hr\/wp-json\/wp\/v2\/product_cat?post=20602"},{"taxonomy":"product_tag","embeddable":true,"href":"https:\/\/ajatutaja.com\/hr\/wp-json\/wp\/v2\/product_tag?post=20602"}],"curies":[{"name":"wp","href":"https:\/\/api.w.org\/{rel}","templated":true}]}}