{"id":20533,"date":"2025-02-27T16:19:46","date_gmt":"2025-02-27T15:19:46","guid":{"rendered":"https:\/\/ajatutaja.com\/izdelek\/torba-family-bag-powder-pink\/"},"modified":"2026-02-06T21:08:16","modified_gmt":"2026-02-06T20:08:16","slug":"torba-family-bag-stripes-nude-terracotta","status":"publish","type":"product","link":"https:\/\/ajatutaja.com\/hr\/proizvod\/torba-family-bag-stripes-nude-terracotta\/","title":{"rendered":"Torba FAMILY BAG &#8211; Stripes Nude\/Terracotta"},"content":{"rendered":"<p>[vc_row][vc_column][vc_column_text]<\/p>\n<p style=\"text-align: justify\">Childhome torba Family Bag je prostorna torba, ki jo mamice naravnost obo\u017eujejo. Vanjo namre\u010d lahko pospravijo ogromno re\u010di &#8211; obla\u010dila za mal\u010dka, plenice, kozmetiko, fla\u0161ko in igla\u010de.<\/p>\n<p style=\"text-align: justify\">Kvalitetna izdelava previjalne torbe Family Bag, \u010dvrsti ro\u010daji in neverjetna prostornina bo navdu\u0161ila tudi vas!<\/p>\n<h4>Lastnosti torbe Family bag stripes:<\/h4>\n<ul>\n<li style=\"text-align: justify\">Dimenzije: 55 x 18 x 40 cm<\/li>\n<li style=\"text-align: justify\">Surovinska sestava: Tkanina: 100% najlon \/ Podloga: 100% najlon \/Ro\u010daji: 100% PU usnje<\/li>\n<li style=\"text-align: justify\">Vzdr\u017eevanje: \u010ci\u0161\u010denje je zelo enostavno, saj\u00a0 torbo Family Bag enostavno obri\u0161emo z vla\u017eno krpo. Su\u0161enje na sve\u017eem zraku.<\/li>\n<\/ul>\n<p>[\/vc_column_text][\/vc_column][\/vc_row]<\/p>\n","protected":false},"excerpt":{"rendered":"<p>U\u017eivajte v \u0161tevilnih dru\u017einskih izletih s torbo Family Bag! Vse stvari za vso dru\u017eino lahko zdaj vzamete s seboj v eni sami dru\u017einski torbi! Prostorna torba ohranja vse predmete varne med vsakim potovanjem. V notranjosti torbe so razli\u010dni predelki in elasti\u010dni trakovi, ki poskrbijo da so vse stvari na svojem mestu.<\/p>\n","protected":false},"featured_media":74817,"template":"","meta":[],"pwb-brand":[2422,2409],"product_brand":[],"product_cat":[2264,2262,2361,2398],"product_tag":[4043,4847],"class_list":{"0":"post-20533","1":"product","2":"type-product","3":"status-publish","4":"has-post-thumbnail","6":"pwb-brand-childhome-potepanje","7":"pwb-brand-potepanje","8":"product_cat-babyshower","9":"product_cat-darilo-za-nosecnico","10":"product_cat-potepanje","11":"product_cat-previjalne-torbe","12":"product_tag-childhome","13":"product_tag-family-bag","15":"first","16":"onbackorder","17":"taxable","18":"shipping-taxable","19":"purchasable","20":"product-type-simple","21":"add-to-wishlist-before_image"},"yoast_head":"<!-- This site is optimized with the Yoast SEO plugin v27.3 - https:\/\/yoast.com\/product\/yoast-seo-wordpress\/ -->\n<title>Torba FAMILY BAG - Stripes Nude\/Terracotta | Ajatutaja<\/title>\n<meta name=\"description\" content=\"U\u017eivajte v \u0161tevilnih dru\u017einskih izletih s torbo Family Bag! Vse stvari za vso dru\u017eino lahko zdaj vzamete s seboj v eni sami dru\u017einski torbi! Prostorna torba ohranja vse predmete varne med vsakim potovanjem.\" \/>\n<meta name=\"robots\" content=\"index, follow, max-snippet:-1, max-image-preview:large, max-video-preview:-1\" \/>\n<link rel=\"canonical\" href=\"https:\/\/ajatutaja.com\/izdelek\/torba-family-bag-stripes-nude-terracotta\/\" \/>\n<meta property=\"og:locale\" content=\"hr_HR\" \/>\n<meta property=\"og:type\" content=\"article\" \/>\n<meta property=\"og:title\" content=\"Torba FAMILY BAG - Stripes Nude\/Terracotta | Ajatutaja\" \/>\n<meta property=\"og:description\" content=\"U\u017eivajte v \u0161tevilnih dru\u017einskih izletih s torbo Family Bag! Vse stvari za vso dru\u017eino lahko zdaj vzamete s seboj v eni sami dru\u017einski torbi! Prostorna torba ohranja vse predmete varne med vsakim potovanjem.\" \/>\n<meta property=\"og:url\" content=\"https:\/\/ajatutaja.com\/izdelek\/torba-family-bag-stripes-nude-terracotta\/\" \/>\n<meta property=\"og:site_name\" content=\"Ajatutaja\" \/>\n<meta property=\"article:modified_time\" content=\"2026-02-06T20:08:16+00:00\" \/>\n<meta property=\"og:image\" content=\"https:\/\/ajatutaja.com\/wp-content\/uploads\/2021\/05\/Childhome-torba-family-bag-stripes-1.jpg\" \/>\n\t<meta property=\"og:image:width\" content=\"700\" \/>\n\t<meta property=\"og:image:height\" content=\"700\" \/>\n\t<meta property=\"og:image:type\" content=\"image\/jpeg\" \/>\n<meta name=\"twitter:card\" content=\"summary_large_image\" \/>\n<meta name=\"twitter:label1\" content=\"Procijenjeno vrijeme \u010ditanja\" \/>\n\t<meta name=\"twitter:data1\" content=\"1 minuta\" \/>\n<script type=\"application\/ld+json\" class=\"yoast-schema-graph\">{\"@context\":\"https:\\\/\\\/schema.org\",\"@graph\":[{\"@type\":\"WebPage\",\"@id\":\"https:\\\/\\\/ajatutaja.com\\\/izdelek\\\/torba-family-bag-stripes-nude-terracotta\\\/\",\"url\":\"https:\\\/\\\/ajatutaja.com\\\/izdelek\\\/torba-family-bag-stripes-nude-terracotta\\\/\",\"name\":\"Torba FAMILY BAG - Stripes Nude\\\/Terracotta | Ajatutaja\",\"isPartOf\":{\"@id\":\"https:\\\/\\\/ajatutaja.com\\\/#website\"},\"primaryImageOfPage\":{\"@id\":\"https:\\\/\\\/ajatutaja.com\\\/izdelek\\\/torba-family-bag-stripes-nude-terracotta\\\/#primaryimage\"},\"image\":{\"@id\":\"https:\\\/\\\/ajatutaja.com\\\/izdelek\\\/torba-family-bag-stripes-nude-terracotta\\\/#primaryimage\"},\"thumbnailUrl\":\"https:\\\/\\\/ajatutaja.com\\\/wp-content\\\/uploads\\\/2021\\\/05\\\/Childhome-torba-family-bag-stripes-1.jpg\",\"datePublished\":\"2025-02-27T15:19:46+00:00\",\"dateModified\":\"2026-02-06T20:08:16+00:00\",\"description\":\"U\u017eivajte v \u0161tevilnih dru\u017einskih izletih s torbo Family Bag! Vse stvari za vso dru\u017eino lahko zdaj vzamete s seboj v eni sami dru\u017einski torbi! Prostorna torba ohranja vse predmete varne med vsakim potovanjem.\",\"breadcrumb\":{\"@id\":\"https:\\\/\\\/ajatutaja.com\\\/izdelek\\\/torba-family-bag-stripes-nude-terracotta\\\/#breadcrumb\"},\"inLanguage\":\"hr\",\"potentialAction\":[{\"@type\":\"ReadAction\",\"target\":[\"https:\\\/\\\/ajatutaja.com\\\/izdelek\\\/torba-family-bag-stripes-nude-terracotta\\\/\"]}]},{\"@type\":\"ImageObject\",\"inLanguage\":\"hr\",\"@id\":\"https:\\\/\\\/ajatutaja.com\\\/izdelek\\\/torba-family-bag-stripes-nude-terracotta\\\/#primaryimage\",\"url\":\"https:\\\/\\\/ajatutaja.com\\\/wp-content\\\/uploads\\\/2021\\\/05\\\/Childhome-torba-family-bag-stripes-1.jpg\",\"contentUrl\":\"https:\\\/\\\/ajatutaja.com\\\/wp-content\\\/uploads\\\/2021\\\/05\\\/Childhome-torba-family-bag-stripes-1.jpg\",\"width\":700,\"height\":700},{\"@type\":\"BreadcrumbList\",\"@id\":\"https:\\\/\\\/ajatutaja.com\\\/izdelek\\\/torba-family-bag-stripes-nude-terracotta\\\/#breadcrumb\",\"itemListElement\":[{\"@type\":\"ListItem\",\"position\":1,\"name\":\"Home\",\"item\":\"https:\\\/\\\/ajatutaja.com\\\/hr\\\/\"},{\"@type\":\"ListItem\",\"position\":2,\"name\":\"Trgovina\",\"item\":\"https:\\\/\\\/ajatutaja.com\\\/hr\\\/trgovina\\\/\"},{\"@type\":\"ListItem\",\"position\":3,\"name\":\"Torba FAMILY BAG &#8211; Stripes Nude\\\/Terracotta\"}]},{\"@type\":\"WebSite\",\"@id\":\"https:\\\/\\\/ajatutaja.com\\\/#website\",\"url\":\"https:\\\/\\\/ajatutaja.com\\\/\",\"name\":\"Ajatutaja\",\"description\":\"Otro\u0161ka spletna trgovina AJATUTAJA\",\"publisher\":{\"@id\":\"https:\\\/\\\/ajatutaja.com\\\/#organization\"},\"potentialAction\":[{\"@type\":\"SearchAction\",\"target\":{\"@type\":\"EntryPoint\",\"urlTemplate\":\"https:\\\/\\\/ajatutaja.com\\\/?s={search_term_string}\"},\"query-input\":{\"@type\":\"PropertyValueSpecification\",\"valueRequired\":true,\"valueName\":\"search_term_string\"}}],\"inLanguage\":\"hr\"},{\"@type\":\"Organization\",\"@id\":\"https:\\\/\\\/ajatutaja.com\\\/#organization\",\"name\":\"Ajatutaja\",\"url\":\"https:\\\/\\\/ajatutaja.com\\\/\",\"logo\":{\"@type\":\"ImageObject\",\"inLanguage\":\"hr\",\"@id\":\"https:\\\/\\\/ajatutaja.com\\\/#\\\/schema\\\/logo\\\/image\\\/\",\"url\":\"https:\\\/\\\/ajatutaja.com\\\/wp-content\\\/uploads\\\/2021\\\/10\\\/logo.png\",\"contentUrl\":\"https:\\\/\\\/ajatutaja.com\\\/wp-content\\\/uploads\\\/2021\\\/10\\\/logo.png\",\"width\":555,\"height\":150,\"caption\":\"Ajatutaja\"},\"image\":{\"@id\":\"https:\\\/\\\/ajatutaja.com\\\/#\\\/schema\\\/logo\\\/image\\\/\"}}]}<\/script>\n<!-- \/ Yoast SEO plugin. -->","yoast_head_json":{"title":"Torba FAMILY BAG - Stripes Nude\/Terracotta | Ajatutaja","description":"U\u017eivajte v \u0161tevilnih dru\u017einskih izletih s torbo Family Bag! Vse stvari za vso dru\u017eino lahko zdaj vzamete s seboj v eni sami dru\u017einski torbi! Prostorna torba ohranja vse predmete varne med vsakim potovanjem.","robots":{"index":"index","follow":"follow","max-snippet":"max-snippet:-1","max-image-preview":"max-image-preview:large","max-video-preview":"max-video-preview:-1"},"canonical":"https:\/\/ajatutaja.com\/izdelek\/torba-family-bag-stripes-nude-terracotta\/","og_locale":"hr_HR","og_type":"article","og_title":"Torba FAMILY BAG - Stripes Nude\/Terracotta | Ajatutaja","og_description":"U\u017eivajte v \u0161tevilnih dru\u017einskih izletih s torbo Family Bag! Vse stvari za vso dru\u017eino lahko zdaj vzamete s seboj v eni sami dru\u017einski torbi! Prostorna torba ohranja vse predmete varne med vsakim potovanjem.","og_url":"https:\/\/ajatutaja.com\/izdelek\/torba-family-bag-stripes-nude-terracotta\/","og_site_name":"Ajatutaja","article_modified_time":"2026-02-06T20:08:16+00:00","og_image":[{"width":700,"height":700,"url":"https:\/\/ajatutaja.com\/wp-content\/uploads\/2021\/05\/Childhome-torba-family-bag-stripes-1.jpg","type":"image\/jpeg"}],"twitter_card":"summary_large_image","twitter_misc":{"Procijenjeno vrijeme \u010ditanja":"1 minuta"},"schema":{"@context":"https:\/\/schema.org","@graph":[{"@type":"WebPage","@id":"https:\/\/ajatutaja.com\/izdelek\/torba-family-bag-stripes-nude-terracotta\/","url":"https:\/\/ajatutaja.com\/izdelek\/torba-family-bag-stripes-nude-terracotta\/","name":"Torba FAMILY BAG - Stripes Nude\/Terracotta | Ajatutaja","isPartOf":{"@id":"https:\/\/ajatutaja.com\/#website"},"primaryImageOfPage":{"@id":"https:\/\/ajatutaja.com\/izdelek\/torba-family-bag-stripes-nude-terracotta\/#primaryimage"},"image":{"@id":"https:\/\/ajatutaja.com\/izdelek\/torba-family-bag-stripes-nude-terracotta\/#primaryimage"},"thumbnailUrl":"https:\/\/ajatutaja.com\/wp-content\/uploads\/2021\/05\/Childhome-torba-family-bag-stripes-1.jpg","datePublished":"2025-02-27T15:19:46+00:00","dateModified":"2026-02-06T20:08:16+00:00","description":"U\u017eivajte v \u0161tevilnih dru\u017einskih izletih s torbo Family Bag! Vse stvari za vso dru\u017eino lahko zdaj vzamete s seboj v eni sami dru\u017einski torbi! Prostorna torba ohranja vse predmete varne med vsakim potovanjem.","breadcrumb":{"@id":"https:\/\/ajatutaja.com\/izdelek\/torba-family-bag-stripes-nude-terracotta\/#breadcrumb"},"inLanguage":"hr","potentialAction":[{"@type":"ReadAction","target":["https:\/\/ajatutaja.com\/izdelek\/torba-family-bag-stripes-nude-terracotta\/"]}]},{"@type":"ImageObject","inLanguage":"hr","@id":"https:\/\/ajatutaja.com\/izdelek\/torba-family-bag-stripes-nude-terracotta\/#primaryimage","url":"https:\/\/ajatutaja.com\/wp-content\/uploads\/2021\/05\/Childhome-torba-family-bag-stripes-1.jpg","contentUrl":"https:\/\/ajatutaja.com\/wp-content\/uploads\/2021\/05\/Childhome-torba-family-bag-stripes-1.jpg","width":700,"height":700},{"@type":"BreadcrumbList","@id":"https:\/\/ajatutaja.com\/izdelek\/torba-family-bag-stripes-nude-terracotta\/#breadcrumb","itemListElement":[{"@type":"ListItem","position":1,"name":"Home","item":"https:\/\/ajatutaja.com\/hr\/"},{"@type":"ListItem","position":2,"name":"Trgovina","item":"https:\/\/ajatutaja.com\/hr\/trgovina\/"},{"@type":"ListItem","position":3,"name":"Torba FAMILY BAG &#8211; Stripes Nude\/Terracotta"}]},{"@type":"WebSite","@id":"https:\/\/ajatutaja.com\/#website","url":"https:\/\/ajatutaja.com\/","name":"Ajatutaja","description":"Otro\u0161ka spletna trgovina AJATUTAJA","publisher":{"@id":"https:\/\/ajatutaja.com\/#organization"},"potentialAction":[{"@type":"SearchAction","target":{"@type":"EntryPoint","urlTemplate":"https:\/\/ajatutaja.com\/?s={search_term_string}"},"query-input":{"@type":"PropertyValueSpecification","valueRequired":true,"valueName":"search_term_string"}}],"inLanguage":"hr"},{"@type":"Organization","@id":"https:\/\/ajatutaja.com\/#organization","name":"Ajatutaja","url":"https:\/\/ajatutaja.com\/","logo":{"@type":"ImageObject","inLanguage":"hr","@id":"https:\/\/ajatutaja.com\/#\/schema\/logo\/image\/","url":"https:\/\/ajatutaja.com\/wp-content\/uploads\/2021\/10\/logo.png","contentUrl":"https:\/\/ajatutaja.com\/wp-content\/uploads\/2021\/10\/logo.png","width":555,"height":150,"caption":"Ajatutaja"},"image":{"@id":"https:\/\/ajatutaja.com\/#\/schema\/logo\/image\/"}}]}},"brands":[{"id":2422,"name":"Childhome","slug":"childhome-potepanje"},{"id":2409,"name":"Potepanje","slug":"potepanje"}],"_links":{"self":[{"href":"https:\/\/ajatutaja.com\/hr\/wp-json\/wp\/v2\/product\/20533","targetHints":{"allow":["GET"]}}],"collection":[{"href":"https:\/\/ajatutaja.com\/hr\/wp-json\/wp\/v2\/product"}],"about":[{"href":"https:\/\/ajatutaja.com\/hr\/wp-json\/wp\/v2\/types\/product"}],"wp:featuredmedia":[{"embeddable":true,"href":"https:\/\/ajatutaja.com\/hr\/wp-json\/wp\/v2\/media\/74817"}],"wp:attachment":[{"href":"https:\/\/ajatutaja.com\/hr\/wp-json\/wp\/v2\/media?parent=20533"}],"wp:term":[{"taxonomy":"pwb-brand","embeddable":true,"href":"https:\/\/ajatutaja.com\/hr\/wp-json\/wp\/v2\/pwb-brand?post=20533"},{"taxonomy":"product_brand","embeddable":true,"href":"https:\/\/ajatutaja.com\/hr\/wp-json\/wp\/v2\/product_brand?post=20533"},{"taxonomy":"product_cat","embeddable":true,"href":"https:\/\/ajatutaja.com\/hr\/wp-json\/wp\/v2\/product_cat?post=20533"},{"taxonomy":"product_tag","embeddable":true,"href":"https:\/\/ajatutaja.com\/hr\/wp-json\/wp\/v2\/product_tag?post=20533"}],"curies":[{"name":"wp","href":"https:\/\/api.w.org\/{rel}","templated":true}]}}