{"id":20518,"date":"2021-05-22T20:46:39","date_gmt":"2021-05-22T18:46:39","guid":{"rendered":"https:\/\/ajatutaja.com\/izdelek\/stephen-joseph-klobucek-spf50-uv-protection-shark\/"},"modified":"2025-08-06T18:12:23","modified_gmt":"2025-08-06T16:12:23","slug":"stephen-joseph-klobucek-spf50-uv-protection-shark","status":"publish","type":"product","link":"https:\/\/ajatutaja.com\/hr\/proizvod\/stephen-joseph-klobucek-spf50-uv-protection-shark\/","title":{"rendered":"Stephen Joseph klobu\u010dek SPF50+ UV protection &#8211; Shark"},"content":{"rendered":"<p>\u010cudoviti lahkotni bomba\u017eni klobu\u010dki z izjemno funkcionalno vrvico, ki bo otroku zagotovila varnost in klobuk na mestu, medtem ko bo brezskrbno u\u017eival v soncu.<\/p>\n<h3>Stephen Joseph klobu\u010dki SPF50+ UV protection imajo naslednje lastnosti:<\/h3>\n<ul>\n<li>Nastavljiv obseg glavice do 53 cm ( z vrvico regulirate pravo velikost)<\/li>\n<li>Primerno za otroke od 1 do 3 leta starosti<\/li>\n<li>Nastavljiva trakova dol\u017eine pod vratom pa poskrbita, da klobu\u010dek ostane na mestu tudi med gibanjem in v vetru (trak se lahko po \u017eelji tudi odstrani)<\/li>\n<li>Klobu\u010dek nudi visoko za\u0161\u010dito pred soncem:\u00a0 SPF 50+ UV za\u0161\u010dita<\/li>\n<li>Sprednji del klobu\u010dka se lahko po \u017eelji viha in oblikuje, da otroku po meri kreirate popolno obliko za va\u0161ega mal\u010dka. Zadnji del prosto pade in pokrije tudi vrat in ramena.<\/li>\n<li>Material: 100% bomba\u017e<\/li>\n<li>Vzdr\u017eevanje: Ro\u010dno pranje na hladnih temperaturah. Ne uporabljajte belila. Polo\u017eite ravno, da se posu\u0161i.<\/li>\n<\/ul>\n<p>&nbsp;<\/p>\n<p>&nbsp;<\/p>\n","protected":false},"excerpt":{"rendered":"<p>Prikupen klobu\u010dek z UV za\u0161\u010dito ZF50 Stephen Joseph z motivom Morskega psa, bo \u0161\u010ditil va\u0161ega mal\u010dka pred \u0161kodljivimi son\u010dnimi \u017earki. Izjemno \u0161irok rob pa otroka dodatno za\u0161\u010diti pred soncem \u2013 tudi po vratu in ramenih!<\/p>\n","protected":false},"featured_media":20510,"template":"","meta":[],"pwb-brand":[2409,2618],"product_brand":[],"product_cat":[2694,2408],"product_tag":[3980,4271],"class_list":{"0":"post-20518","1":"product","2":"type-product","3":"status-publish","4":"has-post-thumbnail","6":"pwb-brand-potepanje","7":"pwb-brand-stephen-joseph-spanje","8":"product_cat-kape-in-klobucki","9":"product_cat-poletni-pripomocki","10":"product_tag-stephen-joseph","11":"product_tag-stephen-joseph-klobucki","13":"first","14":"instock","15":"taxable","16":"shipping-taxable","17":"purchasable","18":"product-type-simple","19":"add-to-wishlist-before_image"},"yoast_head":"<!-- This site is optimized with the Yoast SEO plugin v27.3 - https:\/\/yoast.com\/product\/yoast-seo-wordpress\/ -->\n<title>Stephen Joseph klobu\u010dek SPF50+ UV protection - Shark | Ajatutaja<\/title>\n<meta name=\"description\" content=\"Prikupen klobu\u010dek z UV za\u0161\u010dito ZF50 Stephen Joseph bo \u0161\u010ditil va\u0161o mal\u010dico pred \u0161kodljivimi son\u010dnimi \u017earki. Izjemno \u0161irok rob pa otroka dodatno za\u0161\u010diti pred soncem \u2013 tudi po vratu in ramenih!\" \/>\n<meta name=\"robots\" content=\"index, follow, max-snippet:-1, max-image-preview:large, max-video-preview:-1\" \/>\n<link rel=\"canonical\" href=\"https:\/\/ajatutaja.com\/izdelek\/stephen-joseph-klobucek-spf50-uv-protection-shark\/\" \/>\n<meta property=\"og:locale\" content=\"hr_HR\" \/>\n<meta property=\"og:type\" content=\"article\" \/>\n<meta property=\"og:title\" content=\"Stephen Joseph klobu\u010dek SPF50+ UV protection - Shark | Ajatutaja\" \/>\n<meta property=\"og:description\" content=\"Prikupen klobu\u010dek z UV za\u0161\u010dito ZF50 Stephen Joseph bo \u0161\u010ditil va\u0161o mal\u010dico pred \u0161kodljivimi son\u010dnimi \u017earki. Izjemno \u0161irok rob pa otroka dodatno za\u0161\u010diti pred soncem \u2013 tudi po vratu in ramenih!\" \/>\n<meta property=\"og:url\" content=\"https:\/\/ajatutaja.com\/izdelek\/stephen-joseph-klobucek-spf50-uv-protection-shark\/\" \/>\n<meta property=\"og:site_name\" content=\"Ajatutaja\" \/>\n<meta property=\"article:modified_time\" content=\"2025-08-06T16:12:23+00:00\" \/>\n<meta property=\"og:image\" content=\"https:\/\/ajatutaja.com\/wp-content\/uploads\/2021\/11\/Otroski-klobucek-z-uv-zascito-Stephen-joseph-shark-ajatutaja-1.jpg\" \/>\n\t<meta property=\"og:image:width\" content=\"800\" \/>\n\t<meta property=\"og:image:height\" content=\"800\" \/>\n\t<meta property=\"og:image:type\" content=\"image\/jpeg\" \/>\n<meta name=\"twitter:card\" content=\"summary_large_image\" \/>\n<meta name=\"twitter:label1\" content=\"Procijenjeno vrijeme \u010ditanja\" \/>\n\t<meta name=\"twitter:data1\" content=\"1 minuta\" \/>\n<script type=\"application\/ld+json\" class=\"yoast-schema-graph\">{\"@context\":\"https:\\\/\\\/schema.org\",\"@graph\":[{\"@type\":\"WebPage\",\"@id\":\"https:\\\/\\\/ajatutaja.com\\\/izdelek\\\/stephen-joseph-klobucek-spf50-uv-protection-shark\\\/\",\"url\":\"https:\\\/\\\/ajatutaja.com\\\/izdelek\\\/stephen-joseph-klobucek-spf50-uv-protection-shark\\\/\",\"name\":\"Stephen Joseph klobu\u010dek SPF50+ UV protection - Shark | Ajatutaja\",\"isPartOf\":{\"@id\":\"https:\\\/\\\/ajatutaja.com\\\/#website\"},\"primaryImageOfPage\":{\"@id\":\"https:\\\/\\\/ajatutaja.com\\\/izdelek\\\/stephen-joseph-klobucek-spf50-uv-protection-shark\\\/#primaryimage\"},\"image\":{\"@id\":\"https:\\\/\\\/ajatutaja.com\\\/izdelek\\\/stephen-joseph-klobucek-spf50-uv-protection-shark\\\/#primaryimage\"},\"thumbnailUrl\":\"https:\\\/\\\/ajatutaja.com\\\/wp-content\\\/uploads\\\/2021\\\/11\\\/Otroski-klobucek-z-uv-zascito-Stephen-joseph-shark-ajatutaja-1.jpg\",\"datePublished\":\"2021-05-22T18:46:39+00:00\",\"dateModified\":\"2025-08-06T16:12:23+00:00\",\"description\":\"Prikupen klobu\u010dek z UV za\u0161\u010dito ZF50 Stephen Joseph bo \u0161\u010ditil va\u0161o mal\u010dico pred \u0161kodljivimi son\u010dnimi \u017earki. Izjemno \u0161irok rob pa otroka dodatno za\u0161\u010diti pred soncem \u2013 tudi po vratu in ramenih!\",\"breadcrumb\":{\"@id\":\"https:\\\/\\\/ajatutaja.com\\\/izdelek\\\/stephen-joseph-klobucek-spf50-uv-protection-shark\\\/#breadcrumb\"},\"inLanguage\":\"hr\",\"potentialAction\":[{\"@type\":\"ReadAction\",\"target\":[\"https:\\\/\\\/ajatutaja.com\\\/izdelek\\\/stephen-joseph-klobucek-spf50-uv-protection-shark\\\/\"]}]},{\"@type\":\"ImageObject\",\"inLanguage\":\"hr\",\"@id\":\"https:\\\/\\\/ajatutaja.com\\\/izdelek\\\/stephen-joseph-klobucek-spf50-uv-protection-shark\\\/#primaryimage\",\"url\":\"https:\\\/\\\/ajatutaja.com\\\/wp-content\\\/uploads\\\/2021\\\/11\\\/Otroski-klobucek-z-uv-zascito-Stephen-joseph-shark-ajatutaja-1.jpg\",\"contentUrl\":\"https:\\\/\\\/ajatutaja.com\\\/wp-content\\\/uploads\\\/2021\\\/11\\\/Otroski-klobucek-z-uv-zascito-Stephen-joseph-shark-ajatutaja-1.jpg\",\"width\":800,\"height\":800},{\"@type\":\"BreadcrumbList\",\"@id\":\"https:\\\/\\\/ajatutaja.com\\\/izdelek\\\/stephen-joseph-klobucek-spf50-uv-protection-shark\\\/#breadcrumb\",\"itemListElement\":[{\"@type\":\"ListItem\",\"position\":1,\"name\":\"Home\",\"item\":\"https:\\\/\\\/ajatutaja.com\\\/hr\\\/\"},{\"@type\":\"ListItem\",\"position\":2,\"name\":\"Trgovina\",\"item\":\"https:\\\/\\\/ajatutaja.com\\\/hr\\\/trgovina\\\/\"},{\"@type\":\"ListItem\",\"position\":3,\"name\":\"Stephen Joseph klobu\u010dek SPF50+ UV protection &#8211; Shark\"}]},{\"@type\":\"WebSite\",\"@id\":\"https:\\\/\\\/ajatutaja.com\\\/#website\",\"url\":\"https:\\\/\\\/ajatutaja.com\\\/\",\"name\":\"Ajatutaja\",\"description\":\"Otro\u0161ka spletna trgovina AJATUTAJA\",\"publisher\":{\"@id\":\"https:\\\/\\\/ajatutaja.com\\\/#organization\"},\"potentialAction\":[{\"@type\":\"SearchAction\",\"target\":{\"@type\":\"EntryPoint\",\"urlTemplate\":\"https:\\\/\\\/ajatutaja.com\\\/?s={search_term_string}\"},\"query-input\":{\"@type\":\"PropertyValueSpecification\",\"valueRequired\":true,\"valueName\":\"search_term_string\"}}],\"inLanguage\":\"hr\"},{\"@type\":\"Organization\",\"@id\":\"https:\\\/\\\/ajatutaja.com\\\/#organization\",\"name\":\"Ajatutaja\",\"url\":\"https:\\\/\\\/ajatutaja.com\\\/\",\"logo\":{\"@type\":\"ImageObject\",\"inLanguage\":\"hr\",\"@id\":\"https:\\\/\\\/ajatutaja.com\\\/#\\\/schema\\\/logo\\\/image\\\/\",\"url\":\"https:\\\/\\\/ajatutaja.com\\\/wp-content\\\/uploads\\\/2021\\\/10\\\/logo.png\",\"contentUrl\":\"https:\\\/\\\/ajatutaja.com\\\/wp-content\\\/uploads\\\/2021\\\/10\\\/logo.png\",\"width\":555,\"height\":150,\"caption\":\"Ajatutaja\"},\"image\":{\"@id\":\"https:\\\/\\\/ajatutaja.com\\\/#\\\/schema\\\/logo\\\/image\\\/\"}}]}<\/script>\n<!-- \/ Yoast SEO plugin. -->","yoast_head_json":{"title":"Stephen Joseph klobu\u010dek SPF50+ UV protection - Shark | Ajatutaja","description":"Prikupen klobu\u010dek z UV za\u0161\u010dito ZF50 Stephen Joseph bo \u0161\u010ditil va\u0161o mal\u010dico pred \u0161kodljivimi son\u010dnimi \u017earki. Izjemno \u0161irok rob pa otroka dodatno za\u0161\u010diti pred soncem \u2013 tudi po vratu in ramenih!","robots":{"index":"index","follow":"follow","max-snippet":"max-snippet:-1","max-image-preview":"max-image-preview:large","max-video-preview":"max-video-preview:-1"},"canonical":"https:\/\/ajatutaja.com\/izdelek\/stephen-joseph-klobucek-spf50-uv-protection-shark\/","og_locale":"hr_HR","og_type":"article","og_title":"Stephen Joseph klobu\u010dek SPF50+ UV protection - Shark | Ajatutaja","og_description":"Prikupen klobu\u010dek z UV za\u0161\u010dito ZF50 Stephen Joseph bo \u0161\u010ditil va\u0161o mal\u010dico pred \u0161kodljivimi son\u010dnimi \u017earki. Izjemno \u0161irok rob pa otroka dodatno za\u0161\u010diti pred soncem \u2013 tudi po vratu in ramenih!","og_url":"https:\/\/ajatutaja.com\/izdelek\/stephen-joseph-klobucek-spf50-uv-protection-shark\/","og_site_name":"Ajatutaja","article_modified_time":"2025-08-06T16:12:23+00:00","og_image":[{"width":800,"height":800,"url":"https:\/\/ajatutaja.com\/wp-content\/uploads\/2021\/11\/Otroski-klobucek-z-uv-zascito-Stephen-joseph-shark-ajatutaja-1.jpg","type":"image\/jpeg"}],"twitter_card":"summary_large_image","twitter_misc":{"Procijenjeno vrijeme \u010ditanja":"1 minuta"},"schema":{"@context":"https:\/\/schema.org","@graph":[{"@type":"WebPage","@id":"https:\/\/ajatutaja.com\/izdelek\/stephen-joseph-klobucek-spf50-uv-protection-shark\/","url":"https:\/\/ajatutaja.com\/izdelek\/stephen-joseph-klobucek-spf50-uv-protection-shark\/","name":"Stephen Joseph klobu\u010dek SPF50+ UV protection - Shark | Ajatutaja","isPartOf":{"@id":"https:\/\/ajatutaja.com\/#website"},"primaryImageOfPage":{"@id":"https:\/\/ajatutaja.com\/izdelek\/stephen-joseph-klobucek-spf50-uv-protection-shark\/#primaryimage"},"image":{"@id":"https:\/\/ajatutaja.com\/izdelek\/stephen-joseph-klobucek-spf50-uv-protection-shark\/#primaryimage"},"thumbnailUrl":"https:\/\/ajatutaja.com\/wp-content\/uploads\/2021\/11\/Otroski-klobucek-z-uv-zascito-Stephen-joseph-shark-ajatutaja-1.jpg","datePublished":"2021-05-22T18:46:39+00:00","dateModified":"2025-08-06T16:12:23+00:00","description":"Prikupen klobu\u010dek z UV za\u0161\u010dito ZF50 Stephen Joseph bo \u0161\u010ditil va\u0161o mal\u010dico pred \u0161kodljivimi son\u010dnimi \u017earki. Izjemno \u0161irok rob pa otroka dodatno za\u0161\u010diti pred soncem \u2013 tudi po vratu in ramenih!","breadcrumb":{"@id":"https:\/\/ajatutaja.com\/izdelek\/stephen-joseph-klobucek-spf50-uv-protection-shark\/#breadcrumb"},"inLanguage":"hr","potentialAction":[{"@type":"ReadAction","target":["https:\/\/ajatutaja.com\/izdelek\/stephen-joseph-klobucek-spf50-uv-protection-shark\/"]}]},{"@type":"ImageObject","inLanguage":"hr","@id":"https:\/\/ajatutaja.com\/izdelek\/stephen-joseph-klobucek-spf50-uv-protection-shark\/#primaryimage","url":"https:\/\/ajatutaja.com\/wp-content\/uploads\/2021\/11\/Otroski-klobucek-z-uv-zascito-Stephen-joseph-shark-ajatutaja-1.jpg","contentUrl":"https:\/\/ajatutaja.com\/wp-content\/uploads\/2021\/11\/Otroski-klobucek-z-uv-zascito-Stephen-joseph-shark-ajatutaja-1.jpg","width":800,"height":800},{"@type":"BreadcrumbList","@id":"https:\/\/ajatutaja.com\/izdelek\/stephen-joseph-klobucek-spf50-uv-protection-shark\/#breadcrumb","itemListElement":[{"@type":"ListItem","position":1,"name":"Home","item":"https:\/\/ajatutaja.com\/hr\/"},{"@type":"ListItem","position":2,"name":"Trgovina","item":"https:\/\/ajatutaja.com\/hr\/trgovina\/"},{"@type":"ListItem","position":3,"name":"Stephen Joseph klobu\u010dek SPF50+ UV protection &#8211; Shark"}]},{"@type":"WebSite","@id":"https:\/\/ajatutaja.com\/#website","url":"https:\/\/ajatutaja.com\/","name":"Ajatutaja","description":"Otro\u0161ka spletna trgovina AJATUTAJA","publisher":{"@id":"https:\/\/ajatutaja.com\/#organization"},"potentialAction":[{"@type":"SearchAction","target":{"@type":"EntryPoint","urlTemplate":"https:\/\/ajatutaja.com\/?s={search_term_string}"},"query-input":{"@type":"PropertyValueSpecification","valueRequired":true,"valueName":"search_term_string"}}],"inLanguage":"hr"},{"@type":"Organization","@id":"https:\/\/ajatutaja.com\/#organization","name":"Ajatutaja","url":"https:\/\/ajatutaja.com\/","logo":{"@type":"ImageObject","inLanguage":"hr","@id":"https:\/\/ajatutaja.com\/#\/schema\/logo\/image\/","url":"https:\/\/ajatutaja.com\/wp-content\/uploads\/2021\/10\/logo.png","contentUrl":"https:\/\/ajatutaja.com\/wp-content\/uploads\/2021\/10\/logo.png","width":555,"height":150,"caption":"Ajatutaja"},"image":{"@id":"https:\/\/ajatutaja.com\/#\/schema\/logo\/image\/"}}]}},"brands":[{"id":2409,"name":"Potepanje","slug":"potepanje"},{"id":2618,"name":"Stephen Joseph","slug":"stephen-joseph-spanje"}],"_links":{"self":[{"href":"https:\/\/ajatutaja.com\/hr\/wp-json\/wp\/v2\/product\/20518","targetHints":{"allow":["GET"]}}],"collection":[{"href":"https:\/\/ajatutaja.com\/hr\/wp-json\/wp\/v2\/product"}],"about":[{"href":"https:\/\/ajatutaja.com\/hr\/wp-json\/wp\/v2\/types\/product"}],"wp:featuredmedia":[{"embeddable":true,"href":"https:\/\/ajatutaja.com\/hr\/wp-json\/wp\/v2\/media\/20510"}],"wp:attachment":[{"href":"https:\/\/ajatutaja.com\/hr\/wp-json\/wp\/v2\/media?parent=20518"}],"wp:term":[{"taxonomy":"pwb-brand","embeddable":true,"href":"https:\/\/ajatutaja.com\/hr\/wp-json\/wp\/v2\/pwb-brand?post=20518"},{"taxonomy":"product_brand","embeddable":true,"href":"https:\/\/ajatutaja.com\/hr\/wp-json\/wp\/v2\/product_brand?post=20518"},{"taxonomy":"product_cat","embeddable":true,"href":"https:\/\/ajatutaja.com\/hr\/wp-json\/wp\/v2\/product_cat?post=20518"},{"taxonomy":"product_tag","embeddable":true,"href":"https:\/\/ajatutaja.com\/hr\/wp-json\/wp\/v2\/product_tag?post=20518"}],"curies":[{"name":"wp","href":"https:\/\/api.w.org\/{rel}","templated":true}]}}