{"id":20359,"date":"2022-05-12T19:10:40","date_gmt":"2022-05-12T17:10:40","guid":{"rendered":"https:\/\/ajatutaja.com\/izdelek\/naif-body-natural-sunscreen-zf30-soncna-krema-za-telo-100ml\/"},"modified":"2026-03-04T19:27:58","modified_gmt":"2026-03-04T18:27:58","slug":"naif-body-natural-sunscreen-zf30-soncna-krema-za-telo-100ml","status":"publish","type":"product","link":"https:\/\/ajatutaja.com\/hr\/proizvod\/naif-body-natural-sunscreen-zf30-soncna-krema-za-telo-100ml\/","title":{"rendered":"Na\u00eff \u00ae Body natural Sunscreen ZF30 &#8211; son\u010dna krema za telo 100ml"},"content":{"rendered":"<div class=\"product-content product-tab-1 product-content-current\">\n<div class=\"term-description\">\n<p style=\"text-align: left\">Son\u010dna krema za obraz priznane nizozemske blagovne znamke Na\u00eff\u00ae z naravno sestavo in za\u0161\u010ditnim faktorjem 30 poskrbi za popolno za\u0161\u010dito ko\u017ee\u00a0 v \u010dasu izpostavljenosti soncu. Nudi u\u010dinkovito za\u0161\u010dito pred UVA in UVB-\u017earki z naravnimi, mineralnimi UV filtri in ne vsebuje nano delcev.<\/p>\n<div class=\"value\">\n<h3 style=\"text-align: left\">Uporaba son\u010dne kreme za obraz\u00a0 Naif\u00a0 natural Sunscreen Body SPF30<\/h3>\n<ul>\n<li style=\"text-align: left\">Primerna je za za\u0161\u010dito ko\u017ee po celem telesu<\/li>\n<li style=\"text-align: left\">Kremo nanesite po telesu in jo enakomerno razporedite po vseh predelih. Nanos v ustreznem \u010dasu pred izpostavljenostjo soncu. Za optimalno za\u0161\u010dito postopek ponovite na vsaki dve uri. Kremo za za\u0161\u010dito pred soncem za obraz uporabite tudi v senci.<\/li>\n<\/ul>\n<h3 style=\"text-align: left\">Lastnosti son\u010dne kreme za obraz Naif:<\/h3>\n<ul style=\"text-align: left\">\n<li>Za\u0161\u010ditni faktor 30<\/li>\n<li>U\u010dinkovita za\u0161\u010dita pred UVA in UVB-\u017earki<\/li>\n<li>Ne\u017ena in naravna (brez glutena in drugih alergenov, ter brez aluminija)<\/li>\n<li>Brez nano delcev, oksibenzona, oktinoksata in mikroplastike, ki so glavni onesna\u017eevalci morja<\/li>\n<li>Naravni UV filtri<\/li>\n<li>Ko\u017eo u\u010dinkovito \u0161\u010diti pred soncem<\/li>\n<li>Za\u0161\u010dita ko\u017ee za obraz<\/li>\n<li>Vodoodporna<\/li>\n<li>Ne pu\u0161\u010da vidne bele plasti<\/li>\n<li>Izdelek je primeren za vse tipe ko\u017ee<\/li>\n<li>Izdelek je primeren tudi za ob\u010dutljivo in suho ko\u017eo<\/li>\n<li>Izdelek je zasnovan in proizveden v EU, na Nizozemskem<\/li>\n<li>Izdelek ni testiran na \u017eivalih<\/li>\n<li>Naravi prijazna embala\u017ea; embala\u017ea Na\u00eff kozmetike je izdelana iz sladkornega trsa, ki je bolj prijazen do okolja. Embala\u017ea nosi prepoznavni pe\u010dat \u00bbI&#8217;m Green Plastic\u00ab<\/li>\n<li>Priro\u010dna velikost embala\u017ee omogo\u010da enostavno shranjevanje v previjalni torbi<\/li>\n<li>Pakiranje: 50 ml<\/li>\n<\/ul>\n<p style=\"text-align: left\"><strong>Testi in certifikati:<\/strong><\/p>\n<ul style=\"text-align: left\">\n<li>Dermatolo\u0161ko testiran izdelek<\/li>\n<li>RSPO certifikat<\/li>\n<li>Zero plastic certifikat<\/li>\n<\/ul>\n<p style=\"text-align: left\"><strong>Prejete nagrade:\u00a0<\/strong><\/p>\n<ul>\n<li style=\"text-align: left\">2018 Little London Award: Best Infant Skincare Range<\/li>\n<li style=\"text-align: left\">2016 Loved by Parents: Best Ethical Brand<\/li>\n<\/ul>\n<p style=\"text-align: left\"><strong class=\"type\">Navodila za vzdr\u017eevanje<\/strong><\/p>\n<div class=\"value\">\n<ul>\n<li style=\"text-align: left\">Uporabno najmanj do konca datuma ozna\u010denega na embala\u017ei<\/li>\n<li style=\"text-align: left\">Izdelek je primeren za uporabo 12 mesecev po odprtju, zaprt pa zdr\u017ei do 3\u00a0leta<\/li>\n<\/ul>\n<p><span class=\"a-list-item\"><strong>Sestava:<\/strong><\/span><\/p>\n<p style=\"text-align: left\">Caprylic\/Capric Triglyceride, Cocos Nucifera (Coconut) Oil, Zinc Oxide, Isoamyl Laurate, Stearyl Heptanoate, Hydrogenated Soy Polyglycerides, Candelilla Cera\/ Euphorbia Cerifera (Candelilla) Wax, Stearyl Caprylate, Polyhydroxystearic Acid, Parfum\/Fragrance, Olea Europaea (Olive) Fruit Oil, Tocopherol, Helianthus Annuus (Sunflower) Seed Oil, C15-23 Alkane<\/p>\n<\/div>\n<\/div>\n<p style=\"text-align: left\"><em>Linijo otro\u0161kih son\u010dnih krem Na\u00eff odlikuje skrbno zasnovana naravna formula. Vsi izdelki kozmetike Na\u00eff so naravni, 100% veganski, brez glutena in alergenov ter dermatolo\u0161ko testirani. Na\u00eff kozmetika je primerna za vse tipe ko\u017ee, tudi za ob\u010dutljivo in zelo suho ko\u017eo. Son\u010dne kreme Na\u00eff so \u00bbOcean &amp; reef-friendly\u00ab izdelek, brez \u0161kodljivih substanc, proizvedene brez krutosti do \u017eivali. Tudi embala\u017ea Na\u00eff kozmetike je izdelana iz sladkornega trsa, ki je bolj prijazen do okolja. Embala\u017ea nosi prepoznavni pe\u010dat \u00bbI&#8217;m Green Plastic\u00ab.<\/em><\/p>\n<\/div>\n<\/div>\n","protected":false},"excerpt":{"rendered":"<p>Son\u010dna krema za telo Na\u00eff\u00ae z naravnimi, mineralnimi UV filtra poskrbi za popolno za\u0161\u010dito pred pred UVA in UVB-\u017earki. Son\u010dna krema za telo u\u010dinkovito varuje ko\u017eo pred \u0161kodljivimi UV \u017earki in upo\u010dasnjuje proces staranja ko\u017ee. Son\u010dna krema Na\u00eff\u00ae z za\u0161\u010ditnim faktorjem 30 je dermatolo\u0161ko testirana, njena prednost pa je naravna, bogata sestava, ki ko\u017eo \u0161\u010diti, vla\u017ei in neguje. Krema je vodoodporna, hitro se vpije in ne pu\u0161\u010da belih made\u017eev. Primerna je za vse tipe ko\u017ee, tudi za zelo ob\u010dutljivo in suho ko\u017eo.<\/p>\n","protected":false},"featured_media":20360,"template":"","meta":[],"pwb-brand":[2277,2670,2658,2267],"product_brand":[],"product_cat":[3975,2655,2657,2608],"product_tag":[4050,5800],"class_list":{"0":"post-20359","1":"product","2":"type-product","3":"status-publish","4":"has-post-thumbnail","6":"pwb-brand-naif","7":"pwb-brand-naif-nega-in-kopanje","8":"pwb-brand-nega-in-kopanje","9":"pwb-brand-nosecnost","10":"product_cat-akcija","11":"product_cat-kozmetika-za-otroke","12":"product_cat-kreme-za-soncenje","13":"product_cat-nega-in-kopanje","14":"product_tag-naif","15":"product_tag-summersale","17":"first","18":"instock","19":"sale","20":"taxable","21":"shipping-taxable","22":"purchasable","23":"product-type-simple","24":"add-to-wishlist-before_image"},"yoast_head":"<!-- This site is optimized with the Yoast SEO plugin v27.3 - https:\/\/yoast.com\/product\/yoast-seo-wordpress\/ -->\n<title>Na\u00eff \u00ae Body natural Sunscreen ZF30 - son\u010dna krema za telo 100ml | Ajatutaja<\/title>\n<meta name=\"description\" content=\"Son\u010dna krema za telo Naif z za\u0161\u010ditnim faktorjem 30 je dermatolo\u0161ko testirana, njena prednost pa je naravna, bogata sestava, ki ko\u017eo \u0161\u010diti, vla\u017ei in neguje.\" \/>\n<meta name=\"robots\" content=\"index, follow, max-snippet:-1, max-image-preview:large, max-video-preview:-1\" \/>\n<link rel=\"canonical\" href=\"https:\/\/ajatutaja.com\/izdelek\/naif-body-natural-sunscreen-zf30-soncna-krema-za-telo-100ml\/\" \/>\n<meta property=\"og:locale\" content=\"hr_HR\" \/>\n<meta property=\"og:type\" content=\"article\" \/>\n<meta property=\"og:title\" content=\"Na\u00eff \u00ae Body natural Sunscreen ZF30 - son\u010dna krema za telo 100ml | Ajatutaja\" \/>\n<meta property=\"og:description\" content=\"Son\u010dna krema za telo Naif z za\u0161\u010ditnim faktorjem 30 je dermatolo\u0161ko testirana, njena prednost pa je naravna, bogata sestava, ki ko\u017eo \u0161\u010diti, vla\u017ei in neguje.\" \/>\n<meta property=\"og:url\" content=\"https:\/\/ajatutaja.com\/izdelek\/naif-body-natural-sunscreen-zf30-soncna-krema-za-telo-100ml\/\" \/>\n<meta property=\"og:site_name\" content=\"Ajatutaja\" \/>\n<meta property=\"article:modified_time\" content=\"2026-03-04T18:27:58+00:00\" \/>\n<meta property=\"og:image\" content=\"https:\/\/ajatutaja.com\/wp-content\/uploads\/2021\/11\/naif-nfg019-1-e1620846779233.jpg\" \/>\n\t<meta property=\"og:image:width\" content=\"600\" \/>\n\t<meta property=\"og:image:height\" content=\"600\" \/>\n\t<meta property=\"og:image:type\" content=\"image\/jpeg\" \/>\n<meta name=\"twitter:card\" content=\"summary_large_image\" \/>\n<meta name=\"twitter:label1\" content=\"Procijenjeno vrijeme \u010ditanja\" \/>\n\t<meta name=\"twitter:data1\" content=\"2 minute\" \/>\n<script type=\"application\/ld+json\" class=\"yoast-schema-graph\">{\"@context\":\"https:\\\/\\\/schema.org\",\"@graph\":[{\"@type\":\"WebPage\",\"@id\":\"https:\\\/\\\/ajatutaja.com\\\/izdelek\\\/naif-body-natural-sunscreen-zf30-soncna-krema-za-telo-100ml\\\/\",\"url\":\"https:\\\/\\\/ajatutaja.com\\\/izdelek\\\/naif-body-natural-sunscreen-zf30-soncna-krema-za-telo-100ml\\\/\",\"name\":\"Na\u00eff \u00ae Body natural Sunscreen ZF30 - son\u010dna krema za telo 100ml | Ajatutaja\",\"isPartOf\":{\"@id\":\"https:\\\/\\\/ajatutaja.com\\\/#website\"},\"primaryImageOfPage\":{\"@id\":\"https:\\\/\\\/ajatutaja.com\\\/izdelek\\\/naif-body-natural-sunscreen-zf30-soncna-krema-za-telo-100ml\\\/#primaryimage\"},\"image\":{\"@id\":\"https:\\\/\\\/ajatutaja.com\\\/izdelek\\\/naif-body-natural-sunscreen-zf30-soncna-krema-za-telo-100ml\\\/#primaryimage\"},\"thumbnailUrl\":\"https:\\\/\\\/ajatutaja.com\\\/wp-content\\\/uploads\\\/2021\\\/11\\\/naif-nfg019-1-e1620846779233.jpg\",\"datePublished\":\"2022-05-12T17:10:40+00:00\",\"dateModified\":\"2026-03-04T18:27:58+00:00\",\"description\":\"Son\u010dna krema za telo Naif z za\u0161\u010ditnim faktorjem 30 je dermatolo\u0161ko testirana, njena prednost pa je naravna, bogata sestava, ki ko\u017eo \u0161\u010diti, vla\u017ei in neguje.\",\"breadcrumb\":{\"@id\":\"https:\\\/\\\/ajatutaja.com\\\/izdelek\\\/naif-body-natural-sunscreen-zf30-soncna-krema-za-telo-100ml\\\/#breadcrumb\"},\"inLanguage\":\"hr\",\"potentialAction\":[{\"@type\":\"ReadAction\",\"target\":[\"https:\\\/\\\/ajatutaja.com\\\/izdelek\\\/naif-body-natural-sunscreen-zf30-soncna-krema-za-telo-100ml\\\/\"]}]},{\"@type\":\"ImageObject\",\"inLanguage\":\"hr\",\"@id\":\"https:\\\/\\\/ajatutaja.com\\\/izdelek\\\/naif-body-natural-sunscreen-zf30-soncna-krema-za-telo-100ml\\\/#primaryimage\",\"url\":\"https:\\\/\\\/ajatutaja.com\\\/wp-content\\\/uploads\\\/2021\\\/11\\\/naif-nfg019-1-e1620846779233.jpg\",\"contentUrl\":\"https:\\\/\\\/ajatutaja.com\\\/wp-content\\\/uploads\\\/2021\\\/11\\\/naif-nfg019-1-e1620846779233.jpg\",\"width\":600,\"height\":600},{\"@type\":\"BreadcrumbList\",\"@id\":\"https:\\\/\\\/ajatutaja.com\\\/izdelek\\\/naif-body-natural-sunscreen-zf30-soncna-krema-za-telo-100ml\\\/#breadcrumb\",\"itemListElement\":[{\"@type\":\"ListItem\",\"position\":1,\"name\":\"Home\",\"item\":\"https:\\\/\\\/ajatutaja.com\\\/hr\\\/\"},{\"@type\":\"ListItem\",\"position\":2,\"name\":\"Trgovina\",\"item\":\"https:\\\/\\\/ajatutaja.com\\\/hr\\\/trgovina\\\/\"},{\"@type\":\"ListItem\",\"position\":3,\"name\":\"Na\u00eff \u00ae Body natural Sunscreen ZF30 &#8211; son\u010dna krema za telo 100ml\"}]},{\"@type\":\"WebSite\",\"@id\":\"https:\\\/\\\/ajatutaja.com\\\/#website\",\"url\":\"https:\\\/\\\/ajatutaja.com\\\/\",\"name\":\"Ajatutaja\",\"description\":\"Otro\u0161ka spletna trgovina AJATUTAJA\",\"publisher\":{\"@id\":\"https:\\\/\\\/ajatutaja.com\\\/#organization\"},\"potentialAction\":[{\"@type\":\"SearchAction\",\"target\":{\"@type\":\"EntryPoint\",\"urlTemplate\":\"https:\\\/\\\/ajatutaja.com\\\/?s={search_term_string}\"},\"query-input\":{\"@type\":\"PropertyValueSpecification\",\"valueRequired\":true,\"valueName\":\"search_term_string\"}}],\"inLanguage\":\"hr\"},{\"@type\":\"Organization\",\"@id\":\"https:\\\/\\\/ajatutaja.com\\\/#organization\",\"name\":\"Ajatutaja\",\"url\":\"https:\\\/\\\/ajatutaja.com\\\/\",\"logo\":{\"@type\":\"ImageObject\",\"inLanguage\":\"hr\",\"@id\":\"https:\\\/\\\/ajatutaja.com\\\/#\\\/schema\\\/logo\\\/image\\\/\",\"url\":\"https:\\\/\\\/ajatutaja.com\\\/wp-content\\\/uploads\\\/2021\\\/10\\\/logo.png\",\"contentUrl\":\"https:\\\/\\\/ajatutaja.com\\\/wp-content\\\/uploads\\\/2021\\\/10\\\/logo.png\",\"width\":555,\"height\":150,\"caption\":\"Ajatutaja\"},\"image\":{\"@id\":\"https:\\\/\\\/ajatutaja.com\\\/#\\\/schema\\\/logo\\\/image\\\/\"}}]}<\/script>\n<!-- \/ Yoast SEO plugin. -->","yoast_head_json":{"title":"Na\u00eff \u00ae Body natural Sunscreen ZF30 - son\u010dna krema za telo 100ml | Ajatutaja","description":"Son\u010dna krema za telo Naif z za\u0161\u010ditnim faktorjem 30 je dermatolo\u0161ko testirana, njena prednost pa je naravna, bogata sestava, ki ko\u017eo \u0161\u010diti, vla\u017ei in neguje.","robots":{"index":"index","follow":"follow","max-snippet":"max-snippet:-1","max-image-preview":"max-image-preview:large","max-video-preview":"max-video-preview:-1"},"canonical":"https:\/\/ajatutaja.com\/izdelek\/naif-body-natural-sunscreen-zf30-soncna-krema-za-telo-100ml\/","og_locale":"hr_HR","og_type":"article","og_title":"Na\u00eff \u00ae Body natural Sunscreen ZF30 - son\u010dna krema za telo 100ml | Ajatutaja","og_description":"Son\u010dna krema za telo Naif z za\u0161\u010ditnim faktorjem 30 je dermatolo\u0161ko testirana, njena prednost pa je naravna, bogata sestava, ki ko\u017eo \u0161\u010diti, vla\u017ei in neguje.","og_url":"https:\/\/ajatutaja.com\/izdelek\/naif-body-natural-sunscreen-zf30-soncna-krema-za-telo-100ml\/","og_site_name":"Ajatutaja","article_modified_time":"2026-03-04T18:27:58+00:00","og_image":[{"width":600,"height":600,"url":"https:\/\/ajatutaja.com\/wp-content\/uploads\/2021\/11\/naif-nfg019-1-e1620846779233.jpg","type":"image\/jpeg"}],"twitter_card":"summary_large_image","twitter_misc":{"Procijenjeno vrijeme \u010ditanja":"2 minute"},"schema":{"@context":"https:\/\/schema.org","@graph":[{"@type":"WebPage","@id":"https:\/\/ajatutaja.com\/izdelek\/naif-body-natural-sunscreen-zf30-soncna-krema-za-telo-100ml\/","url":"https:\/\/ajatutaja.com\/izdelek\/naif-body-natural-sunscreen-zf30-soncna-krema-za-telo-100ml\/","name":"Na\u00eff \u00ae Body natural Sunscreen ZF30 - son\u010dna krema za telo 100ml | Ajatutaja","isPartOf":{"@id":"https:\/\/ajatutaja.com\/#website"},"primaryImageOfPage":{"@id":"https:\/\/ajatutaja.com\/izdelek\/naif-body-natural-sunscreen-zf30-soncna-krema-za-telo-100ml\/#primaryimage"},"image":{"@id":"https:\/\/ajatutaja.com\/izdelek\/naif-body-natural-sunscreen-zf30-soncna-krema-za-telo-100ml\/#primaryimage"},"thumbnailUrl":"https:\/\/ajatutaja.com\/wp-content\/uploads\/2021\/11\/naif-nfg019-1-e1620846779233.jpg","datePublished":"2022-05-12T17:10:40+00:00","dateModified":"2026-03-04T18:27:58+00:00","description":"Son\u010dna krema za telo Naif z za\u0161\u010ditnim faktorjem 30 je dermatolo\u0161ko testirana, njena prednost pa je naravna, bogata sestava, ki ko\u017eo \u0161\u010diti, vla\u017ei in neguje.","breadcrumb":{"@id":"https:\/\/ajatutaja.com\/izdelek\/naif-body-natural-sunscreen-zf30-soncna-krema-za-telo-100ml\/#breadcrumb"},"inLanguage":"hr","potentialAction":[{"@type":"ReadAction","target":["https:\/\/ajatutaja.com\/izdelek\/naif-body-natural-sunscreen-zf30-soncna-krema-za-telo-100ml\/"]}]},{"@type":"ImageObject","inLanguage":"hr","@id":"https:\/\/ajatutaja.com\/izdelek\/naif-body-natural-sunscreen-zf30-soncna-krema-za-telo-100ml\/#primaryimage","url":"https:\/\/ajatutaja.com\/wp-content\/uploads\/2021\/11\/naif-nfg019-1-e1620846779233.jpg","contentUrl":"https:\/\/ajatutaja.com\/wp-content\/uploads\/2021\/11\/naif-nfg019-1-e1620846779233.jpg","width":600,"height":600},{"@type":"BreadcrumbList","@id":"https:\/\/ajatutaja.com\/izdelek\/naif-body-natural-sunscreen-zf30-soncna-krema-za-telo-100ml\/#breadcrumb","itemListElement":[{"@type":"ListItem","position":1,"name":"Home","item":"https:\/\/ajatutaja.com\/hr\/"},{"@type":"ListItem","position":2,"name":"Trgovina","item":"https:\/\/ajatutaja.com\/hr\/trgovina\/"},{"@type":"ListItem","position":3,"name":"Na\u00eff \u00ae Body natural Sunscreen ZF30 &#8211; son\u010dna krema za telo 100ml"}]},{"@type":"WebSite","@id":"https:\/\/ajatutaja.com\/#website","url":"https:\/\/ajatutaja.com\/","name":"Ajatutaja","description":"Otro\u0161ka spletna trgovina AJATUTAJA","publisher":{"@id":"https:\/\/ajatutaja.com\/#organization"},"potentialAction":[{"@type":"SearchAction","target":{"@type":"EntryPoint","urlTemplate":"https:\/\/ajatutaja.com\/?s={search_term_string}"},"query-input":{"@type":"PropertyValueSpecification","valueRequired":true,"valueName":"search_term_string"}}],"inLanguage":"hr"},{"@type":"Organization","@id":"https:\/\/ajatutaja.com\/#organization","name":"Ajatutaja","url":"https:\/\/ajatutaja.com\/","logo":{"@type":"ImageObject","inLanguage":"hr","@id":"https:\/\/ajatutaja.com\/#\/schema\/logo\/image\/","url":"https:\/\/ajatutaja.com\/wp-content\/uploads\/2021\/10\/logo.png","contentUrl":"https:\/\/ajatutaja.com\/wp-content\/uploads\/2021\/10\/logo.png","width":555,"height":150,"caption":"Ajatutaja"},"image":{"@id":"https:\/\/ajatutaja.com\/#\/schema\/logo\/image\/"}}]}},"brands":[{"id":2277,"name":"Naif","slug":"naif"},{"id":2670,"name":"Naif","slug":"naif-nega-in-kopanje"},{"id":2658,"name":"Nega in kopanje","slug":"nega-in-kopanje"},{"id":2267,"name":"Nose\u010dnost","slug":"nosecnost"}],"_links":{"self":[{"href":"https:\/\/ajatutaja.com\/hr\/wp-json\/wp\/v2\/product\/20359","targetHints":{"allow":["GET"]}}],"collection":[{"href":"https:\/\/ajatutaja.com\/hr\/wp-json\/wp\/v2\/product"}],"about":[{"href":"https:\/\/ajatutaja.com\/hr\/wp-json\/wp\/v2\/types\/product"}],"wp:featuredmedia":[{"embeddable":true,"href":"https:\/\/ajatutaja.com\/hr\/wp-json\/wp\/v2\/media\/20360"}],"wp:attachment":[{"href":"https:\/\/ajatutaja.com\/hr\/wp-json\/wp\/v2\/media?parent=20359"}],"wp:term":[{"taxonomy":"pwb-brand","embeddable":true,"href":"https:\/\/ajatutaja.com\/hr\/wp-json\/wp\/v2\/pwb-brand?post=20359"},{"taxonomy":"product_brand","embeddable":true,"href":"https:\/\/ajatutaja.com\/hr\/wp-json\/wp\/v2\/product_brand?post=20359"},{"taxonomy":"product_cat","embeddable":true,"href":"https:\/\/ajatutaja.com\/hr\/wp-json\/wp\/v2\/product_cat?post=20359"},{"taxonomy":"product_tag","embeddable":true,"href":"https:\/\/ajatutaja.com\/hr\/wp-json\/wp\/v2\/product_tag?post=20359"}],"curies":[{"name":"wp","href":"https:\/\/api.w.org\/{rel}","templated":true}]}}