{"id":20334,"date":"2021-04-18T20:14:11","date_gmt":"2021-04-18T18:14:11","guid":{"rendered":"https:\/\/ajatutaja.com\/izdelek\/babymoov-zlozljiv-sotor-blue-weaves\/"},"modified":"2025-08-04T07:18:09","modified_gmt":"2025-08-04T05:18:09","slug":"babymoov-zlozljiv-sotor-blue-weaves","status":"publish","type":"product","link":"https:\/\/ajatutaja.com\/hr\/proizvod\/babymoov-zlozljiv-sotor-blue-weaves\/","title":{"rendered":"Babymoov zlo\u017eljiv \u0161otor &#8211; Blue Weaves"},"content":{"rendered":"<div class=\"std\">\n<p><strong>UPF 50+ ZA\u0160\u010cITA:<\/strong> Material strehice \u0161\u010diti otroka pred son\u010dnimi \u017earki, za kar 99% \u0161kodljivih UV-A in UV-B \u017earkov. Tkanina za \u0161otor pomaga tudi prehod vetra in peska, \u010de ga uporabljate kot \u0161otor na pla\u017ei in je kot nala\u0161\u010d za dopustovanje.<\/p>\n<p><strong>LAHKO ZA UPORABO POP-UP SISTEMA:<\/strong> V nekaj sekundah se zlo\u017ei in razstavi. Ko ga razgrnete, s \u0161tirimi zati\u010di pritrdite zavetje sonca na tla ali pesek. \u010ce je zlo\u017eena, uporabite prilo\u017eeno torbo za enostavno shranjevanje in prevoz.<\/p>\n<p><strong>NAJBOLJ\u0160A ZA\u0160\u010cITA PRED INSEKTI:<\/strong> komarnik nudi za\u0161\u010dito pred komarji in drugimi insekti. Za razliko od sen\u010dnika za pla\u017eo ima zadnje okno, da ustvari prezra\u010devanje in ohrani dojen\u010dka na hladnem, ko je za\u0161\u010dita pred soncem zelo potrebna.<\/p>\n<p><strong>Lastnosti Babymoov Beachtent<\/strong>:<\/p>\n<ul>\n<li>Za\u0161\u010dita pred \u0161kodljivim UVA in UVB sevanjem<\/li>\n<li>Vklju\u010dena mre\u017ea proti mr\u010desom<\/li>\n<li>2 prezra\u010devalna okna<\/li>\n<li>Vodoodbojna tkanina<\/li>\n<li>Prilo\u017eeni trije vti\u010di<\/li>\n<li>Enostavno in hitro zlaganje<\/li>\n<li>Za\u0161\u010ditni faktor 50+<\/li>\n<li>Enostavno se zlo\u017ei v\u00a0prilo\u017eeno torbo.<\/li>\n<li>Dimenzije zlo\u017eenega: premer 60\u00a0cm.<\/li>\n<li>Dimenzije v\u00a0postavljenem stanju: 100 \u00d7 100 \u00d7\u00a080 cm<\/li>\n<li>Material: 100% poliester<\/li>\n<li>Primeren za otroke od rojstva<\/li>\n<\/ul>\n<\/div>\n","protected":false},"excerpt":{"rendered":"<p>Otro\u0161ki zlo\u017eljivi \u0161otor francoske blagovne znamke Babymoov \u0161\u010diti pred \u0161kodljivimi son\u010dnimi \u017earki, vetrom in peskom. Lahkoten in kompakten \u0161otor se zlahka in hitro\u00a0zlo\u017ei. \u0160otor ima\u00a0za\u0161\u010ditni faktor 50+,\u00a0mre\u017eo proti komarjem, 4 drogove za \u0161otor in 3 sidra za pritrditev. Prilo\u017eena je tudi torba za no\u0161enje, ki jo je mogo\u010de enostavno zlo\u017eiti<\/p>\n","protected":false},"featured_media":20335,"template":"","meta":[],"pwb-brand":[2426,2409],"product_brand":[],"product_cat":[2407,2408,2361],"product_tag":[4806,5520],"class_list":{"0":"post-20334","1":"product","2":"type-product","3":"status-publish","4":"has-post-thumbnail","6":"pwb-brand-babymoov-potepanje","7":"pwb-brand-potepanje","8":"product_cat-otroski-sotori-tuneli","9":"product_cat-poletni-pripomocki","10":"product_cat-potepanje","11":"product_tag-babymoov","12":"product_tag-sotor-za-plazo","14":"first","15":"onbackorder","16":"taxable","17":"shipping-taxable","18":"purchasable","19":"product-type-simple","20":"add-to-wishlist-before_image"},"yoast_head":"<!-- This site is optimized with the Yoast SEO plugin v27.3 - https:\/\/yoast.com\/product\/yoast-seo-wordpress\/ -->\n<title>Babymoov zlo\u017eljiv \u0161otor - Blue Weaves | Ajatutaja<\/title>\n<meta name=\"description\" content=\"Otro\u0161ki zlo\u017eljivi \u0161otor francoske blagovne znamke Babymoov \u0161\u010diti pred \u0161kodljivimi son\u010dnimi \u017earki, vetrom in peskom.Lahkoten in kompakten \u0161otor se zlahka in hitro zlo\u017ei\" \/>\n<meta name=\"robots\" content=\"index, follow, max-snippet:-1, max-image-preview:large, max-video-preview:-1\" \/>\n<link rel=\"canonical\" href=\"https:\/\/ajatutaja.com\/izdelek\/babymoov-zlozljiv-sotor-blue-weaves\/\" \/>\n<meta property=\"og:locale\" content=\"hr_HR\" \/>\n<meta property=\"og:type\" content=\"article\" \/>\n<meta property=\"og:title\" content=\"Babymoov zlo\u017eljiv \u0161otor - Blue Weaves | Ajatutaja\" \/>\n<meta property=\"og:description\" content=\"Otro\u0161ki zlo\u017eljivi \u0161otor francoske blagovne znamke Babymoov \u0161\u010diti pred \u0161kodljivimi son\u010dnimi \u017earki, vetrom in peskom.Lahkoten in kompakten \u0161otor se zlahka in hitro zlo\u017ei\" \/>\n<meta property=\"og:url\" content=\"https:\/\/ajatutaja.com\/izdelek\/babymoov-zlozljiv-sotor-blue-weaves\/\" \/>\n<meta property=\"og:site_name\" content=\"Ajatutaja\" \/>\n<meta property=\"article:modified_time\" content=\"2025-08-04T05:18:09+00:00\" \/>\n<meta property=\"og:image\" content=\"https:\/\/ajatutaja.com\/wp-content\/uploads\/2021\/11\/babymoov_sotor_z_uv_zascito-e1618777121970.jpg\" \/>\n\t<meta property=\"og:image:width\" content=\"650\" \/>\n\t<meta property=\"og:image:height\" content=\"650\" \/>\n\t<meta property=\"og:image:type\" content=\"image\/jpeg\" \/>\n<meta name=\"twitter:card\" content=\"summary_large_image\" \/>\n<meta name=\"twitter:label1\" content=\"Procijenjeno vrijeme \u010ditanja\" \/>\n\t<meta name=\"twitter:data1\" content=\"1 minuta\" \/>\n<script type=\"application\/ld+json\" class=\"yoast-schema-graph\">{\"@context\":\"https:\\\/\\\/schema.org\",\"@graph\":[{\"@type\":\"WebPage\",\"@id\":\"https:\\\/\\\/ajatutaja.com\\\/izdelek\\\/babymoov-zlozljiv-sotor-blue-weaves\\\/\",\"url\":\"https:\\\/\\\/ajatutaja.com\\\/izdelek\\\/babymoov-zlozljiv-sotor-blue-weaves\\\/\",\"name\":\"Babymoov zlo\u017eljiv \u0161otor - Blue Weaves | Ajatutaja\",\"isPartOf\":{\"@id\":\"https:\\\/\\\/ajatutaja.com\\\/#website\"},\"primaryImageOfPage\":{\"@id\":\"https:\\\/\\\/ajatutaja.com\\\/izdelek\\\/babymoov-zlozljiv-sotor-blue-weaves\\\/#primaryimage\"},\"image\":{\"@id\":\"https:\\\/\\\/ajatutaja.com\\\/izdelek\\\/babymoov-zlozljiv-sotor-blue-weaves\\\/#primaryimage\"},\"thumbnailUrl\":\"https:\\\/\\\/ajatutaja.com\\\/wp-content\\\/uploads\\\/2021\\\/11\\\/babymoov_sotor_z_uv_zascito-e1618777121970.jpg\",\"datePublished\":\"2021-04-18T18:14:11+00:00\",\"dateModified\":\"2025-08-04T05:18:09+00:00\",\"description\":\"Otro\u0161ki zlo\u017eljivi \u0161otor francoske blagovne znamke Babymoov \u0161\u010diti pred \u0161kodljivimi son\u010dnimi \u017earki, vetrom in peskom.Lahkoten in kompakten \u0161otor se zlahka in hitro zlo\u017ei\",\"breadcrumb\":{\"@id\":\"https:\\\/\\\/ajatutaja.com\\\/izdelek\\\/babymoov-zlozljiv-sotor-blue-weaves\\\/#breadcrumb\"},\"inLanguage\":\"hr\",\"potentialAction\":[{\"@type\":\"ReadAction\",\"target\":[\"https:\\\/\\\/ajatutaja.com\\\/izdelek\\\/babymoov-zlozljiv-sotor-blue-weaves\\\/\"]}]},{\"@type\":\"ImageObject\",\"inLanguage\":\"hr\",\"@id\":\"https:\\\/\\\/ajatutaja.com\\\/izdelek\\\/babymoov-zlozljiv-sotor-blue-weaves\\\/#primaryimage\",\"url\":\"https:\\\/\\\/ajatutaja.com\\\/wp-content\\\/uploads\\\/2021\\\/11\\\/babymoov_sotor_z_uv_zascito-e1618777121970.jpg\",\"contentUrl\":\"https:\\\/\\\/ajatutaja.com\\\/wp-content\\\/uploads\\\/2021\\\/11\\\/babymoov_sotor_z_uv_zascito-e1618777121970.jpg\",\"width\":650,\"height\":650},{\"@type\":\"BreadcrumbList\",\"@id\":\"https:\\\/\\\/ajatutaja.com\\\/izdelek\\\/babymoov-zlozljiv-sotor-blue-weaves\\\/#breadcrumb\",\"itemListElement\":[{\"@type\":\"ListItem\",\"position\":1,\"name\":\"Home\",\"item\":\"https:\\\/\\\/ajatutaja.com\\\/hr\\\/\"},{\"@type\":\"ListItem\",\"position\":2,\"name\":\"Trgovina\",\"item\":\"https:\\\/\\\/ajatutaja.com\\\/hr\\\/trgovina\\\/\"},{\"@type\":\"ListItem\",\"position\":3,\"name\":\"Babymoov zlo\u017eljiv \u0161otor &#8211; Blue Weaves\"}]},{\"@type\":\"WebSite\",\"@id\":\"https:\\\/\\\/ajatutaja.com\\\/#website\",\"url\":\"https:\\\/\\\/ajatutaja.com\\\/\",\"name\":\"Ajatutaja\",\"description\":\"Otro\u0161ka spletna trgovina AJATUTAJA\",\"publisher\":{\"@id\":\"https:\\\/\\\/ajatutaja.com\\\/#organization\"},\"potentialAction\":[{\"@type\":\"SearchAction\",\"target\":{\"@type\":\"EntryPoint\",\"urlTemplate\":\"https:\\\/\\\/ajatutaja.com\\\/?s={search_term_string}\"},\"query-input\":{\"@type\":\"PropertyValueSpecification\",\"valueRequired\":true,\"valueName\":\"search_term_string\"}}],\"inLanguage\":\"hr\"},{\"@type\":\"Organization\",\"@id\":\"https:\\\/\\\/ajatutaja.com\\\/#organization\",\"name\":\"Ajatutaja\",\"url\":\"https:\\\/\\\/ajatutaja.com\\\/\",\"logo\":{\"@type\":\"ImageObject\",\"inLanguage\":\"hr\",\"@id\":\"https:\\\/\\\/ajatutaja.com\\\/#\\\/schema\\\/logo\\\/image\\\/\",\"url\":\"https:\\\/\\\/ajatutaja.com\\\/wp-content\\\/uploads\\\/2021\\\/10\\\/logo.png\",\"contentUrl\":\"https:\\\/\\\/ajatutaja.com\\\/wp-content\\\/uploads\\\/2021\\\/10\\\/logo.png\",\"width\":555,\"height\":150,\"caption\":\"Ajatutaja\"},\"image\":{\"@id\":\"https:\\\/\\\/ajatutaja.com\\\/#\\\/schema\\\/logo\\\/image\\\/\"}}]}<\/script>\n<!-- \/ Yoast SEO plugin. -->","yoast_head_json":{"title":"Babymoov zlo\u017eljiv \u0161otor - Blue Weaves | Ajatutaja","description":"Otro\u0161ki zlo\u017eljivi \u0161otor francoske blagovne znamke Babymoov \u0161\u010diti pred \u0161kodljivimi son\u010dnimi \u017earki, vetrom in peskom.Lahkoten in kompakten \u0161otor se zlahka in hitro zlo\u017ei","robots":{"index":"index","follow":"follow","max-snippet":"max-snippet:-1","max-image-preview":"max-image-preview:large","max-video-preview":"max-video-preview:-1"},"canonical":"https:\/\/ajatutaja.com\/izdelek\/babymoov-zlozljiv-sotor-blue-weaves\/","og_locale":"hr_HR","og_type":"article","og_title":"Babymoov zlo\u017eljiv \u0161otor - Blue Weaves | Ajatutaja","og_description":"Otro\u0161ki zlo\u017eljivi \u0161otor francoske blagovne znamke Babymoov \u0161\u010diti pred \u0161kodljivimi son\u010dnimi \u017earki, vetrom in peskom.Lahkoten in kompakten \u0161otor se zlahka in hitro zlo\u017ei","og_url":"https:\/\/ajatutaja.com\/izdelek\/babymoov-zlozljiv-sotor-blue-weaves\/","og_site_name":"Ajatutaja","article_modified_time":"2025-08-04T05:18:09+00:00","og_image":[{"width":650,"height":650,"url":"https:\/\/ajatutaja.com\/wp-content\/uploads\/2021\/11\/babymoov_sotor_z_uv_zascito-e1618777121970.jpg","type":"image\/jpeg"}],"twitter_card":"summary_large_image","twitter_misc":{"Procijenjeno vrijeme \u010ditanja":"1 minuta"},"schema":{"@context":"https:\/\/schema.org","@graph":[{"@type":"WebPage","@id":"https:\/\/ajatutaja.com\/izdelek\/babymoov-zlozljiv-sotor-blue-weaves\/","url":"https:\/\/ajatutaja.com\/izdelek\/babymoov-zlozljiv-sotor-blue-weaves\/","name":"Babymoov zlo\u017eljiv \u0161otor - Blue Weaves | Ajatutaja","isPartOf":{"@id":"https:\/\/ajatutaja.com\/#website"},"primaryImageOfPage":{"@id":"https:\/\/ajatutaja.com\/izdelek\/babymoov-zlozljiv-sotor-blue-weaves\/#primaryimage"},"image":{"@id":"https:\/\/ajatutaja.com\/izdelek\/babymoov-zlozljiv-sotor-blue-weaves\/#primaryimage"},"thumbnailUrl":"https:\/\/ajatutaja.com\/wp-content\/uploads\/2021\/11\/babymoov_sotor_z_uv_zascito-e1618777121970.jpg","datePublished":"2021-04-18T18:14:11+00:00","dateModified":"2025-08-04T05:18:09+00:00","description":"Otro\u0161ki zlo\u017eljivi \u0161otor francoske blagovne znamke Babymoov \u0161\u010diti pred \u0161kodljivimi son\u010dnimi \u017earki, vetrom in peskom.Lahkoten in kompakten \u0161otor se zlahka in hitro zlo\u017ei","breadcrumb":{"@id":"https:\/\/ajatutaja.com\/izdelek\/babymoov-zlozljiv-sotor-blue-weaves\/#breadcrumb"},"inLanguage":"hr","potentialAction":[{"@type":"ReadAction","target":["https:\/\/ajatutaja.com\/izdelek\/babymoov-zlozljiv-sotor-blue-weaves\/"]}]},{"@type":"ImageObject","inLanguage":"hr","@id":"https:\/\/ajatutaja.com\/izdelek\/babymoov-zlozljiv-sotor-blue-weaves\/#primaryimage","url":"https:\/\/ajatutaja.com\/wp-content\/uploads\/2021\/11\/babymoov_sotor_z_uv_zascito-e1618777121970.jpg","contentUrl":"https:\/\/ajatutaja.com\/wp-content\/uploads\/2021\/11\/babymoov_sotor_z_uv_zascito-e1618777121970.jpg","width":650,"height":650},{"@type":"BreadcrumbList","@id":"https:\/\/ajatutaja.com\/izdelek\/babymoov-zlozljiv-sotor-blue-weaves\/#breadcrumb","itemListElement":[{"@type":"ListItem","position":1,"name":"Home","item":"https:\/\/ajatutaja.com\/hr\/"},{"@type":"ListItem","position":2,"name":"Trgovina","item":"https:\/\/ajatutaja.com\/hr\/trgovina\/"},{"@type":"ListItem","position":3,"name":"Babymoov zlo\u017eljiv \u0161otor &#8211; Blue Weaves"}]},{"@type":"WebSite","@id":"https:\/\/ajatutaja.com\/#website","url":"https:\/\/ajatutaja.com\/","name":"Ajatutaja","description":"Otro\u0161ka spletna trgovina AJATUTAJA","publisher":{"@id":"https:\/\/ajatutaja.com\/#organization"},"potentialAction":[{"@type":"SearchAction","target":{"@type":"EntryPoint","urlTemplate":"https:\/\/ajatutaja.com\/?s={search_term_string}"},"query-input":{"@type":"PropertyValueSpecification","valueRequired":true,"valueName":"search_term_string"}}],"inLanguage":"hr"},{"@type":"Organization","@id":"https:\/\/ajatutaja.com\/#organization","name":"Ajatutaja","url":"https:\/\/ajatutaja.com\/","logo":{"@type":"ImageObject","inLanguage":"hr","@id":"https:\/\/ajatutaja.com\/#\/schema\/logo\/image\/","url":"https:\/\/ajatutaja.com\/wp-content\/uploads\/2021\/10\/logo.png","contentUrl":"https:\/\/ajatutaja.com\/wp-content\/uploads\/2021\/10\/logo.png","width":555,"height":150,"caption":"Ajatutaja"},"image":{"@id":"https:\/\/ajatutaja.com\/#\/schema\/logo\/image\/"}}]}},"brands":[{"id":2426,"name":"Babymoov","slug":"babymoov-potepanje"},{"id":2409,"name":"Potepanje","slug":"potepanje"}],"_links":{"self":[{"href":"https:\/\/ajatutaja.com\/hr\/wp-json\/wp\/v2\/product\/20334","targetHints":{"allow":["GET"]}}],"collection":[{"href":"https:\/\/ajatutaja.com\/hr\/wp-json\/wp\/v2\/product"}],"about":[{"href":"https:\/\/ajatutaja.com\/hr\/wp-json\/wp\/v2\/types\/product"}],"wp:featuredmedia":[{"embeddable":true,"href":"https:\/\/ajatutaja.com\/hr\/wp-json\/wp\/v2\/media\/20335"}],"wp:attachment":[{"href":"https:\/\/ajatutaja.com\/hr\/wp-json\/wp\/v2\/media?parent=20334"}],"wp:term":[{"taxonomy":"pwb-brand","embeddable":true,"href":"https:\/\/ajatutaja.com\/hr\/wp-json\/wp\/v2\/pwb-brand?post=20334"},{"taxonomy":"product_brand","embeddable":true,"href":"https:\/\/ajatutaja.com\/hr\/wp-json\/wp\/v2\/product_brand?post=20334"},{"taxonomy":"product_cat","embeddable":true,"href":"https:\/\/ajatutaja.com\/hr\/wp-json\/wp\/v2\/product_cat?post=20334"},{"taxonomy":"product_tag","embeddable":true,"href":"https:\/\/ajatutaja.com\/hr\/wp-json\/wp\/v2\/product_tag?post=20334"}],"curies":[{"name":"wp","href":"https:\/\/api.w.org\/{rel}","templated":true}]}}