{"id":20287,"date":"2024-04-11T17:59:51","date_gmt":"2024-04-11T15:59:51","guid":{"rendered":"https:\/\/ajatutaja.com\/izdelek\/gnezdece-za-dojencka-doomoo-cocoon-white\/"},"modified":"2026-03-16T15:11:43","modified_gmt":"2026-03-16T14:11:43","slug":"gnezdece-za-dojencka-doomoo-cocoon-chine-pink","status":"publish","type":"product","link":"https:\/\/ajatutaja.com\/hr\/proizvod\/gnezdece-za-dojencka-doomoo-cocoon-chine-pink\/","title":{"rendered":"Gnezdece za dojen\u010dka DOOMOO Cocoon &#8211; Chine Pink"},"content":{"rendered":"<p>[vc_row][vc_column][vc_column_text]Gnezdece DOOMOO Cocoon nudi novorojen\u010dku prijeten ob\u010dutek varnosti in udobja. Priporo\u010damo, da\u00a0otroka ne nosite v gnezdecu\u00a0in\u00a0da ga postavite na ravno povr\u0161ino, kjer\u00a0prilagodite velikost gnezdeca na 3 polo\u017eaje. Gnezdece Doomoo ne vsebuje nikakr\u0161nih vrvic in majhnih stvari, ki bi lahko bile nevarne za va\u0161ega otroka.<\/p>\n<h4>Lastnosti gnezdeca Doomoo Cocoon:<\/h4>\n<ul>\n<li>Mo\u017enost prilagoditve gnezdeca na 3 polo\u017eaje, glede na starost otroka<\/li>\n<li>Snemljiva in pralna prevleka iz organskega bomba\u017ea<\/li>\n<li>Surovinska sestava:<br \/>\nSnemljiva prevleka: 95% Oeko-Tex\u00ae certificirani bomba\u017e, 5% elastan<br \/>\nPolnilo: 100% poliester<br \/>\nHrbti\u0161\u010de &#8211; vzmetnice: poliuretanska spominska pena<\/li>\n<li>Vzdr\u017eevanje: pralna pri 40\u00b0C<\/li>\n<li>ne su\u0161iti v su\u0161ilnem stroju.<\/li>\n<li>Dimenzije: 49 cm x 76 cm (\u010de je gnezdece odprto meri 93 cm)<\/li>\n<\/ul>\n<p>[\/vc_column_text][\/vc_column][\/vc_row]<\/p>\n","protected":false},"excerpt":{"rendered":"<p style=\"text-align: justify\">Gnezdece Doomomo Cocoon je posebej primerno za novorojen\u010dka, saj mu nudi prijeten in varen koti\u010dek, kjer lahko spi tako podnevi kot pono\u010di. Posebej zasnovana oblika gnezdeca, omogo\u010da uporabo le-tega do 8. meseca starosti otroka. Uporabljeni materiali so iz organskega bomba\u017ea in zato prijetni za ne\u017eno dojen\u010dkovo ko\u017eo. Zra\u010dna tkanina na vrhu gnezdece pa bo poskrbela, da se dojen\u010dek v gnezdecu manj poti.<\/p>\n","protected":false},"featured_media":82757,"template":"","meta":[],"pwb-brand":[2630,2611],"product_brand":[],"product_cat":[2710,2610,2711,2597,2593],"product_tag":[4059,4060,4331],"class_list":{"0":"post-20287","1":"product","2":"type-product","3":"status-publish","4":"has-post-thumbnail","6":"pwb-brand-doomoo-spanje","7":"pwb-brand-spanje","8":"product_cat-babyshower-darila","9":"product_cat-darila","10":"product_cat-darilo-ob-rojstvu","11":"product_cat-gnezdeca","12":"product_cat-spanje","13":"product_tag-doomoo","14":"product_tag-doomoo-cocoon","15":"product_tag-gnezdece-za-dojencka","17":"first","18":"onbackorder","19":"taxable","20":"shipping-taxable","21":"purchasable","22":"product-type-simple","23":"add-to-wishlist-before_image"},"yoast_head":"<!-- This site is optimized with the Yoast SEO plugin v27.3 - https:\/\/yoast.com\/product\/yoast-seo-wordpress\/ -->\n<title>Gnezdece za dojen\u010dka DOOMOO Cocoon - Chine Pink | Ajatutaja<\/title>\n<meta name=\"description\" content=\"Gnezdece DOOMOO Cocoon je najbolj\u0161a izbira za va\u0161ega novorojen\u010dka, saj mu nudi prijeten in varen koti\u010dek, kjer lahko spi tako podnevi kot pono\u010di.\" \/>\n<meta name=\"robots\" content=\"index, follow, max-snippet:-1, max-image-preview:large, max-video-preview:-1\" \/>\n<link rel=\"canonical\" href=\"https:\/\/ajatutaja.com\/izdelek\/gnezdece-za-dojencka-doomoo-cocoon-chine-pink\/\" \/>\n<meta property=\"og:locale\" content=\"hr_HR\" \/>\n<meta property=\"og:type\" content=\"article\" \/>\n<meta property=\"og:title\" content=\"Gnezdece za dojen\u010dka DOOMOO Cocoon - Chine Pink | Ajatutaja\" \/>\n<meta property=\"og:description\" content=\"Gnezdece DOOMOO Cocoon je najbolj\u0161a izbira za va\u0161ega novorojen\u010dka, saj mu nudi prijeten in varen koti\u010dek, kjer lahko spi tako podnevi kot pono\u010di.\" \/>\n<meta property=\"og:url\" content=\"https:\/\/ajatutaja.com\/izdelek\/gnezdece-za-dojencka-doomoo-cocoon-chine-pink\/\" \/>\n<meta property=\"og:site_name\" content=\"Ajatutaja\" \/>\n<meta property=\"article:modified_time\" content=\"2026-03-16T14:11:43+00:00\" \/>\n<meta property=\"og:image\" content=\"https:\/\/ajatutaja.com\/wp-content\/uploads\/2024\/04\/doomoo-gnezdece-ajatutaja-pink-1.webp\" \/>\n\t<meta property=\"og:image:width\" content=\"1000\" \/>\n\t<meta property=\"og:image:height\" content=\"1000\" \/>\n\t<meta property=\"og:image:type\" content=\"image\/webp\" \/>\n<meta name=\"twitter:card\" content=\"summary_large_image\" \/>\n<meta name=\"twitter:label1\" content=\"Procijenjeno vrijeme \u010ditanja\" \/>\n\t<meta name=\"twitter:data1\" content=\"1 minuta\" \/>\n<script type=\"application\/ld+json\" class=\"yoast-schema-graph\">{\"@context\":\"https:\\\/\\\/schema.org\",\"@graph\":[{\"@type\":\"WebPage\",\"@id\":\"https:\\\/\\\/ajatutaja.com\\\/izdelek\\\/gnezdece-za-dojencka-doomoo-cocoon-chine-pink\\\/\",\"url\":\"https:\\\/\\\/ajatutaja.com\\\/izdelek\\\/gnezdece-za-dojencka-doomoo-cocoon-chine-pink\\\/\",\"name\":\"Gnezdece za dojen\u010dka DOOMOO Cocoon - Chine Pink | Ajatutaja\",\"isPartOf\":{\"@id\":\"https:\\\/\\\/ajatutaja.com\\\/#website\"},\"primaryImageOfPage\":{\"@id\":\"https:\\\/\\\/ajatutaja.com\\\/izdelek\\\/gnezdece-za-dojencka-doomoo-cocoon-chine-pink\\\/#primaryimage\"},\"image\":{\"@id\":\"https:\\\/\\\/ajatutaja.com\\\/izdelek\\\/gnezdece-za-dojencka-doomoo-cocoon-chine-pink\\\/#primaryimage\"},\"thumbnailUrl\":\"https:\\\/\\\/ajatutaja.com\\\/wp-content\\\/uploads\\\/2024\\\/04\\\/doomoo-gnezdece-ajatutaja-pink-1.webp\",\"datePublished\":\"2024-04-11T15:59:51+00:00\",\"dateModified\":\"2026-03-16T14:11:43+00:00\",\"description\":\"Gnezdece DOOMOO Cocoon je najbolj\u0161a izbira za va\u0161ega novorojen\u010dka, saj mu nudi prijeten in varen koti\u010dek, kjer lahko spi tako podnevi kot pono\u010di.\",\"breadcrumb\":{\"@id\":\"https:\\\/\\\/ajatutaja.com\\\/izdelek\\\/gnezdece-za-dojencka-doomoo-cocoon-chine-pink\\\/#breadcrumb\"},\"inLanguage\":\"hr\",\"potentialAction\":[{\"@type\":\"ReadAction\",\"target\":[\"https:\\\/\\\/ajatutaja.com\\\/izdelek\\\/gnezdece-za-dojencka-doomoo-cocoon-chine-pink\\\/\"]}]},{\"@type\":\"ImageObject\",\"inLanguage\":\"hr\",\"@id\":\"https:\\\/\\\/ajatutaja.com\\\/izdelek\\\/gnezdece-za-dojencka-doomoo-cocoon-chine-pink\\\/#primaryimage\",\"url\":\"https:\\\/\\\/ajatutaja.com\\\/wp-content\\\/uploads\\\/2024\\\/04\\\/doomoo-gnezdece-ajatutaja-pink-1.webp\",\"contentUrl\":\"https:\\\/\\\/ajatutaja.com\\\/wp-content\\\/uploads\\\/2024\\\/04\\\/doomoo-gnezdece-ajatutaja-pink-1.webp\",\"width\":1000,\"height\":1000},{\"@type\":\"BreadcrumbList\",\"@id\":\"https:\\\/\\\/ajatutaja.com\\\/izdelek\\\/gnezdece-za-dojencka-doomoo-cocoon-chine-pink\\\/#breadcrumb\",\"itemListElement\":[{\"@type\":\"ListItem\",\"position\":1,\"name\":\"Home\",\"item\":\"https:\\\/\\\/ajatutaja.com\\\/hr\\\/\"},{\"@type\":\"ListItem\",\"position\":2,\"name\":\"Trgovina\",\"item\":\"https:\\\/\\\/ajatutaja.com\\\/hr\\\/trgovina\\\/\"},{\"@type\":\"ListItem\",\"position\":3,\"name\":\"Gnezdece za dojen\u010dka DOOMOO Cocoon &#8211; Chine Pink\"}]},{\"@type\":\"WebSite\",\"@id\":\"https:\\\/\\\/ajatutaja.com\\\/#website\",\"url\":\"https:\\\/\\\/ajatutaja.com\\\/\",\"name\":\"Ajatutaja\",\"description\":\"Otro\u0161ka spletna trgovina AJATUTAJA\",\"publisher\":{\"@id\":\"https:\\\/\\\/ajatutaja.com\\\/#organization\"},\"potentialAction\":[{\"@type\":\"SearchAction\",\"target\":{\"@type\":\"EntryPoint\",\"urlTemplate\":\"https:\\\/\\\/ajatutaja.com\\\/?s={search_term_string}\"},\"query-input\":{\"@type\":\"PropertyValueSpecification\",\"valueRequired\":true,\"valueName\":\"search_term_string\"}}],\"inLanguage\":\"hr\"},{\"@type\":\"Organization\",\"@id\":\"https:\\\/\\\/ajatutaja.com\\\/#organization\",\"name\":\"Ajatutaja\",\"url\":\"https:\\\/\\\/ajatutaja.com\\\/\",\"logo\":{\"@type\":\"ImageObject\",\"inLanguage\":\"hr\",\"@id\":\"https:\\\/\\\/ajatutaja.com\\\/#\\\/schema\\\/logo\\\/image\\\/\",\"url\":\"https:\\\/\\\/ajatutaja.com\\\/wp-content\\\/uploads\\\/2021\\\/10\\\/logo.png\",\"contentUrl\":\"https:\\\/\\\/ajatutaja.com\\\/wp-content\\\/uploads\\\/2021\\\/10\\\/logo.png\",\"width\":555,\"height\":150,\"caption\":\"Ajatutaja\"},\"image\":{\"@id\":\"https:\\\/\\\/ajatutaja.com\\\/#\\\/schema\\\/logo\\\/image\\\/\"}}]}<\/script>\n<!-- \/ Yoast SEO plugin. -->","yoast_head_json":{"title":"Gnezdece za dojen\u010dka DOOMOO Cocoon - Chine Pink | Ajatutaja","description":"Gnezdece DOOMOO Cocoon je najbolj\u0161a izbira za va\u0161ega novorojen\u010dka, saj mu nudi prijeten in varen koti\u010dek, kjer lahko spi tako podnevi kot pono\u010di.","robots":{"index":"index","follow":"follow","max-snippet":"max-snippet:-1","max-image-preview":"max-image-preview:large","max-video-preview":"max-video-preview:-1"},"canonical":"https:\/\/ajatutaja.com\/izdelek\/gnezdece-za-dojencka-doomoo-cocoon-chine-pink\/","og_locale":"hr_HR","og_type":"article","og_title":"Gnezdece za dojen\u010dka DOOMOO Cocoon - Chine Pink | Ajatutaja","og_description":"Gnezdece DOOMOO Cocoon je najbolj\u0161a izbira za va\u0161ega novorojen\u010dka, saj mu nudi prijeten in varen koti\u010dek, kjer lahko spi tako podnevi kot pono\u010di.","og_url":"https:\/\/ajatutaja.com\/izdelek\/gnezdece-za-dojencka-doomoo-cocoon-chine-pink\/","og_site_name":"Ajatutaja","article_modified_time":"2026-03-16T14:11:43+00:00","og_image":[{"width":1000,"height":1000,"url":"https:\/\/ajatutaja.com\/wp-content\/uploads\/2024\/04\/doomoo-gnezdece-ajatutaja-pink-1.webp","type":"image\/webp"}],"twitter_card":"summary_large_image","twitter_misc":{"Procijenjeno vrijeme \u010ditanja":"1 minuta"},"schema":{"@context":"https:\/\/schema.org","@graph":[{"@type":"WebPage","@id":"https:\/\/ajatutaja.com\/izdelek\/gnezdece-za-dojencka-doomoo-cocoon-chine-pink\/","url":"https:\/\/ajatutaja.com\/izdelek\/gnezdece-za-dojencka-doomoo-cocoon-chine-pink\/","name":"Gnezdece za dojen\u010dka DOOMOO Cocoon - Chine Pink | Ajatutaja","isPartOf":{"@id":"https:\/\/ajatutaja.com\/#website"},"primaryImageOfPage":{"@id":"https:\/\/ajatutaja.com\/izdelek\/gnezdece-za-dojencka-doomoo-cocoon-chine-pink\/#primaryimage"},"image":{"@id":"https:\/\/ajatutaja.com\/izdelek\/gnezdece-za-dojencka-doomoo-cocoon-chine-pink\/#primaryimage"},"thumbnailUrl":"https:\/\/ajatutaja.com\/wp-content\/uploads\/2024\/04\/doomoo-gnezdece-ajatutaja-pink-1.webp","datePublished":"2024-04-11T15:59:51+00:00","dateModified":"2026-03-16T14:11:43+00:00","description":"Gnezdece DOOMOO Cocoon je najbolj\u0161a izbira za va\u0161ega novorojen\u010dka, saj mu nudi prijeten in varen koti\u010dek, kjer lahko spi tako podnevi kot pono\u010di.","breadcrumb":{"@id":"https:\/\/ajatutaja.com\/izdelek\/gnezdece-za-dojencka-doomoo-cocoon-chine-pink\/#breadcrumb"},"inLanguage":"hr","potentialAction":[{"@type":"ReadAction","target":["https:\/\/ajatutaja.com\/izdelek\/gnezdece-za-dojencka-doomoo-cocoon-chine-pink\/"]}]},{"@type":"ImageObject","inLanguage":"hr","@id":"https:\/\/ajatutaja.com\/izdelek\/gnezdece-za-dojencka-doomoo-cocoon-chine-pink\/#primaryimage","url":"https:\/\/ajatutaja.com\/wp-content\/uploads\/2024\/04\/doomoo-gnezdece-ajatutaja-pink-1.webp","contentUrl":"https:\/\/ajatutaja.com\/wp-content\/uploads\/2024\/04\/doomoo-gnezdece-ajatutaja-pink-1.webp","width":1000,"height":1000},{"@type":"BreadcrumbList","@id":"https:\/\/ajatutaja.com\/izdelek\/gnezdece-za-dojencka-doomoo-cocoon-chine-pink\/#breadcrumb","itemListElement":[{"@type":"ListItem","position":1,"name":"Home","item":"https:\/\/ajatutaja.com\/hr\/"},{"@type":"ListItem","position":2,"name":"Trgovina","item":"https:\/\/ajatutaja.com\/hr\/trgovina\/"},{"@type":"ListItem","position":3,"name":"Gnezdece za dojen\u010dka DOOMOO Cocoon &#8211; Chine Pink"}]},{"@type":"WebSite","@id":"https:\/\/ajatutaja.com\/#website","url":"https:\/\/ajatutaja.com\/","name":"Ajatutaja","description":"Otro\u0161ka spletna trgovina AJATUTAJA","publisher":{"@id":"https:\/\/ajatutaja.com\/#organization"},"potentialAction":[{"@type":"SearchAction","target":{"@type":"EntryPoint","urlTemplate":"https:\/\/ajatutaja.com\/?s={search_term_string}"},"query-input":{"@type":"PropertyValueSpecification","valueRequired":true,"valueName":"search_term_string"}}],"inLanguage":"hr"},{"@type":"Organization","@id":"https:\/\/ajatutaja.com\/#organization","name":"Ajatutaja","url":"https:\/\/ajatutaja.com\/","logo":{"@type":"ImageObject","inLanguage":"hr","@id":"https:\/\/ajatutaja.com\/#\/schema\/logo\/image\/","url":"https:\/\/ajatutaja.com\/wp-content\/uploads\/2021\/10\/logo.png","contentUrl":"https:\/\/ajatutaja.com\/wp-content\/uploads\/2021\/10\/logo.png","width":555,"height":150,"caption":"Ajatutaja"},"image":{"@id":"https:\/\/ajatutaja.com\/#\/schema\/logo\/image\/"}}]}},"brands":[{"id":2630,"name":"Doomoo","slug":"doomoo-spanje"},{"id":2611,"name":"Spanje","slug":"spanje"}],"_links":{"self":[{"href":"https:\/\/ajatutaja.com\/hr\/wp-json\/wp\/v2\/product\/20287","targetHints":{"allow":["GET"]}}],"collection":[{"href":"https:\/\/ajatutaja.com\/hr\/wp-json\/wp\/v2\/product"}],"about":[{"href":"https:\/\/ajatutaja.com\/hr\/wp-json\/wp\/v2\/types\/product"}],"wp:featuredmedia":[{"embeddable":true,"href":"https:\/\/ajatutaja.com\/hr\/wp-json\/wp\/v2\/media\/82757"}],"wp:attachment":[{"href":"https:\/\/ajatutaja.com\/hr\/wp-json\/wp\/v2\/media?parent=20287"}],"wp:term":[{"taxonomy":"pwb-brand","embeddable":true,"href":"https:\/\/ajatutaja.com\/hr\/wp-json\/wp\/v2\/pwb-brand?post=20287"},{"taxonomy":"product_brand","embeddable":true,"href":"https:\/\/ajatutaja.com\/hr\/wp-json\/wp\/v2\/product_brand?post=20287"},{"taxonomy":"product_cat","embeddable":true,"href":"https:\/\/ajatutaja.com\/hr\/wp-json\/wp\/v2\/product_cat?post=20287"},{"taxonomy":"product_tag","embeddable":true,"href":"https:\/\/ajatutaja.com\/hr\/wp-json\/wp\/v2\/product_tag?post=20287"}],"curies":[{"name":"wp","href":"https:\/\/api.w.org\/{rel}","templated":true}]}}