{"id":20276,"date":"2021-04-11T16:16:41","date_gmt":"2021-04-11T14:16:41","guid":{"rendered":"https:\/\/ajatutaja.com\/izdelek\/mini-lesena-otroska-kuhinja-kids-concept\/"},"modified":"2022-12-06T15:30:43","modified_gmt":"2022-12-06T14:30:43","slug":"mini-lesena-otroska-kuhinja-kids-concept","status":"publish","type":"product","link":"https:\/\/ajatutaja.com\/hr\/proizvod\/mini-lesena-otroska-kuhinja-kids-concept\/","title":{"rendered":"Mini lesena otro\u0161ka kuhinja Kid`s Concept"},"content":{"rendered":"<p>Kuhinja se zelo enostavno zlo\u017ei, dodan ima ro\u010daj za enostavno prenosljivost. Torej, ne samo da gre za stilsko dovr\u0161en izdelek, gre tudi za zelo uporaben izdelek, s katerim se bodo lahko va\u0161i najmlaj\u0161i igrali kjerkoli.<\/p>\n<h3>Lesena mini otro\u0161ka kuhinja Kid`s Concept ima naslednje lastnosti:<\/h3>\n<ul>\n<li>Primerno za starost 3+<\/li>\n<li><span id=\"&quot;result_box&quot;\" lang=\"&quot;sl&quot;\">Kuhinjo je potrebno\u00a0sestaviti v skladu z navodili<\/span><\/li>\n<li><span id=\"&quot;result_box&quot;\" lang=\"&quot;sl&quot;\">Dimenzije: 31 x 25 x 24.5 cm<br \/>\n<\/span><\/li>\n<li><span lang=\"&quot;sl&quot;\">Material: les in jeklo<\/span><\/li>\n<\/ul>\n","protected":false},"excerpt":{"rendered":"<p>Vsak mal\u010dek neskon\u010dno u\u017eiva ob igranju v kuhinji, s peko sladic in drugih opravil v kuhinji. Mini kuhinja\u00a0Kid`s Concept je belo sive barve\u00a0in je opremljena s \u0161tevilnimi kuharskimi pripomo\u010dki.<\/p>\n<p>Igra\u010da je nadvse primerna za darilo. Vsak otrok je bo zelo vesel!<\/p>\n","protected":false},"featured_media":20277,"template":"","meta":[],"pwb-brand":[2452,2470],"product_brand":[],"product_cat":[2362,2448,2443],"product_tag":[4215,4428],"class_list":{"0":"post-20276","1":"product","2":"type-product","3":"status-publish","4":"has-post-thumbnail","6":"pwb-brand-igranje","7":"pwb-brand-kids-concept","8":"product_cat-igranje","9":"product_cat-igranje-vlog","10":"product_cat-lesene-igrace","11":"product_tag-kids-concept","12":"product_tag-otroska-kuhinja","14":"first","15":"onbackorder","16":"taxable","17":"shipping-taxable","18":"purchasable","19":"product-type-simple","20":"add-to-wishlist-before_image"},"yoast_head":"<!-- This site is optimized with the Yoast SEO plugin v27.3 - https:\/\/yoast.com\/product\/yoast-seo-wordpress\/ -->\n<title>Mini lesena otro\u0161ka kuhinja Kid`s Concept | Ajatutaja<\/title>\n<meta name=\"description\" content=\"Vsak mal\u010dek neskon\u010dno u\u017eiva ob igranju v kuhinji, s peko sladic in drugih opravil v kuhinji. Kuhinjica bo popolnoma ustrezala majhnemu kuharju ali peku.\" \/>\n<meta name=\"robots\" content=\"index, follow, max-snippet:-1, max-image-preview:large, max-video-preview:-1\" \/>\n<link rel=\"canonical\" href=\"https:\/\/ajatutaja.com\/izdelek\/mini-lesena-otroska-kuhinja-kids-concept\/\" \/>\n<meta property=\"og:locale\" content=\"hr_HR\" \/>\n<meta property=\"og:type\" content=\"article\" \/>\n<meta property=\"og:title\" content=\"Mini lesena otro\u0161ka kuhinja Kid`s Concept | Ajatutaja\" \/>\n<meta property=\"og:description\" content=\"Vsak mal\u010dek neskon\u010dno u\u017eiva ob igranju v kuhinji, s peko sladic in drugih opravil v kuhinji. Kuhinjica bo popolnoma ustrezala majhnemu kuharju ali peku.\" \/>\n<meta property=\"og:url\" content=\"https:\/\/ajatutaja.com\/izdelek\/mini-lesena-otroska-kuhinja-kids-concept\/\" \/>\n<meta property=\"og:site_name\" content=\"Ajatutaja\" \/>\n<meta property=\"article:modified_time\" content=\"2022-12-06T14:30:43+00:00\" \/>\n<meta property=\"og:image\" content=\"https:\/\/ajatutaja.com\/wp-content\/uploads\/2021\/11\/kids-concept-mini-otroska-kuhinja-ajatutaja-1-e1618157919999.jpeg\" \/>\n\t<meta property=\"og:image:width\" content=\"650\" \/>\n\t<meta property=\"og:image:height\" content=\"650\" \/>\n\t<meta property=\"og:image:type\" content=\"image\/jpeg\" \/>\n<meta name=\"twitter:card\" content=\"summary_large_image\" \/>\n<script type=\"application\/ld+json\" class=\"yoast-schema-graph\">{\"@context\":\"https:\\\/\\\/schema.org\",\"@graph\":[{\"@type\":\"WebPage\",\"@id\":\"https:\\\/\\\/ajatutaja.com\\\/izdelek\\\/mini-lesena-otroska-kuhinja-kids-concept\\\/\",\"url\":\"https:\\\/\\\/ajatutaja.com\\\/izdelek\\\/mini-lesena-otroska-kuhinja-kids-concept\\\/\",\"name\":\"Mini lesena otro\u0161ka kuhinja Kid`s Concept | Ajatutaja\",\"isPartOf\":{\"@id\":\"https:\\\/\\\/ajatutaja.com\\\/#website\"},\"primaryImageOfPage\":{\"@id\":\"https:\\\/\\\/ajatutaja.com\\\/izdelek\\\/mini-lesena-otroska-kuhinja-kids-concept\\\/#primaryimage\"},\"image\":{\"@id\":\"https:\\\/\\\/ajatutaja.com\\\/izdelek\\\/mini-lesena-otroska-kuhinja-kids-concept\\\/#primaryimage\"},\"thumbnailUrl\":\"https:\\\/\\\/ajatutaja.com\\\/wp-content\\\/uploads\\\/2021\\\/11\\\/kids-concept-mini-otroska-kuhinja-ajatutaja-1-e1618157919999.jpeg\",\"datePublished\":\"2021-04-11T14:16:41+00:00\",\"dateModified\":\"2022-12-06T14:30:43+00:00\",\"description\":\"Vsak mal\u010dek neskon\u010dno u\u017eiva ob igranju v kuhinji, s peko sladic in drugih opravil v kuhinji. Kuhinjica bo popolnoma ustrezala majhnemu kuharju ali peku.\",\"breadcrumb\":{\"@id\":\"https:\\\/\\\/ajatutaja.com\\\/izdelek\\\/mini-lesena-otroska-kuhinja-kids-concept\\\/#breadcrumb\"},\"inLanguage\":\"hr\",\"potentialAction\":[{\"@type\":\"ReadAction\",\"target\":[\"https:\\\/\\\/ajatutaja.com\\\/izdelek\\\/mini-lesena-otroska-kuhinja-kids-concept\\\/\"]}]},{\"@type\":\"ImageObject\",\"inLanguage\":\"hr\",\"@id\":\"https:\\\/\\\/ajatutaja.com\\\/izdelek\\\/mini-lesena-otroska-kuhinja-kids-concept\\\/#primaryimage\",\"url\":\"https:\\\/\\\/ajatutaja.com\\\/wp-content\\\/uploads\\\/2021\\\/11\\\/kids-concept-mini-otroska-kuhinja-ajatutaja-1-e1618157919999.jpeg\",\"contentUrl\":\"https:\\\/\\\/ajatutaja.com\\\/wp-content\\\/uploads\\\/2021\\\/11\\\/kids-concept-mini-otroska-kuhinja-ajatutaja-1-e1618157919999.jpeg\",\"width\":650,\"height\":650},{\"@type\":\"BreadcrumbList\",\"@id\":\"https:\\\/\\\/ajatutaja.com\\\/izdelek\\\/mini-lesena-otroska-kuhinja-kids-concept\\\/#breadcrumb\",\"itemListElement\":[{\"@type\":\"ListItem\",\"position\":1,\"name\":\"Home\",\"item\":\"https:\\\/\\\/ajatutaja.com\\\/hr\\\/\"},{\"@type\":\"ListItem\",\"position\":2,\"name\":\"Trgovina\",\"item\":\"https:\\\/\\\/ajatutaja.com\\\/hr\\\/trgovina\\\/\"},{\"@type\":\"ListItem\",\"position\":3,\"name\":\"Mini lesena otro\u0161ka kuhinja Kid`s Concept\"}]},{\"@type\":\"WebSite\",\"@id\":\"https:\\\/\\\/ajatutaja.com\\\/#website\",\"url\":\"https:\\\/\\\/ajatutaja.com\\\/\",\"name\":\"Ajatutaja\",\"description\":\"Otro\u0161ka spletna trgovina AJATUTAJA\",\"publisher\":{\"@id\":\"https:\\\/\\\/ajatutaja.com\\\/#organization\"},\"potentialAction\":[{\"@type\":\"SearchAction\",\"target\":{\"@type\":\"EntryPoint\",\"urlTemplate\":\"https:\\\/\\\/ajatutaja.com\\\/?s={search_term_string}\"},\"query-input\":{\"@type\":\"PropertyValueSpecification\",\"valueRequired\":true,\"valueName\":\"search_term_string\"}}],\"inLanguage\":\"hr\"},{\"@type\":\"Organization\",\"@id\":\"https:\\\/\\\/ajatutaja.com\\\/#organization\",\"name\":\"Ajatutaja\",\"url\":\"https:\\\/\\\/ajatutaja.com\\\/\",\"logo\":{\"@type\":\"ImageObject\",\"inLanguage\":\"hr\",\"@id\":\"https:\\\/\\\/ajatutaja.com\\\/#\\\/schema\\\/logo\\\/image\\\/\",\"url\":\"https:\\\/\\\/ajatutaja.com\\\/wp-content\\\/uploads\\\/2021\\\/10\\\/logo.png\",\"contentUrl\":\"https:\\\/\\\/ajatutaja.com\\\/wp-content\\\/uploads\\\/2021\\\/10\\\/logo.png\",\"width\":555,\"height\":150,\"caption\":\"Ajatutaja\"},\"image\":{\"@id\":\"https:\\\/\\\/ajatutaja.com\\\/#\\\/schema\\\/logo\\\/image\\\/\"}}]}<\/script>\n<!-- \/ Yoast SEO plugin. -->","yoast_head_json":{"title":"Mini lesena otro\u0161ka kuhinja Kid`s Concept | Ajatutaja","description":"Vsak mal\u010dek neskon\u010dno u\u017eiva ob igranju v kuhinji, s peko sladic in drugih opravil v kuhinji. Kuhinjica bo popolnoma ustrezala majhnemu kuharju ali peku.","robots":{"index":"index","follow":"follow","max-snippet":"max-snippet:-1","max-image-preview":"max-image-preview:large","max-video-preview":"max-video-preview:-1"},"canonical":"https:\/\/ajatutaja.com\/izdelek\/mini-lesena-otroska-kuhinja-kids-concept\/","og_locale":"hr_HR","og_type":"article","og_title":"Mini lesena otro\u0161ka kuhinja Kid`s Concept | Ajatutaja","og_description":"Vsak mal\u010dek neskon\u010dno u\u017eiva ob igranju v kuhinji, s peko sladic in drugih opravil v kuhinji. Kuhinjica bo popolnoma ustrezala majhnemu kuharju ali peku.","og_url":"https:\/\/ajatutaja.com\/izdelek\/mini-lesena-otroska-kuhinja-kids-concept\/","og_site_name":"Ajatutaja","article_modified_time":"2022-12-06T14:30:43+00:00","og_image":[{"width":650,"height":650,"url":"https:\/\/ajatutaja.com\/wp-content\/uploads\/2021\/11\/kids-concept-mini-otroska-kuhinja-ajatutaja-1-e1618157919999.jpeg","type":"image\/jpeg"}],"twitter_card":"summary_large_image","schema":{"@context":"https:\/\/schema.org","@graph":[{"@type":"WebPage","@id":"https:\/\/ajatutaja.com\/izdelek\/mini-lesena-otroska-kuhinja-kids-concept\/","url":"https:\/\/ajatutaja.com\/izdelek\/mini-lesena-otroska-kuhinja-kids-concept\/","name":"Mini lesena otro\u0161ka kuhinja Kid`s Concept | Ajatutaja","isPartOf":{"@id":"https:\/\/ajatutaja.com\/#website"},"primaryImageOfPage":{"@id":"https:\/\/ajatutaja.com\/izdelek\/mini-lesena-otroska-kuhinja-kids-concept\/#primaryimage"},"image":{"@id":"https:\/\/ajatutaja.com\/izdelek\/mini-lesena-otroska-kuhinja-kids-concept\/#primaryimage"},"thumbnailUrl":"https:\/\/ajatutaja.com\/wp-content\/uploads\/2021\/11\/kids-concept-mini-otroska-kuhinja-ajatutaja-1-e1618157919999.jpeg","datePublished":"2021-04-11T14:16:41+00:00","dateModified":"2022-12-06T14:30:43+00:00","description":"Vsak mal\u010dek neskon\u010dno u\u017eiva ob igranju v kuhinji, s peko sladic in drugih opravil v kuhinji. Kuhinjica bo popolnoma ustrezala majhnemu kuharju ali peku.","breadcrumb":{"@id":"https:\/\/ajatutaja.com\/izdelek\/mini-lesena-otroska-kuhinja-kids-concept\/#breadcrumb"},"inLanguage":"hr","potentialAction":[{"@type":"ReadAction","target":["https:\/\/ajatutaja.com\/izdelek\/mini-lesena-otroska-kuhinja-kids-concept\/"]}]},{"@type":"ImageObject","inLanguage":"hr","@id":"https:\/\/ajatutaja.com\/izdelek\/mini-lesena-otroska-kuhinja-kids-concept\/#primaryimage","url":"https:\/\/ajatutaja.com\/wp-content\/uploads\/2021\/11\/kids-concept-mini-otroska-kuhinja-ajatutaja-1-e1618157919999.jpeg","contentUrl":"https:\/\/ajatutaja.com\/wp-content\/uploads\/2021\/11\/kids-concept-mini-otroska-kuhinja-ajatutaja-1-e1618157919999.jpeg","width":650,"height":650},{"@type":"BreadcrumbList","@id":"https:\/\/ajatutaja.com\/izdelek\/mini-lesena-otroska-kuhinja-kids-concept\/#breadcrumb","itemListElement":[{"@type":"ListItem","position":1,"name":"Home","item":"https:\/\/ajatutaja.com\/hr\/"},{"@type":"ListItem","position":2,"name":"Trgovina","item":"https:\/\/ajatutaja.com\/hr\/trgovina\/"},{"@type":"ListItem","position":3,"name":"Mini lesena otro\u0161ka kuhinja Kid`s Concept"}]},{"@type":"WebSite","@id":"https:\/\/ajatutaja.com\/#website","url":"https:\/\/ajatutaja.com\/","name":"Ajatutaja","description":"Otro\u0161ka spletna trgovina AJATUTAJA","publisher":{"@id":"https:\/\/ajatutaja.com\/#organization"},"potentialAction":[{"@type":"SearchAction","target":{"@type":"EntryPoint","urlTemplate":"https:\/\/ajatutaja.com\/?s={search_term_string}"},"query-input":{"@type":"PropertyValueSpecification","valueRequired":true,"valueName":"search_term_string"}}],"inLanguage":"hr"},{"@type":"Organization","@id":"https:\/\/ajatutaja.com\/#organization","name":"Ajatutaja","url":"https:\/\/ajatutaja.com\/","logo":{"@type":"ImageObject","inLanguage":"hr","@id":"https:\/\/ajatutaja.com\/#\/schema\/logo\/image\/","url":"https:\/\/ajatutaja.com\/wp-content\/uploads\/2021\/10\/logo.png","contentUrl":"https:\/\/ajatutaja.com\/wp-content\/uploads\/2021\/10\/logo.png","width":555,"height":150,"caption":"Ajatutaja"},"image":{"@id":"https:\/\/ajatutaja.com\/#\/schema\/logo\/image\/"}}]}},"brands":[{"id":2452,"name":"Igranje","slug":"igranje"},{"id":2470,"name":"Kid's Concept","slug":"kids-concept"}],"_links":{"self":[{"href":"https:\/\/ajatutaja.com\/hr\/wp-json\/wp\/v2\/product\/20276","targetHints":{"allow":["GET"]}}],"collection":[{"href":"https:\/\/ajatutaja.com\/hr\/wp-json\/wp\/v2\/product"}],"about":[{"href":"https:\/\/ajatutaja.com\/hr\/wp-json\/wp\/v2\/types\/product"}],"wp:featuredmedia":[{"embeddable":true,"href":"https:\/\/ajatutaja.com\/hr\/wp-json\/wp\/v2\/media\/20277"}],"wp:attachment":[{"href":"https:\/\/ajatutaja.com\/hr\/wp-json\/wp\/v2\/media?parent=20276"}],"wp:term":[{"taxonomy":"pwb-brand","embeddable":true,"href":"https:\/\/ajatutaja.com\/hr\/wp-json\/wp\/v2\/pwb-brand?post=20276"},{"taxonomy":"product_brand","embeddable":true,"href":"https:\/\/ajatutaja.com\/hr\/wp-json\/wp\/v2\/product_brand?post=20276"},{"taxonomy":"product_cat","embeddable":true,"href":"https:\/\/ajatutaja.com\/hr\/wp-json\/wp\/v2\/product_cat?post=20276"},{"taxonomy":"product_tag","embeddable":true,"href":"https:\/\/ajatutaja.com\/hr\/wp-json\/wp\/v2\/product_tag?post=20276"}],"curies":[{"name":"wp","href":"https:\/\/api.w.org\/{rel}","templated":true}]}}