{"id":20076,"date":"2021-02-28T11:07:46","date_gmt":"2021-02-28T10:07:46","guid":{"rendered":"https:\/\/ajatutaja.com\/izdelek\/brisaca-s-kapuco-elodie-powder-pink-bow\/"},"modified":"2026-03-12T14:43:49","modified_gmt":"2026-03-12T13:43:49","slug":"brisaca-s-kapuco-elodie-powder-pink-bow","status":"publish","type":"product","link":"https:\/\/ajatutaja.com\/hr\/proizvod\/brisaca-s-kapuco-elodie-powder-pink-bow\/","title":{"rendered":"Brisa\u010da s kapuco Elodie &#8211; Candy Stripes"},"content":{"rendered":"<p>[vc_row][vc_column][vc_column_text]\u010cudovita otro\u0161ka brisa\u010da s kapuco Elodie zagotavlja popolno kombinacijo kvalitete in udobja. Izdelana je iz visoko kakovostnih materialov, ne\u017enih do mal\u010dkove ko\u017ee.<\/p>\n<h4>Lastnosti brisa\u010de Elodie Details:<\/h4>\n<div class=\"content-container froala-content\">\n<ul>\n<li>Certifikat Oeko-Tex zagotavlja, da uporabljeni materiali ne vsebujejo \u0161kodljivih ali alergenih snovi.<\/li>\n<li>Primerno za otroke od rojstva do treh let starosti.<\/li>\n<li>Priporo\u010dljivo strojno pranje pri 40 stopinjah in lahko su\u0161ite v su\u0161ilnem stroju.<\/li>\n<li>Material: 100% bomba\u017e.<\/li>\n<li>Velikost: 80x 80 cm.<\/li>\n<\/ul>\n<\/div>\n<div class=\"std\">\n<p><a href=\"https:\/\/ajatutaja.com\/wp-content\/uploads\/2018\/03\/Care-instructions.jpg\"><img loading=\"lazy\" decoding=\"async\" class=\"alignnone size-full wp-image-26409\" src=\"https:\/\/ajatutaja.com\/wp-content\/uploads\/2018\/03\/Care-instructions.jpg\" alt=\"Care-instructions\" width=\"250\" height=\"36\" \/><\/a><\/p>\n<\/div>\n<p>[\/vc_column_text][\/vc_column][\/vc_row]<\/p>\n","protected":false},"excerpt":{"rendered":"<p style=\"text-align: justify\">\u010cudovita otro\u0161ka brisa\u010da Elodie, je najbolj\u0161a izbira za ob\u010dutljivo dojen\u010dkovo ko\u017eo. Mehka, velika in opojna brisa\u010da s kapuco Elodie lepo ovije in posu\u0161i va\u0161ega mal\u010dka. Uporabna tako za kopanje novorojen\u010dka, kot za mal\u010dke &#8211; doma ali na pla\u017ei.<\/p>\n","protected":false},"featured_media":86340,"template":"","meta":[],"pwb-brand":[2658],"product_brand":[],"product_cat":[2648,2717,2711,2713,2608],"product_tag":[4154,4155],"class_list":{"0":"post-20076","1":"product","2":"type-product","3":"status-publish","4":"has-post-thumbnail","6":"pwb-brand-nega-in-kopanje","7":"product_cat-brisace-in-kopalni-plasci","8":"product_cat-darilo-do-50e","9":"product_cat-darilo-ob-rojstvu","10":"product_cat-darilo-za-deklico","11":"product_cat-nega-in-kopanje","12":"product_tag-elodie","13":"product_tag-elodie-brisaca","15":"first","16":"instock","17":"taxable","18":"shipping-taxable","19":"purchasable","20":"product-type-simple","21":"add-to-wishlist-before_image"},"yoast_head":"<!-- This site is optimized with the Yoast SEO plugin v27.3 - https:\/\/yoast.com\/product\/yoast-seo-wordpress\/ -->\n<title>Brisa\u010da s kapuco Elodie - Candy Stripes | Ajatutaja<\/title>\n<meta name=\"description\" content=\"\u010cudovita otro\u0161ka brisa\u010da Elodie, je najbolj\u0161a izbira za ob\u010dutljivo dojen\u010dkovo ko\u017eo. Mehka, velika in opojna brisa\u010da s kapuco Elodie lepo ovije in posu\u0161i va\u0161ega mal\u010dka.\" \/>\n<meta name=\"robots\" content=\"index, follow, max-snippet:-1, max-image-preview:large, max-video-preview:-1\" \/>\n<link rel=\"canonical\" href=\"https:\/\/ajatutaja.com\/izdelek\/brisaca-s-kapuco-elodie-powder-pink-bow\/\" \/>\n<meta property=\"og:locale\" content=\"hr_HR\" \/>\n<meta property=\"og:type\" content=\"article\" \/>\n<meta property=\"og:title\" content=\"Brisa\u010da s kapuco Elodie - Candy Stripes | Ajatutaja\" \/>\n<meta property=\"og:description\" content=\"\u010cudovita otro\u0161ka brisa\u010da Elodie, je najbolj\u0161a izbira za ob\u010dutljivo dojen\u010dkovo ko\u017eo. Mehka, velika in opojna brisa\u010da s kapuco Elodie lepo ovije in posu\u0161i va\u0161ega mal\u010dka.\" \/>\n<meta property=\"og:url\" content=\"https:\/\/ajatutaja.com\/izdelek\/brisaca-s-kapuco-elodie-powder-pink-bow\/\" \/>\n<meta property=\"og:site_name\" content=\"Ajatutaja\" \/>\n<meta property=\"article:modified_time\" content=\"2026-03-12T13:43:49+00:00\" \/>\n<meta property=\"og:image\" content=\"https:\/\/ajatutaja.com\/wp-content\/uploads\/2021\/02\/brisaca-s-kapuco-elodie-details-pink-1.jpg\" \/>\n\t<meta property=\"og:image:width\" content=\"1100\" \/>\n\t<meta property=\"og:image:height\" content=\"1100\" \/>\n\t<meta property=\"og:image:type\" content=\"image\/jpeg\" \/>\n<meta name=\"twitter:card\" content=\"summary_large_image\" \/>\n<script type=\"application\/ld+json\" class=\"yoast-schema-graph\">{\"@context\":\"https:\\\/\\\/schema.org\",\"@graph\":[{\"@type\":\"WebPage\",\"@id\":\"https:\\\/\\\/ajatutaja.com\\\/izdelek\\\/brisaca-s-kapuco-elodie-powder-pink-bow\\\/\",\"url\":\"https:\\\/\\\/ajatutaja.com\\\/izdelek\\\/brisaca-s-kapuco-elodie-powder-pink-bow\\\/\",\"name\":\"Brisa\u010da s kapuco Elodie - Candy Stripes | Ajatutaja\",\"isPartOf\":{\"@id\":\"https:\\\/\\\/ajatutaja.com\\\/#website\"},\"primaryImageOfPage\":{\"@id\":\"https:\\\/\\\/ajatutaja.com\\\/izdelek\\\/brisaca-s-kapuco-elodie-powder-pink-bow\\\/#primaryimage\"},\"image\":{\"@id\":\"https:\\\/\\\/ajatutaja.com\\\/izdelek\\\/brisaca-s-kapuco-elodie-powder-pink-bow\\\/#primaryimage\"},\"thumbnailUrl\":\"https:\\\/\\\/ajatutaja.com\\\/wp-content\\\/uploads\\\/2021\\\/02\\\/brisaca-s-kapuco-elodie-details-pink-1.jpg\",\"datePublished\":\"2021-02-28T10:07:46+00:00\",\"dateModified\":\"2026-03-12T13:43:49+00:00\",\"description\":\"\u010cudovita otro\u0161ka brisa\u010da Elodie, je najbolj\u0161a izbira za ob\u010dutljivo dojen\u010dkovo ko\u017eo. Mehka, velika in opojna brisa\u010da s kapuco Elodie lepo ovije in posu\u0161i va\u0161ega mal\u010dka.\",\"breadcrumb\":{\"@id\":\"https:\\\/\\\/ajatutaja.com\\\/izdelek\\\/brisaca-s-kapuco-elodie-powder-pink-bow\\\/#breadcrumb\"},\"inLanguage\":\"hr\",\"potentialAction\":[{\"@type\":\"ReadAction\",\"target\":[\"https:\\\/\\\/ajatutaja.com\\\/izdelek\\\/brisaca-s-kapuco-elodie-powder-pink-bow\\\/\"]}]},{\"@type\":\"ImageObject\",\"inLanguage\":\"hr\",\"@id\":\"https:\\\/\\\/ajatutaja.com\\\/izdelek\\\/brisaca-s-kapuco-elodie-powder-pink-bow\\\/#primaryimage\",\"url\":\"https:\\\/\\\/ajatutaja.com\\\/wp-content\\\/uploads\\\/2021\\\/02\\\/brisaca-s-kapuco-elodie-details-pink-1.jpg\",\"contentUrl\":\"https:\\\/\\\/ajatutaja.com\\\/wp-content\\\/uploads\\\/2021\\\/02\\\/brisaca-s-kapuco-elodie-details-pink-1.jpg\",\"width\":1100,\"height\":1100},{\"@type\":\"BreadcrumbList\",\"@id\":\"https:\\\/\\\/ajatutaja.com\\\/izdelek\\\/brisaca-s-kapuco-elodie-powder-pink-bow\\\/#breadcrumb\",\"itemListElement\":[{\"@type\":\"ListItem\",\"position\":1,\"name\":\"Home\",\"item\":\"https:\\\/\\\/ajatutaja.com\\\/hr\\\/\"},{\"@type\":\"ListItem\",\"position\":2,\"name\":\"Trgovina\",\"item\":\"https:\\\/\\\/ajatutaja.com\\\/hr\\\/trgovina\\\/\"},{\"@type\":\"ListItem\",\"position\":3,\"name\":\"Brisa\u010da s kapuco Elodie &#8211; Candy Stripes\"}]},{\"@type\":\"WebSite\",\"@id\":\"https:\\\/\\\/ajatutaja.com\\\/#website\",\"url\":\"https:\\\/\\\/ajatutaja.com\\\/\",\"name\":\"Ajatutaja\",\"description\":\"Otro\u0161ka spletna trgovina AJATUTAJA\",\"publisher\":{\"@id\":\"https:\\\/\\\/ajatutaja.com\\\/#organization\"},\"potentialAction\":[{\"@type\":\"SearchAction\",\"target\":{\"@type\":\"EntryPoint\",\"urlTemplate\":\"https:\\\/\\\/ajatutaja.com\\\/?s={search_term_string}\"},\"query-input\":{\"@type\":\"PropertyValueSpecification\",\"valueRequired\":true,\"valueName\":\"search_term_string\"}}],\"inLanguage\":\"hr\"},{\"@type\":\"Organization\",\"@id\":\"https:\\\/\\\/ajatutaja.com\\\/#organization\",\"name\":\"Ajatutaja\",\"url\":\"https:\\\/\\\/ajatutaja.com\\\/\",\"logo\":{\"@type\":\"ImageObject\",\"inLanguage\":\"hr\",\"@id\":\"https:\\\/\\\/ajatutaja.com\\\/#\\\/schema\\\/logo\\\/image\\\/\",\"url\":\"https:\\\/\\\/ajatutaja.com\\\/wp-content\\\/uploads\\\/2021\\\/10\\\/logo.png\",\"contentUrl\":\"https:\\\/\\\/ajatutaja.com\\\/wp-content\\\/uploads\\\/2021\\\/10\\\/logo.png\",\"width\":555,\"height\":150,\"caption\":\"Ajatutaja\"},\"image\":{\"@id\":\"https:\\\/\\\/ajatutaja.com\\\/#\\\/schema\\\/logo\\\/image\\\/\"}}]}<\/script>\n<!-- \/ Yoast SEO plugin. -->","yoast_head_json":{"title":"Brisa\u010da s kapuco Elodie - Candy Stripes | Ajatutaja","description":"\u010cudovita otro\u0161ka brisa\u010da Elodie, je najbolj\u0161a izbira za ob\u010dutljivo dojen\u010dkovo ko\u017eo. Mehka, velika in opojna brisa\u010da s kapuco Elodie lepo ovije in posu\u0161i va\u0161ega mal\u010dka.","robots":{"index":"index","follow":"follow","max-snippet":"max-snippet:-1","max-image-preview":"max-image-preview:large","max-video-preview":"max-video-preview:-1"},"canonical":"https:\/\/ajatutaja.com\/izdelek\/brisaca-s-kapuco-elodie-powder-pink-bow\/","og_locale":"hr_HR","og_type":"article","og_title":"Brisa\u010da s kapuco Elodie - Candy Stripes | Ajatutaja","og_description":"\u010cudovita otro\u0161ka brisa\u010da Elodie, je najbolj\u0161a izbira za ob\u010dutljivo dojen\u010dkovo ko\u017eo. Mehka, velika in opojna brisa\u010da s kapuco Elodie lepo ovije in posu\u0161i va\u0161ega mal\u010dka.","og_url":"https:\/\/ajatutaja.com\/izdelek\/brisaca-s-kapuco-elodie-powder-pink-bow\/","og_site_name":"Ajatutaja","article_modified_time":"2026-03-12T13:43:49+00:00","og_image":[{"width":1100,"height":1100,"url":"https:\/\/ajatutaja.com\/wp-content\/uploads\/2021\/02\/brisaca-s-kapuco-elodie-details-pink-1.jpg","type":"image\/jpeg"}],"twitter_card":"summary_large_image","schema":{"@context":"https:\/\/schema.org","@graph":[{"@type":"WebPage","@id":"https:\/\/ajatutaja.com\/izdelek\/brisaca-s-kapuco-elodie-powder-pink-bow\/","url":"https:\/\/ajatutaja.com\/izdelek\/brisaca-s-kapuco-elodie-powder-pink-bow\/","name":"Brisa\u010da s kapuco Elodie - Candy Stripes | Ajatutaja","isPartOf":{"@id":"https:\/\/ajatutaja.com\/#website"},"primaryImageOfPage":{"@id":"https:\/\/ajatutaja.com\/izdelek\/brisaca-s-kapuco-elodie-powder-pink-bow\/#primaryimage"},"image":{"@id":"https:\/\/ajatutaja.com\/izdelek\/brisaca-s-kapuco-elodie-powder-pink-bow\/#primaryimage"},"thumbnailUrl":"https:\/\/ajatutaja.com\/wp-content\/uploads\/2021\/02\/brisaca-s-kapuco-elodie-details-pink-1.jpg","datePublished":"2021-02-28T10:07:46+00:00","dateModified":"2026-03-12T13:43:49+00:00","description":"\u010cudovita otro\u0161ka brisa\u010da Elodie, je najbolj\u0161a izbira za ob\u010dutljivo dojen\u010dkovo ko\u017eo. Mehka, velika in opojna brisa\u010da s kapuco Elodie lepo ovije in posu\u0161i va\u0161ega mal\u010dka.","breadcrumb":{"@id":"https:\/\/ajatutaja.com\/izdelek\/brisaca-s-kapuco-elodie-powder-pink-bow\/#breadcrumb"},"inLanguage":"hr","potentialAction":[{"@type":"ReadAction","target":["https:\/\/ajatutaja.com\/izdelek\/brisaca-s-kapuco-elodie-powder-pink-bow\/"]}]},{"@type":"ImageObject","inLanguage":"hr","@id":"https:\/\/ajatutaja.com\/izdelek\/brisaca-s-kapuco-elodie-powder-pink-bow\/#primaryimage","url":"https:\/\/ajatutaja.com\/wp-content\/uploads\/2021\/02\/brisaca-s-kapuco-elodie-details-pink-1.jpg","contentUrl":"https:\/\/ajatutaja.com\/wp-content\/uploads\/2021\/02\/brisaca-s-kapuco-elodie-details-pink-1.jpg","width":1100,"height":1100},{"@type":"BreadcrumbList","@id":"https:\/\/ajatutaja.com\/izdelek\/brisaca-s-kapuco-elodie-powder-pink-bow\/#breadcrumb","itemListElement":[{"@type":"ListItem","position":1,"name":"Home","item":"https:\/\/ajatutaja.com\/hr\/"},{"@type":"ListItem","position":2,"name":"Trgovina","item":"https:\/\/ajatutaja.com\/hr\/trgovina\/"},{"@type":"ListItem","position":3,"name":"Brisa\u010da s kapuco Elodie &#8211; Candy Stripes"}]},{"@type":"WebSite","@id":"https:\/\/ajatutaja.com\/#website","url":"https:\/\/ajatutaja.com\/","name":"Ajatutaja","description":"Otro\u0161ka spletna trgovina AJATUTAJA","publisher":{"@id":"https:\/\/ajatutaja.com\/#organization"},"potentialAction":[{"@type":"SearchAction","target":{"@type":"EntryPoint","urlTemplate":"https:\/\/ajatutaja.com\/?s={search_term_string}"},"query-input":{"@type":"PropertyValueSpecification","valueRequired":true,"valueName":"search_term_string"}}],"inLanguage":"hr"},{"@type":"Organization","@id":"https:\/\/ajatutaja.com\/#organization","name":"Ajatutaja","url":"https:\/\/ajatutaja.com\/","logo":{"@type":"ImageObject","inLanguage":"hr","@id":"https:\/\/ajatutaja.com\/#\/schema\/logo\/image\/","url":"https:\/\/ajatutaja.com\/wp-content\/uploads\/2021\/10\/logo.png","contentUrl":"https:\/\/ajatutaja.com\/wp-content\/uploads\/2021\/10\/logo.png","width":555,"height":150,"caption":"Ajatutaja"},"image":{"@id":"https:\/\/ajatutaja.com\/#\/schema\/logo\/image\/"}}]}},"brands":[{"id":2658,"name":"Nega in kopanje","slug":"nega-in-kopanje"}],"_links":{"self":[{"href":"https:\/\/ajatutaja.com\/hr\/wp-json\/wp\/v2\/product\/20076","targetHints":{"allow":["GET"]}}],"collection":[{"href":"https:\/\/ajatutaja.com\/hr\/wp-json\/wp\/v2\/product"}],"about":[{"href":"https:\/\/ajatutaja.com\/hr\/wp-json\/wp\/v2\/types\/product"}],"wp:featuredmedia":[{"embeddable":true,"href":"https:\/\/ajatutaja.com\/hr\/wp-json\/wp\/v2\/media\/86340"}],"wp:attachment":[{"href":"https:\/\/ajatutaja.com\/hr\/wp-json\/wp\/v2\/media?parent=20076"}],"wp:term":[{"taxonomy":"pwb-brand","embeddable":true,"href":"https:\/\/ajatutaja.com\/hr\/wp-json\/wp\/v2\/pwb-brand?post=20076"},{"taxonomy":"product_brand","embeddable":true,"href":"https:\/\/ajatutaja.com\/hr\/wp-json\/wp\/v2\/product_brand?post=20076"},{"taxonomy":"product_cat","embeddable":true,"href":"https:\/\/ajatutaja.com\/hr\/wp-json\/wp\/v2\/product_cat?post=20076"},{"taxonomy":"product_tag","embeddable":true,"href":"https:\/\/ajatutaja.com\/hr\/wp-json\/wp\/v2\/product_tag?post=20076"}],"curies":[{"name":"wp","href":"https:\/\/api.w.org\/{rel}","templated":true}]}}