{"id":20022,"date":"2021-02-20T12:05:41","date_gmt":"2021-02-20T11:05:41","guid":{"rendered":"https:\/\/ajatutaja.com\/izdelek\/pearhead-stenski-okvir-foto-spominov-my-first-year\/"},"modified":"2026-02-17T13:23:02","modified_gmt":"2026-02-17T12:23:02","slug":"pearhead-stenski-okvir-foto-spominov-my-first-year","status":"publish","type":"product","link":"https:\/\/ajatutaja.com\/hr\/proizvod\/pearhead-stenski-okvir-foto-spominov-my-first-year\/","title":{"rendered":"Pearhead stenski okvir foto spominov &#8211; My first year"},"content":{"rendered":"<p>Ne zamudite niti enega \u010dudovitega, zabavnega in spomina vrednega trenutka ter jih dodajajte v kola\u017e, ali pa postavite vse fotografije naenkrat in jih ponosno poka\u017eite v svojem domu. Srebrni napis \u00bbMy first year\u00ab (moje prvo leto) je vtisnjen na belo podlago okvirja. Ta okvir je popoln za obe\u0161anje v va\u0161em domu ali pa v dojen\u010dkovi sobi s prilo\u017eenim kavelj\u010dkom za obe\u0161anje. Poleg tega je tudi odli\u010dno darilo za star\u0161e, ki pri\u010dakujejo dojen\u010dka. Slavite vse dojen\u010dkove trenutke s Pearheadovim foto-okvirjem trenutkov My first year.<\/p>\n<h3>Pearhead stenski okvir foto spominov &#8211; My first year ima naslednje lastnosti:<\/h3>\n<ul>\n<li>Vklju\u010duje stojalo in kavelj\u010dek za obe\u0161anje.<\/li>\n<li>Vklju\u010duje podlago.<\/li>\n<li>Fotografski vlo\u017eek: 10,16 cm x 15,24 cm (velika fotografija) in 3,17 cm x 4,44 cm (12 majhnih fotografij)<\/li>\n<li>Srebrni napis \u00bbMy first year\u00ab (moje prvo leto)\u00a0 je vtisnjen na belo podlago okvirja, skupaj z \u00bbnewborn\u00ab (novorojen\u010dek), \u00bb1 month\u00ab (1 mesec), vse do \u00bb11 mesecev\u00ab.<\/li>\n<li>Beli okvir<\/li>\n<li>Les in standardno steklo<\/li>\n<li>Dimenzije izdelka: 43,18 cm x 24,13 cm x 1,58 cm<\/li>\n<li>Dimenzije embala\u017ee: 44,13 cm x 25,24cm x 5,39 cm<\/li>\n<\/ul>\n","protected":false},"excerpt":{"rendered":"<p>Pearheadov foto-okvir trenutkov je popoln na\u010din, da zabele\u017eite prvo leto svojega dojen\u010dka. Obenem je \u010dudovit spomin za novope\u010dene star\u0161e in idealen za vsak dekor.<\/p>\n","protected":false},"featured_media":20023,"template":"","meta":[],"pwb-brand":[2267,2280,2642],"product_brand":[],"product_cat":[2264,2610,2711,2262,2607,2263],"product_tag":[4261],"class_list":{"0":"post-20022","1":"product","2":"type-product","3":"status-publish","4":"has-post-thumbnail","6":"pwb-brand-nosecnost","7":"pwb-brand-pearhead","8":"pwb-brand-pearhead-spanje","9":"product_cat-babyshower","10":"product_cat-darila","11":"product_cat-darilo-ob-rojstvu","12":"product_cat-darilo-za-nosecnico","13":"product_cat-dodatki-in-dekoracije","14":"product_cat-foto-spomini","15":"product_tag-pearhead","17":"first","18":"instock","19":"sale","20":"taxable","21":"shipping-taxable","22":"purchasable","23":"product-type-simple","24":"add-to-wishlist-before_image"},"yoast_head":"<!-- This site is optimized with the Yoast SEO plugin v27.3 - https:\/\/yoast.com\/product\/yoast-seo-wordpress\/ -->\n<title>Pearhead stenski okvir foto spominov - My first year | Ajatutaja<\/title>\n<meta name=\"description\" content=\"Pearheadov foto-okvir trenutkov je popoln na\u010din, da zabele\u017eite prvo leto svojega dojen\u010dka. Obenem je \u010dudovit spomin za novope\u010dene star\u0161e in idealen za vsak dekor.\" \/>\n<meta name=\"robots\" content=\"index, follow, max-snippet:-1, max-image-preview:large, max-video-preview:-1\" \/>\n<link rel=\"canonical\" href=\"https:\/\/ajatutaja.com\/izdelek\/pearhead-stenski-okvir-foto-spominov-my-first-year\/\" \/>\n<meta property=\"og:locale\" content=\"hr_HR\" \/>\n<meta property=\"og:type\" content=\"article\" \/>\n<meta property=\"og:title\" content=\"Pearhead stenski okvir foto spominov - My first year | Ajatutaja\" \/>\n<meta property=\"og:description\" content=\"Pearheadov foto-okvir trenutkov je popoln na\u010din, da zabele\u017eite prvo leto svojega dojen\u010dka. Obenem je \u010dudovit spomin za novope\u010dene star\u0161e in idealen za vsak dekor.\" \/>\n<meta property=\"og:url\" content=\"https:\/\/ajatutaja.com\/izdelek\/pearhead-stenski-okvir-foto-spominov-my-first-year\/\" \/>\n<meta property=\"og:site_name\" content=\"Ajatutaja\" \/>\n<meta property=\"article:modified_time\" content=\"2026-02-17T12:23:02+00:00\" \/>\n<meta property=\"og:image\" content=\"https:\/\/ajatutaja.com\/wp-content\/uploads\/2021\/11\/Pearhead-okvir-ajatutaja3.jpg\" \/>\n\t<meta property=\"og:image:width\" content=\"800\" \/>\n\t<meta property=\"og:image:height\" content=\"800\" \/>\n\t<meta property=\"og:image:type\" content=\"image\/jpeg\" \/>\n<meta name=\"twitter:card\" content=\"summary_large_image\" \/>\n<meta name=\"twitter:label1\" content=\"Procijenjeno vrijeme \u010ditanja\" \/>\n\t<meta name=\"twitter:data1\" content=\"1 minuta\" \/>\n<script type=\"application\/ld+json\" class=\"yoast-schema-graph\">{\"@context\":\"https:\\\/\\\/schema.org\",\"@graph\":[{\"@type\":\"WebPage\",\"@id\":\"https:\\\/\\\/ajatutaja.com\\\/izdelek\\\/pearhead-stenski-okvir-foto-spominov-my-first-year\\\/\",\"url\":\"https:\\\/\\\/ajatutaja.com\\\/izdelek\\\/pearhead-stenski-okvir-foto-spominov-my-first-year\\\/\",\"name\":\"Pearhead stenski okvir foto spominov - My first year | Ajatutaja\",\"isPartOf\":{\"@id\":\"https:\\\/\\\/ajatutaja.com\\\/#website\"},\"primaryImageOfPage\":{\"@id\":\"https:\\\/\\\/ajatutaja.com\\\/izdelek\\\/pearhead-stenski-okvir-foto-spominov-my-first-year\\\/#primaryimage\"},\"image\":{\"@id\":\"https:\\\/\\\/ajatutaja.com\\\/izdelek\\\/pearhead-stenski-okvir-foto-spominov-my-first-year\\\/#primaryimage\"},\"thumbnailUrl\":\"https:\\\/\\\/ajatutaja.com\\\/wp-content\\\/uploads\\\/2021\\\/11\\\/Pearhead-okvir-ajatutaja3.jpg\",\"datePublished\":\"2021-02-20T11:05:41+00:00\",\"dateModified\":\"2026-02-17T12:23:02+00:00\",\"description\":\"Pearheadov foto-okvir trenutkov je popoln na\u010din, da zabele\u017eite prvo leto svojega dojen\u010dka. Obenem je \u010dudovit spomin za novope\u010dene star\u0161e in idealen za vsak dekor.\",\"breadcrumb\":{\"@id\":\"https:\\\/\\\/ajatutaja.com\\\/izdelek\\\/pearhead-stenski-okvir-foto-spominov-my-first-year\\\/#breadcrumb\"},\"inLanguage\":\"hr\",\"potentialAction\":[{\"@type\":\"ReadAction\",\"target\":[\"https:\\\/\\\/ajatutaja.com\\\/izdelek\\\/pearhead-stenski-okvir-foto-spominov-my-first-year\\\/\"]}]},{\"@type\":\"ImageObject\",\"inLanguage\":\"hr\",\"@id\":\"https:\\\/\\\/ajatutaja.com\\\/izdelek\\\/pearhead-stenski-okvir-foto-spominov-my-first-year\\\/#primaryimage\",\"url\":\"https:\\\/\\\/ajatutaja.com\\\/wp-content\\\/uploads\\\/2021\\\/11\\\/Pearhead-okvir-ajatutaja3.jpg\",\"contentUrl\":\"https:\\\/\\\/ajatutaja.com\\\/wp-content\\\/uploads\\\/2021\\\/11\\\/Pearhead-okvir-ajatutaja3.jpg\",\"width\":800,\"height\":800},{\"@type\":\"BreadcrumbList\",\"@id\":\"https:\\\/\\\/ajatutaja.com\\\/izdelek\\\/pearhead-stenski-okvir-foto-spominov-my-first-year\\\/#breadcrumb\",\"itemListElement\":[{\"@type\":\"ListItem\",\"position\":1,\"name\":\"Home\",\"item\":\"https:\\\/\\\/ajatutaja.com\\\/hr\\\/\"},{\"@type\":\"ListItem\",\"position\":2,\"name\":\"Trgovina\",\"item\":\"https:\\\/\\\/ajatutaja.com\\\/hr\\\/trgovina\\\/\"},{\"@type\":\"ListItem\",\"position\":3,\"name\":\"Pearhead stenski okvir foto spominov &#8211; My first year\"}]},{\"@type\":\"WebSite\",\"@id\":\"https:\\\/\\\/ajatutaja.com\\\/#website\",\"url\":\"https:\\\/\\\/ajatutaja.com\\\/\",\"name\":\"Ajatutaja\",\"description\":\"Otro\u0161ka spletna trgovina AJATUTAJA\",\"publisher\":{\"@id\":\"https:\\\/\\\/ajatutaja.com\\\/#organization\"},\"potentialAction\":[{\"@type\":\"SearchAction\",\"target\":{\"@type\":\"EntryPoint\",\"urlTemplate\":\"https:\\\/\\\/ajatutaja.com\\\/?s={search_term_string}\"},\"query-input\":{\"@type\":\"PropertyValueSpecification\",\"valueRequired\":true,\"valueName\":\"search_term_string\"}}],\"inLanguage\":\"hr\"},{\"@type\":\"Organization\",\"@id\":\"https:\\\/\\\/ajatutaja.com\\\/#organization\",\"name\":\"Ajatutaja\",\"url\":\"https:\\\/\\\/ajatutaja.com\\\/\",\"logo\":{\"@type\":\"ImageObject\",\"inLanguage\":\"hr\",\"@id\":\"https:\\\/\\\/ajatutaja.com\\\/#\\\/schema\\\/logo\\\/image\\\/\",\"url\":\"https:\\\/\\\/ajatutaja.com\\\/wp-content\\\/uploads\\\/2021\\\/10\\\/logo.png\",\"contentUrl\":\"https:\\\/\\\/ajatutaja.com\\\/wp-content\\\/uploads\\\/2021\\\/10\\\/logo.png\",\"width\":555,\"height\":150,\"caption\":\"Ajatutaja\"},\"image\":{\"@id\":\"https:\\\/\\\/ajatutaja.com\\\/#\\\/schema\\\/logo\\\/image\\\/\"}}]}<\/script>\n<!-- \/ Yoast SEO plugin. -->","yoast_head_json":{"title":"Pearhead stenski okvir foto spominov - My first year | Ajatutaja","description":"Pearheadov foto-okvir trenutkov je popoln na\u010din, da zabele\u017eite prvo leto svojega dojen\u010dka. Obenem je \u010dudovit spomin za novope\u010dene star\u0161e in idealen za vsak dekor.","robots":{"index":"index","follow":"follow","max-snippet":"max-snippet:-1","max-image-preview":"max-image-preview:large","max-video-preview":"max-video-preview:-1"},"canonical":"https:\/\/ajatutaja.com\/izdelek\/pearhead-stenski-okvir-foto-spominov-my-first-year\/","og_locale":"hr_HR","og_type":"article","og_title":"Pearhead stenski okvir foto spominov - My first year | Ajatutaja","og_description":"Pearheadov foto-okvir trenutkov je popoln na\u010din, da zabele\u017eite prvo leto svojega dojen\u010dka. Obenem je \u010dudovit spomin za novope\u010dene star\u0161e in idealen za vsak dekor.","og_url":"https:\/\/ajatutaja.com\/izdelek\/pearhead-stenski-okvir-foto-spominov-my-first-year\/","og_site_name":"Ajatutaja","article_modified_time":"2026-02-17T12:23:02+00:00","og_image":[{"width":800,"height":800,"url":"https:\/\/ajatutaja.com\/wp-content\/uploads\/2021\/11\/Pearhead-okvir-ajatutaja3.jpg","type":"image\/jpeg"}],"twitter_card":"summary_large_image","twitter_misc":{"Procijenjeno vrijeme \u010ditanja":"1 minuta"},"schema":{"@context":"https:\/\/schema.org","@graph":[{"@type":"WebPage","@id":"https:\/\/ajatutaja.com\/izdelek\/pearhead-stenski-okvir-foto-spominov-my-first-year\/","url":"https:\/\/ajatutaja.com\/izdelek\/pearhead-stenski-okvir-foto-spominov-my-first-year\/","name":"Pearhead stenski okvir foto spominov - My first year | Ajatutaja","isPartOf":{"@id":"https:\/\/ajatutaja.com\/#website"},"primaryImageOfPage":{"@id":"https:\/\/ajatutaja.com\/izdelek\/pearhead-stenski-okvir-foto-spominov-my-first-year\/#primaryimage"},"image":{"@id":"https:\/\/ajatutaja.com\/izdelek\/pearhead-stenski-okvir-foto-spominov-my-first-year\/#primaryimage"},"thumbnailUrl":"https:\/\/ajatutaja.com\/wp-content\/uploads\/2021\/11\/Pearhead-okvir-ajatutaja3.jpg","datePublished":"2021-02-20T11:05:41+00:00","dateModified":"2026-02-17T12:23:02+00:00","description":"Pearheadov foto-okvir trenutkov je popoln na\u010din, da zabele\u017eite prvo leto svojega dojen\u010dka. Obenem je \u010dudovit spomin za novope\u010dene star\u0161e in idealen za vsak dekor.","breadcrumb":{"@id":"https:\/\/ajatutaja.com\/izdelek\/pearhead-stenski-okvir-foto-spominov-my-first-year\/#breadcrumb"},"inLanguage":"hr","potentialAction":[{"@type":"ReadAction","target":["https:\/\/ajatutaja.com\/izdelek\/pearhead-stenski-okvir-foto-spominov-my-first-year\/"]}]},{"@type":"ImageObject","inLanguage":"hr","@id":"https:\/\/ajatutaja.com\/izdelek\/pearhead-stenski-okvir-foto-spominov-my-first-year\/#primaryimage","url":"https:\/\/ajatutaja.com\/wp-content\/uploads\/2021\/11\/Pearhead-okvir-ajatutaja3.jpg","contentUrl":"https:\/\/ajatutaja.com\/wp-content\/uploads\/2021\/11\/Pearhead-okvir-ajatutaja3.jpg","width":800,"height":800},{"@type":"BreadcrumbList","@id":"https:\/\/ajatutaja.com\/izdelek\/pearhead-stenski-okvir-foto-spominov-my-first-year\/#breadcrumb","itemListElement":[{"@type":"ListItem","position":1,"name":"Home","item":"https:\/\/ajatutaja.com\/hr\/"},{"@type":"ListItem","position":2,"name":"Trgovina","item":"https:\/\/ajatutaja.com\/hr\/trgovina\/"},{"@type":"ListItem","position":3,"name":"Pearhead stenski okvir foto spominov &#8211; My first year"}]},{"@type":"WebSite","@id":"https:\/\/ajatutaja.com\/#website","url":"https:\/\/ajatutaja.com\/","name":"Ajatutaja","description":"Otro\u0161ka spletna trgovina AJATUTAJA","publisher":{"@id":"https:\/\/ajatutaja.com\/#organization"},"potentialAction":[{"@type":"SearchAction","target":{"@type":"EntryPoint","urlTemplate":"https:\/\/ajatutaja.com\/?s={search_term_string}"},"query-input":{"@type":"PropertyValueSpecification","valueRequired":true,"valueName":"search_term_string"}}],"inLanguage":"hr"},{"@type":"Organization","@id":"https:\/\/ajatutaja.com\/#organization","name":"Ajatutaja","url":"https:\/\/ajatutaja.com\/","logo":{"@type":"ImageObject","inLanguage":"hr","@id":"https:\/\/ajatutaja.com\/#\/schema\/logo\/image\/","url":"https:\/\/ajatutaja.com\/wp-content\/uploads\/2021\/10\/logo.png","contentUrl":"https:\/\/ajatutaja.com\/wp-content\/uploads\/2021\/10\/logo.png","width":555,"height":150,"caption":"Ajatutaja"},"image":{"@id":"https:\/\/ajatutaja.com\/#\/schema\/logo\/image\/"}}]}},"brands":[{"id":2267,"name":"Nose\u010dnost","slug":"nosecnost"},{"id":2280,"name":"Pearhead","slug":"pearhead"},{"id":2642,"name":"Pearhead","slug":"pearhead-spanje"}],"_links":{"self":[{"href":"https:\/\/ajatutaja.com\/hr\/wp-json\/wp\/v2\/product\/20022","targetHints":{"allow":["GET"]}}],"collection":[{"href":"https:\/\/ajatutaja.com\/hr\/wp-json\/wp\/v2\/product"}],"about":[{"href":"https:\/\/ajatutaja.com\/hr\/wp-json\/wp\/v2\/types\/product"}],"wp:featuredmedia":[{"embeddable":true,"href":"https:\/\/ajatutaja.com\/hr\/wp-json\/wp\/v2\/media\/20023"}],"wp:attachment":[{"href":"https:\/\/ajatutaja.com\/hr\/wp-json\/wp\/v2\/media?parent=20022"}],"wp:term":[{"taxonomy":"pwb-brand","embeddable":true,"href":"https:\/\/ajatutaja.com\/hr\/wp-json\/wp\/v2\/pwb-brand?post=20022"},{"taxonomy":"product_brand","embeddable":true,"href":"https:\/\/ajatutaja.com\/hr\/wp-json\/wp\/v2\/product_brand?post=20022"},{"taxonomy":"product_cat","embeddable":true,"href":"https:\/\/ajatutaja.com\/hr\/wp-json\/wp\/v2\/product_cat?post=20022"},{"taxonomy":"product_tag","embeddable":true,"href":"https:\/\/ajatutaja.com\/hr\/wp-json\/wp\/v2\/product_tag?post=20022"}],"curies":[{"name":"wp","href":"https:\/\/api.w.org\/{rel}","templated":true}]}}