{"id":19985,"date":"2021-02-13T10:55:29","date_gmt":"2021-02-13T09:55:29","guid":{"rendered":"https:\/\/ajatutaja.com\/izdelek\/povijalna-odejica-ergobaby-swaddler-sheep\/"},"modified":"2026-03-12T15:34:15","modified_gmt":"2026-03-12T14:34:15","slug":"povijalna-odejica-ergobaby-swaddler-sheep","status":"publish","type":"product","link":"https:\/\/ajatutaja.com\/hr\/proizvod\/povijalna-odejica-ergobaby-swaddler-sheep\/","title":{"rendered":"Povijalna odejica Ergobaby SWADDLER &#8211; Sheep"},"content":{"rendered":"<p style=\"text-align: justify\">Povijalna odejica Ergobaby swaddler je izdelena iz organskega bomba\u017ea. Inovativne zna\u010dilnosti Ergobaby Swaddler povejalne odejice delujejo blagodejno na novorojen\u010dka in prepre\u010dujejo nenadno\/potresno prebujanje dojen\u010dka. Ergobaby odejica za povijanje vsebuje patentiran sistem za zdrav polo\u017eaj bokov \u201cHealthy Hip Positioner\u201d, ki zagotavlja ergonomsko pravilen in priporo\u010dljiv t.i. \u201c\u017eaba\u201d polo\u017eaj nog novorojen\u010dka za zdrav razvoj.<\/p>\n<p style=\"text-align: justify\">LASTNOSTI POVIJALNE ODEJICE ERGOBABY:<\/p>\n<ul>\n<li style=\"text-align: justify\">enostavna za uporabo &#8211; v samo nekaj preprostih korakih<\/li>\n<li style=\"text-align: justify\">dojen\u010dku zagotavlja udobje in ob\u010dutek varnosti<\/li>\n<li style=\"text-align: justify\">nemo\u017enost lastnega odvijanja dojen\u010dka, kar zagotavlja, da bo ves \u010das pokrit<\/li>\n<li style=\"text-align: justify\">posebej izdelani \u017eepki za roke in noge<\/li>\n<li style=\"text-align: justify\">edinstveno udobje<\/li>\n<li style=\"text-align: justify\">odejica za povijanje vsebuje originalni &#8220;premikajo\u010di \u017eepek za noge&#8221;, ki omogo\u010da hiter dostop do plenice inenostavno no\u010dno previjanje otroka<\/li>\n<li style=\"text-align: justify\">sprijemalni trak zagotavlja povijanje in varen polo\u017eaj kolkov<\/li>\n<li style=\"text-align: justify\">uprabna za dojen\u010dke velikosti 48-61cm in te\u017ee 2.7-6.8kg<\/li>\n<\/ul>\n<p style=\"text-align: center\">SUROVINSKA SESTAVA: 100% organski bomba\u017e<br \/>\n<a href=\"https:\/\/ajatutaja.com\/wp-content\/uploads\/2015\/09\/VZDRZEVANJE1.png\"><img loading=\"lazy\" decoding=\"async\" class=\"alignnone size-full wp-image-8366\" src=\"https:\/\/ajatutaja.com\/wp-content\/uploads\/2015\/09\/VZDRZEVANJE1.png\" alt=\"VZDRZEVANJE\" width=\"167\" height=\"22\" \/><\/a><\/p>\n","protected":false},"excerpt":{"rendered":"<p style=\"text-align: justify\">Ergobaby povijalna spalna vre\u010da ERGOBABY iz organskega bomba\u017ea s potiskom na ov\u010dke, je edina odejica za povijanje novoroojen\u010dka, ki vsebuje patentirani sistem za zdrav polo\u017eaj dojen\u010dkovih bokov. Na otip &#8211; izredno mehka tkanina bo ne\u017eno ovila va\u0161ega novorojen\u010dka in ga med spanjem prijetno grela.<\/p>\n<p style=\"text-align: justify\">Povijalna odejica dojen\u010dku mogo\u010da dalj\u0161e in bolj mirno spanje. Priporo\u010dajo jo tako mamice, kot zdravstveni delavci.<\/p>\n","protected":false},"featured_media":19986,"template":"","meta":[],"pwb-brand":[2613,2611],"product_brand":[],"product_cat":[2604,2593],"product_tag":[3973,4173,4359],"class_list":{"0":"post-19985","1":"product","2":"type-product","3":"status-publish","4":"has-post-thumbnail","6":"pwb-brand-ergobaby-spanje","7":"pwb-brand-spanje","8":"product_cat-spalne-vrece","9":"product_cat-spanje","10":"product_tag-ergobaby","11":"product_tag-ergobaby-swaddler","12":"product_tag-swaddling","14":"first","15":"outofstock","16":"taxable","17":"shipping-taxable","18":"purchasable","19":"product-type-simple","20":"add-to-wishlist-before_image"},"yoast_head":"<!-- This site is optimized with the Yoast SEO plugin v27.3 - https:\/\/yoast.com\/product\/yoast-seo-wordpress\/ -->\n<title>Povijalna odejica Ergobaby SWADDLER - Sheep | Ajatutaja<\/title>\n<meta name=\"description\" content=\"Ergobaby povijalna plenica ERGOBABY iz organskega bomba\u017ea s potiskom na ov\u010dke, je edina odejica za povijanje novoroojen\u010dka s patentiranim sistemom.\" \/>\n<meta name=\"robots\" content=\"index, follow, max-snippet:-1, max-image-preview:large, max-video-preview:-1\" \/>\n<link rel=\"canonical\" href=\"https:\/\/ajatutaja.com\/izdelek\/povijalna-odejica-ergobaby-swaddler-sheep\/\" \/>\n<meta property=\"og:locale\" content=\"hr_HR\" \/>\n<meta property=\"og:type\" content=\"article\" \/>\n<meta property=\"og:title\" content=\"Povijalna odejica Ergobaby SWADDLER - Sheep | Ajatutaja\" \/>\n<meta property=\"og:description\" content=\"Ergobaby povijalna plenica ERGOBABY iz organskega bomba\u017ea s potiskom na ov\u010dke, je edina odejica za povijanje novoroojen\u010dka s patentiranim sistemom.\" \/>\n<meta property=\"og:url\" content=\"https:\/\/ajatutaja.com\/izdelek\/povijalna-odejica-ergobaby-swaddler-sheep\/\" \/>\n<meta property=\"og:site_name\" content=\"Ajatutaja\" \/>\n<meta property=\"article:modified_time\" content=\"2026-03-12T14:34:15+00:00\" \/>\n<meta property=\"og:image\" content=\"https:\/\/ajatutaja.com\/wp-content\/uploads\/2021\/11\/swaddler_sheep_ergobaby-1-e1613214036378.jpg\" \/>\n\t<meta property=\"og:image:width\" content=\"700\" \/>\n\t<meta property=\"og:image:height\" content=\"700\" \/>\n\t<meta property=\"og:image:type\" content=\"image\/jpeg\" \/>\n<meta name=\"twitter:card\" content=\"summary_large_image\" \/>\n<meta name=\"twitter:label1\" content=\"Procijenjeno vrijeme \u010ditanja\" \/>\n\t<meta name=\"twitter:data1\" content=\"1 minuta\" \/>\n<script type=\"application\/ld+json\" class=\"yoast-schema-graph\">{\"@context\":\"https:\\\/\\\/schema.org\",\"@graph\":[{\"@type\":\"WebPage\",\"@id\":\"https:\\\/\\\/ajatutaja.com\\\/izdelek\\\/povijalna-odejica-ergobaby-swaddler-sheep\\\/\",\"url\":\"https:\\\/\\\/ajatutaja.com\\\/izdelek\\\/povijalna-odejica-ergobaby-swaddler-sheep\\\/\",\"name\":\"Povijalna odejica Ergobaby SWADDLER - Sheep | Ajatutaja\",\"isPartOf\":{\"@id\":\"https:\\\/\\\/ajatutaja.com\\\/#website\"},\"primaryImageOfPage\":{\"@id\":\"https:\\\/\\\/ajatutaja.com\\\/izdelek\\\/povijalna-odejica-ergobaby-swaddler-sheep\\\/#primaryimage\"},\"image\":{\"@id\":\"https:\\\/\\\/ajatutaja.com\\\/izdelek\\\/povijalna-odejica-ergobaby-swaddler-sheep\\\/#primaryimage\"},\"thumbnailUrl\":\"https:\\\/\\\/ajatutaja.com\\\/wp-content\\\/uploads\\\/2021\\\/11\\\/swaddler_sheep_ergobaby-1-e1613214036378.jpg\",\"datePublished\":\"2021-02-13T09:55:29+00:00\",\"dateModified\":\"2026-03-12T14:34:15+00:00\",\"description\":\"Ergobaby povijalna plenica ERGOBABY iz organskega bomba\u017ea s potiskom na ov\u010dke, je edina odejica za povijanje novoroojen\u010dka s patentiranim sistemom.\",\"breadcrumb\":{\"@id\":\"https:\\\/\\\/ajatutaja.com\\\/izdelek\\\/povijalna-odejica-ergobaby-swaddler-sheep\\\/#breadcrumb\"},\"inLanguage\":\"hr\",\"potentialAction\":[{\"@type\":\"ReadAction\",\"target\":[\"https:\\\/\\\/ajatutaja.com\\\/izdelek\\\/povijalna-odejica-ergobaby-swaddler-sheep\\\/\"]}]},{\"@type\":\"ImageObject\",\"inLanguage\":\"hr\",\"@id\":\"https:\\\/\\\/ajatutaja.com\\\/izdelek\\\/povijalna-odejica-ergobaby-swaddler-sheep\\\/#primaryimage\",\"url\":\"https:\\\/\\\/ajatutaja.com\\\/wp-content\\\/uploads\\\/2021\\\/11\\\/swaddler_sheep_ergobaby-1-e1613214036378.jpg\",\"contentUrl\":\"https:\\\/\\\/ajatutaja.com\\\/wp-content\\\/uploads\\\/2021\\\/11\\\/swaddler_sheep_ergobaby-1-e1613214036378.jpg\",\"width\":700,\"height\":700},{\"@type\":\"BreadcrumbList\",\"@id\":\"https:\\\/\\\/ajatutaja.com\\\/izdelek\\\/povijalna-odejica-ergobaby-swaddler-sheep\\\/#breadcrumb\",\"itemListElement\":[{\"@type\":\"ListItem\",\"position\":1,\"name\":\"Home\",\"item\":\"https:\\\/\\\/ajatutaja.com\\\/hr\\\/\"},{\"@type\":\"ListItem\",\"position\":2,\"name\":\"Trgovina\",\"item\":\"https:\\\/\\\/ajatutaja.com\\\/hr\\\/trgovina\\\/\"},{\"@type\":\"ListItem\",\"position\":3,\"name\":\"Povijalna odejica Ergobaby SWADDLER &#8211; Sheep\"}]},{\"@type\":\"WebSite\",\"@id\":\"https:\\\/\\\/ajatutaja.com\\\/#website\",\"url\":\"https:\\\/\\\/ajatutaja.com\\\/\",\"name\":\"Ajatutaja\",\"description\":\"Otro\u0161ka spletna trgovina AJATUTAJA\",\"publisher\":{\"@id\":\"https:\\\/\\\/ajatutaja.com\\\/#organization\"},\"potentialAction\":[{\"@type\":\"SearchAction\",\"target\":{\"@type\":\"EntryPoint\",\"urlTemplate\":\"https:\\\/\\\/ajatutaja.com\\\/?s={search_term_string}\"},\"query-input\":{\"@type\":\"PropertyValueSpecification\",\"valueRequired\":true,\"valueName\":\"search_term_string\"}}],\"inLanguage\":\"hr\"},{\"@type\":\"Organization\",\"@id\":\"https:\\\/\\\/ajatutaja.com\\\/#organization\",\"name\":\"Ajatutaja\",\"url\":\"https:\\\/\\\/ajatutaja.com\\\/\",\"logo\":{\"@type\":\"ImageObject\",\"inLanguage\":\"hr\",\"@id\":\"https:\\\/\\\/ajatutaja.com\\\/#\\\/schema\\\/logo\\\/image\\\/\",\"url\":\"https:\\\/\\\/ajatutaja.com\\\/wp-content\\\/uploads\\\/2021\\\/10\\\/logo.png\",\"contentUrl\":\"https:\\\/\\\/ajatutaja.com\\\/wp-content\\\/uploads\\\/2021\\\/10\\\/logo.png\",\"width\":555,\"height\":150,\"caption\":\"Ajatutaja\"},\"image\":{\"@id\":\"https:\\\/\\\/ajatutaja.com\\\/#\\\/schema\\\/logo\\\/image\\\/\"}}]}<\/script>\n<!-- \/ Yoast SEO plugin. -->","yoast_head_json":{"title":"Povijalna odejica Ergobaby SWADDLER - Sheep | Ajatutaja","description":"Ergobaby povijalna plenica ERGOBABY iz organskega bomba\u017ea s potiskom na ov\u010dke, je edina odejica za povijanje novoroojen\u010dka s patentiranim sistemom.","robots":{"index":"index","follow":"follow","max-snippet":"max-snippet:-1","max-image-preview":"max-image-preview:large","max-video-preview":"max-video-preview:-1"},"canonical":"https:\/\/ajatutaja.com\/izdelek\/povijalna-odejica-ergobaby-swaddler-sheep\/","og_locale":"hr_HR","og_type":"article","og_title":"Povijalna odejica Ergobaby SWADDLER - Sheep | Ajatutaja","og_description":"Ergobaby povijalna plenica ERGOBABY iz organskega bomba\u017ea s potiskom na ov\u010dke, je edina odejica za povijanje novoroojen\u010dka s patentiranim sistemom.","og_url":"https:\/\/ajatutaja.com\/izdelek\/povijalna-odejica-ergobaby-swaddler-sheep\/","og_site_name":"Ajatutaja","article_modified_time":"2026-03-12T14:34:15+00:00","og_image":[{"width":700,"height":700,"url":"https:\/\/ajatutaja.com\/wp-content\/uploads\/2021\/11\/swaddler_sheep_ergobaby-1-e1613214036378.jpg","type":"image\/jpeg"}],"twitter_card":"summary_large_image","twitter_misc":{"Procijenjeno vrijeme \u010ditanja":"1 minuta"},"schema":{"@context":"https:\/\/schema.org","@graph":[{"@type":"WebPage","@id":"https:\/\/ajatutaja.com\/izdelek\/povijalna-odejica-ergobaby-swaddler-sheep\/","url":"https:\/\/ajatutaja.com\/izdelek\/povijalna-odejica-ergobaby-swaddler-sheep\/","name":"Povijalna odejica Ergobaby SWADDLER - Sheep | Ajatutaja","isPartOf":{"@id":"https:\/\/ajatutaja.com\/#website"},"primaryImageOfPage":{"@id":"https:\/\/ajatutaja.com\/izdelek\/povijalna-odejica-ergobaby-swaddler-sheep\/#primaryimage"},"image":{"@id":"https:\/\/ajatutaja.com\/izdelek\/povijalna-odejica-ergobaby-swaddler-sheep\/#primaryimage"},"thumbnailUrl":"https:\/\/ajatutaja.com\/wp-content\/uploads\/2021\/11\/swaddler_sheep_ergobaby-1-e1613214036378.jpg","datePublished":"2021-02-13T09:55:29+00:00","dateModified":"2026-03-12T14:34:15+00:00","description":"Ergobaby povijalna plenica ERGOBABY iz organskega bomba\u017ea s potiskom na ov\u010dke, je edina odejica za povijanje novoroojen\u010dka s patentiranim sistemom.","breadcrumb":{"@id":"https:\/\/ajatutaja.com\/izdelek\/povijalna-odejica-ergobaby-swaddler-sheep\/#breadcrumb"},"inLanguage":"hr","potentialAction":[{"@type":"ReadAction","target":["https:\/\/ajatutaja.com\/izdelek\/povijalna-odejica-ergobaby-swaddler-sheep\/"]}]},{"@type":"ImageObject","inLanguage":"hr","@id":"https:\/\/ajatutaja.com\/izdelek\/povijalna-odejica-ergobaby-swaddler-sheep\/#primaryimage","url":"https:\/\/ajatutaja.com\/wp-content\/uploads\/2021\/11\/swaddler_sheep_ergobaby-1-e1613214036378.jpg","contentUrl":"https:\/\/ajatutaja.com\/wp-content\/uploads\/2021\/11\/swaddler_sheep_ergobaby-1-e1613214036378.jpg","width":700,"height":700},{"@type":"BreadcrumbList","@id":"https:\/\/ajatutaja.com\/izdelek\/povijalna-odejica-ergobaby-swaddler-sheep\/#breadcrumb","itemListElement":[{"@type":"ListItem","position":1,"name":"Home","item":"https:\/\/ajatutaja.com\/hr\/"},{"@type":"ListItem","position":2,"name":"Trgovina","item":"https:\/\/ajatutaja.com\/hr\/trgovina\/"},{"@type":"ListItem","position":3,"name":"Povijalna odejica Ergobaby SWADDLER &#8211; Sheep"}]},{"@type":"WebSite","@id":"https:\/\/ajatutaja.com\/#website","url":"https:\/\/ajatutaja.com\/","name":"Ajatutaja","description":"Otro\u0161ka spletna trgovina AJATUTAJA","publisher":{"@id":"https:\/\/ajatutaja.com\/#organization"},"potentialAction":[{"@type":"SearchAction","target":{"@type":"EntryPoint","urlTemplate":"https:\/\/ajatutaja.com\/?s={search_term_string}"},"query-input":{"@type":"PropertyValueSpecification","valueRequired":true,"valueName":"search_term_string"}}],"inLanguage":"hr"},{"@type":"Organization","@id":"https:\/\/ajatutaja.com\/#organization","name":"Ajatutaja","url":"https:\/\/ajatutaja.com\/","logo":{"@type":"ImageObject","inLanguage":"hr","@id":"https:\/\/ajatutaja.com\/#\/schema\/logo\/image\/","url":"https:\/\/ajatutaja.com\/wp-content\/uploads\/2021\/10\/logo.png","contentUrl":"https:\/\/ajatutaja.com\/wp-content\/uploads\/2021\/10\/logo.png","width":555,"height":150,"caption":"Ajatutaja"},"image":{"@id":"https:\/\/ajatutaja.com\/#\/schema\/logo\/image\/"}}]}},"brands":[{"id":2613,"name":"Ergobaby","slug":"ergobaby-spanje"},{"id":2611,"name":"Spanje","slug":"spanje"}],"_links":{"self":[{"href":"https:\/\/ajatutaja.com\/hr\/wp-json\/wp\/v2\/product\/19985","targetHints":{"allow":["GET"]}}],"collection":[{"href":"https:\/\/ajatutaja.com\/hr\/wp-json\/wp\/v2\/product"}],"about":[{"href":"https:\/\/ajatutaja.com\/hr\/wp-json\/wp\/v2\/types\/product"}],"wp:featuredmedia":[{"embeddable":true,"href":"https:\/\/ajatutaja.com\/hr\/wp-json\/wp\/v2\/media\/19986"}],"wp:attachment":[{"href":"https:\/\/ajatutaja.com\/hr\/wp-json\/wp\/v2\/media?parent=19985"}],"wp:term":[{"taxonomy":"pwb-brand","embeddable":true,"href":"https:\/\/ajatutaja.com\/hr\/wp-json\/wp\/v2\/pwb-brand?post=19985"},{"taxonomy":"product_brand","embeddable":true,"href":"https:\/\/ajatutaja.com\/hr\/wp-json\/wp\/v2\/product_brand?post=19985"},{"taxonomy":"product_cat","embeddable":true,"href":"https:\/\/ajatutaja.com\/hr\/wp-json\/wp\/v2\/product_cat?post=19985"},{"taxonomy":"product_tag","embeddable":true,"href":"https:\/\/ajatutaja.com\/hr\/wp-json\/wp\/v2\/product_tag?post=19985"}],"curies":[{"name":"wp","href":"https:\/\/api.w.org\/{rel}","templated":true}]}}