{"id":19924,"date":"2025-01-23T17:15:41","date_gmt":"2025-01-23T16:15:41","guid":{"rendered":"https:\/\/ajatutaja.com\/izdelek\/mehka-igralna-podloga-little-dutch-goose\/"},"modified":"2026-03-04T19:32:31","modified_gmt":"2026-03-04T18:32:31","slug":"mehka-igralna-podloga-little-dutch-goose","status":"publish","type":"product","link":"https:\/\/ajatutaja.com\/hr\/proizvod\/mehka-igralna-podloga-little-dutch-goose\/","title":{"rendered":"Mehka igralna podloga Little Dutch Farm"},"content":{"rendered":"<p>[vc_row][vc_column][vc_column_text]Nizozemski proizvajalec Little Dutch izdeluje brez\u010dasne igra\u010de visoke kakovosti, z elegantnimi barvami, odtisi in ilustracijami. Vsi izdelki so skladni z evropskimi direktivami in se proizvajajo brez dela otrok in na dru\u017ebeno odgovoren na\u010din.<\/p>\n<p>Mehka igralna podloga dojen\u010dke od rojstva dalje in se lahko uporablja v kombinaciji z igralnim lokom(ta se kupi lo\u010deno) ali samostojno.<\/p>\n<h3>Mehka igralna Little Dutch Farm ima naslednje lastnosti:<\/h3>\n<ul>\n<li>Dimenzija: 80 x 100 x 2 cm<\/li>\n<li>Material: 100% poliester<\/li>\n<li>Primerno od rojstva naprej<\/li>\n<\/ul>\n<p>Varno za otroke &#8211; izdelek je skladen z evropsko uredbo REACH in evropsko direktivo EN-71.[\/vc_column_text][\/vc_column][\/vc_row]<\/p>\n","protected":false},"excerpt":{"rendered":"<p>Little Dutch igralna podloga dimenzije 80&#215;100 cm je kompaktno polnjena, a kljub temu zelo mehka. Na njej se lahko mal\u010dek igra, plazi ali enostavno le\u017ei in opazuje svet okoli sebe. Igralno podlogo odlikujejo tudi mehki materiali, lepi zaklju\u010dki in izjemna kakovost. Otro\u010dki se bodo zna\u0161li v svetu gosaka iz kolekcije Little Farm.<\/p>\n","protected":false},"featured_media":54571,"template":"","meta":[],"pwb-brand":[2452,2457],"product_brand":[],"product_cat":[3986,2438,2362],"product_tag":[4002,5361],"class_list":{"0":"post-19924","1":"product","2":"type-product","3":"status-publish","4":"has-post-thumbnail","6":"pwb-brand-igranje","7":"pwb-brand-little-dutch-igra","8":"product_cat-novorojencek-igrace","9":"product_cat-igralne-podloge","10":"product_cat-igranje","11":"product_tag-little-dutch","12":"product_tag-little-farm","14":"first","15":"onbackorder","16":"taxable","17":"shipping-taxable","18":"purchasable","19":"product-type-simple","20":"add-to-wishlist-before_image"},"yoast_head":"<!-- This site is optimized with the Yoast SEO plugin v27.3 - https:\/\/yoast.com\/product\/yoast-seo-wordpress\/ -->\n<title>Mehka igralna podloga Little Dutch Farm | Ajatutaja<\/title>\n<meta name=\"description\" content=\"Mehka igralna podloga Little Dutch je dimenzije 80x100 cm. Kompaktno polnjena, a kljub temu mehka, tako da se lahko va\u0161 otrok igra, plazi ali pa le\u017ei in opazuje.\" \/>\n<meta name=\"robots\" content=\"index, follow, max-snippet:-1, max-image-preview:large, max-video-preview:-1\" \/>\n<link rel=\"canonical\" href=\"https:\/\/ajatutaja.com\/izdelek\/mehka-igralna-podloga-little-dutch-goose\/\" \/>\n<meta property=\"og:locale\" content=\"hr_HR\" \/>\n<meta property=\"og:type\" content=\"article\" \/>\n<meta property=\"og:title\" content=\"Mehka igralna podloga Little Dutch Farm | Ajatutaja\" \/>\n<meta property=\"og:description\" content=\"Mehka igralna podloga Little Dutch je dimenzije 80x100 cm. Kompaktno polnjena, a kljub temu mehka, tako da se lahko va\u0161 otrok igra, plazi ali pa le\u017ei in opazuje.\" \/>\n<meta property=\"og:url\" content=\"https:\/\/ajatutaja.com\/izdelek\/mehka-igralna-podloga-little-dutch-goose\/\" \/>\n<meta property=\"og:site_name\" content=\"Ajatutaja\" \/>\n<meta property=\"article:modified_time\" content=\"2026-03-04T18:32:31+00:00\" \/>\n<meta property=\"og:image\" content=\"https:\/\/ajatutaja.com\/wp-content\/uploads\/2021\/01\/little-dutch-mehka-igralna-podloga-za-dojencke-little-farm-ajatutaja.jpg\" \/>\n\t<meta property=\"og:image:width\" content=\"800\" \/>\n\t<meta property=\"og:image:height\" content=\"800\" \/>\n\t<meta property=\"og:image:type\" content=\"image\/jpeg\" \/>\n<meta name=\"twitter:card\" content=\"summary_large_image\" \/>\n<meta name=\"twitter:label1\" content=\"Procijenjeno vrijeme \u010ditanja\" \/>\n\t<meta name=\"twitter:data1\" content=\"1 minuta\" \/>\n<script type=\"application\/ld+json\" class=\"yoast-schema-graph\">{\"@context\":\"https:\\\/\\\/schema.org\",\"@graph\":[{\"@type\":\"WebPage\",\"@id\":\"https:\\\/\\\/ajatutaja.com\\\/izdelek\\\/mehka-igralna-podloga-little-dutch-goose\\\/\",\"url\":\"https:\\\/\\\/ajatutaja.com\\\/izdelek\\\/mehka-igralna-podloga-little-dutch-goose\\\/\",\"name\":\"Mehka igralna podloga Little Dutch Farm | Ajatutaja\",\"isPartOf\":{\"@id\":\"https:\\\/\\\/ajatutaja.com\\\/#website\"},\"primaryImageOfPage\":{\"@id\":\"https:\\\/\\\/ajatutaja.com\\\/izdelek\\\/mehka-igralna-podloga-little-dutch-goose\\\/#primaryimage\"},\"image\":{\"@id\":\"https:\\\/\\\/ajatutaja.com\\\/izdelek\\\/mehka-igralna-podloga-little-dutch-goose\\\/#primaryimage\"},\"thumbnailUrl\":\"https:\\\/\\\/ajatutaja.com\\\/wp-content\\\/uploads\\\/2021\\\/01\\\/little-dutch-mehka-igralna-podloga-za-dojencke-little-farm-ajatutaja.jpg\",\"datePublished\":\"2025-01-23T16:15:41+00:00\",\"dateModified\":\"2026-03-04T18:32:31+00:00\",\"description\":\"Mehka igralna podloga Little Dutch je dimenzije 80x100 cm. Kompaktno polnjena, a kljub temu mehka, tako da se lahko va\u0161 otrok igra, plazi ali pa le\u017ei in opazuje.\",\"breadcrumb\":{\"@id\":\"https:\\\/\\\/ajatutaja.com\\\/izdelek\\\/mehka-igralna-podloga-little-dutch-goose\\\/#breadcrumb\"},\"inLanguage\":\"hr\",\"potentialAction\":[{\"@type\":\"ReadAction\",\"target\":[\"https:\\\/\\\/ajatutaja.com\\\/izdelek\\\/mehka-igralna-podloga-little-dutch-goose\\\/\"]}]},{\"@type\":\"ImageObject\",\"inLanguage\":\"hr\",\"@id\":\"https:\\\/\\\/ajatutaja.com\\\/izdelek\\\/mehka-igralna-podloga-little-dutch-goose\\\/#primaryimage\",\"url\":\"https:\\\/\\\/ajatutaja.com\\\/wp-content\\\/uploads\\\/2021\\\/01\\\/little-dutch-mehka-igralna-podloga-za-dojencke-little-farm-ajatutaja.jpg\",\"contentUrl\":\"https:\\\/\\\/ajatutaja.com\\\/wp-content\\\/uploads\\\/2021\\\/01\\\/little-dutch-mehka-igralna-podloga-za-dojencke-little-farm-ajatutaja.jpg\",\"width\":800,\"height\":800},{\"@type\":\"BreadcrumbList\",\"@id\":\"https:\\\/\\\/ajatutaja.com\\\/izdelek\\\/mehka-igralna-podloga-little-dutch-goose\\\/#breadcrumb\",\"itemListElement\":[{\"@type\":\"ListItem\",\"position\":1,\"name\":\"Home\",\"item\":\"https:\\\/\\\/ajatutaja.com\\\/hr\\\/\"},{\"@type\":\"ListItem\",\"position\":2,\"name\":\"Trgovina\",\"item\":\"https:\\\/\\\/ajatutaja.com\\\/hr\\\/trgovina\\\/\"},{\"@type\":\"ListItem\",\"position\":3,\"name\":\"Mehka igralna podloga Little Dutch Farm\"}]},{\"@type\":\"WebSite\",\"@id\":\"https:\\\/\\\/ajatutaja.com\\\/#website\",\"url\":\"https:\\\/\\\/ajatutaja.com\\\/\",\"name\":\"Ajatutaja\",\"description\":\"Otro\u0161ka spletna trgovina AJATUTAJA\",\"publisher\":{\"@id\":\"https:\\\/\\\/ajatutaja.com\\\/#organization\"},\"potentialAction\":[{\"@type\":\"SearchAction\",\"target\":{\"@type\":\"EntryPoint\",\"urlTemplate\":\"https:\\\/\\\/ajatutaja.com\\\/?s={search_term_string}\"},\"query-input\":{\"@type\":\"PropertyValueSpecification\",\"valueRequired\":true,\"valueName\":\"search_term_string\"}}],\"inLanguage\":\"hr\"},{\"@type\":\"Organization\",\"@id\":\"https:\\\/\\\/ajatutaja.com\\\/#organization\",\"name\":\"Ajatutaja\",\"url\":\"https:\\\/\\\/ajatutaja.com\\\/\",\"logo\":{\"@type\":\"ImageObject\",\"inLanguage\":\"hr\",\"@id\":\"https:\\\/\\\/ajatutaja.com\\\/#\\\/schema\\\/logo\\\/image\\\/\",\"url\":\"https:\\\/\\\/ajatutaja.com\\\/wp-content\\\/uploads\\\/2021\\\/10\\\/logo.png\",\"contentUrl\":\"https:\\\/\\\/ajatutaja.com\\\/wp-content\\\/uploads\\\/2021\\\/10\\\/logo.png\",\"width\":555,\"height\":150,\"caption\":\"Ajatutaja\"},\"image\":{\"@id\":\"https:\\\/\\\/ajatutaja.com\\\/#\\\/schema\\\/logo\\\/image\\\/\"}}]}<\/script>\n<!-- \/ Yoast SEO plugin. -->","yoast_head_json":{"title":"Mehka igralna podloga Little Dutch Farm | Ajatutaja","description":"Mehka igralna podloga Little Dutch je dimenzije 80x100 cm. Kompaktno polnjena, a kljub temu mehka, tako da se lahko va\u0161 otrok igra, plazi ali pa le\u017ei in opazuje.","robots":{"index":"index","follow":"follow","max-snippet":"max-snippet:-1","max-image-preview":"max-image-preview:large","max-video-preview":"max-video-preview:-1"},"canonical":"https:\/\/ajatutaja.com\/izdelek\/mehka-igralna-podloga-little-dutch-goose\/","og_locale":"hr_HR","og_type":"article","og_title":"Mehka igralna podloga Little Dutch Farm | Ajatutaja","og_description":"Mehka igralna podloga Little Dutch je dimenzije 80x100 cm. Kompaktno polnjena, a kljub temu mehka, tako da se lahko va\u0161 otrok igra, plazi ali pa le\u017ei in opazuje.","og_url":"https:\/\/ajatutaja.com\/izdelek\/mehka-igralna-podloga-little-dutch-goose\/","og_site_name":"Ajatutaja","article_modified_time":"2026-03-04T18:32:31+00:00","og_image":[{"width":800,"height":800,"url":"https:\/\/ajatutaja.com\/wp-content\/uploads\/2021\/01\/little-dutch-mehka-igralna-podloga-za-dojencke-little-farm-ajatutaja.jpg","type":"image\/jpeg"}],"twitter_card":"summary_large_image","twitter_misc":{"Procijenjeno vrijeme \u010ditanja":"1 minuta"},"schema":{"@context":"https:\/\/schema.org","@graph":[{"@type":"WebPage","@id":"https:\/\/ajatutaja.com\/izdelek\/mehka-igralna-podloga-little-dutch-goose\/","url":"https:\/\/ajatutaja.com\/izdelek\/mehka-igralna-podloga-little-dutch-goose\/","name":"Mehka igralna podloga Little Dutch Farm | Ajatutaja","isPartOf":{"@id":"https:\/\/ajatutaja.com\/#website"},"primaryImageOfPage":{"@id":"https:\/\/ajatutaja.com\/izdelek\/mehka-igralna-podloga-little-dutch-goose\/#primaryimage"},"image":{"@id":"https:\/\/ajatutaja.com\/izdelek\/mehka-igralna-podloga-little-dutch-goose\/#primaryimage"},"thumbnailUrl":"https:\/\/ajatutaja.com\/wp-content\/uploads\/2021\/01\/little-dutch-mehka-igralna-podloga-za-dojencke-little-farm-ajatutaja.jpg","datePublished":"2025-01-23T16:15:41+00:00","dateModified":"2026-03-04T18:32:31+00:00","description":"Mehka igralna podloga Little Dutch je dimenzije 80x100 cm. Kompaktno polnjena, a kljub temu mehka, tako da se lahko va\u0161 otrok igra, plazi ali pa le\u017ei in opazuje.","breadcrumb":{"@id":"https:\/\/ajatutaja.com\/izdelek\/mehka-igralna-podloga-little-dutch-goose\/#breadcrumb"},"inLanguage":"hr","potentialAction":[{"@type":"ReadAction","target":["https:\/\/ajatutaja.com\/izdelek\/mehka-igralna-podloga-little-dutch-goose\/"]}]},{"@type":"ImageObject","inLanguage":"hr","@id":"https:\/\/ajatutaja.com\/izdelek\/mehka-igralna-podloga-little-dutch-goose\/#primaryimage","url":"https:\/\/ajatutaja.com\/wp-content\/uploads\/2021\/01\/little-dutch-mehka-igralna-podloga-za-dojencke-little-farm-ajatutaja.jpg","contentUrl":"https:\/\/ajatutaja.com\/wp-content\/uploads\/2021\/01\/little-dutch-mehka-igralna-podloga-za-dojencke-little-farm-ajatutaja.jpg","width":800,"height":800},{"@type":"BreadcrumbList","@id":"https:\/\/ajatutaja.com\/izdelek\/mehka-igralna-podloga-little-dutch-goose\/#breadcrumb","itemListElement":[{"@type":"ListItem","position":1,"name":"Home","item":"https:\/\/ajatutaja.com\/hr\/"},{"@type":"ListItem","position":2,"name":"Trgovina","item":"https:\/\/ajatutaja.com\/hr\/trgovina\/"},{"@type":"ListItem","position":3,"name":"Mehka igralna podloga Little Dutch Farm"}]},{"@type":"WebSite","@id":"https:\/\/ajatutaja.com\/#website","url":"https:\/\/ajatutaja.com\/","name":"Ajatutaja","description":"Otro\u0161ka spletna trgovina AJATUTAJA","publisher":{"@id":"https:\/\/ajatutaja.com\/#organization"},"potentialAction":[{"@type":"SearchAction","target":{"@type":"EntryPoint","urlTemplate":"https:\/\/ajatutaja.com\/?s={search_term_string}"},"query-input":{"@type":"PropertyValueSpecification","valueRequired":true,"valueName":"search_term_string"}}],"inLanguage":"hr"},{"@type":"Organization","@id":"https:\/\/ajatutaja.com\/#organization","name":"Ajatutaja","url":"https:\/\/ajatutaja.com\/","logo":{"@type":"ImageObject","inLanguage":"hr","@id":"https:\/\/ajatutaja.com\/#\/schema\/logo\/image\/","url":"https:\/\/ajatutaja.com\/wp-content\/uploads\/2021\/10\/logo.png","contentUrl":"https:\/\/ajatutaja.com\/wp-content\/uploads\/2021\/10\/logo.png","width":555,"height":150,"caption":"Ajatutaja"},"image":{"@id":"https:\/\/ajatutaja.com\/#\/schema\/logo\/image\/"}}]}},"brands":[{"id":2452,"name":"Igranje","slug":"igranje"},{"id":2457,"name":"Little Dutch","slug":"little-dutch-igra"}],"_links":{"self":[{"href":"https:\/\/ajatutaja.com\/hr\/wp-json\/wp\/v2\/product\/19924","targetHints":{"allow":["GET"]}}],"collection":[{"href":"https:\/\/ajatutaja.com\/hr\/wp-json\/wp\/v2\/product"}],"about":[{"href":"https:\/\/ajatutaja.com\/hr\/wp-json\/wp\/v2\/types\/product"}],"wp:featuredmedia":[{"embeddable":true,"href":"https:\/\/ajatutaja.com\/hr\/wp-json\/wp\/v2\/media\/54571"}],"wp:attachment":[{"href":"https:\/\/ajatutaja.com\/hr\/wp-json\/wp\/v2\/media?parent=19924"}],"wp:term":[{"taxonomy":"pwb-brand","embeddable":true,"href":"https:\/\/ajatutaja.com\/hr\/wp-json\/wp\/v2\/pwb-brand?post=19924"},{"taxonomy":"product_brand","embeddable":true,"href":"https:\/\/ajatutaja.com\/hr\/wp-json\/wp\/v2\/product_brand?post=19924"},{"taxonomy":"product_cat","embeddable":true,"href":"https:\/\/ajatutaja.com\/hr\/wp-json\/wp\/v2\/product_cat?post=19924"},{"taxonomy":"product_tag","embeddable":true,"href":"https:\/\/ajatutaja.com\/hr\/wp-json\/wp\/v2\/product_tag?post=19924"}],"curies":[{"name":"wp","href":"https:\/\/api.w.org\/{rel}","templated":true}]}}