{"id":19870,"date":"2021-01-11T20:04:33","date_gmt":"2021-01-11T19:04:33","guid":{"rendered":"https:\/\/ajatutaja.com\/izdelek\/ropotuljica-little-dutch-marjetica\/"},"modified":"2026-03-12T14:40:31","modified_gmt":"2026-03-12T13:40:31","slug":"ropotuljica-little-dutch-marjetica","status":"publish","type":"product","link":"https:\/\/ajatutaja.com\/hr\/proizvod\/ropotuljica-little-dutch-marjetica\/","title":{"rendered":"Ropotuljica Little Dutch marjetica"},"content":{"rendered":"<p>Nizozemski proizvajalec Little Dutch izdeluje brez\u010dasne igra\u010de visoke kakovosti, z elegantnimi barvami, odtisi in ilustracijami. Vsi izdelki so skladni z evropskimi direktivami in se proizvajajo brez dela otrok in na dru\u017ebeno odgovoren na\u010din.<\/p>\n<h3>Lastnosti marjetice Little Dutch:<\/h3>\n<ul>\n<li>Material: tkanina: 50% poliester, 50% bomba\u017e \/ polnilo: 100% poliester<\/li>\n<li>Starost: 0m+<\/li>\n<li>Dimenzije: 4,5 x 62 x 10 cm<\/li>\n<li>Vzdr\u017eevanje:\u00a0pranje na ob\u010dutljivo 30\u00b0C<\/li>\n<\/ul>\n<p>Varno za otroke &#8211; izdelek je skladen z evropsko uredbo REACH in evropsko direktivo EN-71.<\/p>\n","protected":false},"excerpt":{"rendered":"<p><span lang=\"sl\">Kako sr\u010dkana je ta ro\u017eica iz kolekcije Little Goose! Prijeten zvok boste zasli\u0161ali vsaki\u010d, ko se bo va\u0161 mal\u010dek igral z njo. Ropotuljica spodbuja koordinacijo o\u010di in rok, izdelana je iz \u010dudovito mehkih materialov &#8211; majhne otro\u0161ke ro\u010dice pa jo zlahka primejo.<\/span><\/p>\n<p>&nbsp;<\/p>\n","protected":false},"featured_media":19871,"template":"","meta":[],"pwb-brand":[2452,2457],"product_brand":[],"product_cat":[3986,2710,2715,2711,2262,2362,2442],"product_tag":[4002,4067],"class_list":{"0":"post-19870","1":"product","2":"type-product","3":"status-publish","4":"has-post-thumbnail","6":"pwb-brand-igranje","7":"pwb-brand-little-dutch-igra","8":"product_cat-novorojencek-igrace","9":"product_cat-babyshower-darila","10":"product_cat-darilo-do-15e","11":"product_cat-darilo-ob-rojstvu","12":"product_cat-darilo-za-nosecnico","13":"product_cat-igranje","14":"product_cat-senzoricne-igrace","15":"product_tag-little-dutch","16":"product_tag-little-goose","18":"first","19":"instock","20":"taxable","21":"shipping-taxable","22":"purchasable","23":"product-type-simple","24":"add-to-wishlist-before_image"},"yoast_head":"<!-- This site is optimized with the Yoast SEO plugin v27.3 - https:\/\/yoast.com\/product\/yoast-seo-wordpress\/ -->\n<title>Ropotuljica Little Dutch marjetica | Ajatutaja<\/title>\n<meta name=\"description\" content=\"Kako sr\u010dkana je ta marjetica iz kolekcije Little Goose! Prijeten zvok boste zasli\u0161ali vsaki\u010d, ko se bo va\u0161 mal\u010dek igral z njo.\" \/>\n<meta name=\"robots\" content=\"index, follow, max-snippet:-1, max-image-preview:large, max-video-preview:-1\" \/>\n<link rel=\"canonical\" href=\"https:\/\/ajatutaja.com\/izdelek\/ropotuljica-little-dutch-marjetica\/\" \/>\n<meta property=\"og:locale\" content=\"hr_HR\" \/>\n<meta property=\"og:type\" content=\"article\" \/>\n<meta property=\"og:title\" content=\"Ropotuljica Little Dutch marjetica | Ajatutaja\" \/>\n<meta property=\"og:description\" content=\"Kako sr\u010dkana je ta marjetica iz kolekcije Little Goose! Prijeten zvok boste zasli\u0161ali vsaki\u010d, ko se bo va\u0161 mal\u010dek igral z njo.\" \/>\n<meta property=\"og:url\" content=\"https:\/\/ajatutaja.com\/izdelek\/ropotuljica-little-dutch-marjetica\/\" \/>\n<meta property=\"og:site_name\" content=\"Ajatutaja\" \/>\n<meta property=\"article:modified_time\" content=\"2026-03-12T13:40:31+00:00\" \/>\n<meta property=\"og:image\" content=\"https:\/\/ajatutaja.com\/wp-content\/uploads\/2021\/11\/Little-dutch-marjetica-little-goose-1-e1610395557473.jpg\" \/>\n\t<meta property=\"og:image:width\" content=\"750\" \/>\n\t<meta property=\"og:image:height\" content=\"750\" \/>\n\t<meta property=\"og:image:type\" content=\"image\/jpeg\" \/>\n<meta name=\"twitter:card\" content=\"summary_large_image\" \/>\n<script type=\"application\/ld+json\" class=\"yoast-schema-graph\">{\"@context\":\"https:\\\/\\\/schema.org\",\"@graph\":[{\"@type\":\"WebPage\",\"@id\":\"https:\\\/\\\/ajatutaja.com\\\/izdelek\\\/ropotuljica-little-dutch-marjetica\\\/\",\"url\":\"https:\\\/\\\/ajatutaja.com\\\/izdelek\\\/ropotuljica-little-dutch-marjetica\\\/\",\"name\":\"Ropotuljica Little Dutch marjetica | Ajatutaja\",\"isPartOf\":{\"@id\":\"https:\\\/\\\/ajatutaja.com\\\/#website\"},\"primaryImageOfPage\":{\"@id\":\"https:\\\/\\\/ajatutaja.com\\\/izdelek\\\/ropotuljica-little-dutch-marjetica\\\/#primaryimage\"},\"image\":{\"@id\":\"https:\\\/\\\/ajatutaja.com\\\/izdelek\\\/ropotuljica-little-dutch-marjetica\\\/#primaryimage\"},\"thumbnailUrl\":\"https:\\\/\\\/ajatutaja.com\\\/wp-content\\\/uploads\\\/2021\\\/11\\\/Little-dutch-marjetica-little-goose-1-e1610395557473.jpg\",\"datePublished\":\"2021-01-11T19:04:33+00:00\",\"dateModified\":\"2026-03-12T13:40:31+00:00\",\"description\":\"Kako sr\u010dkana je ta marjetica iz kolekcije Little Goose! Prijeten zvok boste zasli\u0161ali vsaki\u010d, ko se bo va\u0161 mal\u010dek igral z njo.\",\"breadcrumb\":{\"@id\":\"https:\\\/\\\/ajatutaja.com\\\/izdelek\\\/ropotuljica-little-dutch-marjetica\\\/#breadcrumb\"},\"inLanguage\":\"hr\",\"potentialAction\":[{\"@type\":\"ReadAction\",\"target\":[\"https:\\\/\\\/ajatutaja.com\\\/izdelek\\\/ropotuljica-little-dutch-marjetica\\\/\"]}]},{\"@type\":\"ImageObject\",\"inLanguage\":\"hr\",\"@id\":\"https:\\\/\\\/ajatutaja.com\\\/izdelek\\\/ropotuljica-little-dutch-marjetica\\\/#primaryimage\",\"url\":\"https:\\\/\\\/ajatutaja.com\\\/wp-content\\\/uploads\\\/2021\\\/11\\\/Little-dutch-marjetica-little-goose-1-e1610395557473.jpg\",\"contentUrl\":\"https:\\\/\\\/ajatutaja.com\\\/wp-content\\\/uploads\\\/2021\\\/11\\\/Little-dutch-marjetica-little-goose-1-e1610395557473.jpg\",\"width\":750,\"height\":750},{\"@type\":\"BreadcrumbList\",\"@id\":\"https:\\\/\\\/ajatutaja.com\\\/izdelek\\\/ropotuljica-little-dutch-marjetica\\\/#breadcrumb\",\"itemListElement\":[{\"@type\":\"ListItem\",\"position\":1,\"name\":\"Home\",\"item\":\"https:\\\/\\\/ajatutaja.com\\\/hr\\\/\"},{\"@type\":\"ListItem\",\"position\":2,\"name\":\"Trgovina\",\"item\":\"https:\\\/\\\/ajatutaja.com\\\/hr\\\/trgovina\\\/\"},{\"@type\":\"ListItem\",\"position\":3,\"name\":\"Ropotuljica Little Dutch marjetica\"}]},{\"@type\":\"WebSite\",\"@id\":\"https:\\\/\\\/ajatutaja.com\\\/#website\",\"url\":\"https:\\\/\\\/ajatutaja.com\\\/\",\"name\":\"Ajatutaja\",\"description\":\"Otro\u0161ka spletna trgovina AJATUTAJA\",\"publisher\":{\"@id\":\"https:\\\/\\\/ajatutaja.com\\\/#organization\"},\"potentialAction\":[{\"@type\":\"SearchAction\",\"target\":{\"@type\":\"EntryPoint\",\"urlTemplate\":\"https:\\\/\\\/ajatutaja.com\\\/?s={search_term_string}\"},\"query-input\":{\"@type\":\"PropertyValueSpecification\",\"valueRequired\":true,\"valueName\":\"search_term_string\"}}],\"inLanguage\":\"hr\"},{\"@type\":\"Organization\",\"@id\":\"https:\\\/\\\/ajatutaja.com\\\/#organization\",\"name\":\"Ajatutaja\",\"url\":\"https:\\\/\\\/ajatutaja.com\\\/\",\"logo\":{\"@type\":\"ImageObject\",\"inLanguage\":\"hr\",\"@id\":\"https:\\\/\\\/ajatutaja.com\\\/#\\\/schema\\\/logo\\\/image\\\/\",\"url\":\"https:\\\/\\\/ajatutaja.com\\\/wp-content\\\/uploads\\\/2021\\\/10\\\/logo.png\",\"contentUrl\":\"https:\\\/\\\/ajatutaja.com\\\/wp-content\\\/uploads\\\/2021\\\/10\\\/logo.png\",\"width\":555,\"height\":150,\"caption\":\"Ajatutaja\"},\"image\":{\"@id\":\"https:\\\/\\\/ajatutaja.com\\\/#\\\/schema\\\/logo\\\/image\\\/\"}}]}<\/script>\n<!-- \/ Yoast SEO plugin. -->","yoast_head_json":{"title":"Ropotuljica Little Dutch marjetica | Ajatutaja","description":"Kako sr\u010dkana je ta marjetica iz kolekcije Little Goose! Prijeten zvok boste zasli\u0161ali vsaki\u010d, ko se bo va\u0161 mal\u010dek igral z njo.","robots":{"index":"index","follow":"follow","max-snippet":"max-snippet:-1","max-image-preview":"max-image-preview:large","max-video-preview":"max-video-preview:-1"},"canonical":"https:\/\/ajatutaja.com\/izdelek\/ropotuljica-little-dutch-marjetica\/","og_locale":"hr_HR","og_type":"article","og_title":"Ropotuljica Little Dutch marjetica | Ajatutaja","og_description":"Kako sr\u010dkana je ta marjetica iz kolekcije Little Goose! Prijeten zvok boste zasli\u0161ali vsaki\u010d, ko se bo va\u0161 mal\u010dek igral z njo.","og_url":"https:\/\/ajatutaja.com\/izdelek\/ropotuljica-little-dutch-marjetica\/","og_site_name":"Ajatutaja","article_modified_time":"2026-03-12T13:40:31+00:00","og_image":[{"width":750,"height":750,"url":"https:\/\/ajatutaja.com\/wp-content\/uploads\/2021\/11\/Little-dutch-marjetica-little-goose-1-e1610395557473.jpg","type":"image\/jpeg"}],"twitter_card":"summary_large_image","schema":{"@context":"https:\/\/schema.org","@graph":[{"@type":"WebPage","@id":"https:\/\/ajatutaja.com\/izdelek\/ropotuljica-little-dutch-marjetica\/","url":"https:\/\/ajatutaja.com\/izdelek\/ropotuljica-little-dutch-marjetica\/","name":"Ropotuljica Little Dutch marjetica | Ajatutaja","isPartOf":{"@id":"https:\/\/ajatutaja.com\/#website"},"primaryImageOfPage":{"@id":"https:\/\/ajatutaja.com\/izdelek\/ropotuljica-little-dutch-marjetica\/#primaryimage"},"image":{"@id":"https:\/\/ajatutaja.com\/izdelek\/ropotuljica-little-dutch-marjetica\/#primaryimage"},"thumbnailUrl":"https:\/\/ajatutaja.com\/wp-content\/uploads\/2021\/11\/Little-dutch-marjetica-little-goose-1-e1610395557473.jpg","datePublished":"2021-01-11T19:04:33+00:00","dateModified":"2026-03-12T13:40:31+00:00","description":"Kako sr\u010dkana je ta marjetica iz kolekcije Little Goose! Prijeten zvok boste zasli\u0161ali vsaki\u010d, ko se bo va\u0161 mal\u010dek igral z njo.","breadcrumb":{"@id":"https:\/\/ajatutaja.com\/izdelek\/ropotuljica-little-dutch-marjetica\/#breadcrumb"},"inLanguage":"hr","potentialAction":[{"@type":"ReadAction","target":["https:\/\/ajatutaja.com\/izdelek\/ropotuljica-little-dutch-marjetica\/"]}]},{"@type":"ImageObject","inLanguage":"hr","@id":"https:\/\/ajatutaja.com\/izdelek\/ropotuljica-little-dutch-marjetica\/#primaryimage","url":"https:\/\/ajatutaja.com\/wp-content\/uploads\/2021\/11\/Little-dutch-marjetica-little-goose-1-e1610395557473.jpg","contentUrl":"https:\/\/ajatutaja.com\/wp-content\/uploads\/2021\/11\/Little-dutch-marjetica-little-goose-1-e1610395557473.jpg","width":750,"height":750},{"@type":"BreadcrumbList","@id":"https:\/\/ajatutaja.com\/izdelek\/ropotuljica-little-dutch-marjetica\/#breadcrumb","itemListElement":[{"@type":"ListItem","position":1,"name":"Home","item":"https:\/\/ajatutaja.com\/hr\/"},{"@type":"ListItem","position":2,"name":"Trgovina","item":"https:\/\/ajatutaja.com\/hr\/trgovina\/"},{"@type":"ListItem","position":3,"name":"Ropotuljica Little Dutch marjetica"}]},{"@type":"WebSite","@id":"https:\/\/ajatutaja.com\/#website","url":"https:\/\/ajatutaja.com\/","name":"Ajatutaja","description":"Otro\u0161ka spletna trgovina AJATUTAJA","publisher":{"@id":"https:\/\/ajatutaja.com\/#organization"},"potentialAction":[{"@type":"SearchAction","target":{"@type":"EntryPoint","urlTemplate":"https:\/\/ajatutaja.com\/?s={search_term_string}"},"query-input":{"@type":"PropertyValueSpecification","valueRequired":true,"valueName":"search_term_string"}}],"inLanguage":"hr"},{"@type":"Organization","@id":"https:\/\/ajatutaja.com\/#organization","name":"Ajatutaja","url":"https:\/\/ajatutaja.com\/","logo":{"@type":"ImageObject","inLanguage":"hr","@id":"https:\/\/ajatutaja.com\/#\/schema\/logo\/image\/","url":"https:\/\/ajatutaja.com\/wp-content\/uploads\/2021\/10\/logo.png","contentUrl":"https:\/\/ajatutaja.com\/wp-content\/uploads\/2021\/10\/logo.png","width":555,"height":150,"caption":"Ajatutaja"},"image":{"@id":"https:\/\/ajatutaja.com\/#\/schema\/logo\/image\/"}}]}},"brands":[{"id":2452,"name":"Igranje","slug":"igranje"},{"id":2457,"name":"Little Dutch","slug":"little-dutch-igra"}],"_links":{"self":[{"href":"https:\/\/ajatutaja.com\/hr\/wp-json\/wp\/v2\/product\/19870","targetHints":{"allow":["GET"]}}],"collection":[{"href":"https:\/\/ajatutaja.com\/hr\/wp-json\/wp\/v2\/product"}],"about":[{"href":"https:\/\/ajatutaja.com\/hr\/wp-json\/wp\/v2\/types\/product"}],"wp:featuredmedia":[{"embeddable":true,"href":"https:\/\/ajatutaja.com\/hr\/wp-json\/wp\/v2\/media\/19871"}],"wp:attachment":[{"href":"https:\/\/ajatutaja.com\/hr\/wp-json\/wp\/v2\/media?parent=19870"}],"wp:term":[{"taxonomy":"pwb-brand","embeddable":true,"href":"https:\/\/ajatutaja.com\/hr\/wp-json\/wp\/v2\/pwb-brand?post=19870"},{"taxonomy":"product_brand","embeddable":true,"href":"https:\/\/ajatutaja.com\/hr\/wp-json\/wp\/v2\/product_brand?post=19870"},{"taxonomy":"product_cat","embeddable":true,"href":"https:\/\/ajatutaja.com\/hr\/wp-json\/wp\/v2\/product_cat?post=19870"},{"taxonomy":"product_tag","embeddable":true,"href":"https:\/\/ajatutaja.com\/hr\/wp-json\/wp\/v2\/product_tag?post=19870"}],"curies":[{"name":"wp","href":"https:\/\/api.w.org\/{rel}","templated":true}]}}