{"id":19681,"date":"2020-12-11T21:38:42","date_gmt":"2020-12-11T20:38:42","guid":{"rendered":"https:\/\/ajatutaja.com\/izdelek\/leseno-sadje-little-dutch\/"},"modified":"2026-03-04T19:41:05","modified_gmt":"2026-03-04T18:41:05","slug":"leseno-sadje-little-dutch","status":"publish","type":"product","link":"https:\/\/ajatutaja.com\/hr\/proizvod\/leseno-sadje-little-dutch\/","title":{"rendered":"Leseno sadje Little Dutch"},"content":{"rendered":"<h3>Lastnosti lesenega sadja Little Dutch:<\/h3>\n<ul>\n<li>Izdelano iz lesa<\/li>\n<li>Set: 6 razli\u010dnih sade\u017eev + rezalna deska + lesen no\u017e<\/li>\n<li>Barvano z otrokom prijaznimi barvami na vodni osnovi<\/li>\n<li>Dimenzije: 21 x 16,7 x 6 cm<\/li>\n<li>Starost: 2 leti+<\/li>\n<\/ul>\n<p>Little Dutch izdeluje brez\u010dasne igra\u010de visoke kakovosti, z elegantnimi barvami, odtisi in ilustracijami. Vsi izdelki so skladni z evropskimi direktivami in se proizvajajo brez dela otrok in na dru\u017ebeno odgovoren na\u010din.<\/p>\n","protected":false},"excerpt":{"rendered":"<p>Nare\u017eite sadje z vklju\u010denim lesenim no\u017eem in desko za rezanje in postanite vrhunski kuhar!\u00a0Vklju\u010dena sta rezalna deska in lesen no\u017e, ki razdelita plodove na polovico in razkrijeta notranjost. Kateri je tvoj najljub\u0161i? Jabolko, banana, kivi, hru\u0161ka, pomaran\u010da ali rezina lubenice? Vse sadje lahko enostavno zlo\u017eite skupaj z je\u017eki.<\/p>\n","protected":false},"featured_media":19682,"template":"","meta":[],"pwb-brand":[2452,2457],"product_brand":[],"product_cat":[3991,2712,2713,2362,2448,2443],"product_tag":[4002,4428],"class_list":{"0":"post-19681","1":"product","2":"type-product","3":"status-publish","4":"has-post-thumbnail","6":"pwb-brand-igranje","7":"pwb-brand-little-dutch-igra","8":"product_cat-24-mesecev-igrace","9":"product_cat-darilo-za-decka","10":"product_cat-darilo-za-deklico","11":"product_cat-igranje","12":"product_cat-igranje-vlog","13":"product_cat-lesene-igrace","14":"product_tag-little-dutch","15":"product_tag-otroska-kuhinja","17":"first","18":"instock","19":"taxable","20":"shipping-taxable","21":"purchasable","22":"product-type-simple","23":"add-to-wishlist-before_image"},"yoast_head":"<!-- This site is optimized with the Yoast SEO plugin v27.3 - https:\/\/yoast.com\/product\/yoast-seo-wordpress\/ -->\n<title>Leseno sadje Little Dutch | Ajatutaja<\/title>\n<meta name=\"description\" content=\"Nare\u017eite sadje z vklju\u010denim lesenim no\u017eem in desko za rezanje in postanite vrhunski kuhar! Vklju\u010dena sta rezalna deska in lesen no\u017e, ki razdelita plodove na polovico in razkrijeta notranjost.\" \/>\n<meta name=\"robots\" content=\"index, follow, max-snippet:-1, max-image-preview:large, max-video-preview:-1\" \/>\n<link rel=\"canonical\" href=\"https:\/\/ajatutaja.com\/izdelek\/leseno-sadje-little-dutch\/\" \/>\n<meta property=\"og:locale\" content=\"hr_HR\" \/>\n<meta property=\"og:type\" content=\"article\" \/>\n<meta property=\"og:title\" content=\"Leseno sadje Little Dutch | Ajatutaja\" \/>\n<meta property=\"og:description\" content=\"Nare\u017eite sadje z vklju\u010denim lesenim no\u017eem in desko za rezanje in postanite vrhunski kuhar! Vklju\u010dena sta rezalna deska in lesen no\u017e, ki razdelita plodove na polovico in razkrijeta notranjost.\" \/>\n<meta property=\"og:url\" content=\"https:\/\/ajatutaja.com\/izdelek\/leseno-sadje-little-dutch\/\" \/>\n<meta property=\"og:site_name\" content=\"Ajatutaja\" \/>\n<meta property=\"article:modified_time\" content=\"2026-03-04T18:41:05+00:00\" \/>\n<meta property=\"og:image\" content=\"https:\/\/ajatutaja.com\/wp-content\/uploads\/2021\/11\/Lesena-igraca-little-dutch-sadje-iz-lesa-ajatutaja-1-e1607722878735.jpeg\" \/>\n\t<meta property=\"og:image:width\" content=\"800\" \/>\n\t<meta property=\"og:image:height\" content=\"800\" \/>\n\t<meta property=\"og:image:type\" content=\"image\/jpeg\" \/>\n<meta name=\"twitter:card\" content=\"summary_large_image\" \/>\n<script type=\"application\/ld+json\" class=\"yoast-schema-graph\">{\"@context\":\"https:\\\/\\\/schema.org\",\"@graph\":[{\"@type\":\"WebPage\",\"@id\":\"https:\\\/\\\/ajatutaja.com\\\/izdelek\\\/leseno-sadje-little-dutch\\\/\",\"url\":\"https:\\\/\\\/ajatutaja.com\\\/izdelek\\\/leseno-sadje-little-dutch\\\/\",\"name\":\"Leseno sadje Little Dutch | Ajatutaja\",\"isPartOf\":{\"@id\":\"https:\\\/\\\/ajatutaja.com\\\/#website\"},\"primaryImageOfPage\":{\"@id\":\"https:\\\/\\\/ajatutaja.com\\\/izdelek\\\/leseno-sadje-little-dutch\\\/#primaryimage\"},\"image\":{\"@id\":\"https:\\\/\\\/ajatutaja.com\\\/izdelek\\\/leseno-sadje-little-dutch\\\/#primaryimage\"},\"thumbnailUrl\":\"https:\\\/\\\/ajatutaja.com\\\/wp-content\\\/uploads\\\/2021\\\/11\\\/Lesena-igraca-little-dutch-sadje-iz-lesa-ajatutaja-1-e1607722878735.jpeg\",\"datePublished\":\"2020-12-11T20:38:42+00:00\",\"dateModified\":\"2026-03-04T18:41:05+00:00\",\"description\":\"Nare\u017eite sadje z vklju\u010denim lesenim no\u017eem in desko za rezanje in postanite vrhunski kuhar! Vklju\u010dena sta rezalna deska in lesen no\u017e, ki razdelita plodove na polovico in razkrijeta notranjost.\",\"breadcrumb\":{\"@id\":\"https:\\\/\\\/ajatutaja.com\\\/izdelek\\\/leseno-sadje-little-dutch\\\/#breadcrumb\"},\"inLanguage\":\"hr\",\"potentialAction\":[{\"@type\":\"ReadAction\",\"target\":[\"https:\\\/\\\/ajatutaja.com\\\/izdelek\\\/leseno-sadje-little-dutch\\\/\"]}]},{\"@type\":\"ImageObject\",\"inLanguage\":\"hr\",\"@id\":\"https:\\\/\\\/ajatutaja.com\\\/izdelek\\\/leseno-sadje-little-dutch\\\/#primaryimage\",\"url\":\"https:\\\/\\\/ajatutaja.com\\\/wp-content\\\/uploads\\\/2021\\\/11\\\/Lesena-igraca-little-dutch-sadje-iz-lesa-ajatutaja-1-e1607722878735.jpeg\",\"contentUrl\":\"https:\\\/\\\/ajatutaja.com\\\/wp-content\\\/uploads\\\/2021\\\/11\\\/Lesena-igraca-little-dutch-sadje-iz-lesa-ajatutaja-1-e1607722878735.jpeg\",\"width\":800,\"height\":800},{\"@type\":\"BreadcrumbList\",\"@id\":\"https:\\\/\\\/ajatutaja.com\\\/izdelek\\\/leseno-sadje-little-dutch\\\/#breadcrumb\",\"itemListElement\":[{\"@type\":\"ListItem\",\"position\":1,\"name\":\"Home\",\"item\":\"https:\\\/\\\/ajatutaja.com\\\/hr\\\/\"},{\"@type\":\"ListItem\",\"position\":2,\"name\":\"Trgovina\",\"item\":\"https:\\\/\\\/ajatutaja.com\\\/hr\\\/trgovina\\\/\"},{\"@type\":\"ListItem\",\"position\":3,\"name\":\"Leseno sadje Little Dutch\"}]},{\"@type\":\"WebSite\",\"@id\":\"https:\\\/\\\/ajatutaja.com\\\/#website\",\"url\":\"https:\\\/\\\/ajatutaja.com\\\/\",\"name\":\"Ajatutaja\",\"description\":\"Otro\u0161ka spletna trgovina AJATUTAJA\",\"publisher\":{\"@id\":\"https:\\\/\\\/ajatutaja.com\\\/#organization\"},\"potentialAction\":[{\"@type\":\"SearchAction\",\"target\":{\"@type\":\"EntryPoint\",\"urlTemplate\":\"https:\\\/\\\/ajatutaja.com\\\/?s={search_term_string}\"},\"query-input\":{\"@type\":\"PropertyValueSpecification\",\"valueRequired\":true,\"valueName\":\"search_term_string\"}}],\"inLanguage\":\"hr\"},{\"@type\":\"Organization\",\"@id\":\"https:\\\/\\\/ajatutaja.com\\\/#organization\",\"name\":\"Ajatutaja\",\"url\":\"https:\\\/\\\/ajatutaja.com\\\/\",\"logo\":{\"@type\":\"ImageObject\",\"inLanguage\":\"hr\",\"@id\":\"https:\\\/\\\/ajatutaja.com\\\/#\\\/schema\\\/logo\\\/image\\\/\",\"url\":\"https:\\\/\\\/ajatutaja.com\\\/wp-content\\\/uploads\\\/2021\\\/10\\\/logo.png\",\"contentUrl\":\"https:\\\/\\\/ajatutaja.com\\\/wp-content\\\/uploads\\\/2021\\\/10\\\/logo.png\",\"width\":555,\"height\":150,\"caption\":\"Ajatutaja\"},\"image\":{\"@id\":\"https:\\\/\\\/ajatutaja.com\\\/#\\\/schema\\\/logo\\\/image\\\/\"}}]}<\/script>\n<!-- \/ Yoast SEO plugin. -->","yoast_head_json":{"title":"Leseno sadje Little Dutch | Ajatutaja","description":"Nare\u017eite sadje z vklju\u010denim lesenim no\u017eem in desko za rezanje in postanite vrhunski kuhar! Vklju\u010dena sta rezalna deska in lesen no\u017e, ki razdelita plodove na polovico in razkrijeta notranjost.","robots":{"index":"index","follow":"follow","max-snippet":"max-snippet:-1","max-image-preview":"max-image-preview:large","max-video-preview":"max-video-preview:-1"},"canonical":"https:\/\/ajatutaja.com\/izdelek\/leseno-sadje-little-dutch\/","og_locale":"hr_HR","og_type":"article","og_title":"Leseno sadje Little Dutch | Ajatutaja","og_description":"Nare\u017eite sadje z vklju\u010denim lesenim no\u017eem in desko za rezanje in postanite vrhunski kuhar! Vklju\u010dena sta rezalna deska in lesen no\u017e, ki razdelita plodove na polovico in razkrijeta notranjost.","og_url":"https:\/\/ajatutaja.com\/izdelek\/leseno-sadje-little-dutch\/","og_site_name":"Ajatutaja","article_modified_time":"2026-03-04T18:41:05+00:00","og_image":[{"width":800,"height":800,"url":"https:\/\/ajatutaja.com\/wp-content\/uploads\/2021\/11\/Lesena-igraca-little-dutch-sadje-iz-lesa-ajatutaja-1-e1607722878735.jpeg","type":"image\/jpeg"}],"twitter_card":"summary_large_image","schema":{"@context":"https:\/\/schema.org","@graph":[{"@type":"WebPage","@id":"https:\/\/ajatutaja.com\/izdelek\/leseno-sadje-little-dutch\/","url":"https:\/\/ajatutaja.com\/izdelek\/leseno-sadje-little-dutch\/","name":"Leseno sadje Little Dutch | Ajatutaja","isPartOf":{"@id":"https:\/\/ajatutaja.com\/#website"},"primaryImageOfPage":{"@id":"https:\/\/ajatutaja.com\/izdelek\/leseno-sadje-little-dutch\/#primaryimage"},"image":{"@id":"https:\/\/ajatutaja.com\/izdelek\/leseno-sadje-little-dutch\/#primaryimage"},"thumbnailUrl":"https:\/\/ajatutaja.com\/wp-content\/uploads\/2021\/11\/Lesena-igraca-little-dutch-sadje-iz-lesa-ajatutaja-1-e1607722878735.jpeg","datePublished":"2020-12-11T20:38:42+00:00","dateModified":"2026-03-04T18:41:05+00:00","description":"Nare\u017eite sadje z vklju\u010denim lesenim no\u017eem in desko za rezanje in postanite vrhunski kuhar! Vklju\u010dena sta rezalna deska in lesen no\u017e, ki razdelita plodove na polovico in razkrijeta notranjost.","breadcrumb":{"@id":"https:\/\/ajatutaja.com\/izdelek\/leseno-sadje-little-dutch\/#breadcrumb"},"inLanguage":"hr","potentialAction":[{"@type":"ReadAction","target":["https:\/\/ajatutaja.com\/izdelek\/leseno-sadje-little-dutch\/"]}]},{"@type":"ImageObject","inLanguage":"hr","@id":"https:\/\/ajatutaja.com\/izdelek\/leseno-sadje-little-dutch\/#primaryimage","url":"https:\/\/ajatutaja.com\/wp-content\/uploads\/2021\/11\/Lesena-igraca-little-dutch-sadje-iz-lesa-ajatutaja-1-e1607722878735.jpeg","contentUrl":"https:\/\/ajatutaja.com\/wp-content\/uploads\/2021\/11\/Lesena-igraca-little-dutch-sadje-iz-lesa-ajatutaja-1-e1607722878735.jpeg","width":800,"height":800},{"@type":"BreadcrumbList","@id":"https:\/\/ajatutaja.com\/izdelek\/leseno-sadje-little-dutch\/#breadcrumb","itemListElement":[{"@type":"ListItem","position":1,"name":"Home","item":"https:\/\/ajatutaja.com\/hr\/"},{"@type":"ListItem","position":2,"name":"Trgovina","item":"https:\/\/ajatutaja.com\/hr\/trgovina\/"},{"@type":"ListItem","position":3,"name":"Leseno sadje Little Dutch"}]},{"@type":"WebSite","@id":"https:\/\/ajatutaja.com\/#website","url":"https:\/\/ajatutaja.com\/","name":"Ajatutaja","description":"Otro\u0161ka spletna trgovina AJATUTAJA","publisher":{"@id":"https:\/\/ajatutaja.com\/#organization"},"potentialAction":[{"@type":"SearchAction","target":{"@type":"EntryPoint","urlTemplate":"https:\/\/ajatutaja.com\/?s={search_term_string}"},"query-input":{"@type":"PropertyValueSpecification","valueRequired":true,"valueName":"search_term_string"}}],"inLanguage":"hr"},{"@type":"Organization","@id":"https:\/\/ajatutaja.com\/#organization","name":"Ajatutaja","url":"https:\/\/ajatutaja.com\/","logo":{"@type":"ImageObject","inLanguage":"hr","@id":"https:\/\/ajatutaja.com\/#\/schema\/logo\/image\/","url":"https:\/\/ajatutaja.com\/wp-content\/uploads\/2021\/10\/logo.png","contentUrl":"https:\/\/ajatutaja.com\/wp-content\/uploads\/2021\/10\/logo.png","width":555,"height":150,"caption":"Ajatutaja"},"image":{"@id":"https:\/\/ajatutaja.com\/#\/schema\/logo\/image\/"}}]}},"brands":[{"id":2452,"name":"Igranje","slug":"igranje"},{"id":2457,"name":"Little Dutch","slug":"little-dutch-igra"}],"_links":{"self":[{"href":"https:\/\/ajatutaja.com\/hr\/wp-json\/wp\/v2\/product\/19681","targetHints":{"allow":["GET"]}}],"collection":[{"href":"https:\/\/ajatutaja.com\/hr\/wp-json\/wp\/v2\/product"}],"about":[{"href":"https:\/\/ajatutaja.com\/hr\/wp-json\/wp\/v2\/types\/product"}],"wp:featuredmedia":[{"embeddable":true,"href":"https:\/\/ajatutaja.com\/hr\/wp-json\/wp\/v2\/media\/19682"}],"wp:attachment":[{"href":"https:\/\/ajatutaja.com\/hr\/wp-json\/wp\/v2\/media?parent=19681"}],"wp:term":[{"taxonomy":"pwb-brand","embeddable":true,"href":"https:\/\/ajatutaja.com\/hr\/wp-json\/wp\/v2\/pwb-brand?post=19681"},{"taxonomy":"product_brand","embeddable":true,"href":"https:\/\/ajatutaja.com\/hr\/wp-json\/wp\/v2\/product_brand?post=19681"},{"taxonomy":"product_cat","embeddable":true,"href":"https:\/\/ajatutaja.com\/hr\/wp-json\/wp\/v2\/product_cat?post=19681"},{"taxonomy":"product_tag","embeddable":true,"href":"https:\/\/ajatutaja.com\/hr\/wp-json\/wp\/v2\/product_tag?post=19681"}],"curies":[{"name":"wp","href":"https:\/\/api.w.org\/{rel}","templated":true}]}}