{"id":19676,"date":"2020-12-11T21:09:26","date_gmt":"2020-12-11T20:09:26","guid":{"rendered":"https:\/\/ajatutaja.com\/izdelek\/kids-concept-igra-tri-v-vrsto\/"},"modified":"2022-04-20T18:29:19","modified_gmt":"2022-04-20T16:29:19","slug":"kids-concept-igra-tri-v-vrsto","status":"publish","type":"product","link":"https:\/\/ajatutaja.com\/hr\/proizvod\/kids-concept-igra-tri-v-vrsto\/","title":{"rendered":"Kid`s Concept igra &#8211; Tri v vrsto"},"content":{"rendered":"<p>Kid`s Concept igra &#8220;Tri v vrsto&#8221; ima naslednje lastnosti:<\/p>\n<ul>\n<li>Material: les<\/li>\n<li>Velikost: 20 x 20 x 2 cm<\/li>\n<li>Varnost: Produkt ustreza trenutnim EU varnostnim zahtevam in varnostnemu standardu za igra\u010de EN 71<\/li>\n<li>Priporo\u010dljiva starost: 12m+<\/li>\n<\/ul>\n<p><em>Lesene igra\u010de in glasbila Kid`s Concept so na voljo tudi v trgovini Ajatutaja Koper!<\/em><\/p>\n","protected":false},"excerpt":{"rendered":"<p>Kid`s Concept Edvin Ludo igra &#8211; \u010clovek ne jezi se je klasi\u010dna, ro\u010dno izdelana igra za male in velike. Je zabavna in pou\u010dna ter namenjena vsej dru\u017eini!<\/p>\n","protected":false},"featured_media":19674,"template":"","meta":[],"pwb-brand":[2452,2470],"product_brand":[],"product_cat":[2716,2450,2362,2443],"product_tag":[4215],"class_list":{"0":"post-19676","1":"product","2":"type-product","3":"status-publish","4":"has-post-thumbnail","6":"pwb-brand-igranje","7":"pwb-brand-kids-concept","8":"product_cat-darilo-do-30e","9":"product_cat-druzabne-igre","10":"product_cat-igranje","11":"product_cat-lesene-igrace","12":"product_tag-kids-concept","14":"first","15":"instock","16":"taxable","17":"shipping-taxable","18":"purchasable","19":"product-type-simple","20":"add-to-wishlist-before_image"},"yoast_head":"<!-- This site is optimized with the Yoast SEO plugin v27.3 - https:\/\/yoast.com\/product\/yoast-seo-wordpress\/ -->\n<title>Kid`s Concept igra - Tri v vrsto | Ajatutaja<\/title>\n<meta name=\"description\" content=\"Kid`s Concept Edvin Ludo igra - \u010clovek ne jezi se je klasi\u010dna, ro\u010dno izdelana igra za male in velike. Je zabavna in pou\u010dna ter namenjena vsej dru\u017eini!\" \/>\n<meta name=\"robots\" content=\"index, follow, max-snippet:-1, max-image-preview:large, max-video-preview:-1\" \/>\n<link rel=\"canonical\" href=\"https:\/\/ajatutaja.com\/izdelek\/kids-concept-igra-tri-v-vrsto\/\" \/>\n<meta property=\"og:locale\" content=\"hr_HR\" \/>\n<meta property=\"og:type\" content=\"article\" \/>\n<meta property=\"og:title\" content=\"Kid`s Concept igra - Tri v vrsto | Ajatutaja\" \/>\n<meta property=\"og:description\" content=\"Kid`s Concept Edvin Ludo igra - \u010clovek ne jezi se je klasi\u010dna, ro\u010dno izdelana igra za male in velike. Je zabavna in pou\u010dna ter namenjena vsej dru\u017eini!\" \/>\n<meta property=\"og:url\" content=\"https:\/\/ajatutaja.com\/izdelek\/kids-concept-igra-tri-v-vrsto\/\" \/>\n<meta property=\"og:site_name\" content=\"Ajatutaja\" \/>\n<meta property=\"article:modified_time\" content=\"2022-04-20T16:29:19+00:00\" \/>\n<meta property=\"og:image\" content=\"https:\/\/ajatutaja.com\/wp-content\/uploads\/2021\/11\/kids-concept-igra-tri-v-vrsto-ajatutaja-1.jpeg\" \/>\n\t<meta property=\"og:image:width\" content=\"650\" \/>\n\t<meta property=\"og:image:height\" content=\"650\" \/>\n\t<meta property=\"og:image:type\" content=\"image\/jpeg\" \/>\n<meta name=\"twitter:card\" content=\"summary_large_image\" \/>\n<script type=\"application\/ld+json\" class=\"yoast-schema-graph\">{\"@context\":\"https:\\\/\\\/schema.org\",\"@graph\":[{\"@type\":\"WebPage\",\"@id\":\"https:\\\/\\\/ajatutaja.com\\\/izdelek\\\/kids-concept-igra-tri-v-vrsto\\\/\",\"url\":\"https:\\\/\\\/ajatutaja.com\\\/izdelek\\\/kids-concept-igra-tri-v-vrsto\\\/\",\"name\":\"Kid`s Concept igra - Tri v vrsto | Ajatutaja\",\"isPartOf\":{\"@id\":\"https:\\\/\\\/ajatutaja.com\\\/#website\"},\"primaryImageOfPage\":{\"@id\":\"https:\\\/\\\/ajatutaja.com\\\/izdelek\\\/kids-concept-igra-tri-v-vrsto\\\/#primaryimage\"},\"image\":{\"@id\":\"https:\\\/\\\/ajatutaja.com\\\/izdelek\\\/kids-concept-igra-tri-v-vrsto\\\/#primaryimage\"},\"thumbnailUrl\":\"https:\\\/\\\/ajatutaja.com\\\/wp-content\\\/uploads\\\/2021\\\/11\\\/kids-concept-igra-tri-v-vrsto-ajatutaja-1.jpeg\",\"datePublished\":\"2020-12-11T20:09:26+00:00\",\"dateModified\":\"2022-04-20T16:29:19+00:00\",\"description\":\"Kid`s Concept Edvin Ludo igra - \u010clovek ne jezi se je klasi\u010dna, ro\u010dno izdelana igra za male in velike. Je zabavna in pou\u010dna ter namenjena vsej dru\u017eini!\",\"breadcrumb\":{\"@id\":\"https:\\\/\\\/ajatutaja.com\\\/izdelek\\\/kids-concept-igra-tri-v-vrsto\\\/#breadcrumb\"},\"inLanguage\":\"hr\",\"potentialAction\":[{\"@type\":\"ReadAction\",\"target\":[\"https:\\\/\\\/ajatutaja.com\\\/izdelek\\\/kids-concept-igra-tri-v-vrsto\\\/\"]}]},{\"@type\":\"ImageObject\",\"inLanguage\":\"hr\",\"@id\":\"https:\\\/\\\/ajatutaja.com\\\/izdelek\\\/kids-concept-igra-tri-v-vrsto\\\/#primaryimage\",\"url\":\"https:\\\/\\\/ajatutaja.com\\\/wp-content\\\/uploads\\\/2021\\\/11\\\/kids-concept-igra-tri-v-vrsto-ajatutaja-1.jpeg\",\"contentUrl\":\"https:\\\/\\\/ajatutaja.com\\\/wp-content\\\/uploads\\\/2021\\\/11\\\/kids-concept-igra-tri-v-vrsto-ajatutaja-1.jpeg\",\"width\":650,\"height\":650},{\"@type\":\"BreadcrumbList\",\"@id\":\"https:\\\/\\\/ajatutaja.com\\\/izdelek\\\/kids-concept-igra-tri-v-vrsto\\\/#breadcrumb\",\"itemListElement\":[{\"@type\":\"ListItem\",\"position\":1,\"name\":\"Home\",\"item\":\"https:\\\/\\\/ajatutaja.com\\\/hr\\\/\"},{\"@type\":\"ListItem\",\"position\":2,\"name\":\"Trgovina\",\"item\":\"https:\\\/\\\/ajatutaja.com\\\/hr\\\/trgovina\\\/\"},{\"@type\":\"ListItem\",\"position\":3,\"name\":\"Kid`s Concept igra &#8211; Tri v vrsto\"}]},{\"@type\":\"WebSite\",\"@id\":\"https:\\\/\\\/ajatutaja.com\\\/#website\",\"url\":\"https:\\\/\\\/ajatutaja.com\\\/\",\"name\":\"Ajatutaja\",\"description\":\"Otro\u0161ka spletna trgovina AJATUTAJA\",\"publisher\":{\"@id\":\"https:\\\/\\\/ajatutaja.com\\\/#organization\"},\"potentialAction\":[{\"@type\":\"SearchAction\",\"target\":{\"@type\":\"EntryPoint\",\"urlTemplate\":\"https:\\\/\\\/ajatutaja.com\\\/?s={search_term_string}\"},\"query-input\":{\"@type\":\"PropertyValueSpecification\",\"valueRequired\":true,\"valueName\":\"search_term_string\"}}],\"inLanguage\":\"hr\"},{\"@type\":\"Organization\",\"@id\":\"https:\\\/\\\/ajatutaja.com\\\/#organization\",\"name\":\"Ajatutaja\",\"url\":\"https:\\\/\\\/ajatutaja.com\\\/\",\"logo\":{\"@type\":\"ImageObject\",\"inLanguage\":\"hr\",\"@id\":\"https:\\\/\\\/ajatutaja.com\\\/#\\\/schema\\\/logo\\\/image\\\/\",\"url\":\"https:\\\/\\\/ajatutaja.com\\\/wp-content\\\/uploads\\\/2021\\\/10\\\/logo.png\",\"contentUrl\":\"https:\\\/\\\/ajatutaja.com\\\/wp-content\\\/uploads\\\/2021\\\/10\\\/logo.png\",\"width\":555,\"height\":150,\"caption\":\"Ajatutaja\"},\"image\":{\"@id\":\"https:\\\/\\\/ajatutaja.com\\\/#\\\/schema\\\/logo\\\/image\\\/\"}}]}<\/script>\n<!-- \/ Yoast SEO plugin. -->","yoast_head_json":{"title":"Kid`s Concept igra - Tri v vrsto | Ajatutaja","description":"Kid`s Concept Edvin Ludo igra - \u010clovek ne jezi se je klasi\u010dna, ro\u010dno izdelana igra za male in velike. Je zabavna in pou\u010dna ter namenjena vsej dru\u017eini!","robots":{"index":"index","follow":"follow","max-snippet":"max-snippet:-1","max-image-preview":"max-image-preview:large","max-video-preview":"max-video-preview:-1"},"canonical":"https:\/\/ajatutaja.com\/izdelek\/kids-concept-igra-tri-v-vrsto\/","og_locale":"hr_HR","og_type":"article","og_title":"Kid`s Concept igra - Tri v vrsto | Ajatutaja","og_description":"Kid`s Concept Edvin Ludo igra - \u010clovek ne jezi se je klasi\u010dna, ro\u010dno izdelana igra za male in velike. Je zabavna in pou\u010dna ter namenjena vsej dru\u017eini!","og_url":"https:\/\/ajatutaja.com\/izdelek\/kids-concept-igra-tri-v-vrsto\/","og_site_name":"Ajatutaja","article_modified_time":"2022-04-20T16:29:19+00:00","og_image":[{"width":650,"height":650,"url":"https:\/\/ajatutaja.com\/wp-content\/uploads\/2021\/11\/kids-concept-igra-tri-v-vrsto-ajatutaja-1.jpeg","type":"image\/jpeg"}],"twitter_card":"summary_large_image","schema":{"@context":"https:\/\/schema.org","@graph":[{"@type":"WebPage","@id":"https:\/\/ajatutaja.com\/izdelek\/kids-concept-igra-tri-v-vrsto\/","url":"https:\/\/ajatutaja.com\/izdelek\/kids-concept-igra-tri-v-vrsto\/","name":"Kid`s Concept igra - Tri v vrsto | Ajatutaja","isPartOf":{"@id":"https:\/\/ajatutaja.com\/#website"},"primaryImageOfPage":{"@id":"https:\/\/ajatutaja.com\/izdelek\/kids-concept-igra-tri-v-vrsto\/#primaryimage"},"image":{"@id":"https:\/\/ajatutaja.com\/izdelek\/kids-concept-igra-tri-v-vrsto\/#primaryimage"},"thumbnailUrl":"https:\/\/ajatutaja.com\/wp-content\/uploads\/2021\/11\/kids-concept-igra-tri-v-vrsto-ajatutaja-1.jpeg","datePublished":"2020-12-11T20:09:26+00:00","dateModified":"2022-04-20T16:29:19+00:00","description":"Kid`s Concept Edvin Ludo igra - \u010clovek ne jezi se je klasi\u010dna, ro\u010dno izdelana igra za male in velike. Je zabavna in pou\u010dna ter namenjena vsej dru\u017eini!","breadcrumb":{"@id":"https:\/\/ajatutaja.com\/izdelek\/kids-concept-igra-tri-v-vrsto\/#breadcrumb"},"inLanguage":"hr","potentialAction":[{"@type":"ReadAction","target":["https:\/\/ajatutaja.com\/izdelek\/kids-concept-igra-tri-v-vrsto\/"]}]},{"@type":"ImageObject","inLanguage":"hr","@id":"https:\/\/ajatutaja.com\/izdelek\/kids-concept-igra-tri-v-vrsto\/#primaryimage","url":"https:\/\/ajatutaja.com\/wp-content\/uploads\/2021\/11\/kids-concept-igra-tri-v-vrsto-ajatutaja-1.jpeg","contentUrl":"https:\/\/ajatutaja.com\/wp-content\/uploads\/2021\/11\/kids-concept-igra-tri-v-vrsto-ajatutaja-1.jpeg","width":650,"height":650},{"@type":"BreadcrumbList","@id":"https:\/\/ajatutaja.com\/izdelek\/kids-concept-igra-tri-v-vrsto\/#breadcrumb","itemListElement":[{"@type":"ListItem","position":1,"name":"Home","item":"https:\/\/ajatutaja.com\/hr\/"},{"@type":"ListItem","position":2,"name":"Trgovina","item":"https:\/\/ajatutaja.com\/hr\/trgovina\/"},{"@type":"ListItem","position":3,"name":"Kid`s Concept igra &#8211; Tri v vrsto"}]},{"@type":"WebSite","@id":"https:\/\/ajatutaja.com\/#website","url":"https:\/\/ajatutaja.com\/","name":"Ajatutaja","description":"Otro\u0161ka spletna trgovina AJATUTAJA","publisher":{"@id":"https:\/\/ajatutaja.com\/#organization"},"potentialAction":[{"@type":"SearchAction","target":{"@type":"EntryPoint","urlTemplate":"https:\/\/ajatutaja.com\/?s={search_term_string}"},"query-input":{"@type":"PropertyValueSpecification","valueRequired":true,"valueName":"search_term_string"}}],"inLanguage":"hr"},{"@type":"Organization","@id":"https:\/\/ajatutaja.com\/#organization","name":"Ajatutaja","url":"https:\/\/ajatutaja.com\/","logo":{"@type":"ImageObject","inLanguage":"hr","@id":"https:\/\/ajatutaja.com\/#\/schema\/logo\/image\/","url":"https:\/\/ajatutaja.com\/wp-content\/uploads\/2021\/10\/logo.png","contentUrl":"https:\/\/ajatutaja.com\/wp-content\/uploads\/2021\/10\/logo.png","width":555,"height":150,"caption":"Ajatutaja"},"image":{"@id":"https:\/\/ajatutaja.com\/#\/schema\/logo\/image\/"}}]}},"brands":[{"id":2452,"name":"Igranje","slug":"igranje"},{"id":2470,"name":"Kid's Concept","slug":"kids-concept"}],"_links":{"self":[{"href":"https:\/\/ajatutaja.com\/hr\/wp-json\/wp\/v2\/product\/19676","targetHints":{"allow":["GET"]}}],"collection":[{"href":"https:\/\/ajatutaja.com\/hr\/wp-json\/wp\/v2\/product"}],"about":[{"href":"https:\/\/ajatutaja.com\/hr\/wp-json\/wp\/v2\/types\/product"}],"wp:featuredmedia":[{"embeddable":true,"href":"https:\/\/ajatutaja.com\/hr\/wp-json\/wp\/v2\/media\/19674"}],"wp:attachment":[{"href":"https:\/\/ajatutaja.com\/hr\/wp-json\/wp\/v2\/media?parent=19676"}],"wp:term":[{"taxonomy":"pwb-brand","embeddable":true,"href":"https:\/\/ajatutaja.com\/hr\/wp-json\/wp\/v2\/pwb-brand?post=19676"},{"taxonomy":"product_brand","embeddable":true,"href":"https:\/\/ajatutaja.com\/hr\/wp-json\/wp\/v2\/product_brand?post=19676"},{"taxonomy":"product_cat","embeddable":true,"href":"https:\/\/ajatutaja.com\/hr\/wp-json\/wp\/v2\/product_cat?post=19676"},{"taxonomy":"product_tag","embeddable":true,"href":"https:\/\/ajatutaja.com\/hr\/wp-json\/wp\/v2\/product_tag?post=19676"}],"curies":[{"name":"wp","href":"https:\/\/api.w.org\/{rel}","templated":true}]}}