{"id":19653,"date":"2020-12-11T06:43:57","date_gmt":"2020-12-11T05:43:57","guid":{"rendered":"https:\/\/ajatutaja.com\/izdelek\/lesena-skatla-z-orodjem-kids-concept-natural\/"},"modified":"2026-03-12T14:54:51","modified_gmt":"2026-03-12T13:54:51","slug":"lesena-skatla-z-orodjem-kids-concept","status":"publish","type":"product","link":"https:\/\/ajatutaja.com\/hr\/proizvod\/lesena-skatla-z-orodjem-kids-concept\/","title":{"rendered":"Lesena \u0161katla z orodjem Kid`s Concept"},"content":{"rendered":"<p>[vc_row][vc_column][vc_column_text]Lesena \u0161katla z orodjem Kid`s Concept ima naslednje lastnosti:<\/p>\n<ul>\n<li>Material: les<\/li>\n<li>Velikost: 15 x 13,5 x 25 cm<\/li>\n<li>V kompletu \u0161katla z 20 kosi orodja za male mojstre<\/li>\n<li>Varnost: Produkt ustreza trenutnim EU varnostnim zahtevam in varnostnemu standardu za igra\u010de EN 71<\/li>\n<li>Priporo\u010dljiva starost: 3\u00a0 leta+<\/li>\n<\/ul>\n<p>[\/vc_column_text][\/vc_column][\/vc_row]<\/p>\n","protected":false},"excerpt":{"rendered":"<p>Ro\u010dno izdelana lesena \u0161katla z orodjem iz kolekcije Kid&#8217;s Concept ter leseno orodje bo va\u0161im mal\u010dkom nudila ogromno zadovoljstva in veselja ob \u017eaganju, zabijanju in merjenju. Ob tej igra\u010dki se bodo po\u010dutili pravi mojstri!<\/p>\n","protected":false},"featured_media":39940,"template":"","meta":[],"pwb-brand":[2452,2470],"product_brand":[],"product_cat":[3992,2441,2362,2448,2443],"product_tag":[4215,5020],"class_list":{"0":"post-19653","1":"product","2":"type-product","3":"status-publish","4":"has-post-thumbnail","6":"pwb-brand-igranje","7":"pwb-brand-kids-concept","8":"product_cat-3-leta-igrace","9":"product_cat-aktivnostne-igrace","10":"product_cat-igranje","11":"product_cat-igranje-vlog","12":"product_cat-lesene-igrace","13":"product_tag-kids-concept","14":"product_tag-mali-mojster","16":"first","17":"onbackorder","18":"taxable","19":"shipping-taxable","20":"purchasable","21":"product-type-simple","22":"add-to-wishlist-before_image"},"yoast_head":"<!-- This site is optimized with the Yoast SEO plugin v27.3 - https:\/\/yoast.com\/product\/yoast-seo-wordpress\/ -->\n<title>Lesena \u0161katla z orodjem Kid`s Concept | Ajatutaja<\/title>\n<meta name=\"description\" content=\"Ro\u010dno izdelana lesena \u0161katla z orodjem iz kolekcije Kid&#039;s Concept ter leseno orodje bo va\u0161im mal\u010dkom nudila ogromno zadovoljstva in veselja ob \u017eaganju, zabijanju in merjenju.\" \/>\n<meta name=\"robots\" content=\"index, follow, max-snippet:-1, max-image-preview:large, max-video-preview:-1\" \/>\n<link rel=\"canonical\" href=\"https:\/\/ajatutaja.com\/izdelek\/lesena-skatla-z-orodjem-kids-concept\/\" \/>\n<meta property=\"og:locale\" content=\"hr_HR\" \/>\n<meta property=\"og:type\" content=\"article\" \/>\n<meta property=\"og:title\" content=\"Lesena \u0161katla z orodjem Kid`s Concept | Ajatutaja\" \/>\n<meta property=\"og:description\" content=\"Ro\u010dno izdelana lesena \u0161katla z orodjem iz kolekcije Kid&#039;s Concept ter leseno orodje bo va\u0161im mal\u010dkom nudila ogromno zadovoljstva in veselja ob \u017eaganju, zabijanju in merjenju.\" \/>\n<meta property=\"og:url\" content=\"https:\/\/ajatutaja.com\/izdelek\/lesena-skatla-z-orodjem-kids-concept\/\" \/>\n<meta property=\"og:site_name\" content=\"Ajatutaja\" \/>\n<meta property=\"article:modified_time\" content=\"2026-03-12T13:54:51+00:00\" \/>\n<meta property=\"og:image\" content=\"https:\/\/ajatutaja.com\/wp-content\/uploads\/2020\/12\/kids-concept-skatlica-z-orodjem-ajatutaja-3.jpeg\" \/>\n\t<meta property=\"og:image:width\" content=\"650\" \/>\n\t<meta property=\"og:image:height\" content=\"650\" \/>\n\t<meta property=\"og:image:type\" content=\"image\/jpeg\" \/>\n<meta name=\"twitter:card\" content=\"summary_large_image\" \/>\n<script type=\"application\/ld+json\" class=\"yoast-schema-graph\">{\"@context\":\"https:\\\/\\\/schema.org\",\"@graph\":[{\"@type\":\"WebPage\",\"@id\":\"https:\\\/\\\/ajatutaja.com\\\/izdelek\\\/lesena-skatla-z-orodjem-kids-concept\\\/\",\"url\":\"https:\\\/\\\/ajatutaja.com\\\/izdelek\\\/lesena-skatla-z-orodjem-kids-concept\\\/\",\"name\":\"Lesena \u0161katla z orodjem Kid`s Concept | Ajatutaja\",\"isPartOf\":{\"@id\":\"https:\\\/\\\/ajatutaja.com\\\/#website\"},\"primaryImageOfPage\":{\"@id\":\"https:\\\/\\\/ajatutaja.com\\\/izdelek\\\/lesena-skatla-z-orodjem-kids-concept\\\/#primaryimage\"},\"image\":{\"@id\":\"https:\\\/\\\/ajatutaja.com\\\/izdelek\\\/lesena-skatla-z-orodjem-kids-concept\\\/#primaryimage\"},\"thumbnailUrl\":\"https:\\\/\\\/ajatutaja.com\\\/wp-content\\\/uploads\\\/2020\\\/12\\\/kids-concept-skatlica-z-orodjem-ajatutaja-3.jpeg\",\"datePublished\":\"2020-12-11T05:43:57+00:00\",\"dateModified\":\"2026-03-12T13:54:51+00:00\",\"description\":\"Ro\u010dno izdelana lesena \u0161katla z orodjem iz kolekcije Kid's Concept ter leseno orodje bo va\u0161im mal\u010dkom nudila ogromno zadovoljstva in veselja ob \u017eaganju, zabijanju in merjenju.\",\"breadcrumb\":{\"@id\":\"https:\\\/\\\/ajatutaja.com\\\/izdelek\\\/lesena-skatla-z-orodjem-kids-concept\\\/#breadcrumb\"},\"inLanguage\":\"hr\",\"potentialAction\":[{\"@type\":\"ReadAction\",\"target\":[\"https:\\\/\\\/ajatutaja.com\\\/izdelek\\\/lesena-skatla-z-orodjem-kids-concept\\\/\"]}]},{\"@type\":\"ImageObject\",\"inLanguage\":\"hr\",\"@id\":\"https:\\\/\\\/ajatutaja.com\\\/izdelek\\\/lesena-skatla-z-orodjem-kids-concept\\\/#primaryimage\",\"url\":\"https:\\\/\\\/ajatutaja.com\\\/wp-content\\\/uploads\\\/2020\\\/12\\\/kids-concept-skatlica-z-orodjem-ajatutaja-3.jpeg\",\"contentUrl\":\"https:\\\/\\\/ajatutaja.com\\\/wp-content\\\/uploads\\\/2020\\\/12\\\/kids-concept-skatlica-z-orodjem-ajatutaja-3.jpeg\",\"width\":650,\"height\":650},{\"@type\":\"BreadcrumbList\",\"@id\":\"https:\\\/\\\/ajatutaja.com\\\/izdelek\\\/lesena-skatla-z-orodjem-kids-concept\\\/#breadcrumb\",\"itemListElement\":[{\"@type\":\"ListItem\",\"position\":1,\"name\":\"Home\",\"item\":\"https:\\\/\\\/ajatutaja.com\\\/hr\\\/\"},{\"@type\":\"ListItem\",\"position\":2,\"name\":\"Trgovina\",\"item\":\"https:\\\/\\\/ajatutaja.com\\\/hr\\\/trgovina\\\/\"},{\"@type\":\"ListItem\",\"position\":3,\"name\":\"Lesena \u0161katla z orodjem Kid`s Concept\"}]},{\"@type\":\"WebSite\",\"@id\":\"https:\\\/\\\/ajatutaja.com\\\/#website\",\"url\":\"https:\\\/\\\/ajatutaja.com\\\/\",\"name\":\"Ajatutaja\",\"description\":\"Otro\u0161ka spletna trgovina AJATUTAJA\",\"publisher\":{\"@id\":\"https:\\\/\\\/ajatutaja.com\\\/#organization\"},\"potentialAction\":[{\"@type\":\"SearchAction\",\"target\":{\"@type\":\"EntryPoint\",\"urlTemplate\":\"https:\\\/\\\/ajatutaja.com\\\/?s={search_term_string}\"},\"query-input\":{\"@type\":\"PropertyValueSpecification\",\"valueRequired\":true,\"valueName\":\"search_term_string\"}}],\"inLanguage\":\"hr\"},{\"@type\":\"Organization\",\"@id\":\"https:\\\/\\\/ajatutaja.com\\\/#organization\",\"name\":\"Ajatutaja\",\"url\":\"https:\\\/\\\/ajatutaja.com\\\/\",\"logo\":{\"@type\":\"ImageObject\",\"inLanguage\":\"hr\",\"@id\":\"https:\\\/\\\/ajatutaja.com\\\/#\\\/schema\\\/logo\\\/image\\\/\",\"url\":\"https:\\\/\\\/ajatutaja.com\\\/wp-content\\\/uploads\\\/2021\\\/10\\\/logo.png\",\"contentUrl\":\"https:\\\/\\\/ajatutaja.com\\\/wp-content\\\/uploads\\\/2021\\\/10\\\/logo.png\",\"width\":555,\"height\":150,\"caption\":\"Ajatutaja\"},\"image\":{\"@id\":\"https:\\\/\\\/ajatutaja.com\\\/#\\\/schema\\\/logo\\\/image\\\/\"}}]}<\/script>\n<!-- \/ Yoast SEO plugin. -->","yoast_head_json":{"title":"Lesena \u0161katla z orodjem Kid`s Concept | Ajatutaja","description":"Ro\u010dno izdelana lesena \u0161katla z orodjem iz kolekcije Kid's Concept ter leseno orodje bo va\u0161im mal\u010dkom nudila ogromno zadovoljstva in veselja ob \u017eaganju, zabijanju in merjenju.","robots":{"index":"index","follow":"follow","max-snippet":"max-snippet:-1","max-image-preview":"max-image-preview:large","max-video-preview":"max-video-preview:-1"},"canonical":"https:\/\/ajatutaja.com\/izdelek\/lesena-skatla-z-orodjem-kids-concept\/","og_locale":"hr_HR","og_type":"article","og_title":"Lesena \u0161katla z orodjem Kid`s Concept | Ajatutaja","og_description":"Ro\u010dno izdelana lesena \u0161katla z orodjem iz kolekcije Kid's Concept ter leseno orodje bo va\u0161im mal\u010dkom nudila ogromno zadovoljstva in veselja ob \u017eaganju, zabijanju in merjenju.","og_url":"https:\/\/ajatutaja.com\/izdelek\/lesena-skatla-z-orodjem-kids-concept\/","og_site_name":"Ajatutaja","article_modified_time":"2026-03-12T13:54:51+00:00","og_image":[{"width":650,"height":650,"url":"https:\/\/ajatutaja.com\/wp-content\/uploads\/2020\/12\/kids-concept-skatlica-z-orodjem-ajatutaja-3.jpeg","type":"image\/jpeg"}],"twitter_card":"summary_large_image","schema":{"@context":"https:\/\/schema.org","@graph":[{"@type":"WebPage","@id":"https:\/\/ajatutaja.com\/izdelek\/lesena-skatla-z-orodjem-kids-concept\/","url":"https:\/\/ajatutaja.com\/izdelek\/lesena-skatla-z-orodjem-kids-concept\/","name":"Lesena \u0161katla z orodjem Kid`s Concept | Ajatutaja","isPartOf":{"@id":"https:\/\/ajatutaja.com\/#website"},"primaryImageOfPage":{"@id":"https:\/\/ajatutaja.com\/izdelek\/lesena-skatla-z-orodjem-kids-concept\/#primaryimage"},"image":{"@id":"https:\/\/ajatutaja.com\/izdelek\/lesena-skatla-z-orodjem-kids-concept\/#primaryimage"},"thumbnailUrl":"https:\/\/ajatutaja.com\/wp-content\/uploads\/2020\/12\/kids-concept-skatlica-z-orodjem-ajatutaja-3.jpeg","datePublished":"2020-12-11T05:43:57+00:00","dateModified":"2026-03-12T13:54:51+00:00","description":"Ro\u010dno izdelana lesena \u0161katla z orodjem iz kolekcije Kid's Concept ter leseno orodje bo va\u0161im mal\u010dkom nudila ogromno zadovoljstva in veselja ob \u017eaganju, zabijanju in merjenju.","breadcrumb":{"@id":"https:\/\/ajatutaja.com\/izdelek\/lesena-skatla-z-orodjem-kids-concept\/#breadcrumb"},"inLanguage":"hr","potentialAction":[{"@type":"ReadAction","target":["https:\/\/ajatutaja.com\/izdelek\/lesena-skatla-z-orodjem-kids-concept\/"]}]},{"@type":"ImageObject","inLanguage":"hr","@id":"https:\/\/ajatutaja.com\/izdelek\/lesena-skatla-z-orodjem-kids-concept\/#primaryimage","url":"https:\/\/ajatutaja.com\/wp-content\/uploads\/2020\/12\/kids-concept-skatlica-z-orodjem-ajatutaja-3.jpeg","contentUrl":"https:\/\/ajatutaja.com\/wp-content\/uploads\/2020\/12\/kids-concept-skatlica-z-orodjem-ajatutaja-3.jpeg","width":650,"height":650},{"@type":"BreadcrumbList","@id":"https:\/\/ajatutaja.com\/izdelek\/lesena-skatla-z-orodjem-kids-concept\/#breadcrumb","itemListElement":[{"@type":"ListItem","position":1,"name":"Home","item":"https:\/\/ajatutaja.com\/hr\/"},{"@type":"ListItem","position":2,"name":"Trgovina","item":"https:\/\/ajatutaja.com\/hr\/trgovina\/"},{"@type":"ListItem","position":3,"name":"Lesena \u0161katla z orodjem Kid`s Concept"}]},{"@type":"WebSite","@id":"https:\/\/ajatutaja.com\/#website","url":"https:\/\/ajatutaja.com\/","name":"Ajatutaja","description":"Otro\u0161ka spletna trgovina AJATUTAJA","publisher":{"@id":"https:\/\/ajatutaja.com\/#organization"},"potentialAction":[{"@type":"SearchAction","target":{"@type":"EntryPoint","urlTemplate":"https:\/\/ajatutaja.com\/?s={search_term_string}"},"query-input":{"@type":"PropertyValueSpecification","valueRequired":true,"valueName":"search_term_string"}}],"inLanguage":"hr"},{"@type":"Organization","@id":"https:\/\/ajatutaja.com\/#organization","name":"Ajatutaja","url":"https:\/\/ajatutaja.com\/","logo":{"@type":"ImageObject","inLanguage":"hr","@id":"https:\/\/ajatutaja.com\/#\/schema\/logo\/image\/","url":"https:\/\/ajatutaja.com\/wp-content\/uploads\/2021\/10\/logo.png","contentUrl":"https:\/\/ajatutaja.com\/wp-content\/uploads\/2021\/10\/logo.png","width":555,"height":150,"caption":"Ajatutaja"},"image":{"@id":"https:\/\/ajatutaja.com\/#\/schema\/logo\/image\/"}}]}},"brands":[{"id":2452,"name":"Igranje","slug":"igranje"},{"id":2470,"name":"Kid's Concept","slug":"kids-concept"}],"_links":{"self":[{"href":"https:\/\/ajatutaja.com\/hr\/wp-json\/wp\/v2\/product\/19653","targetHints":{"allow":["GET"]}}],"collection":[{"href":"https:\/\/ajatutaja.com\/hr\/wp-json\/wp\/v2\/product"}],"about":[{"href":"https:\/\/ajatutaja.com\/hr\/wp-json\/wp\/v2\/types\/product"}],"wp:featuredmedia":[{"embeddable":true,"href":"https:\/\/ajatutaja.com\/hr\/wp-json\/wp\/v2\/media\/39940"}],"wp:attachment":[{"href":"https:\/\/ajatutaja.com\/hr\/wp-json\/wp\/v2\/media?parent=19653"}],"wp:term":[{"taxonomy":"pwb-brand","embeddable":true,"href":"https:\/\/ajatutaja.com\/hr\/wp-json\/wp\/v2\/pwb-brand?post=19653"},{"taxonomy":"product_brand","embeddable":true,"href":"https:\/\/ajatutaja.com\/hr\/wp-json\/wp\/v2\/product_brand?post=19653"},{"taxonomy":"product_cat","embeddable":true,"href":"https:\/\/ajatutaja.com\/hr\/wp-json\/wp\/v2\/product_cat?post=19653"},{"taxonomy":"product_tag","embeddable":true,"href":"https:\/\/ajatutaja.com\/hr\/wp-json\/wp\/v2\/product_tag?post=19653"}],"curies":[{"name":"wp","href":"https:\/\/api.w.org\/{rel}","templated":true}]}}