{"id":19619,"date":"2020-11-29T16:25:33","date_gmt":"2020-11-29T15:25:33","guid":{"rendered":"https:\/\/ajatutaja.com\/izdelek\/mehka-ropotuljica-sophie-la-girafe-vulli\/"},"modified":"2026-03-31T13:13:22","modified_gmt":"2026-03-31T11:13:22","slug":"mehka-ropotuljica-sophie-la-girafe-vulli","status":"publish","type":"product","link":"https:\/\/ajatutaja.com\/hr\/proizvod\/mehka-ropotuljica-sophie-la-girafe-vulli\/","title":{"rendered":"Mehka ropotuljica Sophie la Girafe VULLI"},"content":{"rendered":"<p>\u017dogica je narejena iz 100% naravnega kav\u010duka (brez ftalatov), pridobljenega iz soka drevesa kav\u010dukovca, iz fleksibilnih, obnovljivih materialov in netoksi\u010dnih barv, ki se uporabljajo v \u017eivilski industriji, kar pomeni, da je varna in naravna igra\u010da.<\/p>\n<h3>Lastnosti ropotuljice Sophie la Girafe:<\/h3>\n<ul>\n<li>Material: iz\u00a0100% naravnega kav\u010duka<\/li>\n<li>Brez ftalatov<\/li>\n<li>Dimnezija:\u00a021 x 11 x 13 cm<\/li>\n<li>Starost: 3m+<\/li>\n<\/ul>\n<p>VZDR\u017dEVANJE: Igra\u010de ne smemo prekuhavati in sterilizirati. Ne je izpostavljati neposredni son\u010dni svetlobi in viru toplote. Povr\u0161ino igra\u010de obri\u0161ite z milnico in vla\u017eno krpo.<\/p>\n<p style=\"text-align: justify\">\u017dirafa Sophie je izdelek, ki zadovolji vse dojen\u010dkove potrebe in je primeren za vsako stopnjo dojen\u010dkovega razvoja &#8211; \u017ee od rojstva dalje. Ko dojen\u010dek stisne \u017eirafo, ta proizvede ne\u017een zvok, ki spodbuja njegov sluh. Francoski proizvajalec Vulli je prvo \u017eirafo izdelal 25. maja davnega leta 1961\u2026to je dan Svete Sofije!\u00a0 Z leti je Sofija zaslovela po vsem svetu (v kar 71 dr\u017eavah jo prodajajo) in je prejemnica vrsto presti\u017enih priznanj in nagrad kot najbolj\u0161a igra\u010da za mal\u010dke.<\/p>\n","protected":false},"excerpt":{"rendered":"<p>Mehka ropotuljica Sophie la Girafe takoj prevzame otroka. Ko jo stresa, opazuje pisane kroglice in prisluhne privla\u010dnim zvokom podobnim zvo\u010dnemu de\u017eju, ki prebudijo radovednost pri mal\u010dku. S prijazno, na dotik ne\u017eno teksturo \u0161ume\u010dega materiala, spodbuja otroka tudi k prijemanju in bo\u017eanju, s \u010dimer se razvija tudi ob\u010dutek za tip.\u00a0Super izdelek za vse \u010dute in \u010dudovita ideja za darilo!<\/p>\n","protected":false},"featured_media":19620,"template":"","meta":[],"pwb-brand":[2452,2454],"product_brand":[],"product_cat":[3987,5072,2715,2711,2362,3985,2442],"product_tag":[3982,3983],"class_list":{"0":"post-19619","1":"product","2":"type-product","3":"status-publish","4":"has-post-thumbnail","6":"pwb-brand-igranje","7":"pwb-brand-vulli-igranje","8":"product_cat-3-mesece-igrace","9":"product_cat-bozicna-darila","10":"product_cat-darilo-do-15e","11":"product_cat-darilo-ob-rojstvu","12":"product_cat-igranje","13":"product_cat-po-starosti","14":"product_cat-senzoricne-igrace","15":"product_tag-vulli","16":"product_tag-zirafa-sofija","18":"first","19":"instock","20":"taxable","21":"shipping-taxable","22":"purchasable","23":"product-type-simple","24":"add-to-wishlist-before_image"},"yoast_head":"<!-- This site is optimized with the Yoast SEO plugin v27.3 - https:\/\/yoast.com\/product\/yoast-seo-wordpress\/ -->\n<title>Mehka ropotuljica Sophie la Girafe VULLI | Ajatutaja<\/title>\n<meta name=\"description\" content=\"Mehka ropotuljica Sophie la Girafe takoj prevzame otroka. Ko jo stresa, opazuje pisane kroglice in prisluhne privla\u010dnim zvokom podobnim zvo\u010dnemu de\u017eju, ki prebudijo radovednost pri mal\u010dku.\" \/>\n<meta name=\"robots\" content=\"index, follow, max-snippet:-1, max-image-preview:large, max-video-preview:-1\" \/>\n<link rel=\"canonical\" href=\"https:\/\/ajatutaja.com\/izdelek\/mehka-ropotuljica-sophie-la-girafe-vulli\/\" \/>\n<meta property=\"og:locale\" content=\"hr_HR\" \/>\n<meta property=\"og:type\" content=\"article\" \/>\n<meta property=\"og:title\" content=\"Mehka ropotuljica Sophie la Girafe VULLI | Ajatutaja\" \/>\n<meta property=\"og:description\" content=\"Mehka ropotuljica Sophie la Girafe takoj prevzame otroka. Ko jo stresa, opazuje pisane kroglice in prisluhne privla\u010dnim zvokom podobnim zvo\u010dnemu de\u017eju, ki prebudijo radovednost pri mal\u010dku.\" \/>\n<meta property=\"og:url\" content=\"https:\/\/ajatutaja.com\/izdelek\/mehka-ropotuljica-sophie-la-girafe-vulli\/\" \/>\n<meta property=\"og:site_name\" content=\"Ajatutaja\" \/>\n<meta property=\"article:modified_time\" content=\"2026-03-31T11:13:22+00:00\" \/>\n<meta property=\"og:image\" content=\"https:\/\/ajatutaja.com\/wp-content\/uploads\/2021\/11\/vulli-zirafa-sophie-ropotuljica-ajatutaja-0.jpeg\" \/>\n\t<meta property=\"og:image:width\" content=\"800\" \/>\n\t<meta property=\"og:image:height\" content=\"800\" \/>\n\t<meta property=\"og:image:type\" content=\"image\/jpeg\" \/>\n<meta name=\"twitter:card\" content=\"summary_large_image\" \/>\n<meta name=\"twitter:label1\" content=\"Procijenjeno vrijeme \u010ditanja\" \/>\n\t<meta name=\"twitter:data1\" content=\"1 minuta\" \/>\n<script type=\"application\/ld+json\" class=\"yoast-schema-graph\">{\"@context\":\"https:\\\/\\\/schema.org\",\"@graph\":[{\"@type\":\"WebPage\",\"@id\":\"https:\\\/\\\/ajatutaja.com\\\/izdelek\\\/mehka-ropotuljica-sophie-la-girafe-vulli\\\/\",\"url\":\"https:\\\/\\\/ajatutaja.com\\\/izdelek\\\/mehka-ropotuljica-sophie-la-girafe-vulli\\\/\",\"name\":\"Mehka ropotuljica Sophie la Girafe VULLI | Ajatutaja\",\"isPartOf\":{\"@id\":\"https:\\\/\\\/ajatutaja.com\\\/#website\"},\"primaryImageOfPage\":{\"@id\":\"https:\\\/\\\/ajatutaja.com\\\/izdelek\\\/mehka-ropotuljica-sophie-la-girafe-vulli\\\/#primaryimage\"},\"image\":{\"@id\":\"https:\\\/\\\/ajatutaja.com\\\/izdelek\\\/mehka-ropotuljica-sophie-la-girafe-vulli\\\/#primaryimage\"},\"thumbnailUrl\":\"https:\\\/\\\/ajatutaja.com\\\/wp-content\\\/uploads\\\/2021\\\/11\\\/vulli-zirafa-sophie-ropotuljica-ajatutaja-0.jpeg\",\"datePublished\":\"2020-11-29T15:25:33+00:00\",\"dateModified\":\"2026-03-31T11:13:22+00:00\",\"description\":\"Mehka ropotuljica Sophie la Girafe takoj prevzame otroka. Ko jo stresa, opazuje pisane kroglice in prisluhne privla\u010dnim zvokom podobnim zvo\u010dnemu de\u017eju, ki prebudijo radovednost pri mal\u010dku.\",\"breadcrumb\":{\"@id\":\"https:\\\/\\\/ajatutaja.com\\\/izdelek\\\/mehka-ropotuljica-sophie-la-girafe-vulli\\\/#breadcrumb\"},\"inLanguage\":\"hr\",\"potentialAction\":[{\"@type\":\"ReadAction\",\"target\":[\"https:\\\/\\\/ajatutaja.com\\\/izdelek\\\/mehka-ropotuljica-sophie-la-girafe-vulli\\\/\"]}]},{\"@type\":\"ImageObject\",\"inLanguage\":\"hr\",\"@id\":\"https:\\\/\\\/ajatutaja.com\\\/izdelek\\\/mehka-ropotuljica-sophie-la-girafe-vulli\\\/#primaryimage\",\"url\":\"https:\\\/\\\/ajatutaja.com\\\/wp-content\\\/uploads\\\/2021\\\/11\\\/vulli-zirafa-sophie-ropotuljica-ajatutaja-0.jpeg\",\"contentUrl\":\"https:\\\/\\\/ajatutaja.com\\\/wp-content\\\/uploads\\\/2021\\\/11\\\/vulli-zirafa-sophie-ropotuljica-ajatutaja-0.jpeg\",\"width\":800,\"height\":800},{\"@type\":\"BreadcrumbList\",\"@id\":\"https:\\\/\\\/ajatutaja.com\\\/izdelek\\\/mehka-ropotuljica-sophie-la-girafe-vulli\\\/#breadcrumb\",\"itemListElement\":[{\"@type\":\"ListItem\",\"position\":1,\"name\":\"Home\",\"item\":\"https:\\\/\\\/ajatutaja.com\\\/hr\\\/\"},{\"@type\":\"ListItem\",\"position\":2,\"name\":\"Trgovina\",\"item\":\"https:\\\/\\\/ajatutaja.com\\\/hr\\\/trgovina\\\/\"},{\"@type\":\"ListItem\",\"position\":3,\"name\":\"Mehka ropotuljica Sophie la Girafe VULLI\"}]},{\"@type\":\"WebSite\",\"@id\":\"https:\\\/\\\/ajatutaja.com\\\/#website\",\"url\":\"https:\\\/\\\/ajatutaja.com\\\/\",\"name\":\"Ajatutaja\",\"description\":\"Otro\u0161ka spletna trgovina AJATUTAJA\",\"publisher\":{\"@id\":\"https:\\\/\\\/ajatutaja.com\\\/#organization\"},\"potentialAction\":[{\"@type\":\"SearchAction\",\"target\":{\"@type\":\"EntryPoint\",\"urlTemplate\":\"https:\\\/\\\/ajatutaja.com\\\/?s={search_term_string}\"},\"query-input\":{\"@type\":\"PropertyValueSpecification\",\"valueRequired\":true,\"valueName\":\"search_term_string\"}}],\"inLanguage\":\"hr\"},{\"@type\":\"Organization\",\"@id\":\"https:\\\/\\\/ajatutaja.com\\\/#organization\",\"name\":\"Ajatutaja\",\"url\":\"https:\\\/\\\/ajatutaja.com\\\/\",\"logo\":{\"@type\":\"ImageObject\",\"inLanguage\":\"hr\",\"@id\":\"https:\\\/\\\/ajatutaja.com\\\/#\\\/schema\\\/logo\\\/image\\\/\",\"url\":\"https:\\\/\\\/ajatutaja.com\\\/wp-content\\\/uploads\\\/2021\\\/10\\\/logo.png\",\"contentUrl\":\"https:\\\/\\\/ajatutaja.com\\\/wp-content\\\/uploads\\\/2021\\\/10\\\/logo.png\",\"width\":555,\"height\":150,\"caption\":\"Ajatutaja\"},\"image\":{\"@id\":\"https:\\\/\\\/ajatutaja.com\\\/#\\\/schema\\\/logo\\\/image\\\/\"}}]}<\/script>\n<!-- \/ Yoast SEO plugin. -->","yoast_head_json":{"title":"Mehka ropotuljica Sophie la Girafe VULLI | Ajatutaja","description":"Mehka ropotuljica Sophie la Girafe takoj prevzame otroka. Ko jo stresa, opazuje pisane kroglice in prisluhne privla\u010dnim zvokom podobnim zvo\u010dnemu de\u017eju, ki prebudijo radovednost pri mal\u010dku.","robots":{"index":"index","follow":"follow","max-snippet":"max-snippet:-1","max-image-preview":"max-image-preview:large","max-video-preview":"max-video-preview:-1"},"canonical":"https:\/\/ajatutaja.com\/izdelek\/mehka-ropotuljica-sophie-la-girafe-vulli\/","og_locale":"hr_HR","og_type":"article","og_title":"Mehka ropotuljica Sophie la Girafe VULLI | Ajatutaja","og_description":"Mehka ropotuljica Sophie la Girafe takoj prevzame otroka. Ko jo stresa, opazuje pisane kroglice in prisluhne privla\u010dnim zvokom podobnim zvo\u010dnemu de\u017eju, ki prebudijo radovednost pri mal\u010dku.","og_url":"https:\/\/ajatutaja.com\/izdelek\/mehka-ropotuljica-sophie-la-girafe-vulli\/","og_site_name":"Ajatutaja","article_modified_time":"2026-03-31T11:13:22+00:00","og_image":[{"width":800,"height":800,"url":"https:\/\/ajatutaja.com\/wp-content\/uploads\/2021\/11\/vulli-zirafa-sophie-ropotuljica-ajatutaja-0.jpeg","type":"image\/jpeg"}],"twitter_card":"summary_large_image","twitter_misc":{"Procijenjeno vrijeme \u010ditanja":"1 minuta"},"schema":{"@context":"https:\/\/schema.org","@graph":[{"@type":"WebPage","@id":"https:\/\/ajatutaja.com\/izdelek\/mehka-ropotuljica-sophie-la-girafe-vulli\/","url":"https:\/\/ajatutaja.com\/izdelek\/mehka-ropotuljica-sophie-la-girafe-vulli\/","name":"Mehka ropotuljica Sophie la Girafe VULLI | Ajatutaja","isPartOf":{"@id":"https:\/\/ajatutaja.com\/#website"},"primaryImageOfPage":{"@id":"https:\/\/ajatutaja.com\/izdelek\/mehka-ropotuljica-sophie-la-girafe-vulli\/#primaryimage"},"image":{"@id":"https:\/\/ajatutaja.com\/izdelek\/mehka-ropotuljica-sophie-la-girafe-vulli\/#primaryimage"},"thumbnailUrl":"https:\/\/ajatutaja.com\/wp-content\/uploads\/2021\/11\/vulli-zirafa-sophie-ropotuljica-ajatutaja-0.jpeg","datePublished":"2020-11-29T15:25:33+00:00","dateModified":"2026-03-31T11:13:22+00:00","description":"Mehka ropotuljica Sophie la Girafe takoj prevzame otroka. Ko jo stresa, opazuje pisane kroglice in prisluhne privla\u010dnim zvokom podobnim zvo\u010dnemu de\u017eju, ki prebudijo radovednost pri mal\u010dku.","breadcrumb":{"@id":"https:\/\/ajatutaja.com\/izdelek\/mehka-ropotuljica-sophie-la-girafe-vulli\/#breadcrumb"},"inLanguage":"hr","potentialAction":[{"@type":"ReadAction","target":["https:\/\/ajatutaja.com\/izdelek\/mehka-ropotuljica-sophie-la-girafe-vulli\/"]}]},{"@type":"ImageObject","inLanguage":"hr","@id":"https:\/\/ajatutaja.com\/izdelek\/mehka-ropotuljica-sophie-la-girafe-vulli\/#primaryimage","url":"https:\/\/ajatutaja.com\/wp-content\/uploads\/2021\/11\/vulli-zirafa-sophie-ropotuljica-ajatutaja-0.jpeg","contentUrl":"https:\/\/ajatutaja.com\/wp-content\/uploads\/2021\/11\/vulli-zirafa-sophie-ropotuljica-ajatutaja-0.jpeg","width":800,"height":800},{"@type":"BreadcrumbList","@id":"https:\/\/ajatutaja.com\/izdelek\/mehka-ropotuljica-sophie-la-girafe-vulli\/#breadcrumb","itemListElement":[{"@type":"ListItem","position":1,"name":"Home","item":"https:\/\/ajatutaja.com\/hr\/"},{"@type":"ListItem","position":2,"name":"Trgovina","item":"https:\/\/ajatutaja.com\/hr\/trgovina\/"},{"@type":"ListItem","position":3,"name":"Mehka ropotuljica Sophie la Girafe VULLI"}]},{"@type":"WebSite","@id":"https:\/\/ajatutaja.com\/#website","url":"https:\/\/ajatutaja.com\/","name":"Ajatutaja","description":"Otro\u0161ka spletna trgovina AJATUTAJA","publisher":{"@id":"https:\/\/ajatutaja.com\/#organization"},"potentialAction":[{"@type":"SearchAction","target":{"@type":"EntryPoint","urlTemplate":"https:\/\/ajatutaja.com\/?s={search_term_string}"},"query-input":{"@type":"PropertyValueSpecification","valueRequired":true,"valueName":"search_term_string"}}],"inLanguage":"hr"},{"@type":"Organization","@id":"https:\/\/ajatutaja.com\/#organization","name":"Ajatutaja","url":"https:\/\/ajatutaja.com\/","logo":{"@type":"ImageObject","inLanguage":"hr","@id":"https:\/\/ajatutaja.com\/#\/schema\/logo\/image\/","url":"https:\/\/ajatutaja.com\/wp-content\/uploads\/2021\/10\/logo.png","contentUrl":"https:\/\/ajatutaja.com\/wp-content\/uploads\/2021\/10\/logo.png","width":555,"height":150,"caption":"Ajatutaja"},"image":{"@id":"https:\/\/ajatutaja.com\/#\/schema\/logo\/image\/"}}]}},"brands":[{"id":2452,"name":"Igranje","slug":"igranje"},{"id":2454,"name":"Vulli","slug":"vulli-igranje"}],"_links":{"self":[{"href":"https:\/\/ajatutaja.com\/hr\/wp-json\/wp\/v2\/product\/19619","targetHints":{"allow":["GET"]}}],"collection":[{"href":"https:\/\/ajatutaja.com\/hr\/wp-json\/wp\/v2\/product"}],"about":[{"href":"https:\/\/ajatutaja.com\/hr\/wp-json\/wp\/v2\/types\/product"}],"wp:featuredmedia":[{"embeddable":true,"href":"https:\/\/ajatutaja.com\/hr\/wp-json\/wp\/v2\/media\/19620"}],"wp:attachment":[{"href":"https:\/\/ajatutaja.com\/hr\/wp-json\/wp\/v2\/media?parent=19619"}],"wp:term":[{"taxonomy":"pwb-brand","embeddable":true,"href":"https:\/\/ajatutaja.com\/hr\/wp-json\/wp\/v2\/pwb-brand?post=19619"},{"taxonomy":"product_brand","embeddable":true,"href":"https:\/\/ajatutaja.com\/hr\/wp-json\/wp\/v2\/product_brand?post=19619"},{"taxonomy":"product_cat","embeddable":true,"href":"https:\/\/ajatutaja.com\/hr\/wp-json\/wp\/v2\/product_cat?post=19619"},{"taxonomy":"product_tag","embeddable":true,"href":"https:\/\/ajatutaja.com\/hr\/wp-json\/wp\/v2\/product_tag?post=19619"}],"curies":[{"name":"wp","href":"https:\/\/api.w.org\/{rel}","templated":true}]}}