{"id":19502,"date":"2020-11-19T20:22:11","date_gmt":"2020-11-19T19:22:11","guid":{"rendered":"https:\/\/ajatutaja.com\/izdelek\/pletena-kosara-za-poganjalec-kinderfeets\/"},"modified":"2026-04-20T12:28:22","modified_gmt":"2026-04-20T10:28:22","slug":"pletena-kosara-za-poganjalec-kinderfeets","status":"publish","type":"product","link":"https:\/\/ajatutaja.com\/hr\/proizvod\/pletena-kosara-za-poganjalec-kinderfeets\/","title":{"rendered":"Pletena ko\u0161ara za poganjalec Kinderfeets"},"content":{"rendered":"<p>Prikupna in priro\u010dna ko\u0161arica prikladnih dimenzij (10 x 13 x 8 cm) za otro\u0161ki tricikel in poganjal\u010dek se s pomo\u010djo usnjenih pa\u0161\u010dkov zelo hitro in enostavno namesti na krmilo otro\u0161kega poganjalca. Ko\u0161arica ima nosilnost do 3 kg in je kot nala\u0161\u010d za shranjevanje mal\u010dkovih dodatkov na nepozabnih pohajkovanjih in izletih s poganjal\u010dkom. V ko\u0161arici bodo va\u0161i mal\u010dki lahko shranili stekleni\u010dko, malico ali prigrizek, igra\u010dko in vse druge nepogre\u0161ljive dodatke za \u010das potepanja s poganjalcem, v dru\u017ebi mamice in o\u010dka.<\/p>\n<p>Pleteno ko\u0161arico Kinderfeets\u00ae se lahko namesti na poganjalce Kinderfeets\u00ae Classic, Kinderfeets\u00ae Retro, Kinderfeets\u00ae Tiny Tot 2v1, Kinderfeets\u00ae Tiny Tot Plus 2v1 in na ve\u010dino poganjalcev drugih blagovnih znamk.<\/p>\n","protected":false},"excerpt":{"rendered":"<p>Ljubka ro\u010dno pletena ko\u0161arica Kinderfeets\u00ae je \u010dudovit in prakti\u010den dodatek za otro\u0161ki poganjalec. Pletena ko\u0161arica Kinderfeets\u00ae se prilega vsem poganjalcem Kinderfeets\u00ae in ve\u010dini poganjalcev drugih blagovnih znamk.<\/p>\n","protected":false},"featured_media":19503,"template":"","meta":[],"pwb-brand":[2452,2429,2466,2409],"product_brand":[],"product_cat":[2441,2443,2406,2361],"product_tag":[4025,4219],"class_list":{"0":"post-19502","1":"product","2":"type-product","3":"status-publish","4":"has-post-thumbnail","6":"pwb-brand-igranje","7":"pwb-brand-kinderfeets","8":"pwb-brand-kinderfeets-igranje","9":"pwb-brand-potepanje","10":"product_cat-aktivnostne-igrace","11":"product_cat-lesene-igrace","12":"product_cat-otroski-skiroji-in-poganjalci","13":"product_cat-potepanje","14":"product_tag-kinderfeets","15":"product_tag-kinderfeets-tiny-tot","17":"first","18":"instock","19":"taxable","20":"shipping-taxable","21":"purchasable","22":"product-type-simple","23":"add-to-wishlist-before_image"},"yoast_head":"<!-- This site is optimized with the Yoast SEO plugin v27.3 - https:\/\/yoast.com\/product\/yoast-seo-wordpress\/ -->\n<title>Pletena ko\u0161ara za poganjalec Kinderfeets | Ajatutaja<\/title>\n<meta name=\"description\" content=\"Ljubka ro\u010dno pletena ko\u0161arica Kinderfeets\u00ae je \u010dudovit in prakti\u010den dodatek za otro\u0161ki poganjalec. Pletena ko\u0161arica Kinderfeets\u00ae se prilega vsem poganjalcem Kinderfeets\u00ae in ve\u010dini poganjalcev drugih blagovnih znamk\" \/>\n<meta name=\"robots\" content=\"index, follow, max-snippet:-1, max-image-preview:large, max-video-preview:-1\" \/>\n<link rel=\"canonical\" href=\"https:\/\/ajatutaja.com\/izdelek\/pletena-kosara-za-poganjalec-kinderfeets\/\" \/>\n<meta property=\"og:locale\" content=\"hr_HR\" \/>\n<meta property=\"og:type\" content=\"article\" \/>\n<meta property=\"og:title\" content=\"Pletena ko\u0161ara za poganjalec Kinderfeets | Ajatutaja\" \/>\n<meta property=\"og:description\" content=\"Ljubka ro\u010dno pletena ko\u0161arica Kinderfeets\u00ae je \u010dudovit in prakti\u010den dodatek za otro\u0161ki poganjalec. Pletena ko\u0161arica Kinderfeets\u00ae se prilega vsem poganjalcem Kinderfeets\u00ae in ve\u010dini poganjalcev drugih blagovnih znamk\" \/>\n<meta property=\"og:url\" content=\"https:\/\/ajatutaja.com\/izdelek\/pletena-kosara-za-poganjalec-kinderfeets\/\" \/>\n<meta property=\"og:site_name\" content=\"Ajatutaja\" \/>\n<meta property=\"article:modified_time\" content=\"2026-04-20T10:28:22+00:00\" \/>\n<meta property=\"og:image\" content=\"https:\/\/ajatutaja.com\/wp-content\/uploads\/2021\/11\/kinderfeets-pletena-kosarica-za-poganjalce-89907-001.jpg\" \/>\n\t<meta property=\"og:image:width\" content=\"750\" \/>\n\t<meta property=\"og:image:height\" content=\"750\" \/>\n\t<meta property=\"og:image:type\" content=\"image\/jpeg\" \/>\n<meta name=\"twitter:card\" content=\"summary_large_image\" \/>\n<meta name=\"twitter:label1\" content=\"Procijenjeno vrijeme \u010ditanja\" \/>\n\t<meta name=\"twitter:data1\" content=\"1 minuta\" \/>\n<script type=\"application\/ld+json\" class=\"yoast-schema-graph\">{\"@context\":\"https:\\\/\\\/schema.org\",\"@graph\":[{\"@type\":\"WebPage\",\"@id\":\"https:\\\/\\\/ajatutaja.com\\\/izdelek\\\/pletena-kosara-za-poganjalec-kinderfeets\\\/\",\"url\":\"https:\\\/\\\/ajatutaja.com\\\/izdelek\\\/pletena-kosara-za-poganjalec-kinderfeets\\\/\",\"name\":\"Pletena ko\u0161ara za poganjalec Kinderfeets | Ajatutaja\",\"isPartOf\":{\"@id\":\"https:\\\/\\\/ajatutaja.com\\\/#website\"},\"primaryImageOfPage\":{\"@id\":\"https:\\\/\\\/ajatutaja.com\\\/izdelek\\\/pletena-kosara-za-poganjalec-kinderfeets\\\/#primaryimage\"},\"image\":{\"@id\":\"https:\\\/\\\/ajatutaja.com\\\/izdelek\\\/pletena-kosara-za-poganjalec-kinderfeets\\\/#primaryimage\"},\"thumbnailUrl\":\"https:\\\/\\\/ajatutaja.com\\\/wp-content\\\/uploads\\\/2021\\\/11\\\/kinderfeets-pletena-kosarica-za-poganjalce-89907-001.jpg\",\"datePublished\":\"2020-11-19T19:22:11+00:00\",\"dateModified\":\"2026-04-20T10:28:22+00:00\",\"description\":\"Ljubka ro\u010dno pletena ko\u0161arica Kinderfeets\u00ae je \u010dudovit in prakti\u010den dodatek za otro\u0161ki poganjalec. Pletena ko\u0161arica Kinderfeets\u00ae se prilega vsem poganjalcem Kinderfeets\u00ae in ve\u010dini poganjalcev drugih blagovnih znamk\",\"breadcrumb\":{\"@id\":\"https:\\\/\\\/ajatutaja.com\\\/izdelek\\\/pletena-kosara-za-poganjalec-kinderfeets\\\/#breadcrumb\"},\"inLanguage\":\"hr\",\"potentialAction\":[{\"@type\":\"ReadAction\",\"target\":[\"https:\\\/\\\/ajatutaja.com\\\/izdelek\\\/pletena-kosara-za-poganjalec-kinderfeets\\\/\"]}]},{\"@type\":\"ImageObject\",\"inLanguage\":\"hr\",\"@id\":\"https:\\\/\\\/ajatutaja.com\\\/izdelek\\\/pletena-kosara-za-poganjalec-kinderfeets\\\/#primaryimage\",\"url\":\"https:\\\/\\\/ajatutaja.com\\\/wp-content\\\/uploads\\\/2021\\\/11\\\/kinderfeets-pletena-kosarica-za-poganjalce-89907-001.jpg\",\"contentUrl\":\"https:\\\/\\\/ajatutaja.com\\\/wp-content\\\/uploads\\\/2021\\\/11\\\/kinderfeets-pletena-kosarica-za-poganjalce-89907-001.jpg\",\"width\":750,\"height\":750},{\"@type\":\"BreadcrumbList\",\"@id\":\"https:\\\/\\\/ajatutaja.com\\\/izdelek\\\/pletena-kosara-za-poganjalec-kinderfeets\\\/#breadcrumb\",\"itemListElement\":[{\"@type\":\"ListItem\",\"position\":1,\"name\":\"Home\",\"item\":\"https:\\\/\\\/ajatutaja.com\\\/hr\\\/\"},{\"@type\":\"ListItem\",\"position\":2,\"name\":\"Trgovina\",\"item\":\"https:\\\/\\\/ajatutaja.com\\\/hr\\\/trgovina\\\/\"},{\"@type\":\"ListItem\",\"position\":3,\"name\":\"Pletena ko\u0161ara za poganjalec Kinderfeets\"}]},{\"@type\":\"WebSite\",\"@id\":\"https:\\\/\\\/ajatutaja.com\\\/#website\",\"url\":\"https:\\\/\\\/ajatutaja.com\\\/\",\"name\":\"Ajatutaja\",\"description\":\"Otro\u0161ka spletna trgovina AJATUTAJA\",\"publisher\":{\"@id\":\"https:\\\/\\\/ajatutaja.com\\\/#organization\"},\"potentialAction\":[{\"@type\":\"SearchAction\",\"target\":{\"@type\":\"EntryPoint\",\"urlTemplate\":\"https:\\\/\\\/ajatutaja.com\\\/?s={search_term_string}\"},\"query-input\":{\"@type\":\"PropertyValueSpecification\",\"valueRequired\":true,\"valueName\":\"search_term_string\"}}],\"inLanguage\":\"hr\"},{\"@type\":\"Organization\",\"@id\":\"https:\\\/\\\/ajatutaja.com\\\/#organization\",\"name\":\"Ajatutaja\",\"url\":\"https:\\\/\\\/ajatutaja.com\\\/\",\"logo\":{\"@type\":\"ImageObject\",\"inLanguage\":\"hr\",\"@id\":\"https:\\\/\\\/ajatutaja.com\\\/#\\\/schema\\\/logo\\\/image\\\/\",\"url\":\"https:\\\/\\\/ajatutaja.com\\\/wp-content\\\/uploads\\\/2021\\\/10\\\/logo.png\",\"contentUrl\":\"https:\\\/\\\/ajatutaja.com\\\/wp-content\\\/uploads\\\/2021\\\/10\\\/logo.png\",\"width\":555,\"height\":150,\"caption\":\"Ajatutaja\"},\"image\":{\"@id\":\"https:\\\/\\\/ajatutaja.com\\\/#\\\/schema\\\/logo\\\/image\\\/\"}}]}<\/script>\n<!-- \/ Yoast SEO plugin. -->","yoast_head_json":{"title":"Pletena ko\u0161ara za poganjalec Kinderfeets | Ajatutaja","description":"Ljubka ro\u010dno pletena ko\u0161arica Kinderfeets\u00ae je \u010dudovit in prakti\u010den dodatek za otro\u0161ki poganjalec. Pletena ko\u0161arica Kinderfeets\u00ae se prilega vsem poganjalcem Kinderfeets\u00ae in ve\u010dini poganjalcev drugih blagovnih znamk","robots":{"index":"index","follow":"follow","max-snippet":"max-snippet:-1","max-image-preview":"max-image-preview:large","max-video-preview":"max-video-preview:-1"},"canonical":"https:\/\/ajatutaja.com\/izdelek\/pletena-kosara-za-poganjalec-kinderfeets\/","og_locale":"hr_HR","og_type":"article","og_title":"Pletena ko\u0161ara za poganjalec Kinderfeets | Ajatutaja","og_description":"Ljubka ro\u010dno pletena ko\u0161arica Kinderfeets\u00ae je \u010dudovit in prakti\u010den dodatek za otro\u0161ki poganjalec. Pletena ko\u0161arica Kinderfeets\u00ae se prilega vsem poganjalcem Kinderfeets\u00ae in ve\u010dini poganjalcev drugih blagovnih znamk","og_url":"https:\/\/ajatutaja.com\/izdelek\/pletena-kosara-za-poganjalec-kinderfeets\/","og_site_name":"Ajatutaja","article_modified_time":"2026-04-20T10:28:22+00:00","og_image":[{"width":750,"height":750,"url":"https:\/\/ajatutaja.com\/wp-content\/uploads\/2021\/11\/kinderfeets-pletena-kosarica-za-poganjalce-89907-001.jpg","type":"image\/jpeg"}],"twitter_card":"summary_large_image","twitter_misc":{"Procijenjeno vrijeme \u010ditanja":"1 minuta"},"schema":{"@context":"https:\/\/schema.org","@graph":[{"@type":"WebPage","@id":"https:\/\/ajatutaja.com\/izdelek\/pletena-kosara-za-poganjalec-kinderfeets\/","url":"https:\/\/ajatutaja.com\/izdelek\/pletena-kosara-za-poganjalec-kinderfeets\/","name":"Pletena ko\u0161ara za poganjalec Kinderfeets | Ajatutaja","isPartOf":{"@id":"https:\/\/ajatutaja.com\/#website"},"primaryImageOfPage":{"@id":"https:\/\/ajatutaja.com\/izdelek\/pletena-kosara-za-poganjalec-kinderfeets\/#primaryimage"},"image":{"@id":"https:\/\/ajatutaja.com\/izdelek\/pletena-kosara-za-poganjalec-kinderfeets\/#primaryimage"},"thumbnailUrl":"https:\/\/ajatutaja.com\/wp-content\/uploads\/2021\/11\/kinderfeets-pletena-kosarica-za-poganjalce-89907-001.jpg","datePublished":"2020-11-19T19:22:11+00:00","dateModified":"2026-04-20T10:28:22+00:00","description":"Ljubka ro\u010dno pletena ko\u0161arica Kinderfeets\u00ae je \u010dudovit in prakti\u010den dodatek za otro\u0161ki poganjalec. Pletena ko\u0161arica Kinderfeets\u00ae se prilega vsem poganjalcem Kinderfeets\u00ae in ve\u010dini poganjalcev drugih blagovnih znamk","breadcrumb":{"@id":"https:\/\/ajatutaja.com\/izdelek\/pletena-kosara-za-poganjalec-kinderfeets\/#breadcrumb"},"inLanguage":"hr","potentialAction":[{"@type":"ReadAction","target":["https:\/\/ajatutaja.com\/izdelek\/pletena-kosara-za-poganjalec-kinderfeets\/"]}]},{"@type":"ImageObject","inLanguage":"hr","@id":"https:\/\/ajatutaja.com\/izdelek\/pletena-kosara-za-poganjalec-kinderfeets\/#primaryimage","url":"https:\/\/ajatutaja.com\/wp-content\/uploads\/2021\/11\/kinderfeets-pletena-kosarica-za-poganjalce-89907-001.jpg","contentUrl":"https:\/\/ajatutaja.com\/wp-content\/uploads\/2021\/11\/kinderfeets-pletena-kosarica-za-poganjalce-89907-001.jpg","width":750,"height":750},{"@type":"BreadcrumbList","@id":"https:\/\/ajatutaja.com\/izdelek\/pletena-kosara-za-poganjalec-kinderfeets\/#breadcrumb","itemListElement":[{"@type":"ListItem","position":1,"name":"Home","item":"https:\/\/ajatutaja.com\/hr\/"},{"@type":"ListItem","position":2,"name":"Trgovina","item":"https:\/\/ajatutaja.com\/hr\/trgovina\/"},{"@type":"ListItem","position":3,"name":"Pletena ko\u0161ara za poganjalec Kinderfeets"}]},{"@type":"WebSite","@id":"https:\/\/ajatutaja.com\/#website","url":"https:\/\/ajatutaja.com\/","name":"Ajatutaja","description":"Otro\u0161ka spletna trgovina AJATUTAJA","publisher":{"@id":"https:\/\/ajatutaja.com\/#organization"},"potentialAction":[{"@type":"SearchAction","target":{"@type":"EntryPoint","urlTemplate":"https:\/\/ajatutaja.com\/?s={search_term_string}"},"query-input":{"@type":"PropertyValueSpecification","valueRequired":true,"valueName":"search_term_string"}}],"inLanguage":"hr"},{"@type":"Organization","@id":"https:\/\/ajatutaja.com\/#organization","name":"Ajatutaja","url":"https:\/\/ajatutaja.com\/","logo":{"@type":"ImageObject","inLanguage":"hr","@id":"https:\/\/ajatutaja.com\/#\/schema\/logo\/image\/","url":"https:\/\/ajatutaja.com\/wp-content\/uploads\/2021\/10\/logo.png","contentUrl":"https:\/\/ajatutaja.com\/wp-content\/uploads\/2021\/10\/logo.png","width":555,"height":150,"caption":"Ajatutaja"},"image":{"@id":"https:\/\/ajatutaja.com\/#\/schema\/logo\/image\/"}}]}},"brands":[{"id":2452,"name":"Igranje","slug":"igranje"},{"id":2429,"name":"Kinderfeets","slug":"kinderfeets"},{"id":2466,"name":"Kinderfeets","slug":"kinderfeets-igranje"},{"id":2409,"name":"Potepanje","slug":"potepanje"}],"_links":{"self":[{"href":"https:\/\/ajatutaja.com\/hr\/wp-json\/wp\/v2\/product\/19502","targetHints":{"allow":["GET"]}}],"collection":[{"href":"https:\/\/ajatutaja.com\/hr\/wp-json\/wp\/v2\/product"}],"about":[{"href":"https:\/\/ajatutaja.com\/hr\/wp-json\/wp\/v2\/types\/product"}],"wp:featuredmedia":[{"embeddable":true,"href":"https:\/\/ajatutaja.com\/hr\/wp-json\/wp\/v2\/media\/19503"}],"wp:attachment":[{"href":"https:\/\/ajatutaja.com\/hr\/wp-json\/wp\/v2\/media?parent=19502"}],"wp:term":[{"taxonomy":"pwb-brand","embeddable":true,"href":"https:\/\/ajatutaja.com\/hr\/wp-json\/wp\/v2\/pwb-brand?post=19502"},{"taxonomy":"product_brand","embeddable":true,"href":"https:\/\/ajatutaja.com\/hr\/wp-json\/wp\/v2\/product_brand?post=19502"},{"taxonomy":"product_cat","embeddable":true,"href":"https:\/\/ajatutaja.com\/hr\/wp-json\/wp\/v2\/product_cat?post=19502"},{"taxonomy":"product_tag","embeddable":true,"href":"https:\/\/ajatutaja.com\/hr\/wp-json\/wp\/v2\/product_tag?post=19502"}],"curies":[{"name":"wp","href":"https:\/\/api.w.org\/{rel}","templated":true}]}}