{"id":19487,"date":"2020-11-19T19:21:18","date_gmt":"2020-11-19T18:21:18","guid":{"rendered":"https:\/\/ajatutaja.com\/izdelek\/otroska-celada-kinderfeets-matte-46-52cm-black\/"},"modified":"2025-02-03T12:43:49","modified_gmt":"2025-02-03T11:43:49","slug":"otroska-celada-kinderfeets-matte-46-52cm-black","status":"publish","type":"product","link":"https:\/\/ajatutaja.com\/hr\/proizvod\/otroska-celada-kinderfeets-matte-46-52cm-black\/","title":{"rendered":"Otro\u0161ka \u010delada Kinderfeets Matte (46-52cm) Black"},"content":{"rendered":"<p>\u010celada za mal\u010dke Kinderfeets\u00ae Matte je primerna tudi za najmlaj\u0161e. Prilagodljiva \u010delada, z nastavljivim obsegom od 46 do 52 cm, omogo\u010da no\u0161enje \u010delade v razli\u010dnih starostnih obdobjih. Obseg glave se lahko izmeri z merilnim trakom. Velikost \u010delade izmerimo z merjenjem obsega otrokove glave pribli\u017eno 1 cm nad obrvmi. Za popolno prileganje \u010delade Kinderfeets\u00ae Matte ima \u010delada tudi nastavljiva pa\u0161\u010dka z zaponko, s premi\u0161ljeno oblikovanim dodatkom: oblazinjenim \u0161\u010ditnikom za brado, ki prepre\u010duje, da bi se otrok ob zapenjanju \u010delade u\u0161\u010dipnil. 11 zra\u010dnikov za kro\u017eenje zraka, po dva spredaj in zadaj ter 7 zra\u010dnikov na vrhu, omogo\u010da in nudi optimalen dotok zraka.<\/p>\n<p><strong>Lastnosti otro\u0161ke \u010delade Kinderfeets Matte:<br \/>\n<\/strong><\/p>\n<ul>\n<li>Obseg: 46 \u2013 52 cm<\/li>\n<li>Uporaba \u010delade za mal\u010dke od 1. leta naprej<\/li>\n<li>Otro\u0161ka \u010delada Kinderfeets\u00ae Matte ustreza U.S. CPSC Bike Safety Standars &#8211; ustreza vsem varnostnim standardom za uli\u010dne \u0161porte<\/li>\n<li>Otro\u0161ka \u010delada z vstavkom iz EPS za\u0161\u010ditne pene<\/li>\n<li>Crumple Zone\u2122 v EPS je zasnovana tako, da absorbira energijo ob udarcu<\/li>\n<li>Za\u0161\u010ditna \u010delada z vzdr\u017eljivo zunanjostjo iz trpe\u017ene ABS plastike<\/li>\n<li>Zra\u010dnost in popolno prileganje<\/li>\n<li>11 zra\u010dnikov za kro\u017eenje zraka, po dva spredaj in zadaj ter 7 zra\u010dnikov na vrhu, omogo\u010da in nudi optimalen dotok zraka<\/li>\n<li>Nastavljiv obseg za razli\u010dna starostna obdobja, od 46 do 52 cm<\/li>\n<li>Fit Sweatsaver\u2122 blazinice omogo\u010dajo dodatno udobje in \u0161e bolj\u0161e prileganje<\/li>\n<li>Nastavljiva pa\u0161\u010dka z zaponko in s super priro\u010dnim dodatkom; oblazinjenim \u0161\u010ditnikom za brado, ki prepre\u010duje, da bi se otrok ob zapenjanju \u010delade u\u0161\u010dipnil<\/li>\n<li>Sistem z vrtljivim kolescem za optimalno prilagajanje velikosti<\/li>\n<li>Na voljo v \u010dudovitih barvah<\/li>\n<\/ul>\n<p>Otro\u0161ka \u010delada \u010delada Kinderfeets\u00ae Matte je na voljo v ve\u010d barvnih odtenkih, s katerimi lahko ustvarite popolno kombinacijo z va\u0161im izbranim Kinderfeets\u00ae poganjalcem; Kinderfeets\u00ae Tiny Tot, Kinderfeets\u00ae Tiny Tot Plus, Kinderfeets\u00ae Classic in Kinderfeets\u00ae Retro. Zra\u010dna otro\u0161ka \u010delada z vstavkom iz EPS za\u0161\u010ditne pene in vzdr\u017eljivo zunanjostjo iz trpe\u017ene ABS plastike mal\u010dkom nudi udobje in visoko za\u0161\u010dito pred udarci na vsakem potepanju z mamico in o\u010dkom. Poleg nastavljivega sistema za prilagajanje velikosti so v notranjost \u010delade Kinderfeets\u00ae Matte name\u0161\u010dene tudi tako imenovane Fit Sweatsaver\u2122 blazinice, ki omogo\u010dajo dodatno udobje in \u0161e bolj\u0161e prileganje, ko otrok raste.<\/p>\n<p>VARNOSTNO OBVESTILO:<\/p>\n<ul>\n<li>Pred uporabo preverite, da je \u010delada pravilno name\u0161\u010dena<\/li>\n<li>Otro\u0161ka \u010delada se mora dobro prilegati glavi, trakovi za zapenjanje morajo biti vedno zapeti<\/li>\n<li>\u010celade Kinderfeets\u00ae Matte ne uporabljajte za vo\u017enjo z motornimi kolesi in kolesi z motorjem<\/li>\n<li>\u010celada Kinderfeets\u00ae Matte ni namenjena drugim \u0161portnim aktivnostim, kot so plezanje ali smu\u010danje<\/li>\n<li>Redno preverjajte stanje \u010delade in njenih sestavnih delov. Pazite, da ne pride do obrabe delov. Zaradi varnosti ob obrabi ali po\u0161kodbi \u010delade ne uporabljajte<\/li>\n<li>Embala\u017eo in plasti\u010dni ovoj hranite izven dosega otrok! Mo\u017enost zadu\u0161itve zaradi ovojne embala\u017ee<\/li>\n<li>Pri odpiranju vsebine odstranite plasti\u010dni ovoj in poskrbite za pravilno ravnanje s plasti\u010dnimi odpadki<\/li>\n<li>Poskrbite za otrokovo varnost s pravilno izbiro za\u0161\u010ditne \u010delade, obla\u010dil in \u010devljev za vo\u017enjo s poganjalcem Kinderfeets\u00ae<\/li>\n<li>Igra\u010da s kolesi zahteva nadzor odrasle osebe<\/li>\n<\/ul>\n","protected":false},"excerpt":{"rendered":"<p>Otro\u0161ka \u010delada Kinderfeets\u00ae Matte bo poskrbela za najbolj\u0161o za\u0161\u010dito va\u0161ih mal\u010dkov pri vo\u017enji s triciklom, poganjal\u010dkom, kolesom, rolko ali skirojem.<\/p>\n<p>Prilagodljiva za\u0161\u010ditna \u010delada je Kinderfeets Matte je na voljo v 5 \u010dudovitih barvnih odtenkih.<\/p>\n","protected":false},"featured_media":19481,"template":"","meta":[],"pwb-brand":[2452,2429,2466,2409],"product_brand":[],"product_cat":[2404,2361],"product_tag":[4025,4216],"class_list":{"0":"post-19487","1":"product","2":"type-product","3":"status-publish","4":"has-post-thumbnail","6":"pwb-brand-igranje","7":"pwb-brand-kinderfeets","8":"pwb-brand-kinderfeets-igranje","9":"pwb-brand-potepanje","10":"product_cat-otroske-celade","11":"product_cat-potepanje","12":"product_tag-kinderfeets","13":"product_tag-kinderfeets-matte","15":"first","16":"onbackorder","17":"taxable","18":"shipping-taxable","19":"purchasable","20":"product-type-simple","21":"add-to-wishlist-before_image"},"yoast_head":"<!-- This site is optimized with the Yoast SEO plugin v27.3 - https:\/\/yoast.com\/product\/yoast-seo-wordpress\/ -->\n<title>Otro\u0161ka \u010delada Kinderfeets Matte (46-52cm) Black | Ajatutaja<\/title>\n<meta name=\"description\" content=\"Otro\u0161ka \u010delada Kinderfeets\u00ae Matte bo poskrbela za najbolj\u0161o za\u0161\u010dito va\u0161ih mal\u010dkov pri vo\u017enji s triciklom, poganjal\u010dkom, kolesom, rolko ali skirojem.\" \/>\n<meta name=\"robots\" content=\"index, follow, max-snippet:-1, max-image-preview:large, max-video-preview:-1\" \/>\n<link rel=\"canonical\" href=\"https:\/\/ajatutaja.com\/izdelek\/otroska-celada-kinderfeets-matte-46-52cm-black\/\" \/>\n<meta property=\"og:locale\" content=\"hr_HR\" \/>\n<meta property=\"og:type\" content=\"article\" \/>\n<meta property=\"og:title\" content=\"Otro\u0161ka \u010delada Kinderfeets Matte (46-52cm) Black | Ajatutaja\" \/>\n<meta property=\"og:description\" content=\"Otro\u0161ka \u010delada Kinderfeets\u00ae Matte bo poskrbela za najbolj\u0161o za\u0161\u010dito va\u0161ih mal\u010dkov pri vo\u017enji s triciklom, poganjal\u010dkom, kolesom, rolko ali skirojem.\" \/>\n<meta property=\"og:url\" content=\"https:\/\/ajatutaja.com\/izdelek\/otroska-celada-kinderfeets-matte-46-52cm-black\/\" \/>\n<meta property=\"og:site_name\" content=\"Ajatutaja\" \/>\n<meta property=\"article:modified_time\" content=\"2025-02-03T11:43:49+00:00\" \/>\n<meta property=\"og:image\" content=\"https:\/\/ajatutaja.com\/wp-content\/uploads\/2021\/11\/kinderfeets-otroska-celada-matte-black-ajatutaja-1.jpg\" \/>\n\t<meta property=\"og:image:width\" content=\"750\" \/>\n\t<meta property=\"og:image:height\" content=\"750\" \/>\n\t<meta property=\"og:image:type\" content=\"image\/jpeg\" \/>\n<meta name=\"twitter:card\" content=\"summary_large_image\" \/>\n<meta name=\"twitter:label1\" content=\"Procijenjeno vrijeme \u010ditanja\" \/>\n\t<meta name=\"twitter:data1\" content=\"3 minute\" \/>\n<script type=\"application\/ld+json\" class=\"yoast-schema-graph\">{\"@context\":\"https:\\\/\\\/schema.org\",\"@graph\":[{\"@type\":\"WebPage\",\"@id\":\"https:\\\/\\\/ajatutaja.com\\\/izdelek\\\/otroska-celada-kinderfeets-matte-46-52cm-black\\\/\",\"url\":\"https:\\\/\\\/ajatutaja.com\\\/izdelek\\\/otroska-celada-kinderfeets-matte-46-52cm-black\\\/\",\"name\":\"Otro\u0161ka \u010delada Kinderfeets Matte (46-52cm) Black | Ajatutaja\",\"isPartOf\":{\"@id\":\"https:\\\/\\\/ajatutaja.com\\\/#website\"},\"primaryImageOfPage\":{\"@id\":\"https:\\\/\\\/ajatutaja.com\\\/izdelek\\\/otroska-celada-kinderfeets-matte-46-52cm-black\\\/#primaryimage\"},\"image\":{\"@id\":\"https:\\\/\\\/ajatutaja.com\\\/izdelek\\\/otroska-celada-kinderfeets-matte-46-52cm-black\\\/#primaryimage\"},\"thumbnailUrl\":\"https:\\\/\\\/ajatutaja.com\\\/wp-content\\\/uploads\\\/2021\\\/11\\\/kinderfeets-otroska-celada-matte-black-ajatutaja-1.jpg\",\"datePublished\":\"2020-11-19T18:21:18+00:00\",\"dateModified\":\"2025-02-03T11:43:49+00:00\",\"description\":\"Otro\u0161ka \u010delada Kinderfeets\u00ae Matte bo poskrbela za najbolj\u0161o za\u0161\u010dito va\u0161ih mal\u010dkov pri vo\u017enji s triciklom, poganjal\u010dkom, kolesom, rolko ali skirojem.\",\"breadcrumb\":{\"@id\":\"https:\\\/\\\/ajatutaja.com\\\/izdelek\\\/otroska-celada-kinderfeets-matte-46-52cm-black\\\/#breadcrumb\"},\"inLanguage\":\"hr\",\"potentialAction\":[{\"@type\":\"ReadAction\",\"target\":[\"https:\\\/\\\/ajatutaja.com\\\/izdelek\\\/otroska-celada-kinderfeets-matte-46-52cm-black\\\/\"]}]},{\"@type\":\"ImageObject\",\"inLanguage\":\"hr\",\"@id\":\"https:\\\/\\\/ajatutaja.com\\\/izdelek\\\/otroska-celada-kinderfeets-matte-46-52cm-black\\\/#primaryimage\",\"url\":\"https:\\\/\\\/ajatutaja.com\\\/wp-content\\\/uploads\\\/2021\\\/11\\\/kinderfeets-otroska-celada-matte-black-ajatutaja-1.jpg\",\"contentUrl\":\"https:\\\/\\\/ajatutaja.com\\\/wp-content\\\/uploads\\\/2021\\\/11\\\/kinderfeets-otroska-celada-matte-black-ajatutaja-1.jpg\",\"width\":750,\"height\":750},{\"@type\":\"BreadcrumbList\",\"@id\":\"https:\\\/\\\/ajatutaja.com\\\/izdelek\\\/otroska-celada-kinderfeets-matte-46-52cm-black\\\/#breadcrumb\",\"itemListElement\":[{\"@type\":\"ListItem\",\"position\":1,\"name\":\"Home\",\"item\":\"https:\\\/\\\/ajatutaja.com\\\/hr\\\/\"},{\"@type\":\"ListItem\",\"position\":2,\"name\":\"Trgovina\",\"item\":\"https:\\\/\\\/ajatutaja.com\\\/hr\\\/trgovina\\\/\"},{\"@type\":\"ListItem\",\"position\":3,\"name\":\"Otro\u0161ka \u010delada Kinderfeets Matte (46-52cm) Black\"}]},{\"@type\":\"WebSite\",\"@id\":\"https:\\\/\\\/ajatutaja.com\\\/#website\",\"url\":\"https:\\\/\\\/ajatutaja.com\\\/\",\"name\":\"Ajatutaja\",\"description\":\"Otro\u0161ka spletna trgovina AJATUTAJA\",\"publisher\":{\"@id\":\"https:\\\/\\\/ajatutaja.com\\\/#organization\"},\"potentialAction\":[{\"@type\":\"SearchAction\",\"target\":{\"@type\":\"EntryPoint\",\"urlTemplate\":\"https:\\\/\\\/ajatutaja.com\\\/?s={search_term_string}\"},\"query-input\":{\"@type\":\"PropertyValueSpecification\",\"valueRequired\":true,\"valueName\":\"search_term_string\"}}],\"inLanguage\":\"hr\"},{\"@type\":\"Organization\",\"@id\":\"https:\\\/\\\/ajatutaja.com\\\/#organization\",\"name\":\"Ajatutaja\",\"url\":\"https:\\\/\\\/ajatutaja.com\\\/\",\"logo\":{\"@type\":\"ImageObject\",\"inLanguage\":\"hr\",\"@id\":\"https:\\\/\\\/ajatutaja.com\\\/#\\\/schema\\\/logo\\\/image\\\/\",\"url\":\"https:\\\/\\\/ajatutaja.com\\\/wp-content\\\/uploads\\\/2021\\\/10\\\/logo.png\",\"contentUrl\":\"https:\\\/\\\/ajatutaja.com\\\/wp-content\\\/uploads\\\/2021\\\/10\\\/logo.png\",\"width\":555,\"height\":150,\"caption\":\"Ajatutaja\"},\"image\":{\"@id\":\"https:\\\/\\\/ajatutaja.com\\\/#\\\/schema\\\/logo\\\/image\\\/\"}}]}<\/script>\n<!-- \/ Yoast SEO plugin. -->","yoast_head_json":{"title":"Otro\u0161ka \u010delada Kinderfeets Matte (46-52cm) Black | Ajatutaja","description":"Otro\u0161ka \u010delada Kinderfeets\u00ae Matte bo poskrbela za najbolj\u0161o za\u0161\u010dito va\u0161ih mal\u010dkov pri vo\u017enji s triciklom, poganjal\u010dkom, kolesom, rolko ali skirojem.","robots":{"index":"index","follow":"follow","max-snippet":"max-snippet:-1","max-image-preview":"max-image-preview:large","max-video-preview":"max-video-preview:-1"},"canonical":"https:\/\/ajatutaja.com\/izdelek\/otroska-celada-kinderfeets-matte-46-52cm-black\/","og_locale":"hr_HR","og_type":"article","og_title":"Otro\u0161ka \u010delada Kinderfeets Matte (46-52cm) Black | Ajatutaja","og_description":"Otro\u0161ka \u010delada Kinderfeets\u00ae Matte bo poskrbela za najbolj\u0161o za\u0161\u010dito va\u0161ih mal\u010dkov pri vo\u017enji s triciklom, poganjal\u010dkom, kolesom, rolko ali skirojem.","og_url":"https:\/\/ajatutaja.com\/izdelek\/otroska-celada-kinderfeets-matte-46-52cm-black\/","og_site_name":"Ajatutaja","article_modified_time":"2025-02-03T11:43:49+00:00","og_image":[{"width":750,"height":750,"url":"https:\/\/ajatutaja.com\/wp-content\/uploads\/2021\/11\/kinderfeets-otroska-celada-matte-black-ajatutaja-1.jpg","type":"image\/jpeg"}],"twitter_card":"summary_large_image","twitter_misc":{"Procijenjeno vrijeme \u010ditanja":"3 minute"},"schema":{"@context":"https:\/\/schema.org","@graph":[{"@type":"WebPage","@id":"https:\/\/ajatutaja.com\/izdelek\/otroska-celada-kinderfeets-matte-46-52cm-black\/","url":"https:\/\/ajatutaja.com\/izdelek\/otroska-celada-kinderfeets-matte-46-52cm-black\/","name":"Otro\u0161ka \u010delada Kinderfeets Matte (46-52cm) Black | Ajatutaja","isPartOf":{"@id":"https:\/\/ajatutaja.com\/#website"},"primaryImageOfPage":{"@id":"https:\/\/ajatutaja.com\/izdelek\/otroska-celada-kinderfeets-matte-46-52cm-black\/#primaryimage"},"image":{"@id":"https:\/\/ajatutaja.com\/izdelek\/otroska-celada-kinderfeets-matte-46-52cm-black\/#primaryimage"},"thumbnailUrl":"https:\/\/ajatutaja.com\/wp-content\/uploads\/2021\/11\/kinderfeets-otroska-celada-matte-black-ajatutaja-1.jpg","datePublished":"2020-11-19T18:21:18+00:00","dateModified":"2025-02-03T11:43:49+00:00","description":"Otro\u0161ka \u010delada Kinderfeets\u00ae Matte bo poskrbela za najbolj\u0161o za\u0161\u010dito va\u0161ih mal\u010dkov pri vo\u017enji s triciklom, poganjal\u010dkom, kolesom, rolko ali skirojem.","breadcrumb":{"@id":"https:\/\/ajatutaja.com\/izdelek\/otroska-celada-kinderfeets-matte-46-52cm-black\/#breadcrumb"},"inLanguage":"hr","potentialAction":[{"@type":"ReadAction","target":["https:\/\/ajatutaja.com\/izdelek\/otroska-celada-kinderfeets-matte-46-52cm-black\/"]}]},{"@type":"ImageObject","inLanguage":"hr","@id":"https:\/\/ajatutaja.com\/izdelek\/otroska-celada-kinderfeets-matte-46-52cm-black\/#primaryimage","url":"https:\/\/ajatutaja.com\/wp-content\/uploads\/2021\/11\/kinderfeets-otroska-celada-matte-black-ajatutaja-1.jpg","contentUrl":"https:\/\/ajatutaja.com\/wp-content\/uploads\/2021\/11\/kinderfeets-otroska-celada-matte-black-ajatutaja-1.jpg","width":750,"height":750},{"@type":"BreadcrumbList","@id":"https:\/\/ajatutaja.com\/izdelek\/otroska-celada-kinderfeets-matte-46-52cm-black\/#breadcrumb","itemListElement":[{"@type":"ListItem","position":1,"name":"Home","item":"https:\/\/ajatutaja.com\/hr\/"},{"@type":"ListItem","position":2,"name":"Trgovina","item":"https:\/\/ajatutaja.com\/hr\/trgovina\/"},{"@type":"ListItem","position":3,"name":"Otro\u0161ka \u010delada Kinderfeets Matte (46-52cm) Black"}]},{"@type":"WebSite","@id":"https:\/\/ajatutaja.com\/#website","url":"https:\/\/ajatutaja.com\/","name":"Ajatutaja","description":"Otro\u0161ka spletna trgovina AJATUTAJA","publisher":{"@id":"https:\/\/ajatutaja.com\/#organization"},"potentialAction":[{"@type":"SearchAction","target":{"@type":"EntryPoint","urlTemplate":"https:\/\/ajatutaja.com\/?s={search_term_string}"},"query-input":{"@type":"PropertyValueSpecification","valueRequired":true,"valueName":"search_term_string"}}],"inLanguage":"hr"},{"@type":"Organization","@id":"https:\/\/ajatutaja.com\/#organization","name":"Ajatutaja","url":"https:\/\/ajatutaja.com\/","logo":{"@type":"ImageObject","inLanguage":"hr","@id":"https:\/\/ajatutaja.com\/#\/schema\/logo\/image\/","url":"https:\/\/ajatutaja.com\/wp-content\/uploads\/2021\/10\/logo.png","contentUrl":"https:\/\/ajatutaja.com\/wp-content\/uploads\/2021\/10\/logo.png","width":555,"height":150,"caption":"Ajatutaja"},"image":{"@id":"https:\/\/ajatutaja.com\/#\/schema\/logo\/image\/"}}]}},"brands":[{"id":2452,"name":"Igranje","slug":"igranje"},{"id":2429,"name":"Kinderfeets","slug":"kinderfeets"},{"id":2466,"name":"Kinderfeets","slug":"kinderfeets-igranje"},{"id":2409,"name":"Potepanje","slug":"potepanje"}],"_links":{"self":[{"href":"https:\/\/ajatutaja.com\/hr\/wp-json\/wp\/v2\/product\/19487","targetHints":{"allow":["GET"]}}],"collection":[{"href":"https:\/\/ajatutaja.com\/hr\/wp-json\/wp\/v2\/product"}],"about":[{"href":"https:\/\/ajatutaja.com\/hr\/wp-json\/wp\/v2\/types\/product"}],"wp:featuredmedia":[{"embeddable":true,"href":"https:\/\/ajatutaja.com\/hr\/wp-json\/wp\/v2\/media\/19481"}],"wp:attachment":[{"href":"https:\/\/ajatutaja.com\/hr\/wp-json\/wp\/v2\/media?parent=19487"}],"wp:term":[{"taxonomy":"pwb-brand","embeddable":true,"href":"https:\/\/ajatutaja.com\/hr\/wp-json\/wp\/v2\/pwb-brand?post=19487"},{"taxonomy":"product_brand","embeddable":true,"href":"https:\/\/ajatutaja.com\/hr\/wp-json\/wp\/v2\/product_brand?post=19487"},{"taxonomy":"product_cat","embeddable":true,"href":"https:\/\/ajatutaja.com\/hr\/wp-json\/wp\/v2\/product_cat?post=19487"},{"taxonomy":"product_tag","embeddable":true,"href":"https:\/\/ajatutaja.com\/hr\/wp-json\/wp\/v2\/product_tag?post=19487"}],"curies":[{"name":"wp","href":"https:\/\/api.w.org\/{rel}","templated":true}]}}