{"id":19358,"date":"2020-11-05T09:32:31","date_gmt":"2020-11-05T08:32:31","guid":{"rendered":"https:\/\/ajatutaja.com\/izdelek\/beaba-silikonska-zlica-ergonomic-1st-age-nude\/"},"modified":"2025-03-14T11:35:35","modified_gmt":"2025-03-14T10:35:35","slug":"beaba-silikonska-zlica-ergonomic-1st-age-nude","status":"publish","type":"product","link":"https:\/\/ajatutaja.com\/hr\/proizvod\/beaba-silikonska-zlica-ergonomic-1st-age-nude\/","title":{"rendered":"Beaba silikonska \u017elica Ergonomic 1st Age (4m+)"},"content":{"rendered":"<p>[vc_row][vc_column][vc_column_text]Beaba \u017elica Ergonomic 1st age je izdelana iz ekstra gibljivega silikona, v katerega lahko mal\u010dki brez strahu zagrizejo. Silikon, iz katerega je Beaba \u017eli\u010dka izdelana, je zdravju ne\u0161kodljiv. Ta \u017eli\u010dka lahko nadomesti grizala za otroke takrat, ko jim rastejo zobki.<\/p>\n<p>\u017dli\u010dka Beaba ima dolg ergonomsko oblikovan ro\u010daj, otroci pa se lahko z njo u\u010dijo jesti kot z obi\u010dajno jedilno \u017elico. Dol\u017eina \u017eli\u010dke je primerna za vse posode za hrano Beaba, tako da se vam ni treba bati, da se boste pri nabiranju hrane umazali.<\/p>\n<h4>Lastnosti silikonske \u017eli\u010dke Beaba Ergonomic 1st Age:<\/h4>\n<ul>\n<li>silikonska \u017eli\u010dka za otroke,\u00a0primerna od 4. meseca<\/li>\n<li>1 \u017eli\u010dka v kompletu<\/li>\n<li>ergonomsko oblikovani ro\u010daj<\/li>\n<li>zdravju ne\u0161kodljivi material<\/li>\n<li>moderni francoski dizajn<\/li>\n<li>izdelek najvi\u0161je kakovosti<\/li>\n<\/ul>\n<p>Dimenzije \u017eli\u010dke: 17x3x1 cm<br \/>\nTe\u017ea: 20gr<br \/>\nBPA free[\/vc_column_text][\/vc_column][\/vc_row]<\/p>\n","protected":false},"excerpt":{"rendered":"<p>\u017dli\u010dka iz silikona Beaba Ergonomic 1st Age je primerna za vse otroke od 4. meseca starosti. Silikonska \u017elica Beaba je nadvse primerna za prehod na gosto hrano.<\/p>\n","protected":false},"featured_media":74317,"template":"","meta":[],"pwb-brand":[2317,2269],"product_brand":[],"product_cat":[2266,2314,2311],"product_tag":[4055],"class_list":{"0":"post-19358","1":"product","2":"type-product","3":"status-publish","4":"has-post-thumbnail","6":"pwb-brand-beaba","7":"pwb-brand-hranjenje","8":"product_cat-hranjenje","9":"product_cat-pripomocki-za-hranjenje","10":"product_cat-zlicke-in-jedilni-pribor","11":"product_tag-beaba","13":"first","14":"instock","15":"taxable","16":"shipping-taxable","17":"purchasable","18":"product-type-variable","19":"add-to-wishlist-before_image"},"yoast_head":"<!-- This site is optimized with the Yoast SEO plugin v27.3 - https:\/\/yoast.com\/product\/yoast-seo-wordpress\/ -->\n<title>Beaba silikonska \u017elica Ergonomic 1st Age (4m+) | Ajatutaja<\/title>\n<meta name=\"description\" content=\"\u017dli\u010dka iz silikona Beaba Ergonomic 1st Age je primerna za vse otroke od 4. meseca starosti.Silikonska \u017elica je nadvse primerna za prehod na gosto hrano.\" \/>\n<meta name=\"robots\" content=\"index, follow, max-snippet:-1, max-image-preview:large, max-video-preview:-1\" \/>\n<link rel=\"canonical\" href=\"https:\/\/ajatutaja.com\/izdelek\/beaba-silikonska-zlica-ergonomic-1st-age-nude\/\" \/>\n<meta property=\"og:locale\" content=\"hr_HR\" \/>\n<meta property=\"og:type\" content=\"article\" \/>\n<meta property=\"og:title\" content=\"Beaba silikonska \u017elica Ergonomic 1st Age (4m+) | Ajatutaja\" \/>\n<meta property=\"og:description\" content=\"\u017dli\u010dka iz silikona Beaba Ergonomic 1st Age je primerna za vse otroke od 4. meseca starosti.Silikonska \u017elica je nadvse primerna za prehod na gosto hrano.\" \/>\n<meta property=\"og:url\" content=\"https:\/\/ajatutaja.com\/izdelek\/beaba-silikonska-zlica-ergonomic-1st-age-nude\/\" \/>\n<meta property=\"og:site_name\" content=\"Ajatutaja\" \/>\n<meta property=\"article:modified_time\" content=\"2025-03-14T10:35:35+00:00\" \/>\n<meta property=\"og:image\" content=\"https:\/\/ajatutaja.com\/wp-content\/uploads\/2020\/11\/Beaba-1st-age-e1741947149511.jpg\" \/>\n\t<meta property=\"og:image:width\" content=\"600\" \/>\n\t<meta property=\"og:image:height\" content=\"600\" \/>\n\t<meta property=\"og:image:type\" content=\"image\/jpeg\" \/>\n<meta name=\"twitter:card\" content=\"summary_large_image\" \/>\n<meta name=\"twitter:label1\" content=\"Procijenjeno vrijeme \u010ditanja\" \/>\n\t<meta name=\"twitter:data1\" content=\"1 minuta\" \/>\n<script type=\"application\/ld+json\" class=\"yoast-schema-graph\">{\"@context\":\"https:\\\/\\\/schema.org\",\"@graph\":[{\"@type\":\"WebPage\",\"@id\":\"https:\\\/\\\/ajatutaja.com\\\/izdelek\\\/beaba-silikonska-zlica-ergonomic-1st-age-nude\\\/\",\"url\":\"https:\\\/\\\/ajatutaja.com\\\/izdelek\\\/beaba-silikonska-zlica-ergonomic-1st-age-nude\\\/\",\"name\":\"Beaba silikonska \u017elica Ergonomic 1st Age (4m+) | Ajatutaja\",\"isPartOf\":{\"@id\":\"https:\\\/\\\/ajatutaja.com\\\/#website\"},\"primaryImageOfPage\":{\"@id\":\"https:\\\/\\\/ajatutaja.com\\\/izdelek\\\/beaba-silikonska-zlica-ergonomic-1st-age-nude\\\/#primaryimage\"},\"image\":{\"@id\":\"https:\\\/\\\/ajatutaja.com\\\/izdelek\\\/beaba-silikonska-zlica-ergonomic-1st-age-nude\\\/#primaryimage\"},\"thumbnailUrl\":\"https:\\\/\\\/ajatutaja.com\\\/wp-content\\\/uploads\\\/2020\\\/11\\\/Beaba-1st-age-e1741947149511.jpg\",\"datePublished\":\"2020-11-05T08:32:31+00:00\",\"dateModified\":\"2025-03-14T10:35:35+00:00\",\"description\":\"\u017dli\u010dka iz silikona Beaba Ergonomic 1st Age je primerna za vse otroke od 4. meseca starosti.Silikonska \u017elica je nadvse primerna za prehod na gosto hrano.\",\"breadcrumb\":{\"@id\":\"https:\\\/\\\/ajatutaja.com\\\/izdelek\\\/beaba-silikonska-zlica-ergonomic-1st-age-nude\\\/#breadcrumb\"},\"inLanguage\":\"hr\",\"potentialAction\":[{\"@type\":\"ReadAction\",\"target\":[\"https:\\\/\\\/ajatutaja.com\\\/izdelek\\\/beaba-silikonska-zlica-ergonomic-1st-age-nude\\\/\"]}]},{\"@type\":\"ImageObject\",\"inLanguage\":\"hr\",\"@id\":\"https:\\\/\\\/ajatutaja.com\\\/izdelek\\\/beaba-silikonska-zlica-ergonomic-1st-age-nude\\\/#primaryimage\",\"url\":\"https:\\\/\\\/ajatutaja.com\\\/wp-content\\\/uploads\\\/2020\\\/11\\\/Beaba-1st-age-e1741947149511.jpg\",\"contentUrl\":\"https:\\\/\\\/ajatutaja.com\\\/wp-content\\\/uploads\\\/2020\\\/11\\\/Beaba-1st-age-e1741947149511.jpg\",\"width\":600,\"height\":600},{\"@type\":\"BreadcrumbList\",\"@id\":\"https:\\\/\\\/ajatutaja.com\\\/izdelek\\\/beaba-silikonska-zlica-ergonomic-1st-age-nude\\\/#breadcrumb\",\"itemListElement\":[{\"@type\":\"ListItem\",\"position\":1,\"name\":\"Home\",\"item\":\"https:\\\/\\\/ajatutaja.com\\\/hr\\\/\"},{\"@type\":\"ListItem\",\"position\":2,\"name\":\"Trgovina\",\"item\":\"https:\\\/\\\/ajatutaja.com\\\/hr\\\/trgovina\\\/\"},{\"@type\":\"ListItem\",\"position\":3,\"name\":\"Beaba silikonska \u017elica Ergonomic 1st Age (4m+)\"}]},{\"@type\":\"WebSite\",\"@id\":\"https:\\\/\\\/ajatutaja.com\\\/#website\",\"url\":\"https:\\\/\\\/ajatutaja.com\\\/\",\"name\":\"Ajatutaja\",\"description\":\"Otro\u0161ka spletna trgovina AJATUTAJA\",\"publisher\":{\"@id\":\"https:\\\/\\\/ajatutaja.com\\\/#organization\"},\"potentialAction\":[{\"@type\":\"SearchAction\",\"target\":{\"@type\":\"EntryPoint\",\"urlTemplate\":\"https:\\\/\\\/ajatutaja.com\\\/?s={search_term_string}\"},\"query-input\":{\"@type\":\"PropertyValueSpecification\",\"valueRequired\":true,\"valueName\":\"search_term_string\"}}],\"inLanguage\":\"hr\"},{\"@type\":\"Organization\",\"@id\":\"https:\\\/\\\/ajatutaja.com\\\/#organization\",\"name\":\"Ajatutaja\",\"url\":\"https:\\\/\\\/ajatutaja.com\\\/\",\"logo\":{\"@type\":\"ImageObject\",\"inLanguage\":\"hr\",\"@id\":\"https:\\\/\\\/ajatutaja.com\\\/#\\\/schema\\\/logo\\\/image\\\/\",\"url\":\"https:\\\/\\\/ajatutaja.com\\\/wp-content\\\/uploads\\\/2021\\\/10\\\/logo.png\",\"contentUrl\":\"https:\\\/\\\/ajatutaja.com\\\/wp-content\\\/uploads\\\/2021\\\/10\\\/logo.png\",\"width\":555,\"height\":150,\"caption\":\"Ajatutaja\"},\"image\":{\"@id\":\"https:\\\/\\\/ajatutaja.com\\\/#\\\/schema\\\/logo\\\/image\\\/\"}}]}<\/script>\n<!-- \/ Yoast SEO plugin. -->","yoast_head_json":{"title":"Beaba silikonska \u017elica Ergonomic 1st Age (4m+) | Ajatutaja","description":"\u017dli\u010dka iz silikona Beaba Ergonomic 1st Age je primerna za vse otroke od 4. meseca starosti.Silikonska \u017elica je nadvse primerna za prehod na gosto hrano.","robots":{"index":"index","follow":"follow","max-snippet":"max-snippet:-1","max-image-preview":"max-image-preview:large","max-video-preview":"max-video-preview:-1"},"canonical":"https:\/\/ajatutaja.com\/izdelek\/beaba-silikonska-zlica-ergonomic-1st-age-nude\/","og_locale":"hr_HR","og_type":"article","og_title":"Beaba silikonska \u017elica Ergonomic 1st Age (4m+) | Ajatutaja","og_description":"\u017dli\u010dka iz silikona Beaba Ergonomic 1st Age je primerna za vse otroke od 4. meseca starosti.Silikonska \u017elica je nadvse primerna za prehod na gosto hrano.","og_url":"https:\/\/ajatutaja.com\/izdelek\/beaba-silikonska-zlica-ergonomic-1st-age-nude\/","og_site_name":"Ajatutaja","article_modified_time":"2025-03-14T10:35:35+00:00","og_image":[{"width":600,"height":600,"url":"https:\/\/ajatutaja.com\/wp-content\/uploads\/2020\/11\/Beaba-1st-age-e1741947149511.jpg","type":"image\/jpeg"}],"twitter_card":"summary_large_image","twitter_misc":{"Procijenjeno vrijeme \u010ditanja":"1 minuta"},"schema":{"@context":"https:\/\/schema.org","@graph":[{"@type":"WebPage","@id":"https:\/\/ajatutaja.com\/izdelek\/beaba-silikonska-zlica-ergonomic-1st-age-nude\/","url":"https:\/\/ajatutaja.com\/izdelek\/beaba-silikonska-zlica-ergonomic-1st-age-nude\/","name":"Beaba silikonska \u017elica Ergonomic 1st Age (4m+) | Ajatutaja","isPartOf":{"@id":"https:\/\/ajatutaja.com\/#website"},"primaryImageOfPage":{"@id":"https:\/\/ajatutaja.com\/izdelek\/beaba-silikonska-zlica-ergonomic-1st-age-nude\/#primaryimage"},"image":{"@id":"https:\/\/ajatutaja.com\/izdelek\/beaba-silikonska-zlica-ergonomic-1st-age-nude\/#primaryimage"},"thumbnailUrl":"https:\/\/ajatutaja.com\/wp-content\/uploads\/2020\/11\/Beaba-1st-age-e1741947149511.jpg","datePublished":"2020-11-05T08:32:31+00:00","dateModified":"2025-03-14T10:35:35+00:00","description":"\u017dli\u010dka iz silikona Beaba Ergonomic 1st Age je primerna za vse otroke od 4. meseca starosti.Silikonska \u017elica je nadvse primerna za prehod na gosto hrano.","breadcrumb":{"@id":"https:\/\/ajatutaja.com\/izdelek\/beaba-silikonska-zlica-ergonomic-1st-age-nude\/#breadcrumb"},"inLanguage":"hr","potentialAction":[{"@type":"ReadAction","target":["https:\/\/ajatutaja.com\/izdelek\/beaba-silikonska-zlica-ergonomic-1st-age-nude\/"]}]},{"@type":"ImageObject","inLanguage":"hr","@id":"https:\/\/ajatutaja.com\/izdelek\/beaba-silikonska-zlica-ergonomic-1st-age-nude\/#primaryimage","url":"https:\/\/ajatutaja.com\/wp-content\/uploads\/2020\/11\/Beaba-1st-age-e1741947149511.jpg","contentUrl":"https:\/\/ajatutaja.com\/wp-content\/uploads\/2020\/11\/Beaba-1st-age-e1741947149511.jpg","width":600,"height":600},{"@type":"BreadcrumbList","@id":"https:\/\/ajatutaja.com\/izdelek\/beaba-silikonska-zlica-ergonomic-1st-age-nude\/#breadcrumb","itemListElement":[{"@type":"ListItem","position":1,"name":"Home","item":"https:\/\/ajatutaja.com\/hr\/"},{"@type":"ListItem","position":2,"name":"Trgovina","item":"https:\/\/ajatutaja.com\/hr\/trgovina\/"},{"@type":"ListItem","position":3,"name":"Beaba silikonska \u017elica Ergonomic 1st Age (4m+)"}]},{"@type":"WebSite","@id":"https:\/\/ajatutaja.com\/#website","url":"https:\/\/ajatutaja.com\/","name":"Ajatutaja","description":"Otro\u0161ka spletna trgovina AJATUTAJA","publisher":{"@id":"https:\/\/ajatutaja.com\/#organization"},"potentialAction":[{"@type":"SearchAction","target":{"@type":"EntryPoint","urlTemplate":"https:\/\/ajatutaja.com\/?s={search_term_string}"},"query-input":{"@type":"PropertyValueSpecification","valueRequired":true,"valueName":"search_term_string"}}],"inLanguage":"hr"},{"@type":"Organization","@id":"https:\/\/ajatutaja.com\/#organization","name":"Ajatutaja","url":"https:\/\/ajatutaja.com\/","logo":{"@type":"ImageObject","inLanguage":"hr","@id":"https:\/\/ajatutaja.com\/#\/schema\/logo\/image\/","url":"https:\/\/ajatutaja.com\/wp-content\/uploads\/2021\/10\/logo.png","contentUrl":"https:\/\/ajatutaja.com\/wp-content\/uploads\/2021\/10\/logo.png","width":555,"height":150,"caption":"Ajatutaja"},"image":{"@id":"https:\/\/ajatutaja.com\/#\/schema\/logo\/image\/"}}]}},"brands":[{"id":2317,"name":"Beaba","slug":"beaba"},{"id":2269,"name":"Hranjenje","slug":"hranjenje"}],"_links":{"self":[{"href":"https:\/\/ajatutaja.com\/hr\/wp-json\/wp\/v2\/product\/19358","targetHints":{"allow":["GET"]}}],"collection":[{"href":"https:\/\/ajatutaja.com\/hr\/wp-json\/wp\/v2\/product"}],"about":[{"href":"https:\/\/ajatutaja.com\/hr\/wp-json\/wp\/v2\/types\/product"}],"wp:featuredmedia":[{"embeddable":true,"href":"https:\/\/ajatutaja.com\/hr\/wp-json\/wp\/v2\/media\/74317"}],"wp:attachment":[{"href":"https:\/\/ajatutaja.com\/hr\/wp-json\/wp\/v2\/media?parent=19358"}],"wp:term":[{"taxonomy":"pwb-brand","embeddable":true,"href":"https:\/\/ajatutaja.com\/hr\/wp-json\/wp\/v2\/pwb-brand?post=19358"},{"taxonomy":"product_brand","embeddable":true,"href":"https:\/\/ajatutaja.com\/hr\/wp-json\/wp\/v2\/product_brand?post=19358"},{"taxonomy":"product_cat","embeddable":true,"href":"https:\/\/ajatutaja.com\/hr\/wp-json\/wp\/v2\/product_cat?post=19358"},{"taxonomy":"product_tag","embeddable":true,"href":"https:\/\/ajatutaja.com\/hr\/wp-json\/wp\/v2\/product_tag?post=19358"}],"curies":[{"name":"wp","href":"https:\/\/api.w.org\/{rel}","templated":true}]}}