{"id":19295,"date":"2025-10-29T16:00:08","date_gmt":"2025-10-29T15:00:08","guid":{"rendered":"https:\/\/ajatutaja.com\/izdelek\/mehka-knjiga-galt-soft-book-jungle\/"},"modified":"2026-03-09T12:54:29","modified_gmt":"2026-03-09T11:54:29","slug":"mehka-knjiga-galt-soft-book-jungle","status":"publish","type":"product","link":"https:\/\/ajatutaja.com\/hr\/proizvod\/mehka-knjiga-galt-soft-book-jungle\/","title":{"rendered":"Mehka knjiga Galt Soft book &#8211; Jungle"},"content":{"rendered":"<p>Mehka knjigica Galt je namenjena otrokom in dojen\u010dkom od rojstva dalje.<\/p>\n<p>Lastnosti mehke knjigice Galt :<\/p>\n<ul>\n<li>ima 8 ilustriranih listov z aplikacijami<\/li>\n<li>\u0161ume\u010de stranice<\/li>\n<li>dimenzije 10&#215;10 cm<\/li>\n<li>pralno v pralnem stroju na 40\u00b0C<\/li>\n<li>obesimo jo kamorkoli s pomo\u010djo prilo\u017eene zaponke<\/li>\n<\/ul>\n","protected":false},"excerpt":{"rendered":"<p style=\"text-align: justify\"><strong>Mehka knjiga Galt D\u017eungla<\/strong> s simapti\u010dnimi ilustracijami in aplikacijami.<\/p>\n<p style=\"text-align: justify\">Pisane barve, zanimive aplikacije in \u0161ume\u010di zvok knjigice Galt prevzamejo vsakega dojen\u010dka. Lahko jo lista ali pa daje v usta. Knjigica Galt je pralna v pralnem stroju. S pomo\u010djo prilo\u017eene zaponke jo lahko pripnete tudi na vozi\u010dek, avtosede\u017e ali pa obesite na rob postelje.<\/p>\n<p style=\"text-align: justify\">Knjigice iz blaga za najmlaj\u0161e (starost 0+), ki na vsaki strani skrivajo prijetno presene\u010denje za otroka. Knjigica omogo\u010da, da otrok razvije sposobnost prepoznavanja barv in razvija \u010dutila za otip.<\/p>\n","protected":false},"featured_media":19296,"template":"","meta":[],"pwb-brand":[2472,2452],"product_brand":[],"product_cat":[3986,5072,2715,2711,2362,2446,2442],"product_tag":[4178,4179],"class_list":{"0":"post-19295","1":"product","2":"type-product","3":"status-publish","4":"has-post-thumbnail","6":"pwb-brand-galt","7":"pwb-brand-igranje","8":"product_cat-novorojencek-igrace","9":"product_cat-bozicna-darila","10":"product_cat-darilo-do-15e","11":"product_cat-darilo-ob-rojstvu","12":"product_cat-igranje","13":"product_cat-mehke-knjigice","14":"product_cat-senzoricne-igrace","15":"product_tag-galt","16":"product_tag-galt-softbook","18":"first","19":"instock","20":"taxable","21":"shipping-taxable","22":"purchasable","23":"product-type-simple","24":"add-to-wishlist-before_image"},"yoast_head":"<!-- This site is optimized with the Yoast SEO plugin v27.3 - https:\/\/yoast.com\/product\/yoast-seo-wordpress\/ -->\n<title>Mehka knjiga Galt Soft book - Jungle | Ajatutaja<\/title>\n<meta name=\"description\" content=\"Mehka knjiga Galt s simapti\u010dnimi ilustracijami in aplikacijami. Pisane barve, zanimive aplikacije in \u0161ume\u010di zvok knjigice\" \/>\n<meta name=\"robots\" content=\"index, follow, max-snippet:-1, max-image-preview:large, max-video-preview:-1\" \/>\n<link rel=\"canonical\" href=\"https:\/\/ajatutaja.com\/izdelek\/mehka-knjiga-galt-soft-book-jungle\/\" \/>\n<meta property=\"og:locale\" content=\"hr_HR\" \/>\n<meta property=\"og:type\" content=\"article\" \/>\n<meta property=\"og:title\" content=\"Mehka knjiga Galt Soft book - Jungle | Ajatutaja\" \/>\n<meta property=\"og:description\" content=\"Mehka knjiga Galt s simapti\u010dnimi ilustracijami in aplikacijami. Pisane barve, zanimive aplikacije in \u0161ume\u010di zvok knjigice\" \/>\n<meta property=\"og:url\" content=\"https:\/\/ajatutaja.com\/izdelek\/mehka-knjiga-galt-soft-book-jungle\/\" \/>\n<meta property=\"og:site_name\" content=\"Ajatutaja\" \/>\n<meta property=\"article:modified_time\" content=\"2026-03-09T11:54:29+00:00\" \/>\n<meta property=\"og:image\" content=\"https:\/\/ajatutaja.com\/wp-content\/uploads\/2021\/11\/Mehka-knjigica-galt-ajatutaja6.jpg\" \/>\n\t<meta property=\"og:image:width\" content=\"600\" \/>\n\t<meta property=\"og:image:height\" content=\"600\" \/>\n\t<meta property=\"og:image:type\" content=\"image\/jpeg\" \/>\n<meta name=\"twitter:card\" content=\"summary_large_image\" \/>\n<script type=\"application\/ld+json\" class=\"yoast-schema-graph\">{\"@context\":\"https:\\\/\\\/schema.org\",\"@graph\":[{\"@type\":\"WebPage\",\"@id\":\"https:\\\/\\\/ajatutaja.com\\\/izdelek\\\/mehka-knjiga-galt-soft-book-jungle\\\/\",\"url\":\"https:\\\/\\\/ajatutaja.com\\\/izdelek\\\/mehka-knjiga-galt-soft-book-jungle\\\/\",\"name\":\"Mehka knjiga Galt Soft book - Jungle | Ajatutaja\",\"isPartOf\":{\"@id\":\"https:\\\/\\\/ajatutaja.com\\\/#website\"},\"primaryImageOfPage\":{\"@id\":\"https:\\\/\\\/ajatutaja.com\\\/izdelek\\\/mehka-knjiga-galt-soft-book-jungle\\\/#primaryimage\"},\"image\":{\"@id\":\"https:\\\/\\\/ajatutaja.com\\\/izdelek\\\/mehka-knjiga-galt-soft-book-jungle\\\/#primaryimage\"},\"thumbnailUrl\":\"https:\\\/\\\/ajatutaja.com\\\/wp-content\\\/uploads\\\/2021\\\/11\\\/Mehka-knjigica-galt-ajatutaja6.jpg\",\"datePublished\":\"2025-10-29T15:00:08+00:00\",\"dateModified\":\"2026-03-09T11:54:29+00:00\",\"description\":\"Mehka knjiga Galt s simapti\u010dnimi ilustracijami in aplikacijami. Pisane barve, zanimive aplikacije in \u0161ume\u010di zvok knjigice\",\"breadcrumb\":{\"@id\":\"https:\\\/\\\/ajatutaja.com\\\/izdelek\\\/mehka-knjiga-galt-soft-book-jungle\\\/#breadcrumb\"},\"inLanguage\":\"hr\",\"potentialAction\":[{\"@type\":\"ReadAction\",\"target\":[\"https:\\\/\\\/ajatutaja.com\\\/izdelek\\\/mehka-knjiga-galt-soft-book-jungle\\\/\"]}]},{\"@type\":\"ImageObject\",\"inLanguage\":\"hr\",\"@id\":\"https:\\\/\\\/ajatutaja.com\\\/izdelek\\\/mehka-knjiga-galt-soft-book-jungle\\\/#primaryimage\",\"url\":\"https:\\\/\\\/ajatutaja.com\\\/wp-content\\\/uploads\\\/2021\\\/11\\\/Mehka-knjigica-galt-ajatutaja6.jpg\",\"contentUrl\":\"https:\\\/\\\/ajatutaja.com\\\/wp-content\\\/uploads\\\/2021\\\/11\\\/Mehka-knjigica-galt-ajatutaja6.jpg\",\"width\":600,\"height\":600},{\"@type\":\"BreadcrumbList\",\"@id\":\"https:\\\/\\\/ajatutaja.com\\\/izdelek\\\/mehka-knjiga-galt-soft-book-jungle\\\/#breadcrumb\",\"itemListElement\":[{\"@type\":\"ListItem\",\"position\":1,\"name\":\"Home\",\"item\":\"https:\\\/\\\/ajatutaja.com\\\/hr\\\/\"},{\"@type\":\"ListItem\",\"position\":2,\"name\":\"Trgovina\",\"item\":\"https:\\\/\\\/ajatutaja.com\\\/hr\\\/trgovina\\\/\"},{\"@type\":\"ListItem\",\"position\":3,\"name\":\"Mehka knjiga Galt Soft book &#8211; Jungle\"}]},{\"@type\":\"WebSite\",\"@id\":\"https:\\\/\\\/ajatutaja.com\\\/#website\",\"url\":\"https:\\\/\\\/ajatutaja.com\\\/\",\"name\":\"Ajatutaja\",\"description\":\"Otro\u0161ka spletna trgovina AJATUTAJA\",\"publisher\":{\"@id\":\"https:\\\/\\\/ajatutaja.com\\\/#organization\"},\"potentialAction\":[{\"@type\":\"SearchAction\",\"target\":{\"@type\":\"EntryPoint\",\"urlTemplate\":\"https:\\\/\\\/ajatutaja.com\\\/?s={search_term_string}\"},\"query-input\":{\"@type\":\"PropertyValueSpecification\",\"valueRequired\":true,\"valueName\":\"search_term_string\"}}],\"inLanguage\":\"hr\"},{\"@type\":\"Organization\",\"@id\":\"https:\\\/\\\/ajatutaja.com\\\/#organization\",\"name\":\"Ajatutaja\",\"url\":\"https:\\\/\\\/ajatutaja.com\\\/\",\"logo\":{\"@type\":\"ImageObject\",\"inLanguage\":\"hr\",\"@id\":\"https:\\\/\\\/ajatutaja.com\\\/#\\\/schema\\\/logo\\\/image\\\/\",\"url\":\"https:\\\/\\\/ajatutaja.com\\\/wp-content\\\/uploads\\\/2021\\\/10\\\/logo.png\",\"contentUrl\":\"https:\\\/\\\/ajatutaja.com\\\/wp-content\\\/uploads\\\/2021\\\/10\\\/logo.png\",\"width\":555,\"height\":150,\"caption\":\"Ajatutaja\"},\"image\":{\"@id\":\"https:\\\/\\\/ajatutaja.com\\\/#\\\/schema\\\/logo\\\/image\\\/\"}}]}<\/script>\n<!-- \/ Yoast SEO plugin. -->","yoast_head_json":{"title":"Mehka knjiga Galt Soft book - Jungle | Ajatutaja","description":"Mehka knjiga Galt s simapti\u010dnimi ilustracijami in aplikacijami. Pisane barve, zanimive aplikacije in \u0161ume\u010di zvok knjigice","robots":{"index":"index","follow":"follow","max-snippet":"max-snippet:-1","max-image-preview":"max-image-preview:large","max-video-preview":"max-video-preview:-1"},"canonical":"https:\/\/ajatutaja.com\/izdelek\/mehka-knjiga-galt-soft-book-jungle\/","og_locale":"hr_HR","og_type":"article","og_title":"Mehka knjiga Galt Soft book - Jungle | Ajatutaja","og_description":"Mehka knjiga Galt s simapti\u010dnimi ilustracijami in aplikacijami. Pisane barve, zanimive aplikacije in \u0161ume\u010di zvok knjigice","og_url":"https:\/\/ajatutaja.com\/izdelek\/mehka-knjiga-galt-soft-book-jungle\/","og_site_name":"Ajatutaja","article_modified_time":"2026-03-09T11:54:29+00:00","og_image":[{"width":600,"height":600,"url":"https:\/\/ajatutaja.com\/wp-content\/uploads\/2021\/11\/Mehka-knjigica-galt-ajatutaja6.jpg","type":"image\/jpeg"}],"twitter_card":"summary_large_image","schema":{"@context":"https:\/\/schema.org","@graph":[{"@type":"WebPage","@id":"https:\/\/ajatutaja.com\/izdelek\/mehka-knjiga-galt-soft-book-jungle\/","url":"https:\/\/ajatutaja.com\/izdelek\/mehka-knjiga-galt-soft-book-jungle\/","name":"Mehka knjiga Galt Soft book - Jungle | Ajatutaja","isPartOf":{"@id":"https:\/\/ajatutaja.com\/#website"},"primaryImageOfPage":{"@id":"https:\/\/ajatutaja.com\/izdelek\/mehka-knjiga-galt-soft-book-jungle\/#primaryimage"},"image":{"@id":"https:\/\/ajatutaja.com\/izdelek\/mehka-knjiga-galt-soft-book-jungle\/#primaryimage"},"thumbnailUrl":"https:\/\/ajatutaja.com\/wp-content\/uploads\/2021\/11\/Mehka-knjigica-galt-ajatutaja6.jpg","datePublished":"2025-10-29T15:00:08+00:00","dateModified":"2026-03-09T11:54:29+00:00","description":"Mehka knjiga Galt s simapti\u010dnimi ilustracijami in aplikacijami. Pisane barve, zanimive aplikacije in \u0161ume\u010di zvok knjigice","breadcrumb":{"@id":"https:\/\/ajatutaja.com\/izdelek\/mehka-knjiga-galt-soft-book-jungle\/#breadcrumb"},"inLanguage":"hr","potentialAction":[{"@type":"ReadAction","target":["https:\/\/ajatutaja.com\/izdelek\/mehka-knjiga-galt-soft-book-jungle\/"]}]},{"@type":"ImageObject","inLanguage":"hr","@id":"https:\/\/ajatutaja.com\/izdelek\/mehka-knjiga-galt-soft-book-jungle\/#primaryimage","url":"https:\/\/ajatutaja.com\/wp-content\/uploads\/2021\/11\/Mehka-knjigica-galt-ajatutaja6.jpg","contentUrl":"https:\/\/ajatutaja.com\/wp-content\/uploads\/2021\/11\/Mehka-knjigica-galt-ajatutaja6.jpg","width":600,"height":600},{"@type":"BreadcrumbList","@id":"https:\/\/ajatutaja.com\/izdelek\/mehka-knjiga-galt-soft-book-jungle\/#breadcrumb","itemListElement":[{"@type":"ListItem","position":1,"name":"Home","item":"https:\/\/ajatutaja.com\/hr\/"},{"@type":"ListItem","position":2,"name":"Trgovina","item":"https:\/\/ajatutaja.com\/hr\/trgovina\/"},{"@type":"ListItem","position":3,"name":"Mehka knjiga Galt Soft book &#8211; Jungle"}]},{"@type":"WebSite","@id":"https:\/\/ajatutaja.com\/#website","url":"https:\/\/ajatutaja.com\/","name":"Ajatutaja","description":"Otro\u0161ka spletna trgovina AJATUTAJA","publisher":{"@id":"https:\/\/ajatutaja.com\/#organization"},"potentialAction":[{"@type":"SearchAction","target":{"@type":"EntryPoint","urlTemplate":"https:\/\/ajatutaja.com\/?s={search_term_string}"},"query-input":{"@type":"PropertyValueSpecification","valueRequired":true,"valueName":"search_term_string"}}],"inLanguage":"hr"},{"@type":"Organization","@id":"https:\/\/ajatutaja.com\/#organization","name":"Ajatutaja","url":"https:\/\/ajatutaja.com\/","logo":{"@type":"ImageObject","inLanguage":"hr","@id":"https:\/\/ajatutaja.com\/#\/schema\/logo\/image\/","url":"https:\/\/ajatutaja.com\/wp-content\/uploads\/2021\/10\/logo.png","contentUrl":"https:\/\/ajatutaja.com\/wp-content\/uploads\/2021\/10\/logo.png","width":555,"height":150,"caption":"Ajatutaja"},"image":{"@id":"https:\/\/ajatutaja.com\/#\/schema\/logo\/image\/"}}]}},"brands":[{"id":2472,"name":"Galt","slug":"galt"},{"id":2452,"name":"Igranje","slug":"igranje"}],"_links":{"self":[{"href":"https:\/\/ajatutaja.com\/hr\/wp-json\/wp\/v2\/product\/19295","targetHints":{"allow":["GET"]}}],"collection":[{"href":"https:\/\/ajatutaja.com\/hr\/wp-json\/wp\/v2\/product"}],"about":[{"href":"https:\/\/ajatutaja.com\/hr\/wp-json\/wp\/v2\/types\/product"}],"wp:featuredmedia":[{"embeddable":true,"href":"https:\/\/ajatutaja.com\/hr\/wp-json\/wp\/v2\/media\/19296"}],"wp:attachment":[{"href":"https:\/\/ajatutaja.com\/hr\/wp-json\/wp\/v2\/media?parent=19295"}],"wp:term":[{"taxonomy":"pwb-brand","embeddable":true,"href":"https:\/\/ajatutaja.com\/hr\/wp-json\/wp\/v2\/pwb-brand?post=19295"},{"taxonomy":"product_brand","embeddable":true,"href":"https:\/\/ajatutaja.com\/hr\/wp-json\/wp\/v2\/product_brand?post=19295"},{"taxonomy":"product_cat","embeddable":true,"href":"https:\/\/ajatutaja.com\/hr\/wp-json\/wp\/v2\/product_cat?post=19295"},{"taxonomy":"product_tag","embeddable":true,"href":"https:\/\/ajatutaja.com\/hr\/wp-json\/wp\/v2\/product_tag?post=19295"}],"curies":[{"name":"wp","href":"https:\/\/api.w.org\/{rel}","templated":true}]}}