{"id":19207,"date":"2020-10-12T12:20:03","date_gmt":"2020-10-12T10:20:03","guid":{"rendered":"https:\/\/ajatutaja.com\/izdelek\/aquascale-v3-otroska-banjica-3v1\/"},"modified":"2026-03-12T14:53:55","modified_gmt":"2026-03-12T13:53:55","slug":"aquascale-v3-otroska-banjica-3v1","status":"publish","type":"product","link":"https:\/\/ajatutaja.com\/hr\/proizvod\/aquascale-v3-otroska-banjica-3v1\/","title":{"rendered":"AQUASCALE V3 otro\u0161ka banjica 3v1"},"content":{"rendered":"<p style=\"text-align: justify\"><em><strong><span id=\"result_box\" lang=\"sl\"><span class=\"hps\">AQUASCALE banjica V3<\/span>: Ergonomsko oblikovana banjica<span class=\"hps\">,<\/span> Digitalni termometer in Digitalna tehtnica<\/span><\/strong><\/em><\/p>\n<p style=\"text-align: justify\">Enostavna namestitev banjice na stojalo, ki se kupi lo\u010deno.<\/p>\n<p style=\"text-align: justify\"><span id=\"result_box\" lang=\"sl\"><span class=\"hps\">Da bo<\/span> <span class=\"hps\">\u010das za kopanje<\/span> <span class=\"hps\">enostavnej\u0161o<\/span> <span class=\"hps\">in u\u010dinkovito<\/span> poskrbi banjica AQUASCALE! <span class=\"hps\">Deluje kot<\/span> <span class=\"hps\">kad,<\/span> <span class=\"hps\">digitalna tehtnica <\/span><span class=\"hps\">in termometer<\/span> <span class=\"hps\">vode.<\/span> <span class=\"hps\">Dva razli\u010dna polo\u017eaja omogo\u010data da lahko banjico uporabljate vse do te\u017ee 20kg<\/span>. <span class=\"hps\">Anti<\/span><span class=\"atn\">&#8211;<\/span>slip podloga <span class=\"hps\">pomaga<\/span> <span class=\"hps\">dr\u017eati <\/span><span class=\"hps\">otroka<\/span> <span class=\"hps\">varno<\/span> <span class=\"hps\">in udobno<\/span>. <span class=\"hps\">Termometer<\/span> za vodo <span class=\"hps\">samodejno<\/span> <span class=\"hps\">spremlja in<\/span> <span class=\"hps\">prikazuje<\/span> <span class=\"hps\">temperaturo<\/span> <span class=\"hps\">vode<\/span> <span class=\"hps\">tako, da lahko<\/span> <span class=\"hps\">poskrbite za<\/span> <span class=\"hps\">varno in<\/span> <span class=\"hps\">udobno kopanje.<\/span> <span class=\"hps\">Tehnologija<\/span> <span class=\"hps\">digitalnega<\/span> <span class=\"hps\">tehtnice<\/span> <span class=\"hps atn\">state-<\/span><span class=\"atn\">of-<\/span>the-art stehta otroka v vodi tudi, \u010de se otrok giblje! Tehtnica si shranjuje vsako tehtanje va\u0161ega otroka kar omogo\u010da la\u017eje spremljanje rasti otroka.<\/span><\/p>\n<p style=\"text-align: justify\">LASTNOSTI AQUASCALE:<\/p>\n<ul>\n<li><span lang=\"sl\"><span class=\"hps\">Mo\u017enost 2 polo\u017eajev: pretvori se iz banjice za novorojen\u010dka v banjico za otroke<\/span> <span class=\"hps\">do 20kg<\/span>.<\/span><\/li>\n<li><span lang=\"sl\"><span class=\"hps atn\">Anti-<\/span>slip podloga <span class=\"hps\">pomaga ohraniti<\/span> <span class=\"hps\">va\u0161ega mal\u010dka udobno in varno na svojem mestu<\/span><\/span><\/li>\n<li>Z odstranitvijo podloge je izdelek mogo\u010de spremeniti v kad za dojen\u010dka<\/li>\n<li><span lang=\"sl\"><span class=\"hps\">Digitalna tehtnica<\/span> <span class=\"hps\">prikazuje<\/span> <span class=\"hps\">te\u017eo otroka v gramih<\/span><\/span><\/li>\n<li><span lang=\"sl\"><span class=\"hps\">Funkcija<\/span> <span class=\"hps\">tehtnice<\/span> <span class=\"hps\">deluje z<\/span> vodo <span class=\"hps\">ali<\/span> <span class=\"hps\">brez nje<\/span><\/span><\/li>\n<li><span lang=\"sl\"><span class=\"hps\">Vodni<\/span> <span class=\"hps\">termometer<\/span> <span class=\"hps\">nenehno spremlja<\/span> <span class=\"hps\">in<\/span> <span class=\"hps\">prikazuje<\/span> <span class=\"hps\">temperaturo vode<\/span> <span class=\"hps\">na<\/span> <span class=\"hps\">LCD displeju v<\/span> \u00b0C<span class=\"hps\"><br \/>\n<\/span><\/span><\/li>\n<li><span lang=\"sl\"><span class=\"hps\">Vodni<\/span> <span class=\"hps\">termometer<\/span> <span class=\"hps\">vam pomaga preprosto<\/span> <span class=\"hps\">ugotoviti, \u010de<\/span> <span class=\"hps\">je temperatura<\/span> <span class=\"hps\">preve\u010d<\/span> <span class=\"hps\">vro\u010de ali<\/span> <span class=\"hps\">premrzlo za<\/span> <span class=\"hps\">dojen\u010dkovo<\/span> <span class=\"hps\">kopel<\/span><\/span><\/li>\n<li><span id=\"result_box\" lang=\"sl\"><span class=\"hps\">Tehtnica zvaga otroka v gibanju<\/span><\/span><\/li>\n<li><span lang=\"sl\"><span class=\"hps\">Spominska funkcija, ki shranjuje te\u017eo otroka<\/span><\/span><\/li>\n<li>Brez BPA<\/li>\n<li>Enostavno \u010di\u0161\u010denje<\/li>\n<li>Dimenzije banjice:\u00a072 cm x 39 cm x 23,5 cm<\/li>\n<\/ul>\n","protected":false},"excerpt":{"rendered":"<p>Nov modernej\u0161i dezajn in kompaktnej\u0161a oblika otro\u0161ke banjice Aquascale V3 ima 3 funkcije:<\/p>\n<ul>\n<li><strong>Ergonomsko oblikovano banjica<\/strong> za kopanje otroka od rojstva do 2 leta starosti, ki se lahko uporablja na dva na\u010dina.<\/li>\n<li><strong>Integriran digitalni vodni termometer<\/strong>, ki ves \u010das kopanja prikazuje spremembo temperature vode.<\/li>\n<li><strong>Integrirana digitalna tehtnica<\/strong> za dojen\u010dka, ki ga je mogo\u010de tehtati v vodi ali brez nje.<\/li>\n<\/ul>\n","protected":false},"featured_media":16317,"template":"","meta":[],"pwb-brand":[2659,2658],"product_brand":[],"product_cat":[2644,2608],"product_tag":[4054],"class_list":{"0":"post-19207","1":"product","2":"type-product","3":"status-publish","4":"has-post-thumbnail","6":"pwb-brand-aquascale","7":"pwb-brand-nega-in-kopanje","8":"product_cat-banjice-in-stojala","9":"product_cat-nega-in-kopanje","10":"product_tag-aquascale","12":"first","13":"instock","14":"taxable","15":"shipping-taxable","16":"purchasable","17":"product-type-simple","18":"add-to-wishlist-before_image"},"yoast_head":"<!-- This site is optimized with the Yoast SEO plugin v27.3 - https:\/\/yoast.com\/product\/yoast-seo-wordpress\/ -->\n<title>AQUASCALE V3 otro\u0161ka banjica 3v1 | Ajatutaja<\/title>\n<meta name=\"description\" content=\"Aquascale je edinstvena ergonomsko oblikovana banjica za mal\u010dke do 20kg z intregriranim termometrom in digitalno tehtnico.\" \/>\n<meta name=\"robots\" content=\"index, follow, max-snippet:-1, max-image-preview:large, max-video-preview:-1\" \/>\n<link rel=\"canonical\" href=\"https:\/\/ajatutaja.com\/izdelek\/aquascale-v3-otroska-banjica-3v1\/\" \/>\n<meta property=\"og:locale\" content=\"hr_HR\" \/>\n<meta property=\"og:type\" content=\"article\" \/>\n<meta property=\"og:title\" content=\"AQUASCALE V3 otro\u0161ka banjica 3v1 | Ajatutaja\" \/>\n<meta property=\"og:description\" content=\"Aquascale je edinstvena ergonomsko oblikovana banjica za mal\u010dke do 20kg z intregriranim termometrom in digitalno tehtnico.\" \/>\n<meta property=\"og:url\" content=\"https:\/\/ajatutaja.com\/izdelek\/aquascale-v3-otroska-banjica-3v1\/\" \/>\n<meta property=\"og:site_name\" content=\"Ajatutaja\" \/>\n<meta property=\"article:modified_time\" content=\"2026-03-12T13:53:55+00:00\" \/>\n<meta property=\"og:image\" content=\"https:\/\/ajatutaja.com\/wp-content\/uploads\/2021\/11\/Aquascale-banjica-baby-patent-ajatutaja-1.jpg\" \/>\n\t<meta property=\"og:image:width\" content=\"800\" \/>\n\t<meta property=\"og:image:height\" content=\"800\" \/>\n\t<meta property=\"og:image:type\" content=\"image\/jpeg\" \/>\n<meta name=\"twitter:card\" content=\"summary_large_image\" \/>\n<meta name=\"twitter:label1\" content=\"Procijenjeno vrijeme \u010ditanja\" \/>\n\t<meta name=\"twitter:data1\" content=\"1 minuta\" \/>\n<script type=\"application\/ld+json\" class=\"yoast-schema-graph\">{\"@context\":\"https:\\\/\\\/schema.org\",\"@graph\":[{\"@type\":\"WebPage\",\"@id\":\"https:\\\/\\\/ajatutaja.com\\\/izdelek\\\/aquascale-v3-otroska-banjica-3v1\\\/\",\"url\":\"https:\\\/\\\/ajatutaja.com\\\/izdelek\\\/aquascale-v3-otroska-banjica-3v1\\\/\",\"name\":\"AQUASCALE V3 otro\u0161ka banjica 3v1 | Ajatutaja\",\"isPartOf\":{\"@id\":\"https:\\\/\\\/ajatutaja.com\\\/#website\"},\"primaryImageOfPage\":{\"@id\":\"https:\\\/\\\/ajatutaja.com\\\/izdelek\\\/aquascale-v3-otroska-banjica-3v1\\\/#primaryimage\"},\"image\":{\"@id\":\"https:\\\/\\\/ajatutaja.com\\\/izdelek\\\/aquascale-v3-otroska-banjica-3v1\\\/#primaryimage\"},\"thumbnailUrl\":\"https:\\\/\\\/ajatutaja.com\\\/wp-content\\\/uploads\\\/2021\\\/11\\\/Aquascale-banjica-baby-patent-ajatutaja-1.jpg\",\"datePublished\":\"2020-10-12T10:20:03+00:00\",\"dateModified\":\"2026-03-12T13:53:55+00:00\",\"description\":\"Aquascale je edinstvena ergonomsko oblikovana banjica za mal\u010dke do 20kg z intregriranim termometrom in digitalno tehtnico.\",\"breadcrumb\":{\"@id\":\"https:\\\/\\\/ajatutaja.com\\\/izdelek\\\/aquascale-v3-otroska-banjica-3v1\\\/#breadcrumb\"},\"inLanguage\":\"hr\",\"potentialAction\":[{\"@type\":\"ReadAction\",\"target\":[\"https:\\\/\\\/ajatutaja.com\\\/izdelek\\\/aquascale-v3-otroska-banjica-3v1\\\/\"]}]},{\"@type\":\"ImageObject\",\"inLanguage\":\"hr\",\"@id\":\"https:\\\/\\\/ajatutaja.com\\\/izdelek\\\/aquascale-v3-otroska-banjica-3v1\\\/#primaryimage\",\"url\":\"https:\\\/\\\/ajatutaja.com\\\/wp-content\\\/uploads\\\/2021\\\/11\\\/Aquascale-banjica-baby-patent-ajatutaja-1.jpg\",\"contentUrl\":\"https:\\\/\\\/ajatutaja.com\\\/wp-content\\\/uploads\\\/2021\\\/11\\\/Aquascale-banjica-baby-patent-ajatutaja-1.jpg\",\"width\":800,\"height\":800},{\"@type\":\"BreadcrumbList\",\"@id\":\"https:\\\/\\\/ajatutaja.com\\\/izdelek\\\/aquascale-v3-otroska-banjica-3v1\\\/#breadcrumb\",\"itemListElement\":[{\"@type\":\"ListItem\",\"position\":1,\"name\":\"Home\",\"item\":\"https:\\\/\\\/ajatutaja.com\\\/hr\\\/\"},{\"@type\":\"ListItem\",\"position\":2,\"name\":\"Trgovina\",\"item\":\"https:\\\/\\\/ajatutaja.com\\\/hr\\\/trgovina\\\/\"},{\"@type\":\"ListItem\",\"position\":3,\"name\":\"AQUASCALE V3 otro\u0161ka banjica 3v1\"}]},{\"@type\":\"WebSite\",\"@id\":\"https:\\\/\\\/ajatutaja.com\\\/#website\",\"url\":\"https:\\\/\\\/ajatutaja.com\\\/\",\"name\":\"Ajatutaja\",\"description\":\"Otro\u0161ka spletna trgovina AJATUTAJA\",\"publisher\":{\"@id\":\"https:\\\/\\\/ajatutaja.com\\\/#organization\"},\"potentialAction\":[{\"@type\":\"SearchAction\",\"target\":{\"@type\":\"EntryPoint\",\"urlTemplate\":\"https:\\\/\\\/ajatutaja.com\\\/?s={search_term_string}\"},\"query-input\":{\"@type\":\"PropertyValueSpecification\",\"valueRequired\":true,\"valueName\":\"search_term_string\"}}],\"inLanguage\":\"hr\"},{\"@type\":\"Organization\",\"@id\":\"https:\\\/\\\/ajatutaja.com\\\/#organization\",\"name\":\"Ajatutaja\",\"url\":\"https:\\\/\\\/ajatutaja.com\\\/\",\"logo\":{\"@type\":\"ImageObject\",\"inLanguage\":\"hr\",\"@id\":\"https:\\\/\\\/ajatutaja.com\\\/#\\\/schema\\\/logo\\\/image\\\/\",\"url\":\"https:\\\/\\\/ajatutaja.com\\\/wp-content\\\/uploads\\\/2021\\\/10\\\/logo.png\",\"contentUrl\":\"https:\\\/\\\/ajatutaja.com\\\/wp-content\\\/uploads\\\/2021\\\/10\\\/logo.png\",\"width\":555,\"height\":150,\"caption\":\"Ajatutaja\"},\"image\":{\"@id\":\"https:\\\/\\\/ajatutaja.com\\\/#\\\/schema\\\/logo\\\/image\\\/\"}}]}<\/script>\n<!-- \/ Yoast SEO plugin. -->","yoast_head_json":{"title":"AQUASCALE V3 otro\u0161ka banjica 3v1 | Ajatutaja","description":"Aquascale je edinstvena ergonomsko oblikovana banjica za mal\u010dke do 20kg z intregriranim termometrom in digitalno tehtnico.","robots":{"index":"index","follow":"follow","max-snippet":"max-snippet:-1","max-image-preview":"max-image-preview:large","max-video-preview":"max-video-preview:-1"},"canonical":"https:\/\/ajatutaja.com\/izdelek\/aquascale-v3-otroska-banjica-3v1\/","og_locale":"hr_HR","og_type":"article","og_title":"AQUASCALE V3 otro\u0161ka banjica 3v1 | Ajatutaja","og_description":"Aquascale je edinstvena ergonomsko oblikovana banjica za mal\u010dke do 20kg z intregriranim termometrom in digitalno tehtnico.","og_url":"https:\/\/ajatutaja.com\/izdelek\/aquascale-v3-otroska-banjica-3v1\/","og_site_name":"Ajatutaja","article_modified_time":"2026-03-12T13:53:55+00:00","og_image":[{"width":800,"height":800,"url":"https:\/\/ajatutaja.com\/wp-content\/uploads\/2021\/11\/Aquascale-banjica-baby-patent-ajatutaja-1.jpg","type":"image\/jpeg"}],"twitter_card":"summary_large_image","twitter_misc":{"Procijenjeno vrijeme \u010ditanja":"1 minuta"},"schema":{"@context":"https:\/\/schema.org","@graph":[{"@type":"WebPage","@id":"https:\/\/ajatutaja.com\/izdelek\/aquascale-v3-otroska-banjica-3v1\/","url":"https:\/\/ajatutaja.com\/izdelek\/aquascale-v3-otroska-banjica-3v1\/","name":"AQUASCALE V3 otro\u0161ka banjica 3v1 | Ajatutaja","isPartOf":{"@id":"https:\/\/ajatutaja.com\/#website"},"primaryImageOfPage":{"@id":"https:\/\/ajatutaja.com\/izdelek\/aquascale-v3-otroska-banjica-3v1\/#primaryimage"},"image":{"@id":"https:\/\/ajatutaja.com\/izdelek\/aquascale-v3-otroska-banjica-3v1\/#primaryimage"},"thumbnailUrl":"https:\/\/ajatutaja.com\/wp-content\/uploads\/2021\/11\/Aquascale-banjica-baby-patent-ajatutaja-1.jpg","datePublished":"2020-10-12T10:20:03+00:00","dateModified":"2026-03-12T13:53:55+00:00","description":"Aquascale je edinstvena ergonomsko oblikovana banjica za mal\u010dke do 20kg z intregriranim termometrom in digitalno tehtnico.","breadcrumb":{"@id":"https:\/\/ajatutaja.com\/izdelek\/aquascale-v3-otroska-banjica-3v1\/#breadcrumb"},"inLanguage":"hr","potentialAction":[{"@type":"ReadAction","target":["https:\/\/ajatutaja.com\/izdelek\/aquascale-v3-otroska-banjica-3v1\/"]}]},{"@type":"ImageObject","inLanguage":"hr","@id":"https:\/\/ajatutaja.com\/izdelek\/aquascale-v3-otroska-banjica-3v1\/#primaryimage","url":"https:\/\/ajatutaja.com\/wp-content\/uploads\/2021\/11\/Aquascale-banjica-baby-patent-ajatutaja-1.jpg","contentUrl":"https:\/\/ajatutaja.com\/wp-content\/uploads\/2021\/11\/Aquascale-banjica-baby-patent-ajatutaja-1.jpg","width":800,"height":800},{"@type":"BreadcrumbList","@id":"https:\/\/ajatutaja.com\/izdelek\/aquascale-v3-otroska-banjica-3v1\/#breadcrumb","itemListElement":[{"@type":"ListItem","position":1,"name":"Home","item":"https:\/\/ajatutaja.com\/hr\/"},{"@type":"ListItem","position":2,"name":"Trgovina","item":"https:\/\/ajatutaja.com\/hr\/trgovina\/"},{"@type":"ListItem","position":3,"name":"AQUASCALE V3 otro\u0161ka banjica 3v1"}]},{"@type":"WebSite","@id":"https:\/\/ajatutaja.com\/#website","url":"https:\/\/ajatutaja.com\/","name":"Ajatutaja","description":"Otro\u0161ka spletna trgovina AJATUTAJA","publisher":{"@id":"https:\/\/ajatutaja.com\/#organization"},"potentialAction":[{"@type":"SearchAction","target":{"@type":"EntryPoint","urlTemplate":"https:\/\/ajatutaja.com\/?s={search_term_string}"},"query-input":{"@type":"PropertyValueSpecification","valueRequired":true,"valueName":"search_term_string"}}],"inLanguage":"hr"},{"@type":"Organization","@id":"https:\/\/ajatutaja.com\/#organization","name":"Ajatutaja","url":"https:\/\/ajatutaja.com\/","logo":{"@type":"ImageObject","inLanguage":"hr","@id":"https:\/\/ajatutaja.com\/#\/schema\/logo\/image\/","url":"https:\/\/ajatutaja.com\/wp-content\/uploads\/2021\/10\/logo.png","contentUrl":"https:\/\/ajatutaja.com\/wp-content\/uploads\/2021\/10\/logo.png","width":555,"height":150,"caption":"Ajatutaja"},"image":{"@id":"https:\/\/ajatutaja.com\/#\/schema\/logo\/image\/"}}]}},"brands":[{"id":2659,"name":"Aquascale","slug":"aquascale"},{"id":2658,"name":"Nega in kopanje","slug":"nega-in-kopanje"}],"_links":{"self":[{"href":"https:\/\/ajatutaja.com\/hr\/wp-json\/wp\/v2\/product\/19207","targetHints":{"allow":["GET"]}}],"collection":[{"href":"https:\/\/ajatutaja.com\/hr\/wp-json\/wp\/v2\/product"}],"about":[{"href":"https:\/\/ajatutaja.com\/hr\/wp-json\/wp\/v2\/types\/product"}],"wp:featuredmedia":[{"embeddable":true,"href":"https:\/\/ajatutaja.com\/hr\/wp-json\/wp\/v2\/media\/16317"}],"wp:attachment":[{"href":"https:\/\/ajatutaja.com\/hr\/wp-json\/wp\/v2\/media?parent=19207"}],"wp:term":[{"taxonomy":"pwb-brand","embeddable":true,"href":"https:\/\/ajatutaja.com\/hr\/wp-json\/wp\/v2\/pwb-brand?post=19207"},{"taxonomy":"product_brand","embeddable":true,"href":"https:\/\/ajatutaja.com\/hr\/wp-json\/wp\/v2\/product_brand?post=19207"},{"taxonomy":"product_cat","embeddable":true,"href":"https:\/\/ajatutaja.com\/hr\/wp-json\/wp\/v2\/product_cat?post=19207"},{"taxonomy":"product_tag","embeddable":true,"href":"https:\/\/ajatutaja.com\/hr\/wp-json\/wp\/v2\/product_tag?post=19207"}],"curies":[{"name":"wp","href":"https:\/\/api.w.org\/{rel}","templated":true}]}}