{"id":19082,"date":"2020-07-30T14:00:36","date_gmt":"2020-07-30T12:00:36","guid":{"rendered":"https:\/\/ajatutaja.com\/izdelek\/besafe-sunshade-2-sencili-za-avtomobilska-okna\/"},"modified":"2026-03-12T15:33:52","modified_gmt":"2026-03-12T14:33:52","slug":"besafe-sunshade-2-sencili-za-avtomobilska-okna","status":"publish","type":"product","link":"https:\/\/ajatutaja.com\/hr\/proizvod\/besafe-sunshade-2-sencili-za-avtomobilska-okna\/","title":{"rendered":"BeSafe sunshade &#8211; 2 sen\u010dili za avtomobilska okna"},"content":{"rendered":"<p>Lastnosti BeSafe sunshade &#8211; sen\u010dill za avtomobilska okna:<\/p>\n<div id=\"tab-description\" class=\"panel entry-content active\">\n<ul>\n<li>Pritrdijo se z uporabo stati\u010dne sile, brez lepila ali vakumskih kapic<\/li>\n<li>UPF 50+<\/li>\n<li>S prilo\u017eeno prakti\u010dno vre\u010dko za shranjevanje sen\u010dil<\/li>\n<li>2 kosa v kompletu<\/li>\n<li>Primerno za vse avtosede\u017ee \/ avtomobile<\/li>\n<\/ul>\n<\/div>\n","protected":false},"excerpt":{"rendered":"<p>Besafe sen\u010dila za avtomobilsko okno se enostavno pritrdita z uporabo stati\u010dne sile, brez lepila ali vakumskih kapic in \u0161\u010ditita va\u0161ega otroka pred son\u010dnimi \u017earki.<\/p>\n","protected":false},"featured_media":19083,"template":"","meta":[],"pwb-brand":[2351,2352],"product_brand":[],"product_cat":[2339,2349,2408,2361],"product_tag":[4117],"class_list":{"0":"post-19082","1":"product","2":"type-product","3":"status-publish","4":"has-post-thumbnail","6":"pwb-brand-avtosedezi","7":"pwb-brand-besafe","8":"product_cat-avtosedezi","9":"product_cat-dodatna-oprema","10":"product_cat-poletni-pripomocki","11":"product_cat-potepanje","12":"product_tag-besafe","14":"first","15":"onbackorder","16":"taxable","17":"shipping-taxable","18":"purchasable","19":"product-type-simple","20":"add-to-wishlist-before_image"},"yoast_head":"<!-- This site is optimized with the Yoast SEO plugin v27.3 - https:\/\/yoast.com\/product\/yoast-seo-wordpress\/ -->\n<title>BeSafe sunshade - 2 sen\u010dili za avtomobilska okna | Ajatutaja<\/title>\n<meta name=\"description\" content=\"Besafe sen\u010dila za avtomobilsko okno se enostavno pritrdita z uporabo stati\u010dne sile, brez lepila ali vakumskih kapic in \u0161\u010ditita va\u0161ega otroka pred son\u010dnimi \u017earki.\" \/>\n<meta name=\"robots\" content=\"index, follow, max-snippet:-1, max-image-preview:large, max-video-preview:-1\" \/>\n<link rel=\"canonical\" href=\"https:\/\/ajatutaja.com\/izdelek\/besafe-sunshade-2-sencili-za-avtomobilska-okna\/\" \/>\n<meta property=\"og:locale\" content=\"hr_HR\" \/>\n<meta property=\"og:type\" content=\"article\" \/>\n<meta property=\"og:title\" content=\"BeSafe sunshade - 2 sen\u010dili za avtomobilska okna | Ajatutaja\" \/>\n<meta property=\"og:description\" content=\"Besafe sen\u010dila za avtomobilsko okno se enostavno pritrdita z uporabo stati\u010dne sile, brez lepila ali vakumskih kapic in \u0161\u010ditita va\u0161ega otroka pred son\u010dnimi \u017earki.\" \/>\n<meta property=\"og:url\" content=\"https:\/\/ajatutaja.com\/izdelek\/besafe-sunshade-2-sencili-za-avtomobilska-okna\/\" \/>\n<meta property=\"og:site_name\" content=\"Ajatutaja\" \/>\n<meta property=\"article:modified_time\" content=\"2026-03-12T14:33:52+00:00\" \/>\n<meta property=\"og:image\" content=\"https:\/\/ajatutaja.com\/wp-content\/uploads\/2021\/11\/Besafe-sencila-za-avtomobilsko-okni-ajatutaja-1.jpg\" \/>\n\t<meta property=\"og:image:width\" content=\"600\" \/>\n\t<meta property=\"og:image:height\" content=\"600\" \/>\n\t<meta property=\"og:image:type\" content=\"image\/jpeg\" \/>\n<meta name=\"twitter:card\" content=\"summary_large_image\" \/>\n<script type=\"application\/ld+json\" class=\"yoast-schema-graph\">{\"@context\":\"https:\\\/\\\/schema.org\",\"@graph\":[{\"@type\":\"WebPage\",\"@id\":\"https:\\\/\\\/ajatutaja.com\\\/izdelek\\\/besafe-sunshade-2-sencili-za-avtomobilska-okna\\\/\",\"url\":\"https:\\\/\\\/ajatutaja.com\\\/izdelek\\\/besafe-sunshade-2-sencili-za-avtomobilska-okna\\\/\",\"name\":\"BeSafe sunshade - 2 sen\u010dili za avtomobilska okna | Ajatutaja\",\"isPartOf\":{\"@id\":\"https:\\\/\\\/ajatutaja.com\\\/#website\"},\"primaryImageOfPage\":{\"@id\":\"https:\\\/\\\/ajatutaja.com\\\/izdelek\\\/besafe-sunshade-2-sencili-za-avtomobilska-okna\\\/#primaryimage\"},\"image\":{\"@id\":\"https:\\\/\\\/ajatutaja.com\\\/izdelek\\\/besafe-sunshade-2-sencili-za-avtomobilska-okna\\\/#primaryimage\"},\"thumbnailUrl\":\"https:\\\/\\\/ajatutaja.com\\\/wp-content\\\/uploads\\\/2021\\\/11\\\/Besafe-sencila-za-avtomobilsko-okni-ajatutaja-1.jpg\",\"datePublished\":\"2020-07-30T12:00:36+00:00\",\"dateModified\":\"2026-03-12T14:33:52+00:00\",\"description\":\"Besafe sen\u010dila za avtomobilsko okno se enostavno pritrdita z uporabo stati\u010dne sile, brez lepila ali vakumskih kapic in \u0161\u010ditita va\u0161ega otroka pred son\u010dnimi \u017earki.\",\"breadcrumb\":{\"@id\":\"https:\\\/\\\/ajatutaja.com\\\/izdelek\\\/besafe-sunshade-2-sencili-za-avtomobilska-okna\\\/#breadcrumb\"},\"inLanguage\":\"hr\",\"potentialAction\":[{\"@type\":\"ReadAction\",\"target\":[\"https:\\\/\\\/ajatutaja.com\\\/izdelek\\\/besafe-sunshade-2-sencili-za-avtomobilska-okna\\\/\"]}]},{\"@type\":\"ImageObject\",\"inLanguage\":\"hr\",\"@id\":\"https:\\\/\\\/ajatutaja.com\\\/izdelek\\\/besafe-sunshade-2-sencili-za-avtomobilska-okna\\\/#primaryimage\",\"url\":\"https:\\\/\\\/ajatutaja.com\\\/wp-content\\\/uploads\\\/2021\\\/11\\\/Besafe-sencila-za-avtomobilsko-okni-ajatutaja-1.jpg\",\"contentUrl\":\"https:\\\/\\\/ajatutaja.com\\\/wp-content\\\/uploads\\\/2021\\\/11\\\/Besafe-sencila-za-avtomobilsko-okni-ajatutaja-1.jpg\",\"width\":600,\"height\":600},{\"@type\":\"BreadcrumbList\",\"@id\":\"https:\\\/\\\/ajatutaja.com\\\/izdelek\\\/besafe-sunshade-2-sencili-za-avtomobilska-okna\\\/#breadcrumb\",\"itemListElement\":[{\"@type\":\"ListItem\",\"position\":1,\"name\":\"Home\",\"item\":\"https:\\\/\\\/ajatutaja.com\\\/hr\\\/\"},{\"@type\":\"ListItem\",\"position\":2,\"name\":\"Trgovina\",\"item\":\"https:\\\/\\\/ajatutaja.com\\\/hr\\\/trgovina\\\/\"},{\"@type\":\"ListItem\",\"position\":3,\"name\":\"BeSafe sunshade &#8211; 2 sen\u010dili za avtomobilska okna\"}]},{\"@type\":\"WebSite\",\"@id\":\"https:\\\/\\\/ajatutaja.com\\\/#website\",\"url\":\"https:\\\/\\\/ajatutaja.com\\\/\",\"name\":\"Ajatutaja\",\"description\":\"Otro\u0161ka spletna trgovina AJATUTAJA\",\"publisher\":{\"@id\":\"https:\\\/\\\/ajatutaja.com\\\/#organization\"},\"potentialAction\":[{\"@type\":\"SearchAction\",\"target\":{\"@type\":\"EntryPoint\",\"urlTemplate\":\"https:\\\/\\\/ajatutaja.com\\\/?s={search_term_string}\"},\"query-input\":{\"@type\":\"PropertyValueSpecification\",\"valueRequired\":true,\"valueName\":\"search_term_string\"}}],\"inLanguage\":\"hr\"},{\"@type\":\"Organization\",\"@id\":\"https:\\\/\\\/ajatutaja.com\\\/#organization\",\"name\":\"Ajatutaja\",\"url\":\"https:\\\/\\\/ajatutaja.com\\\/\",\"logo\":{\"@type\":\"ImageObject\",\"inLanguage\":\"hr\",\"@id\":\"https:\\\/\\\/ajatutaja.com\\\/#\\\/schema\\\/logo\\\/image\\\/\",\"url\":\"https:\\\/\\\/ajatutaja.com\\\/wp-content\\\/uploads\\\/2021\\\/10\\\/logo.png\",\"contentUrl\":\"https:\\\/\\\/ajatutaja.com\\\/wp-content\\\/uploads\\\/2021\\\/10\\\/logo.png\",\"width\":555,\"height\":150,\"caption\":\"Ajatutaja\"},\"image\":{\"@id\":\"https:\\\/\\\/ajatutaja.com\\\/#\\\/schema\\\/logo\\\/image\\\/\"}}]}<\/script>\n<!-- \/ Yoast SEO plugin. -->","yoast_head_json":{"title":"BeSafe sunshade - 2 sen\u010dili za avtomobilska okna | Ajatutaja","description":"Besafe sen\u010dila za avtomobilsko okno se enostavno pritrdita z uporabo stati\u010dne sile, brez lepila ali vakumskih kapic in \u0161\u010ditita va\u0161ega otroka pred son\u010dnimi \u017earki.","robots":{"index":"index","follow":"follow","max-snippet":"max-snippet:-1","max-image-preview":"max-image-preview:large","max-video-preview":"max-video-preview:-1"},"canonical":"https:\/\/ajatutaja.com\/izdelek\/besafe-sunshade-2-sencili-za-avtomobilska-okna\/","og_locale":"hr_HR","og_type":"article","og_title":"BeSafe sunshade - 2 sen\u010dili za avtomobilska okna | Ajatutaja","og_description":"Besafe sen\u010dila za avtomobilsko okno se enostavno pritrdita z uporabo stati\u010dne sile, brez lepila ali vakumskih kapic in \u0161\u010ditita va\u0161ega otroka pred son\u010dnimi \u017earki.","og_url":"https:\/\/ajatutaja.com\/izdelek\/besafe-sunshade-2-sencili-za-avtomobilska-okna\/","og_site_name":"Ajatutaja","article_modified_time":"2026-03-12T14:33:52+00:00","og_image":[{"width":600,"height":600,"url":"https:\/\/ajatutaja.com\/wp-content\/uploads\/2021\/11\/Besafe-sencila-za-avtomobilsko-okni-ajatutaja-1.jpg","type":"image\/jpeg"}],"twitter_card":"summary_large_image","schema":{"@context":"https:\/\/schema.org","@graph":[{"@type":"WebPage","@id":"https:\/\/ajatutaja.com\/izdelek\/besafe-sunshade-2-sencili-za-avtomobilska-okna\/","url":"https:\/\/ajatutaja.com\/izdelek\/besafe-sunshade-2-sencili-za-avtomobilska-okna\/","name":"BeSafe sunshade - 2 sen\u010dili za avtomobilska okna | Ajatutaja","isPartOf":{"@id":"https:\/\/ajatutaja.com\/#website"},"primaryImageOfPage":{"@id":"https:\/\/ajatutaja.com\/izdelek\/besafe-sunshade-2-sencili-za-avtomobilska-okna\/#primaryimage"},"image":{"@id":"https:\/\/ajatutaja.com\/izdelek\/besafe-sunshade-2-sencili-za-avtomobilska-okna\/#primaryimage"},"thumbnailUrl":"https:\/\/ajatutaja.com\/wp-content\/uploads\/2021\/11\/Besafe-sencila-za-avtomobilsko-okni-ajatutaja-1.jpg","datePublished":"2020-07-30T12:00:36+00:00","dateModified":"2026-03-12T14:33:52+00:00","description":"Besafe sen\u010dila za avtomobilsko okno se enostavno pritrdita z uporabo stati\u010dne sile, brez lepila ali vakumskih kapic in \u0161\u010ditita va\u0161ega otroka pred son\u010dnimi \u017earki.","breadcrumb":{"@id":"https:\/\/ajatutaja.com\/izdelek\/besafe-sunshade-2-sencili-za-avtomobilska-okna\/#breadcrumb"},"inLanguage":"hr","potentialAction":[{"@type":"ReadAction","target":["https:\/\/ajatutaja.com\/izdelek\/besafe-sunshade-2-sencili-za-avtomobilska-okna\/"]}]},{"@type":"ImageObject","inLanguage":"hr","@id":"https:\/\/ajatutaja.com\/izdelek\/besafe-sunshade-2-sencili-za-avtomobilska-okna\/#primaryimage","url":"https:\/\/ajatutaja.com\/wp-content\/uploads\/2021\/11\/Besafe-sencila-za-avtomobilsko-okni-ajatutaja-1.jpg","contentUrl":"https:\/\/ajatutaja.com\/wp-content\/uploads\/2021\/11\/Besafe-sencila-za-avtomobilsko-okni-ajatutaja-1.jpg","width":600,"height":600},{"@type":"BreadcrumbList","@id":"https:\/\/ajatutaja.com\/izdelek\/besafe-sunshade-2-sencili-za-avtomobilska-okna\/#breadcrumb","itemListElement":[{"@type":"ListItem","position":1,"name":"Home","item":"https:\/\/ajatutaja.com\/hr\/"},{"@type":"ListItem","position":2,"name":"Trgovina","item":"https:\/\/ajatutaja.com\/hr\/trgovina\/"},{"@type":"ListItem","position":3,"name":"BeSafe sunshade &#8211; 2 sen\u010dili za avtomobilska okna"}]},{"@type":"WebSite","@id":"https:\/\/ajatutaja.com\/#website","url":"https:\/\/ajatutaja.com\/","name":"Ajatutaja","description":"Otro\u0161ka spletna trgovina AJATUTAJA","publisher":{"@id":"https:\/\/ajatutaja.com\/#organization"},"potentialAction":[{"@type":"SearchAction","target":{"@type":"EntryPoint","urlTemplate":"https:\/\/ajatutaja.com\/?s={search_term_string}"},"query-input":{"@type":"PropertyValueSpecification","valueRequired":true,"valueName":"search_term_string"}}],"inLanguage":"hr"},{"@type":"Organization","@id":"https:\/\/ajatutaja.com\/#organization","name":"Ajatutaja","url":"https:\/\/ajatutaja.com\/","logo":{"@type":"ImageObject","inLanguage":"hr","@id":"https:\/\/ajatutaja.com\/#\/schema\/logo\/image\/","url":"https:\/\/ajatutaja.com\/wp-content\/uploads\/2021\/10\/logo.png","contentUrl":"https:\/\/ajatutaja.com\/wp-content\/uploads\/2021\/10\/logo.png","width":555,"height":150,"caption":"Ajatutaja"},"image":{"@id":"https:\/\/ajatutaja.com\/#\/schema\/logo\/image\/"}}]}},"brands":[{"id":2351,"name":"Avtosede\u017ei","slug":"avtosedezi"},{"id":2352,"name":"BeSafe","slug":"besafe"}],"_links":{"self":[{"href":"https:\/\/ajatutaja.com\/hr\/wp-json\/wp\/v2\/product\/19082","targetHints":{"allow":["GET"]}}],"collection":[{"href":"https:\/\/ajatutaja.com\/hr\/wp-json\/wp\/v2\/product"}],"about":[{"href":"https:\/\/ajatutaja.com\/hr\/wp-json\/wp\/v2\/types\/product"}],"wp:featuredmedia":[{"embeddable":true,"href":"https:\/\/ajatutaja.com\/hr\/wp-json\/wp\/v2\/media\/19083"}],"wp:attachment":[{"href":"https:\/\/ajatutaja.com\/hr\/wp-json\/wp\/v2\/media?parent=19082"}],"wp:term":[{"taxonomy":"pwb-brand","embeddable":true,"href":"https:\/\/ajatutaja.com\/hr\/wp-json\/wp\/v2\/pwb-brand?post=19082"},{"taxonomy":"product_brand","embeddable":true,"href":"https:\/\/ajatutaja.com\/hr\/wp-json\/wp\/v2\/product_brand?post=19082"},{"taxonomy":"product_cat","embeddable":true,"href":"https:\/\/ajatutaja.com\/hr\/wp-json\/wp\/v2\/product_cat?post=19082"},{"taxonomy":"product_tag","embeddable":true,"href":"https:\/\/ajatutaja.com\/hr\/wp-json\/wp\/v2\/product_tag?post=19082"}],"curies":[{"name":"wp","href":"https:\/\/api.w.org\/{rel}","templated":true}]}}