{"id":18916,"date":"2020-05-02T18:01:41","date_gmt":"2020-05-02T16:01:41","guid":{"rendered":"https:\/\/ajatutaja.com\/izdelek\/matchstick-monkey-grizalo-z-masazno-zobno-scetko-powder\/"},"modified":"2024-09-23T13:25:20","modified_gmt":"2024-09-23T11:25:20","slug":"matchstick-monkey-grizalo-z-masazno-zobno-scetko-powder","status":"publish","type":"product","link":"https:\/\/ajatutaja.com\/hr\/proizvod\/matchstick-monkey-grizalo-z-masazno-zobno-scetko-powder\/","title":{"rendered":"Matchstick Monkey grizalo z masa\u017eno zobno \u0161\u010detko &#8211; Powder"},"content":{"rendered":"<p>Z grizenjem pomaga mal\u010dkom laj\u0161ati bole\u010dino in otekanje dlesni. S posebno obliko glavice v obliki zobne \u0161\u010detke pa mal\u010dke spodbuja k masiranju, \u0161\u010detkanju in jih \u017ee v zgodnjem obdobju spodbuja k pravi ustni higieni.<\/p>\n<p><em>Grizala Matchstick Monkey so an voljo tudi v trgovinici Ajatutaja Koper.<br \/>\n<\/em><\/p>\n<p>S svojo posebno obliko glavice omogo\u010da, enostavno uporabo gelov za masiranje dlesni proti otekanju dlesni, celjenju ob izra\u0161\u010danju zob\u2026(npr. Gengigel), isto\u010dasno pa je zabavno,mehko grizalo s teksturo, ki spodbuja mal\u010dke k \u017eve\u010denju in uporabi.<\/p>\n<p>Oblika grizala je zasnovana tako, da ga lahko mal\u010dki primejo iz katerekoli strani in z majhnimi prstki enostavno dr\u017eijo. Razli\u010dni deli grizala imajo tudi razli\u010dno trdoto, tako lahko mal\u010dkom \u0161e bolj pomaga pri odpravljanju bole\u010dine. Na voljo v ve\u010d razli\u010dnih, atraktivnih barvah.<\/p>\n<p>Grizalo Matchstick Monkey navdu\u0161uje, ker je:<\/p>\n<ul>\n<li>Zobna \u0161\u010detka mehka in prijazna za otro\u0161ke dlesni<\/li>\n<li>Omogo\u010da enostaven in higienski na\u010din uporabe gelov za dlesni<\/li>\n<li>Je ergonomsko oblikovan, enostaven za dr\u017eanje<\/li>\n<li>Olaj\u0161a bole\u010dino in otekanje, vnetje dlesni<\/li>\n<li>Lahko se ga ohladi v zamrzovalniku<\/li>\n<li>Tekstura \u0161\u010detke je odli\u010dna za masa\u017eo dlesni<\/li>\n<li>Primeren za otroke od 3 meseca naprej<\/li>\n<li>Je primeren za uporabo v pomivalnem stroju<\/li>\n<li>\n<div>Varnost pri grizalih je na prvem mestu, grizalo je narejeno iz 100% varnih materialov, in 100% recikliranih na osnovi silikonske mase (okolju prijazen)<\/div>\n<\/li>\n<li>\n<div>Ustreza standardu EN71, temeljito testiran, presega vse evropske standarde ima tudi certifikat FDA &#8211; ameri\u0161ka zvezna agencija za hrano in zdravila.<\/div>\n<\/li>\n<li>Popolnoma varni material TPE (100% razgradljiv). Ne vsebuje BPA, PVC in ftalatov<\/li>\n<li>Ne povzro\u010da alergij<\/li>\n<\/ul>\n<p>Dimenzija: 11&#215;7 cm<\/p>\n","protected":false},"excerpt":{"rendered":"<p><strong>Matchstick Monkey<\/strong> je ve\u010d kot samo<strong> grizalo in prva zobna \u0161\u010detka<\/strong>.\u00a0 Oblikovan in narejen je tako da mal\u010dkom \u010dim bolj <strong>olaj\u0161a obdobje ko jim rastejo zobki<\/strong>.<\/p>\n<p>Ergonomska oblika grizala monkey, tanke nogice in trup, omogo\u010dajo mal\u010dkom varno uporabo in spodbujajo razvoj motori\u010dnih sposobnosti. Grizalo Matchstick Monkey tako postane obvezen pripomo\u010dek za vse mal\u010dke in star\u0161e.<\/p>\n","protected":false},"featured_media":17415,"template":"","meta":[],"pwb-brand":[2678,2658],"product_brand":[],"product_cat":[2610,2713,2308,2266],"product_tag":[4048],"class_list":{"0":"post-18916","1":"product","2":"type-product","3":"status-publish","4":"has-post-thumbnail","6":"pwb-brand-matchstick-monkey-nega-in-kopanje","7":"pwb-brand-nega-in-kopanje","8":"product_cat-darila","9":"product_cat-darilo-za-deklico","10":"product_cat-grizala-za-zobke","11":"product_cat-hranjenje","12":"product_tag-matchstick-monkey","14":"first","15":"instock","16":"taxable","17":"shipping-taxable","18":"purchasable","19":"product-type-simple","20":"add-to-wishlist-before_image"},"yoast_head":"<!-- This site is optimized with the Yoast SEO plugin v27.3 - https:\/\/yoast.com\/product\/yoast-seo-wordpress\/ -->\n<title>Matchstick Monkey grizalo z masa\u017eno zobno \u0161\u010detko - Powder | Ajatutaja<\/title>\n<meta name=\"description\" content=\"Matchstick Monkey je ve\u010d kot samo grizalo in prva zobna \u0161\u010detka. Oblikovan in narejen je tako da mal\u010dkom \u010dim bolj olaj\u0161a obdobje ko jim rastejo zobki.\" \/>\n<meta name=\"robots\" content=\"index, follow, max-snippet:-1, max-image-preview:large, max-video-preview:-1\" \/>\n<link rel=\"canonical\" href=\"https:\/\/ajatutaja.com\/izdelek\/matchstick-monkey-grizalo-z-masazno-zobno-scetko-powder\/\" \/>\n<meta property=\"og:locale\" content=\"hr_HR\" \/>\n<meta property=\"og:type\" content=\"article\" \/>\n<meta property=\"og:title\" content=\"Matchstick Monkey grizalo z masa\u017eno zobno \u0161\u010detko - Powder | Ajatutaja\" \/>\n<meta property=\"og:description\" content=\"Matchstick Monkey je ve\u010d kot samo grizalo in prva zobna \u0161\u010detka. Oblikovan in narejen je tako da mal\u010dkom \u010dim bolj olaj\u0161a obdobje ko jim rastejo zobki.\" \/>\n<meta property=\"og:url\" content=\"https:\/\/ajatutaja.com\/izdelek\/matchstick-monkey-grizalo-z-masazno-zobno-scetko-powder\/\" \/>\n<meta property=\"og:site_name\" content=\"Ajatutaja\" \/>\n<meta property=\"article:modified_time\" content=\"2024-09-23T11:25:20+00:00\" \/>\n<meta property=\"og:image\" content=\"https:\/\/ajatutaja.com\/wp-content\/uploads\/2021\/11\/matchstick-monkey-grizalo-opica-powder.png\" \/>\n\t<meta property=\"og:image:width\" content=\"600\" \/>\n\t<meta property=\"og:image:height\" content=\"600\" \/>\n\t<meta property=\"og:image:type\" content=\"image\/png\" \/>\n<meta name=\"twitter:card\" content=\"summary_large_image\" \/>\n<meta name=\"twitter:label1\" content=\"Procijenjeno vrijeme \u010ditanja\" \/>\n\t<meta name=\"twitter:data1\" content=\"1 minuta\" \/>\n<script type=\"application\/ld+json\" class=\"yoast-schema-graph\">{\"@context\":\"https:\\\/\\\/schema.org\",\"@graph\":[{\"@type\":\"WebPage\",\"@id\":\"https:\\\/\\\/ajatutaja.com\\\/izdelek\\\/matchstick-monkey-grizalo-z-masazno-zobno-scetko-powder\\\/\",\"url\":\"https:\\\/\\\/ajatutaja.com\\\/izdelek\\\/matchstick-monkey-grizalo-z-masazno-zobno-scetko-powder\\\/\",\"name\":\"Matchstick Monkey grizalo z masa\u017eno zobno \u0161\u010detko - Powder | Ajatutaja\",\"isPartOf\":{\"@id\":\"https:\\\/\\\/ajatutaja.com\\\/#website\"},\"primaryImageOfPage\":{\"@id\":\"https:\\\/\\\/ajatutaja.com\\\/izdelek\\\/matchstick-monkey-grizalo-z-masazno-zobno-scetko-powder\\\/#primaryimage\"},\"image\":{\"@id\":\"https:\\\/\\\/ajatutaja.com\\\/izdelek\\\/matchstick-monkey-grizalo-z-masazno-zobno-scetko-powder\\\/#primaryimage\"},\"thumbnailUrl\":\"https:\\\/\\\/ajatutaja.com\\\/wp-content\\\/uploads\\\/2021\\\/11\\\/matchstick-monkey-grizalo-opica-powder.png\",\"datePublished\":\"2020-05-02T16:01:41+00:00\",\"dateModified\":\"2024-09-23T11:25:20+00:00\",\"description\":\"Matchstick Monkey je ve\u010d kot samo grizalo in prva zobna \u0161\u010detka. Oblikovan in narejen je tako da mal\u010dkom \u010dim bolj olaj\u0161a obdobje ko jim rastejo zobki.\",\"breadcrumb\":{\"@id\":\"https:\\\/\\\/ajatutaja.com\\\/izdelek\\\/matchstick-monkey-grizalo-z-masazno-zobno-scetko-powder\\\/#breadcrumb\"},\"inLanguage\":\"hr\",\"potentialAction\":[{\"@type\":\"ReadAction\",\"target\":[\"https:\\\/\\\/ajatutaja.com\\\/izdelek\\\/matchstick-monkey-grizalo-z-masazno-zobno-scetko-powder\\\/\"]}]},{\"@type\":\"ImageObject\",\"inLanguage\":\"hr\",\"@id\":\"https:\\\/\\\/ajatutaja.com\\\/izdelek\\\/matchstick-monkey-grizalo-z-masazno-zobno-scetko-powder\\\/#primaryimage\",\"url\":\"https:\\\/\\\/ajatutaja.com\\\/wp-content\\\/uploads\\\/2021\\\/11\\\/matchstick-monkey-grizalo-opica-powder.png\",\"contentUrl\":\"https:\\\/\\\/ajatutaja.com\\\/wp-content\\\/uploads\\\/2021\\\/11\\\/matchstick-monkey-grizalo-opica-powder.png\",\"width\":600,\"height\":600},{\"@type\":\"BreadcrumbList\",\"@id\":\"https:\\\/\\\/ajatutaja.com\\\/izdelek\\\/matchstick-monkey-grizalo-z-masazno-zobno-scetko-powder\\\/#breadcrumb\",\"itemListElement\":[{\"@type\":\"ListItem\",\"position\":1,\"name\":\"Home\",\"item\":\"https:\\\/\\\/ajatutaja.com\\\/hr\\\/\"},{\"@type\":\"ListItem\",\"position\":2,\"name\":\"Trgovina\",\"item\":\"https:\\\/\\\/ajatutaja.com\\\/hr\\\/trgovina\\\/\"},{\"@type\":\"ListItem\",\"position\":3,\"name\":\"Matchstick Monkey grizalo z masa\u017eno zobno \u0161\u010detko &#8211; Powder\"}]},{\"@type\":\"WebSite\",\"@id\":\"https:\\\/\\\/ajatutaja.com\\\/#website\",\"url\":\"https:\\\/\\\/ajatutaja.com\\\/\",\"name\":\"Ajatutaja\",\"description\":\"Otro\u0161ka spletna trgovina AJATUTAJA\",\"publisher\":{\"@id\":\"https:\\\/\\\/ajatutaja.com\\\/#organization\"},\"potentialAction\":[{\"@type\":\"SearchAction\",\"target\":{\"@type\":\"EntryPoint\",\"urlTemplate\":\"https:\\\/\\\/ajatutaja.com\\\/?s={search_term_string}\"},\"query-input\":{\"@type\":\"PropertyValueSpecification\",\"valueRequired\":true,\"valueName\":\"search_term_string\"}}],\"inLanguage\":\"hr\"},{\"@type\":\"Organization\",\"@id\":\"https:\\\/\\\/ajatutaja.com\\\/#organization\",\"name\":\"Ajatutaja\",\"url\":\"https:\\\/\\\/ajatutaja.com\\\/\",\"logo\":{\"@type\":\"ImageObject\",\"inLanguage\":\"hr\",\"@id\":\"https:\\\/\\\/ajatutaja.com\\\/#\\\/schema\\\/logo\\\/image\\\/\",\"url\":\"https:\\\/\\\/ajatutaja.com\\\/wp-content\\\/uploads\\\/2021\\\/10\\\/logo.png\",\"contentUrl\":\"https:\\\/\\\/ajatutaja.com\\\/wp-content\\\/uploads\\\/2021\\\/10\\\/logo.png\",\"width\":555,\"height\":150,\"caption\":\"Ajatutaja\"},\"image\":{\"@id\":\"https:\\\/\\\/ajatutaja.com\\\/#\\\/schema\\\/logo\\\/image\\\/\"}}]}<\/script>\n<!-- \/ Yoast SEO plugin. -->","yoast_head_json":{"title":"Matchstick Monkey grizalo z masa\u017eno zobno \u0161\u010detko - Powder | Ajatutaja","description":"Matchstick Monkey je ve\u010d kot samo grizalo in prva zobna \u0161\u010detka. Oblikovan in narejen je tako da mal\u010dkom \u010dim bolj olaj\u0161a obdobje ko jim rastejo zobki.","robots":{"index":"index","follow":"follow","max-snippet":"max-snippet:-1","max-image-preview":"max-image-preview:large","max-video-preview":"max-video-preview:-1"},"canonical":"https:\/\/ajatutaja.com\/izdelek\/matchstick-monkey-grizalo-z-masazno-zobno-scetko-powder\/","og_locale":"hr_HR","og_type":"article","og_title":"Matchstick Monkey grizalo z masa\u017eno zobno \u0161\u010detko - Powder | Ajatutaja","og_description":"Matchstick Monkey je ve\u010d kot samo grizalo in prva zobna \u0161\u010detka. Oblikovan in narejen je tako da mal\u010dkom \u010dim bolj olaj\u0161a obdobje ko jim rastejo zobki.","og_url":"https:\/\/ajatutaja.com\/izdelek\/matchstick-monkey-grizalo-z-masazno-zobno-scetko-powder\/","og_site_name":"Ajatutaja","article_modified_time":"2024-09-23T11:25:20+00:00","og_image":[{"width":600,"height":600,"url":"https:\/\/ajatutaja.com\/wp-content\/uploads\/2021\/11\/matchstick-monkey-grizalo-opica-powder.png","type":"image\/png"}],"twitter_card":"summary_large_image","twitter_misc":{"Procijenjeno vrijeme \u010ditanja":"1 minuta"},"schema":{"@context":"https:\/\/schema.org","@graph":[{"@type":"WebPage","@id":"https:\/\/ajatutaja.com\/izdelek\/matchstick-monkey-grizalo-z-masazno-zobno-scetko-powder\/","url":"https:\/\/ajatutaja.com\/izdelek\/matchstick-monkey-grizalo-z-masazno-zobno-scetko-powder\/","name":"Matchstick Monkey grizalo z masa\u017eno zobno \u0161\u010detko - Powder | Ajatutaja","isPartOf":{"@id":"https:\/\/ajatutaja.com\/#website"},"primaryImageOfPage":{"@id":"https:\/\/ajatutaja.com\/izdelek\/matchstick-monkey-grizalo-z-masazno-zobno-scetko-powder\/#primaryimage"},"image":{"@id":"https:\/\/ajatutaja.com\/izdelek\/matchstick-monkey-grizalo-z-masazno-zobno-scetko-powder\/#primaryimage"},"thumbnailUrl":"https:\/\/ajatutaja.com\/wp-content\/uploads\/2021\/11\/matchstick-monkey-grizalo-opica-powder.png","datePublished":"2020-05-02T16:01:41+00:00","dateModified":"2024-09-23T11:25:20+00:00","description":"Matchstick Monkey je ve\u010d kot samo grizalo in prva zobna \u0161\u010detka. Oblikovan in narejen je tako da mal\u010dkom \u010dim bolj olaj\u0161a obdobje ko jim rastejo zobki.","breadcrumb":{"@id":"https:\/\/ajatutaja.com\/izdelek\/matchstick-monkey-grizalo-z-masazno-zobno-scetko-powder\/#breadcrumb"},"inLanguage":"hr","potentialAction":[{"@type":"ReadAction","target":["https:\/\/ajatutaja.com\/izdelek\/matchstick-monkey-grizalo-z-masazno-zobno-scetko-powder\/"]}]},{"@type":"ImageObject","inLanguage":"hr","@id":"https:\/\/ajatutaja.com\/izdelek\/matchstick-monkey-grizalo-z-masazno-zobno-scetko-powder\/#primaryimage","url":"https:\/\/ajatutaja.com\/wp-content\/uploads\/2021\/11\/matchstick-monkey-grizalo-opica-powder.png","contentUrl":"https:\/\/ajatutaja.com\/wp-content\/uploads\/2021\/11\/matchstick-monkey-grizalo-opica-powder.png","width":600,"height":600},{"@type":"BreadcrumbList","@id":"https:\/\/ajatutaja.com\/izdelek\/matchstick-monkey-grizalo-z-masazno-zobno-scetko-powder\/#breadcrumb","itemListElement":[{"@type":"ListItem","position":1,"name":"Home","item":"https:\/\/ajatutaja.com\/hr\/"},{"@type":"ListItem","position":2,"name":"Trgovina","item":"https:\/\/ajatutaja.com\/hr\/trgovina\/"},{"@type":"ListItem","position":3,"name":"Matchstick Monkey grizalo z masa\u017eno zobno \u0161\u010detko &#8211; Powder"}]},{"@type":"WebSite","@id":"https:\/\/ajatutaja.com\/#website","url":"https:\/\/ajatutaja.com\/","name":"Ajatutaja","description":"Otro\u0161ka spletna trgovina AJATUTAJA","publisher":{"@id":"https:\/\/ajatutaja.com\/#organization"},"potentialAction":[{"@type":"SearchAction","target":{"@type":"EntryPoint","urlTemplate":"https:\/\/ajatutaja.com\/?s={search_term_string}"},"query-input":{"@type":"PropertyValueSpecification","valueRequired":true,"valueName":"search_term_string"}}],"inLanguage":"hr"},{"@type":"Organization","@id":"https:\/\/ajatutaja.com\/#organization","name":"Ajatutaja","url":"https:\/\/ajatutaja.com\/","logo":{"@type":"ImageObject","inLanguage":"hr","@id":"https:\/\/ajatutaja.com\/#\/schema\/logo\/image\/","url":"https:\/\/ajatutaja.com\/wp-content\/uploads\/2021\/10\/logo.png","contentUrl":"https:\/\/ajatutaja.com\/wp-content\/uploads\/2021\/10\/logo.png","width":555,"height":150,"caption":"Ajatutaja"},"image":{"@id":"https:\/\/ajatutaja.com\/#\/schema\/logo\/image\/"}}]}},"brands":[{"id":2678,"name":"Matchstick Monkey","slug":"matchstick-monkey-nega-in-kopanje"},{"id":2658,"name":"Nega in kopanje","slug":"nega-in-kopanje"}],"_links":{"self":[{"href":"https:\/\/ajatutaja.com\/hr\/wp-json\/wp\/v2\/product\/18916","targetHints":{"allow":["GET"]}}],"collection":[{"href":"https:\/\/ajatutaja.com\/hr\/wp-json\/wp\/v2\/product"}],"about":[{"href":"https:\/\/ajatutaja.com\/hr\/wp-json\/wp\/v2\/types\/product"}],"wp:featuredmedia":[{"embeddable":true,"href":"https:\/\/ajatutaja.com\/hr\/wp-json\/wp\/v2\/media\/17415"}],"wp:attachment":[{"href":"https:\/\/ajatutaja.com\/hr\/wp-json\/wp\/v2\/media?parent=18916"}],"wp:term":[{"taxonomy":"pwb-brand","embeddable":true,"href":"https:\/\/ajatutaja.com\/hr\/wp-json\/wp\/v2\/pwb-brand?post=18916"},{"taxonomy":"product_brand","embeddable":true,"href":"https:\/\/ajatutaja.com\/hr\/wp-json\/wp\/v2\/product_brand?post=18916"},{"taxonomy":"product_cat","embeddable":true,"href":"https:\/\/ajatutaja.com\/hr\/wp-json\/wp\/v2\/product_cat?post=18916"},{"taxonomy":"product_tag","embeddable":true,"href":"https:\/\/ajatutaja.com\/hr\/wp-json\/wp\/v2\/product_tag?post=18916"}],"curies":[{"name":"wp","href":"https:\/\/api.w.org\/{rel}","templated":true}]}}