{"id":18683,"date":"2020-04-05T19:08:50","date_gmt":"2020-04-05T17:08:50","guid":{"rendered":"https:\/\/ajatutaja.com\/izdelek\/nuna-pipa-next-i-size-baza-isofix\/"},"modified":"2025-09-01T11:21:12","modified_gmt":"2025-09-01T09:21:12","slug":"nuna-pipa-next-i-size-baza-isofix","status":"publish","type":"product","link":"https:\/\/ajatutaja.com\/hr\/proizvod\/nuna-pipa-next-i-size-baza-isofix\/","title":{"rendered":"Nuna Pipa Next i-Size baza IsoFix"},"content":{"rendered":"<p>[vc_row][vc_column][vc_column_text]<\/p>\n<div>Zanesljiva lupinica Nuna Pipa Next v kombinaciji z Isofix bazo s podporno nogo, ki je na voljo lo\u010deno, zagotavlja varna potovanja. Nuna Pipa Next izpolnjuje i-Size standard, s pomo\u010djo naprednega avtomatskega SIP sistema pa va\u0161emu dojen\u010dku nudi dodatno za\u0161\u010dito v primeru bo\u010dnega trka. Lupinica je izdelana iz vzdr\u017eljivih in visoko kakovostnih materialov. Za dodatno oporo in varnost je kompletu prilo\u017eena tudi podporna blazina.<\/div>\n<div><\/div>\n<div>\n<div class=\"value\">\n<p><strong>Uporaba:<\/strong><\/p>\n<ul>\n<li>Skupina 0+ avtosede\u017e<\/li>\n<li>Priporo\u010dena uporaba: Od rojstva do 13 kg, vi\u0161ina otroka: 40-83 cm<\/li>\n<li>Namestitev avtosede\u017ea v obratni smeri vo\u017enje<\/li>\n<li>Namestitev avtosede\u017ea z Isofix sistemom na bazo za lupinico Nuna\u00ae Pipa\u2122 Next ali s pomo\u010djo 3-to\u010dkovnega avtomobilskega varnostnega pasu<\/li>\n<li>Kompatibilnost z Nuna in Maxi Cosi avtomobilskimi adaptorji<\/li>\n<\/ul>\n<p><strong>Dimenzije in te\u017ea:<\/strong><\/p>\n<ul>\n<li>Dimenzije baze (dol\u017eina x \u0161irina x vi\u0161ina): 59,4 x 32,9 x 42,7-69,7 cm<\/li>\n<li>Te\u017ea: 5,9 kg<\/li>\n<\/ul>\n<p><strong>Baza:<\/strong><\/p>\n<ul>\n<li>Ustreza i-Size standradu<\/li>\n<li>Hitra nemestitev avtosede\u017ea Nuna\u00ae Pipa\u2122 Next z Isofix sistemom na bazo<\/li>\n<li>S pomo\u010djo sistema Isofix mo\u017enost nastavitve 10 stopenj odmika<\/li>\n<li>Baza z oporno nogo Nuna\u00ae zagotavlja ve\u010djo varnost v primerjavi z bazami brez oporne noge za dodatno stabilnost<\/li>\n<li>Zaradi oporne noge za stabilizacijo zmanj\u0161uje mo\u017enost za prekotalitev naprej za kar 90%<\/li>\n<li>Cona v oporni nogi za dodatno stabilnost absorbira silo in zmanj\u0161a energijo na otroka<\/li>\n<li>True lock\u2122 tehnologija pritrditve omogo\u010da hitro, enostavno in varno uporabo v kombinaciji z Isofix sistemom<\/li>\n<li>Barvni indikatorji zmanj\u0161ujejo mo\u017enost nepravilne uporabe baze<\/li>\n<li>Lupinico snamemo z Isofix baze s pritiskom na gumb<\/li>\n<\/ul>\n<p><strong>Testi in certifikati:<\/strong><\/p>\n<ul>\n<li>Isofix baza za lupinico Nuna\u00ae Pipa\u2122 Next\u00a0 je testirana po standardu ECE R129<\/li>\n<li>Avtosede\u017e Nuna\u00ae Pipa\u2122 Next z Isofix bazo je prejel skupno oceno \u00bbDobro 1,6\u00ab na ADAC \/ Stiftung Warentest 05\/2020<\/li>\n<li>Avtosede\u017e Nuna\u00ae Pipa\u2122 Next z Isofix bazo je prejel skupno oceno 1,2 za varnost na ADAC \/ Stiftung Warentest 05\/2020 in postal najbolje ocenjen i-Size avtosede\u017e do 83\/85 cm, s SIP sistemom za dodatno stransko za\u0161\u010dito, od leta 2016 dalje<br \/>\n&#8211; Varnost: 1,2 (= Zelo dobro)<br \/>\n&#8211; Bo\u010dni trk: 0,8 (=Zelo dobro)<br \/>\n&#8211; \u010celni trk: 1,1 (=Zelo dobro<\/li>\n<li>Isofix baza za lupinico Nuna\u00ae Pipa\u2122 Next\u00a0 dosega standarde kakovosti: ISO 14001, ISO 9001 in OHSAS 18001<\/li>\n<\/ul>\n<p><strong>VARNOSTNO OBVESTILO<\/strong><\/p>\n<ul>\n<li style=\"list-style-type: none\">\n<ul>\n<li>Avtosede\u017e namestite na bazo v obratni smeri vo\u017enje<\/li>\n<li>Nikoli ne name\u0161\u010dajte avtosede\u017ea in baze na sede\u017e z aktivno zra\u010dno blazino<\/li>\n<li>Nikoli ne name\u0161\u010dajte baze na sede\u017e avtomobila, ki ni opremljen z Isofix-om<\/li>\n<\/ul>\n<\/li>\n<\/ul>\n<p>[\/vc_column_text][\/vc_column][\/vc_row]<\/p>\n<\/div>\n<\/div>\n","protected":false},"excerpt":{"rendered":"<div>Za namestitev lupinice\/avtosede\u017ea Nuna PIPA NEXT je na voljo prakti\u010den in varen podstavek \u2013 IsoFix baza PIPA NEXT. Avtosede\u017e Nuna\u00ae Pipa\u2122 Next v kombinaciji z Isofix bazo zagotavlja izjemno varnost. Nuna\u00ae Pipa\u2122 Next z Isofix bazo je prejel skupno oceno 1,2 za varnost in postal najbolje ocenjen i-Size avtosede\u017e do 83\/85 cm, s SIP sistemom za dodatno stransko za\u0161\u010dito, od leta 2016 dalje.<\/div>\n","protected":false},"featured_media":18684,"template":"","meta":[],"pwb-brand":[2351,2354],"product_brand":[],"product_cat":[2339,2349],"product_tag":[4240,4243,4253],"class_list":{"0":"post-18683","1":"product","2":"type-product","3":"status-publish","4":"has-post-thumbnail","6":"pwb-brand-avtosedezi","7":"pwb-brand-nuna","8":"product_cat-avtosedezi","9":"product_cat-dodatna-oprema","10":"product_tag-nuna","11":"product_tag-nuna-avtosedezi","12":"product_tag-nuna-pipa","14":"first","15":"onbackorder","16":"taxable","17":"shipping-taxable","18":"purchasable","19":"product-type-simple","20":"add-to-wishlist-before_image"},"yoast_head":"<!-- This site is optimized with the Yoast SEO plugin v27.3 - https:\/\/yoast.com\/product\/yoast-seo-wordpress\/ -->\n<title>Nuna Pipa Next i-Size baza IsoFix | Ajatutaja<\/title>\n<meta name=\"description\" content=\"Namestitev lupinice PIPA na podstavek PIPFIX je hitra in enostavna. Lupinico iz podstavka snamemo s pritiskom na gumb na podstavku.\" \/>\n<meta name=\"robots\" content=\"index, follow, max-snippet:-1, max-image-preview:large, max-video-preview:-1\" \/>\n<link rel=\"canonical\" href=\"https:\/\/ajatutaja.com\/izdelek\/nuna-pipa-next-i-size-baza-isofix\/\" \/>\n<meta property=\"og:locale\" content=\"hr_HR\" \/>\n<meta property=\"og:type\" content=\"article\" \/>\n<meta property=\"og:title\" content=\"Nuna Pipa Next i-Size baza IsoFix | Ajatutaja\" \/>\n<meta property=\"og:description\" content=\"Namestitev lupinice PIPA na podstavek PIPFIX je hitra in enostavna. Lupinico iz podstavka snamemo s pritiskom na gumb na podstavku.\" \/>\n<meta property=\"og:url\" content=\"https:\/\/ajatutaja.com\/izdelek\/nuna-pipa-next-i-size-baza-isofix\/\" \/>\n<meta property=\"og:site_name\" content=\"Ajatutaja\" \/>\n<meta property=\"article:modified_time\" content=\"2025-09-01T09:21:12+00:00\" \/>\n<meta property=\"og:image\" content=\"https:\/\/ajatutaja.com\/wp-content\/uploads\/2021\/11\/Baza-Nuna-pipa-next.jpg\" \/>\n\t<meta property=\"og:image:width\" content=\"919\" \/>\n\t<meta property=\"og:image:height\" content=\"950\" \/>\n\t<meta property=\"og:image:type\" content=\"image\/jpeg\" \/>\n<meta name=\"twitter:card\" content=\"summary_large_image\" \/>\n<meta name=\"twitter:label1\" content=\"Procijenjeno vrijeme \u010ditanja\" \/>\n\t<meta name=\"twitter:data1\" content=\"3 minute\" \/>\n<script type=\"application\/ld+json\" class=\"yoast-schema-graph\">{\"@context\":\"https:\\\/\\\/schema.org\",\"@graph\":[{\"@type\":\"WebPage\",\"@id\":\"https:\\\/\\\/ajatutaja.com\\\/izdelek\\\/nuna-pipa-next-i-size-baza-isofix\\\/\",\"url\":\"https:\\\/\\\/ajatutaja.com\\\/izdelek\\\/nuna-pipa-next-i-size-baza-isofix\\\/\",\"name\":\"Nuna Pipa Next i-Size baza IsoFix | Ajatutaja\",\"isPartOf\":{\"@id\":\"https:\\\/\\\/ajatutaja.com\\\/#website\"},\"primaryImageOfPage\":{\"@id\":\"https:\\\/\\\/ajatutaja.com\\\/izdelek\\\/nuna-pipa-next-i-size-baza-isofix\\\/#primaryimage\"},\"image\":{\"@id\":\"https:\\\/\\\/ajatutaja.com\\\/izdelek\\\/nuna-pipa-next-i-size-baza-isofix\\\/#primaryimage\"},\"thumbnailUrl\":\"https:\\\/\\\/ajatutaja.com\\\/wp-content\\\/uploads\\\/2021\\\/11\\\/Baza-Nuna-pipa-next.jpg\",\"datePublished\":\"2020-04-05T17:08:50+00:00\",\"dateModified\":\"2025-09-01T09:21:12+00:00\",\"description\":\"Namestitev lupinice PIPA na podstavek PIPFIX je hitra in enostavna. Lupinico iz podstavka snamemo s pritiskom na gumb na podstavku.\",\"breadcrumb\":{\"@id\":\"https:\\\/\\\/ajatutaja.com\\\/izdelek\\\/nuna-pipa-next-i-size-baza-isofix\\\/#breadcrumb\"},\"inLanguage\":\"hr\",\"potentialAction\":[{\"@type\":\"ReadAction\",\"target\":[\"https:\\\/\\\/ajatutaja.com\\\/izdelek\\\/nuna-pipa-next-i-size-baza-isofix\\\/\"]}]},{\"@type\":\"ImageObject\",\"inLanguage\":\"hr\",\"@id\":\"https:\\\/\\\/ajatutaja.com\\\/izdelek\\\/nuna-pipa-next-i-size-baza-isofix\\\/#primaryimage\",\"url\":\"https:\\\/\\\/ajatutaja.com\\\/wp-content\\\/uploads\\\/2021\\\/11\\\/Baza-Nuna-pipa-next.jpg\",\"contentUrl\":\"https:\\\/\\\/ajatutaja.com\\\/wp-content\\\/uploads\\\/2021\\\/11\\\/Baza-Nuna-pipa-next.jpg\",\"width\":919,\"height\":950},{\"@type\":\"BreadcrumbList\",\"@id\":\"https:\\\/\\\/ajatutaja.com\\\/izdelek\\\/nuna-pipa-next-i-size-baza-isofix\\\/#breadcrumb\",\"itemListElement\":[{\"@type\":\"ListItem\",\"position\":1,\"name\":\"Home\",\"item\":\"https:\\\/\\\/ajatutaja.com\\\/hr\\\/\"},{\"@type\":\"ListItem\",\"position\":2,\"name\":\"Trgovina\",\"item\":\"https:\\\/\\\/ajatutaja.com\\\/hr\\\/trgovina\\\/\"},{\"@type\":\"ListItem\",\"position\":3,\"name\":\"Nuna Pipa Next i-Size baza IsoFix\"}]},{\"@type\":\"WebSite\",\"@id\":\"https:\\\/\\\/ajatutaja.com\\\/#website\",\"url\":\"https:\\\/\\\/ajatutaja.com\\\/\",\"name\":\"Ajatutaja\",\"description\":\"Otro\u0161ka spletna trgovina AJATUTAJA\",\"publisher\":{\"@id\":\"https:\\\/\\\/ajatutaja.com\\\/#organization\"},\"potentialAction\":[{\"@type\":\"SearchAction\",\"target\":{\"@type\":\"EntryPoint\",\"urlTemplate\":\"https:\\\/\\\/ajatutaja.com\\\/?s={search_term_string}\"},\"query-input\":{\"@type\":\"PropertyValueSpecification\",\"valueRequired\":true,\"valueName\":\"search_term_string\"}}],\"inLanguage\":\"hr\"},{\"@type\":\"Organization\",\"@id\":\"https:\\\/\\\/ajatutaja.com\\\/#organization\",\"name\":\"Ajatutaja\",\"url\":\"https:\\\/\\\/ajatutaja.com\\\/\",\"logo\":{\"@type\":\"ImageObject\",\"inLanguage\":\"hr\",\"@id\":\"https:\\\/\\\/ajatutaja.com\\\/#\\\/schema\\\/logo\\\/image\\\/\",\"url\":\"https:\\\/\\\/ajatutaja.com\\\/wp-content\\\/uploads\\\/2021\\\/10\\\/logo.png\",\"contentUrl\":\"https:\\\/\\\/ajatutaja.com\\\/wp-content\\\/uploads\\\/2021\\\/10\\\/logo.png\",\"width\":555,\"height\":150,\"caption\":\"Ajatutaja\"},\"image\":{\"@id\":\"https:\\\/\\\/ajatutaja.com\\\/#\\\/schema\\\/logo\\\/image\\\/\"}}]}<\/script>\n<!-- \/ Yoast SEO plugin. -->","yoast_head_json":{"title":"Nuna Pipa Next i-Size baza IsoFix | Ajatutaja","description":"Namestitev lupinice PIPA na podstavek PIPFIX je hitra in enostavna. Lupinico iz podstavka snamemo s pritiskom na gumb na podstavku.","robots":{"index":"index","follow":"follow","max-snippet":"max-snippet:-1","max-image-preview":"max-image-preview:large","max-video-preview":"max-video-preview:-1"},"canonical":"https:\/\/ajatutaja.com\/izdelek\/nuna-pipa-next-i-size-baza-isofix\/","og_locale":"hr_HR","og_type":"article","og_title":"Nuna Pipa Next i-Size baza IsoFix | Ajatutaja","og_description":"Namestitev lupinice PIPA na podstavek PIPFIX je hitra in enostavna. Lupinico iz podstavka snamemo s pritiskom na gumb na podstavku.","og_url":"https:\/\/ajatutaja.com\/izdelek\/nuna-pipa-next-i-size-baza-isofix\/","og_site_name":"Ajatutaja","article_modified_time":"2025-09-01T09:21:12+00:00","og_image":[{"width":919,"height":950,"url":"https:\/\/ajatutaja.com\/wp-content\/uploads\/2021\/11\/Baza-Nuna-pipa-next.jpg","type":"image\/jpeg"}],"twitter_card":"summary_large_image","twitter_misc":{"Procijenjeno vrijeme \u010ditanja":"3 minute"},"schema":{"@context":"https:\/\/schema.org","@graph":[{"@type":"WebPage","@id":"https:\/\/ajatutaja.com\/izdelek\/nuna-pipa-next-i-size-baza-isofix\/","url":"https:\/\/ajatutaja.com\/izdelek\/nuna-pipa-next-i-size-baza-isofix\/","name":"Nuna Pipa Next i-Size baza IsoFix | Ajatutaja","isPartOf":{"@id":"https:\/\/ajatutaja.com\/#website"},"primaryImageOfPage":{"@id":"https:\/\/ajatutaja.com\/izdelek\/nuna-pipa-next-i-size-baza-isofix\/#primaryimage"},"image":{"@id":"https:\/\/ajatutaja.com\/izdelek\/nuna-pipa-next-i-size-baza-isofix\/#primaryimage"},"thumbnailUrl":"https:\/\/ajatutaja.com\/wp-content\/uploads\/2021\/11\/Baza-Nuna-pipa-next.jpg","datePublished":"2020-04-05T17:08:50+00:00","dateModified":"2025-09-01T09:21:12+00:00","description":"Namestitev lupinice PIPA na podstavek PIPFIX je hitra in enostavna. Lupinico iz podstavka snamemo s pritiskom na gumb na podstavku.","breadcrumb":{"@id":"https:\/\/ajatutaja.com\/izdelek\/nuna-pipa-next-i-size-baza-isofix\/#breadcrumb"},"inLanguage":"hr","potentialAction":[{"@type":"ReadAction","target":["https:\/\/ajatutaja.com\/izdelek\/nuna-pipa-next-i-size-baza-isofix\/"]}]},{"@type":"ImageObject","inLanguage":"hr","@id":"https:\/\/ajatutaja.com\/izdelek\/nuna-pipa-next-i-size-baza-isofix\/#primaryimage","url":"https:\/\/ajatutaja.com\/wp-content\/uploads\/2021\/11\/Baza-Nuna-pipa-next.jpg","contentUrl":"https:\/\/ajatutaja.com\/wp-content\/uploads\/2021\/11\/Baza-Nuna-pipa-next.jpg","width":919,"height":950},{"@type":"BreadcrumbList","@id":"https:\/\/ajatutaja.com\/izdelek\/nuna-pipa-next-i-size-baza-isofix\/#breadcrumb","itemListElement":[{"@type":"ListItem","position":1,"name":"Home","item":"https:\/\/ajatutaja.com\/hr\/"},{"@type":"ListItem","position":2,"name":"Trgovina","item":"https:\/\/ajatutaja.com\/hr\/trgovina\/"},{"@type":"ListItem","position":3,"name":"Nuna Pipa Next i-Size baza IsoFix"}]},{"@type":"WebSite","@id":"https:\/\/ajatutaja.com\/#website","url":"https:\/\/ajatutaja.com\/","name":"Ajatutaja","description":"Otro\u0161ka spletna trgovina AJATUTAJA","publisher":{"@id":"https:\/\/ajatutaja.com\/#organization"},"potentialAction":[{"@type":"SearchAction","target":{"@type":"EntryPoint","urlTemplate":"https:\/\/ajatutaja.com\/?s={search_term_string}"},"query-input":{"@type":"PropertyValueSpecification","valueRequired":true,"valueName":"search_term_string"}}],"inLanguage":"hr"},{"@type":"Organization","@id":"https:\/\/ajatutaja.com\/#organization","name":"Ajatutaja","url":"https:\/\/ajatutaja.com\/","logo":{"@type":"ImageObject","inLanguage":"hr","@id":"https:\/\/ajatutaja.com\/#\/schema\/logo\/image\/","url":"https:\/\/ajatutaja.com\/wp-content\/uploads\/2021\/10\/logo.png","contentUrl":"https:\/\/ajatutaja.com\/wp-content\/uploads\/2021\/10\/logo.png","width":555,"height":150,"caption":"Ajatutaja"},"image":{"@id":"https:\/\/ajatutaja.com\/#\/schema\/logo\/image\/"}}]}},"brands":[{"id":2351,"name":"Avtosede\u017ei","slug":"avtosedezi"},{"id":2354,"name":"Nuna","slug":"nuna"}],"_links":{"self":[{"href":"https:\/\/ajatutaja.com\/hr\/wp-json\/wp\/v2\/product\/18683","targetHints":{"allow":["GET"]}}],"collection":[{"href":"https:\/\/ajatutaja.com\/hr\/wp-json\/wp\/v2\/product"}],"about":[{"href":"https:\/\/ajatutaja.com\/hr\/wp-json\/wp\/v2\/types\/product"}],"wp:featuredmedia":[{"embeddable":true,"href":"https:\/\/ajatutaja.com\/hr\/wp-json\/wp\/v2\/media\/18684"}],"wp:attachment":[{"href":"https:\/\/ajatutaja.com\/hr\/wp-json\/wp\/v2\/media?parent=18683"}],"wp:term":[{"taxonomy":"pwb-brand","embeddable":true,"href":"https:\/\/ajatutaja.com\/hr\/wp-json\/wp\/v2\/pwb-brand?post=18683"},{"taxonomy":"product_brand","embeddable":true,"href":"https:\/\/ajatutaja.com\/hr\/wp-json\/wp\/v2\/product_brand?post=18683"},{"taxonomy":"product_cat","embeddable":true,"href":"https:\/\/ajatutaja.com\/hr\/wp-json\/wp\/v2\/product_cat?post=18683"},{"taxonomy":"product_tag","embeddable":true,"href":"https:\/\/ajatutaja.com\/hr\/wp-json\/wp\/v2\/product_tag?post=18683"}],"curies":[{"name":"wp","href":"https:\/\/api.w.org\/{rel}","templated":true}]}}