{"id":18656,"date":"2020-04-02T10:29:20","date_gmt":"2020-04-02T08:29:20","guid":{"rendered":"https:\/\/ajatutaja.com\/izdelek\/pralne-blazinice-za-dojenje-iz-svile-carriwell\/"},"modified":"2026-03-12T15:33:53","modified_gmt":"2026-03-12T14:33:53","slug":"pralne-blazinice-za-dojenje-iz-svile-carriwell","status":"publish","type":"product","link":"https:\/\/ajatutaja.com\/hr\/proizvod\/pralne-blazinice-za-dojenje-iz-svile-carriwell\/","title":{"rendered":"Pralne blazinice za dojenje iz svile Carriwell"},"content":{"rendered":"<p>Doje\u010de mamice porabijo ogromno prsnih blazinic za enkratno uporabo. To je velik finan\u010dni stro\u0161ek in breme za na\u0161e okolje. Odli\u010dna alternativa so blazinice za dojenje, ki se lahko operejo in ponovno uporabijo!<\/p>\n<p>Blazinice so izdelane iz \u010distega bomba\u017ea in svile. Ob uporabi dajejo prijeten ob\u010dutek sve\u017eine in so zelo opojne. Blazinice so premera 12cm in so primerne za ve\u010dkrtano uporabo, saj so pralne.<\/p>\n<p>V priro\u010dni vre\u010dki je 6 kosov.<\/p>\n<p>Surovinska sestava:<br \/>\nZunanja plast 100% bomba\u017e<br \/>\nNotranja plast 100% svila<br \/>\nPolnilo\u00a0 100%polipropilen<\/p>\n<p>&nbsp;<\/p>\n","protected":false},"excerpt":{"rendered":"<p>Prsne blazinice iz naravne svile so primerne za nego in prepre\u010devanje nastanka razpokanih bradavic. Naravne protivnetne lastnosti v svili, bla\u017eijo in zdravijo bole\u010de in ob\u010dutljive bradavice prsi. V kompletu je 6 blazinic.<\/p>\n","protected":false},"featured_media":18657,"template":"","meta":[],"pwb-brand":[2296,2268],"product_brand":[],"product_cat":[2265,2288],"product_tag":[4100],"class_list":{"0":"post-18656","1":"product","2":"type-product","3":"status-publish","4":"has-post-thumbnail","6":"pwb-brand-carriwell-dojenje","7":"pwb-brand-dojenje","8":"product_cat-dojenje","9":"product_cat-pripomocki-za-dojenje","10":"product_tag-carriwell","12":"first","13":"instock","14":"taxable","15":"shipping-taxable","16":"purchasable","17":"product-type-simple","18":"add-to-wishlist-before_image"},"yoast_head":"<!-- This site is optimized with the Yoast SEO plugin v27.3 - https:\/\/yoast.com\/product\/yoast-seo-wordpress\/ -->\n<title>Pralne blazinice za dojenje iz svile Carriwell | Ajatutaja<\/title>\n<meta name=\"description\" content=\"Pralne blazinice za dojenje so izdelane iz svile in bomba\u017ea. Ob uporabi dajejo prijeten ob\u010dutek sve\u017eine in so zelo opojne.\" \/>\n<meta name=\"robots\" content=\"index, follow, max-snippet:-1, max-image-preview:large, max-video-preview:-1\" \/>\n<link rel=\"canonical\" href=\"https:\/\/ajatutaja.com\/izdelek\/pralne-blazinice-za-dojenje-iz-svile-carriwell\/\" \/>\n<meta property=\"og:locale\" content=\"hr_HR\" \/>\n<meta property=\"og:type\" content=\"article\" \/>\n<meta property=\"og:title\" content=\"Pralne blazinice za dojenje iz svile Carriwell | Ajatutaja\" \/>\n<meta property=\"og:description\" content=\"Pralne blazinice za dojenje so izdelane iz svile in bomba\u017ea. Ob uporabi dajejo prijeten ob\u010dutek sve\u017eine in so zelo opojne.\" \/>\n<meta property=\"og:url\" content=\"https:\/\/ajatutaja.com\/izdelek\/pralne-blazinice-za-dojenje-iz-svile-carriwell\/\" \/>\n<meta property=\"og:site_name\" content=\"Ajatutaja\" \/>\n<meta property=\"article:modified_time\" content=\"2026-03-12T14:33:53+00:00\" \/>\n<meta property=\"og:image\" content=\"https:\/\/ajatutaja.com\/wp-content\/uploads\/2021\/11\/carriwell-blazinice-svila-ajatutaja-e1585823771919.jpg\" \/>\n\t<meta property=\"og:image:width\" content=\"600\" \/>\n\t<meta property=\"og:image:height\" content=\"750\" \/>\n\t<meta property=\"og:image:type\" content=\"image\/jpeg\" \/>\n<meta name=\"twitter:card\" content=\"summary_large_image\" \/>\n<script type=\"application\/ld+json\" class=\"yoast-schema-graph\">{\"@context\":\"https:\\\/\\\/schema.org\",\"@graph\":[{\"@type\":\"WebPage\",\"@id\":\"https:\\\/\\\/ajatutaja.com\\\/izdelek\\\/pralne-blazinice-za-dojenje-iz-svile-carriwell\\\/\",\"url\":\"https:\\\/\\\/ajatutaja.com\\\/izdelek\\\/pralne-blazinice-za-dojenje-iz-svile-carriwell\\\/\",\"name\":\"Pralne blazinice za dojenje iz svile Carriwell | Ajatutaja\",\"isPartOf\":{\"@id\":\"https:\\\/\\\/ajatutaja.com\\\/#website\"},\"primaryImageOfPage\":{\"@id\":\"https:\\\/\\\/ajatutaja.com\\\/izdelek\\\/pralne-blazinice-za-dojenje-iz-svile-carriwell\\\/#primaryimage\"},\"image\":{\"@id\":\"https:\\\/\\\/ajatutaja.com\\\/izdelek\\\/pralne-blazinice-za-dojenje-iz-svile-carriwell\\\/#primaryimage\"},\"thumbnailUrl\":\"https:\\\/\\\/ajatutaja.com\\\/wp-content\\\/uploads\\\/2021\\\/11\\\/carriwell-blazinice-svila-ajatutaja-e1585823771919.jpg\",\"datePublished\":\"2020-04-02T08:29:20+00:00\",\"dateModified\":\"2026-03-12T14:33:53+00:00\",\"description\":\"Pralne blazinice za dojenje so izdelane iz svile in bomba\u017ea. Ob uporabi dajejo prijeten ob\u010dutek sve\u017eine in so zelo opojne.\",\"breadcrumb\":{\"@id\":\"https:\\\/\\\/ajatutaja.com\\\/izdelek\\\/pralne-blazinice-za-dojenje-iz-svile-carriwell\\\/#breadcrumb\"},\"inLanguage\":\"hr\",\"potentialAction\":[{\"@type\":\"ReadAction\",\"target\":[\"https:\\\/\\\/ajatutaja.com\\\/izdelek\\\/pralne-blazinice-za-dojenje-iz-svile-carriwell\\\/\"]}]},{\"@type\":\"ImageObject\",\"inLanguage\":\"hr\",\"@id\":\"https:\\\/\\\/ajatutaja.com\\\/izdelek\\\/pralne-blazinice-za-dojenje-iz-svile-carriwell\\\/#primaryimage\",\"url\":\"https:\\\/\\\/ajatutaja.com\\\/wp-content\\\/uploads\\\/2021\\\/11\\\/carriwell-blazinice-svila-ajatutaja-e1585823771919.jpg\",\"contentUrl\":\"https:\\\/\\\/ajatutaja.com\\\/wp-content\\\/uploads\\\/2021\\\/11\\\/carriwell-blazinice-svila-ajatutaja-e1585823771919.jpg\",\"width\":600,\"height\":750},{\"@type\":\"BreadcrumbList\",\"@id\":\"https:\\\/\\\/ajatutaja.com\\\/izdelek\\\/pralne-blazinice-za-dojenje-iz-svile-carriwell\\\/#breadcrumb\",\"itemListElement\":[{\"@type\":\"ListItem\",\"position\":1,\"name\":\"Home\",\"item\":\"https:\\\/\\\/ajatutaja.com\\\/hr\\\/\"},{\"@type\":\"ListItem\",\"position\":2,\"name\":\"Trgovina\",\"item\":\"https:\\\/\\\/ajatutaja.com\\\/hr\\\/trgovina\\\/\"},{\"@type\":\"ListItem\",\"position\":3,\"name\":\"Pralne blazinice za dojenje iz svile Carriwell\"}]},{\"@type\":\"WebSite\",\"@id\":\"https:\\\/\\\/ajatutaja.com\\\/#website\",\"url\":\"https:\\\/\\\/ajatutaja.com\\\/\",\"name\":\"Ajatutaja\",\"description\":\"Otro\u0161ka spletna trgovina AJATUTAJA\",\"publisher\":{\"@id\":\"https:\\\/\\\/ajatutaja.com\\\/#organization\"},\"potentialAction\":[{\"@type\":\"SearchAction\",\"target\":{\"@type\":\"EntryPoint\",\"urlTemplate\":\"https:\\\/\\\/ajatutaja.com\\\/?s={search_term_string}\"},\"query-input\":{\"@type\":\"PropertyValueSpecification\",\"valueRequired\":true,\"valueName\":\"search_term_string\"}}],\"inLanguage\":\"hr\"},{\"@type\":\"Organization\",\"@id\":\"https:\\\/\\\/ajatutaja.com\\\/#organization\",\"name\":\"Ajatutaja\",\"url\":\"https:\\\/\\\/ajatutaja.com\\\/\",\"logo\":{\"@type\":\"ImageObject\",\"inLanguage\":\"hr\",\"@id\":\"https:\\\/\\\/ajatutaja.com\\\/#\\\/schema\\\/logo\\\/image\\\/\",\"url\":\"https:\\\/\\\/ajatutaja.com\\\/wp-content\\\/uploads\\\/2021\\\/10\\\/logo.png\",\"contentUrl\":\"https:\\\/\\\/ajatutaja.com\\\/wp-content\\\/uploads\\\/2021\\\/10\\\/logo.png\",\"width\":555,\"height\":150,\"caption\":\"Ajatutaja\"},\"image\":{\"@id\":\"https:\\\/\\\/ajatutaja.com\\\/#\\\/schema\\\/logo\\\/image\\\/\"}}]}<\/script>\n<!-- \/ Yoast SEO plugin. -->","yoast_head_json":{"title":"Pralne blazinice za dojenje iz svile Carriwell | Ajatutaja","description":"Pralne blazinice za dojenje so izdelane iz svile in bomba\u017ea. Ob uporabi dajejo prijeten ob\u010dutek sve\u017eine in so zelo opojne.","robots":{"index":"index","follow":"follow","max-snippet":"max-snippet:-1","max-image-preview":"max-image-preview:large","max-video-preview":"max-video-preview:-1"},"canonical":"https:\/\/ajatutaja.com\/izdelek\/pralne-blazinice-za-dojenje-iz-svile-carriwell\/","og_locale":"hr_HR","og_type":"article","og_title":"Pralne blazinice za dojenje iz svile Carriwell | Ajatutaja","og_description":"Pralne blazinice za dojenje so izdelane iz svile in bomba\u017ea. Ob uporabi dajejo prijeten ob\u010dutek sve\u017eine in so zelo opojne.","og_url":"https:\/\/ajatutaja.com\/izdelek\/pralne-blazinice-za-dojenje-iz-svile-carriwell\/","og_site_name":"Ajatutaja","article_modified_time":"2026-03-12T14:33:53+00:00","og_image":[{"width":600,"height":750,"url":"https:\/\/ajatutaja.com\/wp-content\/uploads\/2021\/11\/carriwell-blazinice-svila-ajatutaja-e1585823771919.jpg","type":"image\/jpeg"}],"twitter_card":"summary_large_image","schema":{"@context":"https:\/\/schema.org","@graph":[{"@type":"WebPage","@id":"https:\/\/ajatutaja.com\/izdelek\/pralne-blazinice-za-dojenje-iz-svile-carriwell\/","url":"https:\/\/ajatutaja.com\/izdelek\/pralne-blazinice-za-dojenje-iz-svile-carriwell\/","name":"Pralne blazinice za dojenje iz svile Carriwell | Ajatutaja","isPartOf":{"@id":"https:\/\/ajatutaja.com\/#website"},"primaryImageOfPage":{"@id":"https:\/\/ajatutaja.com\/izdelek\/pralne-blazinice-za-dojenje-iz-svile-carriwell\/#primaryimage"},"image":{"@id":"https:\/\/ajatutaja.com\/izdelek\/pralne-blazinice-za-dojenje-iz-svile-carriwell\/#primaryimage"},"thumbnailUrl":"https:\/\/ajatutaja.com\/wp-content\/uploads\/2021\/11\/carriwell-blazinice-svila-ajatutaja-e1585823771919.jpg","datePublished":"2020-04-02T08:29:20+00:00","dateModified":"2026-03-12T14:33:53+00:00","description":"Pralne blazinice za dojenje so izdelane iz svile in bomba\u017ea. Ob uporabi dajejo prijeten ob\u010dutek sve\u017eine in so zelo opojne.","breadcrumb":{"@id":"https:\/\/ajatutaja.com\/izdelek\/pralne-blazinice-za-dojenje-iz-svile-carriwell\/#breadcrumb"},"inLanguage":"hr","potentialAction":[{"@type":"ReadAction","target":["https:\/\/ajatutaja.com\/izdelek\/pralne-blazinice-za-dojenje-iz-svile-carriwell\/"]}]},{"@type":"ImageObject","inLanguage":"hr","@id":"https:\/\/ajatutaja.com\/izdelek\/pralne-blazinice-za-dojenje-iz-svile-carriwell\/#primaryimage","url":"https:\/\/ajatutaja.com\/wp-content\/uploads\/2021\/11\/carriwell-blazinice-svila-ajatutaja-e1585823771919.jpg","contentUrl":"https:\/\/ajatutaja.com\/wp-content\/uploads\/2021\/11\/carriwell-blazinice-svila-ajatutaja-e1585823771919.jpg","width":600,"height":750},{"@type":"BreadcrumbList","@id":"https:\/\/ajatutaja.com\/izdelek\/pralne-blazinice-za-dojenje-iz-svile-carriwell\/#breadcrumb","itemListElement":[{"@type":"ListItem","position":1,"name":"Home","item":"https:\/\/ajatutaja.com\/hr\/"},{"@type":"ListItem","position":2,"name":"Trgovina","item":"https:\/\/ajatutaja.com\/hr\/trgovina\/"},{"@type":"ListItem","position":3,"name":"Pralne blazinice za dojenje iz svile Carriwell"}]},{"@type":"WebSite","@id":"https:\/\/ajatutaja.com\/#website","url":"https:\/\/ajatutaja.com\/","name":"Ajatutaja","description":"Otro\u0161ka spletna trgovina AJATUTAJA","publisher":{"@id":"https:\/\/ajatutaja.com\/#organization"},"potentialAction":[{"@type":"SearchAction","target":{"@type":"EntryPoint","urlTemplate":"https:\/\/ajatutaja.com\/?s={search_term_string}"},"query-input":{"@type":"PropertyValueSpecification","valueRequired":true,"valueName":"search_term_string"}}],"inLanguage":"hr"},{"@type":"Organization","@id":"https:\/\/ajatutaja.com\/#organization","name":"Ajatutaja","url":"https:\/\/ajatutaja.com\/","logo":{"@type":"ImageObject","inLanguage":"hr","@id":"https:\/\/ajatutaja.com\/#\/schema\/logo\/image\/","url":"https:\/\/ajatutaja.com\/wp-content\/uploads\/2021\/10\/logo.png","contentUrl":"https:\/\/ajatutaja.com\/wp-content\/uploads\/2021\/10\/logo.png","width":555,"height":150,"caption":"Ajatutaja"},"image":{"@id":"https:\/\/ajatutaja.com\/#\/schema\/logo\/image\/"}}]}},"brands":[{"id":2296,"name":"Carriwell","slug":"carriwell-dojenje"},{"id":2268,"name":"Dojenje","slug":"dojenje"}],"_links":{"self":[{"href":"https:\/\/ajatutaja.com\/hr\/wp-json\/wp\/v2\/product\/18656","targetHints":{"allow":["GET"]}}],"collection":[{"href":"https:\/\/ajatutaja.com\/hr\/wp-json\/wp\/v2\/product"}],"about":[{"href":"https:\/\/ajatutaja.com\/hr\/wp-json\/wp\/v2\/types\/product"}],"wp:featuredmedia":[{"embeddable":true,"href":"https:\/\/ajatutaja.com\/hr\/wp-json\/wp\/v2\/media\/18657"}],"wp:attachment":[{"href":"https:\/\/ajatutaja.com\/hr\/wp-json\/wp\/v2\/media?parent=18656"}],"wp:term":[{"taxonomy":"pwb-brand","embeddable":true,"href":"https:\/\/ajatutaja.com\/hr\/wp-json\/wp\/v2\/pwb-brand?post=18656"},{"taxonomy":"product_brand","embeddable":true,"href":"https:\/\/ajatutaja.com\/hr\/wp-json\/wp\/v2\/product_brand?post=18656"},{"taxonomy":"product_cat","embeddable":true,"href":"https:\/\/ajatutaja.com\/hr\/wp-json\/wp\/v2\/product_cat?post=18656"},{"taxonomy":"product_tag","embeddable":true,"href":"https:\/\/ajatutaja.com\/hr\/wp-json\/wp\/v2\/product_tag?post=18656"}],"curies":[{"name":"wp","href":"https:\/\/api.w.org\/{rel}","templated":true}]}}