{"id":18590,"date":"2020-03-14T06:56:15","date_gmt":"2020-03-14T05:56:15","guid":{"rendered":"https:\/\/ajatutaja.com\/izdelek\/scootride-otroski-skiro-highwaykick-3-led-ash\/"},"modified":"2025-05-08T18:52:43","modified_gmt":"2025-05-08T16:52:43","slug":"scootride-otroski-skiro-highwaykick-3-led-ash","status":"publish","type":"product","link":"https:\/\/ajatutaja.com\/hr\/proizvod\/scootride-otroski-skiro-highwaykick-3-led-ash\/","title":{"rendered":"Scoot&amp;Ride otro\u0161ki skiro Highwaykick 3 LED &#8211; Ash"},"content":{"rendered":"<p>[vc_row][vc_column][vc_column_text]Otro\u0161ki skiro\u00a0Scoot &amp; Ride\u00a0model\u00a0Highwaykick 3 LED je namenjen otrokom\u00a0od\u00a03. leta\u00a0starosti dalje. Nastavljivo krmilo omogo\u010da, da skiro raste skupaj z otrokom. Zlo\u017eljiva krmilna ro\u010dica se ergonomi\u010dno prilagodi velikosti telesa in omogo\u010da enostaven transport izdelka. Unikatno stoji\u0161\u010de narejeno iz silikona omogo\u010da dober oprijem in varno vo\u017enjo.<\/p>\n<p>Lastnosti skiroja Highwaykick 3 LED :<\/p>\n<ul>\n<li style=\"list-style-type: none\">\n<ul>\n<li>Vgrajene led lu\u010di v kolesih<\/li>\n<li>Starost:\u00a03 leta + do 50 kg<\/li>\n<li>Telesna vi\u0161ina otroka:\u00a0od 96 do 120 cm<\/li>\n<li>Vi\u0161ina krmila:\u00a0od 62 do 82 cm<\/li>\n<li>Velikost koles:\u00a0sprednji dve kolesi 120 mm, zadnje kolo 80 mm<\/li>\n<li>Te\u017ea artikla:\u00a02,6 kg<\/li>\n<\/ul>\n<\/li>\n<\/ul>\n<p>S skirojem Highwaykick 3 LED je zabava zagotovljena![\/vc_column_text][\/vc_column][\/vc_row]<\/p>\n","protected":false},"excerpt":{"rendered":"<p>Scoot&amp;Ride Highwaykick 3 LED je ultralahek skiro z led lu\u010dkami, ki je namenjen je otrokom od 3. do 6. leta starosti otroka. Kolesa imajo vgrajene LED lu\u010dke, ki se med vo\u017enjo svetijo. Kvaliteten barvni nanos \u0161\u010diti otro\u0161ki skiro pred rjavenjem.<\/p>\n<p>\u010celada je na voljo v isti barvi, ni pa vklju\u010dena v ceno in se kupi lo\u010deno.<\/p>\n","protected":false},"featured_media":18576,"template":"","meta":[],"pwb-brand":[2409,2428],"product_brand":[],"product_cat":[3992,2451,2362,2406,2361],"product_tag":[4494,4491],"class_list":{"0":"post-18590","1":"product","2":"type-product","3":"status-publish","4":"has-post-thumbnail","6":"pwb-brand-potepanje","7":"pwb-brand-scootride","8":"product_cat-3-leta-igrace","9":"product_cat-igra-na-prostem","10":"product_cat-igranje","11":"product_cat-otroski-skiroji-in-poganjalci","12":"product_cat-potepanje","13":"product_tag-highwaykick-3","14":"product_tag-scootride","16":"first","17":"instock","18":"taxable","19":"shipping-taxable","20":"purchasable","21":"product-type-simple","22":"add-to-wishlist-before_image"},"yoast_head":"<!-- This site is optimized with the Yoast SEO plugin v27.3 - https:\/\/yoast.com\/product\/yoast-seo-wordpress\/ -->\n<title>Scoot&amp;Ride otro\u0161ki skiro Highwaykick 3 LED - Ash | Ajatutaja<\/title>\n<meta name=\"description\" content=\"Scoot&amp;Ride Highwaykick 3 LED je ultralahek skiro z led lu\u010dkami, ki je namenjen je otrokom od 3. do 6. leta starosti otroka. Z nosilnostjo 50kg.\" \/>\n<meta name=\"robots\" content=\"index, follow, max-snippet:-1, max-image-preview:large, max-video-preview:-1\" \/>\n<link rel=\"canonical\" href=\"https:\/\/ajatutaja.com\/izdelek\/scootride-otroski-skiro-highwaykick-3-led-ash\/\" \/>\n<meta property=\"og:locale\" content=\"hr_HR\" \/>\n<meta property=\"og:type\" content=\"article\" \/>\n<meta property=\"og:title\" content=\"Scoot&amp;Ride otro\u0161ki skiro Highwaykick 3 LED - Ash | Ajatutaja\" \/>\n<meta property=\"og:description\" content=\"Scoot&amp;Ride Highwaykick 3 LED je ultralahek skiro z led lu\u010dkami, ki je namenjen je otrokom od 3. do 6. leta starosti otroka. Z nosilnostjo 50kg.\" \/>\n<meta property=\"og:url\" content=\"https:\/\/ajatutaja.com\/izdelek\/scootride-otroski-skiro-highwaykick-3-led-ash\/\" \/>\n<meta property=\"og:site_name\" content=\"Ajatutaja\" \/>\n<meta property=\"article:modified_time\" content=\"2025-05-08T16:52:43+00:00\" \/>\n<meta property=\"og:image\" content=\"https:\/\/ajatutaja.com\/wp-content\/uploads\/2021\/11\/Skiro-za-otroke-scoot-ride-otroski-skiro-highwaykick-3-ash-led-ajatutaja-0.jpeg\" \/>\n\t<meta property=\"og:image:width\" content=\"800\" \/>\n\t<meta property=\"og:image:height\" content=\"800\" \/>\n\t<meta property=\"og:image:type\" content=\"image\/jpeg\" \/>\n<meta name=\"twitter:card\" content=\"summary_large_image\" \/>\n<meta name=\"twitter:label1\" content=\"Procijenjeno vrijeme \u010ditanja\" \/>\n\t<meta name=\"twitter:data1\" content=\"1 minuta\" \/>\n<script type=\"application\/ld+json\" class=\"yoast-schema-graph\">{\"@context\":\"https:\\\/\\\/schema.org\",\"@graph\":[{\"@type\":\"WebPage\",\"@id\":\"https:\\\/\\\/ajatutaja.com\\\/izdelek\\\/scootride-otroski-skiro-highwaykick-3-led-ash\\\/\",\"url\":\"https:\\\/\\\/ajatutaja.com\\\/izdelek\\\/scootride-otroski-skiro-highwaykick-3-led-ash\\\/\",\"name\":\"Scoot&amp;Ride otro\u0161ki skiro Highwaykick 3 LED - Ash | Ajatutaja\",\"isPartOf\":{\"@id\":\"https:\\\/\\\/ajatutaja.com\\\/#website\"},\"primaryImageOfPage\":{\"@id\":\"https:\\\/\\\/ajatutaja.com\\\/izdelek\\\/scootride-otroski-skiro-highwaykick-3-led-ash\\\/#primaryimage\"},\"image\":{\"@id\":\"https:\\\/\\\/ajatutaja.com\\\/izdelek\\\/scootride-otroski-skiro-highwaykick-3-led-ash\\\/#primaryimage\"},\"thumbnailUrl\":\"https:\\\/\\\/ajatutaja.com\\\/wp-content\\\/uploads\\\/2021\\\/11\\\/Skiro-za-otroke-scoot-ride-otroski-skiro-highwaykick-3-ash-led-ajatutaja-0.jpeg\",\"datePublished\":\"2020-03-14T05:56:15+00:00\",\"dateModified\":\"2025-05-08T16:52:43+00:00\",\"description\":\"Scoot&Ride Highwaykick 3 LED je ultralahek skiro z led lu\u010dkami, ki je namenjen je otrokom od 3. do 6. leta starosti otroka. Z nosilnostjo 50kg.\",\"breadcrumb\":{\"@id\":\"https:\\\/\\\/ajatutaja.com\\\/izdelek\\\/scootride-otroski-skiro-highwaykick-3-led-ash\\\/#breadcrumb\"},\"inLanguage\":\"hr\",\"potentialAction\":[{\"@type\":\"ReadAction\",\"target\":[\"https:\\\/\\\/ajatutaja.com\\\/izdelek\\\/scootride-otroski-skiro-highwaykick-3-led-ash\\\/\"]}]},{\"@type\":\"ImageObject\",\"inLanguage\":\"hr\",\"@id\":\"https:\\\/\\\/ajatutaja.com\\\/izdelek\\\/scootride-otroski-skiro-highwaykick-3-led-ash\\\/#primaryimage\",\"url\":\"https:\\\/\\\/ajatutaja.com\\\/wp-content\\\/uploads\\\/2021\\\/11\\\/Skiro-za-otroke-scoot-ride-otroski-skiro-highwaykick-3-ash-led-ajatutaja-0.jpeg\",\"contentUrl\":\"https:\\\/\\\/ajatutaja.com\\\/wp-content\\\/uploads\\\/2021\\\/11\\\/Skiro-za-otroke-scoot-ride-otroski-skiro-highwaykick-3-ash-led-ajatutaja-0.jpeg\",\"width\":800,\"height\":800},{\"@type\":\"BreadcrumbList\",\"@id\":\"https:\\\/\\\/ajatutaja.com\\\/izdelek\\\/scootride-otroski-skiro-highwaykick-3-led-ash\\\/#breadcrumb\",\"itemListElement\":[{\"@type\":\"ListItem\",\"position\":1,\"name\":\"Home\",\"item\":\"https:\\\/\\\/ajatutaja.com\\\/hr\\\/\"},{\"@type\":\"ListItem\",\"position\":2,\"name\":\"Trgovina\",\"item\":\"https:\\\/\\\/ajatutaja.com\\\/hr\\\/trgovina\\\/\"},{\"@type\":\"ListItem\",\"position\":3,\"name\":\"Scoot&amp;Ride otro\u0161ki skiro Highwaykick 3 LED &#8211; Ash\"}]},{\"@type\":\"WebSite\",\"@id\":\"https:\\\/\\\/ajatutaja.com\\\/#website\",\"url\":\"https:\\\/\\\/ajatutaja.com\\\/\",\"name\":\"Ajatutaja\",\"description\":\"Otro\u0161ka spletna trgovina AJATUTAJA\",\"publisher\":{\"@id\":\"https:\\\/\\\/ajatutaja.com\\\/#organization\"},\"potentialAction\":[{\"@type\":\"SearchAction\",\"target\":{\"@type\":\"EntryPoint\",\"urlTemplate\":\"https:\\\/\\\/ajatutaja.com\\\/?s={search_term_string}\"},\"query-input\":{\"@type\":\"PropertyValueSpecification\",\"valueRequired\":true,\"valueName\":\"search_term_string\"}}],\"inLanguage\":\"hr\"},{\"@type\":\"Organization\",\"@id\":\"https:\\\/\\\/ajatutaja.com\\\/#organization\",\"name\":\"Ajatutaja\",\"url\":\"https:\\\/\\\/ajatutaja.com\\\/\",\"logo\":{\"@type\":\"ImageObject\",\"inLanguage\":\"hr\",\"@id\":\"https:\\\/\\\/ajatutaja.com\\\/#\\\/schema\\\/logo\\\/image\\\/\",\"url\":\"https:\\\/\\\/ajatutaja.com\\\/wp-content\\\/uploads\\\/2021\\\/10\\\/logo.png\",\"contentUrl\":\"https:\\\/\\\/ajatutaja.com\\\/wp-content\\\/uploads\\\/2021\\\/10\\\/logo.png\",\"width\":555,\"height\":150,\"caption\":\"Ajatutaja\"},\"image\":{\"@id\":\"https:\\\/\\\/ajatutaja.com\\\/#\\\/schema\\\/logo\\\/image\\\/\"}}]}<\/script>\n<!-- \/ Yoast SEO plugin. -->","yoast_head_json":{"title":"Scoot&amp;Ride otro\u0161ki skiro Highwaykick 3 LED - Ash | Ajatutaja","description":"Scoot&Ride Highwaykick 3 LED je ultralahek skiro z led lu\u010dkami, ki je namenjen je otrokom od 3. do 6. leta starosti otroka. Z nosilnostjo 50kg.","robots":{"index":"index","follow":"follow","max-snippet":"max-snippet:-1","max-image-preview":"max-image-preview:large","max-video-preview":"max-video-preview:-1"},"canonical":"https:\/\/ajatutaja.com\/izdelek\/scootride-otroski-skiro-highwaykick-3-led-ash\/","og_locale":"hr_HR","og_type":"article","og_title":"Scoot&amp;Ride otro\u0161ki skiro Highwaykick 3 LED - Ash | Ajatutaja","og_description":"Scoot&Ride Highwaykick 3 LED je ultralahek skiro z led lu\u010dkami, ki je namenjen je otrokom od 3. do 6. leta starosti otroka. Z nosilnostjo 50kg.","og_url":"https:\/\/ajatutaja.com\/izdelek\/scootride-otroski-skiro-highwaykick-3-led-ash\/","og_site_name":"Ajatutaja","article_modified_time":"2025-05-08T16:52:43+00:00","og_image":[{"width":800,"height":800,"url":"https:\/\/ajatutaja.com\/wp-content\/uploads\/2021\/11\/Skiro-za-otroke-scoot-ride-otroski-skiro-highwaykick-3-ash-led-ajatutaja-0.jpeg","type":"image\/jpeg"}],"twitter_card":"summary_large_image","twitter_misc":{"Procijenjeno vrijeme \u010ditanja":"1 minuta"},"schema":{"@context":"https:\/\/schema.org","@graph":[{"@type":"WebPage","@id":"https:\/\/ajatutaja.com\/izdelek\/scootride-otroski-skiro-highwaykick-3-led-ash\/","url":"https:\/\/ajatutaja.com\/izdelek\/scootride-otroski-skiro-highwaykick-3-led-ash\/","name":"Scoot&amp;Ride otro\u0161ki skiro Highwaykick 3 LED - Ash | Ajatutaja","isPartOf":{"@id":"https:\/\/ajatutaja.com\/#website"},"primaryImageOfPage":{"@id":"https:\/\/ajatutaja.com\/izdelek\/scootride-otroski-skiro-highwaykick-3-led-ash\/#primaryimage"},"image":{"@id":"https:\/\/ajatutaja.com\/izdelek\/scootride-otroski-skiro-highwaykick-3-led-ash\/#primaryimage"},"thumbnailUrl":"https:\/\/ajatutaja.com\/wp-content\/uploads\/2021\/11\/Skiro-za-otroke-scoot-ride-otroski-skiro-highwaykick-3-ash-led-ajatutaja-0.jpeg","datePublished":"2020-03-14T05:56:15+00:00","dateModified":"2025-05-08T16:52:43+00:00","description":"Scoot&Ride Highwaykick 3 LED je ultralahek skiro z led lu\u010dkami, ki je namenjen je otrokom od 3. do 6. leta starosti otroka. Z nosilnostjo 50kg.","breadcrumb":{"@id":"https:\/\/ajatutaja.com\/izdelek\/scootride-otroski-skiro-highwaykick-3-led-ash\/#breadcrumb"},"inLanguage":"hr","potentialAction":[{"@type":"ReadAction","target":["https:\/\/ajatutaja.com\/izdelek\/scootride-otroski-skiro-highwaykick-3-led-ash\/"]}]},{"@type":"ImageObject","inLanguage":"hr","@id":"https:\/\/ajatutaja.com\/izdelek\/scootride-otroski-skiro-highwaykick-3-led-ash\/#primaryimage","url":"https:\/\/ajatutaja.com\/wp-content\/uploads\/2021\/11\/Skiro-za-otroke-scoot-ride-otroski-skiro-highwaykick-3-ash-led-ajatutaja-0.jpeg","contentUrl":"https:\/\/ajatutaja.com\/wp-content\/uploads\/2021\/11\/Skiro-za-otroke-scoot-ride-otroski-skiro-highwaykick-3-ash-led-ajatutaja-0.jpeg","width":800,"height":800},{"@type":"BreadcrumbList","@id":"https:\/\/ajatutaja.com\/izdelek\/scootride-otroski-skiro-highwaykick-3-led-ash\/#breadcrumb","itemListElement":[{"@type":"ListItem","position":1,"name":"Home","item":"https:\/\/ajatutaja.com\/hr\/"},{"@type":"ListItem","position":2,"name":"Trgovina","item":"https:\/\/ajatutaja.com\/hr\/trgovina\/"},{"@type":"ListItem","position":3,"name":"Scoot&amp;Ride otro\u0161ki skiro Highwaykick 3 LED &#8211; Ash"}]},{"@type":"WebSite","@id":"https:\/\/ajatutaja.com\/#website","url":"https:\/\/ajatutaja.com\/","name":"Ajatutaja","description":"Otro\u0161ka spletna trgovina AJATUTAJA","publisher":{"@id":"https:\/\/ajatutaja.com\/#organization"},"potentialAction":[{"@type":"SearchAction","target":{"@type":"EntryPoint","urlTemplate":"https:\/\/ajatutaja.com\/?s={search_term_string}"},"query-input":{"@type":"PropertyValueSpecification","valueRequired":true,"valueName":"search_term_string"}}],"inLanguage":"hr"},{"@type":"Organization","@id":"https:\/\/ajatutaja.com\/#organization","name":"Ajatutaja","url":"https:\/\/ajatutaja.com\/","logo":{"@type":"ImageObject","inLanguage":"hr","@id":"https:\/\/ajatutaja.com\/#\/schema\/logo\/image\/","url":"https:\/\/ajatutaja.com\/wp-content\/uploads\/2021\/10\/logo.png","contentUrl":"https:\/\/ajatutaja.com\/wp-content\/uploads\/2021\/10\/logo.png","width":555,"height":150,"caption":"Ajatutaja"},"image":{"@id":"https:\/\/ajatutaja.com\/#\/schema\/logo\/image\/"}}]}},"brands":[{"id":2409,"name":"Potepanje","slug":"potepanje"},{"id":2428,"name":"Scoot&amp;Ride","slug":"scootride"}],"_links":{"self":[{"href":"https:\/\/ajatutaja.com\/hr\/wp-json\/wp\/v2\/product\/18590","targetHints":{"allow":["GET"]}}],"collection":[{"href":"https:\/\/ajatutaja.com\/hr\/wp-json\/wp\/v2\/product"}],"about":[{"href":"https:\/\/ajatutaja.com\/hr\/wp-json\/wp\/v2\/types\/product"}],"wp:featuredmedia":[{"embeddable":true,"href":"https:\/\/ajatutaja.com\/hr\/wp-json\/wp\/v2\/media\/18576"}],"wp:attachment":[{"href":"https:\/\/ajatutaja.com\/hr\/wp-json\/wp\/v2\/media?parent=18590"}],"wp:term":[{"taxonomy":"pwb-brand","embeddable":true,"href":"https:\/\/ajatutaja.com\/hr\/wp-json\/wp\/v2\/pwb-brand?post=18590"},{"taxonomy":"product_brand","embeddable":true,"href":"https:\/\/ajatutaja.com\/hr\/wp-json\/wp\/v2\/product_brand?post=18590"},{"taxonomy":"product_cat","embeddable":true,"href":"https:\/\/ajatutaja.com\/hr\/wp-json\/wp\/v2\/product_cat?post=18590"},{"taxonomy":"product_tag","embeddable":true,"href":"https:\/\/ajatutaja.com\/hr\/wp-json\/wp\/v2\/product_tag?post=18590"}],"curies":[{"name":"wp","href":"https:\/\/api.w.org\/{rel}","templated":true}]}}