{"id":18549,"date":"2024-03-13T13:43:21","date_gmt":"2024-03-13T12:43:21","guid":{"rendered":"https:\/\/ajatutaja.com\/izdelek\/legice-za-dojencka-pentlja\/"},"modified":"2026-02-01T09:27:53","modified_gmt":"2026-02-01T08:27:53","slug":"legice-za-dojencka-pentlja","status":"publish","type":"product","link":"https:\/\/ajatutaja.com\/hr\/proizvod\/legice-za-dojencka-pentlja\/","title":{"rendered":"Legice za dojen\u010dka Lupo Baby &#8211; Pentlja"},"content":{"rendered":"<p>[vc_row][vc_column][vc_column_text]Simpati\u010dne in izredno udobne legice za dojen\u010dka Lupo Baby bodo poskrbele, da se mal\u010dek neovirano plazi, te\u010de in igra.<\/p>\n<p>Surovinska sestava: 68 % Bomba\u017e, 29 % Polyamid, 3% Elastan<\/p>\n<p>Poreklo: Brazilija<\/p>\n<p>Vzdr\u017eevanje: Priporo\u010deno je ro\u010dno pranje vendar se izdelek lahko pere v pralnem stroju na programu za ob\u010dutljivo perilo pri nizkih temperaturah (max 30 \u00b0C) in brez uporabe agresivnih pra\u0161kov.[\/vc_column_text][\/vc_column][\/vc_row]<\/p>\n","protected":false},"excerpt":{"rendered":"<p>Udobne in simpati\u010dne legice Lupo Baby so uporabne dlje \u010dasa. Elasti\u010dnost materiala z veliko vsebnostjo bamba\u017ea namre\u010d omogo\u010da uporabo od 6 meseca do 2 let.<\/p>\n","protected":false},"featured_media":18550,"template":"","meta":[],"pwb-brand":[2700,2696],"product_brand":[],"product_cat":[2609,2692,2742],"product_tag":[4224],"class_list":{"0":"post-18549","1":"product","2":"type-product","3":"status-publish","4":"has-post-thumbnail","6":"pwb-brand-lupo-baby","7":"pwb-brand-moda","8":"product_cat-moda","9":"product_cat-nogavice-in-zabice","10":"product_cat-outlet","11":"product_tag-lupo-baby","13":"first","14":"instock","15":"sale","16":"taxable","17":"shipping-taxable","18":"purchasable","19":"product-type-variable","20":"add-to-wishlist-before_image"},"yoast_head":"<!-- This site is optimized with the Yoast SEO plugin v27.3 - https:\/\/yoast.com\/product\/yoast-seo-wordpress\/ -->\n<title>Legice za dojen\u010dka Lupo Baby - Pentlja | Ajatutaja<\/title>\n<meta name=\"description\" content=\"Udobne in simpati\u010dne legice Lupo Baby so uporabne dlje \u010dasa. Elasti\u010dnost materiala z veliko vsebnostjo bamba\u017ea namre\u010d omogo\u010da uporabo od 6 meseca do 2 let.\" \/>\n<meta name=\"robots\" content=\"index, follow, max-snippet:-1, max-image-preview:large, max-video-preview:-1\" \/>\n<link rel=\"canonical\" href=\"https:\/\/ajatutaja.com\/izdelek\/legice-za-dojencka-pentlja\/\" \/>\n<meta property=\"og:locale\" content=\"hr_HR\" \/>\n<meta property=\"og:type\" content=\"article\" \/>\n<meta property=\"og:title\" content=\"Legice za dojen\u010dka Lupo Baby - Pentlja | Ajatutaja\" \/>\n<meta property=\"og:description\" content=\"Udobne in simpati\u010dne legice Lupo Baby so uporabne dlje \u010dasa. Elasti\u010dnost materiala z veliko vsebnostjo bamba\u017ea namre\u010d omogo\u010da uporabo od 6 meseca do 2 let.\" \/>\n<meta property=\"og:url\" content=\"https:\/\/ajatutaja.com\/izdelek\/legice-za-dojencka-pentlja\/\" \/>\n<meta property=\"og:site_name\" content=\"Ajatutaja\" \/>\n<meta property=\"article:modified_time\" content=\"2026-02-01T08:27:53+00:00\" \/>\n<meta property=\"og:image\" content=\"https:\/\/ajatutaja.com\/wp-content\/uploads\/2021\/11\/13507-800x1000-1.jpg\" \/>\n\t<meta property=\"og:image:width\" content=\"800\" \/>\n\t<meta property=\"og:image:height\" content=\"1000\" \/>\n\t<meta property=\"og:image:type\" content=\"image\/jpeg\" \/>\n<meta name=\"twitter:card\" content=\"summary_large_image\" \/>\n<script type=\"application\/ld+json\" class=\"yoast-schema-graph\">{\"@context\":\"https:\\\/\\\/schema.org\",\"@graph\":[{\"@type\":\"WebPage\",\"@id\":\"https:\\\/\\\/ajatutaja.com\\\/izdelek\\\/legice-za-dojencka-pentlja\\\/\",\"url\":\"https:\\\/\\\/ajatutaja.com\\\/izdelek\\\/legice-za-dojencka-pentlja\\\/\",\"name\":\"Legice za dojen\u010dka Lupo Baby - Pentlja | Ajatutaja\",\"isPartOf\":{\"@id\":\"https:\\\/\\\/ajatutaja.com\\\/#website\"},\"primaryImageOfPage\":{\"@id\":\"https:\\\/\\\/ajatutaja.com\\\/izdelek\\\/legice-za-dojencka-pentlja\\\/#primaryimage\"},\"image\":{\"@id\":\"https:\\\/\\\/ajatutaja.com\\\/izdelek\\\/legice-za-dojencka-pentlja\\\/#primaryimage\"},\"thumbnailUrl\":\"https:\\\/\\\/ajatutaja.com\\\/wp-content\\\/uploads\\\/2021\\\/11\\\/13507-800x1000-1.jpg\",\"datePublished\":\"2024-03-13T12:43:21+00:00\",\"dateModified\":\"2026-02-01T08:27:53+00:00\",\"description\":\"Udobne in simpati\u010dne legice Lupo Baby so uporabne dlje \u010dasa. Elasti\u010dnost materiala z veliko vsebnostjo bamba\u017ea namre\u010d omogo\u010da uporabo od 6 meseca do 2 let.\",\"breadcrumb\":{\"@id\":\"https:\\\/\\\/ajatutaja.com\\\/izdelek\\\/legice-za-dojencka-pentlja\\\/#breadcrumb\"},\"inLanguage\":\"hr\",\"potentialAction\":[{\"@type\":\"ReadAction\",\"target\":[\"https:\\\/\\\/ajatutaja.com\\\/izdelek\\\/legice-za-dojencka-pentlja\\\/\"]}]},{\"@type\":\"ImageObject\",\"inLanguage\":\"hr\",\"@id\":\"https:\\\/\\\/ajatutaja.com\\\/izdelek\\\/legice-za-dojencka-pentlja\\\/#primaryimage\",\"url\":\"https:\\\/\\\/ajatutaja.com\\\/wp-content\\\/uploads\\\/2021\\\/11\\\/13507-800x1000-1.jpg\",\"contentUrl\":\"https:\\\/\\\/ajatutaja.com\\\/wp-content\\\/uploads\\\/2021\\\/11\\\/13507-800x1000-1.jpg\",\"width\":800,\"height\":1000},{\"@type\":\"BreadcrumbList\",\"@id\":\"https:\\\/\\\/ajatutaja.com\\\/izdelek\\\/legice-za-dojencka-pentlja\\\/#breadcrumb\",\"itemListElement\":[{\"@type\":\"ListItem\",\"position\":1,\"name\":\"Home\",\"item\":\"https:\\\/\\\/ajatutaja.com\\\/hr\\\/\"},{\"@type\":\"ListItem\",\"position\":2,\"name\":\"Trgovina\",\"item\":\"https:\\\/\\\/ajatutaja.com\\\/hr\\\/trgovina\\\/\"},{\"@type\":\"ListItem\",\"position\":3,\"name\":\"Legice za dojen\u010dka Lupo Baby &#8211; Pentlja\"}]},{\"@type\":\"WebSite\",\"@id\":\"https:\\\/\\\/ajatutaja.com\\\/#website\",\"url\":\"https:\\\/\\\/ajatutaja.com\\\/\",\"name\":\"Ajatutaja\",\"description\":\"Otro\u0161ka spletna trgovina AJATUTAJA\",\"publisher\":{\"@id\":\"https:\\\/\\\/ajatutaja.com\\\/#organization\"},\"potentialAction\":[{\"@type\":\"SearchAction\",\"target\":{\"@type\":\"EntryPoint\",\"urlTemplate\":\"https:\\\/\\\/ajatutaja.com\\\/?s={search_term_string}\"},\"query-input\":{\"@type\":\"PropertyValueSpecification\",\"valueRequired\":true,\"valueName\":\"search_term_string\"}}],\"inLanguage\":\"hr\"},{\"@type\":\"Organization\",\"@id\":\"https:\\\/\\\/ajatutaja.com\\\/#organization\",\"name\":\"Ajatutaja\",\"url\":\"https:\\\/\\\/ajatutaja.com\\\/\",\"logo\":{\"@type\":\"ImageObject\",\"inLanguage\":\"hr\",\"@id\":\"https:\\\/\\\/ajatutaja.com\\\/#\\\/schema\\\/logo\\\/image\\\/\",\"url\":\"https:\\\/\\\/ajatutaja.com\\\/wp-content\\\/uploads\\\/2021\\\/10\\\/logo.png\",\"contentUrl\":\"https:\\\/\\\/ajatutaja.com\\\/wp-content\\\/uploads\\\/2021\\\/10\\\/logo.png\",\"width\":555,\"height\":150,\"caption\":\"Ajatutaja\"},\"image\":{\"@id\":\"https:\\\/\\\/ajatutaja.com\\\/#\\\/schema\\\/logo\\\/image\\\/\"}}]}<\/script>\n<!-- \/ Yoast SEO plugin. -->","yoast_head_json":{"title":"Legice za dojen\u010dka Lupo Baby - Pentlja | Ajatutaja","description":"Udobne in simpati\u010dne legice Lupo Baby so uporabne dlje \u010dasa. Elasti\u010dnost materiala z veliko vsebnostjo bamba\u017ea namre\u010d omogo\u010da uporabo od 6 meseca do 2 let.","robots":{"index":"index","follow":"follow","max-snippet":"max-snippet:-1","max-image-preview":"max-image-preview:large","max-video-preview":"max-video-preview:-1"},"canonical":"https:\/\/ajatutaja.com\/izdelek\/legice-za-dojencka-pentlja\/","og_locale":"hr_HR","og_type":"article","og_title":"Legice za dojen\u010dka Lupo Baby - Pentlja | Ajatutaja","og_description":"Udobne in simpati\u010dne legice Lupo Baby so uporabne dlje \u010dasa. Elasti\u010dnost materiala z veliko vsebnostjo bamba\u017ea namre\u010d omogo\u010da uporabo od 6 meseca do 2 let.","og_url":"https:\/\/ajatutaja.com\/izdelek\/legice-za-dojencka-pentlja\/","og_site_name":"Ajatutaja","article_modified_time":"2026-02-01T08:27:53+00:00","og_image":[{"width":800,"height":1000,"url":"https:\/\/ajatutaja.com\/wp-content\/uploads\/2021\/11\/13507-800x1000-1.jpg","type":"image\/jpeg"}],"twitter_card":"summary_large_image","schema":{"@context":"https:\/\/schema.org","@graph":[{"@type":"WebPage","@id":"https:\/\/ajatutaja.com\/izdelek\/legice-za-dojencka-pentlja\/","url":"https:\/\/ajatutaja.com\/izdelek\/legice-za-dojencka-pentlja\/","name":"Legice za dojen\u010dka Lupo Baby - Pentlja | Ajatutaja","isPartOf":{"@id":"https:\/\/ajatutaja.com\/#website"},"primaryImageOfPage":{"@id":"https:\/\/ajatutaja.com\/izdelek\/legice-za-dojencka-pentlja\/#primaryimage"},"image":{"@id":"https:\/\/ajatutaja.com\/izdelek\/legice-za-dojencka-pentlja\/#primaryimage"},"thumbnailUrl":"https:\/\/ajatutaja.com\/wp-content\/uploads\/2021\/11\/13507-800x1000-1.jpg","datePublished":"2024-03-13T12:43:21+00:00","dateModified":"2026-02-01T08:27:53+00:00","description":"Udobne in simpati\u010dne legice Lupo Baby so uporabne dlje \u010dasa. Elasti\u010dnost materiala z veliko vsebnostjo bamba\u017ea namre\u010d omogo\u010da uporabo od 6 meseca do 2 let.","breadcrumb":{"@id":"https:\/\/ajatutaja.com\/izdelek\/legice-za-dojencka-pentlja\/#breadcrumb"},"inLanguage":"hr","potentialAction":[{"@type":"ReadAction","target":["https:\/\/ajatutaja.com\/izdelek\/legice-za-dojencka-pentlja\/"]}]},{"@type":"ImageObject","inLanguage":"hr","@id":"https:\/\/ajatutaja.com\/izdelek\/legice-za-dojencka-pentlja\/#primaryimage","url":"https:\/\/ajatutaja.com\/wp-content\/uploads\/2021\/11\/13507-800x1000-1.jpg","contentUrl":"https:\/\/ajatutaja.com\/wp-content\/uploads\/2021\/11\/13507-800x1000-1.jpg","width":800,"height":1000},{"@type":"BreadcrumbList","@id":"https:\/\/ajatutaja.com\/izdelek\/legice-za-dojencka-pentlja\/#breadcrumb","itemListElement":[{"@type":"ListItem","position":1,"name":"Home","item":"https:\/\/ajatutaja.com\/hr\/"},{"@type":"ListItem","position":2,"name":"Trgovina","item":"https:\/\/ajatutaja.com\/hr\/trgovina\/"},{"@type":"ListItem","position":3,"name":"Legice za dojen\u010dka Lupo Baby &#8211; Pentlja"}]},{"@type":"WebSite","@id":"https:\/\/ajatutaja.com\/#website","url":"https:\/\/ajatutaja.com\/","name":"Ajatutaja","description":"Otro\u0161ka spletna trgovina AJATUTAJA","publisher":{"@id":"https:\/\/ajatutaja.com\/#organization"},"potentialAction":[{"@type":"SearchAction","target":{"@type":"EntryPoint","urlTemplate":"https:\/\/ajatutaja.com\/?s={search_term_string}"},"query-input":{"@type":"PropertyValueSpecification","valueRequired":true,"valueName":"search_term_string"}}],"inLanguage":"hr"},{"@type":"Organization","@id":"https:\/\/ajatutaja.com\/#organization","name":"Ajatutaja","url":"https:\/\/ajatutaja.com\/","logo":{"@type":"ImageObject","inLanguage":"hr","@id":"https:\/\/ajatutaja.com\/#\/schema\/logo\/image\/","url":"https:\/\/ajatutaja.com\/wp-content\/uploads\/2021\/10\/logo.png","contentUrl":"https:\/\/ajatutaja.com\/wp-content\/uploads\/2021\/10\/logo.png","width":555,"height":150,"caption":"Ajatutaja"},"image":{"@id":"https:\/\/ajatutaja.com\/#\/schema\/logo\/image\/"}}]}},"brands":[{"id":2700,"name":"Lupo Baby","slug":"lupo-baby"},{"id":2696,"name":"Moda","slug":"moda"}],"_links":{"self":[{"href":"https:\/\/ajatutaja.com\/hr\/wp-json\/wp\/v2\/product\/18549","targetHints":{"allow":["GET"]}}],"collection":[{"href":"https:\/\/ajatutaja.com\/hr\/wp-json\/wp\/v2\/product"}],"about":[{"href":"https:\/\/ajatutaja.com\/hr\/wp-json\/wp\/v2\/types\/product"}],"wp:featuredmedia":[{"embeddable":true,"href":"https:\/\/ajatutaja.com\/hr\/wp-json\/wp\/v2\/media\/18550"}],"wp:attachment":[{"href":"https:\/\/ajatutaja.com\/hr\/wp-json\/wp\/v2\/media?parent=18549"}],"wp:term":[{"taxonomy":"pwb-brand","embeddable":true,"href":"https:\/\/ajatutaja.com\/hr\/wp-json\/wp\/v2\/pwb-brand?post=18549"},{"taxonomy":"product_brand","embeddable":true,"href":"https:\/\/ajatutaja.com\/hr\/wp-json\/wp\/v2\/product_brand?post=18549"},{"taxonomy":"product_cat","embeddable":true,"href":"https:\/\/ajatutaja.com\/hr\/wp-json\/wp\/v2\/product_cat?post=18549"},{"taxonomy":"product_tag","embeddable":true,"href":"https:\/\/ajatutaja.com\/hr\/wp-json\/wp\/v2\/product_tag?post=18549"}],"curies":[{"name":"wp","href":"https:\/\/api.w.org\/{rel}","templated":true}]}}