{"id":18509,"date":"2025-04-01T15:59:43","date_gmt":"2025-04-01T13:59:43","guid":{"rendered":"https:\/\/ajatutaja.com\/izdelek\/abs-kolencniki-za-plazenje-lupo-baby\/"},"modified":"2026-01-19T12:42:14","modified_gmt":"2026-01-19T11:42:14","slug":"abs-kolencniki-za-plazenje-lupo-baby","status":"publish","type":"product","link":"https:\/\/ajatutaja.com\/hr\/proizvod\/abs-kolencniki-za-plazenje-lupo-baby\/","title":{"rendered":"ABS kolen\u010dniki za plazenje Lupo Baby Pink"},"content":{"rendered":"<p>Kolena bodo tako za\u0161\u010ditena, otroku pa se\u00a0pri plazenju ne bo drselo, kar dobro vpliva na motoriko in stabilizacijo kolkov ter kolen. Kolen\u010dnike lahko nadenemo tako na golo nogico, kot preko \u017eabic ali celo hla\u010d.<\/p>\n<p>Na kolen\u010dnikih so posebni nedrsni elementi iz mehke silikonske gume, ki se doli\u010dno oprimejo podlage.<\/p>\n<p>Lastnosti:<\/p>\n<ul>\n<li>Enotna, primerna za velikost nogice od 16-19 ; starost od 6 mesecev pa tja do enega leta.<\/li>\n<li>Sestava: 75% Bomba\u017e, 23% Polyamid, 2% Ostala\u00a0vlakna<\/li>\n<li><a href=\"https:\/\/ajatutaja.com\/wp-content\/uploads\/2015\/09\/VZDRZEVANJE1.png\"><img loading=\"lazy\" decoding=\"async\" class=\"alignnone size-full wp-image-8366\" src=\"https:\/\/ajatutaja.com\/wp-content\/uploads\/2015\/09\/VZDRZEVANJE1.png\" alt=\"\" width=\"167\" height=\"22\" \/><\/a><\/li>\n<\/ul>\n<p>Dr\u017eava porekla: Brazilija<\/p>\n","protected":false},"excerpt":{"rendered":"<p>Kolen\u010dniki za plazenje so narejeni iz mehkega in elasti\u010dnega materiala ter otro\u0161ke nogice\u00a0ne ti\u0161\u010dijo. Primerni\u00a0za otroke, ki se \u0161ele postavljajo na nogice,\u00a0kot tudi za tiste, ki \u017ee veselo korakajo.<\/p>\n<p>Na kolen\u010dnikih so posebni nedrsni elementi iz mehke silikonske gume, ki se odli\u010dno oprimejo podlage.<\/p>\n","protected":false},"featured_media":18510,"template":"","meta":[],"pwb-brand":[2700,2696],"product_brand":[],"product_cat":[2609,2692],"product_tag":[4454,4224],"class_list":{"0":"post-18509","1":"product","2":"type-product","3":"status-publish","4":"has-post-thumbnail","6":"pwb-brand-lupo-baby","7":"pwb-brand-moda","8":"product_cat-moda","9":"product_cat-nogavice-in-zabice","10":"product_tag-kolencniki","11":"product_tag-lupo-baby","13":"first","14":"instock","15":"taxable","16":"shipping-taxable","17":"purchasable","18":"product-type-simple","19":"add-to-wishlist-before_image"},"yoast_head":"<!-- This site is optimized with the Yoast SEO plugin v27.3 - https:\/\/yoast.com\/product\/yoast-seo-wordpress\/ -->\n<title>ABS kolen\u010dniki za plazenje Lupo Baby Pink | Ajatutaja<\/title>\n<meta name=\"description\" content=\"Na kolen\u010dnikih so posebni nedrsni elementi iz mehke silikonske gume, ki se odli\u010dno oprimejo podlage.\" \/>\n<meta name=\"robots\" content=\"index, follow, max-snippet:-1, max-image-preview:large, max-video-preview:-1\" \/>\n<link rel=\"canonical\" href=\"https:\/\/ajatutaja.com\/izdelek\/abs-kolencniki-za-plazenje-lupo-baby\/\" \/>\n<meta property=\"og:locale\" content=\"hr_HR\" \/>\n<meta property=\"og:type\" content=\"article\" \/>\n<meta property=\"og:title\" content=\"ABS kolen\u010dniki za plazenje Lupo Baby Pink | Ajatutaja\" \/>\n<meta property=\"og:description\" content=\"Na kolen\u010dnikih so posebni nedrsni elementi iz mehke silikonske gume, ki se odli\u010dno oprimejo podlage.\" \/>\n<meta property=\"og:url\" content=\"https:\/\/ajatutaja.com\/izdelek\/abs-kolencniki-za-plazenje-lupo-baby\/\" \/>\n<meta property=\"og:site_name\" content=\"Ajatutaja\" \/>\n<meta property=\"article:modified_time\" content=\"2026-01-19T11:42:14+00:00\" \/>\n<meta property=\"og:image\" content=\"https:\/\/ajatutaja.com\/wp-content\/uploads\/2021\/11\/ABS-nedrsni-kolencniki-13000-017-4620-roza-ovcka-ajatutaja-e1583424105689.jpg\" \/>\n\t<meta property=\"og:image:width\" content=\"600\" \/>\n\t<meta property=\"og:image:height\" content=\"750\" \/>\n\t<meta property=\"og:image:type\" content=\"image\/jpeg\" \/>\n<meta name=\"twitter:card\" content=\"summary_large_image\" \/>\n<script type=\"application\/ld+json\" class=\"yoast-schema-graph\">{\"@context\":\"https:\\\/\\\/schema.org\",\"@graph\":[{\"@type\":\"WebPage\",\"@id\":\"https:\\\/\\\/ajatutaja.com\\\/izdelek\\\/abs-kolencniki-za-plazenje-lupo-baby\\\/\",\"url\":\"https:\\\/\\\/ajatutaja.com\\\/izdelek\\\/abs-kolencniki-za-plazenje-lupo-baby\\\/\",\"name\":\"ABS kolen\u010dniki za plazenje Lupo Baby Pink | Ajatutaja\",\"isPartOf\":{\"@id\":\"https:\\\/\\\/ajatutaja.com\\\/#website\"},\"primaryImageOfPage\":{\"@id\":\"https:\\\/\\\/ajatutaja.com\\\/izdelek\\\/abs-kolencniki-za-plazenje-lupo-baby\\\/#primaryimage\"},\"image\":{\"@id\":\"https:\\\/\\\/ajatutaja.com\\\/izdelek\\\/abs-kolencniki-za-plazenje-lupo-baby\\\/#primaryimage\"},\"thumbnailUrl\":\"https:\\\/\\\/ajatutaja.com\\\/wp-content\\\/uploads\\\/2021\\\/11\\\/ABS-nedrsni-kolencniki-13000-017-4620-roza-ovcka-ajatutaja-e1583424105689.jpg\",\"datePublished\":\"2025-04-01T13:59:43+00:00\",\"dateModified\":\"2026-01-19T11:42:14+00:00\",\"description\":\"Na kolen\u010dnikih so posebni nedrsni elementi iz mehke silikonske gume, ki se odli\u010dno oprimejo podlage.\",\"breadcrumb\":{\"@id\":\"https:\\\/\\\/ajatutaja.com\\\/izdelek\\\/abs-kolencniki-za-plazenje-lupo-baby\\\/#breadcrumb\"},\"inLanguage\":\"hr\",\"potentialAction\":[{\"@type\":\"ReadAction\",\"target\":[\"https:\\\/\\\/ajatutaja.com\\\/izdelek\\\/abs-kolencniki-za-plazenje-lupo-baby\\\/\"]}]},{\"@type\":\"ImageObject\",\"inLanguage\":\"hr\",\"@id\":\"https:\\\/\\\/ajatutaja.com\\\/izdelek\\\/abs-kolencniki-za-plazenje-lupo-baby\\\/#primaryimage\",\"url\":\"https:\\\/\\\/ajatutaja.com\\\/wp-content\\\/uploads\\\/2021\\\/11\\\/ABS-nedrsni-kolencniki-13000-017-4620-roza-ovcka-ajatutaja-e1583424105689.jpg\",\"contentUrl\":\"https:\\\/\\\/ajatutaja.com\\\/wp-content\\\/uploads\\\/2021\\\/11\\\/ABS-nedrsni-kolencniki-13000-017-4620-roza-ovcka-ajatutaja-e1583424105689.jpg\",\"width\":600,\"height\":750},{\"@type\":\"BreadcrumbList\",\"@id\":\"https:\\\/\\\/ajatutaja.com\\\/izdelek\\\/abs-kolencniki-za-plazenje-lupo-baby\\\/#breadcrumb\",\"itemListElement\":[{\"@type\":\"ListItem\",\"position\":1,\"name\":\"Home\",\"item\":\"https:\\\/\\\/ajatutaja.com\\\/hr\\\/\"},{\"@type\":\"ListItem\",\"position\":2,\"name\":\"Trgovina\",\"item\":\"https:\\\/\\\/ajatutaja.com\\\/hr\\\/trgovina\\\/\"},{\"@type\":\"ListItem\",\"position\":3,\"name\":\"ABS kolen\u010dniki za plazenje Lupo Baby Pink\"}]},{\"@type\":\"WebSite\",\"@id\":\"https:\\\/\\\/ajatutaja.com\\\/#website\",\"url\":\"https:\\\/\\\/ajatutaja.com\\\/\",\"name\":\"Ajatutaja\",\"description\":\"Otro\u0161ka spletna trgovina AJATUTAJA\",\"publisher\":{\"@id\":\"https:\\\/\\\/ajatutaja.com\\\/#organization\"},\"potentialAction\":[{\"@type\":\"SearchAction\",\"target\":{\"@type\":\"EntryPoint\",\"urlTemplate\":\"https:\\\/\\\/ajatutaja.com\\\/?s={search_term_string}\"},\"query-input\":{\"@type\":\"PropertyValueSpecification\",\"valueRequired\":true,\"valueName\":\"search_term_string\"}}],\"inLanguage\":\"hr\"},{\"@type\":\"Organization\",\"@id\":\"https:\\\/\\\/ajatutaja.com\\\/#organization\",\"name\":\"Ajatutaja\",\"url\":\"https:\\\/\\\/ajatutaja.com\\\/\",\"logo\":{\"@type\":\"ImageObject\",\"inLanguage\":\"hr\",\"@id\":\"https:\\\/\\\/ajatutaja.com\\\/#\\\/schema\\\/logo\\\/image\\\/\",\"url\":\"https:\\\/\\\/ajatutaja.com\\\/wp-content\\\/uploads\\\/2021\\\/10\\\/logo.png\",\"contentUrl\":\"https:\\\/\\\/ajatutaja.com\\\/wp-content\\\/uploads\\\/2021\\\/10\\\/logo.png\",\"width\":555,\"height\":150,\"caption\":\"Ajatutaja\"},\"image\":{\"@id\":\"https:\\\/\\\/ajatutaja.com\\\/#\\\/schema\\\/logo\\\/image\\\/\"}}]}<\/script>\n<!-- \/ Yoast SEO plugin. -->","yoast_head_json":{"title":"ABS kolen\u010dniki za plazenje Lupo Baby Pink | Ajatutaja","description":"Na kolen\u010dnikih so posebni nedrsni elementi iz mehke silikonske gume, ki se odli\u010dno oprimejo podlage.","robots":{"index":"index","follow":"follow","max-snippet":"max-snippet:-1","max-image-preview":"max-image-preview:large","max-video-preview":"max-video-preview:-1"},"canonical":"https:\/\/ajatutaja.com\/izdelek\/abs-kolencniki-za-plazenje-lupo-baby\/","og_locale":"hr_HR","og_type":"article","og_title":"ABS kolen\u010dniki za plazenje Lupo Baby Pink | Ajatutaja","og_description":"Na kolen\u010dnikih so posebni nedrsni elementi iz mehke silikonske gume, ki se odli\u010dno oprimejo podlage.","og_url":"https:\/\/ajatutaja.com\/izdelek\/abs-kolencniki-za-plazenje-lupo-baby\/","og_site_name":"Ajatutaja","article_modified_time":"2026-01-19T11:42:14+00:00","og_image":[{"width":600,"height":750,"url":"https:\/\/ajatutaja.com\/wp-content\/uploads\/2021\/11\/ABS-nedrsni-kolencniki-13000-017-4620-roza-ovcka-ajatutaja-e1583424105689.jpg","type":"image\/jpeg"}],"twitter_card":"summary_large_image","schema":{"@context":"https:\/\/schema.org","@graph":[{"@type":"WebPage","@id":"https:\/\/ajatutaja.com\/izdelek\/abs-kolencniki-za-plazenje-lupo-baby\/","url":"https:\/\/ajatutaja.com\/izdelek\/abs-kolencniki-za-plazenje-lupo-baby\/","name":"ABS kolen\u010dniki za plazenje Lupo Baby Pink | Ajatutaja","isPartOf":{"@id":"https:\/\/ajatutaja.com\/#website"},"primaryImageOfPage":{"@id":"https:\/\/ajatutaja.com\/izdelek\/abs-kolencniki-za-plazenje-lupo-baby\/#primaryimage"},"image":{"@id":"https:\/\/ajatutaja.com\/izdelek\/abs-kolencniki-za-plazenje-lupo-baby\/#primaryimage"},"thumbnailUrl":"https:\/\/ajatutaja.com\/wp-content\/uploads\/2021\/11\/ABS-nedrsni-kolencniki-13000-017-4620-roza-ovcka-ajatutaja-e1583424105689.jpg","datePublished":"2025-04-01T13:59:43+00:00","dateModified":"2026-01-19T11:42:14+00:00","description":"Na kolen\u010dnikih so posebni nedrsni elementi iz mehke silikonske gume, ki se odli\u010dno oprimejo podlage.","breadcrumb":{"@id":"https:\/\/ajatutaja.com\/izdelek\/abs-kolencniki-za-plazenje-lupo-baby\/#breadcrumb"},"inLanguage":"hr","potentialAction":[{"@type":"ReadAction","target":["https:\/\/ajatutaja.com\/izdelek\/abs-kolencniki-za-plazenje-lupo-baby\/"]}]},{"@type":"ImageObject","inLanguage":"hr","@id":"https:\/\/ajatutaja.com\/izdelek\/abs-kolencniki-za-plazenje-lupo-baby\/#primaryimage","url":"https:\/\/ajatutaja.com\/wp-content\/uploads\/2021\/11\/ABS-nedrsni-kolencniki-13000-017-4620-roza-ovcka-ajatutaja-e1583424105689.jpg","contentUrl":"https:\/\/ajatutaja.com\/wp-content\/uploads\/2021\/11\/ABS-nedrsni-kolencniki-13000-017-4620-roza-ovcka-ajatutaja-e1583424105689.jpg","width":600,"height":750},{"@type":"BreadcrumbList","@id":"https:\/\/ajatutaja.com\/izdelek\/abs-kolencniki-za-plazenje-lupo-baby\/#breadcrumb","itemListElement":[{"@type":"ListItem","position":1,"name":"Home","item":"https:\/\/ajatutaja.com\/hr\/"},{"@type":"ListItem","position":2,"name":"Trgovina","item":"https:\/\/ajatutaja.com\/hr\/trgovina\/"},{"@type":"ListItem","position":3,"name":"ABS kolen\u010dniki za plazenje Lupo Baby Pink"}]},{"@type":"WebSite","@id":"https:\/\/ajatutaja.com\/#website","url":"https:\/\/ajatutaja.com\/","name":"Ajatutaja","description":"Otro\u0161ka spletna trgovina AJATUTAJA","publisher":{"@id":"https:\/\/ajatutaja.com\/#organization"},"potentialAction":[{"@type":"SearchAction","target":{"@type":"EntryPoint","urlTemplate":"https:\/\/ajatutaja.com\/?s={search_term_string}"},"query-input":{"@type":"PropertyValueSpecification","valueRequired":true,"valueName":"search_term_string"}}],"inLanguage":"hr"},{"@type":"Organization","@id":"https:\/\/ajatutaja.com\/#organization","name":"Ajatutaja","url":"https:\/\/ajatutaja.com\/","logo":{"@type":"ImageObject","inLanguage":"hr","@id":"https:\/\/ajatutaja.com\/#\/schema\/logo\/image\/","url":"https:\/\/ajatutaja.com\/wp-content\/uploads\/2021\/10\/logo.png","contentUrl":"https:\/\/ajatutaja.com\/wp-content\/uploads\/2021\/10\/logo.png","width":555,"height":150,"caption":"Ajatutaja"},"image":{"@id":"https:\/\/ajatutaja.com\/#\/schema\/logo\/image\/"}}]}},"brands":[{"id":2700,"name":"Lupo Baby","slug":"lupo-baby"},{"id":2696,"name":"Moda","slug":"moda"}],"_links":{"self":[{"href":"https:\/\/ajatutaja.com\/hr\/wp-json\/wp\/v2\/product\/18509","targetHints":{"allow":["GET"]}}],"collection":[{"href":"https:\/\/ajatutaja.com\/hr\/wp-json\/wp\/v2\/product"}],"about":[{"href":"https:\/\/ajatutaja.com\/hr\/wp-json\/wp\/v2\/types\/product"}],"wp:featuredmedia":[{"embeddable":true,"href":"https:\/\/ajatutaja.com\/hr\/wp-json\/wp\/v2\/media\/18510"}],"wp:attachment":[{"href":"https:\/\/ajatutaja.com\/hr\/wp-json\/wp\/v2\/media?parent=18509"}],"wp:term":[{"taxonomy":"pwb-brand","embeddable":true,"href":"https:\/\/ajatutaja.com\/hr\/wp-json\/wp\/v2\/pwb-brand?post=18509"},{"taxonomy":"product_brand","embeddable":true,"href":"https:\/\/ajatutaja.com\/hr\/wp-json\/wp\/v2\/product_brand?post=18509"},{"taxonomy":"product_cat","embeddable":true,"href":"https:\/\/ajatutaja.com\/hr\/wp-json\/wp\/v2\/product_cat?post=18509"},{"taxonomy":"product_tag","embeddable":true,"href":"https:\/\/ajatutaja.com\/hr\/wp-json\/wp\/v2\/product_tag?post=18509"}],"curies":[{"name":"wp","href":"https:\/\/api.w.org\/{rel}","templated":true}]}}