{"id":18502,"date":"2025-04-01T15:02:49","date_gmt":"2025-04-01T13:02:49","guid":{"rendered":"https:\/\/ajatutaja.com\/izdelek\/abs-cezkolenke-lupo-baby-modra\/"},"modified":"2026-03-12T14:41:05","modified_gmt":"2026-03-12T13:41:05","slug":"abs-cezkolenke-lupo-baby-modra","status":"publish","type":"product","link":"https:\/\/ajatutaja.com\/hr\/proizvod\/abs-cezkolenke-lupo-baby-modra\/","title":{"rendered":"ABS \u010dezkolenke Lupo Baby"},"content":{"rendered":"<p>[vc_row][vc_column][vc_column_text]Na kolen\u010dnikih in podplatih so posebni nedrsni elementi iz mehke silikonske gume, ki se doli\u010dno oprimejo podlage. Kolena bodo tako za\u0161\u010ditena, otroku pa se\u00a0pri plazenju ne bo drselo, kar dobro upliva na motoriko in stabilizacijo.<\/p>\n<p>Lastnosti:<\/p>\n<ul>\n<li>Enotna, primerna za velikost nogice od 16-19 ; starost od 6 mesecev pa tja do enega leta.<\/li>\n<li>Sestava: 76% Bomba\u017e, 22% Polyamid, 2% Ostala vlakna<\/li>\n<li>Dr\u017eava porekla: Brazilija<\/li>\n<\/ul>\n<p>[\/vc_column_text][\/vc_column][\/vc_row]<\/p>\n","protected":false},"excerpt":{"rendered":"<p>ABS-ke z dokolen\u010dniki so simpati\u010dne visoke dokolenkice za mal\u010dke &#8211; z nedrsnimi nogavi\u010dkami in kolen\u010dniki v enem.Narejene so iz mehkega in prijetnega materiala ter otro\u0161ke nogice\u00a0ne ti\u0161\u010dijo.<\/p>\n","protected":false},"featured_media":18503,"template":"","meta":[],"pwb-brand":[2700,2696],"product_brand":[],"product_cat":[2609,2692],"product_tag":[4454,4224],"class_list":{"0":"post-18502","1":"product","2":"type-product","3":"status-publish","4":"has-post-thumbnail","6":"pwb-brand-lupo-baby","7":"pwb-brand-moda","8":"product_cat-moda","9":"product_cat-nogavice-in-zabice","10":"product_tag-kolencniki","11":"product_tag-lupo-baby","13":"first","14":"instock","15":"taxable","16":"shipping-taxable","17":"purchasable","18":"product-type-simple","19":"add-to-wishlist-before_image"},"yoast_head":"<!-- This site is optimized with the Yoast SEO plugin v27.3 - https:\/\/yoast.com\/product\/yoast-seo-wordpress\/ -->\n<title>ABS \u010dezkolenke Lupo Baby | Ajatutaja<\/title>\n<meta name=\"description\" content=\"ABS-ke z dokolen\u010dniki so simpati\u010dne visoke dokolenkice za mal\u010dke - z nedrsnimi nogavi\u010dkami in kolen\u010dniki v enem.\" \/>\n<meta name=\"robots\" content=\"index, follow, max-snippet:-1, max-image-preview:large, max-video-preview:-1\" \/>\n<link rel=\"canonical\" href=\"https:\/\/ajatutaja.com\/hr\/proizvod\/abs-cezkolenke-lupo-baby-modra\/\" \/>\n<meta property=\"og:locale\" content=\"hr_HR\" \/>\n<meta property=\"og:type\" content=\"article\" \/>\n<meta property=\"og:title\" content=\"ABS \u010dezkolenke Lupo Baby | Ajatutaja\" \/>\n<meta property=\"og:description\" content=\"ABS-ke z dokolen\u010dniki so simpati\u010dne visoke dokolenkice za mal\u010dke - z nedrsnimi nogavi\u010dkami in kolen\u010dniki v enem.\" \/>\n<meta property=\"og:url\" content=\"https:\/\/ajatutaja.com\/hr\/proizvod\/abs-cezkolenke-lupo-baby-modra\/\" \/>\n<meta property=\"og:site_name\" content=\"Ajatutaja\" \/>\n<meta property=\"article:modified_time\" content=\"2026-03-12T13:41:05+00:00\" \/>\n<meta property=\"og:image\" content=\"https:\/\/ajatutaja.com\/wp-content\/uploads\/2021\/11\/11330_1_1120_1-800x1000-1.jpg\" \/>\n\t<meta property=\"og:image:width\" content=\"600\" \/>\n\t<meta property=\"og:image:height\" content=\"750\" \/>\n\t<meta property=\"og:image:type\" content=\"image\/jpeg\" \/>\n<meta name=\"twitter:card\" content=\"summary_large_image\" \/>\n<script type=\"application\/ld+json\" class=\"yoast-schema-graph\">{\"@context\":\"https:\\\/\\\/schema.org\",\"@graph\":[{\"@type\":\"WebPage\",\"@id\":\"https:\\\/\\\/ajatutaja.com\\\/hr\\\/proizvod\\\/abs-cezkolenke-lupo-baby-modra\\\/\",\"url\":\"https:\\\/\\\/ajatutaja.com\\\/hr\\\/proizvod\\\/abs-cezkolenke-lupo-baby-modra\\\/\",\"name\":\"ABS \u010dezkolenke Lupo Baby | Ajatutaja\",\"isPartOf\":{\"@id\":\"https:\\\/\\\/ajatutaja.com\\\/#website\"},\"primaryImageOfPage\":{\"@id\":\"https:\\\/\\\/ajatutaja.com\\\/hr\\\/proizvod\\\/abs-cezkolenke-lupo-baby-modra\\\/#primaryimage\"},\"image\":{\"@id\":\"https:\\\/\\\/ajatutaja.com\\\/hr\\\/proizvod\\\/abs-cezkolenke-lupo-baby-modra\\\/#primaryimage\"},\"thumbnailUrl\":\"https:\\\/\\\/ajatutaja.com\\\/wp-content\\\/uploads\\\/2021\\\/11\\\/11330_1_1120_1-800x1000-1.jpg\",\"datePublished\":\"2025-04-01T13:02:49+00:00\",\"dateModified\":\"2026-03-12T13:41:05+00:00\",\"description\":\"ABS-ke z dokolen\u010dniki so simpati\u010dne visoke dokolenkice za mal\u010dke - z nedrsnimi nogavi\u010dkami in kolen\u010dniki v enem.\",\"breadcrumb\":{\"@id\":\"https:\\\/\\\/ajatutaja.com\\\/hr\\\/proizvod\\\/abs-cezkolenke-lupo-baby-modra\\\/#breadcrumb\"},\"inLanguage\":\"hr\",\"potentialAction\":[{\"@type\":\"ReadAction\",\"target\":[\"https:\\\/\\\/ajatutaja.com\\\/hr\\\/proizvod\\\/abs-cezkolenke-lupo-baby-modra\\\/\"]}]},{\"@type\":\"ImageObject\",\"inLanguage\":\"hr\",\"@id\":\"https:\\\/\\\/ajatutaja.com\\\/hr\\\/proizvod\\\/abs-cezkolenke-lupo-baby-modra\\\/#primaryimage\",\"url\":\"https:\\\/\\\/ajatutaja.com\\\/wp-content\\\/uploads\\\/2021\\\/11\\\/11330_1_1120_1-800x1000-1.jpg\",\"contentUrl\":\"https:\\\/\\\/ajatutaja.com\\\/wp-content\\\/uploads\\\/2021\\\/11\\\/11330_1_1120_1-800x1000-1.jpg\",\"width\":600,\"height\":750},{\"@type\":\"BreadcrumbList\",\"@id\":\"https:\\\/\\\/ajatutaja.com\\\/hr\\\/proizvod\\\/abs-cezkolenke-lupo-baby-modra\\\/#breadcrumb\",\"itemListElement\":[{\"@type\":\"ListItem\",\"position\":1,\"name\":\"Home\",\"item\":\"https:\\\/\\\/ajatutaja.com\\\/hr\\\/\"},{\"@type\":\"ListItem\",\"position\":2,\"name\":\"Trgovina\",\"item\":\"https:\\\/\\\/ajatutaja.com\\\/hr\\\/trgovina\\\/\"},{\"@type\":\"ListItem\",\"position\":3,\"name\":\"ABS \u010dezkolenke Lupo Baby\"}]},{\"@type\":\"WebSite\",\"@id\":\"https:\\\/\\\/ajatutaja.com\\\/#website\",\"url\":\"https:\\\/\\\/ajatutaja.com\\\/\",\"name\":\"Ajatutaja\",\"description\":\"Otro\u0161ka spletna trgovina AJATUTAJA\",\"publisher\":{\"@id\":\"https:\\\/\\\/ajatutaja.com\\\/#organization\"},\"potentialAction\":[{\"@type\":\"SearchAction\",\"target\":{\"@type\":\"EntryPoint\",\"urlTemplate\":\"https:\\\/\\\/ajatutaja.com\\\/?s={search_term_string}\"},\"query-input\":{\"@type\":\"PropertyValueSpecification\",\"valueRequired\":true,\"valueName\":\"search_term_string\"}}],\"inLanguage\":\"hr\"},{\"@type\":\"Organization\",\"@id\":\"https:\\\/\\\/ajatutaja.com\\\/#organization\",\"name\":\"Ajatutaja\",\"url\":\"https:\\\/\\\/ajatutaja.com\\\/\",\"logo\":{\"@type\":\"ImageObject\",\"inLanguage\":\"hr\",\"@id\":\"https:\\\/\\\/ajatutaja.com\\\/#\\\/schema\\\/logo\\\/image\\\/\",\"url\":\"https:\\\/\\\/ajatutaja.com\\\/wp-content\\\/uploads\\\/2021\\\/10\\\/logo.png\",\"contentUrl\":\"https:\\\/\\\/ajatutaja.com\\\/wp-content\\\/uploads\\\/2021\\\/10\\\/logo.png\",\"width\":555,\"height\":150,\"caption\":\"Ajatutaja\"},\"image\":{\"@id\":\"https:\\\/\\\/ajatutaja.com\\\/#\\\/schema\\\/logo\\\/image\\\/\"}}]}<\/script>\n<!-- \/ Yoast SEO plugin. -->","yoast_head_json":{"title":"ABS \u010dezkolenke Lupo Baby | Ajatutaja","description":"ABS-ke z dokolen\u010dniki so simpati\u010dne visoke dokolenkice za mal\u010dke - z nedrsnimi nogavi\u010dkami in kolen\u010dniki v enem.","robots":{"index":"index","follow":"follow","max-snippet":"max-snippet:-1","max-image-preview":"max-image-preview:large","max-video-preview":"max-video-preview:-1"},"canonical":"https:\/\/ajatutaja.com\/hr\/proizvod\/abs-cezkolenke-lupo-baby-modra\/","og_locale":"hr_HR","og_type":"article","og_title":"ABS \u010dezkolenke Lupo Baby | Ajatutaja","og_description":"ABS-ke z dokolen\u010dniki so simpati\u010dne visoke dokolenkice za mal\u010dke - z nedrsnimi nogavi\u010dkami in kolen\u010dniki v enem.","og_url":"https:\/\/ajatutaja.com\/hr\/proizvod\/abs-cezkolenke-lupo-baby-modra\/","og_site_name":"Ajatutaja","article_modified_time":"2026-03-12T13:41:05+00:00","og_image":[{"width":600,"height":750,"url":"https:\/\/ajatutaja.com\/wp-content\/uploads\/2021\/11\/11330_1_1120_1-800x1000-1.jpg","type":"image\/jpeg"}],"twitter_card":"summary_large_image","schema":{"@context":"https:\/\/schema.org","@graph":[{"@type":"WebPage","@id":"https:\/\/ajatutaja.com\/hr\/proizvod\/abs-cezkolenke-lupo-baby-modra\/","url":"https:\/\/ajatutaja.com\/hr\/proizvod\/abs-cezkolenke-lupo-baby-modra\/","name":"ABS \u010dezkolenke Lupo Baby | Ajatutaja","isPartOf":{"@id":"https:\/\/ajatutaja.com\/#website"},"primaryImageOfPage":{"@id":"https:\/\/ajatutaja.com\/hr\/proizvod\/abs-cezkolenke-lupo-baby-modra\/#primaryimage"},"image":{"@id":"https:\/\/ajatutaja.com\/hr\/proizvod\/abs-cezkolenke-lupo-baby-modra\/#primaryimage"},"thumbnailUrl":"https:\/\/ajatutaja.com\/wp-content\/uploads\/2021\/11\/11330_1_1120_1-800x1000-1.jpg","datePublished":"2025-04-01T13:02:49+00:00","dateModified":"2026-03-12T13:41:05+00:00","description":"ABS-ke z dokolen\u010dniki so simpati\u010dne visoke dokolenkice za mal\u010dke - z nedrsnimi nogavi\u010dkami in kolen\u010dniki v enem.","breadcrumb":{"@id":"https:\/\/ajatutaja.com\/hr\/proizvod\/abs-cezkolenke-lupo-baby-modra\/#breadcrumb"},"inLanguage":"hr","potentialAction":[{"@type":"ReadAction","target":["https:\/\/ajatutaja.com\/hr\/proizvod\/abs-cezkolenke-lupo-baby-modra\/"]}]},{"@type":"ImageObject","inLanguage":"hr","@id":"https:\/\/ajatutaja.com\/hr\/proizvod\/abs-cezkolenke-lupo-baby-modra\/#primaryimage","url":"https:\/\/ajatutaja.com\/wp-content\/uploads\/2021\/11\/11330_1_1120_1-800x1000-1.jpg","contentUrl":"https:\/\/ajatutaja.com\/wp-content\/uploads\/2021\/11\/11330_1_1120_1-800x1000-1.jpg","width":600,"height":750},{"@type":"BreadcrumbList","@id":"https:\/\/ajatutaja.com\/hr\/proizvod\/abs-cezkolenke-lupo-baby-modra\/#breadcrumb","itemListElement":[{"@type":"ListItem","position":1,"name":"Home","item":"https:\/\/ajatutaja.com\/hr\/"},{"@type":"ListItem","position":2,"name":"Trgovina","item":"https:\/\/ajatutaja.com\/hr\/trgovina\/"},{"@type":"ListItem","position":3,"name":"ABS \u010dezkolenke Lupo Baby"}]},{"@type":"WebSite","@id":"https:\/\/ajatutaja.com\/#website","url":"https:\/\/ajatutaja.com\/","name":"Ajatutaja","description":"Otro\u0161ka spletna trgovina AJATUTAJA","publisher":{"@id":"https:\/\/ajatutaja.com\/#organization"},"potentialAction":[{"@type":"SearchAction","target":{"@type":"EntryPoint","urlTemplate":"https:\/\/ajatutaja.com\/?s={search_term_string}"},"query-input":{"@type":"PropertyValueSpecification","valueRequired":true,"valueName":"search_term_string"}}],"inLanguage":"hr"},{"@type":"Organization","@id":"https:\/\/ajatutaja.com\/#organization","name":"Ajatutaja","url":"https:\/\/ajatutaja.com\/","logo":{"@type":"ImageObject","inLanguage":"hr","@id":"https:\/\/ajatutaja.com\/#\/schema\/logo\/image\/","url":"https:\/\/ajatutaja.com\/wp-content\/uploads\/2021\/10\/logo.png","contentUrl":"https:\/\/ajatutaja.com\/wp-content\/uploads\/2021\/10\/logo.png","width":555,"height":150,"caption":"Ajatutaja"},"image":{"@id":"https:\/\/ajatutaja.com\/#\/schema\/logo\/image\/"}}]}},"brands":[{"id":2700,"name":"Lupo Baby","slug":"lupo-baby"},{"id":2696,"name":"Moda","slug":"moda"}],"_links":{"self":[{"href":"https:\/\/ajatutaja.com\/hr\/wp-json\/wp\/v2\/product\/18502","targetHints":{"allow":["GET"]}}],"collection":[{"href":"https:\/\/ajatutaja.com\/hr\/wp-json\/wp\/v2\/product"}],"about":[{"href":"https:\/\/ajatutaja.com\/hr\/wp-json\/wp\/v2\/types\/product"}],"wp:featuredmedia":[{"embeddable":true,"href":"https:\/\/ajatutaja.com\/hr\/wp-json\/wp\/v2\/media\/18503"}],"wp:attachment":[{"href":"https:\/\/ajatutaja.com\/hr\/wp-json\/wp\/v2\/media?parent=18502"}],"wp:term":[{"taxonomy":"pwb-brand","embeddable":true,"href":"https:\/\/ajatutaja.com\/hr\/wp-json\/wp\/v2\/pwb-brand?post=18502"},{"taxonomy":"product_brand","embeddable":true,"href":"https:\/\/ajatutaja.com\/hr\/wp-json\/wp\/v2\/product_brand?post=18502"},{"taxonomy":"product_cat","embeddable":true,"href":"https:\/\/ajatutaja.com\/hr\/wp-json\/wp\/v2\/product_cat?post=18502"},{"taxonomy":"product_tag","embeddable":true,"href":"https:\/\/ajatutaja.com\/hr\/wp-json\/wp\/v2\/product_tag?post=18502"}],"curies":[{"name":"wp","href":"https:\/\/api.w.org\/{rel}","templated":true}]}}