{"id":18496,"date":"2020-03-02T15:01:04","date_gmt":"2020-03-02T14:01:04","guid":{"rendered":"https:\/\/ajatutaja.com\/izdelek\/koala-babycare-silver-cups-pokrovcki-za-prsne-bradavice\/"},"modified":"2026-04-09T16:02:24","modified_gmt":"2026-04-09T14:02:24","slug":"koala-babycare-silver-cups-pokrovcki-za-prsne-bradavice","status":"publish","type":"product","link":"https:\/\/ajatutaja.com\/hr\/proizvod\/koala-babycare-silver-cups-pokrovcki-za-prsne-bradavice\/","title":{"rendered":"Koala Babycare\u00ae Silver Cups pokrov\u010dki za prsne bradavice &#8211; Regular"},"content":{"rendered":"<p>[vc_row][vc_column][vc_column_text]S pokrov\u010dki\u00a0za bradavice Koala Silver Cups Trilaminate Regular lahko, prepre\u010dite in zdravite to te\u017eavo ter svoje prsi za\u0161\u010ditite pred zunanjimi bakterijami. Srebrni pokrov\u010dki laj\u0161ajo bole\u010dino v prvih 24\/48 urah.<\/p>\n<h4>Lastnosti Koala Silver Cups Trilaminate Regular :<\/h4>\n<ul>\n<li>Velikost. REGULAR (Premer: 4,3 cm \/ Vi\u0161ina: 0,65 cm)<\/li>\n<li>Trilaminatna sestava: 2x srebro 925 + 1x baker \u2013 brez niklja, brez spro\u0161\u010danja \u0161kodljivih snovi.<\/li>\n<li>Naravna za\u0161\u010dita: Protibakterijsko delovanje za podporo naravnemu ravnovesju ko\u017ee.<\/li>\n<li>Diskretna uporaba: Tanka in lahka oblika, skoraj nevidna pod obla\u010dili.<\/li>\n<li>Trajnostna izbira: Ve\u010dkratna uporaba, dolga \u017eivljenjska doba, primerne tudi za ve\u010d otrok.<\/li>\n<li>Enostavno vzdr\u017eevanje: Ni potrebe po sterilizaciji med posameznimi uporabami.<\/li>\n<li>Preprosto shranjevanje: V \u0161katlici je prilo\u017eena higieni\u010dna platnena vre\u010dka za pokrov\u010dke<\/li>\n<li>Italijanska kakovost: Ro\u010dno izdelano v Italiji in dermatolo\u0161ko testirano.<\/li>\n<\/ul>\n<p>Uporaba Koala Silver Cups pokrov\u010dkov ima \u0161tevilne prednosti, predvsem pa nobene kontraindikacije za otroka. Izdelek ne vsebuje niklja, ob uporabi ne spro\u010da nobenih \u0161kodljivih snovi za otroka, ne spreminja okusa bradavice ali mleka in jih med eno in drugo uporabo ni potrebno sterilizirati.<\/p>\n<p>Upo\u0161tevajte navodila za uporabo,\u00a0\u010di\u0161\u010denje in\u00a0shranjevanje. Pred uporabo natan\u010dno preberite prilo\u017een priro\u010dnik.<\/p>\n<p><strong>Zakaj uporabljati pokrov\u010dke Koala Silver Cups?<\/strong><\/p>\n<ul>\n<li>Narejeni so iz \u010distega srebra 925 in osrednje plasti bakra ne vsebujejo niklja. Srebro se \u017ee ve\u010d kot stoletje uporablja v medicini za zdravljenje rayli\u010dnih vrst ko\u017enih bolezni, v prisotnosti vlage spro\u0161\u010da protibakterijsko delovanje.<\/li>\n<li>Njihova oblika se popolnoma oprime prsi in bradavice za\u0161\u010diti pred morebitnim drgnjenjem.<\/li>\n<li>Uporava pokrov\u010dkov Silver Cups pripomore k okolju in prihranku. \u010ce pokrov\u010dke pravilno uporabljate ter shranjujete jih boste lahko uporabljali vedno, pri \u010demer se izognete nekupu drugih izdelkov za enkratno uporabo.<\/li>\n<\/ul>\n<p>[\/vc_column_text][\/vc_column][\/vc_row]<\/p>\n","protected":false},"excerpt":{"rendered":"<p style=\"text-align: justify\">Koala Silver Cups Trilaminate &#8211; Regular so srebrni pokrov\u010dki, namenjeni pokrivanju bradavic v prvih tednih dojenja &#8211; med podoji. Ti laj\u0161ajo in prepre\u010dujejo nastanek neprijetnih bole\u010din ter razpok na prsnih bradavicah, s katerimi se doje\u010de mamice pogosto sre\u010dujejo. Gre za preproste diske z anatomsko obliko, ki nudijo popoln oprijem bradavice, hkrati pa so zelo lahki in tanki, zato so diskretni in jih lahko nosite, ne da bi jih kdo opazil.<\/p>\n<p style=\"text-align: justify\">Pokrov\u010dki za prsne bradavice Koala Babycare so med redkimi na trgu, ki so izdelani iz \u010distega srebra 925 in notranje &#8211; osrednje plasti bakra. \u010cisto srebro ima namre\u010d antibakterijski, dezinfekcijski in zdravilni u\u010dinek. Zagotavljajo olaj\u0161anje in pomagajo pri razpokah, da se zacelijo v \u010dimkraj\u0161em \u010dasu.<\/p>\n","protected":false},"featured_media":49890,"template":"","meta":[],"pwb-brand":[2268,2302],"product_brand":[],"product_cat":[2265,2288],"product_tag":[4045],"class_list":{"0":"post-18496","1":"product","2":"type-product","3":"status-publish","4":"has-post-thumbnail","6":"pwb-brand-dojenje","7":"pwb-brand-koala-babycare","8":"product_cat-dojenje","9":"product_cat-pripomocki-za-dojenje","10":"product_tag-koala-babycare","12":"first","13":"instock","14":"taxable","15":"shipping-taxable","16":"purchasable","17":"product-type-simple","18":"add-to-wishlist-before_image"},"yoast_head":"<!-- This site is optimized with the Yoast SEO plugin v27.3 - https:\/\/yoast.com\/product\/yoast-seo-wordpress\/ -->\n<title>Koala Babycare\u00ae Silver Cups pokrov\u010dki za prsne bradavice - Regular | Ajatutaja<\/title>\n<meta name=\"description\" content=\"Zahvaljujo\u010d pokrov\u010dkom za bradavice Koala Silver Cups iz \u010distega srebra 925, lahko za\u0161\u010ditite in zdravite bradavice in svoje prsi za\u0161\u010ditite pred bakterijami.\" \/>\n<meta name=\"robots\" content=\"index, follow, max-snippet:-1, max-image-preview:large, max-video-preview:-1\" \/>\n<link rel=\"canonical\" href=\"https:\/\/ajatutaja.com\/izdelek\/koala-babycare-silver-cups-pokrovcki-za-prsne-bradavice\/\" \/>\n<meta property=\"og:locale\" content=\"hr_HR\" \/>\n<meta property=\"og:type\" content=\"article\" \/>\n<meta property=\"og:title\" content=\"Koala Babycare\u00ae Silver Cups pokrov\u010dki za prsne bradavice - Regular | Ajatutaja\" \/>\n<meta property=\"og:description\" content=\"Zahvaljujo\u010d pokrov\u010dkom za bradavice Koala Silver Cups iz \u010distega srebra 925, lahko za\u0161\u010ditite in zdravite bradavice in svoje prsi za\u0161\u010ditite pred bakterijami.\" \/>\n<meta property=\"og:url\" content=\"https:\/\/ajatutaja.com\/izdelek\/koala-babycare-silver-cups-pokrovcki-za-prsne-bradavice\/\" \/>\n<meta property=\"og:site_name\" content=\"Ajatutaja\" \/>\n<meta property=\"article:modified_time\" content=\"2026-04-09T14:02:24+00:00\" \/>\n<meta property=\"og:image\" content=\"https:\/\/ajatutaja.com\/wp-content\/uploads\/2020\/03\/Srebrni-nastavki-za-bradavice-koala-silver-cups-ajatutaja-1.jpg\" \/>\n\t<meta property=\"og:image:width\" content=\"1500\" \/>\n\t<meta property=\"og:image:height\" content=\"1500\" \/>\n\t<meta property=\"og:image:type\" content=\"image\/jpeg\" \/>\n<meta name=\"twitter:card\" content=\"summary_large_image\" \/>\n<meta name=\"twitter:label1\" content=\"Procijenjeno vrijeme \u010ditanja\" \/>\n\t<meta name=\"twitter:data1\" content=\"1 minuta\" \/>\n<script type=\"application\/ld+json\" class=\"yoast-schema-graph\">{\"@context\":\"https:\\\/\\\/schema.org\",\"@graph\":[{\"@type\":\"WebPage\",\"@id\":\"https:\\\/\\\/ajatutaja.com\\\/izdelek\\\/koala-babycare-silver-cups-pokrovcki-za-prsne-bradavice\\\/\",\"url\":\"https:\\\/\\\/ajatutaja.com\\\/izdelek\\\/koala-babycare-silver-cups-pokrovcki-za-prsne-bradavice\\\/\",\"name\":\"Koala Babycare\u00ae Silver Cups pokrov\u010dki za prsne bradavice - Regular | Ajatutaja\",\"isPartOf\":{\"@id\":\"https:\\\/\\\/ajatutaja.com\\\/#website\"},\"primaryImageOfPage\":{\"@id\":\"https:\\\/\\\/ajatutaja.com\\\/izdelek\\\/koala-babycare-silver-cups-pokrovcki-za-prsne-bradavice\\\/#primaryimage\"},\"image\":{\"@id\":\"https:\\\/\\\/ajatutaja.com\\\/izdelek\\\/koala-babycare-silver-cups-pokrovcki-za-prsne-bradavice\\\/#primaryimage\"},\"thumbnailUrl\":\"https:\\\/\\\/ajatutaja.com\\\/wp-content\\\/uploads\\\/2020\\\/03\\\/Srebrni-nastavki-za-bradavice-koala-silver-cups-ajatutaja-1.jpg\",\"datePublished\":\"2020-03-02T14:01:04+00:00\",\"dateModified\":\"2026-04-09T14:02:24+00:00\",\"description\":\"Zahvaljujo\u010d pokrov\u010dkom za bradavice Koala Silver Cups iz \u010distega srebra 925, lahko za\u0161\u010ditite in zdravite bradavice in svoje prsi za\u0161\u010ditite pred bakterijami.\",\"breadcrumb\":{\"@id\":\"https:\\\/\\\/ajatutaja.com\\\/izdelek\\\/koala-babycare-silver-cups-pokrovcki-za-prsne-bradavice\\\/#breadcrumb\"},\"inLanguage\":\"hr\",\"potentialAction\":[{\"@type\":\"ReadAction\",\"target\":[\"https:\\\/\\\/ajatutaja.com\\\/izdelek\\\/koala-babycare-silver-cups-pokrovcki-za-prsne-bradavice\\\/\"]}]},{\"@type\":\"ImageObject\",\"inLanguage\":\"hr\",\"@id\":\"https:\\\/\\\/ajatutaja.com\\\/izdelek\\\/koala-babycare-silver-cups-pokrovcki-za-prsne-bradavice\\\/#primaryimage\",\"url\":\"https:\\\/\\\/ajatutaja.com\\\/wp-content\\\/uploads\\\/2020\\\/03\\\/Srebrni-nastavki-za-bradavice-koala-silver-cups-ajatutaja-1.jpg\",\"contentUrl\":\"https:\\\/\\\/ajatutaja.com\\\/wp-content\\\/uploads\\\/2020\\\/03\\\/Srebrni-nastavki-za-bradavice-koala-silver-cups-ajatutaja-1.jpg\",\"width\":1500,\"height\":1500},{\"@type\":\"BreadcrumbList\",\"@id\":\"https:\\\/\\\/ajatutaja.com\\\/izdelek\\\/koala-babycare-silver-cups-pokrovcki-za-prsne-bradavice\\\/#breadcrumb\",\"itemListElement\":[{\"@type\":\"ListItem\",\"position\":1,\"name\":\"Home\",\"item\":\"https:\\\/\\\/ajatutaja.com\\\/hr\\\/\"},{\"@type\":\"ListItem\",\"position\":2,\"name\":\"Trgovina\",\"item\":\"https:\\\/\\\/ajatutaja.com\\\/hr\\\/trgovina\\\/\"},{\"@type\":\"ListItem\",\"position\":3,\"name\":\"Koala Babycare\u00ae Silver Cups pokrov\u010dki za prsne bradavice &#8211; Regular\"}]},{\"@type\":\"WebSite\",\"@id\":\"https:\\\/\\\/ajatutaja.com\\\/#website\",\"url\":\"https:\\\/\\\/ajatutaja.com\\\/\",\"name\":\"Ajatutaja\",\"description\":\"Otro\u0161ka spletna trgovina AJATUTAJA\",\"publisher\":{\"@id\":\"https:\\\/\\\/ajatutaja.com\\\/#organization\"},\"potentialAction\":[{\"@type\":\"SearchAction\",\"target\":{\"@type\":\"EntryPoint\",\"urlTemplate\":\"https:\\\/\\\/ajatutaja.com\\\/?s={search_term_string}\"},\"query-input\":{\"@type\":\"PropertyValueSpecification\",\"valueRequired\":true,\"valueName\":\"search_term_string\"}}],\"inLanguage\":\"hr\"},{\"@type\":\"Organization\",\"@id\":\"https:\\\/\\\/ajatutaja.com\\\/#organization\",\"name\":\"Ajatutaja\",\"url\":\"https:\\\/\\\/ajatutaja.com\\\/\",\"logo\":{\"@type\":\"ImageObject\",\"inLanguage\":\"hr\",\"@id\":\"https:\\\/\\\/ajatutaja.com\\\/#\\\/schema\\\/logo\\\/image\\\/\",\"url\":\"https:\\\/\\\/ajatutaja.com\\\/wp-content\\\/uploads\\\/2021\\\/10\\\/logo.png\",\"contentUrl\":\"https:\\\/\\\/ajatutaja.com\\\/wp-content\\\/uploads\\\/2021\\\/10\\\/logo.png\",\"width\":555,\"height\":150,\"caption\":\"Ajatutaja\"},\"image\":{\"@id\":\"https:\\\/\\\/ajatutaja.com\\\/#\\\/schema\\\/logo\\\/image\\\/\"}}]}<\/script>\n<!-- \/ Yoast SEO plugin. -->","yoast_head_json":{"title":"Koala Babycare\u00ae Silver Cups pokrov\u010dki za prsne bradavice - Regular | Ajatutaja","description":"Zahvaljujo\u010d pokrov\u010dkom za bradavice Koala Silver Cups iz \u010distega srebra 925, lahko za\u0161\u010ditite in zdravite bradavice in svoje prsi za\u0161\u010ditite pred bakterijami.","robots":{"index":"index","follow":"follow","max-snippet":"max-snippet:-1","max-image-preview":"max-image-preview:large","max-video-preview":"max-video-preview:-1"},"canonical":"https:\/\/ajatutaja.com\/izdelek\/koala-babycare-silver-cups-pokrovcki-za-prsne-bradavice\/","og_locale":"hr_HR","og_type":"article","og_title":"Koala Babycare\u00ae Silver Cups pokrov\u010dki za prsne bradavice - Regular | Ajatutaja","og_description":"Zahvaljujo\u010d pokrov\u010dkom za bradavice Koala Silver Cups iz \u010distega srebra 925, lahko za\u0161\u010ditite in zdravite bradavice in svoje prsi za\u0161\u010ditite pred bakterijami.","og_url":"https:\/\/ajatutaja.com\/izdelek\/koala-babycare-silver-cups-pokrovcki-za-prsne-bradavice\/","og_site_name":"Ajatutaja","article_modified_time":"2026-04-09T14:02:24+00:00","og_image":[{"width":1500,"height":1500,"url":"https:\/\/ajatutaja.com\/wp-content\/uploads\/2020\/03\/Srebrni-nastavki-za-bradavice-koala-silver-cups-ajatutaja-1.jpg","type":"image\/jpeg"}],"twitter_card":"summary_large_image","twitter_misc":{"Procijenjeno vrijeme \u010ditanja":"1 minuta"},"schema":{"@context":"https:\/\/schema.org","@graph":[{"@type":"WebPage","@id":"https:\/\/ajatutaja.com\/izdelek\/koala-babycare-silver-cups-pokrovcki-za-prsne-bradavice\/","url":"https:\/\/ajatutaja.com\/izdelek\/koala-babycare-silver-cups-pokrovcki-za-prsne-bradavice\/","name":"Koala Babycare\u00ae Silver Cups pokrov\u010dki za prsne bradavice - Regular | Ajatutaja","isPartOf":{"@id":"https:\/\/ajatutaja.com\/#website"},"primaryImageOfPage":{"@id":"https:\/\/ajatutaja.com\/izdelek\/koala-babycare-silver-cups-pokrovcki-za-prsne-bradavice\/#primaryimage"},"image":{"@id":"https:\/\/ajatutaja.com\/izdelek\/koala-babycare-silver-cups-pokrovcki-za-prsne-bradavice\/#primaryimage"},"thumbnailUrl":"https:\/\/ajatutaja.com\/wp-content\/uploads\/2020\/03\/Srebrni-nastavki-za-bradavice-koala-silver-cups-ajatutaja-1.jpg","datePublished":"2020-03-02T14:01:04+00:00","dateModified":"2026-04-09T14:02:24+00:00","description":"Zahvaljujo\u010d pokrov\u010dkom za bradavice Koala Silver Cups iz \u010distega srebra 925, lahko za\u0161\u010ditite in zdravite bradavice in svoje prsi za\u0161\u010ditite pred bakterijami.","breadcrumb":{"@id":"https:\/\/ajatutaja.com\/izdelek\/koala-babycare-silver-cups-pokrovcki-za-prsne-bradavice\/#breadcrumb"},"inLanguage":"hr","potentialAction":[{"@type":"ReadAction","target":["https:\/\/ajatutaja.com\/izdelek\/koala-babycare-silver-cups-pokrovcki-za-prsne-bradavice\/"]}]},{"@type":"ImageObject","inLanguage":"hr","@id":"https:\/\/ajatutaja.com\/izdelek\/koala-babycare-silver-cups-pokrovcki-za-prsne-bradavice\/#primaryimage","url":"https:\/\/ajatutaja.com\/wp-content\/uploads\/2020\/03\/Srebrni-nastavki-za-bradavice-koala-silver-cups-ajatutaja-1.jpg","contentUrl":"https:\/\/ajatutaja.com\/wp-content\/uploads\/2020\/03\/Srebrni-nastavki-za-bradavice-koala-silver-cups-ajatutaja-1.jpg","width":1500,"height":1500},{"@type":"BreadcrumbList","@id":"https:\/\/ajatutaja.com\/izdelek\/koala-babycare-silver-cups-pokrovcki-za-prsne-bradavice\/#breadcrumb","itemListElement":[{"@type":"ListItem","position":1,"name":"Home","item":"https:\/\/ajatutaja.com\/hr\/"},{"@type":"ListItem","position":2,"name":"Trgovina","item":"https:\/\/ajatutaja.com\/hr\/trgovina\/"},{"@type":"ListItem","position":3,"name":"Koala Babycare\u00ae Silver Cups pokrov\u010dki za prsne bradavice &#8211; Regular"}]},{"@type":"WebSite","@id":"https:\/\/ajatutaja.com\/#website","url":"https:\/\/ajatutaja.com\/","name":"Ajatutaja","description":"Otro\u0161ka spletna trgovina AJATUTAJA","publisher":{"@id":"https:\/\/ajatutaja.com\/#organization"},"potentialAction":[{"@type":"SearchAction","target":{"@type":"EntryPoint","urlTemplate":"https:\/\/ajatutaja.com\/?s={search_term_string}"},"query-input":{"@type":"PropertyValueSpecification","valueRequired":true,"valueName":"search_term_string"}}],"inLanguage":"hr"},{"@type":"Organization","@id":"https:\/\/ajatutaja.com\/#organization","name":"Ajatutaja","url":"https:\/\/ajatutaja.com\/","logo":{"@type":"ImageObject","inLanguage":"hr","@id":"https:\/\/ajatutaja.com\/#\/schema\/logo\/image\/","url":"https:\/\/ajatutaja.com\/wp-content\/uploads\/2021\/10\/logo.png","contentUrl":"https:\/\/ajatutaja.com\/wp-content\/uploads\/2021\/10\/logo.png","width":555,"height":150,"caption":"Ajatutaja"},"image":{"@id":"https:\/\/ajatutaja.com\/#\/schema\/logo\/image\/"}}]}},"brands":[{"id":2268,"name":"Dojenje","slug":"dojenje"},{"id":2302,"name":"Koala Babycare","slug":"koala-babycare"}],"_links":{"self":[{"href":"https:\/\/ajatutaja.com\/hr\/wp-json\/wp\/v2\/product\/18496","targetHints":{"allow":["GET"]}}],"collection":[{"href":"https:\/\/ajatutaja.com\/hr\/wp-json\/wp\/v2\/product"}],"about":[{"href":"https:\/\/ajatutaja.com\/hr\/wp-json\/wp\/v2\/types\/product"}],"wp:featuredmedia":[{"embeddable":true,"href":"https:\/\/ajatutaja.com\/hr\/wp-json\/wp\/v2\/media\/49890"}],"wp:attachment":[{"href":"https:\/\/ajatutaja.com\/hr\/wp-json\/wp\/v2\/media?parent=18496"}],"wp:term":[{"taxonomy":"pwb-brand","embeddable":true,"href":"https:\/\/ajatutaja.com\/hr\/wp-json\/wp\/v2\/pwb-brand?post=18496"},{"taxonomy":"product_brand","embeddable":true,"href":"https:\/\/ajatutaja.com\/hr\/wp-json\/wp\/v2\/product_brand?post=18496"},{"taxonomy":"product_cat","embeddable":true,"href":"https:\/\/ajatutaja.com\/hr\/wp-json\/wp\/v2\/product_cat?post=18496"},{"taxonomy":"product_tag","embeddable":true,"href":"https:\/\/ajatutaja.com\/hr\/wp-json\/wp\/v2\/product_tag?post=18496"}],"curies":[{"name":"wp","href":"https:\/\/api.w.org\/{rel}","templated":true}]}}