{"id":18371,"date":"2020-01-10T17:48:25","date_gmt":"2020-01-10T16:48:25","guid":{"rendered":"https:\/\/ajatutaja.com\/izdelek\/priponka-za-dudo-elphee\/"},"modified":"2026-03-04T12:51:35","modified_gmt":"2026-03-04T11:51:35","slug":"priponka-za-dudo-elphee","status":"publish","type":"product","link":"https:\/\/ajatutaja.com\/hr\/proizvod\/priponka-za-dudo-elphee\/","title":{"rendered":"Priponka za dudo Elphee"},"content":{"rendered":"<p>Majhni detajli priponke za dudo Elphee bodo zamotili drobne ro\u010dice, prikupni pik\u010dasti vzor\u010dki pa otro\u0161ki pogled. Simpati\u010dna priponka Done by Deer je univerzalna in zato primerna za namestitev na ve\u010dino tola\u017eilnih dudic.<\/p>\n<p><strong>Lastnosti priponke za dudo Elphee:\u00a0<\/strong><\/p>\n<ul>\n<li>Material: 100% bomba\u017e, polnilo: poliester<\/li>\n<li>Nega: pralna pri 40 \u00b0 C, ne su\u0161ite<\/li>\n<li>Velikost: 14 x 12 cm<\/li>\n<\/ul>\n","protected":false},"excerpt":{"rendered":"<p>Prikupna priponka za dudo Elphee blagovne znamke Done by Deer, bo poskrbela za higiensko in zabavno re\u0161itev, kam pripeti dudico.<\/p>\n","protected":false},"featured_media":18372,"template":"","meta":[],"pwb-brand":[2327],"product_brand":[],"product_cat":[2715,2713,2306],"product_tag":[3978,4429],"class_list":{"0":"post-18371","1":"product","2":"type-product","3":"status-publish","4":"has-post-thumbnail","6":"pwb-brand-done-by-deer-hranjenje","7":"product_cat-darilo-do-15e","8":"product_cat-darilo-za-deklico","9":"product_cat-dude-in-priponke","10":"product_tag-done-by-deer","11":"product_tag-elphee","13":"first","14":"instock","15":"taxable","16":"shipping-taxable","17":"purchasable","18":"product-type-simple","19":"add-to-wishlist-before_image"},"yoast_head":"<!-- This site is optimized with the Yoast SEO plugin v27.3 - https:\/\/yoast.com\/product\/yoast-seo-wordpress\/ -->\n<title>Priponka za dudo Elphee | Ajatutaja<\/title>\n<meta name=\"description\" content=\"Simpati\u010dna priponka Done by Deer Elphee je univerzalna in zato primerna za namestitev na ve\u010dino tola\u017eilnih dudic. Primerna tudi kot darilo.\" \/>\n<meta name=\"robots\" content=\"index, follow, max-snippet:-1, max-image-preview:large, max-video-preview:-1\" \/>\n<link rel=\"canonical\" href=\"https:\/\/ajatutaja.com\/izdelek\/priponka-za-dudo-elphee\/\" \/>\n<meta property=\"og:locale\" content=\"hr_HR\" \/>\n<meta property=\"og:type\" content=\"article\" \/>\n<meta property=\"og:title\" content=\"Priponka za dudo Elphee | Ajatutaja\" \/>\n<meta property=\"og:description\" content=\"Simpati\u010dna priponka Done by Deer Elphee je univerzalna in zato primerna za namestitev na ve\u010dino tola\u017eilnih dudic. Primerna tudi kot darilo.\" \/>\n<meta property=\"og:url\" content=\"https:\/\/ajatutaja.com\/izdelek\/priponka-za-dudo-elphee\/\" \/>\n<meta property=\"og:site_name\" content=\"Ajatutaja\" \/>\n<meta property=\"article:modified_time\" content=\"2026-03-04T11:51:35+00:00\" \/>\n<meta property=\"og:image\" content=\"https:\/\/ajatutaja.com\/wp-content\/uploads\/2021\/11\/Done-by-deer-priponka-za-dudo-elphee-e1578678211736.jpg\" \/>\n\t<meta property=\"og:image:width\" content=\"600\" \/>\n\t<meta property=\"og:image:height\" content=\"600\" \/>\n\t<meta property=\"og:image:type\" content=\"image\/jpeg\" \/>\n<meta name=\"twitter:card\" content=\"summary_large_image\" \/>\n<script type=\"application\/ld+json\" class=\"yoast-schema-graph\">{\"@context\":\"https:\\\/\\\/schema.org\",\"@graph\":[{\"@type\":\"WebPage\",\"@id\":\"https:\\\/\\\/ajatutaja.com\\\/izdelek\\\/priponka-za-dudo-elphee\\\/\",\"url\":\"https:\\\/\\\/ajatutaja.com\\\/izdelek\\\/priponka-za-dudo-elphee\\\/\",\"name\":\"Priponka za dudo Elphee | Ajatutaja\",\"isPartOf\":{\"@id\":\"https:\\\/\\\/ajatutaja.com\\\/#website\"},\"primaryImageOfPage\":{\"@id\":\"https:\\\/\\\/ajatutaja.com\\\/izdelek\\\/priponka-za-dudo-elphee\\\/#primaryimage\"},\"image\":{\"@id\":\"https:\\\/\\\/ajatutaja.com\\\/izdelek\\\/priponka-za-dudo-elphee\\\/#primaryimage\"},\"thumbnailUrl\":\"https:\\\/\\\/ajatutaja.com\\\/wp-content\\\/uploads\\\/2021\\\/11\\\/Done-by-deer-priponka-za-dudo-elphee-e1578678211736.jpg\",\"datePublished\":\"2020-01-10T16:48:25+00:00\",\"dateModified\":\"2026-03-04T11:51:35+00:00\",\"description\":\"Simpati\u010dna priponka Done by Deer Elphee je univerzalna in zato primerna za namestitev na ve\u010dino tola\u017eilnih dudic. Primerna tudi kot darilo.\",\"breadcrumb\":{\"@id\":\"https:\\\/\\\/ajatutaja.com\\\/izdelek\\\/priponka-za-dudo-elphee\\\/#breadcrumb\"},\"inLanguage\":\"hr\",\"potentialAction\":[{\"@type\":\"ReadAction\",\"target\":[\"https:\\\/\\\/ajatutaja.com\\\/izdelek\\\/priponka-za-dudo-elphee\\\/\"]}]},{\"@type\":\"ImageObject\",\"inLanguage\":\"hr\",\"@id\":\"https:\\\/\\\/ajatutaja.com\\\/izdelek\\\/priponka-za-dudo-elphee\\\/#primaryimage\",\"url\":\"https:\\\/\\\/ajatutaja.com\\\/wp-content\\\/uploads\\\/2021\\\/11\\\/Done-by-deer-priponka-za-dudo-elphee-e1578678211736.jpg\",\"contentUrl\":\"https:\\\/\\\/ajatutaja.com\\\/wp-content\\\/uploads\\\/2021\\\/11\\\/Done-by-deer-priponka-za-dudo-elphee-e1578678211736.jpg\",\"width\":600,\"height\":600},{\"@type\":\"BreadcrumbList\",\"@id\":\"https:\\\/\\\/ajatutaja.com\\\/izdelek\\\/priponka-za-dudo-elphee\\\/#breadcrumb\",\"itemListElement\":[{\"@type\":\"ListItem\",\"position\":1,\"name\":\"Home\",\"item\":\"https:\\\/\\\/ajatutaja.com\\\/hr\\\/\"},{\"@type\":\"ListItem\",\"position\":2,\"name\":\"Trgovina\",\"item\":\"https:\\\/\\\/ajatutaja.com\\\/hr\\\/trgovina\\\/\"},{\"@type\":\"ListItem\",\"position\":3,\"name\":\"Priponka za dudo Elphee\"}]},{\"@type\":\"WebSite\",\"@id\":\"https:\\\/\\\/ajatutaja.com\\\/#website\",\"url\":\"https:\\\/\\\/ajatutaja.com\\\/\",\"name\":\"Ajatutaja\",\"description\":\"Otro\u0161ka spletna trgovina AJATUTAJA\",\"publisher\":{\"@id\":\"https:\\\/\\\/ajatutaja.com\\\/#organization\"},\"potentialAction\":[{\"@type\":\"SearchAction\",\"target\":{\"@type\":\"EntryPoint\",\"urlTemplate\":\"https:\\\/\\\/ajatutaja.com\\\/?s={search_term_string}\"},\"query-input\":{\"@type\":\"PropertyValueSpecification\",\"valueRequired\":true,\"valueName\":\"search_term_string\"}}],\"inLanguage\":\"hr\"},{\"@type\":\"Organization\",\"@id\":\"https:\\\/\\\/ajatutaja.com\\\/#organization\",\"name\":\"Ajatutaja\",\"url\":\"https:\\\/\\\/ajatutaja.com\\\/\",\"logo\":{\"@type\":\"ImageObject\",\"inLanguage\":\"hr\",\"@id\":\"https:\\\/\\\/ajatutaja.com\\\/#\\\/schema\\\/logo\\\/image\\\/\",\"url\":\"https:\\\/\\\/ajatutaja.com\\\/wp-content\\\/uploads\\\/2021\\\/10\\\/logo.png\",\"contentUrl\":\"https:\\\/\\\/ajatutaja.com\\\/wp-content\\\/uploads\\\/2021\\\/10\\\/logo.png\",\"width\":555,\"height\":150,\"caption\":\"Ajatutaja\"},\"image\":{\"@id\":\"https:\\\/\\\/ajatutaja.com\\\/#\\\/schema\\\/logo\\\/image\\\/\"}}]}<\/script>\n<!-- \/ Yoast SEO plugin. -->","yoast_head_json":{"title":"Priponka za dudo Elphee | Ajatutaja","description":"Simpati\u010dna priponka Done by Deer Elphee je univerzalna in zato primerna za namestitev na ve\u010dino tola\u017eilnih dudic. Primerna tudi kot darilo.","robots":{"index":"index","follow":"follow","max-snippet":"max-snippet:-1","max-image-preview":"max-image-preview:large","max-video-preview":"max-video-preview:-1"},"canonical":"https:\/\/ajatutaja.com\/izdelek\/priponka-za-dudo-elphee\/","og_locale":"hr_HR","og_type":"article","og_title":"Priponka za dudo Elphee | Ajatutaja","og_description":"Simpati\u010dna priponka Done by Deer Elphee je univerzalna in zato primerna za namestitev na ve\u010dino tola\u017eilnih dudic. Primerna tudi kot darilo.","og_url":"https:\/\/ajatutaja.com\/izdelek\/priponka-za-dudo-elphee\/","og_site_name":"Ajatutaja","article_modified_time":"2026-03-04T11:51:35+00:00","og_image":[{"width":600,"height":600,"url":"https:\/\/ajatutaja.com\/wp-content\/uploads\/2021\/11\/Done-by-deer-priponka-za-dudo-elphee-e1578678211736.jpg","type":"image\/jpeg"}],"twitter_card":"summary_large_image","schema":{"@context":"https:\/\/schema.org","@graph":[{"@type":"WebPage","@id":"https:\/\/ajatutaja.com\/izdelek\/priponka-za-dudo-elphee\/","url":"https:\/\/ajatutaja.com\/izdelek\/priponka-za-dudo-elphee\/","name":"Priponka za dudo Elphee | Ajatutaja","isPartOf":{"@id":"https:\/\/ajatutaja.com\/#website"},"primaryImageOfPage":{"@id":"https:\/\/ajatutaja.com\/izdelek\/priponka-za-dudo-elphee\/#primaryimage"},"image":{"@id":"https:\/\/ajatutaja.com\/izdelek\/priponka-za-dudo-elphee\/#primaryimage"},"thumbnailUrl":"https:\/\/ajatutaja.com\/wp-content\/uploads\/2021\/11\/Done-by-deer-priponka-za-dudo-elphee-e1578678211736.jpg","datePublished":"2020-01-10T16:48:25+00:00","dateModified":"2026-03-04T11:51:35+00:00","description":"Simpati\u010dna priponka Done by Deer Elphee je univerzalna in zato primerna za namestitev na ve\u010dino tola\u017eilnih dudic. Primerna tudi kot darilo.","breadcrumb":{"@id":"https:\/\/ajatutaja.com\/izdelek\/priponka-za-dudo-elphee\/#breadcrumb"},"inLanguage":"hr","potentialAction":[{"@type":"ReadAction","target":["https:\/\/ajatutaja.com\/izdelek\/priponka-za-dudo-elphee\/"]}]},{"@type":"ImageObject","inLanguage":"hr","@id":"https:\/\/ajatutaja.com\/izdelek\/priponka-za-dudo-elphee\/#primaryimage","url":"https:\/\/ajatutaja.com\/wp-content\/uploads\/2021\/11\/Done-by-deer-priponka-za-dudo-elphee-e1578678211736.jpg","contentUrl":"https:\/\/ajatutaja.com\/wp-content\/uploads\/2021\/11\/Done-by-deer-priponka-za-dudo-elphee-e1578678211736.jpg","width":600,"height":600},{"@type":"BreadcrumbList","@id":"https:\/\/ajatutaja.com\/izdelek\/priponka-za-dudo-elphee\/#breadcrumb","itemListElement":[{"@type":"ListItem","position":1,"name":"Home","item":"https:\/\/ajatutaja.com\/hr\/"},{"@type":"ListItem","position":2,"name":"Trgovina","item":"https:\/\/ajatutaja.com\/hr\/trgovina\/"},{"@type":"ListItem","position":3,"name":"Priponka za dudo Elphee"}]},{"@type":"WebSite","@id":"https:\/\/ajatutaja.com\/#website","url":"https:\/\/ajatutaja.com\/","name":"Ajatutaja","description":"Otro\u0161ka spletna trgovina AJATUTAJA","publisher":{"@id":"https:\/\/ajatutaja.com\/#organization"},"potentialAction":[{"@type":"SearchAction","target":{"@type":"EntryPoint","urlTemplate":"https:\/\/ajatutaja.com\/?s={search_term_string}"},"query-input":{"@type":"PropertyValueSpecification","valueRequired":true,"valueName":"search_term_string"}}],"inLanguage":"hr"},{"@type":"Organization","@id":"https:\/\/ajatutaja.com\/#organization","name":"Ajatutaja","url":"https:\/\/ajatutaja.com\/","logo":{"@type":"ImageObject","inLanguage":"hr","@id":"https:\/\/ajatutaja.com\/#\/schema\/logo\/image\/","url":"https:\/\/ajatutaja.com\/wp-content\/uploads\/2021\/10\/logo.png","contentUrl":"https:\/\/ajatutaja.com\/wp-content\/uploads\/2021\/10\/logo.png","width":555,"height":150,"caption":"Ajatutaja"},"image":{"@id":"https:\/\/ajatutaja.com\/#\/schema\/logo\/image\/"}}]}},"brands":[{"id":2327,"name":"Done by Deer","slug":"done-by-deer-hranjenje"}],"_links":{"self":[{"href":"https:\/\/ajatutaja.com\/hr\/wp-json\/wp\/v2\/product\/18371","targetHints":{"allow":["GET"]}}],"collection":[{"href":"https:\/\/ajatutaja.com\/hr\/wp-json\/wp\/v2\/product"}],"about":[{"href":"https:\/\/ajatutaja.com\/hr\/wp-json\/wp\/v2\/types\/product"}],"wp:featuredmedia":[{"embeddable":true,"href":"https:\/\/ajatutaja.com\/hr\/wp-json\/wp\/v2\/media\/18372"}],"wp:attachment":[{"href":"https:\/\/ajatutaja.com\/hr\/wp-json\/wp\/v2\/media?parent=18371"}],"wp:term":[{"taxonomy":"pwb-brand","embeddable":true,"href":"https:\/\/ajatutaja.com\/hr\/wp-json\/wp\/v2\/pwb-brand?post=18371"},{"taxonomy":"product_brand","embeddable":true,"href":"https:\/\/ajatutaja.com\/hr\/wp-json\/wp\/v2\/product_brand?post=18371"},{"taxonomy":"product_cat","embeddable":true,"href":"https:\/\/ajatutaja.com\/hr\/wp-json\/wp\/v2\/product_cat?post=18371"},{"taxonomy":"product_tag","embeddable":true,"href":"https:\/\/ajatutaja.com\/hr\/wp-json\/wp\/v2\/product_tag?post=18371"}],"curies":[{"name":"wp","href":"https:\/\/api.w.org\/{rel}","templated":true}]}}