{"id":18224,"date":"2019-11-13T14:28:03","date_gmt":"2019-11-13T13:28:03","guid":{"rendered":"https:\/\/ajatutaja.com\/izdelek\/otrosko-lezisce-childhome-heavenly-safe-sleeper-50x90cm\/"},"modified":"2025-07-08T16:43:23","modified_gmt":"2025-07-08T14:43:23","slug":"otrosko-lezisce-childhome-heavenly-safe-sleeper-50x90cm","status":"publish","type":"product","link":"https:\/\/ajatutaja.com\/hr\/proizvod\/otrosko-lezisce-childhome-heavenly-safe-sleeper-50x90cm\/","title":{"rendered":"Otro\u0161ko le\u017ei\u0161\u010de Childhome HEAVENLY SAFE SLEEPER 50x90cm"},"content":{"rendered":"<p>[vc_row][vc_column][vc_column_text]<\/p>\n<p id=\"tw-target-text\" dir=\"ltr\" style=\"text-align: justify\" data-placeholder=\"Prevod\"><span lang=\"sl\">Childhome otro\u0161ko le\u017ei\u0161\u010de Heavenly Safe Sleeper je opremljeno z vsemi bistvenimi varnostnimi zahtevami za izpolnitev varnosti va\u0161ih mal\u010dkov. Havenly Safe Sleeper vzmetnica je narejena iz visoko kakovostne pene, ki ustvarja dobro, pro\u017eno in trdno spalno povr\u0161ino.\u00a0<\/span><span lang=\"sl\">Tkanina ima vse bistvene higiensko in anti-alergijske lastnosti vzmetnice. <\/span><\/p>\n<p dir=\"ltr\" data-placeholder=\"Prevod\"><span lang=\"sl\">Lastnosti vzmetnice Heavenly Safe Sleeper:<br \/>\n<\/span><\/p>\n<ul>\n<li data-placeholder=\"Prevod\"><span lang=\"sl\">Pralno na\u00a0<\/span>60\u00b0C (snemljiva prevleka)<\/li>\n<li data-placeholder=\"Prevod\">Dobro kro\u017eenje zraka<\/li>\n<li data-placeholder=\"Prevod\">\u010cisto in zdravo spalno okolje za va\u0161ega otroka<\/li>\n<li data-placeholder=\"Prevod\">Dimenzije 52<span lang=\"sl\"> x 7 x 92 cm<\/span><\/li>\n<\/ul>\n<p>[\/vc_column_text][\/vc_column][\/vc_row]<\/p>\n","protected":false},"excerpt":{"rendered":"<p>Otro\u0161ko le\u017ei\u0161\u010de Childhome Heavenly Safe Sleeper\u00a0 je namenjeno za otro\u0161ko zibelko ali manj\u0161o posteljo dimenzije 90x50cm. S snemljivo in pralno prevleko.<\/p>\n","protected":false},"featured_media":18219,"template":"","meta":[],"pwb-brand":[2616,2611],"product_brand":[],"product_cat":[2599,2593],"product_tag":[4007,4043],"class_list":{"0":"post-18224","1":"product","2":"type-product","3":"status-publish","4":"has-post-thumbnail","6":"pwb-brand-childhome-spanje","7":"pwb-brand-spanje","8":"product_cat-lezisca-in-vzmetnice","9":"product_cat-spanje","10":"product_tag-50x90cm","11":"product_tag-childhome","13":"first","14":"onbackorder","15":"taxable","16":"shipping-taxable","17":"purchasable","18":"product-type-simple","19":"add-to-wishlist-before_image"},"yoast_head":"<!-- This site is optimized with the Yoast SEO plugin v27.3 - https:\/\/yoast.com\/product\/yoast-seo-wordpress\/ -->\n<title>Otro\u0161ko le\u017ei\u0161\u010de Childhome HEAVENLY SAFE SLEEPER 50x90cm | Ajatutaja<\/title>\n<meta name=\"description\" content=\"Le\u017ei\u0161\u010de Safe Sleeper je iz visoko kakovostne pene, ki ustvarja dobro, pro\u017eno in trdno spalno povr\u0161ino.Tkanina je pralna, zra\u010dna, higiensko, anti-alergijska.\" \/>\n<meta name=\"robots\" content=\"index, follow, max-snippet:-1, max-image-preview:large, max-video-preview:-1\" \/>\n<link rel=\"canonical\" href=\"https:\/\/ajatutaja.com\/izdelek\/otrosko-lezisce-childhome-heavenly-safe-sleeper-50x90cm\/\" \/>\n<meta property=\"og:locale\" content=\"hr_HR\" \/>\n<meta property=\"og:type\" content=\"article\" \/>\n<meta property=\"og:title\" content=\"Otro\u0161ko le\u017ei\u0161\u010de Childhome HEAVENLY SAFE SLEEPER 50x90cm | Ajatutaja\" \/>\n<meta property=\"og:description\" content=\"Le\u017ei\u0161\u010de Safe Sleeper je iz visoko kakovostne pene, ki ustvarja dobro, pro\u017eno in trdno spalno povr\u0161ino.Tkanina je pralna, zra\u010dna, higiensko, anti-alergijska.\" \/>\n<meta property=\"og:url\" content=\"https:\/\/ajatutaja.com\/izdelek\/otrosko-lezisce-childhome-heavenly-safe-sleeper-50x90cm\/\" \/>\n<meta property=\"og:site_name\" content=\"Ajatutaja\" \/>\n<meta property=\"article:modified_time\" content=\"2025-07-08T14:43:23+00:00\" \/>\n<meta property=\"og:image\" content=\"https:\/\/ajatutaja.com\/wp-content\/uploads\/2021\/11\/Childhome-lezisce-vzmetnica-havenly-safe-ajatutaja.jpg\" \/>\n\t<meta property=\"og:image:width\" content=\"800\" \/>\n\t<meta property=\"og:image:height\" content=\"800\" \/>\n\t<meta property=\"og:image:type\" content=\"image\/jpeg\" \/>\n<meta name=\"twitter:card\" content=\"summary_large_image\" \/>\n<script type=\"application\/ld+json\" class=\"yoast-schema-graph\">{\"@context\":\"https:\\\/\\\/schema.org\",\"@graph\":[{\"@type\":\"WebPage\",\"@id\":\"https:\\\/\\\/ajatutaja.com\\\/izdelek\\\/otrosko-lezisce-childhome-heavenly-safe-sleeper-50x90cm\\\/\",\"url\":\"https:\\\/\\\/ajatutaja.com\\\/izdelek\\\/otrosko-lezisce-childhome-heavenly-safe-sleeper-50x90cm\\\/\",\"name\":\"Otro\u0161ko le\u017ei\u0161\u010de Childhome HEAVENLY SAFE SLEEPER 50x90cm | Ajatutaja\",\"isPartOf\":{\"@id\":\"https:\\\/\\\/ajatutaja.com\\\/#website\"},\"primaryImageOfPage\":{\"@id\":\"https:\\\/\\\/ajatutaja.com\\\/izdelek\\\/otrosko-lezisce-childhome-heavenly-safe-sleeper-50x90cm\\\/#primaryimage\"},\"image\":{\"@id\":\"https:\\\/\\\/ajatutaja.com\\\/izdelek\\\/otrosko-lezisce-childhome-heavenly-safe-sleeper-50x90cm\\\/#primaryimage\"},\"thumbnailUrl\":\"https:\\\/\\\/ajatutaja.com\\\/wp-content\\\/uploads\\\/2021\\\/11\\\/Childhome-lezisce-vzmetnica-havenly-safe-ajatutaja.jpg\",\"datePublished\":\"2019-11-13T13:28:03+00:00\",\"dateModified\":\"2025-07-08T14:43:23+00:00\",\"description\":\"Le\u017ei\u0161\u010de Safe Sleeper je iz visoko kakovostne pene, ki ustvarja dobro, pro\u017eno in trdno spalno povr\u0161ino.Tkanina je pralna, zra\u010dna, higiensko, anti-alergijska.\",\"breadcrumb\":{\"@id\":\"https:\\\/\\\/ajatutaja.com\\\/izdelek\\\/otrosko-lezisce-childhome-heavenly-safe-sleeper-50x90cm\\\/#breadcrumb\"},\"inLanguage\":\"hr\",\"potentialAction\":[{\"@type\":\"ReadAction\",\"target\":[\"https:\\\/\\\/ajatutaja.com\\\/izdelek\\\/otrosko-lezisce-childhome-heavenly-safe-sleeper-50x90cm\\\/\"]}]},{\"@type\":\"ImageObject\",\"inLanguage\":\"hr\",\"@id\":\"https:\\\/\\\/ajatutaja.com\\\/izdelek\\\/otrosko-lezisce-childhome-heavenly-safe-sleeper-50x90cm\\\/#primaryimage\",\"url\":\"https:\\\/\\\/ajatutaja.com\\\/wp-content\\\/uploads\\\/2021\\\/11\\\/Childhome-lezisce-vzmetnica-havenly-safe-ajatutaja.jpg\",\"contentUrl\":\"https:\\\/\\\/ajatutaja.com\\\/wp-content\\\/uploads\\\/2021\\\/11\\\/Childhome-lezisce-vzmetnica-havenly-safe-ajatutaja.jpg\",\"width\":800,\"height\":800},{\"@type\":\"BreadcrumbList\",\"@id\":\"https:\\\/\\\/ajatutaja.com\\\/izdelek\\\/otrosko-lezisce-childhome-heavenly-safe-sleeper-50x90cm\\\/#breadcrumb\",\"itemListElement\":[{\"@type\":\"ListItem\",\"position\":1,\"name\":\"Home\",\"item\":\"https:\\\/\\\/ajatutaja.com\\\/hr\\\/\"},{\"@type\":\"ListItem\",\"position\":2,\"name\":\"Trgovina\",\"item\":\"https:\\\/\\\/ajatutaja.com\\\/hr\\\/trgovina\\\/\"},{\"@type\":\"ListItem\",\"position\":3,\"name\":\"Otro\u0161ko le\u017ei\u0161\u010de Childhome HEAVENLY SAFE SLEEPER 50x90cm\"}]},{\"@type\":\"WebSite\",\"@id\":\"https:\\\/\\\/ajatutaja.com\\\/#website\",\"url\":\"https:\\\/\\\/ajatutaja.com\\\/\",\"name\":\"Ajatutaja\",\"description\":\"Otro\u0161ka spletna trgovina AJATUTAJA\",\"publisher\":{\"@id\":\"https:\\\/\\\/ajatutaja.com\\\/#organization\"},\"potentialAction\":[{\"@type\":\"SearchAction\",\"target\":{\"@type\":\"EntryPoint\",\"urlTemplate\":\"https:\\\/\\\/ajatutaja.com\\\/?s={search_term_string}\"},\"query-input\":{\"@type\":\"PropertyValueSpecification\",\"valueRequired\":true,\"valueName\":\"search_term_string\"}}],\"inLanguage\":\"hr\"},{\"@type\":\"Organization\",\"@id\":\"https:\\\/\\\/ajatutaja.com\\\/#organization\",\"name\":\"Ajatutaja\",\"url\":\"https:\\\/\\\/ajatutaja.com\\\/\",\"logo\":{\"@type\":\"ImageObject\",\"inLanguage\":\"hr\",\"@id\":\"https:\\\/\\\/ajatutaja.com\\\/#\\\/schema\\\/logo\\\/image\\\/\",\"url\":\"https:\\\/\\\/ajatutaja.com\\\/wp-content\\\/uploads\\\/2021\\\/10\\\/logo.png\",\"contentUrl\":\"https:\\\/\\\/ajatutaja.com\\\/wp-content\\\/uploads\\\/2021\\\/10\\\/logo.png\",\"width\":555,\"height\":150,\"caption\":\"Ajatutaja\"},\"image\":{\"@id\":\"https:\\\/\\\/ajatutaja.com\\\/#\\\/schema\\\/logo\\\/image\\\/\"}}]}<\/script>\n<!-- \/ Yoast SEO plugin. -->","yoast_head_json":{"title":"Otro\u0161ko le\u017ei\u0161\u010de Childhome HEAVENLY SAFE SLEEPER 50x90cm | Ajatutaja","description":"Le\u017ei\u0161\u010de Safe Sleeper je iz visoko kakovostne pene, ki ustvarja dobro, pro\u017eno in trdno spalno povr\u0161ino.Tkanina je pralna, zra\u010dna, higiensko, anti-alergijska.","robots":{"index":"index","follow":"follow","max-snippet":"max-snippet:-1","max-image-preview":"max-image-preview:large","max-video-preview":"max-video-preview:-1"},"canonical":"https:\/\/ajatutaja.com\/izdelek\/otrosko-lezisce-childhome-heavenly-safe-sleeper-50x90cm\/","og_locale":"hr_HR","og_type":"article","og_title":"Otro\u0161ko le\u017ei\u0161\u010de Childhome HEAVENLY SAFE SLEEPER 50x90cm | Ajatutaja","og_description":"Le\u017ei\u0161\u010de Safe Sleeper je iz visoko kakovostne pene, ki ustvarja dobro, pro\u017eno in trdno spalno povr\u0161ino.Tkanina je pralna, zra\u010dna, higiensko, anti-alergijska.","og_url":"https:\/\/ajatutaja.com\/izdelek\/otrosko-lezisce-childhome-heavenly-safe-sleeper-50x90cm\/","og_site_name":"Ajatutaja","article_modified_time":"2025-07-08T14:43:23+00:00","og_image":[{"width":800,"height":800,"url":"https:\/\/ajatutaja.com\/wp-content\/uploads\/2021\/11\/Childhome-lezisce-vzmetnica-havenly-safe-ajatutaja.jpg","type":"image\/jpeg"}],"twitter_card":"summary_large_image","schema":{"@context":"https:\/\/schema.org","@graph":[{"@type":"WebPage","@id":"https:\/\/ajatutaja.com\/izdelek\/otrosko-lezisce-childhome-heavenly-safe-sleeper-50x90cm\/","url":"https:\/\/ajatutaja.com\/izdelek\/otrosko-lezisce-childhome-heavenly-safe-sleeper-50x90cm\/","name":"Otro\u0161ko le\u017ei\u0161\u010de Childhome HEAVENLY SAFE SLEEPER 50x90cm | Ajatutaja","isPartOf":{"@id":"https:\/\/ajatutaja.com\/#website"},"primaryImageOfPage":{"@id":"https:\/\/ajatutaja.com\/izdelek\/otrosko-lezisce-childhome-heavenly-safe-sleeper-50x90cm\/#primaryimage"},"image":{"@id":"https:\/\/ajatutaja.com\/izdelek\/otrosko-lezisce-childhome-heavenly-safe-sleeper-50x90cm\/#primaryimage"},"thumbnailUrl":"https:\/\/ajatutaja.com\/wp-content\/uploads\/2021\/11\/Childhome-lezisce-vzmetnica-havenly-safe-ajatutaja.jpg","datePublished":"2019-11-13T13:28:03+00:00","dateModified":"2025-07-08T14:43:23+00:00","description":"Le\u017ei\u0161\u010de Safe Sleeper je iz visoko kakovostne pene, ki ustvarja dobro, pro\u017eno in trdno spalno povr\u0161ino.Tkanina je pralna, zra\u010dna, higiensko, anti-alergijska.","breadcrumb":{"@id":"https:\/\/ajatutaja.com\/izdelek\/otrosko-lezisce-childhome-heavenly-safe-sleeper-50x90cm\/#breadcrumb"},"inLanguage":"hr","potentialAction":[{"@type":"ReadAction","target":["https:\/\/ajatutaja.com\/izdelek\/otrosko-lezisce-childhome-heavenly-safe-sleeper-50x90cm\/"]}]},{"@type":"ImageObject","inLanguage":"hr","@id":"https:\/\/ajatutaja.com\/izdelek\/otrosko-lezisce-childhome-heavenly-safe-sleeper-50x90cm\/#primaryimage","url":"https:\/\/ajatutaja.com\/wp-content\/uploads\/2021\/11\/Childhome-lezisce-vzmetnica-havenly-safe-ajatutaja.jpg","contentUrl":"https:\/\/ajatutaja.com\/wp-content\/uploads\/2021\/11\/Childhome-lezisce-vzmetnica-havenly-safe-ajatutaja.jpg","width":800,"height":800},{"@type":"BreadcrumbList","@id":"https:\/\/ajatutaja.com\/izdelek\/otrosko-lezisce-childhome-heavenly-safe-sleeper-50x90cm\/#breadcrumb","itemListElement":[{"@type":"ListItem","position":1,"name":"Home","item":"https:\/\/ajatutaja.com\/hr\/"},{"@type":"ListItem","position":2,"name":"Trgovina","item":"https:\/\/ajatutaja.com\/hr\/trgovina\/"},{"@type":"ListItem","position":3,"name":"Otro\u0161ko le\u017ei\u0161\u010de Childhome HEAVENLY SAFE SLEEPER 50x90cm"}]},{"@type":"WebSite","@id":"https:\/\/ajatutaja.com\/#website","url":"https:\/\/ajatutaja.com\/","name":"Ajatutaja","description":"Otro\u0161ka spletna trgovina AJATUTAJA","publisher":{"@id":"https:\/\/ajatutaja.com\/#organization"},"potentialAction":[{"@type":"SearchAction","target":{"@type":"EntryPoint","urlTemplate":"https:\/\/ajatutaja.com\/?s={search_term_string}"},"query-input":{"@type":"PropertyValueSpecification","valueRequired":true,"valueName":"search_term_string"}}],"inLanguage":"hr"},{"@type":"Organization","@id":"https:\/\/ajatutaja.com\/#organization","name":"Ajatutaja","url":"https:\/\/ajatutaja.com\/","logo":{"@type":"ImageObject","inLanguage":"hr","@id":"https:\/\/ajatutaja.com\/#\/schema\/logo\/image\/","url":"https:\/\/ajatutaja.com\/wp-content\/uploads\/2021\/10\/logo.png","contentUrl":"https:\/\/ajatutaja.com\/wp-content\/uploads\/2021\/10\/logo.png","width":555,"height":150,"caption":"Ajatutaja"},"image":{"@id":"https:\/\/ajatutaja.com\/#\/schema\/logo\/image\/"}}]}},"brands":[{"id":2616,"name":"Childhome","slug":"childhome-spanje"},{"id":2611,"name":"Spanje","slug":"spanje"}],"_links":{"self":[{"href":"https:\/\/ajatutaja.com\/hr\/wp-json\/wp\/v2\/product\/18224","targetHints":{"allow":["GET"]}}],"collection":[{"href":"https:\/\/ajatutaja.com\/hr\/wp-json\/wp\/v2\/product"}],"about":[{"href":"https:\/\/ajatutaja.com\/hr\/wp-json\/wp\/v2\/types\/product"}],"wp:featuredmedia":[{"embeddable":true,"href":"https:\/\/ajatutaja.com\/hr\/wp-json\/wp\/v2\/media\/18219"}],"wp:attachment":[{"href":"https:\/\/ajatutaja.com\/hr\/wp-json\/wp\/v2\/media?parent=18224"}],"wp:term":[{"taxonomy":"pwb-brand","embeddable":true,"href":"https:\/\/ajatutaja.com\/hr\/wp-json\/wp\/v2\/pwb-brand?post=18224"},{"taxonomy":"product_brand","embeddable":true,"href":"https:\/\/ajatutaja.com\/hr\/wp-json\/wp\/v2\/product_brand?post=18224"},{"taxonomy":"product_cat","embeddable":true,"href":"https:\/\/ajatutaja.com\/hr\/wp-json\/wp\/v2\/product_cat?post=18224"},{"taxonomy":"product_tag","embeddable":true,"href":"https:\/\/ajatutaja.com\/hr\/wp-json\/wp\/v2\/product_tag?post=18224"}],"curies":[{"name":"wp","href":"https:\/\/api.w.org\/{rel}","templated":true}]}}