{"id":18155,"date":"2025-09-22T16:47:20","date_gmt":"2025-09-22T14:47:20","guid":{"rendered":"https:\/\/ajatutaja.com\/izdelek\/ergobaby-embrace-nosilka-za-dojencke-oxford-blue\/"},"modified":"2026-03-18T14:05:20","modified_gmt":"2026-03-18T13:05:20","slug":"ergobaby-embrace-nosilka-za-dojencke-oxford-blue","status":"publish","type":"product","link":"https:\/\/ajatutaja.com\/hr\/proizvod\/ergobaby-embrace-nosilka-za-dojencke-oxford-blue\/","title":{"rendered":"Ergobaby Embrace nosilka za dojen\u010dke &#8211; Oxford Blue"},"content":{"rendered":"<p>Ergobaby Embrace je super udobna in mehka nosilka za dojen\u010dke, ki omogo\u010da najslaj\u0161i na\u010din za vzpostavljanje bli\u017eine z va\u0161im otrokom. Brez zahtevnega omotavanja ali vezanja vam Ergobaby Embrace omogo\u010da, da skupaj z dojen\u010dkom najdeta nov skupni ritem. Mehka struktura tkanine in enostavna namestitev ter uporaba nosilke.<\/p>\n<p><em>Mehke nosilke in trakovi Ergobaby so na voljo tudi v trgovini Ajatutaja Koper, kjer jih pred nakupom lahko tudi preizkusite.<\/em><\/p>\n<p><strong>Lastnosti nosilke Ergobaby Embrace:<\/strong><\/p>\n<ul>\n<li>Primerna je od 3,2 kg do 11,3 kg te\u017ee otroka.<\/li>\n<li>Izdelana je iz mehke in pro\u017ene tkanine s certifikatom Oeko-Tex Standard 100.<\/li>\n<li>Omogo\u010da 3 na\u010dine no\u0161enja otroka:\n<ol>\n<li>Novorojen\u010dek (do 58,4 cm)<\/li>\n<li>Dojen\u010dek, obrnjen k star\u0161u (nad 58,4 cm)<\/li>\n<li>Dojen\u010dek, obrnjen naprej (nad 66 cm)<\/li>\n<\/ol>\n<\/li>\n<\/ul>\n<p><strong>Nosilka Ergobaby Embrace nudi:<\/strong><\/p>\n<ul>\n<li><strong>Ne\u017enost in mehkobo<\/strong> \u2013 mehko in udobno pletivo, se ne\u017eno prilega dojen\u010dka k star\u0161u in mu obenem nudi oporo.<\/li>\n<li><strong>Enostavnost<\/strong> \u2013 brez zapletenega vezanja vozlov. Embrace nosilka ima pas in naramne trakove, ki se enostavno zapirajo. Ko dojen\u010dek malo zraste, nosilko enostavno prilagodite iz na\u010dina za novorojen\u010dka v na\u010din za dojen\u010dka in ga \u0161e naprej nositi proti sebi. Ko pa je dojen\u010dek dovolj velik in so star\u0161i pripravljeni, je obra\u010danje nosilke vnaprej, prav tako zelo enostavno in lahko.<\/li>\n<li><strong>Udobnost<\/strong> \u2013 tako za otroka kakor tudi za star\u0161a. Ergonomsko in udobno nastavljivo sedi\u0161\u010de se prilagaja rasti dojen\u010dka. Naramnice nosilke se lahko raz\u0161irijo za dodatno podporo dojen\u010dku in star\u0161u.<\/li>\n<li><strong>Kompaktnost<\/strong> \u2013 ko nosilke ne potrebujete, jo enostavno zvijete in pospravite. Zahvaljujo\u010d majhnosti lahko nosilko spravite v torbo za plenice, tako je nosilka vedno pri roki &#8211; kadarkoli jo potrebujete.<\/li>\n<li><strong>Dobra podpora <\/strong>\u2013 nastavljive \u0161iroke naramnice dr\u017eijo tkanino in obenem podpirajo dojen\u010dkov vrat, ter mu tako nudijo ne\u017eno in udobno podporo. Podlo\u017eena blazina za vrat nudi dodatno podporo za glavo novorojen\u010dka.<\/li>\n<\/ul>\n","protected":false},"excerpt":{"rendered":"<p>Udobna<strong> nosilka za novorojen\u010dke Embrace<\/strong> Ergobaby je odgovor na povpra\u0161evanje star\u0161ev \u0161irom sveta, ki i\u0161\u010dejo mehko in udobno opcijo nosilke za otroke, enostavnej\u0161o od rute (wrapa), za <strong>udobno in pravilno no\u0161enje novorojen\u010dka<\/strong>.<\/p>\n<p>Nosilka Embrace je primerna tudi za novorojen\u010dke, sa je primerna za otroke od 3,2 do 11,3 kilograma te\u017ee. Mo\u017enost no\u0161enja v obe smeri (glede na starost in velikost dojen\u010dka).<\/p>\n<p>&nbsp;<\/p>\n","protected":false},"featured_media":18147,"template":"","meta":[],"pwb-brand":[2415,2409],"product_brand":[],"product_cat":[2712,2397,2361],"product_tag":[3973,4168],"class_list":{"0":"post-18155","1":"product","2":"type-product","3":"status-publish","4":"has-post-thumbnail","6":"pwb-brand-ergobaby-potepanje","7":"pwb-brand-potepanje","8":"product_cat-darilo-za-decka","9":"product_cat-nosilke-za-otroke","10":"product_cat-potepanje","11":"product_tag-ergobaby","12":"product_tag-ergobaby-embrace","14":"first","15":"instock","16":"taxable","17":"shipping-taxable","18":"purchasable","19":"product-type-simple","20":"add-to-wishlist-before_image"},"yoast_head":"<!-- This site is optimized with the Yoast SEO plugin v27.3 - https:\/\/yoast.com\/product\/yoast-seo-wordpress\/ -->\n<title>Ergobaby Embrace nosilka za dojen\u010dke - Oxford Blue | Ajatutaja<\/title>\n<meta name=\"description\" content=\"Nosilka za novorojen\u010dke Embrace Ergobaby je odgovor na povpra\u0161evanje star\u0161ev,ki i\u0161\u010dejo mehko in udobno opcijo nosilke za otroke, enostavnej\u0161o od rute.\" \/>\n<meta name=\"robots\" content=\"index, follow, max-snippet:-1, max-image-preview:large, max-video-preview:-1\" \/>\n<link rel=\"canonical\" href=\"https:\/\/ajatutaja.com\/izdelek\/ergobaby-embrace-nosilka-za-dojencke-oxford-blue\/\" \/>\n<meta property=\"og:locale\" content=\"hr_HR\" \/>\n<meta property=\"og:type\" content=\"article\" \/>\n<meta property=\"og:title\" content=\"Ergobaby Embrace nosilka za dojen\u010dke - Oxford Blue | Ajatutaja\" \/>\n<meta property=\"og:description\" content=\"Nosilka za novorojen\u010dke Embrace Ergobaby je odgovor na povpra\u0161evanje star\u0161ev,ki i\u0161\u010dejo mehko in udobno opcijo nosilke za otroke, enostavnej\u0161o od rute.\" \/>\n<meta property=\"og:url\" content=\"https:\/\/ajatutaja.com\/izdelek\/ergobaby-embrace-nosilka-za-dojencke-oxford-blue\/\" \/>\n<meta property=\"og:site_name\" content=\"Ajatutaja\" \/>\n<meta property=\"article:modified_time\" content=\"2026-03-18T13:05:20+00:00\" \/>\n<meta property=\"og:image\" content=\"https:\/\/ajatutaja.com\/wp-content\/uploads\/2021\/11\/ergobaby-embrace-nosilka-blue-ajatutaja.jpg\" \/>\n\t<meta property=\"og:image:width\" content=\"700\" \/>\n\t<meta property=\"og:image:height\" content=\"700\" \/>\n\t<meta property=\"og:image:type\" content=\"image\/jpeg\" \/>\n<meta name=\"twitter:card\" content=\"summary_large_image\" \/>\n<meta name=\"twitter:label1\" content=\"Procijenjeno vrijeme \u010ditanja\" \/>\n\t<meta name=\"twitter:data1\" content=\"2 minute\" \/>\n<script type=\"application\/ld+json\" class=\"yoast-schema-graph\">{\"@context\":\"https:\\\/\\\/schema.org\",\"@graph\":[{\"@type\":\"WebPage\",\"@id\":\"https:\\\/\\\/ajatutaja.com\\\/izdelek\\\/ergobaby-embrace-nosilka-za-dojencke-oxford-blue\\\/\",\"url\":\"https:\\\/\\\/ajatutaja.com\\\/izdelek\\\/ergobaby-embrace-nosilka-za-dojencke-oxford-blue\\\/\",\"name\":\"Ergobaby Embrace nosilka za dojen\u010dke - Oxford Blue | Ajatutaja\",\"isPartOf\":{\"@id\":\"https:\\\/\\\/ajatutaja.com\\\/#website\"},\"primaryImageOfPage\":{\"@id\":\"https:\\\/\\\/ajatutaja.com\\\/izdelek\\\/ergobaby-embrace-nosilka-za-dojencke-oxford-blue\\\/#primaryimage\"},\"image\":{\"@id\":\"https:\\\/\\\/ajatutaja.com\\\/izdelek\\\/ergobaby-embrace-nosilka-za-dojencke-oxford-blue\\\/#primaryimage\"},\"thumbnailUrl\":\"https:\\\/\\\/ajatutaja.com\\\/wp-content\\\/uploads\\\/2021\\\/11\\\/ergobaby-embrace-nosilka-blue-ajatutaja.jpg\",\"datePublished\":\"2025-09-22T14:47:20+00:00\",\"dateModified\":\"2026-03-18T13:05:20+00:00\",\"description\":\"Nosilka za novorojen\u010dke Embrace Ergobaby je odgovor na povpra\u0161evanje star\u0161ev,ki i\u0161\u010dejo mehko in udobno opcijo nosilke za otroke, enostavnej\u0161o od rute.\",\"breadcrumb\":{\"@id\":\"https:\\\/\\\/ajatutaja.com\\\/izdelek\\\/ergobaby-embrace-nosilka-za-dojencke-oxford-blue\\\/#breadcrumb\"},\"inLanguage\":\"hr\",\"potentialAction\":[{\"@type\":\"ReadAction\",\"target\":[\"https:\\\/\\\/ajatutaja.com\\\/izdelek\\\/ergobaby-embrace-nosilka-za-dojencke-oxford-blue\\\/\"]}]},{\"@type\":\"ImageObject\",\"inLanguage\":\"hr\",\"@id\":\"https:\\\/\\\/ajatutaja.com\\\/izdelek\\\/ergobaby-embrace-nosilka-za-dojencke-oxford-blue\\\/#primaryimage\",\"url\":\"https:\\\/\\\/ajatutaja.com\\\/wp-content\\\/uploads\\\/2021\\\/11\\\/ergobaby-embrace-nosilka-blue-ajatutaja.jpg\",\"contentUrl\":\"https:\\\/\\\/ajatutaja.com\\\/wp-content\\\/uploads\\\/2021\\\/11\\\/ergobaby-embrace-nosilka-blue-ajatutaja.jpg\",\"width\":700,\"height\":700},{\"@type\":\"BreadcrumbList\",\"@id\":\"https:\\\/\\\/ajatutaja.com\\\/izdelek\\\/ergobaby-embrace-nosilka-za-dojencke-oxford-blue\\\/#breadcrumb\",\"itemListElement\":[{\"@type\":\"ListItem\",\"position\":1,\"name\":\"Home\",\"item\":\"https:\\\/\\\/ajatutaja.com\\\/hr\\\/\"},{\"@type\":\"ListItem\",\"position\":2,\"name\":\"Trgovina\",\"item\":\"https:\\\/\\\/ajatutaja.com\\\/hr\\\/trgovina\\\/\"},{\"@type\":\"ListItem\",\"position\":3,\"name\":\"Ergobaby Embrace nosilka za dojen\u010dke &#8211; Oxford Blue\"}]},{\"@type\":\"WebSite\",\"@id\":\"https:\\\/\\\/ajatutaja.com\\\/#website\",\"url\":\"https:\\\/\\\/ajatutaja.com\\\/\",\"name\":\"Ajatutaja\",\"description\":\"Otro\u0161ka spletna trgovina AJATUTAJA\",\"publisher\":{\"@id\":\"https:\\\/\\\/ajatutaja.com\\\/#organization\"},\"potentialAction\":[{\"@type\":\"SearchAction\",\"target\":{\"@type\":\"EntryPoint\",\"urlTemplate\":\"https:\\\/\\\/ajatutaja.com\\\/?s={search_term_string}\"},\"query-input\":{\"@type\":\"PropertyValueSpecification\",\"valueRequired\":true,\"valueName\":\"search_term_string\"}}],\"inLanguage\":\"hr\"},{\"@type\":\"Organization\",\"@id\":\"https:\\\/\\\/ajatutaja.com\\\/#organization\",\"name\":\"Ajatutaja\",\"url\":\"https:\\\/\\\/ajatutaja.com\\\/\",\"logo\":{\"@type\":\"ImageObject\",\"inLanguage\":\"hr\",\"@id\":\"https:\\\/\\\/ajatutaja.com\\\/#\\\/schema\\\/logo\\\/image\\\/\",\"url\":\"https:\\\/\\\/ajatutaja.com\\\/wp-content\\\/uploads\\\/2021\\\/10\\\/logo.png\",\"contentUrl\":\"https:\\\/\\\/ajatutaja.com\\\/wp-content\\\/uploads\\\/2021\\\/10\\\/logo.png\",\"width\":555,\"height\":150,\"caption\":\"Ajatutaja\"},\"image\":{\"@id\":\"https:\\\/\\\/ajatutaja.com\\\/#\\\/schema\\\/logo\\\/image\\\/\"}}]}<\/script>\n<!-- \/ Yoast SEO plugin. -->","yoast_head_json":{"title":"Ergobaby Embrace nosilka za dojen\u010dke - Oxford Blue | Ajatutaja","description":"Nosilka za novorojen\u010dke Embrace Ergobaby je odgovor na povpra\u0161evanje star\u0161ev,ki i\u0161\u010dejo mehko in udobno opcijo nosilke za otroke, enostavnej\u0161o od rute.","robots":{"index":"index","follow":"follow","max-snippet":"max-snippet:-1","max-image-preview":"max-image-preview:large","max-video-preview":"max-video-preview:-1"},"canonical":"https:\/\/ajatutaja.com\/izdelek\/ergobaby-embrace-nosilka-za-dojencke-oxford-blue\/","og_locale":"hr_HR","og_type":"article","og_title":"Ergobaby Embrace nosilka za dojen\u010dke - Oxford Blue | Ajatutaja","og_description":"Nosilka za novorojen\u010dke Embrace Ergobaby je odgovor na povpra\u0161evanje star\u0161ev,ki i\u0161\u010dejo mehko in udobno opcijo nosilke za otroke, enostavnej\u0161o od rute.","og_url":"https:\/\/ajatutaja.com\/izdelek\/ergobaby-embrace-nosilka-za-dojencke-oxford-blue\/","og_site_name":"Ajatutaja","article_modified_time":"2026-03-18T13:05:20+00:00","og_image":[{"width":700,"height":700,"url":"https:\/\/ajatutaja.com\/wp-content\/uploads\/2021\/11\/ergobaby-embrace-nosilka-blue-ajatutaja.jpg","type":"image\/jpeg"}],"twitter_card":"summary_large_image","twitter_misc":{"Procijenjeno vrijeme \u010ditanja":"2 minute"},"schema":{"@context":"https:\/\/schema.org","@graph":[{"@type":"WebPage","@id":"https:\/\/ajatutaja.com\/izdelek\/ergobaby-embrace-nosilka-za-dojencke-oxford-blue\/","url":"https:\/\/ajatutaja.com\/izdelek\/ergobaby-embrace-nosilka-za-dojencke-oxford-blue\/","name":"Ergobaby Embrace nosilka za dojen\u010dke - Oxford Blue | Ajatutaja","isPartOf":{"@id":"https:\/\/ajatutaja.com\/#website"},"primaryImageOfPage":{"@id":"https:\/\/ajatutaja.com\/izdelek\/ergobaby-embrace-nosilka-za-dojencke-oxford-blue\/#primaryimage"},"image":{"@id":"https:\/\/ajatutaja.com\/izdelek\/ergobaby-embrace-nosilka-za-dojencke-oxford-blue\/#primaryimage"},"thumbnailUrl":"https:\/\/ajatutaja.com\/wp-content\/uploads\/2021\/11\/ergobaby-embrace-nosilka-blue-ajatutaja.jpg","datePublished":"2025-09-22T14:47:20+00:00","dateModified":"2026-03-18T13:05:20+00:00","description":"Nosilka za novorojen\u010dke Embrace Ergobaby je odgovor na povpra\u0161evanje star\u0161ev,ki i\u0161\u010dejo mehko in udobno opcijo nosilke za otroke, enostavnej\u0161o od rute.","breadcrumb":{"@id":"https:\/\/ajatutaja.com\/izdelek\/ergobaby-embrace-nosilka-za-dojencke-oxford-blue\/#breadcrumb"},"inLanguage":"hr","potentialAction":[{"@type":"ReadAction","target":["https:\/\/ajatutaja.com\/izdelek\/ergobaby-embrace-nosilka-za-dojencke-oxford-blue\/"]}]},{"@type":"ImageObject","inLanguage":"hr","@id":"https:\/\/ajatutaja.com\/izdelek\/ergobaby-embrace-nosilka-za-dojencke-oxford-blue\/#primaryimage","url":"https:\/\/ajatutaja.com\/wp-content\/uploads\/2021\/11\/ergobaby-embrace-nosilka-blue-ajatutaja.jpg","contentUrl":"https:\/\/ajatutaja.com\/wp-content\/uploads\/2021\/11\/ergobaby-embrace-nosilka-blue-ajatutaja.jpg","width":700,"height":700},{"@type":"BreadcrumbList","@id":"https:\/\/ajatutaja.com\/izdelek\/ergobaby-embrace-nosilka-za-dojencke-oxford-blue\/#breadcrumb","itemListElement":[{"@type":"ListItem","position":1,"name":"Home","item":"https:\/\/ajatutaja.com\/hr\/"},{"@type":"ListItem","position":2,"name":"Trgovina","item":"https:\/\/ajatutaja.com\/hr\/trgovina\/"},{"@type":"ListItem","position":3,"name":"Ergobaby Embrace nosilka za dojen\u010dke &#8211; Oxford Blue"}]},{"@type":"WebSite","@id":"https:\/\/ajatutaja.com\/#website","url":"https:\/\/ajatutaja.com\/","name":"Ajatutaja","description":"Otro\u0161ka spletna trgovina AJATUTAJA","publisher":{"@id":"https:\/\/ajatutaja.com\/#organization"},"potentialAction":[{"@type":"SearchAction","target":{"@type":"EntryPoint","urlTemplate":"https:\/\/ajatutaja.com\/?s={search_term_string}"},"query-input":{"@type":"PropertyValueSpecification","valueRequired":true,"valueName":"search_term_string"}}],"inLanguage":"hr"},{"@type":"Organization","@id":"https:\/\/ajatutaja.com\/#organization","name":"Ajatutaja","url":"https:\/\/ajatutaja.com\/","logo":{"@type":"ImageObject","inLanguage":"hr","@id":"https:\/\/ajatutaja.com\/#\/schema\/logo\/image\/","url":"https:\/\/ajatutaja.com\/wp-content\/uploads\/2021\/10\/logo.png","contentUrl":"https:\/\/ajatutaja.com\/wp-content\/uploads\/2021\/10\/logo.png","width":555,"height":150,"caption":"Ajatutaja"},"image":{"@id":"https:\/\/ajatutaja.com\/#\/schema\/logo\/image\/"}}]}},"brands":[{"id":2415,"name":"Ergobaby","slug":"ergobaby-potepanje"},{"id":2409,"name":"Potepanje","slug":"potepanje"}],"_links":{"self":[{"href":"https:\/\/ajatutaja.com\/hr\/wp-json\/wp\/v2\/product\/18155","targetHints":{"allow":["GET"]}}],"collection":[{"href":"https:\/\/ajatutaja.com\/hr\/wp-json\/wp\/v2\/product"}],"about":[{"href":"https:\/\/ajatutaja.com\/hr\/wp-json\/wp\/v2\/types\/product"}],"wp:featuredmedia":[{"embeddable":true,"href":"https:\/\/ajatutaja.com\/hr\/wp-json\/wp\/v2\/media\/18147"}],"wp:attachment":[{"href":"https:\/\/ajatutaja.com\/hr\/wp-json\/wp\/v2\/media?parent=18155"}],"wp:term":[{"taxonomy":"pwb-brand","embeddable":true,"href":"https:\/\/ajatutaja.com\/hr\/wp-json\/wp\/v2\/pwb-brand?post=18155"},{"taxonomy":"product_brand","embeddable":true,"href":"https:\/\/ajatutaja.com\/hr\/wp-json\/wp\/v2\/product_brand?post=18155"},{"taxonomy":"product_cat","embeddable":true,"href":"https:\/\/ajatutaja.com\/hr\/wp-json\/wp\/v2\/product_cat?post=18155"},{"taxonomy":"product_tag","embeddable":true,"href":"https:\/\/ajatutaja.com\/hr\/wp-json\/wp\/v2\/product_tag?post=18155"}],"curies":[{"name":"wp","href":"https:\/\/api.w.org\/{rel}","templated":true}]}}