{"id":18105,"date":"2024-09-05T14:14:17","date_gmt":"2024-09-05T12:14:17","guid":{"rendered":"https:\/\/ajatutaja.com\/izdelek\/lesena-otroska-kitara-kids-concept-white\/"},"modified":"2025-11-16T19:13:41","modified_gmt":"2025-11-16T18:13:41","slug":"lesena-otroska-kitara-kids-concept-white","status":"publish","type":"product","link":"https:\/\/ajatutaja.com\/hr\/proizvod\/lesena-otroska-kitara-kids-concept-white\/","title":{"rendered":"Lesena otro\u0161ka kitara Kid`s Concept &#8211; White"},"content":{"rendered":"<p>[vc_row][vc_column][vc_column_text]Lesena otro\u0161ka kitara Kid`s Concept ima naslednje lastnosti:<\/p>\n<ul>\n<li>Material: Les<\/li>\n<li>Mere: 53cm x 5cm x 18cm<\/li>\n<li>Izdelek ustreza evropskem standardu EN71<\/li>\n<li>\u010ci\u0161\u010denje z mehko in vla\u017eno krpo<\/li>\n<li>OPOZORILO! Ni primerno za otroke mlaj\u0161e od 3 let!<\/li>\n<\/ul>\n<p><em>Lesene igra\u010de in glasbila Kid`s Concept so na voljo tudi v trgovini Ajatutaja Koper!<\/em>[\/vc_column_text][\/vc_column][\/vc_row]<\/p>\n","protected":false},"excerpt":{"rendered":"<p style=\"text-align: justify\">Lesena otro\u0161ka kitara Kid`s Concept na \u0161est strun je lahka in enostavna za oprijem. Va\u0161i mal\u010dki bodo navdu\u0161eni ob ustvarjanju razli\u010dnih zvokov in melodij. Kitara je narejena ro\u010dno, kar pomeni, da je prav vsaka izmed njih unikatna in nekaj posebnega!<\/p>\n","protected":false},"featured_media":18106,"template":"","meta":[],"pwb-brand":[2452,2470],"product_brand":[],"product_cat":[3992,5072,2716,2362,2444],"product_tag":[4215],"class_list":{"0":"post-18105","1":"product","2":"type-product","3":"status-publish","4":"has-post-thumbnail","6":"pwb-brand-igranje","7":"pwb-brand-kids-concept","8":"product_cat-3-leta-igrace","9":"product_cat-bozicna-darila","10":"product_cat-darilo-do-30e","11":"product_cat-igranje","12":"product_cat-otroska-glasbila","13":"product_tag-kids-concept","15":"first","16":"instock","17":"taxable","18":"shipping-taxable","19":"purchasable","20":"product-type-simple","21":"add-to-wishlist-before_image"},"yoast_head":"<!-- This site is optimized with the Yoast SEO plugin v27.3 - https:\/\/yoast.com\/product\/yoast-seo-wordpress\/ -->\n<title>Lesena otro\u0161ka kitara Kid`s Concept - White | Ajatutaja<\/title>\n<meta name=\"description\" content=\"Lesena otro\u0161ka kitara Kid`s Concept na \u0161est strun je lahka in enostavna za oprijem. Va\u0161i mal\u010dki bodo navdu\u0161eni ob ustvarjanju razli\u010dnih zvokov in melodij.\" \/>\n<meta name=\"robots\" content=\"index, follow, max-snippet:-1, max-image-preview:large, max-video-preview:-1\" \/>\n<link rel=\"canonical\" href=\"https:\/\/ajatutaja.com\/izdelek\/lesena-otroska-kitara-kids-concept-white\/\" \/>\n<meta property=\"og:locale\" content=\"hr_HR\" \/>\n<meta property=\"og:type\" content=\"article\" \/>\n<meta property=\"og:title\" content=\"Lesena otro\u0161ka kitara Kid`s Concept - White | Ajatutaja\" \/>\n<meta property=\"og:description\" content=\"Lesena otro\u0161ka kitara Kid`s Concept na \u0161est strun je lahka in enostavna za oprijem. Va\u0161i mal\u010dki bodo navdu\u0161eni ob ustvarjanju razli\u010dnih zvokov in melodij.\" \/>\n<meta property=\"og:url\" content=\"https:\/\/ajatutaja.com\/izdelek\/lesena-otroska-kitara-kids-concept-white\/\" \/>\n<meta property=\"og:site_name\" content=\"Ajatutaja\" \/>\n<meta property=\"article:modified_time\" content=\"2025-11-16T18:13:41+00:00\" \/>\n<meta property=\"og:image\" content=\"https:\/\/ajatutaja.com\/wp-content\/uploads\/2021\/11\/lesena-kitara-kids-koncept-ajatutaja1.jpg\" \/>\n\t<meta property=\"og:image:width\" content=\"700\" \/>\n\t<meta property=\"og:image:height\" content=\"700\" \/>\n\t<meta property=\"og:image:type\" content=\"image\/jpeg\" \/>\n<meta name=\"twitter:card\" content=\"summary_large_image\" \/>\n<script type=\"application\/ld+json\" class=\"yoast-schema-graph\">{\"@context\":\"https:\\\/\\\/schema.org\",\"@graph\":[{\"@type\":\"WebPage\",\"@id\":\"https:\\\/\\\/ajatutaja.com\\\/izdelek\\\/lesena-otroska-kitara-kids-concept-white\\\/\",\"url\":\"https:\\\/\\\/ajatutaja.com\\\/izdelek\\\/lesena-otroska-kitara-kids-concept-white\\\/\",\"name\":\"Lesena otro\u0161ka kitara Kid`s Concept - White | Ajatutaja\",\"isPartOf\":{\"@id\":\"https:\\\/\\\/ajatutaja.com\\\/#website\"},\"primaryImageOfPage\":{\"@id\":\"https:\\\/\\\/ajatutaja.com\\\/izdelek\\\/lesena-otroska-kitara-kids-concept-white\\\/#primaryimage\"},\"image\":{\"@id\":\"https:\\\/\\\/ajatutaja.com\\\/izdelek\\\/lesena-otroska-kitara-kids-concept-white\\\/#primaryimage\"},\"thumbnailUrl\":\"https:\\\/\\\/ajatutaja.com\\\/wp-content\\\/uploads\\\/2021\\\/11\\\/lesena-kitara-kids-koncept-ajatutaja1.jpg\",\"datePublished\":\"2024-09-05T12:14:17+00:00\",\"dateModified\":\"2025-11-16T18:13:41+00:00\",\"description\":\"Lesena otro\u0161ka kitara Kid`s Concept na \u0161est strun je lahka in enostavna za oprijem. Va\u0161i mal\u010dki bodo navdu\u0161eni ob ustvarjanju razli\u010dnih zvokov in melodij.\",\"breadcrumb\":{\"@id\":\"https:\\\/\\\/ajatutaja.com\\\/izdelek\\\/lesena-otroska-kitara-kids-concept-white\\\/#breadcrumb\"},\"inLanguage\":\"hr\",\"potentialAction\":[{\"@type\":\"ReadAction\",\"target\":[\"https:\\\/\\\/ajatutaja.com\\\/izdelek\\\/lesena-otroska-kitara-kids-concept-white\\\/\"]}]},{\"@type\":\"ImageObject\",\"inLanguage\":\"hr\",\"@id\":\"https:\\\/\\\/ajatutaja.com\\\/izdelek\\\/lesena-otroska-kitara-kids-concept-white\\\/#primaryimage\",\"url\":\"https:\\\/\\\/ajatutaja.com\\\/wp-content\\\/uploads\\\/2021\\\/11\\\/lesena-kitara-kids-koncept-ajatutaja1.jpg\",\"contentUrl\":\"https:\\\/\\\/ajatutaja.com\\\/wp-content\\\/uploads\\\/2021\\\/11\\\/lesena-kitara-kids-koncept-ajatutaja1.jpg\",\"width\":700,\"height\":700},{\"@type\":\"BreadcrumbList\",\"@id\":\"https:\\\/\\\/ajatutaja.com\\\/izdelek\\\/lesena-otroska-kitara-kids-concept-white\\\/#breadcrumb\",\"itemListElement\":[{\"@type\":\"ListItem\",\"position\":1,\"name\":\"Home\",\"item\":\"https:\\\/\\\/ajatutaja.com\\\/hr\\\/\"},{\"@type\":\"ListItem\",\"position\":2,\"name\":\"Trgovina\",\"item\":\"https:\\\/\\\/ajatutaja.com\\\/hr\\\/trgovina\\\/\"},{\"@type\":\"ListItem\",\"position\":3,\"name\":\"Lesena otro\u0161ka kitara Kid`s Concept &#8211; White\"}]},{\"@type\":\"WebSite\",\"@id\":\"https:\\\/\\\/ajatutaja.com\\\/#website\",\"url\":\"https:\\\/\\\/ajatutaja.com\\\/\",\"name\":\"Ajatutaja\",\"description\":\"Otro\u0161ka spletna trgovina AJATUTAJA\",\"publisher\":{\"@id\":\"https:\\\/\\\/ajatutaja.com\\\/#organization\"},\"potentialAction\":[{\"@type\":\"SearchAction\",\"target\":{\"@type\":\"EntryPoint\",\"urlTemplate\":\"https:\\\/\\\/ajatutaja.com\\\/?s={search_term_string}\"},\"query-input\":{\"@type\":\"PropertyValueSpecification\",\"valueRequired\":true,\"valueName\":\"search_term_string\"}}],\"inLanguage\":\"hr\"},{\"@type\":\"Organization\",\"@id\":\"https:\\\/\\\/ajatutaja.com\\\/#organization\",\"name\":\"Ajatutaja\",\"url\":\"https:\\\/\\\/ajatutaja.com\\\/\",\"logo\":{\"@type\":\"ImageObject\",\"inLanguage\":\"hr\",\"@id\":\"https:\\\/\\\/ajatutaja.com\\\/#\\\/schema\\\/logo\\\/image\\\/\",\"url\":\"https:\\\/\\\/ajatutaja.com\\\/wp-content\\\/uploads\\\/2021\\\/10\\\/logo.png\",\"contentUrl\":\"https:\\\/\\\/ajatutaja.com\\\/wp-content\\\/uploads\\\/2021\\\/10\\\/logo.png\",\"width\":555,\"height\":150,\"caption\":\"Ajatutaja\"},\"image\":{\"@id\":\"https:\\\/\\\/ajatutaja.com\\\/#\\\/schema\\\/logo\\\/image\\\/\"}}]}<\/script>\n<!-- \/ Yoast SEO plugin. -->","yoast_head_json":{"title":"Lesena otro\u0161ka kitara Kid`s Concept - White | Ajatutaja","description":"Lesena otro\u0161ka kitara Kid`s Concept na \u0161est strun je lahka in enostavna za oprijem. Va\u0161i mal\u010dki bodo navdu\u0161eni ob ustvarjanju razli\u010dnih zvokov in melodij.","robots":{"index":"index","follow":"follow","max-snippet":"max-snippet:-1","max-image-preview":"max-image-preview:large","max-video-preview":"max-video-preview:-1"},"canonical":"https:\/\/ajatutaja.com\/izdelek\/lesena-otroska-kitara-kids-concept-white\/","og_locale":"hr_HR","og_type":"article","og_title":"Lesena otro\u0161ka kitara Kid`s Concept - White | Ajatutaja","og_description":"Lesena otro\u0161ka kitara Kid`s Concept na \u0161est strun je lahka in enostavna za oprijem. Va\u0161i mal\u010dki bodo navdu\u0161eni ob ustvarjanju razli\u010dnih zvokov in melodij.","og_url":"https:\/\/ajatutaja.com\/izdelek\/lesena-otroska-kitara-kids-concept-white\/","og_site_name":"Ajatutaja","article_modified_time":"2025-11-16T18:13:41+00:00","og_image":[{"width":700,"height":700,"url":"https:\/\/ajatutaja.com\/wp-content\/uploads\/2021\/11\/lesena-kitara-kids-koncept-ajatutaja1.jpg","type":"image\/jpeg"}],"twitter_card":"summary_large_image","schema":{"@context":"https:\/\/schema.org","@graph":[{"@type":"WebPage","@id":"https:\/\/ajatutaja.com\/izdelek\/lesena-otroska-kitara-kids-concept-white\/","url":"https:\/\/ajatutaja.com\/izdelek\/lesena-otroska-kitara-kids-concept-white\/","name":"Lesena otro\u0161ka kitara Kid`s Concept - White | Ajatutaja","isPartOf":{"@id":"https:\/\/ajatutaja.com\/#website"},"primaryImageOfPage":{"@id":"https:\/\/ajatutaja.com\/izdelek\/lesena-otroska-kitara-kids-concept-white\/#primaryimage"},"image":{"@id":"https:\/\/ajatutaja.com\/izdelek\/lesena-otroska-kitara-kids-concept-white\/#primaryimage"},"thumbnailUrl":"https:\/\/ajatutaja.com\/wp-content\/uploads\/2021\/11\/lesena-kitara-kids-koncept-ajatutaja1.jpg","datePublished":"2024-09-05T12:14:17+00:00","dateModified":"2025-11-16T18:13:41+00:00","description":"Lesena otro\u0161ka kitara Kid`s Concept na \u0161est strun je lahka in enostavna za oprijem. Va\u0161i mal\u010dki bodo navdu\u0161eni ob ustvarjanju razli\u010dnih zvokov in melodij.","breadcrumb":{"@id":"https:\/\/ajatutaja.com\/izdelek\/lesena-otroska-kitara-kids-concept-white\/#breadcrumb"},"inLanguage":"hr","potentialAction":[{"@type":"ReadAction","target":["https:\/\/ajatutaja.com\/izdelek\/lesena-otroska-kitara-kids-concept-white\/"]}]},{"@type":"ImageObject","inLanguage":"hr","@id":"https:\/\/ajatutaja.com\/izdelek\/lesena-otroska-kitara-kids-concept-white\/#primaryimage","url":"https:\/\/ajatutaja.com\/wp-content\/uploads\/2021\/11\/lesena-kitara-kids-koncept-ajatutaja1.jpg","contentUrl":"https:\/\/ajatutaja.com\/wp-content\/uploads\/2021\/11\/lesena-kitara-kids-koncept-ajatutaja1.jpg","width":700,"height":700},{"@type":"BreadcrumbList","@id":"https:\/\/ajatutaja.com\/izdelek\/lesena-otroska-kitara-kids-concept-white\/#breadcrumb","itemListElement":[{"@type":"ListItem","position":1,"name":"Home","item":"https:\/\/ajatutaja.com\/hr\/"},{"@type":"ListItem","position":2,"name":"Trgovina","item":"https:\/\/ajatutaja.com\/hr\/trgovina\/"},{"@type":"ListItem","position":3,"name":"Lesena otro\u0161ka kitara Kid`s Concept &#8211; White"}]},{"@type":"WebSite","@id":"https:\/\/ajatutaja.com\/#website","url":"https:\/\/ajatutaja.com\/","name":"Ajatutaja","description":"Otro\u0161ka spletna trgovina AJATUTAJA","publisher":{"@id":"https:\/\/ajatutaja.com\/#organization"},"potentialAction":[{"@type":"SearchAction","target":{"@type":"EntryPoint","urlTemplate":"https:\/\/ajatutaja.com\/?s={search_term_string}"},"query-input":{"@type":"PropertyValueSpecification","valueRequired":true,"valueName":"search_term_string"}}],"inLanguage":"hr"},{"@type":"Organization","@id":"https:\/\/ajatutaja.com\/#organization","name":"Ajatutaja","url":"https:\/\/ajatutaja.com\/","logo":{"@type":"ImageObject","inLanguage":"hr","@id":"https:\/\/ajatutaja.com\/#\/schema\/logo\/image\/","url":"https:\/\/ajatutaja.com\/wp-content\/uploads\/2021\/10\/logo.png","contentUrl":"https:\/\/ajatutaja.com\/wp-content\/uploads\/2021\/10\/logo.png","width":555,"height":150,"caption":"Ajatutaja"},"image":{"@id":"https:\/\/ajatutaja.com\/#\/schema\/logo\/image\/"}}]}},"brands":[{"id":2452,"name":"Igranje","slug":"igranje"},{"id":2470,"name":"Kid's Concept","slug":"kids-concept"}],"_links":{"self":[{"href":"https:\/\/ajatutaja.com\/hr\/wp-json\/wp\/v2\/product\/18105","targetHints":{"allow":["GET"]}}],"collection":[{"href":"https:\/\/ajatutaja.com\/hr\/wp-json\/wp\/v2\/product"}],"about":[{"href":"https:\/\/ajatutaja.com\/hr\/wp-json\/wp\/v2\/types\/product"}],"wp:featuredmedia":[{"embeddable":true,"href":"https:\/\/ajatutaja.com\/hr\/wp-json\/wp\/v2\/media\/18106"}],"wp:attachment":[{"href":"https:\/\/ajatutaja.com\/hr\/wp-json\/wp\/v2\/media?parent=18105"}],"wp:term":[{"taxonomy":"pwb-brand","embeddable":true,"href":"https:\/\/ajatutaja.com\/hr\/wp-json\/wp\/v2\/pwb-brand?post=18105"},{"taxonomy":"product_brand","embeddable":true,"href":"https:\/\/ajatutaja.com\/hr\/wp-json\/wp\/v2\/product_brand?post=18105"},{"taxonomy":"product_cat","embeddable":true,"href":"https:\/\/ajatutaja.com\/hr\/wp-json\/wp\/v2\/product_cat?post=18105"},{"taxonomy":"product_tag","embeddable":true,"href":"https:\/\/ajatutaja.com\/hr\/wp-json\/wp\/v2\/product_tag?post=18105"}],"curies":[{"name":"wp","href":"https:\/\/api.w.org\/{rel}","templated":true}]}}