{"id":18069,"date":"2023-08-20T11:30:58","date_gmt":"2023-08-20T09:30:58","guid":{"rendered":"https:\/\/ajatutaja.com\/izdelek\/dodatna-oprema-za-vozicek-mast-m2\/"},"modified":"2026-05-09T06:58:19","modified_gmt":"2026-05-09T04:58:19","slug":"dodatna-oprema-za-vozicek-mast-m2","status":"publish","type":"product","link":"https:\/\/ajatutaja.com\/hr\/proizvod\/dodatna-oprema-za-vozicek-mast-m2\/","title":{"rendered":"MAST dodatna oprema za vozi\u010dek M2"},"content":{"rendered":"<p>Kompaktni vozi\u010dek MAST zadovoljuje potrebe sodobnih star\u0161ev in zdru\u017euje vse funkcionalnosti za maksimalno varnost ter udobje va\u0161ega mal\u010dka. Da bo vo\u017enja z vozi\u010dkom MAST \u0161e bolj brezskrba je tu set dodatkov.<\/p>\n<p>Paket vsebuje:<\/p>\n<ul>\n<li>Transportna torba<\/li>\n<li>Za\u0161\u010dita za komarje<\/li>\n<li>De\u017ena za\u0161\u010dita<\/li>\n<\/ul>\n<p><em>\u00a0<\/em><\/p>\n<p>&nbsp;<\/p>\n","protected":false},"excerpt":{"rendered":"<p><strong>Set dodatkov za vozi\u010dek MAST<\/strong> vklju\u010duje transportno\/potovalno torbo za vozi\u010dek, komarnik in de\u017eno prevleko.<\/p>\n<p>Otro\u0161ki vozi\u010dek MAST je oblikovan tako, da zdru\u017euje najbolj\u0161e lastnosti vozi\u010dkov v svoji kategoriji kompaktnih vozi\u010dkov. MAST otro\u0161ki vozi\u010dek je dovolj majhen in lahek, da ga lahko vzamete povsod. Tako kompakten, da ga lahko pospravite v prtja\u017enik avtomobila in ga vzamete s seboj na letalo.<\/p>\n","protected":false},"featured_media":18070,"template":"","meta":[],"pwb-brand":[2380,2374],"product_brand":[],"product_cat":[2370,2360],"product_tag":[4225,4226],"class_list":{"0":"post-18069","1":"product","2":"type-product","3":"status-publish","4":"has-post-thumbnail","6":"pwb-brand-mast","7":"pwb-brand-vozicki","8":"product_cat-dodatna-oprema-vozicki","9":"product_cat-vozicki","10":"product_tag-mast","11":"product_tag-vozicek-mast-m2","13":"first","14":"instock","15":"taxable","16":"shipping-taxable","17":"purchasable","18":"product-type-simple","19":"add-to-wishlist-before_image"},"yoast_head":"<!-- This site is optimized with the Yoast SEO plugin v27.6 - https:\/\/yoast.com\/product\/yoast-seo-wordpress\/ -->\n<title>MAST dodatna oprema za vozi\u010dek M2 | Ajatutaja<\/title>\n<meta name=\"description\" content=\"MAST otro\u0161ki vozi\u010dek zadovoljuje potrebe sodobnih star\u0161ev in zdru\u017euje vse funkcionalnosti za maksimalno varnost ter udobje va\u0161ega mal\u010dka. 5.9 kg\" \/>\n<meta name=\"robots\" content=\"index, follow, max-snippet:-1, max-image-preview:large, max-video-preview:-1\" \/>\n<link rel=\"canonical\" href=\"https:\/\/ajatutaja.com\/izdelek\/dodatna-oprema-za-vozicek-mast-m2\/\" \/>\n<meta property=\"og:locale\" content=\"hr_HR\" \/>\n<meta property=\"og:type\" content=\"article\" \/>\n<meta property=\"og:title\" content=\"MAST dodatna oprema za vozi\u010dek M2 | Ajatutaja\" \/>\n<meta property=\"og:description\" content=\"MAST otro\u0161ki vozi\u010dek zadovoljuje potrebe sodobnih star\u0161ev in zdru\u017euje vse funkcionalnosti za maksimalno varnost ter udobje va\u0161ega mal\u010dka. 5.9 kg\" \/>\n<meta property=\"og:url\" content=\"https:\/\/ajatutaja.com\/izdelek\/dodatna-oprema-za-vozicek-mast-m2\/\" \/>\n<meta property=\"og:site_name\" content=\"Ajatutaja\" \/>\n<meta property=\"article:modified_time\" content=\"2026-05-09T04:58:19+00:00\" \/>\n<meta property=\"og:image\" content=\"https:\/\/ajatutaja.com\/wp-content\/uploads\/2021\/11\/m2_accessories.jpg\" \/>\n\t<meta property=\"og:image:width\" content=\"600\" \/>\n\t<meta property=\"og:image:height\" content=\"600\" \/>\n\t<meta property=\"og:image:type\" content=\"image\/jpeg\" \/>\n<meta name=\"twitter:card\" content=\"summary_large_image\" \/>\n<script type=\"application\/ld+json\" class=\"yoast-schema-graph\">{\"@context\":\"https:\\\/\\\/schema.org\",\"@graph\":[{\"@type\":\"WebPage\",\"@id\":\"https:\\\/\\\/ajatutaja.com\\\/izdelek\\\/dodatna-oprema-za-vozicek-mast-m2\\\/\",\"url\":\"https:\\\/\\\/ajatutaja.com\\\/izdelek\\\/dodatna-oprema-za-vozicek-mast-m2\\\/\",\"name\":\"MAST dodatna oprema za vozi\u010dek M2 | Ajatutaja\",\"isPartOf\":{\"@id\":\"https:\\\/\\\/ajatutaja.com\\\/#website\"},\"primaryImageOfPage\":{\"@id\":\"https:\\\/\\\/ajatutaja.com\\\/izdelek\\\/dodatna-oprema-za-vozicek-mast-m2\\\/#primaryimage\"},\"image\":{\"@id\":\"https:\\\/\\\/ajatutaja.com\\\/izdelek\\\/dodatna-oprema-za-vozicek-mast-m2\\\/#primaryimage\"},\"thumbnailUrl\":\"https:\\\/\\\/ajatutaja.com\\\/wp-content\\\/uploads\\\/2021\\\/11\\\/m2_accessories.jpg\",\"datePublished\":\"2023-08-20T09:30:58+00:00\",\"dateModified\":\"2026-05-09T04:58:19+00:00\",\"description\":\"MAST otro\u0161ki vozi\u010dek zadovoljuje potrebe sodobnih star\u0161ev in zdru\u017euje vse funkcionalnosti za maksimalno varnost ter udobje va\u0161ega mal\u010dka. 5.9 kg\",\"breadcrumb\":{\"@id\":\"https:\\\/\\\/ajatutaja.com\\\/izdelek\\\/dodatna-oprema-za-vozicek-mast-m2\\\/#breadcrumb\"},\"inLanguage\":\"hr\",\"potentialAction\":[{\"@type\":\"ReadAction\",\"target\":[\"https:\\\/\\\/ajatutaja.com\\\/izdelek\\\/dodatna-oprema-za-vozicek-mast-m2\\\/\"]}]},{\"@type\":\"ImageObject\",\"inLanguage\":\"hr\",\"@id\":\"https:\\\/\\\/ajatutaja.com\\\/izdelek\\\/dodatna-oprema-za-vozicek-mast-m2\\\/#primaryimage\",\"url\":\"https:\\\/\\\/ajatutaja.com\\\/wp-content\\\/uploads\\\/2021\\\/11\\\/m2_accessories.jpg\",\"contentUrl\":\"https:\\\/\\\/ajatutaja.com\\\/wp-content\\\/uploads\\\/2021\\\/11\\\/m2_accessories.jpg\",\"width\":600,\"height\":600},{\"@type\":\"BreadcrumbList\",\"@id\":\"https:\\\/\\\/ajatutaja.com\\\/izdelek\\\/dodatna-oprema-za-vozicek-mast-m2\\\/#breadcrumb\",\"itemListElement\":[{\"@type\":\"ListItem\",\"position\":1,\"name\":\"Home\",\"item\":\"https:\\\/\\\/ajatutaja.com\\\/hr\\\/\"},{\"@type\":\"ListItem\",\"position\":2,\"name\":\"Trgovina\",\"item\":\"https:\\\/\\\/ajatutaja.com\\\/hr\\\/trgovina\\\/\"},{\"@type\":\"ListItem\",\"position\":3,\"name\":\"MAST dodatna oprema za vozi\u010dek M2\"}]},{\"@type\":\"WebSite\",\"@id\":\"https:\\\/\\\/ajatutaja.com\\\/#website\",\"url\":\"https:\\\/\\\/ajatutaja.com\\\/\",\"name\":\"Ajatutaja\",\"description\":\"Otro\u0161ka spletna trgovina AJATUTAJA\",\"publisher\":{\"@id\":\"https:\\\/\\\/ajatutaja.com\\\/#organization\"},\"potentialAction\":[{\"@type\":\"SearchAction\",\"target\":{\"@type\":\"EntryPoint\",\"urlTemplate\":\"https:\\\/\\\/ajatutaja.com\\\/?s={search_term_string}\"},\"query-input\":{\"@type\":\"PropertyValueSpecification\",\"valueRequired\":true,\"valueName\":\"search_term_string\"}}],\"inLanguage\":\"hr\"},{\"@type\":\"Organization\",\"@id\":\"https:\\\/\\\/ajatutaja.com\\\/#organization\",\"name\":\"Ajatutaja\",\"url\":\"https:\\\/\\\/ajatutaja.com\\\/\",\"logo\":{\"@type\":\"ImageObject\",\"inLanguage\":\"hr\",\"@id\":\"https:\\\/\\\/ajatutaja.com\\\/#\\\/schema\\\/logo\\\/image\\\/\",\"url\":\"https:\\\/\\\/ajatutaja.com\\\/wp-content\\\/uploads\\\/2021\\\/10\\\/logo.png\",\"contentUrl\":\"https:\\\/\\\/ajatutaja.com\\\/wp-content\\\/uploads\\\/2021\\\/10\\\/logo.png\",\"width\":555,\"height\":150,\"caption\":\"Ajatutaja\"},\"image\":{\"@id\":\"https:\\\/\\\/ajatutaja.com\\\/#\\\/schema\\\/logo\\\/image\\\/\"}}]}<\/script>\n<!-- \/ Yoast SEO plugin. -->","yoast_head_json":{"title":"MAST dodatna oprema za vozi\u010dek M2 | Ajatutaja","description":"MAST otro\u0161ki vozi\u010dek zadovoljuje potrebe sodobnih star\u0161ev in zdru\u017euje vse funkcionalnosti za maksimalno varnost ter udobje va\u0161ega mal\u010dka. 5.9 kg","robots":{"index":"index","follow":"follow","max-snippet":"max-snippet:-1","max-image-preview":"max-image-preview:large","max-video-preview":"max-video-preview:-1"},"canonical":"https:\/\/ajatutaja.com\/izdelek\/dodatna-oprema-za-vozicek-mast-m2\/","og_locale":"hr_HR","og_type":"article","og_title":"MAST dodatna oprema za vozi\u010dek M2 | Ajatutaja","og_description":"MAST otro\u0161ki vozi\u010dek zadovoljuje potrebe sodobnih star\u0161ev in zdru\u017euje vse funkcionalnosti za maksimalno varnost ter udobje va\u0161ega mal\u010dka. 5.9 kg","og_url":"https:\/\/ajatutaja.com\/izdelek\/dodatna-oprema-za-vozicek-mast-m2\/","og_site_name":"Ajatutaja","article_modified_time":"2026-05-09T04:58:19+00:00","og_image":[{"width":600,"height":600,"url":"https:\/\/ajatutaja.com\/wp-content\/uploads\/2021\/11\/m2_accessories.jpg","type":"image\/jpeg"}],"twitter_card":"summary_large_image","schema":{"@context":"https:\/\/schema.org","@graph":[{"@type":"WebPage","@id":"https:\/\/ajatutaja.com\/izdelek\/dodatna-oprema-za-vozicek-mast-m2\/","url":"https:\/\/ajatutaja.com\/izdelek\/dodatna-oprema-za-vozicek-mast-m2\/","name":"MAST dodatna oprema za vozi\u010dek M2 | Ajatutaja","isPartOf":{"@id":"https:\/\/ajatutaja.com\/#website"},"primaryImageOfPage":{"@id":"https:\/\/ajatutaja.com\/izdelek\/dodatna-oprema-za-vozicek-mast-m2\/#primaryimage"},"image":{"@id":"https:\/\/ajatutaja.com\/izdelek\/dodatna-oprema-za-vozicek-mast-m2\/#primaryimage"},"thumbnailUrl":"https:\/\/ajatutaja.com\/wp-content\/uploads\/2021\/11\/m2_accessories.jpg","datePublished":"2023-08-20T09:30:58+00:00","dateModified":"2026-05-09T04:58:19+00:00","description":"MAST otro\u0161ki vozi\u010dek zadovoljuje potrebe sodobnih star\u0161ev in zdru\u017euje vse funkcionalnosti za maksimalno varnost ter udobje va\u0161ega mal\u010dka. 5.9 kg","breadcrumb":{"@id":"https:\/\/ajatutaja.com\/izdelek\/dodatna-oprema-za-vozicek-mast-m2\/#breadcrumb"},"inLanguage":"hr","potentialAction":[{"@type":"ReadAction","target":["https:\/\/ajatutaja.com\/izdelek\/dodatna-oprema-za-vozicek-mast-m2\/"]}]},{"@type":"ImageObject","inLanguage":"hr","@id":"https:\/\/ajatutaja.com\/izdelek\/dodatna-oprema-za-vozicek-mast-m2\/#primaryimage","url":"https:\/\/ajatutaja.com\/wp-content\/uploads\/2021\/11\/m2_accessories.jpg","contentUrl":"https:\/\/ajatutaja.com\/wp-content\/uploads\/2021\/11\/m2_accessories.jpg","width":600,"height":600},{"@type":"BreadcrumbList","@id":"https:\/\/ajatutaja.com\/izdelek\/dodatna-oprema-za-vozicek-mast-m2\/#breadcrumb","itemListElement":[{"@type":"ListItem","position":1,"name":"Home","item":"https:\/\/ajatutaja.com\/hr\/"},{"@type":"ListItem","position":2,"name":"Trgovina","item":"https:\/\/ajatutaja.com\/hr\/trgovina\/"},{"@type":"ListItem","position":3,"name":"MAST dodatna oprema za vozi\u010dek M2"}]},{"@type":"WebSite","@id":"https:\/\/ajatutaja.com\/#website","url":"https:\/\/ajatutaja.com\/","name":"Ajatutaja","description":"Otro\u0161ka spletna trgovina AJATUTAJA","publisher":{"@id":"https:\/\/ajatutaja.com\/#organization"},"potentialAction":[{"@type":"SearchAction","target":{"@type":"EntryPoint","urlTemplate":"https:\/\/ajatutaja.com\/?s={search_term_string}"},"query-input":{"@type":"PropertyValueSpecification","valueRequired":true,"valueName":"search_term_string"}}],"inLanguage":"hr"},{"@type":"Organization","@id":"https:\/\/ajatutaja.com\/#organization","name":"Ajatutaja","url":"https:\/\/ajatutaja.com\/","logo":{"@type":"ImageObject","inLanguage":"hr","@id":"https:\/\/ajatutaja.com\/#\/schema\/logo\/image\/","url":"https:\/\/ajatutaja.com\/wp-content\/uploads\/2021\/10\/logo.png","contentUrl":"https:\/\/ajatutaja.com\/wp-content\/uploads\/2021\/10\/logo.png","width":555,"height":150,"caption":"Ajatutaja"},"image":{"@id":"https:\/\/ajatutaja.com\/#\/schema\/logo\/image\/"}}]}},"brands":[{"id":2380,"name":"Mast","slug":"mast"},{"id":2374,"name":"Vozi\u010dki","slug":"vozicki"}],"_links":{"self":[{"href":"https:\/\/ajatutaja.com\/hr\/wp-json\/wp\/v2\/product\/18069","targetHints":{"allow":["GET"]}}],"collection":[{"href":"https:\/\/ajatutaja.com\/hr\/wp-json\/wp\/v2\/product"}],"about":[{"href":"https:\/\/ajatutaja.com\/hr\/wp-json\/wp\/v2\/types\/product"}],"wp:featuredmedia":[{"embeddable":true,"href":"https:\/\/ajatutaja.com\/hr\/wp-json\/wp\/v2\/media\/18070"}],"wp:attachment":[{"href":"https:\/\/ajatutaja.com\/hr\/wp-json\/wp\/v2\/media?parent=18069"}],"wp:term":[{"taxonomy":"pwb-brand","embeddable":true,"href":"https:\/\/ajatutaja.com\/hr\/wp-json\/wp\/v2\/pwb-brand?post=18069"},{"taxonomy":"product_brand","embeddable":true,"href":"https:\/\/ajatutaja.com\/hr\/wp-json\/wp\/v2\/product_brand?post=18069"},{"taxonomy":"product_cat","embeddable":true,"href":"https:\/\/ajatutaja.com\/hr\/wp-json\/wp\/v2\/product_cat?post=18069"},{"taxonomy":"product_tag","embeddable":true,"href":"https:\/\/ajatutaja.com\/hr\/wp-json\/wp\/v2\/product_tag?post=18069"}],"curies":[{"name":"wp","href":"https:\/\/api.w.org\/{rel}","templated":true}]}}