{"id":18051,"date":"2025-02-18T19:23:21","date_gmt":"2025-02-18T18:23:21","guid":{"rendered":"https:\/\/ajatutaja.com\/izdelek\/cache-coeur-nocne-pralne-blazinice-za-dojenje-curve-pak2\/"},"modified":"2026-04-09T14:09:35","modified_gmt":"2026-04-09T12:09:35","slug":"cache-coeur-nocne-pralne-blazinice-za-dojenje-curve-pak2","status":"publish","type":"product","link":"https:\/\/ajatutaja.com\/hr\/proizvod\/cache-coeur-nocne-pralne-blazinice-za-dojenje-curve-pak2\/","title":{"rendered":"Cache Coeur\u00ae no\u010dne pralne blazinice za dojenje Curve (pak2)"},"content":{"rendered":"<p>[vc_row][vc_column][vc_column_text]Pralne blazinice za dojenje Curve so izdelane v Franciji in so ekolo\u0161ko odgovorne, saj so pralne in zato primerne za ve\u010dkratno uporabo.<\/p>\n<p>Proti-zdrsni sistem dr\u017ei blazinice popolnoma na mestu. Blazinice so pod obla\u010dili neopazne in prijetne za no\u0161enje. Dve leti raziskav so privedle do tega kakovostnega produkta, ki je narejen iz kvalitetnih materialov z\u00a0OEKO-TEX certifikatom. Njihova edinstvena sestava materialov prepre\u010duje nastanek bakterij in neprijetnega vonja.<\/p>\n<h3>Lastnosti pralnih blazinic CURVE by Cache Coeur\u00ae:<\/h3>\n<ul>\n<li>Paket vsebuje 2 dnevni prsni blazinici<\/li>\n<li>Izjemno vpojne<\/li>\n<li>100% nepropustne<\/li>\n<li>Antibakterijske in brez neprijetnega vonja<\/li>\n<li>Ergonomsko oblikovane in zato nevidne pod obla\u010dili<\/li>\n<li>Prilagodljive in stojijo na svojem mestu<\/li>\n<li>Na voljo v dveh velikostih &#8211; dnevne in no\u010dne<\/li>\n<li>Pralne in lahko se su\u0161ijo v su\u0161ilnem stroju<\/li>\n<li>Narejeno v Franciji, z\u00a0OEKO-TEX certifikatom<\/li>\n<li>Premer: 12 cm<\/li>\n<li>Sestava: 53% poliester, 15% poliakrilat, 5% elastan<\/li>\n<\/ul>\n<p>[\/vc_column_text][\/vc_column][\/vc_row]<\/p>\n","protected":false},"excerpt":{"rendered":"<p style=\"text-align: justify\">Najkakovostnej\u0161e pralne blazinice za dojenje Cache Curve (2 kosa) so idealna izbira v \u010dasu dojenje. Blazinice so ekstremno vpojne in zaradi svoje ergonomske oblike\u00a0se prilegajo obliki materinih prsi. No\u010dne blazinice zadr\u017eijo do 80 ml teko\u010dine in zato nadvse primerne za no\u010dno spanje.<\/p>\n","protected":false},"featured_media":73528,"template":"","meta":[],"pwb-brand":[2301,2268],"product_brand":[],"product_cat":[2265,2288],"product_tag":[4066],"class_list":{"0":"post-18051","1":"product","2":"type-product","3":"status-publish","4":"has-post-thumbnail","6":"pwb-brand-cache-coeur","7":"pwb-brand-dojenje","8":"product_cat-dojenje","9":"product_cat-pripomocki-za-dojenje","10":"product_tag-cache-coeur","12":"first","13":"outofstock","14":"taxable","15":"shipping-taxable","16":"purchasable","17":"product-type-simple","18":"add-to-wishlist-before_image"},"yoast_head":"<!-- This site is optimized with the Yoast SEO plugin v27.3 - https:\/\/yoast.com\/product\/yoast-seo-wordpress\/ -->\n<title>Cache Coeur\u00ae no\u010dne pralne blazinice za dojenje Curve (pak2) | Ajatutaja<\/title>\n<meta name=\"description\" content=\"Blazinice za dojenje Curve so ekstremno vpojne in zaradi svoje ergonomske oblike se prilegajo obliki materinih prsi. Zadr\u017eijo do 80 ml teko\u010dine.\" \/>\n<meta name=\"robots\" content=\"index, follow, max-snippet:-1, max-image-preview:large, max-video-preview:-1\" \/>\n<link rel=\"canonical\" href=\"https:\/\/ajatutaja.com\/izdelek\/cache-coeur-nocne-pralne-blazinice-za-dojenje-curve-pak2\/\" \/>\n<meta property=\"og:locale\" content=\"hr_HR\" \/>\n<meta property=\"og:type\" content=\"article\" \/>\n<meta property=\"og:title\" content=\"Cache Coeur\u00ae no\u010dne pralne blazinice za dojenje Curve (pak2) | Ajatutaja\" \/>\n<meta property=\"og:description\" content=\"Blazinice za dojenje Curve so ekstremno vpojne in zaradi svoje ergonomske oblike se prilegajo obliki materinih prsi. Zadr\u017eijo do 80 ml teko\u010dine.\" \/>\n<meta property=\"og:url\" content=\"https:\/\/ajatutaja.com\/izdelek\/cache-coeur-nocne-pralne-blazinice-za-dojenje-curve-pak2\/\" \/>\n<meta property=\"og:site_name\" content=\"Ajatutaja\" \/>\n<meta property=\"article:modified_time\" content=\"2026-04-09T12:09:35+00:00\" \/>\n<meta property=\"og:image\" content=\"https:\/\/ajatutaja.com\/wp-content\/uploads\/2019\/08\/Cache-coeur-nocne-pralne-blazinice-za-dojenje-curve.png\" \/>\n\t<meta property=\"og:image:width\" content=\"800\" \/>\n\t<meta property=\"og:image:height\" content=\"800\" \/>\n\t<meta property=\"og:image:type\" content=\"image\/png\" \/>\n<meta name=\"twitter:card\" content=\"summary_large_image\" \/>\n<meta name=\"twitter:label1\" content=\"Procijenjeno vrijeme \u010ditanja\" \/>\n\t<meta name=\"twitter:data1\" content=\"1 minuta\" \/>\n<script type=\"application\/ld+json\" class=\"yoast-schema-graph\">{\"@context\":\"https:\\\/\\\/schema.org\",\"@graph\":[{\"@type\":\"WebPage\",\"@id\":\"https:\\\/\\\/ajatutaja.com\\\/izdelek\\\/cache-coeur-nocne-pralne-blazinice-za-dojenje-curve-pak2\\\/\",\"url\":\"https:\\\/\\\/ajatutaja.com\\\/izdelek\\\/cache-coeur-nocne-pralne-blazinice-za-dojenje-curve-pak2\\\/\",\"name\":\"Cache Coeur\u00ae no\u010dne pralne blazinice za dojenje Curve (pak2) | Ajatutaja\",\"isPartOf\":{\"@id\":\"https:\\\/\\\/ajatutaja.com\\\/#website\"},\"primaryImageOfPage\":{\"@id\":\"https:\\\/\\\/ajatutaja.com\\\/izdelek\\\/cache-coeur-nocne-pralne-blazinice-za-dojenje-curve-pak2\\\/#primaryimage\"},\"image\":{\"@id\":\"https:\\\/\\\/ajatutaja.com\\\/izdelek\\\/cache-coeur-nocne-pralne-blazinice-za-dojenje-curve-pak2\\\/#primaryimage\"},\"thumbnailUrl\":\"https:\\\/\\\/ajatutaja.com\\\/wp-content\\\/uploads\\\/2019\\\/08\\\/Cache-coeur-nocne-pralne-blazinice-za-dojenje-curve.png\",\"datePublished\":\"2025-02-18T18:23:21+00:00\",\"dateModified\":\"2026-04-09T12:09:35+00:00\",\"description\":\"Blazinice za dojenje Curve so ekstremno vpojne in zaradi svoje ergonomske oblike se prilegajo obliki materinih prsi. Zadr\u017eijo do 80 ml teko\u010dine.\",\"breadcrumb\":{\"@id\":\"https:\\\/\\\/ajatutaja.com\\\/izdelek\\\/cache-coeur-nocne-pralne-blazinice-za-dojenje-curve-pak2\\\/#breadcrumb\"},\"inLanguage\":\"hr\",\"potentialAction\":[{\"@type\":\"ReadAction\",\"target\":[\"https:\\\/\\\/ajatutaja.com\\\/izdelek\\\/cache-coeur-nocne-pralne-blazinice-za-dojenje-curve-pak2\\\/\"]}]},{\"@type\":\"ImageObject\",\"inLanguage\":\"hr\",\"@id\":\"https:\\\/\\\/ajatutaja.com\\\/izdelek\\\/cache-coeur-nocne-pralne-blazinice-za-dojenje-curve-pak2\\\/#primaryimage\",\"url\":\"https:\\\/\\\/ajatutaja.com\\\/wp-content\\\/uploads\\\/2019\\\/08\\\/Cache-coeur-nocne-pralne-blazinice-za-dojenje-curve.png\",\"contentUrl\":\"https:\\\/\\\/ajatutaja.com\\\/wp-content\\\/uploads\\\/2019\\\/08\\\/Cache-coeur-nocne-pralne-blazinice-za-dojenje-curve.png\",\"width\":800,\"height\":800},{\"@type\":\"BreadcrumbList\",\"@id\":\"https:\\\/\\\/ajatutaja.com\\\/izdelek\\\/cache-coeur-nocne-pralne-blazinice-za-dojenje-curve-pak2\\\/#breadcrumb\",\"itemListElement\":[{\"@type\":\"ListItem\",\"position\":1,\"name\":\"Home\",\"item\":\"https:\\\/\\\/ajatutaja.com\\\/hr\\\/\"},{\"@type\":\"ListItem\",\"position\":2,\"name\":\"Trgovina\",\"item\":\"https:\\\/\\\/ajatutaja.com\\\/hr\\\/trgovina\\\/\"},{\"@type\":\"ListItem\",\"position\":3,\"name\":\"Cache Coeur\u00ae no\u010dne pralne blazinice za dojenje Curve (pak2)\"}]},{\"@type\":\"WebSite\",\"@id\":\"https:\\\/\\\/ajatutaja.com\\\/#website\",\"url\":\"https:\\\/\\\/ajatutaja.com\\\/\",\"name\":\"Ajatutaja\",\"description\":\"Otro\u0161ka spletna trgovina AJATUTAJA\",\"publisher\":{\"@id\":\"https:\\\/\\\/ajatutaja.com\\\/#organization\"},\"potentialAction\":[{\"@type\":\"SearchAction\",\"target\":{\"@type\":\"EntryPoint\",\"urlTemplate\":\"https:\\\/\\\/ajatutaja.com\\\/?s={search_term_string}\"},\"query-input\":{\"@type\":\"PropertyValueSpecification\",\"valueRequired\":true,\"valueName\":\"search_term_string\"}}],\"inLanguage\":\"hr\"},{\"@type\":\"Organization\",\"@id\":\"https:\\\/\\\/ajatutaja.com\\\/#organization\",\"name\":\"Ajatutaja\",\"url\":\"https:\\\/\\\/ajatutaja.com\\\/\",\"logo\":{\"@type\":\"ImageObject\",\"inLanguage\":\"hr\",\"@id\":\"https:\\\/\\\/ajatutaja.com\\\/#\\\/schema\\\/logo\\\/image\\\/\",\"url\":\"https:\\\/\\\/ajatutaja.com\\\/wp-content\\\/uploads\\\/2021\\\/10\\\/logo.png\",\"contentUrl\":\"https:\\\/\\\/ajatutaja.com\\\/wp-content\\\/uploads\\\/2021\\\/10\\\/logo.png\",\"width\":555,\"height\":150,\"caption\":\"Ajatutaja\"},\"image\":{\"@id\":\"https:\\\/\\\/ajatutaja.com\\\/#\\\/schema\\\/logo\\\/image\\\/\"}}]}<\/script>\n<!-- \/ Yoast SEO plugin. -->","yoast_head_json":{"title":"Cache Coeur\u00ae no\u010dne pralne blazinice za dojenje Curve (pak2) | Ajatutaja","description":"Blazinice za dojenje Curve so ekstremno vpojne in zaradi svoje ergonomske oblike se prilegajo obliki materinih prsi. Zadr\u017eijo do 80 ml teko\u010dine.","robots":{"index":"index","follow":"follow","max-snippet":"max-snippet:-1","max-image-preview":"max-image-preview:large","max-video-preview":"max-video-preview:-1"},"canonical":"https:\/\/ajatutaja.com\/izdelek\/cache-coeur-nocne-pralne-blazinice-za-dojenje-curve-pak2\/","og_locale":"hr_HR","og_type":"article","og_title":"Cache Coeur\u00ae no\u010dne pralne blazinice za dojenje Curve (pak2) | Ajatutaja","og_description":"Blazinice za dojenje Curve so ekstremno vpojne in zaradi svoje ergonomske oblike se prilegajo obliki materinih prsi. Zadr\u017eijo do 80 ml teko\u010dine.","og_url":"https:\/\/ajatutaja.com\/izdelek\/cache-coeur-nocne-pralne-blazinice-za-dojenje-curve-pak2\/","og_site_name":"Ajatutaja","article_modified_time":"2026-04-09T12:09:35+00:00","og_image":[{"width":800,"height":800,"url":"https:\/\/ajatutaja.com\/wp-content\/uploads\/2019\/08\/Cache-coeur-nocne-pralne-blazinice-za-dojenje-curve.png","type":"image\/png"}],"twitter_card":"summary_large_image","twitter_misc":{"Procijenjeno vrijeme \u010ditanja":"1 minuta"},"schema":{"@context":"https:\/\/schema.org","@graph":[{"@type":"WebPage","@id":"https:\/\/ajatutaja.com\/izdelek\/cache-coeur-nocne-pralne-blazinice-za-dojenje-curve-pak2\/","url":"https:\/\/ajatutaja.com\/izdelek\/cache-coeur-nocne-pralne-blazinice-za-dojenje-curve-pak2\/","name":"Cache Coeur\u00ae no\u010dne pralne blazinice za dojenje Curve (pak2) | Ajatutaja","isPartOf":{"@id":"https:\/\/ajatutaja.com\/#website"},"primaryImageOfPage":{"@id":"https:\/\/ajatutaja.com\/izdelek\/cache-coeur-nocne-pralne-blazinice-za-dojenje-curve-pak2\/#primaryimage"},"image":{"@id":"https:\/\/ajatutaja.com\/izdelek\/cache-coeur-nocne-pralne-blazinice-za-dojenje-curve-pak2\/#primaryimage"},"thumbnailUrl":"https:\/\/ajatutaja.com\/wp-content\/uploads\/2019\/08\/Cache-coeur-nocne-pralne-blazinice-za-dojenje-curve.png","datePublished":"2025-02-18T18:23:21+00:00","dateModified":"2026-04-09T12:09:35+00:00","description":"Blazinice za dojenje Curve so ekstremno vpojne in zaradi svoje ergonomske oblike se prilegajo obliki materinih prsi. Zadr\u017eijo do 80 ml teko\u010dine.","breadcrumb":{"@id":"https:\/\/ajatutaja.com\/izdelek\/cache-coeur-nocne-pralne-blazinice-za-dojenje-curve-pak2\/#breadcrumb"},"inLanguage":"hr","potentialAction":[{"@type":"ReadAction","target":["https:\/\/ajatutaja.com\/izdelek\/cache-coeur-nocne-pralne-blazinice-za-dojenje-curve-pak2\/"]}]},{"@type":"ImageObject","inLanguage":"hr","@id":"https:\/\/ajatutaja.com\/izdelek\/cache-coeur-nocne-pralne-blazinice-za-dojenje-curve-pak2\/#primaryimage","url":"https:\/\/ajatutaja.com\/wp-content\/uploads\/2019\/08\/Cache-coeur-nocne-pralne-blazinice-za-dojenje-curve.png","contentUrl":"https:\/\/ajatutaja.com\/wp-content\/uploads\/2019\/08\/Cache-coeur-nocne-pralne-blazinice-za-dojenje-curve.png","width":800,"height":800},{"@type":"BreadcrumbList","@id":"https:\/\/ajatutaja.com\/izdelek\/cache-coeur-nocne-pralne-blazinice-za-dojenje-curve-pak2\/#breadcrumb","itemListElement":[{"@type":"ListItem","position":1,"name":"Home","item":"https:\/\/ajatutaja.com\/hr\/"},{"@type":"ListItem","position":2,"name":"Trgovina","item":"https:\/\/ajatutaja.com\/hr\/trgovina\/"},{"@type":"ListItem","position":3,"name":"Cache Coeur\u00ae no\u010dne pralne blazinice za dojenje Curve (pak2)"}]},{"@type":"WebSite","@id":"https:\/\/ajatutaja.com\/#website","url":"https:\/\/ajatutaja.com\/","name":"Ajatutaja","description":"Otro\u0161ka spletna trgovina AJATUTAJA","publisher":{"@id":"https:\/\/ajatutaja.com\/#organization"},"potentialAction":[{"@type":"SearchAction","target":{"@type":"EntryPoint","urlTemplate":"https:\/\/ajatutaja.com\/?s={search_term_string}"},"query-input":{"@type":"PropertyValueSpecification","valueRequired":true,"valueName":"search_term_string"}}],"inLanguage":"hr"},{"@type":"Organization","@id":"https:\/\/ajatutaja.com\/#organization","name":"Ajatutaja","url":"https:\/\/ajatutaja.com\/","logo":{"@type":"ImageObject","inLanguage":"hr","@id":"https:\/\/ajatutaja.com\/#\/schema\/logo\/image\/","url":"https:\/\/ajatutaja.com\/wp-content\/uploads\/2021\/10\/logo.png","contentUrl":"https:\/\/ajatutaja.com\/wp-content\/uploads\/2021\/10\/logo.png","width":555,"height":150,"caption":"Ajatutaja"},"image":{"@id":"https:\/\/ajatutaja.com\/#\/schema\/logo\/image\/"}}]}},"brands":[{"id":2301,"name":"Cache Coeur","slug":"cache-coeur"},{"id":2268,"name":"Dojenje","slug":"dojenje"}],"_links":{"self":[{"href":"https:\/\/ajatutaja.com\/hr\/wp-json\/wp\/v2\/product\/18051","targetHints":{"allow":["GET"]}}],"collection":[{"href":"https:\/\/ajatutaja.com\/hr\/wp-json\/wp\/v2\/product"}],"about":[{"href":"https:\/\/ajatutaja.com\/hr\/wp-json\/wp\/v2\/types\/product"}],"wp:featuredmedia":[{"embeddable":true,"href":"https:\/\/ajatutaja.com\/hr\/wp-json\/wp\/v2\/media\/73528"}],"wp:attachment":[{"href":"https:\/\/ajatutaja.com\/hr\/wp-json\/wp\/v2\/media?parent=18051"}],"wp:term":[{"taxonomy":"pwb-brand","embeddable":true,"href":"https:\/\/ajatutaja.com\/hr\/wp-json\/wp\/v2\/pwb-brand?post=18051"},{"taxonomy":"product_brand","embeddable":true,"href":"https:\/\/ajatutaja.com\/hr\/wp-json\/wp\/v2\/product_brand?post=18051"},{"taxonomy":"product_cat","embeddable":true,"href":"https:\/\/ajatutaja.com\/hr\/wp-json\/wp\/v2\/product_cat?post=18051"},{"taxonomy":"product_tag","embeddable":true,"href":"https:\/\/ajatutaja.com\/hr\/wp-json\/wp\/v2\/product_tag?post=18051"}],"curies":[{"name":"wp","href":"https:\/\/api.w.org\/{rel}","templated":true}]}}